{"id":12060,"date":"2019-02-17T22:07:00","date_gmt":"2019-02-17T22:07:00","guid":{"rendered":"https:\/\/centrobebe.es\/?page_id=12060"},"modified":"2023-08-28T17:58:44","modified_gmt":"2023-08-28T17:58:44","slug":"envios-y-devoluciones","status":"publish","type":"page","link":"https:\/\/centrobebe.es\/en\/envios-y-devoluciones\/","title":{"rendered":"Env\u00edos y Devoluciones"},"content":{"rendered":"\t\t<div data-elementor-type=\"wp-post\" data-elementor-id=\"12060\" class=\"elementor elementor-12060\">\n\t\t\t\t\t\t<section class=\"elementor-section elementor-top-section elementor-element elementor-element-7954d495 elementor-section-boxed elementor-section-height-default elementor-section-height-default\" data-id=\"7954d495\" data-element_type=\"section\">\n\t\t\t\t\t\t<div class=\"elementor-container elementor-column-gap-default\">\n\t\t\t\t\t<div class=\"elementor-column elementor-col-100 elementor-top-column elementor-element elementor-element-70604ce8\" data-id=\"70604ce8\" data-element_type=\"column\">\n\t\t\t<div class=\"elementor-widget-wrap elementor-element-populated\">\n\t\t\t\t\t\t<div class=\"elementor-element elementor-element-69fe524d elementor-widget elementor-widget-text-editor\" data-id=\"69fe524d\" data-element_type=\"widget\" data-widget_type=\"text-editor.default\">\n\t\t\t\t<div class=\"elementor-widget-container\">\n\t\t\t\t\t\t\t\t\t<h1><strong>Pol\u00edtica de env\u00edos y devoluciones<\/strong><\/h1><h2>1. Env\u00edo y devoluciones<\/h2><h3><u>1.1. Gastos de env\u00edo<\/u><\/h3><p>El transporte ser\u00e1 GRATUITO para pedidos superiores a 100,00 \u20ac, siendo el coste del mismo para pedidos inferiores a dicha cantidad de 6,95 \u20ac (IVA incluido). Para el env\u00edo a las Islas Baleares el transporte tiene un coste de 20\u20ac en concepto de colaboraci\u00f3n en los gastos de env\u00edo con un plazo de entrega de 72 horas.<\/p><table><tbody><tr><td width=\"275\"><p>Destino<\/p><\/td><td width=\"330\"><p>Costes<\/p><\/td><\/tr><tr><td width=\"275\"><p>Espa\u00f1a Peninsular y Portugal<\/p><\/td><td width=\"330\"><p><strong>El coste para pedidos inferiores a 100,00\u20ac es de 6,95\u20ac (IVA incluido).<\/strong><\/p><\/td><\/tr><tr><td width=\"275\"><p>Baleares<\/p><\/td><td width=\"330\"><p>Por lo general el transporte tiene un coste de 20\u20ac en concepto de colaboraci\u00f3n en los gastos de env\u00edo. <strong>(Para paquetes voluminosos se valorar\u00e1 el envio.)<\/strong><\/p><\/td><\/tr><\/tbody><\/table><p>No realizamos env\u00edos a Canarias, Ceuta y Melilla, perdonen las molestias.<\/p><h3><u>1.2. Portes gratis<\/u><\/h3><p>Si el importe del pedido supera los <strong>100,00\u20ac<\/strong> y la direcci\u00f3n de env\u00edo es de Pen\u00ednsula (Espa\u00f1a y Portugal), el Comprador podr\u00e1 beneficiarse de <strong>gastos de env\u00edo gratis<\/strong>.<\/p><h3><u>1.3. Seguimiento del pedido<\/u><\/h3><p>En Centrobeb\u00e9 asignamos a cada pedido un <strong>n\u00famero de seguimiento<\/strong> que le enviaremos cuando realicemos el env\u00edo con el cual sabr\u00e1 en cada momento en que fase de la entrega se encuentra.<\/p><h3><span style=\"text-decoration: underline;\">1.4. Entrega<\/span><\/h3><p>Una vez realizado el pedido, nuestro personal le comunicar\u00e1 la fecha prevista de entrega.<\/p><p>La entrega del pedido se realizar\u00e1 en el domicilio indicado al efectuar la compra, <strong>una vez confirmada la disponibilidad,<\/strong> en un plazo de entre 24\/72 horas laborables con un plazo m\u00e1ximo de entrega de\u00a0 72horas (excepto en periodos de promociones especiales, ver m\u00e1s abajo) desde la salida de nuestro almac\u00e9n, no contabilizando para ello los s\u00e1bados, domingos y festivos, tanto nacionales como locales.<\/p><p><strong>ATENCI\u00d3N: Con motivo del BLACK FRIDAY, es posible que los pedidos tarden un poco m\u00e1s en procesarse. Por favor, es necesario tener en cuenta que los pedidos realizados entre el 15\/11 y el 30\/11 pueden tener hasta 6 d\u00edas laborables de proceso. Muchas gracias por tu comprensi\u00f3n. <\/strong><\/p><p><strong>Asimismo, se deber\u00e1n tener en cuenta los d\u00edas festivos locales, auton\u00f3micos y nacionales ya que al ser no laborables, los plazos aumentan 24 horas.<\/strong><\/p><table><tbody><tr><td width=\"302\"><p>1 de noviembre<\/p><\/td><td width=\"303\"><p>D\u00eda de Todos los Santos<\/p><\/td><\/tr><tr><td width=\"302\"><p>6 de diciembre<\/p><\/td><td width=\"303\"><p>D\u00eda de la Constituci\u00f3n<\/p><\/td><\/tr><tr><td width=\"302\"><p>8 de diciembre<\/p><\/td><td width=\"303\"><p>Inmaculada Concepci\u00f3n<\/p><\/td><\/tr><tr><td width=\"302\"><p>25 de diciembre<\/p><\/td><td width=\"303\"><p>Navidad<\/p><\/td><\/tr><\/tbody><\/table><p>Los productos se enviar\u00e1n acompa\u00f1ados normalmente de la factura de compra, excepto aquellos pedidos que se env\u00eden directamente desde el proveedor, entonces se enviar\u00e1 por email.<\/p><p><span style=\"text-decoration: underline;\"><strong>Con el fin de optimizar la entrega, Centrobeb\u00e9 agradecer\u00e1 al Comprador que indique una direcci\u00f3n en la cual el pedido pueda ser entregado dentro del horario laboral habitual y a una persona de total confianza.<\/strong><\/span><\/p><p>En el caso de que los productos no est\u00e9n disponibles en stock el cliente podr\u00e1 anular su Orden de Compra si lo desea. En caso que uno o varios de los productos de la Orden de Compra, no puedan estar disponibles por causas de fuerza mayor, Centrobeb\u00e9 podr\u00e1 anular el pedido previa comunicaci\u00f3n al cliente y devoluci\u00f3n del importe en caso de haber sido pagado.<\/p><p>Centrobeb\u00e9 s\u00f3lo trabaja con <strong>empresas de mensajer\u00eda y transportes especializadas<\/strong>. En caso de ausencia, el mensajero pasar\u00e1 una segunda vez para asegurarse de entregar el pedido en el plazo establecido. De no ser posible, el mismo se pondr\u00e1 en contacto con el Comprador, a trav\u00e9s del n\u00famero de tel\u00e9fono facilitado.<\/p><p>Una vez que su pedido ha salido de los almacenes de Centrobeb\u00e9, se encuentra en manos de la empresa de transporte por lo tanto Centrobeb\u00e9 no controla el pedido. Si tuviera cualquier duda o consulta y su paquete ya ha salido de nuestros almacenes, por favor contacte directamente a la empresa de transportes elegida, en todo caso si tiene alg\u00fan problema estamos a su disposici\u00f3n para solucionarlo.<\/p><p><span style=\"text-decoration: underline;\"><strong>El Comprador es responsable de la veracidad y correcci\u00f3n de sus datos de direcci\u00f3n aportados. En caso de que exista un error en la direcci\u00f3n (en todo o en parte) y se requiera un segundo env\u00edo, el Comprador se har\u00e1 responsable del coste de env\u00edo en que pudiera incurrir.<\/strong><\/span><\/p><h3><span style=\"text-decoration: underline;\">1.5. Garant\u00eda y reclamaciones<\/span><\/h3><p>Todos los productos ofertados son productos originales de la marca, con certificado de garant\u00eda de f\u00e1brica y en principio sin defecto alguno.<\/p><p>Ante cualquier defecto o falta de conformidad, el consumidor puede optar entre la reparaci\u00f3n o sustituci\u00f3n del producto afectado, salvo que esto \u00faltimo fuese imposible o desproporcionado, y en aquellos casos previstos en la Ley, a la rebaja del precio o a la resoluci\u00f3n del contrato. Cuenta para ello con un plazo de dos meses desde que tenga conocimiento de la no conformidad. Centrobeb\u00e9 responde de las faltas de conformidad que se manifiestan en un plazo de dos a\u00f1os desde la entrega. Se presume que las faltas de conformidad que se manifiesten en los seis meses posteriores a la entrega ya exist\u00edan cuando el producto se entreg\u00f3, transcurridos los seis meses ser\u00e1 el consumidor el que tenga que demostrar que la falta de conformidad exist\u00eda en el momento de la entrega del bien.<\/p><p>En caso de devoluci\u00f3n por env\u00edo err\u00f3neo ser\u00e1 necesaria la entrega del producto recibido en id\u00e9nticas condiciones a aqu\u00e9llas en que fue entregado, con todos sus envoltorios y accesorios, siempre y cuando ello, permita realizar todas las comprobaciones y manipulaciones necesarias para determinar la naturaleza del producto. Ser\u00e1 responsable el Comprador de la disminuci\u00f3n del valor del art\u00edculo cuando hubiere llevado a cabo una manipulaci\u00f3n distinta a la necesaria para establecer sus caracter\u00edsticas y funcionamiento.<\/p><p>En caso de resoluci\u00f3n del contrato, la devoluci\u00f3n del importe ser\u00e1 realizada seg\u00fan la forma en la que el usuario hubiera abonado inicialmente la compra y siempre que se cumpla con los requisitos anteriormente indicados.<\/p><p>En los supuestos previstos en este apartado, ser\u00e1 Centrobeb\u00e9 qui\u00e9n se har\u00e1 cargo de los gastos de env\u00edo o devoluci\u00f3n del producto. El plazo de la devoluci\u00f3n ser\u00e1 el establecido por la normativa vigente.<\/p><h3><span style=\"text-decoration: underline;\">1.6. <strong>Atenci\u00f3n al Cliente<\/strong><\/span><\/h3><p>Para cualquier tipo de consulta relacionada con nuestros productos o servicios, aportar sugerencias, etc. puede contactar con nosotros mediante el <strong>tel\u00e9fono <\/strong><strong>957 600 377<\/strong><strong> o mediante la direcci\u00f3n de correo electr\u00f3nico <\/strong><a href=\"mailto:info@centrobebe.es\">info@centrobebe.es<\/a><\/p><p>Nuestro equipo le responder\u00e1 a la mayor brevedad posible.<\/p><h2>2. Derecho de desistimiento<\/h2><p>Conforme a lo dispuesto en el art\u00edculo 103 c) de la Ley General para la Defensa de los Consumidores y Usuarios, no puede desistirse del suministro de bienes confeccionados conforme a las especificaciones del consumidor y usuario o claramente personalizados.<\/p><p>Asimismo, seg\u00fan el art\u00edculo 103 e) de la misma norma, tampoco puede desistirse del suministro de bienes precintados que no sean aptos para ser devueltos por razones de protecci\u00f3n de la salud o de higiene y que hayan sido desprecintados tras la entrega, lo cual significa que determinados productos, una vez abiertos, no podr\u00e1n devolverse. Este hecho se indicar\u00e1 en la ficha de cada producto afectado por esta limitaci\u00f3n.<\/p><p>En caso de que no se haya personalizado, no se haya desprecintado el producto o se trate de un producto que no quepan en las excepciones previstas en la Ley General para la Defensa de los Consumidores y Usuarios, conforme a la ley usted cuenta con un plazo de catorce (14) d\u00edas a partir de la fecha de recepci\u00f3n de los productos, para ejercer su derecho de retractaci\u00f3n sin tener que justificar los motivos ni pagar penalidades a excepci\u00f3n de los gastos de devoluci\u00f3n, siempre y cuando tenga la consideraci\u00f3n de Consumidor y Usuario.<\/p><p>Todos los art\u00edculos deber\u00e1n ser devueltos en id\u00e9nticas condiciones a aqu\u00e9llas en que fueron entregados, con todos sus envoltorios y accesorios, siempre y cuando ello, permita realizar todas las comprobaciones y manipulaciones necesarias para determinar las caracter\u00edsticas y funcionalidades de los productos. Ser\u00e1 responsable el Comprador de la disminuci\u00f3n del valor de los art\u00edculos cuando hubiere llevado a cabo una manipulaci\u00f3n distinta a la necesaria para establecer las caracter\u00edsticas y funcionamiento de los productos que hubiera adquirido.<\/p><p><strong>Aconsejamos guardar el embalaje y toda la documentaci\u00f3n hasta que se asegure de que se ajusta a su necesidad y a su correcto estado y funcionamiento.<\/strong><\/p><p>Tal y como se ha indicado, Centrobeb\u00e9 no admitir\u00e1 la devoluci\u00f3n del producto cuando no sea aplicable un derecho de desistimiento, conforme a lo indicado en la ficha de cada producto.<\/p><p>Una vez recibamos la mercanc\u00eda en nuestro almac\u00e9n, y previa comprobaci\u00f3n del estado de la misma, se proceder\u00e1 al reintegro de su importe conforme a la modalidad de pago realizada por el Comprador en un plazo m\u00e1ximo de 14 d\u00edas desde que recibimos\u00a0la notificaci\u00f3n de desistimiento. Los gastos de devoluci\u00f3n no ser\u00e1n reembolsados en ning\u00fan caso.<\/p><p>EN NING\u00daN CASO SE REALIZAR\u00c1 LA DEVOLUCI\u00d3N SI EL PRODUCTO HA SIDO USADO y ,por ello, conlleve la imposibilidad de la venta como art\u00edculo nuevo, en este sentido ser\u00e1n excepciones igualmente al derecho de desentimiento los siguiente art\u00edculos:<\/p><p>A-\u00a0 <strong>Cochecitos de beb\u00e9s y sillas de paseo<\/strong>\u00a0que hayan pisado calle o tengan visualmente un desgaste o deterioro de ruedas o manchas en partes textiles o rozaduras en partes de pl\u00e1stico o met\u00e1licas.<\/p><p>B-\u00a0<strong>Los dispositivos de retenci\u00f3n infantil<\/strong>\u00a0son producto &#8216;de un s\u00f3lo uso&#8217;, cuyos materiales y estructura interna pueden deformarse internamente para proteger la vida del ni\u00f1o en el primer impacto o frenazo brusco. Por ese motivo las sillas de auto quedan\u00a0<strong>catalogadas en la excepci\u00f3n del art\u00edculo 103 de la Ley General para la Defensa de los Consumidores y Usuarios.<\/strong><\/p><p>\u00a0 \u00a0 \u00a0 \u00a0 \u00a0 \u00a0Una vez se retiran las etiquetas que acompa\u00f1an la silla o se prueban en un veh\u00edculo en marcha, nosotros como tienda no podemos dar fe del uso que haya tenido ese producto y este no se puede volver a comercializarse con garant\u00edas.<\/p><p>\u00a0 \u00a0 \u00a0 \u00a0 \u00a0 \u00a0 Por ese motivo el derecho de desistimiento aplica \u00fanicamente sobre aquellos dispositivos de retenci\u00f3n infantil que retornen con las etiquetas intactas cosidas al producto, sin haber sido arrancadas.\u00a0<\/p><p>C- Los\u00a0<strong>art\u00edculos de Madera (fr\u00e1giles)<\/strong>\u00a0como cunas, c\u00f3modas, armarios,&#8230; tienen un trato especial. Cuando el art\u00edculo est\u00e9 en perfecto estado y precintado por la marca, el cliente ser\u00e1 el encargado de realizar el env\u00edo del producto y ser responsable de su correcta llegada a nuestros almacenes.<\/p><p>Los gastos de env\u00edo en las devoluciones (salvo entregas defectuosas) ser\u00e1n a cargo del cliente (portes ida y vuelta, si se ha beneficiado de entrega con env\u00edo gratuito), el importe del transporte ser\u00e1 el real valorado seg\u00fan las tarifas vigentes de la agencia.<\/p><p>El sobrecoste de los gastos de gesti\u00f3n de la devoluci\u00f3n que, en su caso, se produzcan, ser\u00e1n abonados por parte del usuario de forma previa, siempre y cuando el producto fuera devuelto por medio distinto del se\u00f1alado por Centrobeb\u00e9.<\/p><p>El Comprador tambi\u00e9n podr\u00e1 comunicar a Centrobeb\u00e9 su voluntad de desistir mediante modelo que a continuaci\u00f3n se facilita:<\/p><table><tbody><tr><td width=\"605\"><p><strong>Modelo de formulario de desistimiento<\/strong><\/p><p>(So\u0301lo debe cumplimentar y enviar el presente formulario si desea desistir del contrato)<\/p><p>A la atencio\u0301n de \u00c1ngel Enrique Redondo Cabello, NIF 80136850C, domicilio en Puente Genil (C\u00f3rdoba), Calle Historiador Antonio Aguilar y Cano, 7, y direccio\u0301n de correo electro\u0301nico \u00a0<a href=\"mailto:info@centrobebe.es\">info@centrobebe.es<\/a>:<\/p><p>Por la presente le comunico que desisto de mi contrato de venta del siguiente bien [definir producto], recibido el [insertar fecha de recepci\u00f3n del pedido].<\/p><p>Nombre y apellidos: ______________________________<\/p><p>Domicilio: ______________________________________<\/p><p>Fecha: __\/__\/____<\/p><p>Firma:<\/p><\/td><\/tr><\/tbody><\/table>\t\t\t\t\t\t\t\t<\/div>\n\t\t\t\t<\/div>\n\t\t\t\t\t<\/div>\n\t\t<\/div>\n\t\t\t\t\t<\/div>\n\t\t<\/section>\n\t\t\t\t<\/div>\n\t\t","protected":false},"excerpt":{"rendered":"<p>Pol\u00edtica de env\u00edos y devoluciones 1. Env\u00edo y devoluciones 1.1. Gastos de env\u00edo El transporte ser\u00e1 GRATUITO para pedidos superiores a 100,00 \u20ac, siendo el coste del mismo para pedidos inferiores a dicha cantidad de 6,95 \u20ac (IVA incluido). Para el env\u00edo a las Islas Baleares el transporte tiene un coste de 20\u20ac en concepto de colaboraci\u00f3n en los gastos de env\u00edo con un plazo de entrega de 72 horas. Destino Costes Espa\u00f1a Peninsular y Portugal El coste para pedidos inferiores a 100,00\u20ac es&hellip;<\/p>","protected":false},"author":2,"featured_media":0,"parent":0,"menu_order":0,"comment_status":"closed","ping_status":"closed","template":"page-templates\/full-width.php","meta":{"footnotes":""},"class_list":["post-12060","page","type-page","status-publish","hentry"],"yoast_head":"<!-- This site is optimized with the Yoast SEO plugin v26.9 - https:\/\/yoast.com\/product\/yoast-seo-wordpress\/ -->\n<title>Env\u00edos y Devoluciones - Centrobeb\u00e9<\/title>\n<meta name=\"robots\" content=\"index, follow, max-snippet:-1, max-image-preview:large, max-video-preview:-1\" \/>\n<link rel=\"canonical\" href=\"https:\/\/centrobebe.es\/en\/envios-y-devoluciones\/\" \/>\n<meta property=\"og:locale\" content=\"en_GB\" \/>\n<meta property=\"og:type\" content=\"article\" \/>\n<meta property=\"og:title\" content=\"Env\u00edos y Devoluciones - Centrobeb\u00e9\" \/>\n<meta property=\"og:description\" content=\"Pol\u00edtica de env\u00edos y devoluciones 1. Env\u00edo y devoluciones 1.1. Gastos de env\u00edo El transporte ser\u00e1 GRATUITO para pedidos superiores a 100,00 \u20ac, siendo el coste del mismo para pedidos inferiores a dicha cantidad de 6,95 \u20ac (IVA incluido). Para el env\u00edo a las Islas Baleares el transporte tiene un coste de 20\u20ac en concepto de colaboraci\u00f3n en los gastos de env\u00edo con un plazo de entrega de 72 horas. Destino Costes Espa\u00f1a Peninsular y Portugal El coste para pedidos inferiores a 100,00\u20ac es&hellip;\" \/>\n<meta property=\"og:url\" content=\"https:\/\/centrobebe.es\/en\/envios-y-devoluciones\/\" \/>\n<meta property=\"og:site_name\" content=\"Centrobeb\u00e9\" \/>\n<meta property=\"article:publisher\" content=\"https:\/\/www.facebook.com\/centrobebe\/\" \/>\n<meta property=\"article:modified_time\" content=\"2023-08-28T17:58:44+00:00\" \/>\n<meta name=\"twitter:card\" content=\"summary_large_image\" \/>\n<meta name=\"twitter:site\" content=\"@centrobebe\" \/>\n<meta name=\"twitter:label1\" content=\"Estimated reading time\" \/>\n\t<meta name=\"twitter:data1\" content=\"9 minutes\" \/>\n<script type=\"application\/ld+json\" class=\"yoast-schema-graph\">{\"@context\":\"https:\/\/schema.org\",\"@graph\":[{\"@type\":\"WebPage\",\"@id\":\"https:\/\/centrobebe.es\/envios-y-devoluciones\/\",\"url\":\"https:\/\/centrobebe.es\/envios-y-devoluciones\/\",\"name\":\"Env\u00edos y Devoluciones - Centrobeb\u00e9\",\"isPartOf\":{\"@id\":\"https:\/\/centrobebe.es\/#website\"},\"datePublished\":\"2019-02-17T22:07:00+00:00\",\"dateModified\":\"2023-08-28T17:58:44+00:00\",\"breadcrumb\":{\"@id\":\"https:\/\/centrobebe.es\/envios-y-devoluciones\/#breadcrumb\"},\"inLanguage\":\"en-GB\",\"potentialAction\":[{\"@type\":\"ReadAction\",\"target\":[\"https:\/\/centrobebe.es\/envios-y-devoluciones\/\"]}]},{\"@type\":\"BreadcrumbList\",\"@id\":\"https:\/\/centrobebe.es\/envios-y-devoluciones\/#breadcrumb\",\"itemListElement\":[{\"@type\":\"ListItem\",\"position\":1,\"name\":\"Portada\",\"item\":\"https:\/\/centrobebe.es\/\"},{\"@type\":\"ListItem\",\"position\":2,\"name\":\"Env\u00edos y Devoluciones\"}]},{\"@type\":\"WebSite\",\"@id\":\"https:\/\/centrobebe.es\/#website\",\"url\":\"https:\/\/centrobebe.es\/\",\"name\":\"Centrobeb\u00e9\",\"description\":\"Tienda de bebe online | Todo lo que tu bebe necesita\",\"publisher\":{\"@id\":\"https:\/\/centrobebe.es\/#organization\"},\"alternateName\":\"Centrobeb\u00e9\",\"potentialAction\":[{\"@type\":\"SearchAction\",\"target\":{\"@type\":\"EntryPoint\",\"urlTemplate\":\"https:\/\/centrobebe.es\/?s={search_term_string}\"},\"query-input\":{\"@type\":\"PropertyValueSpecification\",\"valueRequired\":true,\"valueName\":\"search_term_string\"}}],\"inLanguage\":\"en-GB\"},{\"@type\":\"Organization\",\"@id\":\"https:\/\/centrobebe.es\/#organization\",\"name\":\"Centrobebe\",\"alternateName\":\"Centrobebe\",\"url\":\"https:\/\/centrobebe.es\/\",\"logo\":{\"@type\":\"ImageObject\",\"inLanguage\":\"en-GB\",\"@id\":\"https:\/\/centrobebe.es\/#\/schema\/logo\/image\/\",\"url\":\"https:\/\/centrobebe.es\/wp-content\/uploads\/2018\/06\/icono3-e1557940133982.png\",\"contentUrl\":\"https:\/\/centrobebe.es\/wp-content\/uploads\/2018\/06\/icono3-e1557940133982.png\",\"width\":34,\"height\":29,\"caption\":\"Centrobebe\"},\"image\":{\"@id\":\"https:\/\/centrobebe.es\/#\/schema\/logo\/image\/\"},\"sameAs\":[\"https:\/\/www.facebook.com\/centrobebe\/\",\"https:\/\/x.com\/centrobebe\",\"https:\/\/www.instagram.com\/centrobebe.es\/\",\"https:\/\/www.youtube.com\/channel\/UCVU-jcFuwntnxOhxvSbf3hg\"]}]}<\/script>\n<!-- \/ Yoast SEO plugin. -->","yoast_head_json":{"title":"Env\u00edos y Devoluciones - Centrobeb\u00e9","robots":{"index":"index","follow":"follow","max-snippet":"max-snippet:-1","max-image-preview":"max-image-preview:large","max-video-preview":"max-video-preview:-1"},"canonical":"https:\/\/centrobebe.es\/en\/envios-y-devoluciones\/","og_locale":"en_GB","og_type":"article","og_title":"Env\u00edos y Devoluciones - Centrobeb\u00e9","og_description":"Pol\u00edtica de env\u00edos y devoluciones 1. Env\u00edo y devoluciones 1.1. Gastos de env\u00edo El transporte ser\u00e1 GRATUITO para pedidos superiores a 100,00 \u20ac, siendo el coste del mismo para pedidos inferiores a dicha cantidad de 6,95 \u20ac (IVA incluido). Para el env\u00edo a las Islas Baleares el transporte tiene un coste de 20\u20ac en concepto de colaboraci\u00f3n en los gastos de env\u00edo con un plazo de entrega de 72 horas. Destino Costes Espa\u00f1a Peninsular y Portugal El coste para pedidos inferiores a 100,00\u20ac es&hellip;","og_url":"https:\/\/centrobebe.es\/en\/envios-y-devoluciones\/","og_site_name":"Centrobeb\u00e9","article_publisher":"https:\/\/www.facebook.com\/centrobebe\/","article_modified_time":"2023-08-28T17:58:44+00:00","twitter_card":"summary_large_image","twitter_site":"@centrobebe","twitter_misc":{"Estimated reading time":"9 minutes"},"schema":{"@context":"https:\/\/schema.org","@graph":[{"@type":"WebPage","@id":"https:\/\/centrobebe.es\/envios-y-devoluciones\/","url":"https:\/\/centrobebe.es\/envios-y-devoluciones\/","name":"Env\u00edos y Devoluciones - Centrobeb\u00e9","isPartOf":{"@id":"https:\/\/centrobebe.es\/#website"},"datePublished":"2019-02-17T22:07:00+00:00","dateModified":"2023-08-28T17:58:44+00:00","breadcrumb":{"@id":"https:\/\/centrobebe.es\/envios-y-devoluciones\/#breadcrumb"},"inLanguage":"en-GB","potentialAction":[{"@type":"ReadAction","target":["https:\/\/centrobebe.es\/envios-y-devoluciones\/"]}]},{"@type":"BreadcrumbList","@id":"https:\/\/centrobebe.es\/envios-y-devoluciones\/#breadcrumb","itemListElement":[{"@type":"ListItem","position":1,"name":"Portada","item":"https:\/\/centrobebe.es\/"},{"@type":"ListItem","position":2,"name":"Env\u00edos y Devoluciones"}]},{"@type":"WebSite","@id":"https:\/\/centrobebe.es\/#website","url":"https:\/\/centrobebe.es\/","name":"Centrobeb\u00e9","description":"Tienda de bebe online | Todo lo que tu bebe necesita","publisher":{"@id":"https:\/\/centrobebe.es\/#organization"},"alternateName":"Centrobeb\u00e9","potentialAction":[{"@type":"SearchAction","target":{"@type":"EntryPoint","urlTemplate":"https:\/\/centrobebe.es\/?s={search_term_string}"},"query-input":{"@type":"PropertyValueSpecification","valueRequired":true,"valueName":"search_term_string"}}],"inLanguage":"en-GB"},{"@type":"Organization","@id":"https:\/\/centrobebe.es\/#organization","name":"Centrobebe","alternateName":"Centrobebe","url":"https:\/\/centrobebe.es\/","logo":{"@type":"ImageObject","inLanguage":"en-GB","@id":"https:\/\/centrobebe.es\/#\/schema\/logo\/image\/","url":"https:\/\/centrobebe.es\/wp-content\/uploads\/2018\/06\/icono3-e1557940133982.png","contentUrl":"https:\/\/centrobebe.es\/wp-content\/uploads\/2018\/06\/icono3-e1557940133982.png","width":34,"height":29,"caption":"Centrobebe"},"image":{"@id":"https:\/\/centrobebe.es\/#\/schema\/logo\/image\/"},"sameAs":["https:\/\/www.facebook.com\/centrobebe\/","https:\/\/x.com\/centrobebe","https:\/\/www.instagram.com\/centrobebe.es\/","https:\/\/www.youtube.com\/channel\/UCVU-jcFuwntnxOhxvSbf3hg"]}]}},"_links":{"self":[{"href":"https:\/\/centrobebe.es\/en\/wp-json\/wp\/v2\/pages\/12060","targetHints":{"allow":["GET"]}}],"collection":[{"href":"https:\/\/centrobebe.es\/en\/wp-json\/wp\/v2\/pages"}],"about":[{"href":"https:\/\/centrobebe.es\/en\/wp-json\/wp\/v2\/types\/page"}],"author":[{"embeddable":true,"href":"https:\/\/centrobebe.es\/en\/wp-json\/wp\/v2\/users\/2"}],"replies":[{"embeddable":true,"href":"https:\/\/centrobebe.es\/en\/wp-json\/wp\/v2\/comments?post=12060"}],"version-history":[{"count":9,"href":"https:\/\/centrobebe.es\/en\/wp-json\/wp\/v2\/pages\/12060\/revisions"}],"predecessor-version":[{"id":47104,"href":"https:\/\/centrobebe.es\/en\/wp-json\/wp\/v2\/pages\/12060\/revisions\/47104"}],"wp:attachment":[{"href":"https:\/\/centrobebe.es\/en\/wp-json\/wp\/v2\/media?parent=12060"}],"curies":[{"name":"wp","href":"https:\/\/api.w.org\/{rel}","templated":true}]}}