{"id":12097,"date":"2019-02-17T23:15:34","date_gmt":"2019-02-17T23:15:34","guid":{"rendered":"https:\/\/centrobebe.es\/?page_id=12097"},"modified":"2021-05-10T11:59:58","modified_gmt":"2021-05-10T11:59:58","slug":"politica-de-privacidad","status":"publish","type":"page","link":"https:\/\/centrobebe.es\/en\/politica-de-privacidad\/","title":{"rendered":"Pol\u00edtica de Privacidad"},"content":{"rendered":"<div data-elementor-type=\"wp-post\" data-elementor-id=\"12097\" class=\"elementor elementor-12097\">\n\t\t\t\t\t\t<section class=\"elementor-section elementor-top-section elementor-element elementor-element-75d7aef elementor-section-boxed elementor-section-height-default elementor-section-height-default\" data-id=\"75d7aef\" data-element_type=\"section\">\n\t\t\t\t\t\t<div class=\"elementor-container elementor-column-gap-default\">\n\t\t\t\t\t<div class=\"elementor-column elementor-col-100 elementor-top-column elementor-element elementor-element-60f9cdd3\" data-id=\"60f9cdd3\" data-element_type=\"column\">\n\t\t\t<div class=\"elementor-widget-wrap elementor-element-populated\">\n\t\t\t\t\t\t<div class=\"elementor-element elementor-element-122fed38 elementor-widget elementor-widget-text-editor\" data-id=\"122fed38\" data-element_type=\"widget\" data-widget_type=\"text-editor.default\">\n\t\t\t\t<div class=\"elementor-widget-container\">\n\t\t\t\t\t\t\t\t\t<h1><strong>Pol\u00edtica de Privacidad<\/strong><\/h1><h2><strong>Responsable del tratamiento<\/strong><\/h2><p>El responsable del tratamiento de los datos recabados es \u00c1ngel Enrique Redondo Cabello con NIF 80136850C y domicilio en Puente Genil (C\u00f3rdoba), Calle Historiador Antonio Aguilar y Cano, 7 (en adelante Centrobeb\u00e9), titular del Sitio Web https:\/\/centrobebe.es\/.<\/p><p>La presente Pol\u00edtica de Privacidad regula la recogida y tratamiento de los datos personales que sean proporcionados por los Usuarios, cuando accedan, naveguen o hagan uso de las funcionalidades del Sitio Web.<\/p><h2><strong>Recogida de datos, finalidades, base de legitimaci\u00f3n y plazos de conservaci\u00f3n:<\/strong><\/h2><ol><li><u>Contacto<\/u>: El Usuario puede ponerse en contacto, a trav\u00e9s de los formularios establecidos a tal efecto en el Sitio Web. Deber\u00e1 facilitar sus dados identificativos, as\u00ed como el motivo, asunto o cuesti\u00f3n. Centrobeb\u00e9 utilizar\u00e1 esos datos para tramitar la consulta y contactar con el Usuario.<\/li><\/ol><p>\u00a0\u00a0\u00a0\u00a0 La base jur\u00eddica del tratamiento de tales datos se sustenta en el consentimiento del Usuario.<\/p><p>\u00a0\u00a0\u00a0\u00a0 El plazo de conservaci\u00f3n de los datos para esta finalidad ser\u00e1 el un a\u00f1o, salvo que sean aplicables otros plazos.<\/p><ol><li><u>Registro<\/u>: Mediante el registro en el Sitio Web, ser\u00e1 necesario que el Usuario proporcione sus datos identificativos, como nombre, apellidos y correo electr\u00f3nico, para la tramitaci\u00f3n del registro en el Sitio Web y permitir el acceso a las funcionalidades de su cuenta personal.<\/li><\/ol><p>\u00a0\u00a0\u00a0\u00a0 La base jur\u00eddica del tratamiento de tales datos se sustenta en el consentimiento del Usuario.<\/p><p>\u00a0\u00a0\u00a0\u00a0 Sus datos ser\u00e1n conservados mientras forme parte de la comunidad y se encuentre registrado.<\/p><ol><li><u>Compra<\/u>: El Usuario puede adquirir los productos disponibles en el Sitio Web. Para ello, deber\u00e1 facilitar sus datos de contacto, y aquellos datos necesarios para tramitar la gesti\u00f3n de la compra y el pedido (lo que incluye su env\u00edo a trav\u00e9s de empresas transportistas) realizado como datos bancarios o de tarjetas de cr\u00e9dito.<\/li><\/ol><p>\u00a0\u00a0\u00a0\u00a0 La base jur\u00eddica del tratamiento de tales datos se sustenta en la ejecuci\u00f3n de contrato de compra.<\/p><p>\u00a0\u00a0\u00a0\u00a0 El plazo de conservaci\u00f3n de los datos ser\u00e1 el adecuado para cumplir con las obligaciones contractuales y, en todo caso, hasta cinco a\u00f1os m\u00e1s por gestiones tributarias y para cubrir posibles responsabilidades, salvo que sean aplicables otros plazos.<\/p><ol><li><u>Blog<\/u>: El Usuario puede realizar comentarios en el blog de Centrobeb\u00e9, de tal manera que los datos facilitados ser\u00e1n tratados con la finalidad de gestionar la publicaci\u00f3n en el Sitio Web.<\/li><\/ol><p>\u00a0\u00a0\u00a0\u00a0 La base jur\u00eddica del tratamiento de tales datos se sustenta en el consentimiento del Usuario.<\/p><p>\u00a0\u00a0\u00a0\u00a0 Sus comentarios permanecer\u00e1n permanentemente en el Sitio Web salvo que solicite su borrado.<\/p><ol><li><u>Encuesta<\/u>: El Usuario puede participar en las encuestas remitidas por Centrobeb\u00e9. Para ello deber\u00e1 rellenar el formulario establecido a tal efecto y facilitar sus datos identificativos.<\/li><\/ol><p>\u00a0\u00a0\u00a0\u00a0 La informaci\u00f3n aportada ser\u00e1 utilizada para la participaci\u00f3n y gesti\u00f3n de resultados as\u00ed como para conocer los h\u00e1bitos de los usuarios. La base jur\u00eddica del tratamiento de tales datos se sustenta en el consentimiento del Usuario. El plazo de conservaci\u00f3n de los datos ser\u00e1 de un a\u00f1o.<\/p><ol><li><u>Comunicaciones comerciales<\/u>: El Titular podr\u00e1 enviar al Usuario Registrado productos y servicios comercializados por Centrobeb\u00e9 as\u00ed como de la incorporaci\u00f3n de nuevos productos y servicios de caracter\u00edsticas o funcionalidades similares a los actualmente comercializados y que figuran en el Sitio Web.<\/li><\/ol><p>\u00a0\u00a0\u00a0\u00a0 La base jur\u00eddica del tratamiento de tales datos se sustenta en el inter\u00e9s leg\u00edtimo de Centrobeb\u00e9.<\/p><p>\u00a0\u00a0\u00a0\u00a0 En cualquier momento puede revocar su consentimiento a trav\u00e9s de los enlaces facilitados o escribi\u00e9ndonos a <a href=\"mailto:info@centrobebe.es\">info@centrobebe.es<\/a><\/p><ol><li><u>Cookies<\/u>: El Sitio Web dispone de tecnolog\u00eda para la implantaci\u00f3n de archivos denominados cookies en el equipo que sea utilizado para el acceso y navegaci\u00f3n por el Sitio Web. Las cookies pueden ser bloqueadas o deshabilitadas en cualquier momento a trav\u00e9s de las opciones de configuraci\u00f3n del navegador. Si desea m\u00e1s informaci\u00f3n puede consultar nuestra <a href=\"https:\/\/centrobebe.es\/en\/politica-de-cookies\/\">pol\u00edtica de Cookies<\/a>.<\/li><\/ol><p>\u00a0\u00a0\u00a0\u00a0 La base jur\u00eddica del tratamiento de tales datos se sustenta en el consentimiento del Usuario.<\/p><p><em>El usuario acepta que todos sus datos de car\u00e1cter personal sean \u00edntegramente cedidos a Aplazame desde el momento en que el usuario haya iniciado la contrataci\u00f3n del servicio de pago aplazado ofrecido por \u00e9sta \u00faltima en el momento de elegir la forma de pago. Esta aceptaci\u00f3n se extiende a terceras entidades que tuvieran que acceder a los ficheros para el buen fin del contrato.<\/em><\/p><h2><strong>Compromisos<\/strong><\/h2><p>Centrobeb\u00e9 se compromete a no recabar informaci\u00f3n innecesaria sobre sus clientes o usuarios, a tratar con diligencia la informaci\u00f3n de car\u00e1cter personal que le puedan facilitar y a cumplir en cualquier fase del tratamiento de los datos con la obligaci\u00f3n de guardar el secreto debido.<\/p><p>Centrobeb\u00e9 ha adoptado los niveles de seguridad de protecci\u00f3n de los datos personales legalmente requeridos, y ha instalado todos los medios y medidas t\u00e9cnicas a su alcance para evitar la p\u00e9rdida, mal uso, alteraci\u00f3n, acceso no autorizado y robo de los datos personales facilitados a Centrobeb\u00e9.<\/p><p>No obstante, el usuario debe ser consciente de que las medidas de seguridad en Internet no son inexpugnables.<\/p><h2><strong>Comunicaciones de datos a terceros<\/strong><\/h2><p>Centrobeb\u00e9 podr\u00e1 comunicar\u00a0 sus datos a:<\/p><ul><li><strong>Los encargados de tratamiento de datos<\/strong><strong>:<\/strong> Son los colaboradores que Centrobeb\u00e9 ha contratado para ayudarnos en la prestaci\u00f3n de servicios: asesor\u00edas, empresas de transporte, proveedores de mantenimiento inform\u00e1tico, empresas de comunicaci\u00f3n y marketing directo, subcontratistas de servicio, aseguradoras, bancos y entidades financieras. Todos ellos han confirmado ajustarse a la normativa europea de protecci\u00f3n de datos personales y han firmado con la finalidad de ejecutar el contrato o pedido realizado el Usuario.<\/li><\/ul><p>Centrobeb\u00e9 sigue unos criterios estrictos de selecci\u00f3n de proveedores de servicios con el fin de dar cumplimiento a sus obligaciones en materia de protecci\u00f3n de datos y se compromete a suscribir con ellos el correspondiente contrato de tratamiento de datos mediante el que les impondr\u00e1, entre otras, las siguientes obligaciones: aplicar medidas t\u00e9cnicas y organizativas apropiadas; tratar los datos personales para las finalidades pactadas y atendiendo \u00fanicamente a las instrucciones documentadas de Centrobeb\u00e9; y suprimir o devolver los datos una vez finalice la prestaci\u00f3n de los servicios.<\/p><ul><li><strong>Administraciones p\u00fablicas<\/strong>: Centrobeb\u00e9 podr\u00e1 revelar a las Autoridades P\u00fablicas competentes los datos personales y cualquier otra informaci\u00f3n que disponga y le sea requerida de conformidad con las disposiciones legales y reglamentarias aplicables.<\/li><\/ul><h2><strong>Ejercicio de derechos<\/strong><\/h2><p>Cualquier persona tiene derecho a obtener confirmaci\u00f3n sobre si en CENTROBEBE estamos tratando sus datos personales o no. As\u00ed mismo se le reconocen los siguientes derechos:<\/p><table><thead><tr><td width=\"121\"><p><strong>Derecho<\/strong><\/p><\/td><td width=\"287\"><p><strong>Qu\u00e9 te reconoce<\/strong><\/p><\/td><td width=\"215\"><p><strong>C\u00f3mo ejercitarlo<\/strong><\/p><\/td><\/tr><\/thead><tbody><tr><td width=\"121\"><p><strong>Acceso<\/strong><\/p><\/td><td width=\"287\"><p>Puede pedirnos qu\u00e9 datos suyos tenemos en nuestros ficheros y qu\u00e9 tratamiento les damos.<\/p><\/td><td rowspan=\"6\" width=\"215\"><p><strong>Por carta: <\/strong>A la Atenci\u00f3n del Responsable de protecci\u00f3n de Datos<\/p><p><strong>Por correo electr\u00f3nico a: info@centrobebe.es<\/strong><\/p><p>Para ejercitar cualquiera de estos derechos debe acompa\u00f1ar su solicitud de los siguientes datos: nombre y apellidos, domicilio a efecto de notificaciones,<\/p><p>En alguna ocasi\u00f3n, cuando tengamos dudas sobre su identidad, le podremos solicitar al Usuario que acredite su identidad mediante documento oficial, por ejemplo para evitar el acceso a sus datos por parte de terceros.<\/p><p>En caso de que contacte con nosotros desde un correo electr\u00f3nico, tendr\u00e1 que ser la direcci\u00f3n con la que se dio de alta en nuestro sistema y tambi\u00e9n deber\u00e1 aportar los documentos que hemos se\u00f1alado en el p\u00e1rrafo anterior.<\/p><\/td><\/tr><tr><td width=\"121\"><p><strong>Rectificaci\u00f3n<\/strong><\/p><\/td><td width=\"287\"><p>Puede pedirnos que modifiquemos sus datos en nuestros ficheros para que est\u00e9n al d\u00eda.<\/p><\/td><\/tr><tr><td width=\"121\"><p><strong>Supresi\u00f3n<\/strong><\/p><\/td><td width=\"287\"><p>Puede solicitar que se supriman sus datos manifestando su negativa u oposici\u00f3n al consentimiento para el tratamiento de sus datos y no exista deber legal que lo impida<\/p><\/td><\/tr><tr><td width=\"121\"><p><strong>Limitaci\u00f3n<\/strong><\/p><\/td><td width=\"287\"><p>Puede solicitar la limitaci\u00f3n del uso de los datos en cuyo caso se debe concretar para que usos no desea que se usen sus datos<\/p><\/td><\/tr><tr><td width=\"121\"><p><strong>Oposici\u00f3n<\/strong><\/p><\/td><td width=\"287\"><p>Por motivos relacionados con su situaci\u00f3n particular, podr\u00e1 oponerse al tratamiento de sus datos. En ese caso, CENTROBEBE dejar\u00e1 de tratarlos, salvo por motivos leg\u00edtimos imperiosos, o cuando el ejercicio o la defensa de posibles reclamaciones lo impida.<\/p><\/td><\/tr><tr><td width=\"121\"><p><strong>Portabilidad<\/strong><\/p><\/td><td width=\"287\"><p>Podr\u00e1 recibir en formato electr\u00f3nico tus datos personales que nos has facilitado con raz\u00f3n de nuestro servicio o bien que se los enviemos a las empresas que nos diga.<\/p><\/td><\/tr><tr><td width=\"121\"><p><strong>Consultas, consideraciones y reclamaciones<\/strong><\/p><\/td><td colspan=\"2\" width=\"502\"><p>El interesado puede revocar el consentimiento para el tratamiento de sus datos sin que ello afecte a la licitud del tratamiento basado en el consentimiento previo<\/p><p>Si quiere hacernos alguna pregunta acerca de c\u00f3mo tratamos tus datos, quiere plantearnos alguna consideraci\u00f3n al respecto o cree que no hemos actuado tal y como establece la normativa de protecci\u00f3n de datos puede escribirnos a <a href=\"mailto:info@centrobebe.es\">info@centrobebe.es<\/a> sin perjuicio de que el interesado puede presentar una reclamaci\u00f3n ante la <a href=\"https:\/\/www.agpd.es\/\">Agencia Espa\u00f1ola de Protecci\u00f3n de Datos<\/a> (www.agpd.es) para hacer valer sus derechos.<\/p><\/td><\/tr><\/tbody><\/table><p>El ejercicio de estos derechos es totalmente gratuito<\/p><p>Una vez recibida la petici\u00f3n Centrobeb\u00e9 analizar\u00e1 si se ha aportado toda la informaci\u00f3n necesaria para su tr\u00e1mite as\u00ed como la legitimidad y pertinencia de la petici\u00f3n. En caso que no sea pertinente o que, por el supuesto concreto, no pueda concederse el ejercicio del derecho solicitado lo comunicar\u00e1 al interesado a los efectos que pueda interponer las reclamaciones correspondientes.<\/p><p>Dicho ejercicio de los derechos se realizar\u00e1 siempre dentro de los plazos establecidos legalmente (art 12.3 del REGLAMENTO (UE) 2016\/679) que establece un plazo de un mes desde la recepci\u00f3n de la solicitud, salvo que por la complejidad, el volumen de solicitudes sea prorrogado seg\u00fan lo descrito en dicho art\u00edculo. En cualquier caso, el usuario recibir\u00e1 una notificaci\u00f3n al respecto en dicho plazo.<\/p><h2><strong>Modificaci\u00f3n de la Pol\u00edtica de privacidad<\/strong><\/h2><p>Centrobeb\u00e9 podr\u00e1 modificar su Pol\u00edtica de Privacidad de acuerdo con la legislaci\u00f3n aplicable en cada momento. En todo caso, cualquier modificaci\u00f3n de la Pol\u00edtica de Privacidad le ser\u00e1 debidamente notificada al Usuario para que quede informado de los cambios realizados en el tratamiento de sus datos personales y, en caso de que la normativa aplicable as\u00ed lo exija, el Usuario pueda otorgar su consentimiento.<\/p><h2><strong>Idioma aplicable a la presente pol\u00edtica de privacidad<\/strong><\/h2><p>El idioma aplicable a esta Pol\u00edtica de Privacidad es el espa\u00f1ol. Cualquier versi\u00f3n de la misma en idioma distinto es ofrecida para comodidad del Usuario y para facilitar su comprensi\u00f3n. No obstante, esta Pol\u00edtica de Privacidad se regir\u00e1 siempre por su versi\u00f3n en espa\u00f1ol.<\/p><p>En caso de contradicci\u00f3n entre la Pol\u00edtica de Privacidad en cualquier idioma y su versi\u00f3n en espa\u00f1ol, prevalecer\u00e1 la versi\u00f3n en espa\u00f1ol.<\/p>\t\t\t\t\t\t\t\t<\/div>\n\t\t\t\t<\/div>\n\t\t\t\t\t<\/div>\n\t\t<\/div>\n\t\t\t\t\t<\/div>\n\t\t<\/section>\n\t\t\t\t<\/div>","protected":false},"excerpt":{"rendered":"<p>Pol\u00edtica de Privacidad Responsable del tratamiento El responsable del tratamiento de los datos recabados es \u00c1ngel Enrique Redondo Cabello con NIF 80136850C y domicilio en Puente Genil (C\u00f3rdoba), Calle Historiador Antonio Aguilar y Cano, 7 (en adelante Centrobeb\u00e9), titular del Sitio Web https:\/\/centrobebe.es\/. La presente Pol\u00edtica de Privacidad regula la recogida y tratamiento de los datos personales que sean proporcionados por los Usuarios, cuando accedan, naveguen o hagan uso de las funcionalidades del Sitio Web. Recogida de datos, finalidades, base de legitimaci\u00f3n y plazos&hellip;<\/p>","protected":false},"author":2,"featured_media":0,"parent":0,"menu_order":0,"comment_status":"closed","ping_status":"closed","template":"page-templates\/full-width.php","meta":{"footnotes":""},"class_list":["post-12097","page","type-page","status-publish","hentry"],"yoast_head":"<!-- This site is optimized with the Yoast SEO plugin v26.9 - https:\/\/yoast.com\/product\/yoast-seo-wordpress\/ -->\n<title>Pol\u00edtica de Privacidad - Centrobeb\u00e9<\/title>\n<meta name=\"robots\" content=\"noindex, follow\" \/>\n<meta property=\"og:locale\" content=\"en_GB\" \/>\n<meta property=\"og:type\" content=\"article\" \/>\n<meta property=\"og:title\" content=\"Pol\u00edtica de Privacidad - Centrobeb\u00e9\" \/>\n<meta property=\"og:description\" content=\"Pol\u00edtica de Privacidad Responsable del tratamiento El responsable del tratamiento de los datos recabados es \u00c1ngel Enrique Redondo Cabello con NIF 80136850C y domicilio en Puente Genil (C\u00f3rdoba), Calle Historiador Antonio Aguilar y Cano, 7 (en adelante Centrobeb\u00e9), titular del Sitio Web https:\/\/centrobebe.es\/. La presente Pol\u00edtica de Privacidad regula la recogida y tratamiento de los datos personales que sean proporcionados por los Usuarios, cuando accedan, naveguen o hagan uso de las funcionalidades del Sitio Web. Recogida de datos, finalidades, base de legitimaci\u00f3n y plazos&hellip;\" \/>\n<meta property=\"og:url\" content=\"https:\/\/centrobebe.es\/en\/politica-de-privacidad\/\" \/>\n<meta property=\"og:site_name\" content=\"Centrobeb\u00e9\" \/>\n<meta property=\"article:publisher\" content=\"https:\/\/www.facebook.com\/centrobebe\/\" \/>\n<meta property=\"article:modified_time\" content=\"2021-05-10T11:59:58+00:00\" \/>\n<meta name=\"twitter:card\" content=\"summary_large_image\" \/>\n<meta name=\"twitter:site\" content=\"@centrobebe\" \/>\n<meta name=\"twitter:label1\" content=\"Estimated reading time\" \/>\n\t<meta name=\"twitter:data1\" content=\"9 minutes\" \/>\n<script type=\"application\/ld+json\" class=\"yoast-schema-graph\">{\"@context\":\"https:\/\/schema.org\",\"@graph\":[{\"@type\":\"WebPage\",\"@id\":\"https:\/\/centrobebe.es\/politica-de-privacidad\/\",\"url\":\"https:\/\/centrobebe.es\/politica-de-privacidad\/\",\"name\":\"Pol\u00edtica de Privacidad - Centrobeb\u00e9\",\"isPartOf\":{\"@id\":\"https:\/\/centrobebe.es\/#website\"},\"datePublished\":\"2019-02-17T23:15:34+00:00\",\"dateModified\":\"2021-05-10T11:59:58+00:00\",\"breadcrumb\":{\"@id\":\"https:\/\/centrobebe.es\/politica-de-privacidad\/#breadcrumb\"},\"inLanguage\":\"en-GB\",\"potentialAction\":[{\"@type\":\"ReadAction\",\"target\":[\"https:\/\/centrobebe.es\/politica-de-privacidad\/\"]}]},{\"@type\":\"BreadcrumbList\",\"@id\":\"https:\/\/centrobebe.es\/politica-de-privacidad\/#breadcrumb\",\"itemListElement\":[{\"@type\":\"ListItem\",\"position\":1,\"name\":\"Portada\",\"item\":\"https:\/\/centrobebe.es\/\"},{\"@type\":\"ListItem\",\"position\":2,\"name\":\"Pol\u00edtica de Privacidad\"}]},{\"@type\":\"WebSite\",\"@id\":\"https:\/\/centrobebe.es\/#website\",\"url\":\"https:\/\/centrobebe.es\/\",\"name\":\"Centrobeb\u00e9\",\"description\":\"Tienda de bebe online | Todo lo que tu bebe necesita\",\"publisher\":{\"@id\":\"https:\/\/centrobebe.es\/#organization\"},\"alternateName\":\"Centrobeb\u00e9\",\"potentialAction\":[{\"@type\":\"SearchAction\",\"target\":{\"@type\":\"EntryPoint\",\"urlTemplate\":\"https:\/\/centrobebe.es\/?s={search_term_string}\"},\"query-input\":{\"@type\":\"PropertyValueSpecification\",\"valueRequired\":true,\"valueName\":\"search_term_string\"}}],\"inLanguage\":\"en-GB\"},{\"@type\":\"Organization\",\"@id\":\"https:\/\/centrobebe.es\/#organization\",\"name\":\"Centrobebe\",\"alternateName\":\"Centrobebe\",\"url\":\"https:\/\/centrobebe.es\/\",\"logo\":{\"@type\":\"ImageObject\",\"inLanguage\":\"en-GB\",\"@id\":\"https:\/\/centrobebe.es\/#\/schema\/logo\/image\/\",\"url\":\"https:\/\/centrobebe.es\/wp-content\/uploads\/2018\/06\/icono3-e1557940133982.png\",\"contentUrl\":\"https:\/\/centrobebe.es\/wp-content\/uploads\/2018\/06\/icono3-e1557940133982.png\",\"width\":34,\"height\":29,\"caption\":\"Centrobebe\"},\"image\":{\"@id\":\"https:\/\/centrobebe.es\/#\/schema\/logo\/image\/\"},\"sameAs\":[\"https:\/\/www.facebook.com\/centrobebe\/\",\"https:\/\/x.com\/centrobebe\",\"https:\/\/www.instagram.com\/centrobebe.es\/\",\"https:\/\/www.youtube.com\/channel\/UCVU-jcFuwntnxOhxvSbf3hg\"]}]}<\/script>\n<!-- \/ Yoast SEO plugin. -->","yoast_head_json":{"title":"Pol\u00edtica de Privacidad - Centrobeb\u00e9","robots":{"index":"noindex","follow":"follow"},"og_locale":"en_GB","og_type":"article","og_title":"Pol\u00edtica de Privacidad - Centrobeb\u00e9","og_description":"Pol\u00edtica de Privacidad Responsable del tratamiento El responsable del tratamiento de los datos recabados es \u00c1ngel Enrique Redondo Cabello con NIF 80136850C y domicilio en Puente Genil (C\u00f3rdoba), Calle Historiador Antonio Aguilar y Cano, 7 (en adelante Centrobeb\u00e9), titular del Sitio Web https:\/\/centrobebe.es\/. La presente Pol\u00edtica de Privacidad regula la recogida y tratamiento de los datos personales que sean proporcionados por los Usuarios, cuando accedan, naveguen o hagan uso de las funcionalidades del Sitio Web. Recogida de datos, finalidades, base de legitimaci\u00f3n y plazos&hellip;","og_url":"https:\/\/centrobebe.es\/en\/politica-de-privacidad\/","og_site_name":"Centrobeb\u00e9","article_publisher":"https:\/\/www.facebook.com\/centrobebe\/","article_modified_time":"2021-05-10T11:59:58+00:00","twitter_card":"summary_large_image","twitter_site":"@centrobebe","twitter_misc":{"Estimated reading time":"9 minutes"},"schema":{"@context":"https:\/\/schema.org","@graph":[{"@type":"WebPage","@id":"https:\/\/centrobebe.es\/politica-de-privacidad\/","url":"https:\/\/centrobebe.es\/politica-de-privacidad\/","name":"Pol\u00edtica de Privacidad - Centrobeb\u00e9","isPartOf":{"@id":"https:\/\/centrobebe.es\/#website"},"datePublished":"2019-02-17T23:15:34+00:00","dateModified":"2021-05-10T11:59:58+00:00","breadcrumb":{"@id":"https:\/\/centrobebe.es\/politica-de-privacidad\/#breadcrumb"},"inLanguage":"en-GB","potentialAction":[{"@type":"ReadAction","target":["https:\/\/centrobebe.es\/politica-de-privacidad\/"]}]},{"@type":"BreadcrumbList","@id":"https:\/\/centrobebe.es\/politica-de-privacidad\/#breadcrumb","itemListElement":[{"@type":"ListItem","position":1,"name":"Portada","item":"https:\/\/centrobebe.es\/"},{"@type":"ListItem","position":2,"name":"Pol\u00edtica de Privacidad"}]},{"@type":"WebSite","@id":"https:\/\/centrobebe.es\/#website","url":"https:\/\/centrobebe.es\/","name":"Centrobeb\u00e9","description":"Tienda de bebe online | Todo lo que tu bebe necesita","publisher":{"@id":"https:\/\/centrobebe.es\/#organization"},"alternateName":"Centrobeb\u00e9","potentialAction":[{"@type":"SearchAction","target":{"@type":"EntryPoint","urlTemplate":"https:\/\/centrobebe.es\/?s={search_term_string}"},"query-input":{"@type":"PropertyValueSpecification","valueRequired":true,"valueName":"search_term_string"}}],"inLanguage":"en-GB"},{"@type":"Organization","@id":"https:\/\/centrobebe.es\/#organization","name":"Centrobebe","alternateName":"Centrobebe","url":"https:\/\/centrobebe.es\/","logo":{"@type":"ImageObject","inLanguage":"en-GB","@id":"https:\/\/centrobebe.es\/#\/schema\/logo\/image\/","url":"https:\/\/centrobebe.es\/wp-content\/uploads\/2018\/06\/icono3-e1557940133982.png","contentUrl":"https:\/\/centrobebe.es\/wp-content\/uploads\/2018\/06\/icono3-e1557940133982.png","width":34,"height":29,"caption":"Centrobebe"},"image":{"@id":"https:\/\/centrobebe.es\/#\/schema\/logo\/image\/"},"sameAs":["https:\/\/www.facebook.com\/centrobebe\/","https:\/\/x.com\/centrobebe","https:\/\/www.instagram.com\/centrobebe.es\/","https:\/\/www.youtube.com\/channel\/UCVU-jcFuwntnxOhxvSbf3hg"]}]}},"_links":{"self":[{"href":"https:\/\/centrobebe.es\/en\/wp-json\/wp\/v2\/pages\/12097","targetHints":{"allow":["GET"]}}],"collection":[{"href":"https:\/\/centrobebe.es\/en\/wp-json\/wp\/v2\/pages"}],"about":[{"href":"https:\/\/centrobebe.es\/en\/wp-json\/wp\/v2\/types\/page"}],"author":[{"embeddable":true,"href":"https:\/\/centrobebe.es\/en\/wp-json\/wp\/v2\/users\/2"}],"replies":[{"embeddable":true,"href":"https:\/\/centrobebe.es\/en\/wp-json\/wp\/v2\/comments?post=12097"}],"version-history":[{"count":0,"href":"https:\/\/centrobebe.es\/en\/wp-json\/wp\/v2\/pages\/12097\/revisions"}],"wp:attachment":[{"href":"https:\/\/centrobebe.es\/en\/wp-json\/wp\/v2\/media?parent=12097"}],"curies":[{"name":"wp","href":"https:\/\/api.w.org\/{rel}","templated":true}]}}