{"id":33990,"date":"2020-11-25T18:14:21","date_gmt":"2020-11-25T18:14:21","guid":{"rendered":"https:\/\/centrobebe.es\/?page_id=33990"},"modified":"2020-12-03T19:05:30","modified_gmt":"2020-12-03T19:05:30","slug":"aviso-legal","status":"publish","type":"page","link":"https:\/\/centrobebe.es\/en\/aviso-legal\/","title":{"rendered":"Aviso Legal"},"content":{"rendered":"<div data-elementor-type=\"wp-page\" data-elementor-id=\"33990\" class=\"elementor elementor-33990\">\n\t\t\t\t\t\t<section class=\"elementor-section elementor-top-section elementor-element elementor-element-055e638 elementor-section-boxed elementor-section-height-default elementor-section-height-default\" data-id=\"055e638\" data-element_type=\"section\">\n\t\t\t\t\t\t<div class=\"elementor-container elementor-column-gap-default\">\n\t\t\t\t\t<div class=\"elementor-column elementor-col-100 elementor-top-column elementor-element elementor-element-d551686\" data-id=\"d551686\" data-element_type=\"column\">\n\t\t\t<div class=\"elementor-widget-wrap elementor-element-populated\">\n\t\t\t\t\t\t<div class=\"elementor-element elementor-element-16a1cf8 elementor-widget elementor-widget-text-editor\" data-id=\"16a1cf8\" data-element_type=\"widget\" data-widget_type=\"text-editor.default\">\n\t\t\t\t<div class=\"elementor-widget-container\">\n\t\t\t\t\t\t\t\t\t<h1>Aviso Legal<\/h1><p>\u00c1ngel Enrique Redondo Cabello (en adelante, el Titular) con NIF 80136850C, y domicilio en Puente Genil (C\u00f3rdoba), Calle Historiador Antonio Aguilar y Cano, 7, es titular del Sitio Web accesible a trav\u00e9s de la URL: https:\/\/centrobebe.es\/ (en adelante, Centrobeb\u00e9 o el Sitio Web, indistintamente).<\/p><p>Para cualquier consulta, duda o sugerencia respecto a Centrobeb\u00e9, puedes ponerte en contacto con nosotros a trav\u00e9s de la direcci\u00f3n de correo electr\u00f3nico <a href=\"mailto:info@centrobebe.es\">info@centrobebe.es<\/a> o llam\u00e1ndonos al n\u00famero de tel\u00e9fono 957 600 377 o 619 742 430<\/p><p>A continuaci\u00f3n, se procede a mostrar las condiciones que de un modo general regulan el acceso a la p\u00e1gina del Titular, tanto de los servicios como funcionalidades all\u00ed ofrecidos, sin perjuicio de la aplicaci\u00f3n de otras condiciones distintas o su modificaci\u00f3n. Se recomienda una lectura y revisi\u00f3n peri\u00f3dica ya que pueden existir modificaciones en los textos legales.<\/p><h2>Condiciones Generales de Uso<\/h2><h4>1. Identificaci\u00f3n de las partes<\/h4><p>Las presentes condiciones Generales de Uso quedan suscritas de una parte por el Titular y de otra por ti, como Usuario persona f\u00edsica o jur\u00eddica que accede voluntariamente de manera libre y gratuita al Sitio Web. Estas condiciones ser\u00e1n aplicables independientemente de comprar o no los productos\u00a0 ofrecidos en la plataforma.<\/p><h4>2. Objeto del Sitio Web<\/h4><p>El presente Sitio Web, tiene como objeto la venta de productos de puericultura, as\u00ed como de informar acerca de los productos y funcionalidades ofrecidos por el Titular. El acceso y la navegaci\u00f3n por el Sitio Web son gratuitos, aunque la adquisici\u00f3n de productos conlleva el pago de un precio as\u00ed como la aceptaci\u00f3n de unas Condiciones Generales de Compra.<\/p><h4>3. Obligaciones del Usuario<\/h4><p>Como Usuario mediante el mero acceso y navegaci\u00f3n a trav\u00e9s del Sitio Web, deber\u00e1s:<\/p><ol><li>Emplear el Sitio Web de manera diligente, correcta y l\u00edcita, siempre en respeto a la legislaci\u00f3n vigente, la moral y las buenas costumbres, as\u00ed como el orden p\u00fablico.<\/li><li>Revisar peri\u00f3dicamente estas Condiciones, o cualesquiera otras que resulten aplicables, comprobando las modificaciones que pudieran producirse.<\/li><li>Revisar las comunicaciones que Centrobeb\u00e9 te remita, ya que pueden contener informaci\u00f3n importante.<\/li><li>No utilizar el Sitio Web con fines comerciales, especialmente para recabar informaci\u00f3n o contenidos con la finalidad de prestar servicios que constituyan claramente una competencia para Centrobeb\u00e9.<\/li><li>No modificar o tratar de modificar en modo alguno, ni realizar acciones o utilizar medios orientados a simular la apariencia o las funciones del Sitio Web.<\/li><li>No da\u00f1ar, deshabilitar, sobrecargar o dificultar el servicio (o la red o redes conectadas al servicio), o interferir en su uso y disfrute.<\/li><li>Abstenerte de llevar a cabo acci\u00f3n alguna que conlleve la introducci\u00f3n de virus inform\u00e1ticos, gusanos, troyanos o cualquier otra clase de c\u00f3digo malicioso destinado a interrumpir, destruir o limitar las funcionalidades del Sitio Web.<\/li><li>No emplear t\u00e9cnicas de ingenier\u00eda inversa y\/o descifrar, descompilar o utilizar cualquier otro sistema destinado a conocer el c\u00f3digo fuente de Centrobeb\u00e9.<\/li><li>En cualquier caso, no realizar ning\u00fan tipo de acto que pueda vulnerar derechos o intereses del Titular o de terceros como puedan ser, a modo de ejemplo, derechos de propiedad intelectual o industrial (patentes, marcas, derechos de copyright, secretos comerciales&#8230;).<\/li><\/ol><h4>4. Disponibilidad del Sitio Web<\/h4><p>El Titular trata de mejorar y expandir Centrobeb\u00e9, al igual que su contenido y los servicios en \u00e9l ofrecidos. A pesar de ello, el Sitio Web se mostrar\u00e1 tal y como se encuentre en cada momento, seg\u00fan disponibilidad, limitaciones y otras circunstancias concurrentes.<\/p><h4>5. Condiciones Particulares de Registro<\/h4><p>Las presentes Condiciones Particulares de Registro son suscritas, de un lado, por Centrobeb\u00e9, y de otro, por aquel Usuario que haya completado el formulario correspondiente para crear una cuenta y los pasos indicados en el Sitio Web destinados a llevar a cabo el registro, junto con la aceptaci\u00f3n de estas Condiciones Particulares.<\/p><h4><u>5.1. Requisitos y procedimiento para crear una cuenta<\/u><\/h4><p>Para crear una cuenta en el Sitio Web es imprescindible que el Usuario sea una persona f\u00edsica mayor de edad de conformidad a lo establecido en la legislaci\u00f3n espa\u00f1ola.<\/p><p>El Usuario se registrar\u00e1 en el momento de realizar la compra facilitando sus datos, con un correo electr\u00f3nico y respaldar\u00e1 el mismo con una contrase\u00f1a. Deber\u00e1 completar todos los pasos indicados, entre los que se incluye la lectura de la informaci\u00f3n relativa a la Pol\u00edtica de Privacidad y de las presentes Condiciones.<\/p><p>Centrobeb\u00e9, confirmar\u00e1 al Usuario su registro en el Sitio Web, a trav\u00e9s del env\u00edo de una comunicaci\u00f3n de bienvenida, momento a partir del cual pasa a ser Usuario Registrado.<\/p><p>Si el Usuario Registrado, no recuerda su contrase\u00f1a deber\u00e1 hacer clic sobre <em>\u201c\u00bfOlvidaste tu contrase\u00f1a?\u201d, <\/em>e introducir el correo electr\u00f3nico a trav\u00e9s del cual efectu\u00f3 el registro, para su restablecimiento.<\/p><p>El Titular se reserva el derecho de comprobar y verificar la identidad del Usuario en cualquier momento. El no cumplimiento de los requisitos exigidos en el presente apartado o enga\u00f1o en cuanto a identidad, faculta al Titular a dar de baja en cualquier momento a tal Usuario, eximiendo de cualquier tipo de responsabilidad al Titular de tal acci\u00f3n.<\/p><h4><u>5.2. https:\/\/centrobebe.es\/<\/u><\/h4><p>El registro en Centrobeb\u00e9 como Usuario permite obtener una cuenta personal en el Sitio Web de acceso exclusivo por parte de usuarios registrados. Como Usuario Registrado podr\u00e1s adem\u00e1s guardar la informaci\u00f3n de direcciones de pedidos o facturaci\u00f3n, para futuras compras.<\/p><h4><u>5.3. Obligaciones del Usuario Registrado<\/u><\/h4><p>El Usuario Registrado tiene las siguientes obligaciones:<\/p><ol><li>No registrarse con varias cuentas de Usuario en el Sitio Web, ni hacerlo con datos falsos o suplantando la personalidad de terceros. Eres responsable de facilitar tus datos reales.<\/li><li>No utilizar o intentar servirse de la cuenta de otro Usuario, sin autorizaci\u00f3n o consentimiento.<\/li><li>Ser el \u00fanico responsable de todas las actividades que se realicen desde tu cuenta personal en Centrobeb\u00e9.<\/li><li>Cuidar la confidencialidad de tus datos de acceso, ya que ser\u00e1s responsable de cualquier da\u00f1o que sufra o sufran terceros por incumplir estas Condiciones. Tambi\u00e9n eres responsable de lo que suceda en tu cuenta personal salvo que la seguridad de la misma se haya visto comprometida por causas ajenas. En concreto, deber\u00e1s:<\/li><li>Mantener la cuenta actualizada.<\/li><li>Almacenar la contrase\u00f1a escogida de manera confidencial.<\/li><\/ol><p>iii.\u00a0\u00a0 Ser el \u00fanico Usuario que utilice la cuenta creada.<\/p><ol><li>No comercializar, vender o transferir la cuenta a un tercero.<\/li><li>Centrobeb\u00e9 se reserva el derecho de verificar el perfil del Usuario, pudiendo eliminar o suspender la cuenta en caso de incumplimiento de los presentes textos legales o cualesquiera otros aplicables.<\/li><\/ol><h4><u>5.4. Modificaci\u00f3n y cancelaci\u00f3n de la cuenta de Usuario<\/u><\/h4><p>En cualquier momento, el Usuario Registrado podr\u00e1 modificar los datos, direcciones de env\u00edo o facturaci\u00f3n de su cuenta personal y el historial de sus pedidos.<\/p><h4>6. Exclusi\u00f3n de responsabilidad<\/h4><p>Centrobeb\u00e9 trabaja para que los servicios y funcionalidades del Sitio Web se encuentren siempre disponibles. No obstante, cuando acceda a \u00e9ste, le ser\u00e1 mostrado seg\u00fan la disponibilidad y las limitaciones que concurran en cada momento.<\/p><p>A pesar del continuo esfuerzo del Titular por proteger los sistemas y los contenidos incluidos en el Sitio Web, a cuyo efecto emplea los est\u00e1ndares de seguridad habituales en Internet, no es posible ofrecer plenas garant\u00edas en relaci\u00f3n con las intrusiones o p\u00e9rdidas de informaci\u00f3n que puedan producirse. Del mismo modo, no puede garantizarse la ausencia de virus o de otros elementos da\u00f1inos en el Sitio Web o en sitios web de terceros que puedan producir alteraciones en el sistema inform\u00e1tico, tanto software como hardware, del Usuario. Por esta raz\u00f3n, el Usuario asume y comprende que existan situaciones que puedan escapar al control de Centrobeb\u00e9.<\/p><p>El Sitio Web puede incluir enlaces a p\u00e1ginas o sitios de terceros ajenos al Titular, sobre los cuales no asume ning\u00fan tipo de responsabilidad al no aprobar ni revisar sus funciones y contenidos. El Usuario que acceda a cualquier enlace publicado en el Sitio Web lo hace bajo su propio riesgo y ventura, sin que el Titular asuma ninguna responsabilidad por ello.<\/p><p>De igual manera, el Sitio Web queda eximido de toda responsabilidad derivada de un mal uso del mismo por parte de los los Usuarios, as\u00ed como por el incumplimiento de las obligaciones o compromisos asumidos en virtud de estas condiciones o cualesquiera otra aplicables.<\/p><h4>7. Derechos de propiedad intelectual e industrial<\/h4><p>Todos los derechos de propiedad intelectual e industrial sobre el Sitio Web y sus contenidos, entre los que se incluye la programaci\u00f3n, el dise\u00f1o, aplicaciones, los gr\u00e1ficos, los c\u00f3digos, texto o im\u00e1genes, las marcas, nombres comerciales, signos distintivos y dem\u00e1s elementos all\u00ed presentes pertenecen en exclusiva al Titular, incluida la marca Centrobeb\u00e9, o cuenta con derechos y\/o autorizaciones bastantes para su explotaci\u00f3n.<\/p><p>Como consecuencia de lo anterior, cualquier reproducci\u00f3n, distribuci\u00f3n, comunicaci\u00f3n p\u00fablica (incluida la puesta a disposici\u00f3n), transformaci\u00f3n o cualquier otra forma de explotaci\u00f3n, ni tan siquiera citando las fuentes, queda prohibida, salvo que se cuente con el consentimiento previo, expreso y por escrito del Titular o del titular en exclusiva de los derechos afectados.<\/p><p>Si detectas alguna infracci\u00f3n, rogamos nos lo comuniques al correo electr\u00f3nico indicado en la cabecera.<\/p><h4>8. Indemnizaci\u00f3n<\/h4><p>8.1. El Titular puede sancionar a cualquiera de los Usuarios que incumplan las condiciones que le son aplicables, con la imposibilidad de acceder, temporal o indefinidamente al Sitio Web. La duraci\u00f3n de la sanci\u00f3n depender\u00e1 del tipo de infracci\u00f3n cometida. La restricci\u00f3n de acceso no conllevar\u00e1 en ning\u00fan caso derecho a indemnizaci\u00f3n.<\/p><p>8.2. Cualquier tipo de da\u00f1o, perjuicio, p\u00e9rdida o coste (incluidos honorarios de abogados y\/o procuradores) derivado de un incumplimiento por parte del Usuario de estas Condiciones o de cualesquiera otras que resultaren aplicables, en que incurriera Centrobeb\u00e9 deber\u00e1 ser resarcido por el Usuario que lo origin\u00f3. Ello abarca cualquier reclamaci\u00f3n de terceros derivada de dichos incumplimientos.<\/p><h4><strong>9.Modificaciones<\/strong><\/h4><p>Las presentes Condiciones pueden ser en cualquier momento modificadas y\/o actualizadas sin necesidad de previo aviso. Las modificaciones efectuadas entrar\u00e1n en vigor a partir de su publicaci\u00f3n en el Sitio Web, sea cual sea el medio y forma empleado para ello.<\/p><p>La modificaci\u00f3n solo afectar\u00e1 a los Usuarios que las hubieran aceptado con posterioridad a dicha modificaci\u00f3n.<\/p><h4>10. Otras cuestiones<\/h4><p><u>10.1. Salvaguarda e interpretaci\u00f3n<\/u><\/p><p>Si la Autoridad competente declarara alguna de estas disposiciones como ilegal, inv\u00e1lida o no ejecutable, ello supondr\u00e1 que la misma deba ser interpretada de la manera m\u00e1s pr\u00f3xima a la intenci\u00f3n original de tal disposici\u00f3n. En cualquier caso, tal declaraci\u00f3n respecto de alguna o algunas cl\u00e1usulas no perjudicar\u00e1 la validez de las restantes.<\/p><p>La no exigencia por parte del Titular del cumplimiento estricto de alguno de los t\u00e9rminos de estas Condiciones, no constituye ni podr\u00e1 interpretarse en ning\u00fan caso como una renuncia por su parte a exigirlo en un futuro.<\/p><p><u>10.2. Idioma<\/u><\/p><p>El idioma aplicable a las presentes Condiciones es el espa\u00f1ol. Si se facilitan versiones en otros en otros idiomas como el ingl\u00e9s, ser\u00e1 unicamente por mera cortes\u00eda y mayor comodidad para el Usuario. En caso de contradicci\u00f3n prevalecer\u00e1 la versi\u00f3n en espa\u00f1ol.<\/p><p><u>10.3. Legislaci\u00f3n y fuero<\/u><\/p><p>Las relaciones el Titular y el Usuario se regir\u00e1n por la legislaci\u00f3n espa\u00f1ola y las discrepancias o conflictos en torno a estas Condiciones, depender\u00e1 de que el usuario ostente la condici\u00f3n de consumidor y\/o usuario de conformidad a la normativa aplicable.<\/p><p>Siendo consumidor y\/o usuario los conflictos, se someter\u00e1n a los Juzgados y Tribunales del domicilio del Usuario. En caso de que no tuviera tal condici\u00f3n, los conflictos se determinar\u00e1n en los Juzgados y Tribunales de Puente Genil (C\u00f3rdoba).<\/p>\t\t\t\t\t\t\t\t<\/div>\n\t\t\t\t<\/div>\n\t\t\t\t\t<\/div>\n\t\t<\/div>\n\t\t\t\t\t<\/div>\n\t\t<\/section>\n\t\t\t\t<\/div>","protected":false},"excerpt":{"rendered":"<p>Aviso Legal \u00c1ngel Enrique Redondo Cabello (en adelante, el Titular) con NIF 80136850C, y domicilio en Puente Genil (C\u00f3rdoba), Calle Historiador Antonio Aguilar y Cano, 7, es titular del Sitio Web accesible a trav\u00e9s de la URL: https:\/\/centrobebe.es\/ (en adelante, Centrobeb\u00e9 o el Sitio Web, indistintamente). Para cualquier consulta, duda o sugerencia respecto a Centrobeb\u00e9, puedes ponerte en contacto con nosotros a trav\u00e9s de la direcci\u00f3n de correo electr\u00f3nico info@centrobebe.es o llam\u00e1ndonos al n\u00famero de tel\u00e9fono 957 600 377 o 619 742 430 A&hellip;<\/p>","protected":false},"author":2,"featured_media":0,"parent":0,"menu_order":0,"comment_status":"closed","ping_status":"closed","template":"page-templates\/full-width.php","meta":{"footnotes":""},"class_list":["post-33990","page","type-page","status-publish","hentry"],"yoast_head":"<!-- This site is optimized with the Yoast SEO plugin v26.9 - https:\/\/yoast.com\/product\/yoast-seo-wordpress\/ -->\n<title>Aviso Legal - Centrobeb\u00e9<\/title>\n<meta name=\"robots\" content=\"index, follow, max-snippet:-1, max-image-preview:large, max-video-preview:-1\" \/>\n<link rel=\"canonical\" href=\"https:\/\/centrobebe.es\/en\/aviso-legal\/\" \/>\n<meta property=\"og:locale\" content=\"en_GB\" \/>\n<meta property=\"og:type\" content=\"article\" \/>\n<meta property=\"og:title\" content=\"Aviso Legal - Centrobeb\u00e9\" \/>\n<meta property=\"og:description\" content=\"Aviso Legal \u00c1ngel Enrique Redondo Cabello (en adelante, el Titular) con NIF 80136850C, y domicilio en Puente Genil (C\u00f3rdoba), Calle Historiador Antonio Aguilar y Cano, 7, es titular del Sitio Web accesible a trav\u00e9s de la URL: https:\/\/centrobebe.es\/ (en adelante, Centrobeb\u00e9 o el Sitio Web, indistintamente). Para cualquier consulta, duda o sugerencia respecto a Centrobeb\u00e9, puedes ponerte en contacto con nosotros a trav\u00e9s de la direcci\u00f3n de correo electr\u00f3nico info@centrobebe.es o llam\u00e1ndonos al n\u00famero de tel\u00e9fono 957 600 377 o 619 742 430 A&hellip;\" \/>\n<meta property=\"og:url\" content=\"https:\/\/centrobebe.es\/en\/aviso-legal\/\" \/>\n<meta property=\"og:site_name\" content=\"Centrobeb\u00e9\" \/>\n<meta property=\"article:publisher\" content=\"https:\/\/www.facebook.com\/centrobebe\/\" \/>\n<meta property=\"article:modified_time\" content=\"2020-12-03T19:05:30+00:00\" \/>\n<meta name=\"twitter:card\" content=\"summary_large_image\" \/>\n<meta name=\"twitter:site\" content=\"@centrobebe\" \/>\n<meta name=\"twitter:label1\" content=\"Estimated reading time\" \/>\n\t<meta name=\"twitter:data1\" content=\"10 minutes\" \/>\n<script type=\"application\/ld+json\" class=\"yoast-schema-graph\">{\"@context\":\"https:\/\/schema.org\",\"@graph\":[{\"@type\":\"WebPage\",\"@id\":\"https:\/\/centrobebe.es\/aviso-legal\/\",\"url\":\"https:\/\/centrobebe.es\/aviso-legal\/\",\"name\":\"Aviso Legal - Centrobeb\u00e9\",\"isPartOf\":{\"@id\":\"https:\/\/centrobebe.es\/#website\"},\"datePublished\":\"2020-11-25T18:14:21+00:00\",\"dateModified\":\"2020-12-03T19:05:30+00:00\",\"breadcrumb\":{\"@id\":\"https:\/\/centrobebe.es\/aviso-legal\/#breadcrumb\"},\"inLanguage\":\"en-GB\",\"potentialAction\":[{\"@type\":\"ReadAction\",\"target\":[\"https:\/\/centrobebe.es\/aviso-legal\/\"]}]},{\"@type\":\"BreadcrumbList\",\"@id\":\"https:\/\/centrobebe.es\/aviso-legal\/#breadcrumb\",\"itemListElement\":[{\"@type\":\"ListItem\",\"position\":1,\"name\":\"Portada\",\"item\":\"https:\/\/centrobebe.es\/\"},{\"@type\":\"ListItem\",\"position\":2,\"name\":\"Aviso Legal\"}]},{\"@type\":\"WebSite\",\"@id\":\"https:\/\/centrobebe.es\/#website\",\"url\":\"https:\/\/centrobebe.es\/\",\"name\":\"Centrobeb\u00e9\",\"description\":\"Tienda de bebe online | Todo lo que tu bebe necesita\",\"publisher\":{\"@id\":\"https:\/\/centrobebe.es\/#organization\"},\"alternateName\":\"Centrobeb\u00e9\",\"potentialAction\":[{\"@type\":\"SearchAction\",\"target\":{\"@type\":\"EntryPoint\",\"urlTemplate\":\"https:\/\/centrobebe.es\/?s={search_term_string}\"},\"query-input\":{\"@type\":\"PropertyValueSpecification\",\"valueRequired\":true,\"valueName\":\"search_term_string\"}}],\"inLanguage\":\"en-GB\"},{\"@type\":\"Organization\",\"@id\":\"https:\/\/centrobebe.es\/#organization\",\"name\":\"Centrobebe\",\"alternateName\":\"Centrobebe\",\"url\":\"https:\/\/centrobebe.es\/\",\"logo\":{\"@type\":\"ImageObject\",\"inLanguage\":\"en-GB\",\"@id\":\"https:\/\/centrobebe.es\/#\/schema\/logo\/image\/\",\"url\":\"https:\/\/centrobebe.es\/wp-content\/uploads\/2018\/06\/icono3-e1557940133982.png\",\"contentUrl\":\"https:\/\/centrobebe.es\/wp-content\/uploads\/2018\/06\/icono3-e1557940133982.png\",\"width\":34,\"height\":29,\"caption\":\"Centrobebe\"},\"image\":{\"@id\":\"https:\/\/centrobebe.es\/#\/schema\/logo\/image\/\"},\"sameAs\":[\"https:\/\/www.facebook.com\/centrobebe\/\",\"https:\/\/x.com\/centrobebe\",\"https:\/\/www.instagram.com\/centrobebe.es\/\",\"https:\/\/www.youtube.com\/channel\/UCVU-jcFuwntnxOhxvSbf3hg\"]}]}<\/script>\n<!-- \/ Yoast SEO plugin. -->","yoast_head_json":{"title":"Aviso Legal - Centrobeb\u00e9","robots":{"index":"index","follow":"follow","max-snippet":"max-snippet:-1","max-image-preview":"max-image-preview:large","max-video-preview":"max-video-preview:-1"},"canonical":"https:\/\/centrobebe.es\/en\/aviso-legal\/","og_locale":"en_GB","og_type":"article","og_title":"Aviso Legal - Centrobeb\u00e9","og_description":"Aviso Legal \u00c1ngel Enrique Redondo Cabello (en adelante, el Titular) con NIF 80136850C, y domicilio en Puente Genil (C\u00f3rdoba), Calle Historiador Antonio Aguilar y Cano, 7, es titular del Sitio Web accesible a trav\u00e9s de la URL: https:\/\/centrobebe.es\/ (en adelante, Centrobeb\u00e9 o el Sitio Web, indistintamente). Para cualquier consulta, duda o sugerencia respecto a Centrobeb\u00e9, puedes ponerte en contacto con nosotros a trav\u00e9s de la direcci\u00f3n de correo electr\u00f3nico info@centrobebe.es o llam\u00e1ndonos al n\u00famero de tel\u00e9fono 957 600 377 o 619 742 430 A&hellip;","og_url":"https:\/\/centrobebe.es\/en\/aviso-legal\/","og_site_name":"Centrobeb\u00e9","article_publisher":"https:\/\/www.facebook.com\/centrobebe\/","article_modified_time":"2020-12-03T19:05:30+00:00","twitter_card":"summary_large_image","twitter_site":"@centrobebe","twitter_misc":{"Estimated reading time":"10 minutes"},"schema":{"@context":"https:\/\/schema.org","@graph":[{"@type":"WebPage","@id":"https:\/\/centrobebe.es\/aviso-legal\/","url":"https:\/\/centrobebe.es\/aviso-legal\/","name":"Aviso Legal - Centrobeb\u00e9","isPartOf":{"@id":"https:\/\/centrobebe.es\/#website"},"datePublished":"2020-11-25T18:14:21+00:00","dateModified":"2020-12-03T19:05:30+00:00","breadcrumb":{"@id":"https:\/\/centrobebe.es\/aviso-legal\/#breadcrumb"},"inLanguage":"en-GB","potentialAction":[{"@type":"ReadAction","target":["https:\/\/centrobebe.es\/aviso-legal\/"]}]},{"@type":"BreadcrumbList","@id":"https:\/\/centrobebe.es\/aviso-legal\/#breadcrumb","itemListElement":[{"@type":"ListItem","position":1,"name":"Portada","item":"https:\/\/centrobebe.es\/"},{"@type":"ListItem","position":2,"name":"Aviso Legal"}]},{"@type":"WebSite","@id":"https:\/\/centrobebe.es\/#website","url":"https:\/\/centrobebe.es\/","name":"Centrobeb\u00e9","description":"Tienda de bebe online | Todo lo que tu bebe necesita","publisher":{"@id":"https:\/\/centrobebe.es\/#organization"},"alternateName":"Centrobeb\u00e9","potentialAction":[{"@type":"SearchAction","target":{"@type":"EntryPoint","urlTemplate":"https:\/\/centrobebe.es\/?s={search_term_string}"},"query-input":{"@type":"PropertyValueSpecification","valueRequired":true,"valueName":"search_term_string"}}],"inLanguage":"en-GB"},{"@type":"Organization","@id":"https:\/\/centrobebe.es\/#organization","name":"Centrobebe","alternateName":"Centrobebe","url":"https:\/\/centrobebe.es\/","logo":{"@type":"ImageObject","inLanguage":"en-GB","@id":"https:\/\/centrobebe.es\/#\/schema\/logo\/image\/","url":"https:\/\/centrobebe.es\/wp-content\/uploads\/2018\/06\/icono3-e1557940133982.png","contentUrl":"https:\/\/centrobebe.es\/wp-content\/uploads\/2018\/06\/icono3-e1557940133982.png","width":34,"height":29,"caption":"Centrobebe"},"image":{"@id":"https:\/\/centrobebe.es\/#\/schema\/logo\/image\/"},"sameAs":["https:\/\/www.facebook.com\/centrobebe\/","https:\/\/x.com\/centrobebe","https:\/\/www.instagram.com\/centrobebe.es\/","https:\/\/www.youtube.com\/channel\/UCVU-jcFuwntnxOhxvSbf3hg"]}]}},"_links":{"self":[{"href":"https:\/\/centrobebe.es\/en\/wp-json\/wp\/v2\/pages\/33990","targetHints":{"allow":["GET"]}}],"collection":[{"href":"https:\/\/centrobebe.es\/en\/wp-json\/wp\/v2\/pages"}],"about":[{"href":"https:\/\/centrobebe.es\/en\/wp-json\/wp\/v2\/types\/page"}],"author":[{"embeddable":true,"href":"https:\/\/centrobebe.es\/en\/wp-json\/wp\/v2\/users\/2"}],"replies":[{"embeddable":true,"href":"https:\/\/centrobebe.es\/en\/wp-json\/wp\/v2\/comments?post=33990"}],"version-history":[{"count":0,"href":"https:\/\/centrobebe.es\/en\/wp-json\/wp\/v2\/pages\/33990\/revisions"}],"wp:attachment":[{"href":"https:\/\/centrobebe.es\/en\/wp-json\/wp\/v2\/media?parent=33990"}],"curies":[{"name":"wp","href":"https:\/\/api.w.org\/{rel}","templated":true}]}}