{"id":6065,"date":"2018-05-23T08:19:26","date_gmt":"2018-05-23T08:19:26","guid":{"rendered":"http:\/\/s2.innovacor.es\/centrobebe.es\/?page_id=6065"},"modified":"2023-08-03T08:57:46","modified_gmt":"2023-08-03T08:57:46","slug":"condiciones-generales","status":"publish","type":"page","link":"https:\/\/centrobebe.es\/en\/condiciones-generales\/","title":{"rendered":"Condiciones Generales"},"content":{"rendered":"<div data-elementor-type=\"wp-page\" data-elementor-id=\"6065\" class=\"elementor elementor-6065\">\n\t\t\t\t\t\t<section class=\"elementor-section elementor-top-section elementor-element elementor-element-55f29afe elementor-section-boxed elementor-section-height-default elementor-section-height-default\" data-id=\"55f29afe\" data-element_type=\"section\">\n\t\t\t\t\t\t<div class=\"elementor-container elementor-column-gap-default\">\n\t\t\t\t\t<div class=\"elementor-column elementor-col-100 elementor-top-column elementor-element elementor-element-1fa4d637\" data-id=\"1fa4d637\" data-element_type=\"column\">\n\t\t\t<div class=\"elementor-widget-wrap elementor-element-populated\">\n\t\t\t\t\t\t<div class=\"elementor-element elementor-element-7b99274b elementor-widget elementor-widget-text-editor\" data-id=\"7b99274b\" data-element_type=\"widget\" data-widget_type=\"text-editor.default\">\n\t\t\t\t<div class=\"elementor-widget-container\">\n\t\t\t\t\t\t\t\t\t<h1>Condiciones<strong> Generales de Compra<\/strong><\/h1><h3>1. Partes<\/h3><p>De un lado, \u00c1ngel Enrique Redondo Cabello (en adelante Centrobeb\u00e9) es un empresario espa\u00f1ol, con NIF 80136850C y con domicilio social en la Puente Genil (C\u00f3rdoba), Calle Historiador Antonio Aguilar y Cano, 7, titular de la plataforma https:\/\/centrobebe.es\/ (en adelante, el Sitio Web), y de otro, el Comprador, entendido como cualquier Usuario Registrado seg\u00fan lo dispuesto en las Condiciones de Uso, mayor de edad y con capacidad jur\u00eddica y de obrar necesaria, que complete los pasos establecidos en ella orientados a la adquisici\u00f3n de productos ofrecidos por el Sitio Web.<\/p><h3>2. Objeto<\/h3><p>El objeto de estas Condiciones Generales de Compra es regular la adquisici\u00f3n por ti como Usuario Registrado de productos a trav\u00e9s del Sitio Web, a cambio de una contraprestaci\u00f3n econ\u00f3mica que se corresponda con lo aqu\u00ed dispuesto.<\/p><h3>3. Productos<\/h3><h4><u>3.1. Oferta de Productos<\/u><\/h4><p>El Sitio Web ofrece informaci\u00f3n acerca de todos los productos en venta, caracter\u00edsticas y precios. No obstante, se reserva el derecho a retirar, reponer o cambiar los productos que se ofrecen a sus clientes a trav\u00e9s de su p\u00e1gina web, mediante el cambio en el contenido de los mismos. Los productos ofrecidos en cada momento por la Web, se regir\u00e1n por las condiciones\u00a0 vigentes en cada caso, es por ello que la empresa tendr\u00e1 la facultad de dejar de ofrecer, sin previo aviso y en cualquier momento, el acceso a los productos mencionados.<\/p><h4><u>3.2. Disponibilidad<\/u><\/h4><p>La disponibilidad de nuestros productos puede variar en funci\u00f3n de la demanda de los clientes. Nuestro stock se actualiza de manera peri\u00f3dica, pero ello no nos permite garantizarte, que el producto que selecciones no est\u00e9 agotado. De ser as\u00ed te remitiremos un e-mail en el cual te informaremos sobre la imposibilidad del cumplimiento.<\/p><h3>4. Descripci\u00f3n del proceso de compra<\/h3><p>El proceso de compra puede ser realizado a trav\u00e9s del Sitio Web, mediante la identificaci\u00f3n como Usuario Registrado<\/p><p>Para comprar los productos disponibles en el catalogo, ser\u00e1 necesario que el Usuario a trav\u00e9s del catalogo, haga clic sobre aquellos que sean de su inter\u00e9s, seleccionando la opci\u00f3n <em>\u201cA\u00f1adir al carrito\u201d . <\/em>Los productos seleccionados, se encontrar\u00e1n autom\u00e1ticamente a disposici\u00f3n del Usuario en la cesta de compra.<\/p><p>A continuaci\u00f3n, el Usuario deber\u00e1:<\/p><p>a. Hacer clic sobre <em>\u201cCarrito\u201d<\/em> y comprobar que los art\u00edculos del carrito son aquellos que selecciono de tal manera que puede modificar el pedido, a\u00f1adiendo o eliminado productos.<\/p><p>b. Una vez que el Usuario hubiera comprobado que los productos de la cesta se corresponden con la selecci\u00f3n efectuada, para proceder a la realizaci\u00f3n del pedido, deber\u00e1 seleccionar el bot\u00f3n: \u201cFinalizar compra\u201d el cual iniciar\u00e1 el proceso de compra de los productos que se encuentren en el carrito de compra<em>.<\/em><\/p><p>Si en alg\u00fan momento existiera alguna divergencia entre la descripci\u00f3n del producto y las fotograf\u00edas ofrecidas de este prevalecer\u00e1 la imagen .<\/p><p>c.Tras ello, se mostrar\u00e1 en pantalla el proceso de compra, con indicaci\u00f3n de las caracter\u00edsticas y productos que hubiera seleccionado, debiendo el Usuario consignar todos los datos necesarios en el caso de que proceda a realizar la compra.\u00a0 \u00a0En todos aquellos casos, en los cuales el acceso hubiera sido realizado de manera que no se hubiera obtenido la informaci\u00f3n relativa a los datos identificativos del usuario, la direcci\u00f3n o m\u00e9todo de pago, ser\u00e1 necesario que el usuario consigne tales y cree una cuenta, en el caso de que as\u00ed lo desee, en el Sitio Web, de manera que se pueda gestionar la tramitaci\u00f3n del pedido.<\/p><p>d. Ser\u00e1 necesario que el Comprador seleccione la forma de env\u00edo o recogida.<\/p><p>e. En el caso de que el acceso se hubiera realizado de forma que no se hubiera indicado el m\u00e9todo de pago, ser\u00e1 necesario que el Comprador seleccione el m\u00e9todo de pago escogido.<\/p><p>Actualmente los medios de pago disponibles son:<\/p><ul><li><span style=\"text-decoration: underline;\"><strong>1-Transferencia bancaria \/ Ingreso en Cuenta.<\/strong><\/span> Cuando recibas el e-mail con los datos de tu pedido tendr\u00e1s que realizar una transferencia o ingreso por el valor de la compra al n\u00famero de cuenta que se indique. En la transferencia o ingreso debes indicarnos el n\u00famero de pedido. Se ha de tener en cuenta que la transferencia bancaria puede tardar en ser efectiva 1 o 2 d\u00edas por lo que puede haber demora en la entrega. Aconsejamos pasar email el comprobante de la transferencia para agilizar el env\u00edo.<\/li><li><span style=\"text-decoration: underline;\"><strong>2-Tarjeta de d\u00e9bito o cr\u00e9dito:<\/strong><\/span> En este caso necesitaremos que nos facilites informaci\u00f3n relativa a su tarjeta a los \u00fanicos efectos de tramitar el pago. Realizar\u00e1s el pago de tu pedido a trav\u00e9s de la pasarela de pago seguro de 4B.<\/li><li><span style=\"text-decoration: underline;\"><strong>3-Paypal<\/strong><\/span>: Env\u00eda el importe de la factura a trav\u00e9s de PayPal a la cuenta de Centrobeb\u00e9. Esta modalidad tiene un recargo del 2% del importe de tu pedido. Para m\u00e1s informaci\u00f3n visita <a href=\"http:\/\/www.paypal.com\/\">http:www.paypal.com<\/a>.<\/li><li><span style=\"text-decoration: underline;\"><strong>4-Financia Facilmente a plazos con Sequra:<\/strong><\/span> Financia tu compra en <strong>3 MESES SIN INTERESES o en c\u00f3modos pagos de 6 o 12 plazos.<\/strong> Las cuotas se girar\u00e1n peri\u00f3dicamente sobre la tarjeta que a\u00f1adas en el proceso de financiaci\u00f3n. La primera cuota se te cargar\u00e1 tras la firma electr\u00f3nica del contrato de financiaci\u00f3n.\u00a0<\/li><\/ul><p>f. Toda vez que el Usuario hubiera facilitado estos datos, deber\u00e1, tras revisar el pedido y en funci\u00f3n del m\u00e9todo de pago seleccionado, proceder al pago, y con ello, confirmar su voluntad de adquirir y formalizar la compraventa, previa aceptaci\u00f3n de estas Condiciones.<\/p><p>g. Centrobeb\u00e9 confirmar\u00e1 haber recibido la voluntad de compra del Comprador y, en su caso, el pago del pedido. De igual manera, remitir\u00e1 por correo electr\u00f3nico la correspondiente factura, cuando el cliente la haya solicitado. Mediante la aceptaci\u00f3n de estas Condiciones el Comprador permite el env\u00edo de factura electr\u00f3nica. En cualquier momento, puede oponerse a ello, indic\u00e1ndolo al correo electr\u00f3nico que encontrar\u00e1 en el Aviso Legal.<\/p><p>\u00a0 \u00a0 \u00a0 h.Una vez confirmado el pedido, el Comprador recibir\u00e1 el mismo en el plazo indicado en el Sitio Web.<\/p><h3>5. Pol\u00edtica de precios<\/h3><p>Todos los precios se indican en euros e incluyen los impuestos aplicables. El precio de cada producto ser\u00e1 el vigente en la fecha de formulaci\u00f3n del pedido. El precio no incluir\u00e1 los gastos de env\u00edo y su importe\u00a0se indicar\u00e1 separadamente.<\/p><h3>6. Pol\u00edtica de descuentos<\/h3><p>Es posible que el Sitio Web incluya promociones y\/o c\u00f3digos de descuentos. Tales circunstancias aparecer\u00e1n reflejadas en pantalla, al igual que las eventuales condiciones aplicables en su caso. Cualquier modificaci\u00f3n de los mismos queda sometida a la voluntad de Centrobeb\u00e9, si bien solo afectar\u00e1 a los Usuarios que las hubieran aceptado con posterioridad a dicha modificaci\u00f3n.<\/p><p>En caso de no disponer de alg\u00fan\/os art\u00edculo\/s en promoci\u00f3n, Centrobeb\u00e9 informar\u00e1 al Comprador del nuevo plazo de entrega, indic\u00e1ndole la posibilidad de reembolso de las cantidades pagadas por el\/los art\u00edculo\/s concreto\/s, o de la sustituci\u00f3n por un producto de caracter\u00edsticas similares de superior o misma calidad, a elecci\u00f3n del Comprador. En este \u00faltimo caso, el Comprador podr\u00e1 ejercer los derechos de desistimiento y resoluci\u00f3n en los t\u00e9rminos aplicables al bien inicialmente comprado.<\/p><h3>7. Aceptaci\u00f3n de las Condiciones Generales de Compra<\/h3><p>Cuando la compra se realiza \u00edntegramente a trav\u00e9s de la Web, deber\u00e1s leer las presentes Condiciones y aceptarlas de forma expresa, haciendo clic en la casilla de verificaci\u00f3n correspondiente, que se encuentra desmarcada por defecto, al final del proceso de compra.<\/p><p>En caso de que existan normas o restricciones especiales que afectasen a determinadas tarifas, descuentos y\/o productos hubieras seleccionado, tales normas o restricciones especiales ser\u00e1n puestas de manifiesto al mismo en la pantalla antes de proceder a la adquisici\u00f3n del producto.<\/p><h3>8. Obligaciones de las partes<\/h3><h4><u>8.1. Obligaciones del Titular<\/u><\/h4><p>Centrobeb\u00e9 se se compromete a:<\/p><ol><li>Realizar de manera eficaz y eficiente todos los tramites destinados la ejecuci\u00f3n de la recepci\u00f3n por el Comprador de los productos que comprado.<\/li><li>Remitir al Comprador toda la informaci\u00f3n y documentaci\u00f3n necesaria para recepci\u00f3n del pedido.<\/li><li>No permitir ninguna transacci\u00f3n que sea ilegal, o se considere por las marcas de tarjetas de cr\u00e9dito o el banco adquiriente que pueda o tenga el potencial de da\u00f1ar la buena voluntad de los mismos o influir de manera negativa en ellos. En virtud de los programas de las marcas de tarjetas, las siguientes actividades est\u00e1n prohibidas: la venta u oferta de un producto o servicio que no sea de plena conformidad con todas las leyes aplicables al comprador, banco emisor, comerciante, titular de la tarjeta, o tarjetas; as\u00ed como la venta de medicamentos.<\/li><li>Cumplir con estas obligaciones as\u00ed como cualesquiera otras que resultaran aplicables.<\/li><\/ol><h4><u>8.2. Obligaciones del Comprador<\/u><\/h4><p>Mediante la aceptaci\u00f3n de estas Condiciones, el Comprador se compromete a:<\/p><ol><li>Pagar en tiempo y forma las cantidades correspondientes que se hubieran especificado en el proceso de compra. La falta de pago eximir\u00e1 a Centrobeb\u00e9 del cumplimiento de las obligaciones aqu\u00ed expuestas, y cualesquiera otras que hubiere contra\u00eddo a cambio de la recepci\u00f3n de la contraprestaci\u00f3n econ\u00f3mica por los productos.<\/li><li>Responder de la veracidad y autenticidad de cualesquiera datos que hayan sido facilitados para realizar la adquisici\u00f3n de los art\u00edculos seleccionados.<\/li><li>Asumir las responsabilidades derivadas de cualquiera de los requisitos exigidos por estas Condiciones para ostentar la condici\u00f3n de Comprador, as\u00ed como la falta de documentaci\u00f3n necesaria para el pago de la compra.<\/li><li>Cumplir cualesquiera otras obligaciones contenidas en las presentes Condiciones o en cualesquiera otras que resultaran aplicables y asumir cualquier responsabilidad derivada de su incumplimiento, dejando totalmente indemne al Titular.<\/li><\/ol><h3>9. Exclusi\u00f3n de responsabilidad<\/h3><p>El Titular en ning\u00fan caso es responsable por los da\u00f1os y perjuicios que se causen al Comprador por causas imputables al mismo. \u00danica y exclusivamente, Centrobeb\u00e9 ser\u00e1 responsable por aquellos da\u00f1os y perjuicios que se causen a consecuencia de las compras realizadas en el Sitio Web, siempre y cuando se deriven de una acci\u00f3n dolosa o culposa de aquel.<\/p><p>A titulo meramente enunciativo, Centrobeb\u00e9 no es responsable de:<\/p><ol><li>La utilidad que para el Comprador tengan los productos que hubiera adquirido, ya que en ning\u00fan momento el Titular es responsable de la selecci\u00f3n efectuada, aunque identifique art\u00edculos en combinaci\u00f3n con los productos seleccionados, que por sus caracter\u00edsticas se recomiendan como accesorios y\/o complementos.<\/li><li>Los da\u00f1os personales o materiales provocados a consecuencia de la utilizaci\u00f3n de los productos, siempre y cuando no se hubieran seguido las recomendaciones especificadas en el mismo.<\/li><li>El incumplimiento de sus obligaciones por motivos de fuerza mayor como puedan ser, sin \u00e1nimo de ser exhaustivo, huelgas internas o externas, cat\u00e1strofes naturales, revueltas sociales, etc.<\/li><\/ol><p>Reconoce as\u00ed el Comprador que adquiere los art\u00edculos bajo su propio riesgo y ventura, limit\u00e1ndose la actividad de Centrobeb\u00e9 a la ejecuci\u00f3n de las tareas materiales necesarias para la entrega, tramitaci\u00f3n y gesti\u00f3n.<\/p><p>En cualquier caso, la responsabilidad que asume Centrobeb\u00e9 frente al Comprador, en ning\u00fan caso incluye el lucro cesante y se limitar\u00e1, como m\u00e1ximo y por cualquier concepto, al importe total percibido por Centrobeb\u00e9 del Comprador en contraprestaci\u00f3n por la adquisici\u00f3n del producto de conformidad con estas Condiciones.<\/p><p>La empresa se guarda la posibilidad de anular el pedido si detecta cualquier error\u00a0 de descripci\u00f3n o precio abonando\u00a0 por el mismo medio de pago el importe satisfecho por el cliente.<\/p><h3>10. Indemnizaci\u00f3n<\/h3><p>Cualquier tipo de da\u00f1o, perjuicio, p\u00e9rdida o coste (incluidos honorarios de abogados y\/o procuradores) derivado de un incumplimiento por parte del Comprador de estas Condiciones o de cualesquiera otras resultaren aplicables, en que incurriera Centrobeb\u00e9, deber\u00e1 ser resarcido por el Comprador que lo origin\u00f3. Ello abarca cualquier reclamaci\u00f3n de terceros derivada de dichos incumplimientos.<\/p><h3>11. Modificaciones<\/h3><p>Las presentes Condiciones pueden ser en cualquier momento modificadas y\/o actualizadas sin necesidad de previo aviso. Las modificaciones efectuadas entrar\u00e1n en vigor a partir de su publicaci\u00f3n en el Sitio Web, sea cual sea el medio y forma empleado para ello.<\/p><p>La modificaci\u00f3n solo afectar\u00e1 a los Compradores que la hubieran aceptado con posterioridad a dicha modificaci\u00f3n.<\/p><h3>12. Otras cuestiones<\/h3><p><u>12.1. Salvaguarda e interpretaci\u00f3n de estas Condiciones<\/u><\/p><p>Si la Autoridad competente declarara alguna de estas disposiciones como ilegal, inv\u00e1lida o no ejecutable, ello supondr\u00e1 que la misma deba ser interpretada de la manera m\u00e1s pr\u00f3xima a la intenci\u00f3n original de tal disposici\u00f3n. En cualquier caso, tal declaraci\u00f3n respecto de alguna o algunas cl\u00e1usulas no perjudicar\u00e1 la validez de las restantes.<\/p><p>La no exigencia por parte de Centrobeb\u00e9 del cumplimiento estricto de alguno de los t\u00e9rminos de estas Condiciones, no constituye ni podr\u00e1 interpretarse en ning\u00fan caso como una renuncia por su parte a exigirlo en un futuro.<\/p><p><u>12.2. Idioma<\/u><\/p><p>El idioma aplicable a estas Condiciones es el espa\u00f1ol. Si se ofrecen versiones en otros idiomas, es \u00fanicamente por mera cortes\u00eda, para la comodidad del Comprador. Por ello, \u00e9ste acepta expresamente que las mismas se rijan por su versi\u00f3n en espa\u00f1ol. En caso de contradicci\u00f3n, prevalecer\u00e1 la versi\u00f3n en espa\u00f1ol.<\/p><p><u>12.3. Legislaci\u00f3n y fuero<\/u><\/p><p>Las relaciones entre el Titular y el Comprador se regir\u00e1n por la legislaci\u00f3n espa\u00f1ola y las discrepancias o conflictos en torno a estas Condiciones se someter\u00e1n a los Juzgados y Tribunales del domicilio del Comprador, siempre y cuando \u00e9ste tenga la condici\u00f3n de consumidor y usuario de conformidad a la normativa aplicable. En caso contrario, las partes se someten a los Juzgados y Tribunales de Puente Genil.<\/p><p>Si el Comprador tuviera alg\u00fan problema derivado de la compra de los productos disponibles en el Catalogo del Sitio Web, podr\u00e1 recurrir al sistema de resoluci\u00f3n de litigios en l\u00ednea de la Uni\u00f3n Europea, accesible desde el siguiente enlace: <a href=\"https:\/\/webgate.ec.europa.eu\/odr\/main\/?event=main.home.show&amp;lng=ES\">https:\/\/webgate.ec.europa.eu\/odr\/main\/?event=main.home.show&amp;lng=ES<\/a>.<\/p>\t\t\t\t\t\t\t\t<\/div>\n\t\t\t\t<\/div>\n\t\t\t\t\t<\/div>\n\t\t<\/div>\n\t\t\t\t\t<\/div>\n\t\t<\/section>\n\t\t\t\t<\/div>","protected":false},"excerpt":{"rendered":"<p>Condiciones Generales de Compra 1. Partes De un lado, \u00c1ngel Enrique Redondo Cabello (en adelante Centrobeb\u00e9) es un empresario espa\u00f1ol, con NIF 80136850C y con domicilio social en la Puente Genil (C\u00f3rdoba), Calle Historiador Antonio Aguilar y Cano, 7, titular de la plataforma https:\/\/centrobebe.es\/ (en adelante, el Sitio Web), y de otro, el Comprador, entendido como cualquier Usuario Registrado seg\u00fan lo dispuesto en las Condiciones de Uso, mayor de edad y con capacidad jur\u00eddica y de obrar necesaria, que complete los pasos establecidos en&hellip;<\/p>","protected":false},"author":2,"featured_media":0,"parent":0,"menu_order":0,"comment_status":"closed","ping_status":"closed","template":"page-templates\/full-width.php","meta":{"footnotes":""},"class_list":["post-6065","page","type-page","status-publish","hentry"],"yoast_head":"<!-- This site is optimized with the Yoast SEO plugin v26.9 - https:\/\/yoast.com\/product\/yoast-seo-wordpress\/ -->\n<title>Condiciones Generales - Centrobeb\u00e9<\/title>\n<meta name=\"robots\" content=\"index, follow, max-snippet:-1, max-image-preview:large, max-video-preview:-1\" \/>\n<link rel=\"canonical\" href=\"https:\/\/centrobebe.es\/en\/condiciones-generales\/\" \/>\n<meta property=\"og:locale\" content=\"en_GB\" \/>\n<meta property=\"og:type\" content=\"article\" \/>\n<meta property=\"og:title\" content=\"Condiciones Generales - Centrobeb\u00e9\" \/>\n<meta property=\"og:description\" content=\"Condiciones Generales de Compra 1. Partes De un lado, \u00c1ngel Enrique Redondo Cabello (en adelante Centrobeb\u00e9) es un empresario espa\u00f1ol, con NIF 80136850C y con domicilio social en la Puente Genil (C\u00f3rdoba), Calle Historiador Antonio Aguilar y Cano, 7, titular de la plataforma https:\/\/centrobebe.es\/ (en adelante, el Sitio Web), y de otro, el Comprador, entendido como cualquier Usuario Registrado seg\u00fan lo dispuesto en las Condiciones de Uso, mayor de edad y con capacidad jur\u00eddica y de obrar necesaria, que complete los pasos establecidos en&hellip;\" \/>\n<meta property=\"og:url\" content=\"https:\/\/centrobebe.es\/en\/condiciones-generales\/\" \/>\n<meta property=\"og:site_name\" content=\"Centrobeb\u00e9\" \/>\n<meta property=\"article:publisher\" content=\"https:\/\/www.facebook.com\/centrobebe\/\" \/>\n<meta property=\"article:modified_time\" content=\"2023-08-03T08:57:46+00:00\" \/>\n<meta name=\"twitter:card\" content=\"summary_large_image\" \/>\n<meta name=\"twitter:site\" content=\"@centrobebe\" \/>\n<meta name=\"twitter:label1\" content=\"Estimated reading time\" \/>\n\t<meta name=\"twitter:data1\" content=\"11 minutes\" \/>\n<script type=\"application\/ld+json\" class=\"yoast-schema-graph\">{\"@context\":\"https:\/\/schema.org\",\"@graph\":[{\"@type\":\"WebPage\",\"@id\":\"https:\/\/centrobebe.es\/condiciones-generales\/\",\"url\":\"https:\/\/centrobebe.es\/condiciones-generales\/\",\"name\":\"Condiciones Generales - Centrobeb\u00e9\",\"isPartOf\":{\"@id\":\"https:\/\/centrobebe.es\/#website\"},\"datePublished\":\"2018-05-23T08:19:26+00:00\",\"dateModified\":\"2023-08-03T08:57:46+00:00\",\"breadcrumb\":{\"@id\":\"https:\/\/centrobebe.es\/condiciones-generales\/#breadcrumb\"},\"inLanguage\":\"en-GB\",\"potentialAction\":[{\"@type\":\"ReadAction\",\"target\":[\"https:\/\/centrobebe.es\/condiciones-generales\/\"]}]},{\"@type\":\"BreadcrumbList\",\"@id\":\"https:\/\/centrobebe.es\/condiciones-generales\/#breadcrumb\",\"itemListElement\":[{\"@type\":\"ListItem\",\"position\":1,\"name\":\"Portada\",\"item\":\"https:\/\/centrobebe.es\/\"},{\"@type\":\"ListItem\",\"position\":2,\"name\":\"Condiciones Generales\"}]},{\"@type\":\"WebSite\",\"@id\":\"https:\/\/centrobebe.es\/#website\",\"url\":\"https:\/\/centrobebe.es\/\",\"name\":\"Centrobeb\u00e9\",\"description\":\"Tienda de bebe online | Todo lo que tu bebe necesita\",\"publisher\":{\"@id\":\"https:\/\/centrobebe.es\/#organization\"},\"alternateName\":\"Centrobeb\u00e9\",\"potentialAction\":[{\"@type\":\"SearchAction\",\"target\":{\"@type\":\"EntryPoint\",\"urlTemplate\":\"https:\/\/centrobebe.es\/?s={search_term_string}\"},\"query-input\":{\"@type\":\"PropertyValueSpecification\",\"valueRequired\":true,\"valueName\":\"search_term_string\"}}],\"inLanguage\":\"en-GB\"},{\"@type\":\"Organization\",\"@id\":\"https:\/\/centrobebe.es\/#organization\",\"name\":\"Centrobebe\",\"alternateName\":\"Centrobebe\",\"url\":\"https:\/\/centrobebe.es\/\",\"logo\":{\"@type\":\"ImageObject\",\"inLanguage\":\"en-GB\",\"@id\":\"https:\/\/centrobebe.es\/#\/schema\/logo\/image\/\",\"url\":\"https:\/\/centrobebe.es\/wp-content\/uploads\/2018\/06\/icono3-e1557940133982.png\",\"contentUrl\":\"https:\/\/centrobebe.es\/wp-content\/uploads\/2018\/06\/icono3-e1557940133982.png\",\"width\":34,\"height\":29,\"caption\":\"Centrobebe\"},\"image\":{\"@id\":\"https:\/\/centrobebe.es\/#\/schema\/logo\/image\/\"},\"sameAs\":[\"https:\/\/www.facebook.com\/centrobebe\/\",\"https:\/\/x.com\/centrobebe\",\"https:\/\/www.instagram.com\/centrobebe.es\/\",\"https:\/\/www.youtube.com\/channel\/UCVU-jcFuwntnxOhxvSbf3hg\"]}]}<\/script>\n<!-- \/ Yoast SEO plugin. -->","yoast_head_json":{"title":"Condiciones Generales - Centrobeb\u00e9","robots":{"index":"index","follow":"follow","max-snippet":"max-snippet:-1","max-image-preview":"max-image-preview:large","max-video-preview":"max-video-preview:-1"},"canonical":"https:\/\/centrobebe.es\/en\/condiciones-generales\/","og_locale":"en_GB","og_type":"article","og_title":"Condiciones Generales - Centrobeb\u00e9","og_description":"Condiciones Generales de Compra 1. Partes De un lado, \u00c1ngel Enrique Redondo Cabello (en adelante Centrobeb\u00e9) es un empresario espa\u00f1ol, con NIF 80136850C y con domicilio social en la Puente Genil (C\u00f3rdoba), Calle Historiador Antonio Aguilar y Cano, 7, titular de la plataforma https:\/\/centrobebe.es\/ (en adelante, el Sitio Web), y de otro, el Comprador, entendido como cualquier Usuario Registrado seg\u00fan lo dispuesto en las Condiciones de Uso, mayor de edad y con capacidad jur\u00eddica y de obrar necesaria, que complete los pasos establecidos en&hellip;","og_url":"https:\/\/centrobebe.es\/en\/condiciones-generales\/","og_site_name":"Centrobeb\u00e9","article_publisher":"https:\/\/www.facebook.com\/centrobebe\/","article_modified_time":"2023-08-03T08:57:46+00:00","twitter_card":"summary_large_image","twitter_site":"@centrobebe","twitter_misc":{"Estimated reading time":"11 minutes"},"schema":{"@context":"https:\/\/schema.org","@graph":[{"@type":"WebPage","@id":"https:\/\/centrobebe.es\/condiciones-generales\/","url":"https:\/\/centrobebe.es\/condiciones-generales\/","name":"Condiciones Generales - Centrobeb\u00e9","isPartOf":{"@id":"https:\/\/centrobebe.es\/#website"},"datePublished":"2018-05-23T08:19:26+00:00","dateModified":"2023-08-03T08:57:46+00:00","breadcrumb":{"@id":"https:\/\/centrobebe.es\/condiciones-generales\/#breadcrumb"},"inLanguage":"en-GB","potentialAction":[{"@type":"ReadAction","target":["https:\/\/centrobebe.es\/condiciones-generales\/"]}]},{"@type":"BreadcrumbList","@id":"https:\/\/centrobebe.es\/condiciones-generales\/#breadcrumb","itemListElement":[{"@type":"ListItem","position":1,"name":"Portada","item":"https:\/\/centrobebe.es\/"},{"@type":"ListItem","position":2,"name":"Condiciones Generales"}]},{"@type":"WebSite","@id":"https:\/\/centrobebe.es\/#website","url":"https:\/\/centrobebe.es\/","name":"Centrobeb\u00e9","description":"Tienda de bebe online | Todo lo que tu bebe necesita","publisher":{"@id":"https:\/\/centrobebe.es\/#organization"},"alternateName":"Centrobeb\u00e9","potentialAction":[{"@type":"SearchAction","target":{"@type":"EntryPoint","urlTemplate":"https:\/\/centrobebe.es\/?s={search_term_string}"},"query-input":{"@type":"PropertyValueSpecification","valueRequired":true,"valueName":"search_term_string"}}],"inLanguage":"en-GB"},{"@type":"Organization","@id":"https:\/\/centrobebe.es\/#organization","name":"Centrobebe","alternateName":"Centrobebe","url":"https:\/\/centrobebe.es\/","logo":{"@type":"ImageObject","inLanguage":"en-GB","@id":"https:\/\/centrobebe.es\/#\/schema\/logo\/image\/","url":"https:\/\/centrobebe.es\/wp-content\/uploads\/2018\/06\/icono3-e1557940133982.png","contentUrl":"https:\/\/centrobebe.es\/wp-content\/uploads\/2018\/06\/icono3-e1557940133982.png","width":34,"height":29,"caption":"Centrobebe"},"image":{"@id":"https:\/\/centrobebe.es\/#\/schema\/logo\/image\/"},"sameAs":["https:\/\/www.facebook.com\/centrobebe\/","https:\/\/x.com\/centrobebe","https:\/\/www.instagram.com\/centrobebe.es\/","https:\/\/www.youtube.com\/channel\/UCVU-jcFuwntnxOhxvSbf3hg"]}]}},"_links":{"self":[{"href":"https:\/\/centrobebe.es\/en\/wp-json\/wp\/v2\/pages\/6065","targetHints":{"allow":["GET"]}}],"collection":[{"href":"https:\/\/centrobebe.es\/en\/wp-json\/wp\/v2\/pages"}],"about":[{"href":"https:\/\/centrobebe.es\/en\/wp-json\/wp\/v2\/types\/page"}],"author":[{"embeddable":true,"href":"https:\/\/centrobebe.es\/en\/wp-json\/wp\/v2\/users\/2"}],"replies":[{"embeddable":true,"href":"https:\/\/centrobebe.es\/en\/wp-json\/wp\/v2\/comments?post=6065"}],"version-history":[{"count":9,"href":"https:\/\/centrobebe.es\/en\/wp-json\/wp\/v2\/pages\/6065\/revisions"}],"predecessor-version":[{"id":46912,"href":"https:\/\/centrobebe.es\/en\/wp-json\/wp\/v2\/pages\/6065\/revisions\/46912"}],"wp:attachment":[{"href":"https:\/\/centrobebe.es\/en\/wp-json\/wp\/v2\/media?parent=6065"}],"curies":[{"name":"wp","href":"https:\/\/api.w.org\/{rel}","templated":true}]}}