{"id":10829,"date":"2018-12-09T22:40:27","date_gmt":"2018-12-09T22:40:27","guid":{"rendered":"https:\/\/centrobebe.es\/?post_type=product&#038;p=10829"},"modified":"2025-03-31T17:11:46","modified_gmt":"2025-03-31T17:11:46","slug":"silla-auto-jane-concord-iwinner","status":"publish","type":"product","link":"https:\/\/centrobebe.es\/en\/shop\/centrobebe\/el-viaje\/sillas-de-auto\/grupo-2-3-sillas-de-auto\/silla-auto-jane-concord-iwinner\/","title":{"rendered":"Silla Coche Jane Concord Iwinner 100-150 cm Isize"},"content":{"rendered":"<h1>Silla Coche Jane Concord I winner 100-150 cm Isize<\/h1>\n<p>Silla Coche Jane Concord Iwinner 100-150 cm Isize es la nueva silla de coche para ni\u00f1os desde 100 cm a 150cm.<\/p>\n<p>La seguridad de los mayores de la casa tambi\u00e9n es esencial en cada desplazamiento. La silla de seguridad iWinner ofrece una gran protecci\u00f3n con un dise\u00f1o deportivo y m\u00faltiples prestaciones. Destaca por su pist\u00f3n neum\u00e1tico para ajustar la altura, su adaptaci\u00f3n de la anchura para un ajuste perfecto al ni\u00f1o y los canales de aireaci\u00f3n en todo su interior, que favorecen la transpiraci\u00f3n y mantienen la comodidad durante el viaje.<\/p>\n<h2>Caracter\u00edsticas silla auto Jane Concord Iwinner<\/h2>\n<p>1- Silla de seguridad para los m\u00e1s mayores con un<br \/>\ndise\u00f1o inspirado en los veh\u00edculos deportivos.<br \/>\n2- Pist\u00f3n neum\u00e1tico para ajustar c\u00f3modamente el<br \/>\nrespaldo a la altura del ni\u00f1o. Se acciona f\u00e1cilmente<br \/>\npulsando un bot\u00f3n.<br \/>\n3- 3 Layer Impact Protection: Protecci\u00f3n extra en la zona<br \/>\nlateral que ayuda en la absorci\u00f3n de energ\u00eda en caso<br \/>\nde impacto lateral.<br \/>\n4- Se ajusta gradualmente en anchura de forma<br \/>\nindependiente a la altura del respaldo.<br \/>\n5- Sistema de anclajes Isofix para una mayor seguridad y<br \/>\nestabilidad de la silla.<br \/>\n6- 3 posiciones de reclinado para favorecer el descanso.<br \/>\n7- Dispone de canales de aireaci\u00f3n en todo el interior para facilitar la transpiraci\u00f3n.<br \/>\n8- Tapicer\u00eda desenfundable y lavable.<br \/>\n9- Configuraci\u00f3n: Se instala a favor de la marcha con los anclajes isofix y el cintur\u00f3n del coche.<\/p>\n<h2>Medidas<\/h2>\n<p>Peso:6.5kg<\/p>\n<p>Medidas: 44x45x63\/82 cm<\/p>\n<p>&nbsp;<\/p>\n<p>Si necesitas m\u00e1s informaci\u00f3n sobre la silla concord transformer no dudes en ponerte en contacto con Centrobebe. Nuestro equipo de profesionales estar\u00e1 encantado de ayudarte y aconsejarte sobre los productos m\u00e1s beneficiarios para tu beb\u00e9.<\/p>\n<p>Descubre m\u00e1s <strong><a href=\"https:\/\/centrobebe.es\/en\/product-category\/centrobebe\/el-viaje\/\">sillas coche bebe<\/a><\/strong> en nuestro cat\u00e1logo online.<\/p>","protected":false},"excerpt":{"rendered":"<p>Silla Coche Jane Concord Iwinner 100-150 cm Isize<\/p>","protected":false},"featured_media":53911,"template":"","meta":[],"pwb-brand":[385],"product_cat":[455],"product_tag":[],"class_list":{"0":"post-10829","1":"product","2":"type-product","3":"status-publish","4":"has-post-thumbnail","6":"pwb-brand-jane","7":"product_cat-grupo-2-3-sillas-de-auto","8":"pa_color-azul-lago","9":"pa_color-gris","10":"pa_color-negro","11":"tm-no-options","13":"first","14":"instock","15":"taxable","16":"shipping-taxable","17":"purchasable","18":"product-type-variable","19":"wvs-archive-product-wrapper"},"yoast_head":"<!-- This site is optimized with the Yoast SEO plugin v26.9 - https:\/\/yoast.com\/product\/yoast-seo-wordpress\/ -->\n<title>Silla Coche Jane Concord Iwinner 100-150 cm Isize - Centrobeb\u00e9<\/title>\n<meta name=\"description\" content=\"Silla coche Jane Concord Iwinner para ni\u00f1o de 100cm a 150cm. Financia online ahora.\" \/>\n<meta name=\"robots\" content=\"index, follow, max-snippet:-1, max-image-preview:large, max-video-preview:-1\" \/>\n<link rel=\"canonical\" href=\"https:\/\/centrobebe.es\/en\/shop\/centrobebe\/el-viaje\/sillas-de-auto\/grupo-2-3-sillas-de-auto\/silla-auto-jane-concord-iwinner\/\" \/>\n<meta property=\"og:locale\" content=\"en_GB\" \/>\n<meta property=\"og:type\" content=\"article\" \/>\n<meta property=\"og:title\" content=\"Silla Coche Jane Concord Iwinner 100-150 cm Isize - Centrobeb\u00e9\" \/>\n<meta property=\"og:description\" content=\"Silla coche Jane Concord Iwinner para ni\u00f1o de 100cm a 150cm. Financia online ahora.\" \/>\n<meta property=\"og:url\" content=\"https:\/\/centrobebe.es\/en\/shop\/centrobebe\/el-viaje\/sillas-de-auto\/grupo-2-3-sillas-de-auto\/silla-auto-jane-concord-iwinner\/\" \/>\n<meta property=\"og:site_name\" content=\"Centrobeb\u00e9\" \/>\n<meta property=\"article:publisher\" content=\"https:\/\/www.facebook.com\/centrobebe\/\" \/>\n<meta property=\"article:modified_time\" content=\"2025-03-31T17:11:46+00:00\" \/>\n<meta property=\"og:image\" content=\"https:\/\/centrobebe.es\/wp-content\/uploads\/2018\/12\/4603_U79_iwinner_seal_01-Copiar.jpg\" \/>\n\t<meta property=\"og:image:width\" content=\"600\" \/>\n\t<meta property=\"og:image:height\" content=\"600\" \/>\n\t<meta property=\"og:image:type\" content=\"image\/jpeg\" \/>\n<meta name=\"twitter:card\" content=\"summary_large_image\" \/>\n<meta name=\"twitter:site\" content=\"@centrobebe\" \/>\n<meta name=\"twitter:label1\" content=\"Estimated reading time\" \/>\n\t<meta name=\"twitter:data1\" content=\"2 minutes\" \/>\n<script type=\"application\/ld+json\" class=\"yoast-schema-graph\">{\"@context\":\"https:\/\/schema.org\",\"@graph\":[{\"@type\":\"WebPage\",\"@id\":\"https:\/\/centrobebe.es\/shop\/centrobebe\/el-viaje\/sillas-de-auto\/grupo-2-3-sillas-de-auto\/silla-auto-jane-concord-iwinner\/\",\"url\":\"https:\/\/centrobebe.es\/shop\/centrobebe\/el-viaje\/sillas-de-auto\/grupo-2-3-sillas-de-auto\/silla-auto-jane-concord-iwinner\/\",\"name\":\"Silla Coche Jane Concord Iwinner 100-150 cm Isize - Centrobeb\u00e9\",\"isPartOf\":{\"@id\":\"https:\/\/centrobebe.es\/#website\"},\"primaryImageOfPage\":{\"@id\":\"https:\/\/centrobebe.es\/shop\/centrobebe\/el-viaje\/sillas-de-auto\/grupo-2-3-sillas-de-auto\/silla-auto-jane-concord-iwinner\/#primaryimage\"},\"image\":{\"@id\":\"https:\/\/centrobebe.es\/shop\/centrobebe\/el-viaje\/sillas-de-auto\/grupo-2-3-sillas-de-auto\/silla-auto-jane-concord-iwinner\/#primaryimage\"},\"thumbnailUrl\":\"https:\/\/centrobebe.es\/wp-content\/uploads\/2018\/12\/4603_U79_iwinner_seal_01-Copiar.jpg\",\"datePublished\":\"2018-12-09T22:40:27+00:00\",\"dateModified\":\"2025-03-31T17:11:46+00:00\",\"description\":\"Silla coche Jane Concord Iwinner para ni\u00f1o de 100cm a 150cm. Financia online ahora.\",\"breadcrumb\":{\"@id\":\"https:\/\/centrobebe.es\/shop\/centrobebe\/el-viaje\/sillas-de-auto\/grupo-2-3-sillas-de-auto\/silla-auto-jane-concord-iwinner\/#breadcrumb\"},\"inLanguage\":\"en-GB\",\"potentialAction\":[{\"@type\":\"ReadAction\",\"target\":[\"https:\/\/centrobebe.es\/shop\/centrobebe\/el-viaje\/sillas-de-auto\/grupo-2-3-sillas-de-auto\/silla-auto-jane-concord-iwinner\/\"]}]},{\"@type\":\"ImageObject\",\"inLanguage\":\"en-GB\",\"@id\":\"https:\/\/centrobebe.es\/shop\/centrobebe\/el-viaje\/sillas-de-auto\/grupo-2-3-sillas-de-auto\/silla-auto-jane-concord-iwinner\/#primaryimage\",\"url\":\"https:\/\/centrobebe.es\/wp-content\/uploads\/2018\/12\/4603_U79_iwinner_seal_01-Copiar.jpg\",\"contentUrl\":\"https:\/\/centrobebe.es\/wp-content\/uploads\/2018\/12\/4603_U79_iwinner_seal_01-Copiar.jpg\",\"width\":600,\"height\":600,\"caption\":\"silla auto jane concord iwinner\"},{\"@type\":\"BreadcrumbList\",\"@id\":\"https:\/\/centrobebe.es\/shop\/centrobebe\/el-viaje\/sillas-de-auto\/grupo-2-3-sillas-de-auto\/silla-auto-jane-concord-iwinner\/#breadcrumb\",\"itemListElement\":[{\"@type\":\"ListItem\",\"position\":1,\"name\":\"Portada\",\"item\":\"https:\/\/centrobebe.es\/\"},{\"@type\":\"ListItem\",\"position\":2,\"name\":\"Shop\",\"item\":\"https:\/\/centrobebe.es\/shop\/\"},{\"@type\":\"ListItem\",\"position\":3,\"name\":\"Silla Coche Jane Concord Iwinner 100-150 cm Isize\"}]},{\"@type\":\"WebSite\",\"@id\":\"https:\/\/centrobebe.es\/#website\",\"url\":\"https:\/\/centrobebe.es\/\",\"name\":\"Centrobeb\u00e9\",\"description\":\"Tienda de bebe online | Todo lo que tu bebe necesita\",\"publisher\":{\"@id\":\"https:\/\/centrobebe.es\/#organization\"},\"alternateName\":\"Centrobeb\u00e9\",\"potentialAction\":[{\"@type\":\"SearchAction\",\"target\":{\"@type\":\"EntryPoint\",\"urlTemplate\":\"https:\/\/centrobebe.es\/?s={search_term_string}\"},\"query-input\":{\"@type\":\"PropertyValueSpecification\",\"valueRequired\":true,\"valueName\":\"search_term_string\"}}],\"inLanguage\":\"en-GB\"},{\"@type\":\"Organization\",\"@id\":\"https:\/\/centrobebe.es\/#organization\",\"name\":\"Centrobebe\",\"alternateName\":\"Centrobebe\",\"url\":\"https:\/\/centrobebe.es\/\",\"logo\":{\"@type\":\"ImageObject\",\"inLanguage\":\"en-GB\",\"@id\":\"https:\/\/centrobebe.es\/#\/schema\/logo\/image\/\",\"url\":\"https:\/\/centrobebe.es\/wp-content\/uploads\/2018\/06\/icono3-e1557940133982.png\",\"contentUrl\":\"https:\/\/centrobebe.es\/wp-content\/uploads\/2018\/06\/icono3-e1557940133982.png\",\"width\":34,\"height\":29,\"caption\":\"Centrobebe\"},\"image\":{\"@id\":\"https:\/\/centrobebe.es\/#\/schema\/logo\/image\/\"},\"sameAs\":[\"https:\/\/www.facebook.com\/centrobebe\/\",\"https:\/\/x.com\/centrobebe\",\"https:\/\/www.instagram.com\/centrobebe.es\/\",\"https:\/\/www.youtube.com\/channel\/UCVU-jcFuwntnxOhxvSbf3hg\"]}]}<\/script>\n<!-- \/ Yoast SEO plugin. -->","yoast_head_json":{"title":"Silla Coche Jane Concord Iwinner 100-150 cm Isize - Centrobeb\u00e9","description":"Silla coche Jane Concord Iwinner para ni\u00f1o de 100cm a 150cm. Financia online ahora.","robots":{"index":"index","follow":"follow","max-snippet":"max-snippet:-1","max-image-preview":"max-image-preview:large","max-video-preview":"max-video-preview:-1"},"canonical":"https:\/\/centrobebe.es\/en\/shop\/centrobebe\/el-viaje\/sillas-de-auto\/grupo-2-3-sillas-de-auto\/silla-auto-jane-concord-iwinner\/","og_locale":"en_GB","og_type":"article","og_title":"Silla Coche Jane Concord Iwinner 100-150 cm Isize - Centrobeb\u00e9","og_description":"Silla coche Jane Concord Iwinner para ni\u00f1o de 100cm a 150cm. Financia online ahora.","og_url":"https:\/\/centrobebe.es\/en\/shop\/centrobebe\/el-viaje\/sillas-de-auto\/grupo-2-3-sillas-de-auto\/silla-auto-jane-concord-iwinner\/","og_site_name":"Centrobeb\u00e9","article_publisher":"https:\/\/www.facebook.com\/centrobebe\/","article_modified_time":"2025-03-31T17:11:46+00:00","og_image":[{"width":600,"height":600,"url":"https:\/\/centrobebe.es\/wp-content\/uploads\/2018\/12\/4603_U79_iwinner_seal_01-Copiar.jpg","type":"image\/jpeg"}],"twitter_card":"summary_large_image","twitter_site":"@centrobebe","twitter_misc":{"Estimated reading time":"2 minutes"},"schema":{"@context":"https:\/\/schema.org","@graph":[{"@type":"WebPage","@id":"https:\/\/centrobebe.es\/shop\/centrobebe\/el-viaje\/sillas-de-auto\/grupo-2-3-sillas-de-auto\/silla-auto-jane-concord-iwinner\/","url":"https:\/\/centrobebe.es\/shop\/centrobebe\/el-viaje\/sillas-de-auto\/grupo-2-3-sillas-de-auto\/silla-auto-jane-concord-iwinner\/","name":"Silla Coche Jane Concord Iwinner 100-150 cm Isize - Centrobeb\u00e9","isPartOf":{"@id":"https:\/\/centrobebe.es\/#website"},"primaryImageOfPage":{"@id":"https:\/\/centrobebe.es\/shop\/centrobebe\/el-viaje\/sillas-de-auto\/grupo-2-3-sillas-de-auto\/silla-auto-jane-concord-iwinner\/#primaryimage"},"image":{"@id":"https:\/\/centrobebe.es\/shop\/centrobebe\/el-viaje\/sillas-de-auto\/grupo-2-3-sillas-de-auto\/silla-auto-jane-concord-iwinner\/#primaryimage"},"thumbnailUrl":"https:\/\/centrobebe.es\/wp-content\/uploads\/2018\/12\/4603_U79_iwinner_seal_01-Copiar.jpg","datePublished":"2018-12-09T22:40:27+00:00","dateModified":"2025-03-31T17:11:46+00:00","description":"Silla coche Jane Concord Iwinner para ni\u00f1o de 100cm a 150cm. Financia online ahora.","breadcrumb":{"@id":"https:\/\/centrobebe.es\/shop\/centrobebe\/el-viaje\/sillas-de-auto\/grupo-2-3-sillas-de-auto\/silla-auto-jane-concord-iwinner\/#breadcrumb"},"inLanguage":"en-GB","potentialAction":[{"@type":"ReadAction","target":["https:\/\/centrobebe.es\/shop\/centrobebe\/el-viaje\/sillas-de-auto\/grupo-2-3-sillas-de-auto\/silla-auto-jane-concord-iwinner\/"]}]},{"@type":"ImageObject","inLanguage":"en-GB","@id":"https:\/\/centrobebe.es\/shop\/centrobebe\/el-viaje\/sillas-de-auto\/grupo-2-3-sillas-de-auto\/silla-auto-jane-concord-iwinner\/#primaryimage","url":"https:\/\/centrobebe.es\/wp-content\/uploads\/2018\/12\/4603_U79_iwinner_seal_01-Copiar.jpg","contentUrl":"https:\/\/centrobebe.es\/wp-content\/uploads\/2018\/12\/4603_U79_iwinner_seal_01-Copiar.jpg","width":600,"height":600,"caption":"silla auto jane concord iwinner"},{"@type":"BreadcrumbList","@id":"https:\/\/centrobebe.es\/shop\/centrobebe\/el-viaje\/sillas-de-auto\/grupo-2-3-sillas-de-auto\/silla-auto-jane-concord-iwinner\/#breadcrumb","itemListElement":[{"@type":"ListItem","position":1,"name":"Portada","item":"https:\/\/centrobebe.es\/"},{"@type":"ListItem","position":2,"name":"Shop","item":"https:\/\/centrobebe.es\/shop\/"},{"@type":"ListItem","position":3,"name":"Silla Coche Jane Concord Iwinner 100-150 cm Isize"}]},{"@type":"WebSite","@id":"https:\/\/centrobebe.es\/#website","url":"https:\/\/centrobebe.es\/","name":"Centrobeb\u00e9","description":"Tienda de bebe online | Todo lo que tu bebe necesita","publisher":{"@id":"https:\/\/centrobebe.es\/#organization"},"alternateName":"Centrobeb\u00e9","potentialAction":[{"@type":"SearchAction","target":{"@type":"EntryPoint","urlTemplate":"https:\/\/centrobebe.es\/?s={search_term_string}"},"query-input":{"@type":"PropertyValueSpecification","valueRequired":true,"valueName":"search_term_string"}}],"inLanguage":"en-GB"},{"@type":"Organization","@id":"https:\/\/centrobebe.es\/#organization","name":"Centrobebe","alternateName":"Centrobebe","url":"https:\/\/centrobebe.es\/","logo":{"@type":"ImageObject","inLanguage":"en-GB","@id":"https:\/\/centrobebe.es\/#\/schema\/logo\/image\/","url":"https:\/\/centrobebe.es\/wp-content\/uploads\/2018\/06\/icono3-e1557940133982.png","contentUrl":"https:\/\/centrobebe.es\/wp-content\/uploads\/2018\/06\/icono3-e1557940133982.png","width":34,"height":29,"caption":"Centrobebe"},"image":{"@id":"https:\/\/centrobebe.es\/#\/schema\/logo\/image\/"},"sameAs":["https:\/\/www.facebook.com\/centrobebe\/","https:\/\/x.com\/centrobebe","https:\/\/www.instagram.com\/centrobebe.es\/","https:\/\/www.youtube.com\/channel\/UCVU-jcFuwntnxOhxvSbf3hg"]}]}},"brands":[{"id":385,"name":"Jane","slug":"jane"}],"_links":{"self":[{"href":"https:\/\/centrobebe.es\/en\/wp-json\/wp\/v2\/product\/10829","targetHints":{"allow":["GET"]}}],"collection":[{"href":"https:\/\/centrobebe.es\/en\/wp-json\/wp\/v2\/product"}],"about":[{"href":"https:\/\/centrobebe.es\/en\/wp-json\/wp\/v2\/types\/product"}],"version-history":[{"count":5,"href":"https:\/\/centrobebe.es\/en\/wp-json\/wp\/v2\/product\/10829\/revisions"}],"predecessor-version":[{"id":54885,"href":"https:\/\/centrobebe.es\/en\/wp-json\/wp\/v2\/product\/10829\/revisions\/54885"}],"wp:featuredmedia":[{"embeddable":true,"href":"https:\/\/centrobebe.es\/en\/wp-json\/wp\/v2\/media\/53911"}],"wp:attachment":[{"href":"https:\/\/centrobebe.es\/en\/wp-json\/wp\/v2\/media?parent=10829"}],"wp:term":[{"taxonomy":"pwb-brand","embeddable":true,"href":"https:\/\/centrobebe.es\/en\/wp-json\/wp\/v2\/pwb-brand?post=10829"},{"taxonomy":"product_cat","embeddable":true,"href":"https:\/\/centrobebe.es\/en\/wp-json\/wp\/v2\/product_cat?post=10829"},{"taxonomy":"product_tag","embeddable":true,"href":"https:\/\/centrobebe.es\/en\/wp-json\/wp\/v2\/product_tag?post=10829"}],"curies":[{"name":"wp","href":"https:\/\/api.w.org\/{rel}","templated":true}]}}