{"id":11653,"date":"2019-01-28T17:52:50","date_gmt":"2019-01-28T17:52:50","guid":{"rendered":"https:\/\/centrobebe.es\/?post_type=product&#038;p=11653"},"modified":"2024-12-30T10:39:13","modified_gmt":"2024-12-30T10:39:13","slug":"mochila-jane-like-bison","status":"publish","type":"product","link":"https:\/\/centrobebe.es\/en\/shop\/centrobebe\/el-viaje\/mochila-portabebe\/mochila-jane-like-bison\/","title":{"rendered":"Mochila Jan\u00e9 Like Ergon\u00f3mica tres posiciones"},"content":{"rendered":"<h1>Mochila portabeb\u00e9s Jan\u00e9 Like<\/h1>\n<p>Mochila portabeb\u00e9s Jan\u00e9 ergon\u00f3mica, s\u00faper-ajustable y de estructura suave para beb\u00e9s desde el nacimiento. Ofrece la posibilidad de porteo frontal y dorsal, para adaptarlo a su crecimiento y a tus necesidades.<\/p>\n<p>Esta mochila portabeb\u00e9s Jan\u00e9 ofrece una exquisita confecci\u00f3n y comodidad para el beb\u00e9 y la persona que lo lleva. Es apta para beb\u00e9s prematuros por su dise\u00f1o. \u00a1Tu beb\u00e9 ir\u00e1 de lo m\u00e1s c\u00f3modo y seguro!<\/p>\n<p>Mochila ergon\u00f3mica para los pap\u00e1s y mam\u00e1s que les resulte m\u00e1s c\u00f3modo llevar al beb\u00e9 portado. Sus asas se pueden ajustar a la espalda de la persona que vaya a portar al beb\u00e9, adem\u00e1s son suaves y blandas para una mayor comodidad.<\/p>\n<h2><b>Prestaciones Mochila Portabeb\u00e9s Jan\u00e9<\/b><\/h2>\n<ul>\n<li>Edad: desde el nacimiento hasta los 15 Kg aprox.<\/li>\n<li>Mochila ergon\u00f3mica.<\/li>\n<li>Mochila de tres posiciones.<\/li>\n<li>Con una posici\u00f3n especial para el m\u00e9todo canguro en los primeros meses y beb\u00e9s prematuros.<\/li>\n<li>Ergon\u00f3mica, c\u00f3moda y segura.<\/li>\n<li>Lleva a tu beb\u00e9 mientras crece.<\/li>\n<li>Se adapta a cada etapa de tu hijo.<\/li>\n<\/ul>\n<h2><b>Pesos y medidas<\/b><\/h2>\n<ul>\n<li>Dimensiones: Alto: 40 cm. Ancho: 26 cm. Fondo: 12 cm.<\/li>\n<li>\u00a0Peso: 0,50<\/li>\n<\/ul>\n<p>Si necesitas m\u00e1s informaci\u00f3n sobre la mochila portabeb\u00e9s, no dudes en ponerte en contacto con nuestro equipo de profesionales. Estaremos encantados de ayudarte y aconsejarte sobre los productos m\u00e1s beneficiarios para tu beb\u00e9.<\/p>\n<p>Descubre la variedad de\u00a0<strong><a href=\"https:\/\/centrobebe.es\/en\/product-category\/centrobebe\/el-viaje\/mochila-portabebe\/\">mochilas ergon\u00f3micas y portabeb\u00e9s<\/a><\/strong>\u00a0en Centrobeb\u00e9. Descubre la variedad de mochilas al mejor precio y de las mejores marcas en nuestra tienda de beb\u00e9s online.<\/p>","protected":false},"excerpt":{"rendered":"<p>Mochila portabeb\u00e9s Jan\u00e9 ergon\u00f3mica, s\u00faper-ajustable y de estructura suave para beb\u00e9s desde el nacimiento. Posibilidad de porteo frontal y dorsal.<\/p>\n<p>\u00a1Compra online al mejor precio en Centrobeb\u00e9!<\/p>","protected":false},"featured_media":11656,"template":"","meta":[],"pwb-brand":[385],"product_cat":[161],"product_tag":[],"class_list":{"0":"post-11653","1":"product","2":"type-product","3":"status-publish","4":"has-post-thumbnail","6":"pwb-brand-jane","7":"product_cat-mochila-portabebe","8":"pa_color-beige","9":"pa_color-gris","10":"tm-no-options","12":"first","13":"instock","14":"taxable","15":"shipping-taxable","16":"purchasable","17":"product-type-variable","18":"wvs-archive-product-wrapper"},"yoast_head":"<!-- This site is optimized with the Yoast SEO plugin v26.9 - https:\/\/yoast.com\/product\/yoast-seo-wordpress\/ -->\n<title>Mochila portabeb\u00e9s Jan\u00e9 Like Bison - Mochilas Portabeb\u00e9s - Centrobeb\u00e9<\/title>\n<meta name=\"description\" content=\"Mochila portabeb\u00e9s Jan\u00e9 ergon\u00f3mica, s\u00faper-ajustable y de estructura suave para beb\u00e9s desde el nacimiento. Posibilidad de porteo frontal y dorsal. Online\" \/>\n<meta name=\"robots\" content=\"index, follow, max-snippet:-1, max-image-preview:large, max-video-preview:-1\" \/>\n<link rel=\"canonical\" href=\"https:\/\/centrobebe.es\/en\/shop\/centrobebe\/el-viaje\/mochila-portabebe\/mochila-jane-like-bison\/\" \/>\n<meta property=\"og:locale\" content=\"en_GB\" \/>\n<meta property=\"og:type\" content=\"article\" \/>\n<meta property=\"og:title\" content=\"Mochila portabeb\u00e9s Jan\u00e9 Like Bison - Mochilas Portabeb\u00e9s - Centrobeb\u00e9\" \/>\n<meta property=\"og:description\" content=\"Mochila portabeb\u00e9s Jan\u00e9 ergon\u00f3mica, s\u00faper-ajustable y de estructura suave para beb\u00e9s desde el nacimiento. Posibilidad de porteo frontal y dorsal. Online\" \/>\n<meta property=\"og:url\" content=\"https:\/\/centrobebe.es\/en\/shop\/centrobebe\/el-viaje\/mochila-portabebe\/mochila-jane-like-bison\/\" \/>\n<meta property=\"og:site_name\" content=\"Centrobeb\u00e9\" \/>\n<meta property=\"article:publisher\" content=\"https:\/\/www.facebook.com\/centrobebe\/\" \/>\n<meta property=\"article:modified_time\" content=\"2024-12-30T10:39:13+00:00\" \/>\n<meta property=\"og:image\" content=\"https:\/\/centrobebe.es\/wp-content\/uploads\/mochila-pectoral-like-bison-3.jpg\" \/>\n\t<meta property=\"og:image:width\" content=\"800\" \/>\n\t<meta property=\"og:image:height\" content=\"800\" \/>\n\t<meta property=\"og:image:type\" content=\"image\/jpeg\" \/>\n<meta name=\"twitter:card\" content=\"summary_large_image\" \/>\n<meta name=\"twitter:site\" content=\"@centrobebe\" \/>\n<meta name=\"twitter:label1\" content=\"Estimated reading time\" \/>\n\t<meta name=\"twitter:data1\" content=\"2 minutes\" \/>\n<script type=\"application\/ld+json\" class=\"yoast-schema-graph\">{\"@context\":\"https:\/\/schema.org\",\"@graph\":[{\"@type\":\"WebPage\",\"@id\":\"https:\/\/centrobebe.es\/shop\/centrobebe\/el-viaje\/mochila-portabebe\/mochila-jane-like-bison\/\",\"url\":\"https:\/\/centrobebe.es\/shop\/centrobebe\/el-viaje\/mochila-portabebe\/mochila-jane-like-bison\/\",\"name\":\"Mochila portabeb\u00e9s Jan\u00e9 Like Bison - Mochilas Portabeb\u00e9s - Centrobeb\u00e9\",\"isPartOf\":{\"@id\":\"https:\/\/centrobebe.es\/#website\"},\"primaryImageOfPage\":{\"@id\":\"https:\/\/centrobebe.es\/shop\/centrobebe\/el-viaje\/mochila-portabebe\/mochila-jane-like-bison\/#primaryimage\"},\"image\":{\"@id\":\"https:\/\/centrobebe.es\/shop\/centrobebe\/el-viaje\/mochila-portabebe\/mochila-jane-like-bison\/#primaryimage\"},\"thumbnailUrl\":\"https:\/\/centrobebe.es\/wp-content\/uploads\/mochila-pectoral-like-bison-3.jpg\",\"datePublished\":\"2019-01-28T17:52:50+00:00\",\"dateModified\":\"2024-12-30T10:39:13+00:00\",\"description\":\"Mochila portabeb\u00e9s Jan\u00e9 ergon\u00f3mica, s\u00faper-ajustable y de estructura suave para beb\u00e9s desde el nacimiento. Posibilidad de porteo frontal y dorsal. Online\",\"breadcrumb\":{\"@id\":\"https:\/\/centrobebe.es\/shop\/centrobebe\/el-viaje\/mochila-portabebe\/mochila-jane-like-bison\/#breadcrumb\"},\"inLanguage\":\"en-GB\",\"potentialAction\":[{\"@type\":\"ReadAction\",\"target\":[\"https:\/\/centrobebe.es\/shop\/centrobebe\/el-viaje\/mochila-portabebe\/mochila-jane-like-bison\/\"]}]},{\"@type\":\"ImageObject\",\"inLanguage\":\"en-GB\",\"@id\":\"https:\/\/centrobebe.es\/shop\/centrobebe\/el-viaje\/mochila-portabebe\/mochila-jane-like-bison\/#primaryimage\",\"url\":\"https:\/\/centrobebe.es\/wp-content\/uploads\/mochila-pectoral-like-bison-3.jpg\",\"contentUrl\":\"https:\/\/centrobebe.es\/wp-content\/uploads\/mochila-pectoral-like-bison-3.jpg\",\"width\":800,\"height\":800,\"caption\":\"Mochila portabeb\u00e9s Jan\u00e9\"},{\"@type\":\"BreadcrumbList\",\"@id\":\"https:\/\/centrobebe.es\/shop\/centrobebe\/el-viaje\/mochila-portabebe\/mochila-jane-like-bison\/#breadcrumb\",\"itemListElement\":[{\"@type\":\"ListItem\",\"position\":1,\"name\":\"Portada\",\"item\":\"https:\/\/centrobebe.es\/\"},{\"@type\":\"ListItem\",\"position\":2,\"name\":\"Shop\",\"item\":\"https:\/\/centrobebe.es\/shop\/\"},{\"@type\":\"ListItem\",\"position\":3,\"name\":\"Mochila Jan\u00e9 Like Ergon\u00f3mica tres posiciones\"}]},{\"@type\":\"WebSite\",\"@id\":\"https:\/\/centrobebe.es\/#website\",\"url\":\"https:\/\/centrobebe.es\/\",\"name\":\"Centrobeb\u00e9\",\"description\":\"Tienda de bebe online | Todo lo que tu bebe necesita\",\"publisher\":{\"@id\":\"https:\/\/centrobebe.es\/#organization\"},\"alternateName\":\"Centrobeb\u00e9\",\"potentialAction\":[{\"@type\":\"SearchAction\",\"target\":{\"@type\":\"EntryPoint\",\"urlTemplate\":\"https:\/\/centrobebe.es\/?s={search_term_string}\"},\"query-input\":{\"@type\":\"PropertyValueSpecification\",\"valueRequired\":true,\"valueName\":\"search_term_string\"}}],\"inLanguage\":\"en-GB\"},{\"@type\":\"Organization\",\"@id\":\"https:\/\/centrobebe.es\/#organization\",\"name\":\"Centrobebe\",\"alternateName\":\"Centrobebe\",\"url\":\"https:\/\/centrobebe.es\/\",\"logo\":{\"@type\":\"ImageObject\",\"inLanguage\":\"en-GB\",\"@id\":\"https:\/\/centrobebe.es\/#\/schema\/logo\/image\/\",\"url\":\"https:\/\/centrobebe.es\/wp-content\/uploads\/2018\/06\/icono3-e1557940133982.png\",\"contentUrl\":\"https:\/\/centrobebe.es\/wp-content\/uploads\/2018\/06\/icono3-e1557940133982.png\",\"width\":34,\"height\":29,\"caption\":\"Centrobebe\"},\"image\":{\"@id\":\"https:\/\/centrobebe.es\/#\/schema\/logo\/image\/\"},\"sameAs\":[\"https:\/\/www.facebook.com\/centrobebe\/\",\"https:\/\/x.com\/centrobebe\",\"https:\/\/www.instagram.com\/centrobebe.es\/\",\"https:\/\/www.youtube.com\/channel\/UCVU-jcFuwntnxOhxvSbf3hg\"]}]}<\/script>\n<!-- \/ Yoast SEO plugin. -->","yoast_head_json":{"title":"Mochila portabeb\u00e9s Jan\u00e9 Like Bison - Mochilas Portabeb\u00e9s - Centrobeb\u00e9","description":"Mochila portabeb\u00e9s Jan\u00e9 ergon\u00f3mica, s\u00faper-ajustable y de estructura suave para beb\u00e9s desde el nacimiento. Posibilidad de porteo frontal y dorsal. Online","robots":{"index":"index","follow":"follow","max-snippet":"max-snippet:-1","max-image-preview":"max-image-preview:large","max-video-preview":"max-video-preview:-1"},"canonical":"https:\/\/centrobebe.es\/en\/shop\/centrobebe\/el-viaje\/mochila-portabebe\/mochila-jane-like-bison\/","og_locale":"en_GB","og_type":"article","og_title":"Mochila portabeb\u00e9s Jan\u00e9 Like Bison - Mochilas Portabeb\u00e9s - Centrobeb\u00e9","og_description":"Mochila portabeb\u00e9s Jan\u00e9 ergon\u00f3mica, s\u00faper-ajustable y de estructura suave para beb\u00e9s desde el nacimiento. Posibilidad de porteo frontal y dorsal. Online","og_url":"https:\/\/centrobebe.es\/en\/shop\/centrobebe\/el-viaje\/mochila-portabebe\/mochila-jane-like-bison\/","og_site_name":"Centrobeb\u00e9","article_publisher":"https:\/\/www.facebook.com\/centrobebe\/","article_modified_time":"2024-12-30T10:39:13+00:00","og_image":[{"width":800,"height":800,"url":"https:\/\/centrobebe.es\/wp-content\/uploads\/mochila-pectoral-like-bison-3.jpg","type":"image\/jpeg"}],"twitter_card":"summary_large_image","twitter_site":"@centrobebe","twitter_misc":{"Estimated reading time":"2 minutes"},"schema":{"@context":"https:\/\/schema.org","@graph":[{"@type":"WebPage","@id":"https:\/\/centrobebe.es\/shop\/centrobebe\/el-viaje\/mochila-portabebe\/mochila-jane-like-bison\/","url":"https:\/\/centrobebe.es\/shop\/centrobebe\/el-viaje\/mochila-portabebe\/mochila-jane-like-bison\/","name":"Mochila portabeb\u00e9s Jan\u00e9 Like Bison - Mochilas Portabeb\u00e9s - Centrobeb\u00e9","isPartOf":{"@id":"https:\/\/centrobebe.es\/#website"},"primaryImageOfPage":{"@id":"https:\/\/centrobebe.es\/shop\/centrobebe\/el-viaje\/mochila-portabebe\/mochila-jane-like-bison\/#primaryimage"},"image":{"@id":"https:\/\/centrobebe.es\/shop\/centrobebe\/el-viaje\/mochila-portabebe\/mochila-jane-like-bison\/#primaryimage"},"thumbnailUrl":"https:\/\/centrobebe.es\/wp-content\/uploads\/mochila-pectoral-like-bison-3.jpg","datePublished":"2019-01-28T17:52:50+00:00","dateModified":"2024-12-30T10:39:13+00:00","description":"Mochila portabeb\u00e9s Jan\u00e9 ergon\u00f3mica, s\u00faper-ajustable y de estructura suave para beb\u00e9s desde el nacimiento. Posibilidad de porteo frontal y dorsal. Online","breadcrumb":{"@id":"https:\/\/centrobebe.es\/shop\/centrobebe\/el-viaje\/mochila-portabebe\/mochila-jane-like-bison\/#breadcrumb"},"inLanguage":"en-GB","potentialAction":[{"@type":"ReadAction","target":["https:\/\/centrobebe.es\/shop\/centrobebe\/el-viaje\/mochila-portabebe\/mochila-jane-like-bison\/"]}]},{"@type":"ImageObject","inLanguage":"en-GB","@id":"https:\/\/centrobebe.es\/shop\/centrobebe\/el-viaje\/mochila-portabebe\/mochila-jane-like-bison\/#primaryimage","url":"https:\/\/centrobebe.es\/wp-content\/uploads\/mochila-pectoral-like-bison-3.jpg","contentUrl":"https:\/\/centrobebe.es\/wp-content\/uploads\/mochila-pectoral-like-bison-3.jpg","width":800,"height":800,"caption":"Mochila portabeb\u00e9s Jan\u00e9"},{"@type":"BreadcrumbList","@id":"https:\/\/centrobebe.es\/shop\/centrobebe\/el-viaje\/mochila-portabebe\/mochila-jane-like-bison\/#breadcrumb","itemListElement":[{"@type":"ListItem","position":1,"name":"Portada","item":"https:\/\/centrobebe.es\/"},{"@type":"ListItem","position":2,"name":"Shop","item":"https:\/\/centrobebe.es\/shop\/"},{"@type":"ListItem","position":3,"name":"Mochila Jan\u00e9 Like Ergon\u00f3mica tres posiciones"}]},{"@type":"WebSite","@id":"https:\/\/centrobebe.es\/#website","url":"https:\/\/centrobebe.es\/","name":"Centrobeb\u00e9","description":"Tienda de bebe online | Todo lo que tu bebe necesita","publisher":{"@id":"https:\/\/centrobebe.es\/#organization"},"alternateName":"Centrobeb\u00e9","potentialAction":[{"@type":"SearchAction","target":{"@type":"EntryPoint","urlTemplate":"https:\/\/centrobebe.es\/?s={search_term_string}"},"query-input":{"@type":"PropertyValueSpecification","valueRequired":true,"valueName":"search_term_string"}}],"inLanguage":"en-GB"},{"@type":"Organization","@id":"https:\/\/centrobebe.es\/#organization","name":"Centrobebe","alternateName":"Centrobebe","url":"https:\/\/centrobebe.es\/","logo":{"@type":"ImageObject","inLanguage":"en-GB","@id":"https:\/\/centrobebe.es\/#\/schema\/logo\/image\/","url":"https:\/\/centrobebe.es\/wp-content\/uploads\/2018\/06\/icono3-e1557940133982.png","contentUrl":"https:\/\/centrobebe.es\/wp-content\/uploads\/2018\/06\/icono3-e1557940133982.png","width":34,"height":29,"caption":"Centrobebe"},"image":{"@id":"https:\/\/centrobebe.es\/#\/schema\/logo\/image\/"},"sameAs":["https:\/\/www.facebook.com\/centrobebe\/","https:\/\/x.com\/centrobebe","https:\/\/www.instagram.com\/centrobebe.es\/","https:\/\/www.youtube.com\/channel\/UCVU-jcFuwntnxOhxvSbf3hg"]}]}},"brands":[{"id":385,"name":"Jane","slug":"jane"}],"_links":{"self":[{"href":"https:\/\/centrobebe.es\/en\/wp-json\/wp\/v2\/product\/11653","targetHints":{"allow":["GET"]}}],"collection":[{"href":"https:\/\/centrobebe.es\/en\/wp-json\/wp\/v2\/product"}],"about":[{"href":"https:\/\/centrobebe.es\/en\/wp-json\/wp\/v2\/types\/product"}],"version-history":[{"count":4,"href":"https:\/\/centrobebe.es\/en\/wp-json\/wp\/v2\/product\/11653\/revisions"}],"predecessor-version":[{"id":53471,"href":"https:\/\/centrobebe.es\/en\/wp-json\/wp\/v2\/product\/11653\/revisions\/53471"}],"wp:featuredmedia":[{"embeddable":true,"href":"https:\/\/centrobebe.es\/en\/wp-json\/wp\/v2\/media\/11656"}],"wp:attachment":[{"href":"https:\/\/centrobebe.es\/en\/wp-json\/wp\/v2\/media?parent=11653"}],"wp:term":[{"taxonomy":"pwb-brand","embeddable":true,"href":"https:\/\/centrobebe.es\/en\/wp-json\/wp\/v2\/pwb-brand?post=11653"},{"taxonomy":"product_cat","embeddable":true,"href":"https:\/\/centrobebe.es\/en\/wp-json\/wp\/v2\/product_cat?post=11653"},{"taxonomy":"product_tag","embeddable":true,"href":"https:\/\/centrobebe.es\/en\/wp-json\/wp\/v2\/product_tag?post=11653"}],"curies":[{"name":"wp","href":"https:\/\/api.w.org\/{rel}","templated":true}]}}