{"id":13304,"date":"2019-04-30T09:45:21","date_gmt":"2019-04-30T09:45:21","guid":{"rendered":"https:\/\/centrobebe.es\/?post_type=product&#038;p=13304"},"modified":"2025-12-01T16:57:56","modified_gmt":"2025-12-01T16:57:56","slug":"cojin-de-lactancia-y-maternidad-jane-50289","status":"publish","type":"product","link":"https:\/\/centrobebe.es\/en\/shop\/centrobebe\/el-sueno\/accesorios-dormir\/cojin-de-lactancia-y-maternidad-jane-50289\/","title":{"rendered":"Coj\u00edn de Lactancia y Maternidad Jan\u00e9 50289"},"content":{"rendered":"<h1>Coj\u00edn de Lactancia y Maternidad Jan\u00e9<\/h1>\n<p>Coj\u00edn de lactancia que har\u00e1 m\u00e1s agradable el momento de dormir y dar el pecho.<\/p>\n<p>El periodo de lactancia es uno de los momentos m\u00e1s importantes y especiales para todas las mam\u00e1s. Para evitar malas posturas lo ideal es utilizar el coj\u00edn de lactancia Jane. Proporciona un suave soporte para el ni\u00f1o y una mayor comodidad para la mam\u00e1.<\/p>\n<ul>\n<li>Jan\u00e9 coj\u00edn maternal 4 etapas.<\/li>\n<li>Coj\u00edn de descanso para embarazadas.<\/li>\n<li>Coj\u00edn ergon\u00f3mico, relleno de microesferas diminutas que se adapta a cada parte del cuerpo, para las horas de reposo y proporciona total confort.<\/li>\n<li>Elimina la presi\u00f3n abdominal, cubre completamente la espalda desde la cabeza hasta el coxis.<\/li>\n<li>Con nuevo tejido el\u00e1stico muy suave y agradable al tacto.<\/li>\n<li>Fundas extraibles.<\/li>\n<li>Composici\u00f3n: Algod\u00f3n + elastano.<\/li>\n<\/ul>\n<p>Si necesitas m\u00e1s informaci\u00f3n sobre el coj\u00edn de lactancia Jan\u00e9, no dudes en ponerte en contacto con nuestro equipo de Centrobeb\u00e9. Estaremos encantados de ayudarte y aconsejarte sobre los productos m\u00e1s beneficiarios para tu beb\u00e9 y para ti.<\/p>\n<p>Descubre en nuestro cat\u00e1logo de Centrobeb\u00e9 la variedad de\u00a0<strong><a href=\"https:\/\/centrobebe.es\/en\/product-category\/centrobebe\/el-sueno\/accesorios-dormir\/\">accesorios de dormir para beb\u00e9s<\/a><\/strong>\u00a0de las mejores marcas al mejor precio. Nuestra selecci\u00f3n de productos est\u00e1 basada en las opiniones de nuestros clientes. Contamos con productos desde los m\u00e1s baratos hasta los m\u00e1s exclusivos y con la \u00faltima tecnolog\u00eda.<\/p>\n<p>Compra en nuestra tienda de beb\u00e9 online al mejor precio todos los productos relacionados con el descanso del beb\u00e9. Desde cunas, hasta luces de compa\u00f1\u00eda y cojines de lactancia para la mam\u00e1.<\/p>","protected":false},"excerpt":{"rendered":"<p>Coj\u00edn de lactancia que har\u00e1 m\u00e1s agradable el momento de dormir y dar el pecho.\u00a0Coj\u00edn maternal 4 etapas, de descanso para embarazadas y ergon\u00f3mico.<\/p>\n<p>\u00a1Compra online ahora al mejor precio!<\/p>","protected":false},"featured_media":47453,"template":"","meta":[],"pwb-brand":[385],"product_cat":[123,135,150],"product_tag":[184],"class_list":{"0":"post-13304","1":"product","2":"type-product","3":"status-publish","4":"has-post-thumbnail","6":"pwb-brand-jane","7":"product_cat-alimentacion","8":"product_cat-accesorios-alimentacion","9":"product_cat-accesorios-dormir","10":"product_tag-jane","11":"pa_color-beige","12":"pa_color-celeste","13":"pa_color-gris","14":"tm-no-options","16":"first","17":"instock","18":"taxable","19":"shipping-taxable","20":"purchasable","21":"product-type-variable","22":"wvs-archive-product-wrapper"},"yoast_head":"<!-- This site is optimized with the Yoast SEO plugin v26.9 - https:\/\/yoast.com\/product\/yoast-seo-wordpress\/ -->\n<title>Coj\u00edn de Lactancia y Maternidad Jan\u00e9 50289 T86 - Online Centrobeb\u00e9<\/title>\n<meta name=\"description\" content=\"Coj\u00edn de lactancia que har\u00e1 m\u00e1s agradable el momento de dormir y dar el pecho.\u00a0Coj\u00edn maternal 4 etapas, de descanso para embarazadas y ergon\u00f3mico. \u00a1Online!\" \/>\n<meta name=\"robots\" content=\"index, follow, max-snippet:-1, max-image-preview:large, max-video-preview:-1\" \/>\n<link rel=\"canonical\" href=\"https:\/\/centrobebe.es\/en\/shop\/centrobebe\/el-sueno\/accesorios-dormir\/cojin-de-lactancia-y-maternidad-jane-50289\/\" \/>\n<meta property=\"og:locale\" content=\"en_GB\" \/>\n<meta property=\"og:type\" content=\"article\" \/>\n<meta property=\"og:title\" content=\"Coj\u00edn de Lactancia y Maternidad Jan\u00e9 50289 T86 - Online Centrobeb\u00e9\" \/>\n<meta property=\"og:description\" content=\"Coj\u00edn de lactancia que har\u00e1 m\u00e1s agradable el momento de dormir y dar el pecho.\u00a0Coj\u00edn maternal 4 etapas, de descanso para embarazadas y ergon\u00f3mico. \u00a1Online!\" \/>\n<meta property=\"og:url\" content=\"https:\/\/centrobebe.es\/en\/shop\/centrobebe\/el-sueno\/accesorios-dormir\/cojin-de-lactancia-y-maternidad-jane-50289\/\" \/>\n<meta property=\"og:site_name\" content=\"Centrobeb\u00e9\" \/>\n<meta property=\"article:publisher\" content=\"https:\/\/www.facebook.com\/centrobebe\/\" \/>\n<meta property=\"article:modified_time\" content=\"2025-12-01T16:57:56+00:00\" \/>\n<meta property=\"og:image\" content=\"https:\/\/centrobebe.es\/wp-content\/uploads\/50296_U78_LactancyCushion_Botanic_4.jpg\" \/>\n\t<meta property=\"og:image:width\" content=\"1920\" \/>\n\t<meta property=\"og:image:height\" content=\"1920\" \/>\n\t<meta property=\"og:image:type\" content=\"image\/jpeg\" \/>\n<meta name=\"twitter:card\" content=\"summary_large_image\" \/>\n<meta name=\"twitter:site\" content=\"@centrobebe\" \/>\n<meta name=\"twitter:label1\" content=\"Estimated reading time\" \/>\n\t<meta name=\"twitter:data1\" content=\"2 minutes\" \/>\n<script type=\"application\/ld+json\" class=\"yoast-schema-graph\">{\"@context\":\"https:\/\/schema.org\",\"@graph\":[{\"@type\":\"WebPage\",\"@id\":\"https:\/\/centrobebe.es\/shop\/centrobebe\/el-sueno\/accesorios-dormir\/cojin-de-lactancia-y-maternidad-jane-50289\/\",\"url\":\"https:\/\/centrobebe.es\/shop\/centrobebe\/el-sueno\/accesorios-dormir\/cojin-de-lactancia-y-maternidad-jane-50289\/\",\"name\":\"Coj\u00edn de Lactancia y Maternidad Jan\u00e9 50289 T86 - Online Centrobeb\u00e9\",\"isPartOf\":{\"@id\":\"https:\/\/centrobebe.es\/#website\"},\"primaryImageOfPage\":{\"@id\":\"https:\/\/centrobebe.es\/shop\/centrobebe\/el-sueno\/accesorios-dormir\/cojin-de-lactancia-y-maternidad-jane-50289\/#primaryimage\"},\"image\":{\"@id\":\"https:\/\/centrobebe.es\/shop\/centrobebe\/el-sueno\/accesorios-dormir\/cojin-de-lactancia-y-maternidad-jane-50289\/#primaryimage\"},\"thumbnailUrl\":\"https:\/\/centrobebe.es\/wp-content\/uploads\/50296_U78_LactancyCushion_Botanic_4.jpg\",\"datePublished\":\"2019-04-30T09:45:21+00:00\",\"dateModified\":\"2025-12-01T16:57:56+00:00\",\"description\":\"Coj\u00edn de lactancia que har\u00e1 m\u00e1s agradable el momento de dormir y dar el pecho.\u00a0Coj\u00edn maternal 4 etapas, de descanso para embarazadas y ergon\u00f3mico. \u00a1Online!\",\"breadcrumb\":{\"@id\":\"https:\/\/centrobebe.es\/shop\/centrobebe\/el-sueno\/accesorios-dormir\/cojin-de-lactancia-y-maternidad-jane-50289\/#breadcrumb\"},\"inLanguage\":\"en-GB\",\"potentialAction\":[{\"@type\":\"ReadAction\",\"target\":[\"https:\/\/centrobebe.es\/shop\/centrobebe\/el-sueno\/accesorios-dormir\/cojin-de-lactancia-y-maternidad-jane-50289\/\"]}]},{\"@type\":\"ImageObject\",\"inLanguage\":\"en-GB\",\"@id\":\"https:\/\/centrobebe.es\/shop\/centrobebe\/el-sueno\/accesorios-dormir\/cojin-de-lactancia-y-maternidad-jane-50289\/#primaryimage\",\"url\":\"https:\/\/centrobebe.es\/wp-content\/uploads\/50296_U78_LactancyCushion_Botanic_4.jpg\",\"contentUrl\":\"https:\/\/centrobebe.es\/wp-content\/uploads\/50296_U78_LactancyCushion_Botanic_4.jpg\",\"width\":1920,\"height\":1920,\"caption\":\"cojin jane 05289 u78\"},{\"@type\":\"BreadcrumbList\",\"@id\":\"https:\/\/centrobebe.es\/shop\/centrobebe\/el-sueno\/accesorios-dormir\/cojin-de-lactancia-y-maternidad-jane-50289\/#breadcrumb\",\"itemListElement\":[{\"@type\":\"ListItem\",\"position\":1,\"name\":\"Portada\",\"item\":\"https:\/\/centrobebe.es\/\"},{\"@type\":\"ListItem\",\"position\":2,\"name\":\"Shop\",\"item\":\"https:\/\/centrobebe.es\/shop\/\"},{\"@type\":\"ListItem\",\"position\":3,\"name\":\"Coj\u00edn de Lactancia y Maternidad Jan\u00e9 50289\"}]},{\"@type\":\"WebSite\",\"@id\":\"https:\/\/centrobebe.es\/#website\",\"url\":\"https:\/\/centrobebe.es\/\",\"name\":\"Centrobeb\u00e9\",\"description\":\"Tienda de bebe online | Todo lo que tu bebe necesita\",\"publisher\":{\"@id\":\"https:\/\/centrobebe.es\/#organization\"},\"alternateName\":\"Centrobeb\u00e9\",\"potentialAction\":[{\"@type\":\"SearchAction\",\"target\":{\"@type\":\"EntryPoint\",\"urlTemplate\":\"https:\/\/centrobebe.es\/?s={search_term_string}\"},\"query-input\":{\"@type\":\"PropertyValueSpecification\",\"valueRequired\":true,\"valueName\":\"search_term_string\"}}],\"inLanguage\":\"en-GB\"},{\"@type\":\"Organization\",\"@id\":\"https:\/\/centrobebe.es\/#organization\",\"name\":\"Centrobebe\",\"alternateName\":\"Centrobebe\",\"url\":\"https:\/\/centrobebe.es\/\",\"logo\":{\"@type\":\"ImageObject\",\"inLanguage\":\"en-GB\",\"@id\":\"https:\/\/centrobebe.es\/#\/schema\/logo\/image\/\",\"url\":\"https:\/\/centrobebe.es\/wp-content\/uploads\/2018\/06\/icono3-e1557940133982.png\",\"contentUrl\":\"https:\/\/centrobebe.es\/wp-content\/uploads\/2018\/06\/icono3-e1557940133982.png\",\"width\":34,\"height\":29,\"caption\":\"Centrobebe\"},\"image\":{\"@id\":\"https:\/\/centrobebe.es\/#\/schema\/logo\/image\/\"},\"sameAs\":[\"https:\/\/www.facebook.com\/centrobebe\/\",\"https:\/\/x.com\/centrobebe\",\"https:\/\/www.instagram.com\/centrobebe.es\/\",\"https:\/\/www.youtube.com\/channel\/UCVU-jcFuwntnxOhxvSbf3hg\"]}]}<\/script>\n<!-- \/ Yoast SEO plugin. -->","yoast_head_json":{"title":"Coj\u00edn de Lactancia y Maternidad Jan\u00e9 50289 T86 - Online Centrobeb\u00e9","description":"Coj\u00edn de lactancia que har\u00e1 m\u00e1s agradable el momento de dormir y dar el pecho.\u00a0Coj\u00edn maternal 4 etapas, de descanso para embarazadas y ergon\u00f3mico. \u00a1Online!","robots":{"index":"index","follow":"follow","max-snippet":"max-snippet:-1","max-image-preview":"max-image-preview:large","max-video-preview":"max-video-preview:-1"},"canonical":"https:\/\/centrobebe.es\/en\/shop\/centrobebe\/el-sueno\/accesorios-dormir\/cojin-de-lactancia-y-maternidad-jane-50289\/","og_locale":"en_GB","og_type":"article","og_title":"Coj\u00edn de Lactancia y Maternidad Jan\u00e9 50289 T86 - Online Centrobeb\u00e9","og_description":"Coj\u00edn de lactancia que har\u00e1 m\u00e1s agradable el momento de dormir y dar el pecho.\u00a0Coj\u00edn maternal 4 etapas, de descanso para embarazadas y ergon\u00f3mico. \u00a1Online!","og_url":"https:\/\/centrobebe.es\/en\/shop\/centrobebe\/el-sueno\/accesorios-dormir\/cojin-de-lactancia-y-maternidad-jane-50289\/","og_site_name":"Centrobeb\u00e9","article_publisher":"https:\/\/www.facebook.com\/centrobebe\/","article_modified_time":"2025-12-01T16:57:56+00:00","og_image":[{"width":1920,"height":1920,"url":"https:\/\/centrobebe.es\/wp-content\/uploads\/50296_U78_LactancyCushion_Botanic_4.jpg","type":"image\/jpeg"}],"twitter_card":"summary_large_image","twitter_site":"@centrobebe","twitter_misc":{"Estimated reading time":"2 minutes"},"schema":{"@context":"https:\/\/schema.org","@graph":[{"@type":"WebPage","@id":"https:\/\/centrobebe.es\/shop\/centrobebe\/el-sueno\/accesorios-dormir\/cojin-de-lactancia-y-maternidad-jane-50289\/","url":"https:\/\/centrobebe.es\/shop\/centrobebe\/el-sueno\/accesorios-dormir\/cojin-de-lactancia-y-maternidad-jane-50289\/","name":"Coj\u00edn de Lactancia y Maternidad Jan\u00e9 50289 T86 - Online Centrobeb\u00e9","isPartOf":{"@id":"https:\/\/centrobebe.es\/#website"},"primaryImageOfPage":{"@id":"https:\/\/centrobebe.es\/shop\/centrobebe\/el-sueno\/accesorios-dormir\/cojin-de-lactancia-y-maternidad-jane-50289\/#primaryimage"},"image":{"@id":"https:\/\/centrobebe.es\/shop\/centrobebe\/el-sueno\/accesorios-dormir\/cojin-de-lactancia-y-maternidad-jane-50289\/#primaryimage"},"thumbnailUrl":"https:\/\/centrobebe.es\/wp-content\/uploads\/50296_U78_LactancyCushion_Botanic_4.jpg","datePublished":"2019-04-30T09:45:21+00:00","dateModified":"2025-12-01T16:57:56+00:00","description":"Coj\u00edn de lactancia que har\u00e1 m\u00e1s agradable el momento de dormir y dar el pecho.\u00a0Coj\u00edn maternal 4 etapas, de descanso para embarazadas y ergon\u00f3mico. \u00a1Online!","breadcrumb":{"@id":"https:\/\/centrobebe.es\/shop\/centrobebe\/el-sueno\/accesorios-dormir\/cojin-de-lactancia-y-maternidad-jane-50289\/#breadcrumb"},"inLanguage":"en-GB","potentialAction":[{"@type":"ReadAction","target":["https:\/\/centrobebe.es\/shop\/centrobebe\/el-sueno\/accesorios-dormir\/cojin-de-lactancia-y-maternidad-jane-50289\/"]}]},{"@type":"ImageObject","inLanguage":"en-GB","@id":"https:\/\/centrobebe.es\/shop\/centrobebe\/el-sueno\/accesorios-dormir\/cojin-de-lactancia-y-maternidad-jane-50289\/#primaryimage","url":"https:\/\/centrobebe.es\/wp-content\/uploads\/50296_U78_LactancyCushion_Botanic_4.jpg","contentUrl":"https:\/\/centrobebe.es\/wp-content\/uploads\/50296_U78_LactancyCushion_Botanic_4.jpg","width":1920,"height":1920,"caption":"cojin jane 05289 u78"},{"@type":"BreadcrumbList","@id":"https:\/\/centrobebe.es\/shop\/centrobebe\/el-sueno\/accesorios-dormir\/cojin-de-lactancia-y-maternidad-jane-50289\/#breadcrumb","itemListElement":[{"@type":"ListItem","position":1,"name":"Portada","item":"https:\/\/centrobebe.es\/"},{"@type":"ListItem","position":2,"name":"Shop","item":"https:\/\/centrobebe.es\/shop\/"},{"@type":"ListItem","position":3,"name":"Coj\u00edn de Lactancia y Maternidad Jan\u00e9 50289"}]},{"@type":"WebSite","@id":"https:\/\/centrobebe.es\/#website","url":"https:\/\/centrobebe.es\/","name":"Centrobeb\u00e9","description":"Tienda de bebe online | Todo lo que tu bebe necesita","publisher":{"@id":"https:\/\/centrobebe.es\/#organization"},"alternateName":"Centrobeb\u00e9","potentialAction":[{"@type":"SearchAction","target":{"@type":"EntryPoint","urlTemplate":"https:\/\/centrobebe.es\/?s={search_term_string}"},"query-input":{"@type":"PropertyValueSpecification","valueRequired":true,"valueName":"search_term_string"}}],"inLanguage":"en-GB"},{"@type":"Organization","@id":"https:\/\/centrobebe.es\/#organization","name":"Centrobebe","alternateName":"Centrobebe","url":"https:\/\/centrobebe.es\/","logo":{"@type":"ImageObject","inLanguage":"en-GB","@id":"https:\/\/centrobebe.es\/#\/schema\/logo\/image\/","url":"https:\/\/centrobebe.es\/wp-content\/uploads\/2018\/06\/icono3-e1557940133982.png","contentUrl":"https:\/\/centrobebe.es\/wp-content\/uploads\/2018\/06\/icono3-e1557940133982.png","width":34,"height":29,"caption":"Centrobebe"},"image":{"@id":"https:\/\/centrobebe.es\/#\/schema\/logo\/image\/"},"sameAs":["https:\/\/www.facebook.com\/centrobebe\/","https:\/\/x.com\/centrobebe","https:\/\/www.instagram.com\/centrobebe.es\/","https:\/\/www.youtube.com\/channel\/UCVU-jcFuwntnxOhxvSbf3hg"]}]}},"brands":[{"id":385,"name":"Jane","slug":"jane"}],"_links":{"self":[{"href":"https:\/\/centrobebe.es\/en\/wp-json\/wp\/v2\/product\/13304","targetHints":{"allow":["GET"]}}],"collection":[{"href":"https:\/\/centrobebe.es\/en\/wp-json\/wp\/v2\/product"}],"about":[{"href":"https:\/\/centrobebe.es\/en\/wp-json\/wp\/v2\/types\/product"}],"version-history":[{"count":1,"href":"https:\/\/centrobebe.es\/en\/wp-json\/wp\/v2\/product\/13304\/revisions"}],"predecessor-version":[{"id":46599,"href":"https:\/\/centrobebe.es\/en\/wp-json\/wp\/v2\/product\/13304\/revisions\/46599"}],"wp:featuredmedia":[{"embeddable":true,"href":"https:\/\/centrobebe.es\/en\/wp-json\/wp\/v2\/media\/47453"}],"wp:attachment":[{"href":"https:\/\/centrobebe.es\/en\/wp-json\/wp\/v2\/media?parent=13304"}],"wp:term":[{"taxonomy":"pwb-brand","embeddable":true,"href":"https:\/\/centrobebe.es\/en\/wp-json\/wp\/v2\/pwb-brand?post=13304"},{"taxonomy":"product_cat","embeddable":true,"href":"https:\/\/centrobebe.es\/en\/wp-json\/wp\/v2\/product_cat?post=13304"},{"taxonomy":"product_tag","embeddable":true,"href":"https:\/\/centrobebe.es\/en\/wp-json\/wp\/v2\/product_tag?post=13304"}],"curies":[{"name":"wp","href":"https:\/\/api.w.org\/{rel}","templated":true}]}}