{"id":13954,"date":"2019-06-10T19:12:57","date_gmt":"2019-06-10T19:12:57","guid":{"rendered":"https:\/\/centrobebe.es\/?post_type=product&#038;p=13954"},"modified":"2025-03-21T18:28:26","modified_gmt":"2025-03-21T18:28:26","slug":"calienta-biberon-nuvita-digital-1170","status":"publish","type":"product","link":"https:\/\/centrobebe.es\/en\/shop\/centrobebe\/alimentacion\/calienta-biberones\/calienta-biberon-nuvita-digital-1170\/","title":{"rendered":"Calienta Biber\u00f3n Nuvita Digital 1170"},"content":{"rendered":"<h1>Calientabiber\u00f3n Nuvita Digital 1170<\/h1>\n<p>Calientabiber\u00f3n Nuvita Digital, el nuevo calentador de biberones m\u00e1s alto de la gama de la nueva l\u00ednea de Nuvita.<\/p>\n<p>Dise\u00f1ado para ser un producto tecnol\u00f3gicamente avanzado pero, al mismo tiempo, simple y pr\u00e1ctico. Tiene una pantalla LED y botones para seleccionar y calibrar los programas seleccionados.<\/p>\n<p>Cada programa es f\u00e1cilmente reconocible directamente en la pantalla, gracias a los iconos pr\u00e1cticos que aparecen y que recuerdan claramente la funci\u00f3n elegida.<\/p>\n<h2>Caracter\u00edsticas Calientabiber\u00f3n Nuvita<\/h2>\n<p>El nuevo calientabiber\u00f3n 1170 est\u00e1 equipado con 4 programas + funci\u00f3n de esterilizaci\u00f3n<\/p>\n<ul>\n<li>Funci\u00f3n de calentamiento ultrarr\u00e1pido en solo 1\u201915 minutos.<\/li>\n<li>Pantalla LED con temporizador programable.<\/li>\n<li>Descongela y calienta gradualmente para conservar los nutrientes de la leche.<\/li>\n<li>Mantenimiento autom\u00e1tico de la temperatura.<\/li>\n<li>Funci\u00f3n de esterilizador.<\/li>\n<li>Cierre autom\u00e1tico de seguridad.<\/li>\n<li>Adecuado para biberones y frascos.<\/li>\n<li>Estuche externo en material ABS.<\/li>\n<\/ul>\n<p>Adem\u00e1s, permite seleccionar el tiempo de calentamiento ideal con el temporizador, seg\u00fan las tablas indicadas en el manual, para lograr un calentamiento gradual perfecto de la leche materna. Evitando as\u00ed el riesgo de alteraci\u00f3n de los nutrientes.<\/p>\n<h3>Calienta Leche Materna<\/h3>\n<p>Es ideal para calentar r\u00e1pidamente la leche materna en solo 1.15 minutos. (considerando 60ml de leche a una temperatura de 20\u00b0C en una botella Nuvita Mimic).<\/p>\n<h3>Calentar Alimentos<\/h3>\n<p>Permite calentar homog\u00e9neamente el primer alimento para del beb\u00e9 directamente en los frascos. Ajustando la hora directamente desde el temporizador.<\/p>\n<h3>Descongela<\/h3>\n<p>Permite descongelar la leche materna gradualmente sin el riesgo de alterar sus propiedades nutricionales.<\/p>\n<h3>Esteriliza<\/h3>\n<p>Con el uso de la cubierta especial (incluida) el calentador de biberones 1170 se puede usar tambi\u00e9n como esterilizador, alcanzando una temperatura de 100\u00b0C.<\/p>\n<h3>Alarma<\/h3>\n<p>Al final de cada ciclo de programa, el 1170 emite un sonido que alerta a los padres.<\/p>\n<h3>Seguridad Calientabiber\u00f3n<\/h3>\n<p>Tambi\u00e9n est\u00e1 equipado con funciones que permiten una mayor flexibilidad y seguridad a los padres:<\/p>\n<ul>\n<li>La funci\u00f3n de mantenimiento autom\u00e1tico de la temperatura permite, gracias a un sensor, registrar los cambios de temperatura al final del calentamiento de la botella, si se deja dentro. Si la temperatura cambia a -3\u00b0C en comparaci\u00f3n con el punto de calentamiento ideal de 37\u00b0C, el calentador de la botella se reinicia autom\u00e1ticamente y la temperatura vuelve a los 37\u00b0C. Bottle warmer function with automatic temperature maintenance.<\/li>\n<li>Funci\u00f3n de calentador de botella con mantenimiento autom\u00e1tico de temperatura.<\/li>\n<li>Funci\u00f3n de esterilizaci\u00f3n con desconexi\u00f3n autom\u00e1tica programable.<\/li>\n<\/ul>\n<p>Todo lo que necesitas en un solo calienta biber\u00f3n. \u00bfA qu\u00e9 esperas para que sea tuyo? Compra online al mejor precio el calienta biber\u00f3n Nuvita en Centrobeb\u00e9. Si quieres m\u00e1s informaci\u00f3n sobre el fabricante, visita la\u00a0<strong><a href=\"https:\/\/nuvitababy.es\/\">web de Nuvita<\/a><\/strong>.<\/p>\n<p>Descubre la variedad de\u00a0<strong><a href=\"https:\/\/centrobebe.es\/en\/product-category\/centrobebe\/alimentacion\/calienta-biberones\/\">calienta biberones<\/a><\/strong>\u00a0en nuestro cat\u00e1logo de productos de beb\u00e9 online. La selecci\u00f3n se basa en las opiniones de nuestros clientes, desde los productos de bebe m\u00e1s baratos hasta los m\u00e1s exclusivos y con la \u00faltima tecnolog\u00eda<\/p>","protected":false},"excerpt":{"rendered":"<p>Calientabiber\u00f3n Nuvita dise\u00f1ado para ser un producto tecnol\u00f3gicamente avanzado, simple y pr\u00e1ctico. Pantalla LED y botones para seleccionar y calibrar los programas seleccionados.<\/p>\n<p>\u00a1Compra online al mejor precio en Centrobeb\u00e9!<\/p>","protected":false},"featured_media":0,"template":"","meta":[],"pwb-brand":[421],"product_cat":[137],"product_tag":[],"class_list":{"0":"post-13954","1":"product","2":"type-product","3":"status-publish","5":"pwb-brand-nuvita","6":"product_cat-calienta-biberones","7":"tm-no-options","9":"first","10":"instock","11":"taxable","12":"shipping-taxable","13":"purchasable","14":"product-type-simple"},"yoast_head":"<!-- This site is optimized with the Yoast SEO plugin v26.9 - https:\/\/yoast.com\/product\/yoast-seo-wordpress\/ -->\n<title>Calientabiber\u00f3n Nuvita Digital - Compra online - Centrobeb\u00e9<\/title>\n<meta name=\"description\" content=\"Calientabiber\u00f3n Nuvita dise\u00f1ado para ser un producto tecnol\u00f3gicamente avanzado, simple y pr\u00e1ctico. Pantalla LED. Comprar online al mejor precio.\" \/>\n<meta name=\"robots\" content=\"index, follow, max-snippet:-1, max-image-preview:large, max-video-preview:-1\" \/>\n<link rel=\"canonical\" href=\"https:\/\/centrobebe.es\/en\/shop\/centrobebe\/alimentacion\/calienta-biberones\/calienta-biberon-nuvita-digital-1170\/\" \/>\n<meta property=\"og:locale\" content=\"en_GB\" \/>\n<meta property=\"og:type\" content=\"article\" \/>\n<meta property=\"og:title\" content=\"Calientabiber\u00f3n Nuvita Digital - Compra online - Centrobeb\u00e9\" \/>\n<meta property=\"og:description\" content=\"Calientabiber\u00f3n Nuvita dise\u00f1ado para ser un producto tecnol\u00f3gicamente avanzado, simple y pr\u00e1ctico. Pantalla LED. Comprar online al mejor precio.\" \/>\n<meta property=\"og:url\" content=\"https:\/\/centrobebe.es\/en\/shop\/centrobebe\/alimentacion\/calienta-biberones\/calienta-biberon-nuvita-digital-1170\/\" \/>\n<meta property=\"og:site_name\" content=\"Centrobeb\u00e9\" \/>\n<meta property=\"article:publisher\" content=\"https:\/\/www.facebook.com\/centrobebe\/\" \/>\n<meta property=\"article:modified_time\" content=\"2025-03-21T18:28:26+00:00\" \/>\n<meta property=\"og:image\" content=\"https:\/\/centrobebe.es\/wp-content\/uploads\/CALIENTA-BIEBERON-NUVITA-DIGITAL-1170-3.jpg\" \/>\n\t<meta property=\"og:image:width\" content=\"722\" \/>\n\t<meta property=\"og:image:height\" content=\"481\" \/>\n\t<meta property=\"og:image:type\" content=\"image\/jpeg\" \/>\n<meta name=\"twitter:card\" content=\"summary_large_image\" \/>\n<meta name=\"twitter:site\" content=\"@centrobebe\" \/>\n<meta name=\"twitter:label1\" content=\"Estimated reading time\" \/>\n\t<meta name=\"twitter:data1\" content=\"3 minutes\" \/>\n<script type=\"application\/ld+json\" class=\"yoast-schema-graph\">{\"@context\":\"https:\/\/schema.org\",\"@graph\":[{\"@type\":\"WebPage\",\"@id\":\"https:\/\/centrobebe.es\/shop\/centrobebe\/alimentacion\/calienta-biberones\/calienta-biberon-nuvita-digital-1170\/\",\"url\":\"https:\/\/centrobebe.es\/shop\/centrobebe\/alimentacion\/calienta-biberones\/calienta-biberon-nuvita-digital-1170\/\",\"name\":\"Calientabiber\u00f3n Nuvita Digital - Compra online - Centrobeb\u00e9\",\"isPartOf\":{\"@id\":\"https:\/\/centrobebe.es\/#website\"},\"datePublished\":\"2019-06-10T19:12:57+00:00\",\"dateModified\":\"2025-03-21T18:28:26+00:00\",\"description\":\"Calientabiber\u00f3n Nuvita dise\u00f1ado para ser un producto tecnol\u00f3gicamente avanzado, simple y pr\u00e1ctico. Pantalla LED. Comprar online al mejor precio.\",\"breadcrumb\":{\"@id\":\"https:\/\/centrobebe.es\/shop\/centrobebe\/alimentacion\/calienta-biberones\/calienta-biberon-nuvita-digital-1170\/#breadcrumb\"},\"inLanguage\":\"en-GB\",\"potentialAction\":[{\"@type\":\"ReadAction\",\"target\":[\"https:\/\/centrobebe.es\/shop\/centrobebe\/alimentacion\/calienta-biberones\/calienta-biberon-nuvita-digital-1170\/\"]}]},{\"@type\":\"BreadcrumbList\",\"@id\":\"https:\/\/centrobebe.es\/shop\/centrobebe\/alimentacion\/calienta-biberones\/calienta-biberon-nuvita-digital-1170\/#breadcrumb\",\"itemListElement\":[{\"@type\":\"ListItem\",\"position\":1,\"name\":\"Portada\",\"item\":\"https:\/\/centrobebe.es\/\"},{\"@type\":\"ListItem\",\"position\":2,\"name\":\"Shop\",\"item\":\"https:\/\/centrobebe.es\/shop\/\"},{\"@type\":\"ListItem\",\"position\":3,\"name\":\"Calienta Biber\u00f3n Nuvita Digital 1170\"}]},{\"@type\":\"WebSite\",\"@id\":\"https:\/\/centrobebe.es\/#website\",\"url\":\"https:\/\/centrobebe.es\/\",\"name\":\"Centrobeb\u00e9\",\"description\":\"Tienda de bebe online | Todo lo que tu bebe necesita\",\"publisher\":{\"@id\":\"https:\/\/centrobebe.es\/#organization\"},\"alternateName\":\"Centrobeb\u00e9\",\"potentialAction\":[{\"@type\":\"SearchAction\",\"target\":{\"@type\":\"EntryPoint\",\"urlTemplate\":\"https:\/\/centrobebe.es\/?s={search_term_string}\"},\"query-input\":{\"@type\":\"PropertyValueSpecification\",\"valueRequired\":true,\"valueName\":\"search_term_string\"}}],\"inLanguage\":\"en-GB\"},{\"@type\":\"Organization\",\"@id\":\"https:\/\/centrobebe.es\/#organization\",\"name\":\"Centrobebe\",\"alternateName\":\"Centrobebe\",\"url\":\"https:\/\/centrobebe.es\/\",\"logo\":{\"@type\":\"ImageObject\",\"inLanguage\":\"en-GB\",\"@id\":\"https:\/\/centrobebe.es\/#\/schema\/logo\/image\/\",\"url\":\"https:\/\/centrobebe.es\/wp-content\/uploads\/2018\/06\/icono3-e1557940133982.png\",\"contentUrl\":\"https:\/\/centrobebe.es\/wp-content\/uploads\/2018\/06\/icono3-e1557940133982.png\",\"width\":34,\"height\":29,\"caption\":\"Centrobebe\"},\"image\":{\"@id\":\"https:\/\/centrobebe.es\/#\/schema\/logo\/image\/\"},\"sameAs\":[\"https:\/\/www.facebook.com\/centrobebe\/\",\"https:\/\/x.com\/centrobebe\",\"https:\/\/www.instagram.com\/centrobebe.es\/\",\"https:\/\/www.youtube.com\/channel\/UCVU-jcFuwntnxOhxvSbf3hg\"]}]}<\/script>\n<!-- \/ Yoast SEO plugin. -->","yoast_head_json":{"title":"Calientabiber\u00f3n Nuvita Digital - Compra online - Centrobeb\u00e9","description":"Calientabiber\u00f3n Nuvita dise\u00f1ado para ser un producto tecnol\u00f3gicamente avanzado, simple y pr\u00e1ctico. Pantalla LED. Comprar online al mejor precio.","robots":{"index":"index","follow":"follow","max-snippet":"max-snippet:-1","max-image-preview":"max-image-preview:large","max-video-preview":"max-video-preview:-1"},"canonical":"https:\/\/centrobebe.es\/en\/shop\/centrobebe\/alimentacion\/calienta-biberones\/calienta-biberon-nuvita-digital-1170\/","og_locale":"en_GB","og_type":"article","og_title":"Calientabiber\u00f3n Nuvita Digital - Compra online - Centrobeb\u00e9","og_description":"Calientabiber\u00f3n Nuvita dise\u00f1ado para ser un producto tecnol\u00f3gicamente avanzado, simple y pr\u00e1ctico. Pantalla LED. Comprar online al mejor precio.","og_url":"https:\/\/centrobebe.es\/en\/shop\/centrobebe\/alimentacion\/calienta-biberones\/calienta-biberon-nuvita-digital-1170\/","og_site_name":"Centrobeb\u00e9","article_publisher":"https:\/\/www.facebook.com\/centrobebe\/","article_modified_time":"2025-03-21T18:28:26+00:00","og_image":[{"width":722,"height":481,"url":"https:\/\/centrobebe.es\/wp-content\/uploads\/CALIENTA-BIEBERON-NUVITA-DIGITAL-1170-3.jpg","type":"image\/jpeg"}],"twitter_card":"summary_large_image","twitter_site":"@centrobebe","twitter_misc":{"Estimated reading time":"3 minutes"},"schema":{"@context":"https:\/\/schema.org","@graph":[{"@type":"WebPage","@id":"https:\/\/centrobebe.es\/shop\/centrobebe\/alimentacion\/calienta-biberones\/calienta-biberon-nuvita-digital-1170\/","url":"https:\/\/centrobebe.es\/shop\/centrobebe\/alimentacion\/calienta-biberones\/calienta-biberon-nuvita-digital-1170\/","name":"Calientabiber\u00f3n Nuvita Digital - Compra online - Centrobeb\u00e9","isPartOf":{"@id":"https:\/\/centrobebe.es\/#website"},"datePublished":"2019-06-10T19:12:57+00:00","dateModified":"2025-03-21T18:28:26+00:00","description":"Calientabiber\u00f3n Nuvita dise\u00f1ado para ser un producto tecnol\u00f3gicamente avanzado, simple y pr\u00e1ctico. Pantalla LED. Comprar online al mejor precio.","breadcrumb":{"@id":"https:\/\/centrobebe.es\/shop\/centrobebe\/alimentacion\/calienta-biberones\/calienta-biberon-nuvita-digital-1170\/#breadcrumb"},"inLanguage":"en-GB","potentialAction":[{"@type":"ReadAction","target":["https:\/\/centrobebe.es\/shop\/centrobebe\/alimentacion\/calienta-biberones\/calienta-biberon-nuvita-digital-1170\/"]}]},{"@type":"BreadcrumbList","@id":"https:\/\/centrobebe.es\/shop\/centrobebe\/alimentacion\/calienta-biberones\/calienta-biberon-nuvita-digital-1170\/#breadcrumb","itemListElement":[{"@type":"ListItem","position":1,"name":"Portada","item":"https:\/\/centrobebe.es\/"},{"@type":"ListItem","position":2,"name":"Shop","item":"https:\/\/centrobebe.es\/shop\/"},{"@type":"ListItem","position":3,"name":"Calienta Biber\u00f3n Nuvita Digital 1170"}]},{"@type":"WebSite","@id":"https:\/\/centrobebe.es\/#website","url":"https:\/\/centrobebe.es\/","name":"Centrobeb\u00e9","description":"Tienda de bebe online | Todo lo que tu bebe necesita","publisher":{"@id":"https:\/\/centrobebe.es\/#organization"},"alternateName":"Centrobeb\u00e9","potentialAction":[{"@type":"SearchAction","target":{"@type":"EntryPoint","urlTemplate":"https:\/\/centrobebe.es\/?s={search_term_string}"},"query-input":{"@type":"PropertyValueSpecification","valueRequired":true,"valueName":"search_term_string"}}],"inLanguage":"en-GB"},{"@type":"Organization","@id":"https:\/\/centrobebe.es\/#organization","name":"Centrobebe","alternateName":"Centrobebe","url":"https:\/\/centrobebe.es\/","logo":{"@type":"ImageObject","inLanguage":"en-GB","@id":"https:\/\/centrobebe.es\/#\/schema\/logo\/image\/","url":"https:\/\/centrobebe.es\/wp-content\/uploads\/2018\/06\/icono3-e1557940133982.png","contentUrl":"https:\/\/centrobebe.es\/wp-content\/uploads\/2018\/06\/icono3-e1557940133982.png","width":34,"height":29,"caption":"Centrobebe"},"image":{"@id":"https:\/\/centrobebe.es\/#\/schema\/logo\/image\/"},"sameAs":["https:\/\/www.facebook.com\/centrobebe\/","https:\/\/x.com\/centrobebe","https:\/\/www.instagram.com\/centrobebe.es\/","https:\/\/www.youtube.com\/channel\/UCVU-jcFuwntnxOhxvSbf3hg"]}]}},"brands":[{"id":421,"name":"Nuvita","slug":"nuvita"}],"_links":{"self":[{"href":"https:\/\/centrobebe.es\/en\/wp-json\/wp\/v2\/product\/13954","targetHints":{"allow":["GET"]}}],"collection":[{"href":"https:\/\/centrobebe.es\/en\/wp-json\/wp\/v2\/product"}],"about":[{"href":"https:\/\/centrobebe.es\/en\/wp-json\/wp\/v2\/types\/product"}],"version-history":[{"count":1,"href":"https:\/\/centrobebe.es\/en\/wp-json\/wp\/v2\/product\/13954\/revisions"}],"predecessor-version":[{"id":48952,"href":"https:\/\/centrobebe.es\/en\/wp-json\/wp\/v2\/product\/13954\/revisions\/48952"}],"wp:attachment":[{"href":"https:\/\/centrobebe.es\/en\/wp-json\/wp\/v2\/media?parent=13954"}],"wp:term":[{"taxonomy":"pwb-brand","embeddable":true,"href":"https:\/\/centrobebe.es\/en\/wp-json\/wp\/v2\/pwb-brand?post=13954"},{"taxonomy":"product_cat","embeddable":true,"href":"https:\/\/centrobebe.es\/en\/wp-json\/wp\/v2\/product_cat?post=13954"},{"taxonomy":"product_tag","embeddable":true,"href":"https:\/\/centrobebe.es\/en\/wp-json\/wp\/v2\/product_tag?post=13954"}],"curies":[{"name":"wp","href":"https:\/\/api.w.org\/{rel}","templated":true}]}}