{"id":15411,"date":"2019-08-12T11:53:01","date_gmt":"2019-08-12T11:53:01","guid":{"rendered":"https:\/\/centrobebe.es\/?post_type=product&#038;p=15411"},"modified":"2025-10-22T10:14:29","modified_gmt":"2025-10-22T10:14:29","slug":"silla-paseo-gemelar-kikka-boo-happy-2","status":"publish","type":"product","link":"https:\/\/centrobebe.es\/en\/shop\/centrobebe\/cochecitos-y-sillas-de-paseo-de-bebe\/carritos-sillitas-gemelares\/silla-paseo-gemelar-kikka-boo-happy-2\/","title":{"rendered":"Silla Gemelar Kikka Boo Happy 2"},"content":{"rendered":"<h1>Silla Gemelar Kikka Boo de paseo Happy 2<\/h1>\n<div class=\"keyword-text _ngcontent-unp-88\" aria-label=\"\"><span class=\"keyword _ngcontent-unp-88\" aria-hidden=\"false\">Silla gemelar Kikka Boo de paseo,<\/span> trata de una silla gemelar econ\u00f3mica con caracter\u00edsticas de una silla de paseo de lujo. Puede ser utilizada desde el nacimiento. Tiene un chasis ligero y se ofrece totalmente completa, con sus barras, pl\u00e1stico de lluvia y cubrepi\u00e9s. \u00a1A tus dos beb\u00e9s, les encantar\u00e1 ir juntos en la silla de paseo Kikka Boo y disfrutar del paseo!<\/div>\n<div aria-label=\"\"><\/div>\n<div aria-label=\"\"><iframe title=\"YouTube video player\" src=\"https:\/\/www.youtube.com\/embed\/fWKCb1fPFVI\" width=\"560\" height=\"315\" frameborder=\"0\" allowfullscreen=\"allowfullscreen\"><\/iframe><\/div>\n<h2><strong>Caracter\u00edsticas:<\/strong><\/h2>\n<ul>\n<li>\u2022 Apto hasta 15 kg por ni\u00f1o;\n<p>\u2022 Marco de aluminio ligero;<\/p>\n<p>\u2022 Sistema de plegado r\u00e1pido y sencillo con la unidad de asiento y un bloqueo de plegado;<\/p>\n<p>\u2022 Un mango grande y fuerte que hace que el cochecito sea f\u00e1cil de guiar;<\/p>\n<p>\u2022 Dos marquesinas grandes separadas con extensi\u00f3n de la parte que se abre con cremallera y ventanas de malla;<\/p>\n<p>\u2022 Dos barras de parachoques textiles desmontables;<\/p>\n<p>\u2022 Cesta de almacenamiento;<\/p>\n<p>\u2022 Sistema de arn\u00e9s de 5 puntos con hombreras y cubiertas con hebilla inferior;<\/p>\n<p>\u2022 Rotaci\u00f3n de 360 \u200b\u200bgrados de las ruedas delanteras con mecanismo de bloqueo;<\/p>\n<p>\u2022 Ruedas grandes aptas para todo terreno;<\/p>\n<p>\u2022 Construido con suspensi\u00f3n en las ruedas delanteras;<\/p>\n<p>\u2022 Un freno trasero de un toque;<\/p>\n<p>\u2022 Dos posiciones reclinables ajustables independientemente de los asientos;<\/p>\n<p>\u2022 Dos reposapi\u00e9s ajustables independientemente en 3 posiciones.<\/p>\n<p>&nbsp;<\/p>\n<p>Accesorios incluidos:\u00a0Fundas para los pies en ambas unidades del asiento, cubierta de lluvia grande para ambos asientos.<\/p>\n<p>&nbsp;<\/p>\n<p>Dimensiones:<\/p>\n<p>&#8211; Carrito: 79&#215;73.5&#215;104 cm \/ Plegado: 46.5x73x73.5 cm \/ 12 kg<\/p>\n<p>&#8211; Caja: 76.5x22x74cm \/ 16.1 kg \/ 1 ud\/caja<\/li>\n<\/ul>\n<p>Descubre en Centrobeb\u00e9, la gran variedad de <a href=\"https:\/\/centrobebe.es\/en\/product-category\/centrobebe\/cochecitos-y-sillas-de-paseo-de-bebe\/carritos-sillitas-gemelares\/\">sillas gemelar<\/a> a los mejores precios y de las mejores marcas del mercado. Encuentra tu favorita y haz que sea tuya a trav\u00e9s de nuestra tienda de bebe online.<\/p>\n<p>Nuestro cat\u00e1logo esta repleto de sillas gemelares de lujo, m\u00e1s econ\u00f3micas e incluso sillas econ\u00f3micas con caracter\u00edsticas lujosas. Puedes ponerte en contacto con el equipo de Centrobeb\u00e9, si necesitas m\u00e1s informaci\u00f3n sobre alg\u00fan producto o accesorio. Encuentra todo lo que necesitas para tu beb\u00e9 en nuestra tienda online.<\/p>\n<p>Ahora puedes financiar tu compra online de la forma m\u00e1s f\u00e1cil y sencilla.<\/p>","protected":false},"excerpt":{"rendered":"<p>La silla de paseo Kikka Boo, trata de una silla gemelar barata pero con unas caracter\u00edsticas de sillita de bebe de lujo.<\/p>\n<p>Tiene un chasis ligero y se ofrece totalmente completa, con sus barras, pl\u00e1stico de lluvia y cubrepi\u00e9s.<\/p>\n<p>Compra ahora online y financia.<\/p>","protected":false},"featured_media":34962,"template":"","meta":[],"pwb-brand":[597],"product_cat":[156],"product_tag":[],"class_list":{"0":"post-15411","1":"product","2":"type-product","3":"status-publish","4":"has-post-thumbnail","6":"pwb-brand-kikka-boo","7":"product_cat-carritos-sillitas-gemelares","8":"pa_color-beige","9":"pa_color-gris","10":"pa_color-gris-claro","11":"pa_color-negro","12":"tm-no-options","14":"first","15":"instock","16":"sale","17":"taxable","18":"shipping-taxable","19":"purchasable","20":"product-type-variable","21":"wvs-archive-product-wrapper"},"yoast_head":"<!-- This site is optimized with the Yoast SEO plugin v26.9 - https:\/\/yoast.com\/product\/yoast-seo-wordpress\/ -->\n<title>Silla Gemelar Kikka Boo Happy 2 - Silla gemelar online - Centrobeb\u00e9<\/title>\n<meta name=\"description\" content=\"Silla gemelar Kikka Boo Happy 2. Silla gemelar barata pero con caracteristicas de silla de paseo bebe lujosa. Compra online silla gemelar y financiala.\" \/>\n<meta name=\"robots\" content=\"index, follow, max-snippet:-1, max-image-preview:large, max-video-preview:-1\" \/>\n<link rel=\"canonical\" href=\"https:\/\/centrobebe.es\/en\/shop\/centrobebe\/cochecitos-y-sillas-de-paseo-de-bebe\/carritos-sillitas-gemelares\/silla-paseo-gemelar-kikka-boo-happy-2\/\" \/>\n<meta property=\"og:locale\" content=\"en_GB\" \/>\n<meta property=\"og:type\" content=\"article\" \/>\n<meta property=\"og:title\" content=\"Silla Gemelar Kikka Boo Happy 2 - Silla gemelar online - Centrobeb\u00e9\" \/>\n<meta property=\"og:description\" content=\"Silla gemelar Kikka Boo Happy 2. Silla gemelar barata pero con caracteristicas de silla de paseo bebe lujosa. Compra online silla gemelar y financiala.\" \/>\n<meta property=\"og:url\" content=\"https:\/\/centrobebe.es\/en\/shop\/centrobebe\/cochecitos-y-sillas-de-paseo-de-bebe\/carritos-sillitas-gemelares\/silla-paseo-gemelar-kikka-boo-happy-2\/\" \/>\n<meta property=\"og:site_name\" content=\"Centrobeb\u00e9\" \/>\n<meta property=\"article:publisher\" content=\"https:\/\/www.facebook.com\/centrobebe\/\" \/>\n<meta property=\"article:modified_time\" content=\"2025-10-22T10:14:29+00:00\" \/>\n<meta property=\"og:image\" content=\"https:\/\/centrobebe.es\/wp-content\/uploads\/silla-gemelar-kikka-book-happy-2-7.jpg\" \/>\n\t<meta property=\"og:image:width\" content=\"800\" \/>\n\t<meta property=\"og:image:height\" content=\"800\" \/>\n\t<meta property=\"og:image:type\" content=\"image\/jpeg\" \/>\n<meta name=\"twitter:card\" content=\"summary_large_image\" \/>\n<meta name=\"twitter:site\" content=\"@centrobebe\" \/>\n<meta name=\"twitter:label1\" content=\"Estimated reading time\" \/>\n\t<meta name=\"twitter:data1\" content=\"2 minutes\" \/>\n<script type=\"application\/ld+json\" class=\"yoast-schema-graph\">{\"@context\":\"https:\/\/schema.org\",\"@graph\":[{\"@type\":\"WebPage\",\"@id\":\"https:\/\/centrobebe.es\/shop\/centrobebe\/cochecitos-y-sillas-de-paseo-de-bebe\/carritos-sillitas-gemelares\/silla-paseo-gemelar-kikka-boo-happy-2\/\",\"url\":\"https:\/\/centrobebe.es\/shop\/centrobebe\/cochecitos-y-sillas-de-paseo-de-bebe\/carritos-sillitas-gemelares\/silla-paseo-gemelar-kikka-boo-happy-2\/\",\"name\":\"Silla Gemelar Kikka Boo Happy 2 - Silla gemelar online - Centrobeb\u00e9\",\"isPartOf\":{\"@id\":\"https:\/\/centrobebe.es\/#website\"},\"primaryImageOfPage\":{\"@id\":\"https:\/\/centrobebe.es\/shop\/centrobebe\/cochecitos-y-sillas-de-paseo-de-bebe\/carritos-sillitas-gemelares\/silla-paseo-gemelar-kikka-boo-happy-2\/#primaryimage\"},\"image\":{\"@id\":\"https:\/\/centrobebe.es\/shop\/centrobebe\/cochecitos-y-sillas-de-paseo-de-bebe\/carritos-sillitas-gemelares\/silla-paseo-gemelar-kikka-boo-happy-2\/#primaryimage\"},\"thumbnailUrl\":\"https:\/\/centrobebe.es\/wp-content\/uploads\/silla-gemelar-kikka-book-happy-2-7.jpg\",\"datePublished\":\"2019-08-12T11:53:01+00:00\",\"dateModified\":\"2025-10-22T10:14:29+00:00\",\"description\":\"Silla gemelar Kikka Boo Happy 2. Silla gemelar barata pero con caracteristicas de silla de paseo bebe lujosa. Compra online silla gemelar y financiala.\",\"breadcrumb\":{\"@id\":\"https:\/\/centrobebe.es\/shop\/centrobebe\/cochecitos-y-sillas-de-paseo-de-bebe\/carritos-sillitas-gemelares\/silla-paseo-gemelar-kikka-boo-happy-2\/#breadcrumb\"},\"inLanguage\":\"en-GB\",\"potentialAction\":[{\"@type\":\"ReadAction\",\"target\":[\"https:\/\/centrobebe.es\/shop\/centrobebe\/cochecitos-y-sillas-de-paseo-de-bebe\/carritos-sillitas-gemelares\/silla-paseo-gemelar-kikka-boo-happy-2\/\"]}]},{\"@type\":\"ImageObject\",\"inLanguage\":\"en-GB\",\"@id\":\"https:\/\/centrobebe.es\/shop\/centrobebe\/cochecitos-y-sillas-de-paseo-de-bebe\/carritos-sillitas-gemelares\/silla-paseo-gemelar-kikka-boo-happy-2\/#primaryimage\",\"url\":\"https:\/\/centrobebe.es\/wp-content\/uploads\/silla-gemelar-kikka-book-happy-2-7.jpg\",\"contentUrl\":\"https:\/\/centrobebe.es\/wp-content\/uploads\/silla-gemelar-kikka-book-happy-2-7.jpg\",\"width\":800,\"height\":800,\"caption\":\"silla gemelar kikka boo happy\"},{\"@type\":\"BreadcrumbList\",\"@id\":\"https:\/\/centrobebe.es\/shop\/centrobebe\/cochecitos-y-sillas-de-paseo-de-bebe\/carritos-sillitas-gemelares\/silla-paseo-gemelar-kikka-boo-happy-2\/#breadcrumb\",\"itemListElement\":[{\"@type\":\"ListItem\",\"position\":1,\"name\":\"Portada\",\"item\":\"https:\/\/centrobebe.es\/\"},{\"@type\":\"ListItem\",\"position\":2,\"name\":\"Shop\",\"item\":\"https:\/\/centrobebe.es\/shop\/\"},{\"@type\":\"ListItem\",\"position\":3,\"name\":\"Silla Gemelar Kikka Boo Happy 2\"}]},{\"@type\":\"WebSite\",\"@id\":\"https:\/\/centrobebe.es\/#website\",\"url\":\"https:\/\/centrobebe.es\/\",\"name\":\"Centrobeb\u00e9\",\"description\":\"Tienda de bebe online | Todo lo que tu bebe necesita\",\"publisher\":{\"@id\":\"https:\/\/centrobebe.es\/#organization\"},\"alternateName\":\"Centrobeb\u00e9\",\"potentialAction\":[{\"@type\":\"SearchAction\",\"target\":{\"@type\":\"EntryPoint\",\"urlTemplate\":\"https:\/\/centrobebe.es\/?s={search_term_string}\"},\"query-input\":{\"@type\":\"PropertyValueSpecification\",\"valueRequired\":true,\"valueName\":\"search_term_string\"}}],\"inLanguage\":\"en-GB\"},{\"@type\":\"Organization\",\"@id\":\"https:\/\/centrobebe.es\/#organization\",\"name\":\"Centrobebe\",\"alternateName\":\"Centrobebe\",\"url\":\"https:\/\/centrobebe.es\/\",\"logo\":{\"@type\":\"ImageObject\",\"inLanguage\":\"en-GB\",\"@id\":\"https:\/\/centrobebe.es\/#\/schema\/logo\/image\/\",\"url\":\"https:\/\/centrobebe.es\/wp-content\/uploads\/2018\/06\/icono3-e1557940133982.png\",\"contentUrl\":\"https:\/\/centrobebe.es\/wp-content\/uploads\/2018\/06\/icono3-e1557940133982.png\",\"width\":34,\"height\":29,\"caption\":\"Centrobebe\"},\"image\":{\"@id\":\"https:\/\/centrobebe.es\/#\/schema\/logo\/image\/\"},\"sameAs\":[\"https:\/\/www.facebook.com\/centrobebe\/\",\"https:\/\/x.com\/centrobebe\",\"https:\/\/www.instagram.com\/centrobebe.es\/\",\"https:\/\/www.youtube.com\/channel\/UCVU-jcFuwntnxOhxvSbf3hg\"]}]}<\/script>\n<!-- \/ Yoast SEO plugin. -->","yoast_head_json":{"title":"Silla Gemelar Kikka Boo Happy 2 - Silla gemelar online - Centrobeb\u00e9","description":"Silla gemelar Kikka Boo Happy 2. Silla gemelar barata pero con caracteristicas de silla de paseo bebe lujosa. Compra online silla gemelar y financiala.","robots":{"index":"index","follow":"follow","max-snippet":"max-snippet:-1","max-image-preview":"max-image-preview:large","max-video-preview":"max-video-preview:-1"},"canonical":"https:\/\/centrobebe.es\/en\/shop\/centrobebe\/cochecitos-y-sillas-de-paseo-de-bebe\/carritos-sillitas-gemelares\/silla-paseo-gemelar-kikka-boo-happy-2\/","og_locale":"en_GB","og_type":"article","og_title":"Silla Gemelar Kikka Boo Happy 2 - Silla gemelar online - Centrobeb\u00e9","og_description":"Silla gemelar Kikka Boo Happy 2. Silla gemelar barata pero con caracteristicas de silla de paseo bebe lujosa. Compra online silla gemelar y financiala.","og_url":"https:\/\/centrobebe.es\/en\/shop\/centrobebe\/cochecitos-y-sillas-de-paseo-de-bebe\/carritos-sillitas-gemelares\/silla-paseo-gemelar-kikka-boo-happy-2\/","og_site_name":"Centrobeb\u00e9","article_publisher":"https:\/\/www.facebook.com\/centrobebe\/","article_modified_time":"2025-10-22T10:14:29+00:00","og_image":[{"width":800,"height":800,"url":"https:\/\/centrobebe.es\/wp-content\/uploads\/silla-gemelar-kikka-book-happy-2-7.jpg","type":"image\/jpeg"}],"twitter_card":"summary_large_image","twitter_site":"@centrobebe","twitter_misc":{"Estimated reading time":"2 minutes"},"schema":{"@context":"https:\/\/schema.org","@graph":[{"@type":"WebPage","@id":"https:\/\/centrobebe.es\/shop\/centrobebe\/cochecitos-y-sillas-de-paseo-de-bebe\/carritos-sillitas-gemelares\/silla-paseo-gemelar-kikka-boo-happy-2\/","url":"https:\/\/centrobebe.es\/shop\/centrobebe\/cochecitos-y-sillas-de-paseo-de-bebe\/carritos-sillitas-gemelares\/silla-paseo-gemelar-kikka-boo-happy-2\/","name":"Silla Gemelar Kikka Boo Happy 2 - Silla gemelar online - Centrobeb\u00e9","isPartOf":{"@id":"https:\/\/centrobebe.es\/#website"},"primaryImageOfPage":{"@id":"https:\/\/centrobebe.es\/shop\/centrobebe\/cochecitos-y-sillas-de-paseo-de-bebe\/carritos-sillitas-gemelares\/silla-paseo-gemelar-kikka-boo-happy-2\/#primaryimage"},"image":{"@id":"https:\/\/centrobebe.es\/shop\/centrobebe\/cochecitos-y-sillas-de-paseo-de-bebe\/carritos-sillitas-gemelares\/silla-paseo-gemelar-kikka-boo-happy-2\/#primaryimage"},"thumbnailUrl":"https:\/\/centrobebe.es\/wp-content\/uploads\/silla-gemelar-kikka-book-happy-2-7.jpg","datePublished":"2019-08-12T11:53:01+00:00","dateModified":"2025-10-22T10:14:29+00:00","description":"Silla gemelar Kikka Boo Happy 2. Silla gemelar barata pero con caracteristicas de silla de paseo bebe lujosa. Compra online silla gemelar y financiala.","breadcrumb":{"@id":"https:\/\/centrobebe.es\/shop\/centrobebe\/cochecitos-y-sillas-de-paseo-de-bebe\/carritos-sillitas-gemelares\/silla-paseo-gemelar-kikka-boo-happy-2\/#breadcrumb"},"inLanguage":"en-GB","potentialAction":[{"@type":"ReadAction","target":["https:\/\/centrobebe.es\/shop\/centrobebe\/cochecitos-y-sillas-de-paseo-de-bebe\/carritos-sillitas-gemelares\/silla-paseo-gemelar-kikka-boo-happy-2\/"]}]},{"@type":"ImageObject","inLanguage":"en-GB","@id":"https:\/\/centrobebe.es\/shop\/centrobebe\/cochecitos-y-sillas-de-paseo-de-bebe\/carritos-sillitas-gemelares\/silla-paseo-gemelar-kikka-boo-happy-2\/#primaryimage","url":"https:\/\/centrobebe.es\/wp-content\/uploads\/silla-gemelar-kikka-book-happy-2-7.jpg","contentUrl":"https:\/\/centrobebe.es\/wp-content\/uploads\/silla-gemelar-kikka-book-happy-2-7.jpg","width":800,"height":800,"caption":"silla gemelar kikka boo happy"},{"@type":"BreadcrumbList","@id":"https:\/\/centrobebe.es\/shop\/centrobebe\/cochecitos-y-sillas-de-paseo-de-bebe\/carritos-sillitas-gemelares\/silla-paseo-gemelar-kikka-boo-happy-2\/#breadcrumb","itemListElement":[{"@type":"ListItem","position":1,"name":"Portada","item":"https:\/\/centrobebe.es\/"},{"@type":"ListItem","position":2,"name":"Shop","item":"https:\/\/centrobebe.es\/shop\/"},{"@type":"ListItem","position":3,"name":"Silla Gemelar Kikka Boo Happy 2"}]},{"@type":"WebSite","@id":"https:\/\/centrobebe.es\/#website","url":"https:\/\/centrobebe.es\/","name":"Centrobeb\u00e9","description":"Tienda de bebe online | Todo lo que tu bebe necesita","publisher":{"@id":"https:\/\/centrobebe.es\/#organization"},"alternateName":"Centrobeb\u00e9","potentialAction":[{"@type":"SearchAction","target":{"@type":"EntryPoint","urlTemplate":"https:\/\/centrobebe.es\/?s={search_term_string}"},"query-input":{"@type":"PropertyValueSpecification","valueRequired":true,"valueName":"search_term_string"}}],"inLanguage":"en-GB"},{"@type":"Organization","@id":"https:\/\/centrobebe.es\/#organization","name":"Centrobebe","alternateName":"Centrobebe","url":"https:\/\/centrobebe.es\/","logo":{"@type":"ImageObject","inLanguage":"en-GB","@id":"https:\/\/centrobebe.es\/#\/schema\/logo\/image\/","url":"https:\/\/centrobebe.es\/wp-content\/uploads\/2018\/06\/icono3-e1557940133982.png","contentUrl":"https:\/\/centrobebe.es\/wp-content\/uploads\/2018\/06\/icono3-e1557940133982.png","width":34,"height":29,"caption":"Centrobebe"},"image":{"@id":"https:\/\/centrobebe.es\/#\/schema\/logo\/image\/"},"sameAs":["https:\/\/www.facebook.com\/centrobebe\/","https:\/\/x.com\/centrobebe","https:\/\/www.instagram.com\/centrobebe.es\/","https:\/\/www.youtube.com\/channel\/UCVU-jcFuwntnxOhxvSbf3hg"]}]}},"brands":[{"id":597,"name":"Kikka Boo","slug":"kikka-boo"}],"_links":{"self":[{"href":"https:\/\/centrobebe.es\/en\/wp-json\/wp\/v2\/product\/15411","targetHints":{"allow":["GET"]}}],"collection":[{"href":"https:\/\/centrobebe.es\/en\/wp-json\/wp\/v2\/product"}],"about":[{"href":"https:\/\/centrobebe.es\/en\/wp-json\/wp\/v2\/types\/product"}],"version-history":[{"count":3,"href":"https:\/\/centrobebe.es\/en\/wp-json\/wp\/v2\/product\/15411\/revisions"}],"predecessor-version":[{"id":50909,"href":"https:\/\/centrobebe.es\/en\/wp-json\/wp\/v2\/product\/15411\/revisions\/50909"}],"wp:featuredmedia":[{"embeddable":true,"href":"https:\/\/centrobebe.es\/en\/wp-json\/wp\/v2\/media\/34962"}],"wp:attachment":[{"href":"https:\/\/centrobebe.es\/en\/wp-json\/wp\/v2\/media?parent=15411"}],"wp:term":[{"taxonomy":"pwb-brand","embeddable":true,"href":"https:\/\/centrobebe.es\/en\/wp-json\/wp\/v2\/pwb-brand?post=15411"},{"taxonomy":"product_cat","embeddable":true,"href":"https:\/\/centrobebe.es\/en\/wp-json\/wp\/v2\/product_cat?post=15411"},{"taxonomy":"product_tag","embeddable":true,"href":"https:\/\/centrobebe.es\/en\/wp-json\/wp\/v2\/product_tag?post=15411"}],"curies":[{"name":"wp","href":"https:\/\/api.w.org\/{rel}","templated":true}]}}