{"id":1765,"date":"2018-05-02T10:01:05","date_gmt":"2018-05-02T10:01:05","guid":{"rendered":"http:\/\/s2.innovacor.es\/centrobebe.es\/?post_type=product&#038;p=1765"},"modified":"2020-07-01T10:34:28","modified_gmt":"2020-07-01T10:34:28","slug":"barandilla-de-cama-brevi-hello-kitty","status":"publish","type":"product","link":"https:\/\/centrobebe.es\/en\/shop\/centrobebe\/en-casa\/seguridad-en-casa\/barandilla-de-cama-brevi-hello-kitty\/","title":{"rendered":"Baranda para cama Brevi Hello Kitty"},"content":{"rendered":"<h1>Baranda para Cama Brevi<\/h1>\n<p>Baranda para cama Brevi oficial de Hello Kitty de 150 cm. Dimensiones 150cm x 47cm<\/p>\n<p>Cuenta con dos c\u00f3modas correas de longitud regulable para fijar la barrera a la estructura de la cama, seg\u00fan los requisitos de seguridad europeos.<\/p>\n<p>La baranda para cama es adecuada para todas las camas, se fija con extrema facilidad debajo del colch\u00f3n y no se tiene que quitar para hacer la cama, porque es reclinable gracias a la articulaci\u00f3n lateral de 180 grados<\/p>\n<p>Descubre en nuestro cat\u00e1logo de Centrobeb\u00e9 la variedad de\u00a0<strong><a href=\"https:\/\/centrobebe.es\/en\/product-category\/centrobebe\/el-sueno\/accesorios-dormir\/\">accesorios de seguridad para beb\u00e9s<\/a><\/strong>\u00a0de las mejores marcas al mejor precio. Nuestra selecci\u00f3n de productos est\u00e1 basada en las opiniones de nuestros clientes. Contamos con productos desde los m\u00e1s baratos hasta los m\u00e1s exclusivos y con la \u00faltima tecnolog\u00eda.<\/p>\n<p>Compra en nuestra tienda de beb\u00e9 online al mejor precio todos los productos relacionados con el descanso del beb\u00e9. Desde barreras para camas, hasta cierre de puertas.<\/p>\n<p>\u00a1Todo lo que necesitas en nuestra tienda de beb\u00e9 online! No te lo pienses m\u00e1s y encuentra los mejores productos de beb\u00e9s y accesorios aqu\u00ed. Cualquier duda que te surja, puedes contar con nuestro equipo de profesionales. Esteremos encantados de ayudarte y aconsejarte.<\/p>\n<p>&nbsp;<\/p>","protected":false},"excerpt":{"rendered":"<p>Baranda para cama Brevi oficial de Hello Kitty de 150 cm. Dimensiones 150cm x 47cm. Regulable para fijar la barrera a la estructura de la cama.<\/p>\n<p>\u00a1Compra online al mejor precio!<\/p>","protected":false},"featured_media":0,"template":"","meta":[],"pwb-brand":[],"product_cat":[146,519],"product_tag":[204],"class_list":{"0":"post-1765","1":"product","2":"type-product","3":"status-publish","5":"product_cat-seguridad-en-casa","6":"product_cat-liquidaciones-bebe","7":"product_tag-brevi","8":"tm-no-options","10":"first","11":"instock","12":"taxable","13":"shipping-taxable","14":"purchasable","15":"product-type-simple"},"yoast_head":"<!-- This site is optimized with the Yoast SEO plugin v26.9 - https:\/\/yoast.com\/product\/yoast-seo-wordpress\/ -->\n<title>Baranda para cama Brevi Hello Kitty - Centrobeb\u00e9<\/title>\n<meta name=\"description\" content=\"Baranda para cama Brevi oficial de Hello Kitty de 150 cm. Dimensiones 150cm x 47cm. Regulable para fijar la barrera a la estructura de la cama. \u00a1Online!\" \/>\n<meta name=\"robots\" content=\"index, follow, max-snippet:-1, max-image-preview:large, max-video-preview:-1\" \/>\n<link rel=\"canonical\" href=\"https:\/\/centrobebe.es\/en\/shop\/centrobebe\/en-casa\/seguridad-en-casa\/barandilla-de-cama-brevi-hello-kitty\/\" \/>\n<meta property=\"og:locale\" content=\"en_GB\" \/>\n<meta property=\"og:type\" content=\"article\" \/>\n<meta property=\"og:title\" content=\"Baranda para cama Brevi Hello Kitty - Centrobeb\u00e9\" \/>\n<meta property=\"og:description\" content=\"Baranda para cama Brevi oficial de Hello Kitty de 150 cm. Dimensiones 150cm x 47cm. Regulable para fijar la barrera a la estructura de la cama. \u00a1Online!\" \/>\n<meta property=\"og:url\" content=\"https:\/\/centrobebe.es\/en\/shop\/centrobebe\/en-casa\/seguridad-en-casa\/barandilla-de-cama-brevi-hello-kitty\/\" \/>\n<meta property=\"og:site_name\" content=\"Centrobeb\u00e9\" \/>\n<meta property=\"article:publisher\" content=\"https:\/\/www.facebook.com\/centrobebe\/\" \/>\n<meta property=\"article:modified_time\" content=\"2020-07-01T10:34:28+00:00\" \/>\n<meta property=\"og:image\" content=\"https:\/\/centrobebe.es\/wp-content\/uploads\/2018\/05\/1233_81mlbf-n30lsl1500.jpg\" \/>\n\t<meta property=\"og:image:width\" content=\"800\" \/>\n\t<meta property=\"og:image:height\" content=\"477\" \/>\n\t<meta property=\"og:image:type\" content=\"image\/jpeg\" \/>\n<meta name=\"twitter:card\" content=\"summary_large_image\" \/>\n<meta name=\"twitter:site\" content=\"@centrobebe\" \/>\n<meta name=\"twitter:label1\" content=\"Estimated reading time\" \/>\n\t<meta name=\"twitter:data1\" content=\"1 minute\" \/>\n<script type=\"application\/ld+json\" class=\"yoast-schema-graph\">{\"@context\":\"https:\/\/schema.org\",\"@graph\":[{\"@type\":\"WebPage\",\"@id\":\"https:\/\/centrobebe.es\/shop\/centrobebe\/en-casa\/seguridad-en-casa\/barandilla-de-cama-brevi-hello-kitty\/\",\"url\":\"https:\/\/centrobebe.es\/shop\/centrobebe\/en-casa\/seguridad-en-casa\/barandilla-de-cama-brevi-hello-kitty\/\",\"name\":\"Baranda para cama Brevi Hello Kitty - Centrobeb\u00e9\",\"isPartOf\":{\"@id\":\"https:\/\/centrobebe.es\/#website\"},\"datePublished\":\"2018-05-02T10:01:05+00:00\",\"dateModified\":\"2020-07-01T10:34:28+00:00\",\"description\":\"Baranda para cama Brevi oficial de Hello Kitty de 150 cm. Dimensiones 150cm x 47cm. Regulable para fijar la barrera a la estructura de la cama. \u00a1Online!\",\"breadcrumb\":{\"@id\":\"https:\/\/centrobebe.es\/shop\/centrobebe\/en-casa\/seguridad-en-casa\/barandilla-de-cama-brevi-hello-kitty\/#breadcrumb\"},\"inLanguage\":\"en-GB\",\"potentialAction\":[{\"@type\":\"ReadAction\",\"target\":[\"https:\/\/centrobebe.es\/shop\/centrobebe\/en-casa\/seguridad-en-casa\/barandilla-de-cama-brevi-hello-kitty\/\"]}]},{\"@type\":\"BreadcrumbList\",\"@id\":\"https:\/\/centrobebe.es\/shop\/centrobebe\/en-casa\/seguridad-en-casa\/barandilla-de-cama-brevi-hello-kitty\/#breadcrumb\",\"itemListElement\":[{\"@type\":\"ListItem\",\"position\":1,\"name\":\"Portada\",\"item\":\"https:\/\/centrobebe.es\/\"},{\"@type\":\"ListItem\",\"position\":2,\"name\":\"Shop\",\"item\":\"https:\/\/centrobebe.es\/shop\/\"},{\"@type\":\"ListItem\",\"position\":3,\"name\":\"Baranda para cama Brevi Hello Kitty\"}]},{\"@type\":\"WebSite\",\"@id\":\"https:\/\/centrobebe.es\/#website\",\"url\":\"https:\/\/centrobebe.es\/\",\"name\":\"Centrobeb\u00e9\",\"description\":\"Tienda de bebe online | Todo lo que tu bebe necesita\",\"publisher\":{\"@id\":\"https:\/\/centrobebe.es\/#organization\"},\"alternateName\":\"Centrobeb\u00e9\",\"potentialAction\":[{\"@type\":\"SearchAction\",\"target\":{\"@type\":\"EntryPoint\",\"urlTemplate\":\"https:\/\/centrobebe.es\/?s={search_term_string}\"},\"query-input\":{\"@type\":\"PropertyValueSpecification\",\"valueRequired\":true,\"valueName\":\"search_term_string\"}}],\"inLanguage\":\"en-GB\"},{\"@type\":\"Organization\",\"@id\":\"https:\/\/centrobebe.es\/#organization\",\"name\":\"Centrobebe\",\"alternateName\":\"Centrobebe\",\"url\":\"https:\/\/centrobebe.es\/\",\"logo\":{\"@type\":\"ImageObject\",\"inLanguage\":\"en-GB\",\"@id\":\"https:\/\/centrobebe.es\/#\/schema\/logo\/image\/\",\"url\":\"https:\/\/centrobebe.es\/wp-content\/uploads\/2018\/06\/icono3-e1557940133982.png\",\"contentUrl\":\"https:\/\/centrobebe.es\/wp-content\/uploads\/2018\/06\/icono3-e1557940133982.png\",\"width\":34,\"height\":29,\"caption\":\"Centrobebe\"},\"image\":{\"@id\":\"https:\/\/centrobebe.es\/#\/schema\/logo\/image\/\"},\"sameAs\":[\"https:\/\/www.facebook.com\/centrobebe\/\",\"https:\/\/x.com\/centrobebe\",\"https:\/\/www.instagram.com\/centrobebe.es\/\",\"https:\/\/www.youtube.com\/channel\/UCVU-jcFuwntnxOhxvSbf3hg\"]}]}<\/script>\n<!-- \/ Yoast SEO plugin. -->","yoast_head_json":{"title":"Baranda para cama Brevi Hello Kitty - Centrobeb\u00e9","description":"Baranda para cama Brevi oficial de Hello Kitty de 150 cm. Dimensiones 150cm x 47cm. Regulable para fijar la barrera a la estructura de la cama. \u00a1Online!","robots":{"index":"index","follow":"follow","max-snippet":"max-snippet:-1","max-image-preview":"max-image-preview:large","max-video-preview":"max-video-preview:-1"},"canonical":"https:\/\/centrobebe.es\/en\/shop\/centrobebe\/en-casa\/seguridad-en-casa\/barandilla-de-cama-brevi-hello-kitty\/","og_locale":"en_GB","og_type":"article","og_title":"Baranda para cama Brevi Hello Kitty - Centrobeb\u00e9","og_description":"Baranda para cama Brevi oficial de Hello Kitty de 150 cm. Dimensiones 150cm x 47cm. Regulable para fijar la barrera a la estructura de la cama. \u00a1Online!","og_url":"https:\/\/centrobebe.es\/en\/shop\/centrobebe\/en-casa\/seguridad-en-casa\/barandilla-de-cama-brevi-hello-kitty\/","og_site_name":"Centrobeb\u00e9","article_publisher":"https:\/\/www.facebook.com\/centrobebe\/","article_modified_time":"2020-07-01T10:34:28+00:00","og_image":[{"width":800,"height":477,"url":"https:\/\/centrobebe.es\/wp-content\/uploads\/2018\/05\/1233_81mlbf-n30lsl1500.jpg","type":"image\/jpeg"}],"twitter_card":"summary_large_image","twitter_site":"@centrobebe","twitter_misc":{"Estimated reading time":"1 minute"},"schema":{"@context":"https:\/\/schema.org","@graph":[{"@type":"WebPage","@id":"https:\/\/centrobebe.es\/shop\/centrobebe\/en-casa\/seguridad-en-casa\/barandilla-de-cama-brevi-hello-kitty\/","url":"https:\/\/centrobebe.es\/shop\/centrobebe\/en-casa\/seguridad-en-casa\/barandilla-de-cama-brevi-hello-kitty\/","name":"Baranda para cama Brevi Hello Kitty - Centrobeb\u00e9","isPartOf":{"@id":"https:\/\/centrobebe.es\/#website"},"datePublished":"2018-05-02T10:01:05+00:00","dateModified":"2020-07-01T10:34:28+00:00","description":"Baranda para cama Brevi oficial de Hello Kitty de 150 cm. Dimensiones 150cm x 47cm. Regulable para fijar la barrera a la estructura de la cama. \u00a1Online!","breadcrumb":{"@id":"https:\/\/centrobebe.es\/shop\/centrobebe\/en-casa\/seguridad-en-casa\/barandilla-de-cama-brevi-hello-kitty\/#breadcrumb"},"inLanguage":"en-GB","potentialAction":[{"@type":"ReadAction","target":["https:\/\/centrobebe.es\/shop\/centrobebe\/en-casa\/seguridad-en-casa\/barandilla-de-cama-brevi-hello-kitty\/"]}]},{"@type":"BreadcrumbList","@id":"https:\/\/centrobebe.es\/shop\/centrobebe\/en-casa\/seguridad-en-casa\/barandilla-de-cama-brevi-hello-kitty\/#breadcrumb","itemListElement":[{"@type":"ListItem","position":1,"name":"Portada","item":"https:\/\/centrobebe.es\/"},{"@type":"ListItem","position":2,"name":"Shop","item":"https:\/\/centrobebe.es\/shop\/"},{"@type":"ListItem","position":3,"name":"Baranda para cama Brevi Hello Kitty"}]},{"@type":"WebSite","@id":"https:\/\/centrobebe.es\/#website","url":"https:\/\/centrobebe.es\/","name":"Centrobeb\u00e9","description":"Tienda de bebe online | Todo lo que tu bebe necesita","publisher":{"@id":"https:\/\/centrobebe.es\/#organization"},"alternateName":"Centrobeb\u00e9","potentialAction":[{"@type":"SearchAction","target":{"@type":"EntryPoint","urlTemplate":"https:\/\/centrobebe.es\/?s={search_term_string}"},"query-input":{"@type":"PropertyValueSpecification","valueRequired":true,"valueName":"search_term_string"}}],"inLanguage":"en-GB"},{"@type":"Organization","@id":"https:\/\/centrobebe.es\/#organization","name":"Centrobebe","alternateName":"Centrobebe","url":"https:\/\/centrobebe.es\/","logo":{"@type":"ImageObject","inLanguage":"en-GB","@id":"https:\/\/centrobebe.es\/#\/schema\/logo\/image\/","url":"https:\/\/centrobebe.es\/wp-content\/uploads\/2018\/06\/icono3-e1557940133982.png","contentUrl":"https:\/\/centrobebe.es\/wp-content\/uploads\/2018\/06\/icono3-e1557940133982.png","width":34,"height":29,"caption":"Centrobebe"},"image":{"@id":"https:\/\/centrobebe.es\/#\/schema\/logo\/image\/"},"sameAs":["https:\/\/www.facebook.com\/centrobebe\/","https:\/\/x.com\/centrobebe","https:\/\/www.instagram.com\/centrobebe.es\/","https:\/\/www.youtube.com\/channel\/UCVU-jcFuwntnxOhxvSbf3hg"]}]}},"brands":[],"_links":{"self":[{"href":"https:\/\/centrobebe.es\/en\/wp-json\/wp\/v2\/product\/1765","targetHints":{"allow":["GET"]}}],"collection":[{"href":"https:\/\/centrobebe.es\/en\/wp-json\/wp\/v2\/product"}],"about":[{"href":"https:\/\/centrobebe.es\/en\/wp-json\/wp\/v2\/types\/product"}],"version-history":[{"count":0,"href":"https:\/\/centrobebe.es\/en\/wp-json\/wp\/v2\/product\/1765\/revisions"}],"wp:attachment":[{"href":"https:\/\/centrobebe.es\/en\/wp-json\/wp\/v2\/media?parent=1765"}],"wp:term":[{"taxonomy":"pwb-brand","embeddable":true,"href":"https:\/\/centrobebe.es\/en\/wp-json\/wp\/v2\/pwb-brand?post=1765"},{"taxonomy":"product_cat","embeddable":true,"href":"https:\/\/centrobebe.es\/en\/wp-json\/wp\/v2\/product_cat?post=1765"},{"taxonomy":"product_tag","embeddable":true,"href":"https:\/\/centrobebe.es\/en\/wp-json\/wp\/v2\/product_tag?post=1765"}],"curies":[{"name":"wp","href":"https:\/\/api.w.org\/{rel}","templated":true}]}}