{"id":17785,"date":"2019-11-16T12:14:48","date_gmt":"2019-11-16T12:14:48","guid":{"rendered":"https:\/\/centrobebe.es\/?post_type=product&#038;p=17785"},"modified":"2025-09-05T09:30:25","modified_gmt":"2025-09-05T09:30:25","slug":"triciclo-bebe-kinderkraft-easytwist-evolutivo","status":"publish","type":"product","link":"https:\/\/centrobebe.es\/en\/shop\/centrobebe\/el-juego\/triciclos-bebe-evolutivos\/triciclo-bebe-kinderkraft-easytwist-evolutivo\/","title":{"rendered":"Triciclo Bebe Kinderkraft Easytwist Evolutivo"},"content":{"rendered":"<div class=\"product-tiles offset-fixer display-flex\">\n<div class=\"lg-4 sm-6 xs-12\">\n<div class=\"claim\">\n<div class=\"lg-6 sm-12\">\n<h1>Triciclo Kinderkraft EasyTwist Evolutivo para beb\u00e9s<\/h1>\n<p>Triciclo Kinderkraft EasyTwist evolutivo es un triciclo con respaldo reclinable que es una buena alternativa para una silla de paseo tradicional.<\/p>\n<p><iframe title=\"Triciclo Kinderkraft EASYTWIST\" src=\"https:\/\/www.youtube.com\/embed\/GHoA-udNMmg\" width=\"1536\" height=\"864\" frameborder=\"0\" allowfullscreen=\"allowfullscreen\"><\/iframe><\/p>\n<\/div>\n<\/div>\n<div class=\"product-tiles offset-fixer display-flex\">\n<div class=\"lg-4 sm-6 xs-12\">\n<div class=\"videoContainer\" data-yt-id=\"dPETvp40Hlo\">\n<div class=\"videoContainer functional\">\n<p>Un paseo es una buena oportunidad para que el beb\u00e9 descubra el mundo a su alrededor. Para apoyar a un ni\u00f1o peque\u00f1o en su proceso de desarrollo, en lugar de elegir a una silla de paseo tradicional, merece la pena optar por un Triciclo Kinderkraft EasyTwist hecho de una aleaci\u00f3n de magnesio.<\/p>\n<p>No solo le permitir\u00e1 al ni\u00f1o a desarrollar sus sentidos y habilidades motoras a partir de los 9 meses de edad, sino que tambi\u00e9n apoyar\u00e1 su coordinaci\u00f3n y le ense\u00f1ar\u00e1 un comportamiento adecuado y seguro fuera de su casa.<\/p>\n<h2>Ventajas Triciclo Kinderkraft EasyTwist EasyTwist<\/h2>\n<ul>\n<li>Destinado para los ni\u00f1os a partir de los 9 meses hasta los 5 a\u00f1os de edad<\/li>\n<li>Asiento giratorio de 360 grados &#8211; CLICK&amp;TWIST<\/li>\n<li>Marco de aleaci\u00f3n de magnesio ligero y duradero<\/li>\n<li>Respaldo alto puede ajustarse a una posici\u00f3n semiacostada<\/li>\n<li>Construcci\u00f3n modular &#8211; crece con el ni\u00f1o<\/li>\n<li>Dise\u00f1o \u00fanico &#8211; apoya el desarrollo adecuado<\/li>\n<li>Parasol ajustable hecho de material impermeable con filtro UPF 50+<\/li>\n<li>Mango telesc\u00f3pico ajustable para los padres con un mecanismo de operaci\u00f3n simple basado en botones<\/li>\n<li>Cinturones de seguridad de 5 puntos con posibilidad de ajuste en 3 niveles, con almohadillas (para el hombro y entrepierna)<\/li>\n<li>Ruedas duraderas e impenetrables hechas de PU<\/li>\n<li>Limpieza f\u00e1cil \u2013 funda extra\u00edble, la barrera cubierta con cuero ecol\u00f3gico<\/li>\n<li>Transporte f\u00e1cil &#8211; la construcci\u00f3n modular permite el desmontaje de elementos individuales<\/li>\n<li>Accesorios: portavasos, campana, bolso mochila, canasta para art\u00edculos peque\u00f1os<\/li>\n<li>Cumple con la norma europea EN-71<\/li>\n<li>Seguridad durante cada paseo<\/li>\n<\/ul>\n<p>El Triciclo Kinderkraft EasyTwist ha sido dise\u00f1ado para que un ni\u00f1o ya desde los 9 meses de edad pueda usarlo sin ning\u00fan miedo. Los cinturones de cinco puntos con almohadillas pueden ajustarse en tres niveles y pueden usarse por separado, tanto para el cintur\u00f3n de cadera, como para los cinturones de los hombros. El asiento gira libremente 360 grados.<\/p>\n<p>Adem\u00e1s, simplemente tiene que presionar el bot\u00f3n para poder vigilar a su ni\u00f1o. Cuando el ni\u00f1o est\u00e1 colocado hacia delante, una ventanilla en la visera permite que los padres mantengan el contacto permanente con el ni\u00f1o.<\/p>\n<p>Adem\u00e1s, hay una barrera, que puede desmontarse si resulta necesario, que est\u00e1 colocada alrededor del asiento con el respaldo alto. Tambi\u00e9n la rueda delantera tiene una protecci\u00f3n especial que protege las piernas del ni\u00f1o contra los radios.<\/p>\n<p>El mundo a trav\u00e9s de los ojos de una madre o un padre.<\/p>\n<h2>Caracter\u00edsticas Triciclo Kinderkraft<\/h2>\n<ul>\n<li>Manejo f\u00e1cil &#8211; saber maniobrar con un triciclo en una aglomeraci\u00f3n urbana o por un camino irregular del parque resultar\u00e1 incre\u00edblemente f\u00e1cil, gracias a la ligereza y durabilidad de la aleaci\u00f3n de magnesio utilizada para la fabricaci\u00f3n de marco del triciclo.<\/li>\n<li>Adicionalmente, las ruedas traseras est\u00e1n equipadas con rodamientos, y el freno que se encuentra junto a ellas, permitir\u00e1 detener el veh\u00edculo en un lugar dado siempre y cuando sea necesario.<\/li>\n<li>Perfecto en cada etapa de desarrollo &#8211; el triciclo debe seguir el proceso de desarrollo de tu hijo y en el caso de EASYTWIST es un hecho. El dise\u00f1o modular permite adaptar el triciclo a las habilidades del ni\u00f1o para que montar en bicicleta sea una actividad que no le aburra durante mucho tiempo.<\/li>\n<li>Para mam\u00e1 y pap\u00e1 &#8211; no importa si seas alto o bajo, lo que s\u00ed importa es tener el control absoluto durante los paseos diarios con tu hijo. Por lo tanto, el triciclo de EASYTWIST tiene un mango telesc\u00f3pico ajustable con un mecanismo de operaci\u00f3n basado en botones, que les permite a los padres ajustar el triciclo f\u00e1cil y c\u00f3modamente en funci\u00f3n de su altura. El mundo a trav\u00e9s de los ojos de un ni\u00f1o<\/li>\n<li>El triciclo garantiza la comodidad en todas las situaciones &#8211; el asiento del triciclo, adem\u00e1s de ser giratorio, cuenta con un respaldo alto con posibilidad de inclinarse hacia una posici\u00f3n semiacostada, lo cual puede ser una soluci\u00f3n perfecta durante la siesta. La barrera cubierta con cuero ecol\u00f3gico es agradable al tacto, y el reposapi\u00e9s resulta muy \u00fatil cuando el ni\u00f1o quiere descansar de pedalear.<\/li>\n<\/ul>\n<h2>M\u00e1s Caracter\u00edsticas<\/h2>\n<ul>\n<li>Aprender a trav\u00e9s del juego a partir de los 9 meses de edad &#8211; los ni\u00f1os quieren ser independientes y adquirir habilidades nuevas. El triciclo les proporciona esta posibilidad, porque tiene la funci\u00f3n de \u00abrueda libre\u00bb, que permite a los ni\u00f1os aprender a pedalear de forma segura sin poner la bicicleta en marcha.<\/li>\n<li>Estar listo para cualquier clima &#8211; el parasol ajustable esta hecho de material impermeable y tiene un filtro UPF 50+, por lo que es ideal tanto para la lluvia como para el calor de verano. Adicionalmente, se puede ajustar el \u00e1ngulo de su inclinaci\u00f3n y plegarlo o desplegarlo en funci\u00f3n de las necesidades y condiciones atmosf\u00e9ricas existentes. \u00a1Gracias a toda esta protecci\u00f3n al ni\u00f1o le encantar\u00e1 pasear independientemente del tiempo!<\/li>\n<li>Marco: aleaci\u00f3n duradera de magnesio<\/li>\n<li>Tejido: poli\u00e9ster que no provoca reacciones al\u00e9rgicas, de secado r\u00e1pido y resistente a la abrasi\u00f3n y las condiciones atmosf\u00e9ricas adversas<\/li>\n<li>Ruedas: PU<\/li>\n<li>Para los ni\u00f1os con peso\/edad: a partir de los 9 meses hasta la edad de los 5 a\u00f1os<\/li>\n<li>Peso del triciclo: 10 kg<\/li>\n<\/ul>\n<\/div>\n<\/div>\n<\/div>\n<\/div>\n<hr \/>\n<p>VER MAS TRICICLOS BEBE EVOLUTIVOS\u00a0<a href=\"https:\/\/centrobebe.es\/en\/product-category\/centrobebe\/el-juego\/triciclos-bebe-evolutivos\/\">AQU\u00cd<\/a><\/p>\n<hr \/>\n<p>WEB FABRICANTE:\u00a0<a href=\"https:\/\/kinderkraft.com\/es\">AQU\u00cd<\/a><\/p>\n<h3><strong>Triciclos Bebe Evolutivos baratos para comprar Online<\/strong><\/h3>\n<p>Centrobebe es la web on line donde comprar tu triciclo de beb\u00e9 homologado, hacemos una selecci\u00f3n de\u00a0<strong>los mejores triciclos para bebes\u00a0<\/strong>basada en las opiniones de nuestros clientes, desde los m\u00e1s baratos\u00a0 hasta los m\u00e1s exclusivos y con la \u00faltima tecnolog\u00eda.<\/p>\n<p>\u00daltimas novedades para comprar on line en toda clase de triciclos de bebe a los mejores precios.<\/p>\n<p>En Centrobebe disponemos de una amplia variedad de\u00a0<strong>triciclos para beb\u00e9<\/strong>\u00a0de las principales marcas del mercado que garantizan la calidad y la asistencia t\u00e9cnica ante cualquier incidencia.<\/p>\n<p>Puedes comprar on line tu triciclo de beb\u00e9 al mejor precio.<\/p>\n<p>&nbsp;<\/p>\n<\/div>\n<\/div>","protected":false},"excerpt":{"rendered":"<p>Comprar al mejor precio barato Triciclo Kinderkraft Easytwist Evolutivo, desde los 9 meses a los 5 a\u00f1os. Financia ahora tu compra online. \u00a1Al mejor precio!<\/p>","protected":false},"featured_media":32387,"template":"","meta":[],"pwb-brand":[611],"product_cat":[616],"product_tag":[],"class_list":{"0":"post-17785","1":"product","2":"type-product","3":"status-publish","4":"has-post-thumbnail","6":"pwb-brand-kinderkraft","7":"product_cat-triciclos-bebe-evolutivos","8":"pa_color-beige","9":"pa_color-gris","10":"pa_color-rosa","11":"pa_color-verde","12":"tm-no-options","14":"first","15":"instock","16":"sale","17":"taxable","18":"shipping-taxable","19":"purchasable","20":"product-type-variable","21":"wvs-archive-product-wrapper"},"yoast_head":"<!-- This site is optimized with the Yoast SEO plugin v26.9 - https:\/\/yoast.com\/product\/yoast-seo-wordpress\/ -->\n<title>Triciclo Kinderkraft Easytwist - Triciclos Evolutivos Centrobeb\u00e9<\/title>\n<meta name=\"description\" content=\"Comprar al mejor precio Triciclo Kinderkraft Easytwist Evolutivo, desde los 9 meses a los 5 a\u00f1os. Financia ahora tu compra online !\" \/>\n<meta name=\"robots\" content=\"index, follow, max-snippet:-1, max-image-preview:large, max-video-preview:-1\" \/>\n<link rel=\"canonical\" href=\"https:\/\/centrobebe.es\/en\/shop\/centrobebe\/el-juego\/triciclos-bebe-evolutivos\/triciclo-bebe-kinderkraft-easytwist-evolutivo\/\" \/>\n<meta property=\"og:locale\" content=\"en_GB\" \/>\n<meta property=\"og:type\" content=\"article\" \/>\n<meta property=\"og:title\" content=\"Triciclo Kinderkraft Easytwist - Triciclos Evolutivos Centrobeb\u00e9\" \/>\n<meta property=\"og:description\" content=\"Comprar al mejor precio Triciclo Kinderkraft Easytwist Evolutivo, desde los 9 meses a los 5 a\u00f1os. Financia ahora tu compra online !\" \/>\n<meta property=\"og:url\" content=\"https:\/\/centrobebe.es\/en\/shop\/centrobebe\/el-juego\/triciclos-bebe-evolutivos\/triciclo-bebe-kinderkraft-easytwist-evolutivo\/\" \/>\n<meta property=\"og:site_name\" content=\"Centrobeb\u00e9\" \/>\n<meta property=\"article:publisher\" content=\"https:\/\/www.facebook.com\/centrobebe\/\" \/>\n<meta property=\"article:modified_time\" content=\"2025-09-05T09:30:25+00:00\" \/>\n<meta property=\"og:image\" content=\"https:\/\/centrobebe.es\/wp-content\/uploads\/triciclo-reclinable-evolutivo-easytwist-de-kinderkraft.jpg\" \/>\n\t<meta property=\"og:image:width\" content=\"800\" \/>\n\t<meta property=\"og:image:height\" content=\"800\" \/>\n\t<meta property=\"og:image:type\" content=\"image\/jpeg\" \/>\n<meta name=\"twitter:card\" content=\"summary_large_image\" \/>\n<meta name=\"twitter:site\" content=\"@centrobebe\" \/>\n<meta name=\"twitter:label1\" content=\"Estimated reading time\" \/>\n\t<meta name=\"twitter:data1\" content=\"5 minutes\" \/>\n<script type=\"application\/ld+json\" class=\"yoast-schema-graph\">{\"@context\":\"https:\/\/schema.org\",\"@graph\":[{\"@type\":\"WebPage\",\"@id\":\"https:\/\/centrobebe.es\/shop\/centrobebe\/el-juego\/triciclos-bebe-evolutivos\/triciclo-bebe-kinderkraft-easytwist-evolutivo\/\",\"url\":\"https:\/\/centrobebe.es\/shop\/centrobebe\/el-juego\/triciclos-bebe-evolutivos\/triciclo-bebe-kinderkraft-easytwist-evolutivo\/\",\"name\":\"Triciclo Kinderkraft Easytwist - Triciclos Evolutivos Centrobeb\u00e9\",\"isPartOf\":{\"@id\":\"https:\/\/centrobebe.es\/#website\"},\"primaryImageOfPage\":{\"@id\":\"https:\/\/centrobebe.es\/shop\/centrobebe\/el-juego\/triciclos-bebe-evolutivos\/triciclo-bebe-kinderkraft-easytwist-evolutivo\/#primaryimage\"},\"image\":{\"@id\":\"https:\/\/centrobebe.es\/shop\/centrobebe\/el-juego\/triciclos-bebe-evolutivos\/triciclo-bebe-kinderkraft-easytwist-evolutivo\/#primaryimage\"},\"thumbnailUrl\":\"https:\/\/centrobebe.es\/wp-content\/uploads\/triciclo-reclinable-evolutivo-easytwist-de-kinderkraft.jpg\",\"datePublished\":\"2019-11-16T12:14:48+00:00\",\"dateModified\":\"2025-09-05T09:30:25+00:00\",\"description\":\"Comprar al mejor precio Triciclo Kinderkraft Easytwist Evolutivo, desde los 9 meses a los 5 a\u00f1os. Financia ahora tu compra online !\",\"breadcrumb\":{\"@id\":\"https:\/\/centrobebe.es\/shop\/centrobebe\/el-juego\/triciclos-bebe-evolutivos\/triciclo-bebe-kinderkraft-easytwist-evolutivo\/#breadcrumb\"},\"inLanguage\":\"en-GB\",\"potentialAction\":[{\"@type\":\"ReadAction\",\"target\":[\"https:\/\/centrobebe.es\/shop\/centrobebe\/el-juego\/triciclos-bebe-evolutivos\/triciclo-bebe-kinderkraft-easytwist-evolutivo\/\"]}]},{\"@type\":\"ImageObject\",\"inLanguage\":\"en-GB\",\"@id\":\"https:\/\/centrobebe.es\/shop\/centrobebe\/el-juego\/triciclos-bebe-evolutivos\/triciclo-bebe-kinderkraft-easytwist-evolutivo\/#primaryimage\",\"url\":\"https:\/\/centrobebe.es\/wp-content\/uploads\/triciclo-reclinable-evolutivo-easytwist-de-kinderkraft.jpg\",\"contentUrl\":\"https:\/\/centrobebe.es\/wp-content\/uploads\/triciclo-reclinable-evolutivo-easytwist-de-kinderkraft.jpg\",\"width\":800,\"height\":800,\"caption\":\"triciclo kindekraft easytwist\"},{\"@type\":\"BreadcrumbList\",\"@id\":\"https:\/\/centrobebe.es\/shop\/centrobebe\/el-juego\/triciclos-bebe-evolutivos\/triciclo-bebe-kinderkraft-easytwist-evolutivo\/#breadcrumb\",\"itemListElement\":[{\"@type\":\"ListItem\",\"position\":1,\"name\":\"Portada\",\"item\":\"https:\/\/centrobebe.es\/\"},{\"@type\":\"ListItem\",\"position\":2,\"name\":\"Shop\",\"item\":\"https:\/\/centrobebe.es\/shop\/\"},{\"@type\":\"ListItem\",\"position\":3,\"name\":\"Triciclo Bebe Kinderkraft Easytwist Evolutivo\"}]},{\"@type\":\"WebSite\",\"@id\":\"https:\/\/centrobebe.es\/#website\",\"url\":\"https:\/\/centrobebe.es\/\",\"name\":\"Centrobeb\u00e9\",\"description\":\"Tienda de bebe online | Todo lo que tu bebe necesita\",\"publisher\":{\"@id\":\"https:\/\/centrobebe.es\/#organization\"},\"alternateName\":\"Centrobeb\u00e9\",\"potentialAction\":[{\"@type\":\"SearchAction\",\"target\":{\"@type\":\"EntryPoint\",\"urlTemplate\":\"https:\/\/centrobebe.es\/?s={search_term_string}\"},\"query-input\":{\"@type\":\"PropertyValueSpecification\",\"valueRequired\":true,\"valueName\":\"search_term_string\"}}],\"inLanguage\":\"en-GB\"},{\"@type\":\"Organization\",\"@id\":\"https:\/\/centrobebe.es\/#organization\",\"name\":\"Centrobebe\",\"alternateName\":\"Centrobebe\",\"url\":\"https:\/\/centrobebe.es\/\",\"logo\":{\"@type\":\"ImageObject\",\"inLanguage\":\"en-GB\",\"@id\":\"https:\/\/centrobebe.es\/#\/schema\/logo\/image\/\",\"url\":\"https:\/\/centrobebe.es\/wp-content\/uploads\/2018\/06\/icono3-e1557940133982.png\",\"contentUrl\":\"https:\/\/centrobebe.es\/wp-content\/uploads\/2018\/06\/icono3-e1557940133982.png\",\"width\":34,\"height\":29,\"caption\":\"Centrobebe\"},\"image\":{\"@id\":\"https:\/\/centrobebe.es\/#\/schema\/logo\/image\/\"},\"sameAs\":[\"https:\/\/www.facebook.com\/centrobebe\/\",\"https:\/\/x.com\/centrobebe\",\"https:\/\/www.instagram.com\/centrobebe.es\/\",\"https:\/\/www.youtube.com\/channel\/UCVU-jcFuwntnxOhxvSbf3hg\"]}]}<\/script>\n<!-- \/ Yoast SEO plugin. -->","yoast_head_json":{"title":"Triciclo Kinderkraft Easytwist - Triciclos Evolutivos Centrobeb\u00e9","description":"Comprar al mejor precio Triciclo Kinderkraft Easytwist Evolutivo, desde los 9 meses a los 5 a\u00f1os. Financia ahora tu compra online !","robots":{"index":"index","follow":"follow","max-snippet":"max-snippet:-1","max-image-preview":"max-image-preview:large","max-video-preview":"max-video-preview:-1"},"canonical":"https:\/\/centrobebe.es\/en\/shop\/centrobebe\/el-juego\/triciclos-bebe-evolutivos\/triciclo-bebe-kinderkraft-easytwist-evolutivo\/","og_locale":"en_GB","og_type":"article","og_title":"Triciclo Kinderkraft Easytwist - Triciclos Evolutivos Centrobeb\u00e9","og_description":"Comprar al mejor precio Triciclo Kinderkraft Easytwist Evolutivo, desde los 9 meses a los 5 a\u00f1os. Financia ahora tu compra online !","og_url":"https:\/\/centrobebe.es\/en\/shop\/centrobebe\/el-juego\/triciclos-bebe-evolutivos\/triciclo-bebe-kinderkraft-easytwist-evolutivo\/","og_site_name":"Centrobeb\u00e9","article_publisher":"https:\/\/www.facebook.com\/centrobebe\/","article_modified_time":"2025-09-05T09:30:25+00:00","og_image":[{"width":800,"height":800,"url":"https:\/\/centrobebe.es\/wp-content\/uploads\/triciclo-reclinable-evolutivo-easytwist-de-kinderkraft.jpg","type":"image\/jpeg"}],"twitter_card":"summary_large_image","twitter_site":"@centrobebe","twitter_misc":{"Estimated reading time":"5 minutes"},"schema":{"@context":"https:\/\/schema.org","@graph":[{"@type":"WebPage","@id":"https:\/\/centrobebe.es\/shop\/centrobebe\/el-juego\/triciclos-bebe-evolutivos\/triciclo-bebe-kinderkraft-easytwist-evolutivo\/","url":"https:\/\/centrobebe.es\/shop\/centrobebe\/el-juego\/triciclos-bebe-evolutivos\/triciclo-bebe-kinderkraft-easytwist-evolutivo\/","name":"Triciclo Kinderkraft Easytwist - Triciclos Evolutivos Centrobeb\u00e9","isPartOf":{"@id":"https:\/\/centrobebe.es\/#website"},"primaryImageOfPage":{"@id":"https:\/\/centrobebe.es\/shop\/centrobebe\/el-juego\/triciclos-bebe-evolutivos\/triciclo-bebe-kinderkraft-easytwist-evolutivo\/#primaryimage"},"image":{"@id":"https:\/\/centrobebe.es\/shop\/centrobebe\/el-juego\/triciclos-bebe-evolutivos\/triciclo-bebe-kinderkraft-easytwist-evolutivo\/#primaryimage"},"thumbnailUrl":"https:\/\/centrobebe.es\/wp-content\/uploads\/triciclo-reclinable-evolutivo-easytwist-de-kinderkraft.jpg","datePublished":"2019-11-16T12:14:48+00:00","dateModified":"2025-09-05T09:30:25+00:00","description":"Comprar al mejor precio Triciclo Kinderkraft Easytwist Evolutivo, desde los 9 meses a los 5 a\u00f1os. Financia ahora tu compra online !","breadcrumb":{"@id":"https:\/\/centrobebe.es\/shop\/centrobebe\/el-juego\/triciclos-bebe-evolutivos\/triciclo-bebe-kinderkraft-easytwist-evolutivo\/#breadcrumb"},"inLanguage":"en-GB","potentialAction":[{"@type":"ReadAction","target":["https:\/\/centrobebe.es\/shop\/centrobebe\/el-juego\/triciclos-bebe-evolutivos\/triciclo-bebe-kinderkraft-easytwist-evolutivo\/"]}]},{"@type":"ImageObject","inLanguage":"en-GB","@id":"https:\/\/centrobebe.es\/shop\/centrobebe\/el-juego\/triciclos-bebe-evolutivos\/triciclo-bebe-kinderkraft-easytwist-evolutivo\/#primaryimage","url":"https:\/\/centrobebe.es\/wp-content\/uploads\/triciclo-reclinable-evolutivo-easytwist-de-kinderkraft.jpg","contentUrl":"https:\/\/centrobebe.es\/wp-content\/uploads\/triciclo-reclinable-evolutivo-easytwist-de-kinderkraft.jpg","width":800,"height":800,"caption":"triciclo kindekraft easytwist"},{"@type":"BreadcrumbList","@id":"https:\/\/centrobebe.es\/shop\/centrobebe\/el-juego\/triciclos-bebe-evolutivos\/triciclo-bebe-kinderkraft-easytwist-evolutivo\/#breadcrumb","itemListElement":[{"@type":"ListItem","position":1,"name":"Portada","item":"https:\/\/centrobebe.es\/"},{"@type":"ListItem","position":2,"name":"Shop","item":"https:\/\/centrobebe.es\/shop\/"},{"@type":"ListItem","position":3,"name":"Triciclo Bebe Kinderkraft Easytwist Evolutivo"}]},{"@type":"WebSite","@id":"https:\/\/centrobebe.es\/#website","url":"https:\/\/centrobebe.es\/","name":"Centrobeb\u00e9","description":"Tienda de bebe online | Todo lo que tu bebe necesita","publisher":{"@id":"https:\/\/centrobebe.es\/#organization"},"alternateName":"Centrobeb\u00e9","potentialAction":[{"@type":"SearchAction","target":{"@type":"EntryPoint","urlTemplate":"https:\/\/centrobebe.es\/?s={search_term_string}"},"query-input":{"@type":"PropertyValueSpecification","valueRequired":true,"valueName":"search_term_string"}}],"inLanguage":"en-GB"},{"@type":"Organization","@id":"https:\/\/centrobebe.es\/#organization","name":"Centrobebe","alternateName":"Centrobebe","url":"https:\/\/centrobebe.es\/","logo":{"@type":"ImageObject","inLanguage":"en-GB","@id":"https:\/\/centrobebe.es\/#\/schema\/logo\/image\/","url":"https:\/\/centrobebe.es\/wp-content\/uploads\/2018\/06\/icono3-e1557940133982.png","contentUrl":"https:\/\/centrobebe.es\/wp-content\/uploads\/2018\/06\/icono3-e1557940133982.png","width":34,"height":29,"caption":"Centrobebe"},"image":{"@id":"https:\/\/centrobebe.es\/#\/schema\/logo\/image\/"},"sameAs":["https:\/\/www.facebook.com\/centrobebe\/","https:\/\/x.com\/centrobebe","https:\/\/www.instagram.com\/centrobebe.es\/","https:\/\/www.youtube.com\/channel\/UCVU-jcFuwntnxOhxvSbf3hg"]}]}},"brands":[{"id":611,"name":"Kinderkraft","slug":"kinderkraft"}],"_links":{"self":[{"href":"https:\/\/centrobebe.es\/en\/wp-json\/wp\/v2\/product\/17785","targetHints":{"allow":["GET"]}}],"collection":[{"href":"https:\/\/centrobebe.es\/en\/wp-json\/wp\/v2\/product"}],"about":[{"href":"https:\/\/centrobebe.es\/en\/wp-json\/wp\/v2\/types\/product"}],"version-history":[{"count":3,"href":"https:\/\/centrobebe.es\/en\/wp-json\/wp\/v2\/product\/17785\/revisions"}],"predecessor-version":[{"id":44324,"href":"https:\/\/centrobebe.es\/en\/wp-json\/wp\/v2\/product\/17785\/revisions\/44324"}],"wp:featuredmedia":[{"embeddable":true,"href":"https:\/\/centrobebe.es\/en\/wp-json\/wp\/v2\/media\/32387"}],"wp:attachment":[{"href":"https:\/\/centrobebe.es\/en\/wp-json\/wp\/v2\/media?parent=17785"}],"wp:term":[{"taxonomy":"pwb-brand","embeddable":true,"href":"https:\/\/centrobebe.es\/en\/wp-json\/wp\/v2\/pwb-brand?post=17785"},{"taxonomy":"product_cat","embeddable":true,"href":"https:\/\/centrobebe.es\/en\/wp-json\/wp\/v2\/product_cat?post=17785"},{"taxonomy":"product_tag","embeddable":true,"href":"https:\/\/centrobebe.es\/en\/wp-json\/wp\/v2\/product_tag?post=17785"}],"curies":[{"name":"wp","href":"https:\/\/api.w.org\/{rel}","templated":true}]}}