{"id":1998,"date":"2018-05-04T09:57:35","date_gmt":"2018-05-04T09:57:35","guid":{"rendered":"http:\/\/s2.innovacor.es\/centrobebe.es\/?post_type=product&#038;p=1998"},"modified":"2024-01-18T09:46:44","modified_gmt":"2024-01-18T09:46:44","slug":"movil-chicco-rainbow","status":"publish","type":"product","link":"https:\/\/centrobebe.es\/en\/shop\/centrobebe\/el-sueno\/carruseles\/movil-chicco-rainbow\/","title":{"rendered":"Movil Chicco Arcoiris con Proyector"},"content":{"rendered":"<h1>Movil Chicco Arcoiris<\/h1>\n<p>Movil Chicco Arcoiris es un movil modular que cuenta con mando a distancia, melod\u00edas cl\u00e1sicas modernas y sonidos de la naturaleza. La innovadora proyecci\u00f3n del arco\u00edris acompa\u00f1a al beb\u00e9 a la hora de dormir.<\/p>\n<p>Ademas el movil chicco dispone:<\/p>\n<ul class=\"list-style description-section\">\n<li>3 CONFIGURACIONES: Podr\u00e1s configurarlo como m\u00f3vil de cuna, proyector con luces y melod\u00edas o como l\u00e1mpara de noche para la mesilla.<\/li>\n<li>2 MODOS DE PROYECCI\u00d3N: Arco\u00edris est\u00e1tico con melod\u00edas cl\u00e1sicas o arco\u00edris en movimiento junto con los sonidos de la naturaleza. \u00a1T\u00fa eliges c\u00f3mo quieres entretener o relajar al beb\u00e9 hoy!<\/li>\n<li>MANDO A DISTANCIA: Este m\u00f3vil de cuna posee un mando a distancia para personalizar y combinar sus funciones como prefieras: rotaci\u00f3n de los 4 peluches colgantes, m\u00fasica con melod\u00edas relajantes y proyecci\u00f3n del arco\u00edris.<\/li>\n<li>COMPATIBILIDAD UNIVERSAL: Compatible con la mayor\u00eda de las cunas de madera (max 38 mm) o minicunas con tejido en el lateral gracias a la estructura modular. Ideal para fijar a las mini cunas Chicco Next2Me.<\/li>\n<li>AJUSTABLE: 15 &#8211; 45 minutos de ciclo autom\u00e1tico y 2 niveles de volumen.<\/li>\n<li>PELUCHES: Los 4 peluches colgantes son extra\u00edbles y se pueden lavar en la lavadora.<\/li>\n<\/ul>\n<p>Si necesitas m\u00e1s informaci\u00f3n sobre el carrusel, no dudes en ponerte en contacto con nuestro equipo de profesionales.<\/p>\n<p>Descubre en el cat\u00e1logo de <strong><a href=\"https:\/\/centrobebe.es\/en\/\">Centrobeb\u00e9<\/a><\/strong>, la variedad de Carruseles y juguetes para el entretenimiento y la calma del bebe. Nuestra selecci\u00f3n de productos de beb\u00e9, se basa en las opiniones de nuestros clientes. Contamos con productos desde los m\u00e1s baratos hasta los m\u00e1s exclusivos y con la \u00faltima tecnolog\u00eda.<\/p>\n<p>Compra en nuestra tienda de beb\u00e9 online todo lo que necesitas para tu beb\u00e9 o para regalar. Disponemos de todo tipo de productos relacionados con la vida y el crecimiento de los beb\u00e9s.<\/p>\n<p>&nbsp;<\/p>","protected":false},"excerpt":{"rendered":"<p>Movil Chicco Arcoiris es un movil modular que cuenta con mando a distancia, melod\u00edas cl\u00e1sicas modernas y sonidos de la naturaleza. La innovadora proyecci\u00f3n del arco\u00edris acompa\u00f1a al beb\u00e9 a la hora de dormir.<\/p>\n<p>\u00a1Compra online al mejor precio el carrusel Chicco en Centrobeb\u00e9!<\/p>","protected":false},"featured_media":0,"template":"","meta":[],"pwb-brand":[403],"product_cat":[149],"product_tag":[185],"class_list":{"0":"post-1998","1":"product","2":"type-product","3":"status-publish","5":"pwb-brand-chicco","6":"product_cat-carruseles","7":"product_tag-chicco","8":"pa_color-beige","9":"pa_color-celeste","10":"pa_color-rosa","11":"tm-no-options","13":"first","14":"instock","15":"taxable","16":"shipping-taxable","17":"purchasable","18":"product-type-variable","19":"wvs-archive-product-wrapper"},"yoast_head":"<!-- This site is optimized with the Yoast SEO plugin v26.9 - https:\/\/yoast.com\/product\/yoast-seo-wordpress\/ -->\n<title>Movil Chicco Arcoiris con Proyector - Al mejor precio - Centrobeb\u00e9<\/title>\n<meta name=\"description\" content=\"Movil Chicco Arcoiris con mando a distancia, melod\u00edas cl\u00e1sicas modernas y sonidos de la naturaleza. Compra online\" \/>\n<meta name=\"robots\" content=\"index, follow, max-snippet:-1, max-image-preview:large, max-video-preview:-1\" \/>\n<link rel=\"canonical\" href=\"https:\/\/centrobebe.es\/en\/shop\/centrobebe\/el-sueno\/carruseles\/movil-chicco-rainbow\/\" \/>\n<meta property=\"og:locale\" content=\"en_GB\" \/>\n<meta property=\"og:type\" content=\"article\" \/>\n<meta property=\"og:title\" content=\"Movil Chicco Arcoiris con Proyector - Al mejor precio - Centrobeb\u00e9\" \/>\n<meta property=\"og:description\" content=\"Movil Chicco Arcoiris con mando a distancia, melod\u00edas cl\u00e1sicas modernas y sonidos de la naturaleza. Compra online\" \/>\n<meta property=\"og:url\" content=\"https:\/\/centrobebe.es\/en\/shop\/centrobebe\/el-sueno\/carruseles\/movil-chicco-rainbow\/\" \/>\n<meta property=\"og:site_name\" content=\"Centrobeb\u00e9\" \/>\n<meta property=\"article:publisher\" content=\"https:\/\/www.facebook.com\/centrobebe\/\" \/>\n<meta property=\"article:modified_time\" content=\"2024-01-18T09:46:44+00:00\" \/>\n<meta property=\"og:image\" content=\"https:\/\/centrobebe.es\/wp-content\/uploads\/00011041200000_000_01_01104110022092508_1280x1280.jpg\" \/>\n\t<meta property=\"og:image:width\" content=\"1280\" \/>\n\t<meta property=\"og:image:height\" content=\"1280\" \/>\n\t<meta property=\"og:image:type\" content=\"image\/jpeg\" \/>\n<meta name=\"twitter:card\" content=\"summary_large_image\" \/>\n<meta name=\"twitter:site\" content=\"@centrobebe\" \/>\n<meta name=\"twitter:label1\" content=\"Estimated reading time\" \/>\n\t<meta name=\"twitter:data1\" content=\"2 minutes\" \/>\n<script type=\"application\/ld+json\" class=\"yoast-schema-graph\">{\"@context\":\"https:\/\/schema.org\",\"@graph\":[{\"@type\":\"WebPage\",\"@id\":\"https:\/\/centrobebe.es\/shop\/centrobebe\/el-sueno\/carruseles\/movil-chicco-rainbow\/\",\"url\":\"https:\/\/centrobebe.es\/shop\/centrobebe\/el-sueno\/carruseles\/movil-chicco-rainbow\/\",\"name\":\"Movil Chicco Arcoiris con Proyector - Al mejor precio - Centrobeb\u00e9\",\"isPartOf\":{\"@id\":\"https:\/\/centrobebe.es\/#website\"},\"datePublished\":\"2018-05-04T09:57:35+00:00\",\"dateModified\":\"2024-01-18T09:46:44+00:00\",\"description\":\"Movil Chicco Arcoiris con mando a distancia, melod\u00edas cl\u00e1sicas modernas y sonidos de la naturaleza. Compra online\",\"breadcrumb\":{\"@id\":\"https:\/\/centrobebe.es\/shop\/centrobebe\/el-sueno\/carruseles\/movil-chicco-rainbow\/#breadcrumb\"},\"inLanguage\":\"en-GB\",\"potentialAction\":[{\"@type\":\"ReadAction\",\"target\":[\"https:\/\/centrobebe.es\/shop\/centrobebe\/el-sueno\/carruseles\/movil-chicco-rainbow\/\"]}]},{\"@type\":\"BreadcrumbList\",\"@id\":\"https:\/\/centrobebe.es\/shop\/centrobebe\/el-sueno\/carruseles\/movil-chicco-rainbow\/#breadcrumb\",\"itemListElement\":[{\"@type\":\"ListItem\",\"position\":1,\"name\":\"Portada\",\"item\":\"https:\/\/centrobebe.es\/\"},{\"@type\":\"ListItem\",\"position\":2,\"name\":\"Shop\",\"item\":\"https:\/\/centrobebe.es\/shop\/\"},{\"@type\":\"ListItem\",\"position\":3,\"name\":\"Movil Chicco Arcoiris con Proyector\"}]},{\"@type\":\"WebSite\",\"@id\":\"https:\/\/centrobebe.es\/#website\",\"url\":\"https:\/\/centrobebe.es\/\",\"name\":\"Centrobeb\u00e9\",\"description\":\"Tienda de bebe online | Todo lo que tu bebe necesita\",\"publisher\":{\"@id\":\"https:\/\/centrobebe.es\/#organization\"},\"alternateName\":\"Centrobeb\u00e9\",\"potentialAction\":[{\"@type\":\"SearchAction\",\"target\":{\"@type\":\"EntryPoint\",\"urlTemplate\":\"https:\/\/centrobebe.es\/?s={search_term_string}\"},\"query-input\":{\"@type\":\"PropertyValueSpecification\",\"valueRequired\":true,\"valueName\":\"search_term_string\"}}],\"inLanguage\":\"en-GB\"},{\"@type\":\"Organization\",\"@id\":\"https:\/\/centrobebe.es\/#organization\",\"name\":\"Centrobebe\",\"alternateName\":\"Centrobebe\",\"url\":\"https:\/\/centrobebe.es\/\",\"logo\":{\"@type\":\"ImageObject\",\"inLanguage\":\"en-GB\",\"@id\":\"https:\/\/centrobebe.es\/#\/schema\/logo\/image\/\",\"url\":\"https:\/\/centrobebe.es\/wp-content\/uploads\/2018\/06\/icono3-e1557940133982.png\",\"contentUrl\":\"https:\/\/centrobebe.es\/wp-content\/uploads\/2018\/06\/icono3-e1557940133982.png\",\"width\":34,\"height\":29,\"caption\":\"Centrobebe\"},\"image\":{\"@id\":\"https:\/\/centrobebe.es\/#\/schema\/logo\/image\/\"},\"sameAs\":[\"https:\/\/www.facebook.com\/centrobebe\/\",\"https:\/\/x.com\/centrobebe\",\"https:\/\/www.instagram.com\/centrobebe.es\/\",\"https:\/\/www.youtube.com\/channel\/UCVU-jcFuwntnxOhxvSbf3hg\"]}]}<\/script>\n<!-- \/ Yoast SEO plugin. -->","yoast_head_json":{"title":"Movil Chicco Arcoiris con Proyector - Al mejor precio - Centrobeb\u00e9","description":"Movil Chicco Arcoiris con mando a distancia, melod\u00edas cl\u00e1sicas modernas y sonidos de la naturaleza. Compra online","robots":{"index":"index","follow":"follow","max-snippet":"max-snippet:-1","max-image-preview":"max-image-preview:large","max-video-preview":"max-video-preview:-1"},"canonical":"https:\/\/centrobebe.es\/en\/shop\/centrobebe\/el-sueno\/carruseles\/movil-chicco-rainbow\/","og_locale":"en_GB","og_type":"article","og_title":"Movil Chicco Arcoiris con Proyector - Al mejor precio - Centrobeb\u00e9","og_description":"Movil Chicco Arcoiris con mando a distancia, melod\u00edas cl\u00e1sicas modernas y sonidos de la naturaleza. Compra online","og_url":"https:\/\/centrobebe.es\/en\/shop\/centrobebe\/el-sueno\/carruseles\/movil-chicco-rainbow\/","og_site_name":"Centrobeb\u00e9","article_publisher":"https:\/\/www.facebook.com\/centrobebe\/","article_modified_time":"2024-01-18T09:46:44+00:00","og_image":[{"width":1280,"height":1280,"url":"https:\/\/centrobebe.es\/wp-content\/uploads\/00011041200000_000_01_01104110022092508_1280x1280.jpg","type":"image\/jpeg"}],"twitter_card":"summary_large_image","twitter_site":"@centrobebe","twitter_misc":{"Estimated reading time":"2 minutes"},"schema":{"@context":"https:\/\/schema.org","@graph":[{"@type":"WebPage","@id":"https:\/\/centrobebe.es\/shop\/centrobebe\/el-sueno\/carruseles\/movil-chicco-rainbow\/","url":"https:\/\/centrobebe.es\/shop\/centrobebe\/el-sueno\/carruseles\/movil-chicco-rainbow\/","name":"Movil Chicco Arcoiris con Proyector - Al mejor precio - Centrobeb\u00e9","isPartOf":{"@id":"https:\/\/centrobebe.es\/#website"},"datePublished":"2018-05-04T09:57:35+00:00","dateModified":"2024-01-18T09:46:44+00:00","description":"Movil Chicco Arcoiris con mando a distancia, melod\u00edas cl\u00e1sicas modernas y sonidos de la naturaleza. Compra online","breadcrumb":{"@id":"https:\/\/centrobebe.es\/shop\/centrobebe\/el-sueno\/carruseles\/movil-chicco-rainbow\/#breadcrumb"},"inLanguage":"en-GB","potentialAction":[{"@type":"ReadAction","target":["https:\/\/centrobebe.es\/shop\/centrobebe\/el-sueno\/carruseles\/movil-chicco-rainbow\/"]}]},{"@type":"BreadcrumbList","@id":"https:\/\/centrobebe.es\/shop\/centrobebe\/el-sueno\/carruseles\/movil-chicco-rainbow\/#breadcrumb","itemListElement":[{"@type":"ListItem","position":1,"name":"Portada","item":"https:\/\/centrobebe.es\/"},{"@type":"ListItem","position":2,"name":"Shop","item":"https:\/\/centrobebe.es\/shop\/"},{"@type":"ListItem","position":3,"name":"Movil Chicco Arcoiris con Proyector"}]},{"@type":"WebSite","@id":"https:\/\/centrobebe.es\/#website","url":"https:\/\/centrobebe.es\/","name":"Centrobeb\u00e9","description":"Tienda de bebe online | Todo lo que tu bebe necesita","publisher":{"@id":"https:\/\/centrobebe.es\/#organization"},"alternateName":"Centrobeb\u00e9","potentialAction":[{"@type":"SearchAction","target":{"@type":"EntryPoint","urlTemplate":"https:\/\/centrobebe.es\/?s={search_term_string}"},"query-input":{"@type":"PropertyValueSpecification","valueRequired":true,"valueName":"search_term_string"}}],"inLanguage":"en-GB"},{"@type":"Organization","@id":"https:\/\/centrobebe.es\/#organization","name":"Centrobebe","alternateName":"Centrobebe","url":"https:\/\/centrobebe.es\/","logo":{"@type":"ImageObject","inLanguage":"en-GB","@id":"https:\/\/centrobebe.es\/#\/schema\/logo\/image\/","url":"https:\/\/centrobebe.es\/wp-content\/uploads\/2018\/06\/icono3-e1557940133982.png","contentUrl":"https:\/\/centrobebe.es\/wp-content\/uploads\/2018\/06\/icono3-e1557940133982.png","width":34,"height":29,"caption":"Centrobebe"},"image":{"@id":"https:\/\/centrobebe.es\/#\/schema\/logo\/image\/"},"sameAs":["https:\/\/www.facebook.com\/centrobebe\/","https:\/\/x.com\/centrobebe","https:\/\/www.instagram.com\/centrobebe.es\/","https:\/\/www.youtube.com\/channel\/UCVU-jcFuwntnxOhxvSbf3hg"]}]}},"brands":[{"id":403,"name":"Chicco","slug":"chicco"}],"_links":{"self":[{"href":"https:\/\/centrobebe.es\/en\/wp-json\/wp\/v2\/product\/1998","targetHints":{"allow":["GET"]}}],"collection":[{"href":"https:\/\/centrobebe.es\/en\/wp-json\/wp\/v2\/product"}],"about":[{"href":"https:\/\/centrobebe.es\/en\/wp-json\/wp\/v2\/types\/product"}],"version-history":[{"count":2,"href":"https:\/\/centrobebe.es\/en\/wp-json\/wp\/v2\/product\/1998\/revisions"}],"predecessor-version":[{"id":47828,"href":"https:\/\/centrobebe.es\/en\/wp-json\/wp\/v2\/product\/1998\/revisions\/47828"}],"wp:attachment":[{"href":"https:\/\/centrobebe.es\/en\/wp-json\/wp\/v2\/media?parent=1998"}],"wp:term":[{"taxonomy":"pwb-brand","embeddable":true,"href":"https:\/\/centrobebe.es\/en\/wp-json\/wp\/v2\/pwb-brand?post=1998"},{"taxonomy":"product_cat","embeddable":true,"href":"https:\/\/centrobebe.es\/en\/wp-json\/wp\/v2\/product_cat?post=1998"},{"taxonomy":"product_tag","embeddable":true,"href":"https:\/\/centrobebe.es\/en\/wp-json\/wp\/v2\/product_tag?post=1998"}],"curies":[{"name":"wp","href":"https:\/\/api.w.org\/{rel}","templated":true}]}}