{"id":2092,"date":"2018-05-04T15:05:57","date_gmt":"2018-05-04T15:05:57","guid":{"rendered":"http:\/\/s2.innovacor.es\/centrobebe.es\/?post_type=product&#038;p=2092"},"modified":"2025-06-26T16:14:39","modified_gmt":"2025-06-26T16:14:39","slug":"colchon-de-cuna-la-ciguena-breathair-57x117","status":"publish","type":"product","link":"https:\/\/centrobebe.es\/en\/shop\/centrobebe\/el-sueno\/colchones-cuna\/colchon-de-cuna-la-ciguena-breathair-57x117\/","title":{"rendered":"Colch\u00f3n de Cuna La Cig\u00fce\u00f1a Breathair Urban 57X117"},"content":{"rendered":"<h1 data-start=\"262\" data-end=\"376\">Colch\u00f3n de Cuna La Cig\u00fce\u00f1a Urban \u2013 Tecnolog\u00eda Breath Air, confort total y dise\u00f1o pr\u00e1ctico para padres modernos<\/h1>\n<p data-start=\"378\" data-end=\"747\">El <strong data-start=\"381\" data-end=\"412\">colch\u00f3n de cuna Urban de La Cig\u00fce\u00f1a<\/strong> est\u00e1 pensado para padres que valoran la <strong data-start=\"453\" data-end=\"494\">comodidad, la higiene y la innovaci\u00f3n<\/strong>, sin renunciar al dise\u00f1o. Ideal desde las primeras semanas de vida hasta los 3 a\u00f1os, este modelo destaca por su <strong data-start=\"607\" data-end=\"632\">tecnolog\u00eda Breath Air<\/strong>, que proporciona a tu beb\u00e9 la sensaci\u00f3n de dormir en el aire, con el m\u00e1ximo nivel de transpirabilidad y seguridad.<\/p>\n<p data-start=\"378\" data-end=\"747\"><img fetchpriority=\"high\" decoding=\"async\" class=\"aligncenter wp-image-55961 size-full\" src=\"https:\/\/centrobebe.es\/wp-content\/uploads\/2018\/05\/urban-2.jpg\" alt=\"colchon la cigue\u00f1a urban\" width=\"518\" height=\"132\" srcset=\"https:\/\/centrobebe.es\/wp-content\/uploads\/2018\/05\/urban-2.jpg 518w, https:\/\/centrobebe.es\/wp-content\/uploads\/2018\/05\/urban-2-360x92.jpg 360w, https:\/\/centrobebe.es\/wp-content\/uploads\/2018\/05\/urban-2-18x5.jpg 18w, https:\/\/centrobebe.es\/wp-content\/uploads\/2018\/05\/urban-2-142x36.jpg 142w, https:\/\/centrobebe.es\/wp-content\/uploads\/2018\/05\/urban-2-208x53.jpg 208w\" sizes=\"(max-width: 518px) 100vw, 518px\" \/><\/p>\n<h4 data-start=\"749\" data-end=\"797\">M\u00e1xima innovaci\u00f3n: duerme como en el aire<\/h4>\n<p data-start=\"798\" data-end=\"959\">Gracias a su <strong data-start=\"811\" data-end=\"860\">n\u00facleo de Pelprene\u00ae con tecnolog\u00eda Breath Air<\/strong>, el colch\u00f3n Urban ofrece una estructura de hilos entrelazados con forma tridimensional que aporta:<\/p>\n<ul data-start=\"960\" data-end=\"1258\">\n<li data-start=\"960\" data-end=\"1020\">\n<p data-start=\"962\" data-end=\"1020\"><strong data-start=\"962\" data-end=\"992\">Gran elasticidad y firmeza<\/strong> para un descanso saludable.<\/p>\n<\/li>\n<li data-start=\"1021\" data-end=\"1094\">\n<p data-start=\"1023\" data-end=\"1094\"><strong data-start=\"1023\" data-end=\"1049\">Transpirabilidad total<\/strong>, evitando acumulaci\u00f3n de calor y sudoraci\u00f3n.<\/p>\n<\/li>\n<li data-start=\"1095\" data-end=\"1181\">\n<p data-start=\"1097\" data-end=\"1181\"><strong data-start=\"1097\" data-end=\"1123\">Efecto muelle flexible<\/strong>, que proporciona una sensaci\u00f3n de descanso en suspensi\u00f3n.<\/p>\n<\/li>\n<li data-start=\"1182\" data-end=\"1258\">\n<p data-start=\"1184\" data-end=\"1258\"><strong data-start=\"1184\" data-end=\"1227\">Tratamiento anti\u00e1caros y antibacteriano<\/strong>, ideal para prevenir alergias.<\/p>\n<\/li>\n<\/ul>\n<h4 data-start=\"1260\" data-end=\"1300\">Higi\u00e9nico, lavable y reutilizable<\/h4>\n<ul data-start=\"1301\" data-end=\"1785\">\n<li data-start=\"1301\" data-end=\"1441\">\n<p data-start=\"1303\" data-end=\"1441\"><strong data-start=\"1303\" data-end=\"1330\">Lavable y desinfectable<\/strong> f\u00e1cilmente gracias a su <strong data-start=\"1355\" data-end=\"1387\">funda dividida en dos partes<\/strong>, permitiendo lavar una mientras se utiliza la otra.<\/p>\n<\/li>\n<li data-start=\"1442\" data-end=\"1523\">\n<p data-start=\"1444\" data-end=\"1523\"><strong data-start=\"1444\" data-end=\"1467\">Secado ultrarr\u00e1pido<\/strong>, ideal para el ritmo diario de las familias modernas.<\/p>\n<\/li>\n<li data-start=\"1524\" data-end=\"1612\">\n<p data-start=\"1526\" data-end=\"1612\">No necesita protector adicional: su tejido act\u00faa como <strong data-start=\"1580\" data-end=\"1609\">barrera higi\u00e9nica natural<\/strong>.<\/p>\n<\/li>\n<li data-start=\"1613\" data-end=\"1785\">\n<p data-start=\"1615\" data-end=\"1785\">Una vez cumplido su ciclo de uso infantil, puede <strong data-start=\"1664\" data-end=\"1725\">reutilizarse para mascotas, cojines, tumbonas o reciclaje<\/strong>, convirti\u00e9ndose en una <strong data-start=\"1749\" data-end=\"1784\">opci\u00f3n sostenible y ecofriendly<\/strong>.<\/p>\n<\/li>\n<\/ul>\n<h4 data-start=\"1787\" data-end=\"1831\">Dise\u00f1o artesanal y cuidado al detalle<\/h4>\n<ul data-start=\"1832\" data-end=\"2133\">\n<li data-start=\"1832\" data-end=\"1896\">\n<p data-start=\"1834\" data-end=\"1896\">Disponible en tres colores actuales: <strong data-start=\"1871\" data-end=\"1893\">azul, beige y rosa<\/strong>.<\/p>\n<\/li>\n<li data-start=\"1897\" data-end=\"1966\">\n<p data-start=\"1899\" data-end=\"1966\"><strong data-start=\"1899\" data-end=\"1918\">Ojitos bordados<\/strong>, sello caracter\u00edstico de la marca La Cig\u00fce\u00f1a.<\/p>\n<\/li>\n<li data-start=\"1967\" data-end=\"2053\">\n<p data-start=\"1969\" data-end=\"2053\">Elaboraci\u00f3n <strong data-start=\"1981\" data-end=\"1994\">artesanal<\/strong> con acabados \u00fanicos y <strong data-start=\"2017\" data-end=\"2030\">tejido 3D<\/strong> de alta ventilaci\u00f3n.<\/p>\n<\/li>\n<li data-start=\"2054\" data-end=\"2133\">\n<p data-start=\"2056\" data-end=\"2133\">Dise\u00f1ado con una <strong data-start=\"2073\" data-end=\"2092\">densidad \u00f3ptima<\/strong> para un descanso saludable y ergon\u00f3mico.<\/p>\n<\/li>\n<\/ul>\n<p><img decoding=\"async\" class=\"aligncenter wp-image-55951 size-full\" src=\"https:\/\/centrobebe.es\/wp-content\/uploads\/2018\/05\/urban-1.jpg\" alt=\"colchon la cigue\u00f1a urban\" width=\"1295\" height=\"491\" srcset=\"https:\/\/centrobebe.es\/wp-content\/uploads\/2018\/05\/urban-1.jpg 1295w, https:\/\/centrobebe.es\/wp-content\/uploads\/2018\/05\/urban-1-360x136.jpg 360w, https:\/\/centrobebe.es\/wp-content\/uploads\/2018\/05\/urban-1-18x7.jpg 18w, https:\/\/centrobebe.es\/wp-content\/uploads\/2018\/05\/urban-1-142x54.jpg 142w, https:\/\/centrobebe.es\/wp-content\/uploads\/2018\/05\/urban-1-659x250.jpg 659w, https:\/\/centrobebe.es\/wp-content\/uploads\/2018\/05\/urban-1-140x53.jpg 140w\" sizes=\"(max-width: 1295px) 100vw, 1295px\" \/><\/p>\n<h4 data-start=\"2135\" data-end=\"2158\">Especificaciones<\/h4>\n<ul data-start=\"2159\" data-end=\"2392\">\n<li data-start=\"2159\" data-end=\"2213\">\n<p data-start=\"2161\" data-end=\"2213\"><strong data-start=\"2161\" data-end=\"2182\">Edad recomendada:<\/strong> desde 2 semanas hasta 3 a\u00f1os<\/p>\n<\/li>\n<li data-start=\"2214\" data-end=\"2288\">\n<p data-start=\"2216\" data-end=\"2242\"><strong data-start=\"2216\" data-end=\"2240\">Tama\u00f1os disponibles:<\/strong><\/p>\n<ul data-start=\"2245\" data-end=\"2288\">\n<li data-start=\"2245\" data-end=\"2265\">\n<p data-start=\"2247\" data-end=\"2265\">117 x 57 x 12 cm<\/p>\n<\/li>\n<li data-start=\"2268\" data-end=\"2288\">\n<p data-start=\"2270\" data-end=\"2288\">137 x 67 x 12 cm<\/p>\n<\/li>\n<\/ul>\n<\/li>\n<li data-start=\"2289\" data-end=\"2392\">\n<p data-start=\"2291\" data-end=\"2309\"><strong data-start=\"2291\" data-end=\"2307\">Composici\u00f3n:<\/strong><\/p>\n<ul data-start=\"2312\" data-end=\"2392\">\n<li data-start=\"2312\" data-end=\"2346\">\n<p data-start=\"2314\" data-end=\"2346\">Funda exterior: 100% poli\u00e9ster<\/p>\n<\/li>\n<li data-start=\"2349\" data-end=\"2392\">\n<p data-start=\"2351\" data-end=\"2392\">N\u00facleo: Pelprene\u00ae (tecnolog\u00eda Breath Air)<\/p>\n<\/li>\n<\/ul>\n<\/li>\n<\/ul>\n<p data-start=\"2394\" data-end=\"2618\">El <strong data-start=\"2397\" data-end=\"2428\">colch\u00f3n Urban de La Cig\u00fce\u00f1a<\/strong> es la opci\u00f3n perfecta para quienes buscan <strong data-start=\"2471\" data-end=\"2514\">un descanso seguro, higi\u00e9nico y moderno<\/strong>, con un producto <strong data-start=\"2532\" data-end=\"2572\">transpirable, lavable y reutilizable<\/strong>, hecho con cari\u00f1o y tecnolog\u00eda de vanguardia.<\/p>\n<h3>Colchones para comprar online al mejor precio<\/h3>\n<p>Si necesitas m\u00e1s informaci\u00f3n sobre el colch\u00f3n de cuna La Cig\u00fce\u00f1a no dudes en ponerte en contacto con nuestro equipo de profesionales. \u00a1Estaremos encantados de ayudarte!<\/p>\n<p>Compra online al mejor precio los colchones de cuna en nuestra tienda de beb\u00e9. \u00a1Descanso del beb\u00e9 y calidad asegurada!<\/p>\n<p>Descubre la variedad de productos sobre el <strong><a href=\"https:\/\/centrobebe.es\/en\/product-category\/centrobebe\/el-sueno\/\">descanso del beb\u00e9<\/a><\/strong> y accesorios para cunas en el cat\u00e1logo de Centrobeb\u00e9. Contamos con las mejores marcas del mercado.<\/p>","protected":false},"excerpt":{"rendered":"<p>El <strong data-start=\"381\" data-end=\"412\">colch\u00f3n Urban de La Cig\u00fce\u00f1a<\/strong> est\u00e1 pensado para padres que valoran la <strong data-start=\"453\" data-end=\"494\">comodidad, la higiene y la innovaci\u00f3n<\/strong>, sin renunciar al dise\u00f1o. Ideal desde las primeras semanas de vida hasta los 3 a\u00f1os, este modelo destaca por su <strong data-start=\"607\" data-end=\"632\">tecnolog\u00eda Breath Air<\/strong>, que proporciona a tu beb\u00e9 la sensaci\u00f3n de dormir en el aire, con el m\u00e1ximo nivel de transpirabilidad y seguridad.<\/p>","protected":false},"featured_media":55959,"template":"","meta":[],"pwb-brand":[411],"product_cat":[593],"product_tag":[258],"class_list":{"0":"post-2092","1":"product","2":"type-product","3":"status-publish","4":"has-post-thumbnail","6":"pwb-brand-la-ciguena","7":"product_cat-colchones-cuna","8":"product_tag-la-ciguena","9":"tm-no-options","11":"first","12":"instock","13":"sale","14":"taxable","15":"shipping-taxable","16":"purchasable","17":"product-type-simple"},"yoast_head":"<!-- This site is optimized with the Yoast SEO plugin v26.9 - https:\/\/yoast.com\/product\/yoast-seo-wordpress\/ -->\n<title>Colch\u00f3n de Cuna La Cig\u00fce\u00f1a Breathair Urban 57X117 - Online - Centrobeb\u00e9<\/title>\n<meta name=\"description\" content=\"Colch\u00f3n de cuna ayuda a evitar la plagiocefalia, evita alergias e irritaciones, previene problemas de pieles at\u00f3picas. \u00a1Compra online al mejor precio!\" \/>\n<meta name=\"robots\" content=\"index, follow, max-snippet:-1, max-image-preview:large, max-video-preview:-1\" \/>\n<link rel=\"canonical\" href=\"https:\/\/centrobebe.es\/en\/shop\/centrobebe\/el-sueno\/colchones-cuna\/colchon-de-cuna-la-ciguena-breathair-57x117\/\" \/>\n<meta property=\"og:locale\" content=\"en_GB\" \/>\n<meta property=\"og:type\" content=\"article\" \/>\n<meta property=\"og:title\" content=\"Colch\u00f3n de Cuna La Cig\u00fce\u00f1a Breathair Urban 57X117 - Online - Centrobeb\u00e9\" \/>\n<meta property=\"og:description\" content=\"Colch\u00f3n de cuna ayuda a evitar la plagiocefalia, evita alergias e irritaciones, previene problemas de pieles at\u00f3picas. \u00a1Compra online al mejor precio!\" \/>\n<meta property=\"og:url\" content=\"https:\/\/centrobebe.es\/en\/shop\/centrobebe\/el-sueno\/colchones-cuna\/colchon-de-cuna-la-ciguena-breathair-57x117\/\" \/>\n<meta property=\"og:site_name\" content=\"Centrobeb\u00e9\" \/>\n<meta property=\"article:publisher\" content=\"https:\/\/www.facebook.com\/centrobebe\/\" \/>\n<meta property=\"article:modified_time\" content=\"2025-06-26T16:14:39+00:00\" \/>\n<meta property=\"og:image\" content=\"https:\/\/centrobebe.es\/wp-content\/uploads\/2018\/05\/Urban-ref-2200-11.jpg\" \/>\n\t<meta property=\"og:image:width\" content=\"1500\" \/>\n\t<meta property=\"og:image:height\" content=\"1500\" \/>\n\t<meta property=\"og:image:type\" content=\"image\/jpeg\" \/>\n<meta name=\"twitter:card\" content=\"summary_large_image\" \/>\n<meta name=\"twitter:site\" content=\"@centrobebe\" \/>\n<meta name=\"twitter:label1\" content=\"Estimated reading time\" \/>\n\t<meta name=\"twitter:data1\" content=\"3 minutes\" \/>\n<script type=\"application\/ld+json\" class=\"yoast-schema-graph\">{\"@context\":\"https:\/\/schema.org\",\"@graph\":[{\"@type\":\"WebPage\",\"@id\":\"https:\/\/centrobebe.es\/shop\/centrobebe\/el-sueno\/colchones-cuna\/colchon-de-cuna-la-ciguena-breathair-57x117\/\",\"url\":\"https:\/\/centrobebe.es\/shop\/centrobebe\/el-sueno\/colchones-cuna\/colchon-de-cuna-la-ciguena-breathair-57x117\/\",\"name\":\"Colch\u00f3n de Cuna La Cig\u00fce\u00f1a Breathair Urban 57X117 - Online - Centrobeb\u00e9\",\"isPartOf\":{\"@id\":\"https:\/\/centrobebe.es\/#website\"},\"primaryImageOfPage\":{\"@id\":\"https:\/\/centrobebe.es\/shop\/centrobebe\/el-sueno\/colchones-cuna\/colchon-de-cuna-la-ciguena-breathair-57x117\/#primaryimage\"},\"image\":{\"@id\":\"https:\/\/centrobebe.es\/shop\/centrobebe\/el-sueno\/colchones-cuna\/colchon-de-cuna-la-ciguena-breathair-57x117\/#primaryimage\"},\"thumbnailUrl\":\"https:\/\/centrobebe.es\/wp-content\/uploads\/2018\/05\/Urban-ref-2200-11.jpg\",\"datePublished\":\"2018-05-04T15:05:57+00:00\",\"dateModified\":\"2025-06-26T16:14:39+00:00\",\"description\":\"Colch\u00f3n de cuna ayuda a evitar la plagiocefalia, evita alergias e irritaciones, previene problemas de pieles at\u00f3picas. \u00a1Compra online al mejor precio!\",\"breadcrumb\":{\"@id\":\"https:\/\/centrobebe.es\/shop\/centrobebe\/el-sueno\/colchones-cuna\/colchon-de-cuna-la-ciguena-breathair-57x117\/#breadcrumb\"},\"inLanguage\":\"en-GB\",\"potentialAction\":[{\"@type\":\"ReadAction\",\"target\":[\"https:\/\/centrobebe.es\/shop\/centrobebe\/el-sueno\/colchones-cuna\/colchon-de-cuna-la-ciguena-breathair-57x117\/\"]}]},{\"@type\":\"ImageObject\",\"inLanguage\":\"en-GB\",\"@id\":\"https:\/\/centrobebe.es\/shop\/centrobebe\/el-sueno\/colchones-cuna\/colchon-de-cuna-la-ciguena-breathair-57x117\/#primaryimage\",\"url\":\"https:\/\/centrobebe.es\/wp-content\/uploads\/2018\/05\/Urban-ref-2200-11.jpg\",\"contentUrl\":\"https:\/\/centrobebe.es\/wp-content\/uploads\/2018\/05\/Urban-ref-2200-11.jpg\",\"width\":1500,\"height\":1500,\"caption\":\"colchon la cigue\u00f1a urban\"},{\"@type\":\"BreadcrumbList\",\"@id\":\"https:\/\/centrobebe.es\/shop\/centrobebe\/el-sueno\/colchones-cuna\/colchon-de-cuna-la-ciguena-breathair-57x117\/#breadcrumb\",\"itemListElement\":[{\"@type\":\"ListItem\",\"position\":1,\"name\":\"Portada\",\"item\":\"https:\/\/centrobebe.es\/\"},{\"@type\":\"ListItem\",\"position\":2,\"name\":\"Shop\",\"item\":\"https:\/\/centrobebe.es\/shop\/\"},{\"@type\":\"ListItem\",\"position\":3,\"name\":\"Colch\u00f3n de Cuna La Cig\u00fce\u00f1a Breathair Urban 57X117\"}]},{\"@type\":\"WebSite\",\"@id\":\"https:\/\/centrobebe.es\/#website\",\"url\":\"https:\/\/centrobebe.es\/\",\"name\":\"Centrobeb\u00e9\",\"description\":\"Tienda de bebe online | Todo lo que tu bebe necesita\",\"publisher\":{\"@id\":\"https:\/\/centrobebe.es\/#organization\"},\"alternateName\":\"Centrobeb\u00e9\",\"potentialAction\":[{\"@type\":\"SearchAction\",\"target\":{\"@type\":\"EntryPoint\",\"urlTemplate\":\"https:\/\/centrobebe.es\/?s={search_term_string}\"},\"query-input\":{\"@type\":\"PropertyValueSpecification\",\"valueRequired\":true,\"valueName\":\"search_term_string\"}}],\"inLanguage\":\"en-GB\"},{\"@type\":\"Organization\",\"@id\":\"https:\/\/centrobebe.es\/#organization\",\"name\":\"Centrobebe\",\"alternateName\":\"Centrobebe\",\"url\":\"https:\/\/centrobebe.es\/\",\"logo\":{\"@type\":\"ImageObject\",\"inLanguage\":\"en-GB\",\"@id\":\"https:\/\/centrobebe.es\/#\/schema\/logo\/image\/\",\"url\":\"https:\/\/centrobebe.es\/wp-content\/uploads\/2018\/06\/icono3-e1557940133982.png\",\"contentUrl\":\"https:\/\/centrobebe.es\/wp-content\/uploads\/2018\/06\/icono3-e1557940133982.png\",\"width\":34,\"height\":29,\"caption\":\"Centrobebe\"},\"image\":{\"@id\":\"https:\/\/centrobebe.es\/#\/schema\/logo\/image\/\"},\"sameAs\":[\"https:\/\/www.facebook.com\/centrobebe\/\",\"https:\/\/x.com\/centrobebe\",\"https:\/\/www.instagram.com\/centrobebe.es\/\",\"https:\/\/www.youtube.com\/channel\/UCVU-jcFuwntnxOhxvSbf3hg\"]}]}<\/script>\n<!-- \/ Yoast SEO plugin. -->","yoast_head_json":{"title":"Colch\u00f3n de Cuna La Cig\u00fce\u00f1a Breathair Urban 57X117 - Online - Centrobeb\u00e9","description":"Colch\u00f3n de cuna ayuda a evitar la plagiocefalia, evita alergias e irritaciones, previene problemas de pieles at\u00f3picas. \u00a1Compra online al mejor precio!","robots":{"index":"index","follow":"follow","max-snippet":"max-snippet:-1","max-image-preview":"max-image-preview:large","max-video-preview":"max-video-preview:-1"},"canonical":"https:\/\/centrobebe.es\/en\/shop\/centrobebe\/el-sueno\/colchones-cuna\/colchon-de-cuna-la-ciguena-breathair-57x117\/","og_locale":"en_GB","og_type":"article","og_title":"Colch\u00f3n de Cuna La Cig\u00fce\u00f1a Breathair Urban 57X117 - Online - Centrobeb\u00e9","og_description":"Colch\u00f3n de cuna ayuda a evitar la plagiocefalia, evita alergias e irritaciones, previene problemas de pieles at\u00f3picas. \u00a1Compra online al mejor precio!","og_url":"https:\/\/centrobebe.es\/en\/shop\/centrobebe\/el-sueno\/colchones-cuna\/colchon-de-cuna-la-ciguena-breathair-57x117\/","og_site_name":"Centrobeb\u00e9","article_publisher":"https:\/\/www.facebook.com\/centrobebe\/","article_modified_time":"2025-06-26T16:14:39+00:00","og_image":[{"width":1500,"height":1500,"url":"https:\/\/centrobebe.es\/wp-content\/uploads\/2018\/05\/Urban-ref-2200-11.jpg","type":"image\/jpeg"}],"twitter_card":"summary_large_image","twitter_site":"@centrobebe","twitter_misc":{"Estimated reading time":"3 minutes"},"schema":{"@context":"https:\/\/schema.org","@graph":[{"@type":"WebPage","@id":"https:\/\/centrobebe.es\/shop\/centrobebe\/el-sueno\/colchones-cuna\/colchon-de-cuna-la-ciguena-breathair-57x117\/","url":"https:\/\/centrobebe.es\/shop\/centrobebe\/el-sueno\/colchones-cuna\/colchon-de-cuna-la-ciguena-breathair-57x117\/","name":"Colch\u00f3n de Cuna La Cig\u00fce\u00f1a Breathair Urban 57X117 - Online - Centrobeb\u00e9","isPartOf":{"@id":"https:\/\/centrobebe.es\/#website"},"primaryImageOfPage":{"@id":"https:\/\/centrobebe.es\/shop\/centrobebe\/el-sueno\/colchones-cuna\/colchon-de-cuna-la-ciguena-breathair-57x117\/#primaryimage"},"image":{"@id":"https:\/\/centrobebe.es\/shop\/centrobebe\/el-sueno\/colchones-cuna\/colchon-de-cuna-la-ciguena-breathair-57x117\/#primaryimage"},"thumbnailUrl":"https:\/\/centrobebe.es\/wp-content\/uploads\/2018\/05\/Urban-ref-2200-11.jpg","datePublished":"2018-05-04T15:05:57+00:00","dateModified":"2025-06-26T16:14:39+00:00","description":"Colch\u00f3n de cuna ayuda a evitar la plagiocefalia, evita alergias e irritaciones, previene problemas de pieles at\u00f3picas. \u00a1Compra online al mejor precio!","breadcrumb":{"@id":"https:\/\/centrobebe.es\/shop\/centrobebe\/el-sueno\/colchones-cuna\/colchon-de-cuna-la-ciguena-breathair-57x117\/#breadcrumb"},"inLanguage":"en-GB","potentialAction":[{"@type":"ReadAction","target":["https:\/\/centrobebe.es\/shop\/centrobebe\/el-sueno\/colchones-cuna\/colchon-de-cuna-la-ciguena-breathair-57x117\/"]}]},{"@type":"ImageObject","inLanguage":"en-GB","@id":"https:\/\/centrobebe.es\/shop\/centrobebe\/el-sueno\/colchones-cuna\/colchon-de-cuna-la-ciguena-breathair-57x117\/#primaryimage","url":"https:\/\/centrobebe.es\/wp-content\/uploads\/2018\/05\/Urban-ref-2200-11.jpg","contentUrl":"https:\/\/centrobebe.es\/wp-content\/uploads\/2018\/05\/Urban-ref-2200-11.jpg","width":1500,"height":1500,"caption":"colchon la cigue\u00f1a urban"},{"@type":"BreadcrumbList","@id":"https:\/\/centrobebe.es\/shop\/centrobebe\/el-sueno\/colchones-cuna\/colchon-de-cuna-la-ciguena-breathair-57x117\/#breadcrumb","itemListElement":[{"@type":"ListItem","position":1,"name":"Portada","item":"https:\/\/centrobebe.es\/"},{"@type":"ListItem","position":2,"name":"Shop","item":"https:\/\/centrobebe.es\/shop\/"},{"@type":"ListItem","position":3,"name":"Colch\u00f3n de Cuna La Cig\u00fce\u00f1a Breathair Urban 57X117"}]},{"@type":"WebSite","@id":"https:\/\/centrobebe.es\/#website","url":"https:\/\/centrobebe.es\/","name":"Centrobeb\u00e9","description":"Tienda de bebe online | Todo lo que tu bebe necesita","publisher":{"@id":"https:\/\/centrobebe.es\/#organization"},"alternateName":"Centrobeb\u00e9","potentialAction":[{"@type":"SearchAction","target":{"@type":"EntryPoint","urlTemplate":"https:\/\/centrobebe.es\/?s={search_term_string}"},"query-input":{"@type":"PropertyValueSpecification","valueRequired":true,"valueName":"search_term_string"}}],"inLanguage":"en-GB"},{"@type":"Organization","@id":"https:\/\/centrobebe.es\/#organization","name":"Centrobebe","alternateName":"Centrobebe","url":"https:\/\/centrobebe.es\/","logo":{"@type":"ImageObject","inLanguage":"en-GB","@id":"https:\/\/centrobebe.es\/#\/schema\/logo\/image\/","url":"https:\/\/centrobebe.es\/wp-content\/uploads\/2018\/06\/icono3-e1557940133982.png","contentUrl":"https:\/\/centrobebe.es\/wp-content\/uploads\/2018\/06\/icono3-e1557940133982.png","width":34,"height":29,"caption":"Centrobebe"},"image":{"@id":"https:\/\/centrobebe.es\/#\/schema\/logo\/image\/"},"sameAs":["https:\/\/www.facebook.com\/centrobebe\/","https:\/\/x.com\/centrobebe","https:\/\/www.instagram.com\/centrobebe.es\/","https:\/\/www.youtube.com\/channel\/UCVU-jcFuwntnxOhxvSbf3hg"]}]}},"brands":[{"id":411,"name":"La Cig\u00fce\u00f1a","slug":"la-ciguena"}],"_links":{"self":[{"href":"https:\/\/centrobebe.es\/en\/wp-json\/wp\/v2\/product\/2092","targetHints":{"allow":["GET"]}}],"collection":[{"href":"https:\/\/centrobebe.es\/en\/wp-json\/wp\/v2\/product"}],"about":[{"href":"https:\/\/centrobebe.es\/en\/wp-json\/wp\/v2\/types\/product"}],"version-history":[{"count":3,"href":"https:\/\/centrobebe.es\/en\/wp-json\/wp\/v2\/product\/2092\/revisions"}],"predecessor-version":[{"id":55962,"href":"https:\/\/centrobebe.es\/en\/wp-json\/wp\/v2\/product\/2092\/revisions\/55962"}],"wp:featuredmedia":[{"embeddable":true,"href":"https:\/\/centrobebe.es\/en\/wp-json\/wp\/v2\/media\/55959"}],"wp:attachment":[{"href":"https:\/\/centrobebe.es\/en\/wp-json\/wp\/v2\/media?parent=2092"}],"wp:term":[{"taxonomy":"pwb-brand","embeddable":true,"href":"https:\/\/centrobebe.es\/en\/wp-json\/wp\/v2\/pwb-brand?post=2092"},{"taxonomy":"product_cat","embeddable":true,"href":"https:\/\/centrobebe.es\/en\/wp-json\/wp\/v2\/product_cat?post=2092"},{"taxonomy":"product_tag","embeddable":true,"href":"https:\/\/centrobebe.es\/en\/wp-json\/wp\/v2\/product_tag?post=2092"}],"curies":[{"name":"wp","href":"https:\/\/api.w.org\/{rel}","templated":true}]}}