{"id":31305,"date":"2020-07-02T12:04:34","date_gmt":"2020-07-02T12:04:34","guid":{"rendered":"https:\/\/centrobebe.es\/?post_type=product&#038;p=31305"},"modified":"2023-05-29T15:37:32","modified_gmt":"2023-05-29T15:37:32","slug":"extractor-leche-suavinex-electrico-link-accesorios","status":"publish","type":"product","link":"https:\/\/centrobebe.es\/en\/shop\/centrobebe\/alimentacion\/accesorios-alimentacion\/extractor-leche-suavinex-electrico-link-accesorios\/","title":{"rendered":"Extractor Leche Suavinex El\u00e9ctrico Link+ Accesorios"},"content":{"rendered":"<h2>Sacaleches El\u00e9ctrico Suavinex<\/h2>\n<p>Sacaleches el\u00e9ctrico Suavinex, es ideal para una extracci\u00f3n de leche peri\u00f3dica, sin necesidad de presionar manualmente y tambi\u00e9n para la extracci\u00f3n ocasional o para aquellas madres que prefieren un sistema m\u00e1s sencillo.<\/p>\n<p>Cuenta con innovaci\u00f3n con sistema de doble regulaci\u00f3n: regula la frecuencia y la intensidad.<\/p>\n<p>Adem\u00e1s, el sacaleches el\u00e9ctrico Suavinex proporciona un bombeo autom\u00e1tico que extrae la leche de forma r\u00e1pida y sencilla, imitando el ritmo de succi\u00f3n del beb\u00e9.<\/p>\n<p>Su sistema Link\u2122 de doble regulaci\u00f3n \u00fanico en el mercado permite ajustar, por un lado, la frecuencia de succi\u00f3n, y por otro, la intensidad del vac\u00edo. Adem\u00e1s, el sacaleches el\u00e9ctrico Suavinex permite comenzar por una succi\u00f3n muy suave e ir aumentando en rapidez e intensidad. Cuenta con hasta 11 niveles de ajustes seg\u00fan la sensibilidad del pecho, consiguiendo as\u00ed un control total sobre tu propia extracci\u00f3n.<\/p>\n<p>El sacaleches el\u00e9ctrico Suavinex se acopla perfectamente al pecho gracias a la copa anat\u00f3mica sin piezas adicionales de silicona que consigue un mejor agarre y con ello un mejor vac\u00edo, proporcionando una extracci\u00f3n m\u00e1s c\u00f3moda e indolora. Reproduce fisiol\u00f3gicamente las gl\u00e1ndulas mamarias durante la extracci\u00f3n.<\/p>\n<p>Con posibilidad de utilizarlo con pilas, la solapa en la parte trasera de la bomba permite coloc\u00e1rtelo en la cintura para moverte con libertad y extraerte la leche donde y cuando quieras.<\/p>\n<p>Extractor de leche compatible con cualquier biber\u00f3n Suavinex<\/p>\n<h2>Incluye:<\/h2>\n<ul>\n<li>Extractor de leche el\u00e9ctrico<\/li>\n<li>\u00a03 bolsas para leche materna con tap\u00f3n<\/li>\n<li>\u00a01 recipiente de almacenaje<\/li>\n<li>\u00a0Sistema de administraci\u00f3n: soporte + adaptador + vaso protector + tetina Zer\u00f8.Zer\u00f8TM silicona de flujo adaptable (A)<\/li>\n<li>Bolsita transporte<\/li>\n<\/ul>\n<p><img fetchpriority=\"high\" decoding=\"async\" class=\"aligncenter wp-image-31309 size-full\" src=\"https:\/\/centrobebe.es\/wp-content\/uploads\/8426420026628_03-Copiar.jpg\" alt=\"extractor leche suavinex electrico\" width=\"800\" height=\"800\" srcset=\"https:\/\/centrobebe.es\/wp-content\/uploads\/8426420026628_03-Copiar.jpg 800w, https:\/\/centrobebe.es\/wp-content\/uploads\/8426420026628_03-Copiar-210x210.jpg 210w, https:\/\/centrobebe.es\/wp-content\/uploads\/8426420026628_03-Copiar-70x70.jpg 70w, https:\/\/centrobebe.es\/wp-content\/uploads\/8426420026628_03-Copiar-360x360.jpg 360w, https:\/\/centrobebe.es\/wp-content\/uploads\/8426420026628_03-Copiar-590x590.jpg 590w, https:\/\/centrobebe.es\/wp-content\/uploads\/8426420026628_03-Copiar-425x425.jpg 425w, https:\/\/centrobebe.es\/wp-content\/uploads\/8426420026628_03-Copiar-241x241.jpg 241w, https:\/\/centrobebe.es\/wp-content\/uploads\/8426420026628_03-Copiar-142x142.jpg 142w, https:\/\/centrobebe.es\/wp-content\/uploads\/8426420026628_03-Copiar-250x250.jpg 250w, https:\/\/centrobebe.es\/wp-content\/uploads\/8426420026628_03-Copiar-53x53.jpg 53w, https:\/\/centrobebe.es\/wp-content\/uploads\/8426420026628_03-Copiar-140x140.jpg 140w\" sizes=\"(max-width: 800px) 100vw, 800px\" \/>(pilas no incluidas, no incluye biber\u00f3n)<\/p>\n<p>Descubre en nuestro cat\u00e1logo de Centrobeb\u00e9 la variedad de\u00a0<strong><a href=\"https:\/\/centrobebe.es\/en\/product-category\/centrobebe\/alimentacion\/accesorios-alimentacion\/\">Accesorios de Alimentaci\u00f3n<\/a><\/strong>\u00a0de las mejores marcas al mejor precio. Nuestra selecci\u00f3n de productos est\u00e1 basada en las opiniones de nuestros clientes. Contamos con productos desde los m\u00e1s baratos hasta los m\u00e1s exclusivos y con la \u00faltima tecnolog\u00eda.<\/p>\n<p>M\u00e1s informaci\u00f3n en la <a href=\"https:\/\/www.suavinex.com\/lactancia-materna\/sacaleches-y-extractores-de-leche\/extractor-de-leche-electrico\/p\/000000000000175180.5\">web del fabricante<\/a>.<\/p>","protected":false},"excerpt":{"rendered":"<p>Sacaleches el\u00e9ctrico Suavinex que proporciona un bombeo autom\u00e1tico que extrae la leche de forma r\u00e1pida y sencilla. Reproduce las gl\u00e1ndulas mamarias.<\/p>\n<p>\u00a1Compra online al mejor precio el sacaleches Suavinex!<\/p>","protected":false},"featured_media":31308,"template":"","meta":[],"pwb-brand":[620],"product_cat":[123,135],"product_tag":[],"class_list":{"0":"post-31305","1":"product","2":"type-product","3":"status-publish","4":"has-post-thumbnail","6":"pwb-brand-suavinex","7":"product_cat-alimentacion","8":"product_cat-accesorios-alimentacion","9":"tm-no-options","11":"first","12":"instock","13":"taxable","14":"shipping-taxable","15":"purchasable","16":"product-type-simple"},"yoast_head":"<!-- This site is optimized with the Yoast SEO plugin v26.9 - https:\/\/yoast.com\/product\/yoast-seo-wordpress\/ -->\n<title>Sacaleches El\u00e9ctrico Suavinex - Extractor R\u00e1pido y Sencillo - Centrobeb\u00e9<\/title>\n<meta name=\"description\" content=\"Sacaleches el\u00e9ctrico Suavinex que proporciona un bombeo autom\u00e1tico que extrae la leche de forma r\u00e1pida y sencilla. Reproduce las gl\u00e1ndulas mamarias.\" \/>\n<meta name=\"robots\" content=\"index, follow, max-snippet:-1, max-image-preview:large, max-video-preview:-1\" \/>\n<link rel=\"canonical\" href=\"https:\/\/centrobebe.es\/en\/shop\/centrobebe\/alimentacion\/accesorios-alimentacion\/extractor-leche-suavinex-electrico-link-accesorios\/\" \/>\n<meta property=\"og:locale\" content=\"en_GB\" \/>\n<meta property=\"og:type\" content=\"article\" \/>\n<meta property=\"og:title\" content=\"Sacaleches El\u00e9ctrico Suavinex - Extractor R\u00e1pido y Sencillo - Centrobeb\u00e9\" \/>\n<meta property=\"og:description\" content=\"Sacaleches el\u00e9ctrico Suavinex que proporciona un bombeo autom\u00e1tico que extrae la leche de forma r\u00e1pida y sencilla. Reproduce las gl\u00e1ndulas mamarias.\" \/>\n<meta property=\"og:url\" content=\"https:\/\/centrobebe.es\/en\/shop\/centrobebe\/alimentacion\/accesorios-alimentacion\/extractor-leche-suavinex-electrico-link-accesorios\/\" \/>\n<meta property=\"og:site_name\" content=\"Centrobeb\u00e9\" \/>\n<meta property=\"article:publisher\" content=\"https:\/\/www.facebook.com\/centrobebe\/\" \/>\n<meta property=\"article:modified_time\" content=\"2023-05-29T15:37:32+00:00\" \/>\n<meta property=\"og:image\" content=\"https:\/\/centrobebe.es\/wp-content\/uploads\/8426420026628_02-Copiar.jpg\" \/>\n\t<meta property=\"og:image:width\" content=\"800\" \/>\n\t<meta property=\"og:image:height\" content=\"800\" \/>\n\t<meta property=\"og:image:type\" content=\"image\/jpeg\" \/>\n<meta name=\"twitter:card\" content=\"summary_large_image\" \/>\n<meta name=\"twitter:site\" content=\"@centrobebe\" \/>\n<meta name=\"twitter:label1\" content=\"Estimated reading time\" \/>\n\t<meta name=\"twitter:data1\" content=\"2 minutes\" \/>\n<script type=\"application\/ld+json\" class=\"yoast-schema-graph\">{\"@context\":\"https:\/\/schema.org\",\"@graph\":[{\"@type\":\"WebPage\",\"@id\":\"https:\/\/centrobebe.es\/shop\/centrobebe\/alimentacion\/accesorios-alimentacion\/extractor-leche-suavinex-electrico-link-accesorios\/\",\"url\":\"https:\/\/centrobebe.es\/shop\/centrobebe\/alimentacion\/accesorios-alimentacion\/extractor-leche-suavinex-electrico-link-accesorios\/\",\"name\":\"Sacaleches El\u00e9ctrico Suavinex - Extractor R\u00e1pido y Sencillo - Centrobeb\u00e9\",\"isPartOf\":{\"@id\":\"https:\/\/centrobebe.es\/#website\"},\"primaryImageOfPage\":{\"@id\":\"https:\/\/centrobebe.es\/shop\/centrobebe\/alimentacion\/accesorios-alimentacion\/extractor-leche-suavinex-electrico-link-accesorios\/#primaryimage\"},\"image\":{\"@id\":\"https:\/\/centrobebe.es\/shop\/centrobebe\/alimentacion\/accesorios-alimentacion\/extractor-leche-suavinex-electrico-link-accesorios\/#primaryimage\"},\"thumbnailUrl\":\"https:\/\/centrobebe.es\/wp-content\/uploads\/8426420026628_02-Copiar.jpg\",\"datePublished\":\"2020-07-02T12:04:34+00:00\",\"dateModified\":\"2023-05-29T15:37:32+00:00\",\"description\":\"Sacaleches el\u00e9ctrico Suavinex que proporciona un bombeo autom\u00e1tico que extrae la leche de forma r\u00e1pida y sencilla. Reproduce las gl\u00e1ndulas mamarias.\",\"breadcrumb\":{\"@id\":\"https:\/\/centrobebe.es\/shop\/centrobebe\/alimentacion\/accesorios-alimentacion\/extractor-leche-suavinex-electrico-link-accesorios\/#breadcrumb\"},\"inLanguage\":\"en-GB\",\"potentialAction\":[{\"@type\":\"ReadAction\",\"target\":[\"https:\/\/centrobebe.es\/shop\/centrobebe\/alimentacion\/accesorios-alimentacion\/extractor-leche-suavinex-electrico-link-accesorios\/\"]}]},{\"@type\":\"ImageObject\",\"inLanguage\":\"en-GB\",\"@id\":\"https:\/\/centrobebe.es\/shop\/centrobebe\/alimentacion\/accesorios-alimentacion\/extractor-leche-suavinex-electrico-link-accesorios\/#primaryimage\",\"url\":\"https:\/\/centrobebe.es\/wp-content\/uploads\/8426420026628_02-Copiar.jpg\",\"contentUrl\":\"https:\/\/centrobebe.es\/wp-content\/uploads\/8426420026628_02-Copiar.jpg\",\"width\":800,\"height\":800,\"caption\":\"Sacaleches el\u00e9ctrico Suavinex\"},{\"@type\":\"BreadcrumbList\",\"@id\":\"https:\/\/centrobebe.es\/shop\/centrobebe\/alimentacion\/accesorios-alimentacion\/extractor-leche-suavinex-electrico-link-accesorios\/#breadcrumb\",\"itemListElement\":[{\"@type\":\"ListItem\",\"position\":1,\"name\":\"Portada\",\"item\":\"https:\/\/centrobebe.es\/\"},{\"@type\":\"ListItem\",\"position\":2,\"name\":\"Shop\",\"item\":\"https:\/\/centrobebe.es\/shop\/\"},{\"@type\":\"ListItem\",\"position\":3,\"name\":\"Extractor Leche Suavinex El\u00e9ctrico Link+ Accesorios\"}]},{\"@type\":\"WebSite\",\"@id\":\"https:\/\/centrobebe.es\/#website\",\"url\":\"https:\/\/centrobebe.es\/\",\"name\":\"Centrobeb\u00e9\",\"description\":\"Tienda de bebe online | Todo lo que tu bebe necesita\",\"publisher\":{\"@id\":\"https:\/\/centrobebe.es\/#organization\"},\"alternateName\":\"Centrobeb\u00e9\",\"potentialAction\":[{\"@type\":\"SearchAction\",\"target\":{\"@type\":\"EntryPoint\",\"urlTemplate\":\"https:\/\/centrobebe.es\/?s={search_term_string}\"},\"query-input\":{\"@type\":\"PropertyValueSpecification\",\"valueRequired\":true,\"valueName\":\"search_term_string\"}}],\"inLanguage\":\"en-GB\"},{\"@type\":\"Organization\",\"@id\":\"https:\/\/centrobebe.es\/#organization\",\"name\":\"Centrobebe\",\"alternateName\":\"Centrobebe\",\"url\":\"https:\/\/centrobebe.es\/\",\"logo\":{\"@type\":\"ImageObject\",\"inLanguage\":\"en-GB\",\"@id\":\"https:\/\/centrobebe.es\/#\/schema\/logo\/image\/\",\"url\":\"https:\/\/centrobebe.es\/wp-content\/uploads\/2018\/06\/icono3-e1557940133982.png\",\"contentUrl\":\"https:\/\/centrobebe.es\/wp-content\/uploads\/2018\/06\/icono3-e1557940133982.png\",\"width\":34,\"height\":29,\"caption\":\"Centrobebe\"},\"image\":{\"@id\":\"https:\/\/centrobebe.es\/#\/schema\/logo\/image\/\"},\"sameAs\":[\"https:\/\/www.facebook.com\/centrobebe\/\",\"https:\/\/x.com\/centrobebe\",\"https:\/\/www.instagram.com\/centrobebe.es\/\",\"https:\/\/www.youtube.com\/channel\/UCVU-jcFuwntnxOhxvSbf3hg\"]}]}<\/script>\n<!-- \/ Yoast SEO plugin. -->","yoast_head_json":{"title":"Sacaleches El\u00e9ctrico Suavinex - Extractor R\u00e1pido y Sencillo - Centrobeb\u00e9","description":"Sacaleches el\u00e9ctrico Suavinex que proporciona un bombeo autom\u00e1tico que extrae la leche de forma r\u00e1pida y sencilla. Reproduce las gl\u00e1ndulas mamarias.","robots":{"index":"index","follow":"follow","max-snippet":"max-snippet:-1","max-image-preview":"max-image-preview:large","max-video-preview":"max-video-preview:-1"},"canonical":"https:\/\/centrobebe.es\/en\/shop\/centrobebe\/alimentacion\/accesorios-alimentacion\/extractor-leche-suavinex-electrico-link-accesorios\/","og_locale":"en_GB","og_type":"article","og_title":"Sacaleches El\u00e9ctrico Suavinex - Extractor R\u00e1pido y Sencillo - Centrobeb\u00e9","og_description":"Sacaleches el\u00e9ctrico Suavinex que proporciona un bombeo autom\u00e1tico que extrae la leche de forma r\u00e1pida y sencilla. Reproduce las gl\u00e1ndulas mamarias.","og_url":"https:\/\/centrobebe.es\/en\/shop\/centrobebe\/alimentacion\/accesorios-alimentacion\/extractor-leche-suavinex-electrico-link-accesorios\/","og_site_name":"Centrobeb\u00e9","article_publisher":"https:\/\/www.facebook.com\/centrobebe\/","article_modified_time":"2023-05-29T15:37:32+00:00","og_image":[{"width":800,"height":800,"url":"https:\/\/centrobebe.es\/wp-content\/uploads\/8426420026628_02-Copiar.jpg","type":"image\/jpeg"}],"twitter_card":"summary_large_image","twitter_site":"@centrobebe","twitter_misc":{"Estimated reading time":"2 minutes"},"schema":{"@context":"https:\/\/schema.org","@graph":[{"@type":"WebPage","@id":"https:\/\/centrobebe.es\/shop\/centrobebe\/alimentacion\/accesorios-alimentacion\/extractor-leche-suavinex-electrico-link-accesorios\/","url":"https:\/\/centrobebe.es\/shop\/centrobebe\/alimentacion\/accesorios-alimentacion\/extractor-leche-suavinex-electrico-link-accesorios\/","name":"Sacaleches El\u00e9ctrico Suavinex - Extractor R\u00e1pido y Sencillo - Centrobeb\u00e9","isPartOf":{"@id":"https:\/\/centrobebe.es\/#website"},"primaryImageOfPage":{"@id":"https:\/\/centrobebe.es\/shop\/centrobebe\/alimentacion\/accesorios-alimentacion\/extractor-leche-suavinex-electrico-link-accesorios\/#primaryimage"},"image":{"@id":"https:\/\/centrobebe.es\/shop\/centrobebe\/alimentacion\/accesorios-alimentacion\/extractor-leche-suavinex-electrico-link-accesorios\/#primaryimage"},"thumbnailUrl":"https:\/\/centrobebe.es\/wp-content\/uploads\/8426420026628_02-Copiar.jpg","datePublished":"2020-07-02T12:04:34+00:00","dateModified":"2023-05-29T15:37:32+00:00","description":"Sacaleches el\u00e9ctrico Suavinex que proporciona un bombeo autom\u00e1tico que extrae la leche de forma r\u00e1pida y sencilla. Reproduce las gl\u00e1ndulas mamarias.","breadcrumb":{"@id":"https:\/\/centrobebe.es\/shop\/centrobebe\/alimentacion\/accesorios-alimentacion\/extractor-leche-suavinex-electrico-link-accesorios\/#breadcrumb"},"inLanguage":"en-GB","potentialAction":[{"@type":"ReadAction","target":["https:\/\/centrobebe.es\/shop\/centrobebe\/alimentacion\/accesorios-alimentacion\/extractor-leche-suavinex-electrico-link-accesorios\/"]}]},{"@type":"ImageObject","inLanguage":"en-GB","@id":"https:\/\/centrobebe.es\/shop\/centrobebe\/alimentacion\/accesorios-alimentacion\/extractor-leche-suavinex-electrico-link-accesorios\/#primaryimage","url":"https:\/\/centrobebe.es\/wp-content\/uploads\/8426420026628_02-Copiar.jpg","contentUrl":"https:\/\/centrobebe.es\/wp-content\/uploads\/8426420026628_02-Copiar.jpg","width":800,"height":800,"caption":"Sacaleches el\u00e9ctrico Suavinex"},{"@type":"BreadcrumbList","@id":"https:\/\/centrobebe.es\/shop\/centrobebe\/alimentacion\/accesorios-alimentacion\/extractor-leche-suavinex-electrico-link-accesorios\/#breadcrumb","itemListElement":[{"@type":"ListItem","position":1,"name":"Portada","item":"https:\/\/centrobebe.es\/"},{"@type":"ListItem","position":2,"name":"Shop","item":"https:\/\/centrobebe.es\/shop\/"},{"@type":"ListItem","position":3,"name":"Extractor Leche Suavinex El\u00e9ctrico Link+ Accesorios"}]},{"@type":"WebSite","@id":"https:\/\/centrobebe.es\/#website","url":"https:\/\/centrobebe.es\/","name":"Centrobeb\u00e9","description":"Tienda de bebe online | Todo lo que tu bebe necesita","publisher":{"@id":"https:\/\/centrobebe.es\/#organization"},"alternateName":"Centrobeb\u00e9","potentialAction":[{"@type":"SearchAction","target":{"@type":"EntryPoint","urlTemplate":"https:\/\/centrobebe.es\/?s={search_term_string}"},"query-input":{"@type":"PropertyValueSpecification","valueRequired":true,"valueName":"search_term_string"}}],"inLanguage":"en-GB"},{"@type":"Organization","@id":"https:\/\/centrobebe.es\/#organization","name":"Centrobebe","alternateName":"Centrobebe","url":"https:\/\/centrobebe.es\/","logo":{"@type":"ImageObject","inLanguage":"en-GB","@id":"https:\/\/centrobebe.es\/#\/schema\/logo\/image\/","url":"https:\/\/centrobebe.es\/wp-content\/uploads\/2018\/06\/icono3-e1557940133982.png","contentUrl":"https:\/\/centrobebe.es\/wp-content\/uploads\/2018\/06\/icono3-e1557940133982.png","width":34,"height":29,"caption":"Centrobebe"},"image":{"@id":"https:\/\/centrobebe.es\/#\/schema\/logo\/image\/"},"sameAs":["https:\/\/www.facebook.com\/centrobebe\/","https:\/\/x.com\/centrobebe","https:\/\/www.instagram.com\/centrobebe.es\/","https:\/\/www.youtube.com\/channel\/UCVU-jcFuwntnxOhxvSbf3hg"]}]}},"brands":[{"id":620,"name":"Suavinex","slug":"suavinex"}],"_links":{"self":[{"href":"https:\/\/centrobebe.es\/en\/wp-json\/wp\/v2\/product\/31305","targetHints":{"allow":["GET"]}}],"collection":[{"href":"https:\/\/centrobebe.es\/en\/wp-json\/wp\/v2\/product"}],"about":[{"href":"https:\/\/centrobebe.es\/en\/wp-json\/wp\/v2\/types\/product"}],"version-history":[{"count":2,"href":"https:\/\/centrobebe.es\/en\/wp-json\/wp\/v2\/product\/31305\/revisions"}],"predecessor-version":[{"id":46215,"href":"https:\/\/centrobebe.es\/en\/wp-json\/wp\/v2\/product\/31305\/revisions\/46215"}],"wp:featuredmedia":[{"embeddable":true,"href":"https:\/\/centrobebe.es\/en\/wp-json\/wp\/v2\/media\/31308"}],"wp:attachment":[{"href":"https:\/\/centrobebe.es\/en\/wp-json\/wp\/v2\/media?parent=31305"}],"wp:term":[{"taxonomy":"pwb-brand","embeddable":true,"href":"https:\/\/centrobebe.es\/en\/wp-json\/wp\/v2\/pwb-brand?post=31305"},{"taxonomy":"product_cat","embeddable":true,"href":"https:\/\/centrobebe.es\/en\/wp-json\/wp\/v2\/product_cat?post=31305"},{"taxonomy":"product_tag","embeddable":true,"href":"https:\/\/centrobebe.es\/en\/wp-json\/wp\/v2\/product_tag?post=31305"}],"curies":[{"name":"wp","href":"https:\/\/api.w.org\/{rel}","templated":true}]}}