{"id":32170,"date":"2020-07-24T17:46:01","date_gmt":"2020-07-24T17:46:01","guid":{"rendered":"https:\/\/centrobebe.es\/?post_type=product&#038;p=32170"},"modified":"2020-08-07T11:35:27","modified_gmt":"2020-08-07T11:35:27","slug":"esterilizador-portatil-suavinex-duccio","status":"publish","type":"product","link":"https:\/\/centrobebe.es\/en\/shop\/centrobebe\/alimentacion\/esterilizadores\/esterilizador-portatil-suavinex-duccio\/","title":{"rendered":"Esterilizador Portatil Suavinex Duccio"},"content":{"rendered":"<h1>Esterilizador portatil Suavinex Duccio<\/h1>\n<p>Esterilizador portatil Suavinex de chupetes Duccio esteriliza de forma r\u00e1pida, en apenas 3 minutos. Adem\u00e1s es segura gracias a su luz ultravioleta (UV). Es compatible con cualquier tipo de chupete. Funciona con cable USB o con pilas. \u00a1Pr\u00e1ctico y muy c\u00f3modo!<\/p>\n<p>Elimina el 99% de los g\u00e9rmenes y microorganismos que pueden producir afecciones gastrointestinales.<\/p>\n<p>\u00a1El <span class=\"keyword _ngcontent-qcq-99\" aria-hidden=\"false\">esterilizador portatil suavinex es un<\/span> gran aliado en el cuidado de la salud de los m\u00e1s peque\u00f1os! Desde Centrobeb\u00e9, te dejamos un video explicativo sobre c\u00f3mo funciona.<\/p>\n<p>Si necesitas m\u00e1s informaci\u00f3n sobre el Esterilizador de Suavinex Duccio no dudes en ponerte en contacto con nuestro equipo de profesionales.<\/p>\n<p>Descubre en el cat\u00e1logo de Centrobeb\u00e9 la variedad de\u00a0<strong><a href=\"https:\/\/centrobebe.es\/en\/product-category\/centrobebe\/alimentacion\/esterilizadores\/\">esterilizadores para biberones<\/a><\/strong> y mucho m\u00e1s de las mejores marcas al mejor precio. Nuestra selecci\u00f3n de productos esta basada en las opiniones de nuestros clientes. Desde productos de beb\u00e9 baratos, hasta los m\u00e1s exclusivos y con la \u00faltima tecnolog\u00eda.<\/p>\n<p>Compra online todo lo que necesitas para ti y tu beb\u00e9 en nuestra tienda de beb\u00e9 online. \u00bfA qu\u00e9 esperas? Las mejores marcas a los mejores precios en Centrobeb\u00e9.<\/p>\n<p>Todas las \u00faltimas novedades en nuestra tienda de beb\u00e9 online. Adem\u00e1s, ahora puedes financiar tu compra a tu gusto y comodidad. De forma r\u00e1pida, f\u00e1cil y sencilla.<\/p>","protected":false},"excerpt":{"rendered":"<p>Esterilizador portatil Suavinex Duccio, facil de utilizar y pr\u00e1ctico,esteriliza de forma r\u00e1pida, \u00a1en apenas 3 minutos! gracias a su luz ultravioleta (UV).<\/p>\n<p>Compra online al mejor precio el esterilizador portatil Suavinex en Centrobeb\u00e9.<\/p>","protected":false},"featured_media":32174,"template":"","meta":[],"pwb-brand":[620],"product_cat":[123,138],"product_tag":[],"class_list":{"0":"post-32170","1":"product","2":"type-product","3":"status-publish","4":"has-post-thumbnail","6":"pwb-brand-suavinex","7":"product_cat-alimentacion","8":"product_cat-esterilizadores","9":"tm-no-options","11":"first","12":"instock","13":"taxable","14":"shipping-taxable","15":"purchasable","16":"product-type-simple"},"yoast_head":"<!-- This site is optimized with the Yoast SEO plugin v26.9 - https:\/\/yoast.com\/product\/yoast-seo-wordpress\/ -->\n<title>Esterilizador Portatil Suavinex Duccio - Centrobeb\u00e9<\/title>\n<meta name=\"description\" content=\"Esterilizador portatil Suavinex Duccio, facil de utilizar y pr\u00e1ctico,esteriliza de forma r\u00e1pida, \u00a1en apenas 3 minutos! gracias a su luz ultravioleta (UV).\" \/>\n<meta name=\"robots\" content=\"index, follow, max-snippet:-1, max-image-preview:large, max-video-preview:-1\" \/>\n<link rel=\"canonical\" href=\"https:\/\/centrobebe.es\/en\/shop\/centrobebe\/alimentacion\/esterilizadores\/esterilizador-portatil-suavinex-duccio\/\" \/>\n<meta property=\"og:locale\" content=\"en_GB\" \/>\n<meta property=\"og:type\" content=\"article\" \/>\n<meta property=\"og:title\" content=\"Esterilizador Portatil Suavinex Duccio - Centrobeb\u00e9\" \/>\n<meta property=\"og:description\" content=\"Esterilizador portatil Suavinex Duccio, facil de utilizar y pr\u00e1ctico,esteriliza de forma r\u00e1pida, \u00a1en apenas 3 minutos! gracias a su luz ultravioleta (UV).\" \/>\n<meta property=\"og:url\" content=\"https:\/\/centrobebe.es\/en\/shop\/centrobebe\/alimentacion\/esterilizadores\/esterilizador-portatil-suavinex-duccio\/\" \/>\n<meta property=\"og:site_name\" content=\"Centrobeb\u00e9\" \/>\n<meta property=\"article:publisher\" content=\"https:\/\/www.facebook.com\/centrobebe\/\" \/>\n<meta property=\"article:modified_time\" content=\"2020-08-07T11:35:27+00:00\" \/>\n<meta property=\"og:image\" content=\"https:\/\/centrobebe.es\/wp-content\/uploads\/Duccio-Esterilizador-de-chupetes-blanco-front-1200X1200.jpg\" \/>\n\t<meta property=\"og:image:width\" content=\"515\" \/>\n\t<meta property=\"og:image:height\" content=\"515\" \/>\n\t<meta property=\"og:image:type\" content=\"image\/jpeg\" \/>\n<meta name=\"twitter:card\" content=\"summary_large_image\" \/>\n<meta name=\"twitter:site\" content=\"@centrobebe\" \/>\n<meta name=\"twitter:label1\" content=\"Estimated reading time\" \/>\n\t<meta name=\"twitter:data1\" content=\"1 minute\" \/>\n<script type=\"application\/ld+json\" class=\"yoast-schema-graph\">{\"@context\":\"https:\/\/schema.org\",\"@graph\":[{\"@type\":\"WebPage\",\"@id\":\"https:\/\/centrobebe.es\/shop\/centrobebe\/alimentacion\/esterilizadores\/esterilizador-portatil-suavinex-duccio\/\",\"url\":\"https:\/\/centrobebe.es\/shop\/centrobebe\/alimentacion\/esterilizadores\/esterilizador-portatil-suavinex-duccio\/\",\"name\":\"Esterilizador Portatil Suavinex Duccio - Centrobeb\u00e9\",\"isPartOf\":{\"@id\":\"https:\/\/centrobebe.es\/#website\"},\"primaryImageOfPage\":{\"@id\":\"https:\/\/centrobebe.es\/shop\/centrobebe\/alimentacion\/esterilizadores\/esterilizador-portatil-suavinex-duccio\/#primaryimage\"},\"image\":{\"@id\":\"https:\/\/centrobebe.es\/shop\/centrobebe\/alimentacion\/esterilizadores\/esterilizador-portatil-suavinex-duccio\/#primaryimage\"},\"thumbnailUrl\":\"https:\/\/centrobebe.es\/wp-content\/uploads\/Duccio-Esterilizador-de-chupetes-blanco-front-1200X1200.jpg\",\"datePublished\":\"2020-07-24T17:46:01+00:00\",\"dateModified\":\"2020-08-07T11:35:27+00:00\",\"description\":\"Esterilizador portatil Suavinex Duccio, facil de utilizar y pr\u00e1ctico,esteriliza de forma r\u00e1pida, \u00a1en apenas 3 minutos! gracias a su luz ultravioleta (UV).\",\"breadcrumb\":{\"@id\":\"https:\/\/centrobebe.es\/shop\/centrobebe\/alimentacion\/esterilizadores\/esterilizador-portatil-suavinex-duccio\/#breadcrumb\"},\"inLanguage\":\"en-GB\",\"potentialAction\":[{\"@type\":\"ReadAction\",\"target\":[\"https:\/\/centrobebe.es\/shop\/centrobebe\/alimentacion\/esterilizadores\/esterilizador-portatil-suavinex-duccio\/\"]}]},{\"@type\":\"ImageObject\",\"inLanguage\":\"en-GB\",\"@id\":\"https:\/\/centrobebe.es\/shop\/centrobebe\/alimentacion\/esterilizadores\/esterilizador-portatil-suavinex-duccio\/#primaryimage\",\"url\":\"https:\/\/centrobebe.es\/wp-content\/uploads\/Duccio-Esterilizador-de-chupetes-blanco-front-1200X1200.jpg\",\"contentUrl\":\"https:\/\/centrobebe.es\/wp-content\/uploads\/Duccio-Esterilizador-de-chupetes-blanco-front-1200X1200.jpg\",\"width\":515,\"height\":515,\"caption\":\"esterilizador portatil suavinex duccio\"},{\"@type\":\"BreadcrumbList\",\"@id\":\"https:\/\/centrobebe.es\/shop\/centrobebe\/alimentacion\/esterilizadores\/esterilizador-portatil-suavinex-duccio\/#breadcrumb\",\"itemListElement\":[{\"@type\":\"ListItem\",\"position\":1,\"name\":\"Portada\",\"item\":\"https:\/\/centrobebe.es\/\"},{\"@type\":\"ListItem\",\"position\":2,\"name\":\"Shop\",\"item\":\"https:\/\/centrobebe.es\/shop\/\"},{\"@type\":\"ListItem\",\"position\":3,\"name\":\"Esterilizador Portatil Suavinex Duccio\"}]},{\"@type\":\"WebSite\",\"@id\":\"https:\/\/centrobebe.es\/#website\",\"url\":\"https:\/\/centrobebe.es\/\",\"name\":\"Centrobeb\u00e9\",\"description\":\"Tienda de bebe online | Todo lo que tu bebe necesita\",\"publisher\":{\"@id\":\"https:\/\/centrobebe.es\/#organization\"},\"alternateName\":\"Centrobeb\u00e9\",\"potentialAction\":[{\"@type\":\"SearchAction\",\"target\":{\"@type\":\"EntryPoint\",\"urlTemplate\":\"https:\/\/centrobebe.es\/?s={search_term_string}\"},\"query-input\":{\"@type\":\"PropertyValueSpecification\",\"valueRequired\":true,\"valueName\":\"search_term_string\"}}],\"inLanguage\":\"en-GB\"},{\"@type\":\"Organization\",\"@id\":\"https:\/\/centrobebe.es\/#organization\",\"name\":\"Centrobebe\",\"alternateName\":\"Centrobebe\",\"url\":\"https:\/\/centrobebe.es\/\",\"logo\":{\"@type\":\"ImageObject\",\"inLanguage\":\"en-GB\",\"@id\":\"https:\/\/centrobebe.es\/#\/schema\/logo\/image\/\",\"url\":\"https:\/\/centrobebe.es\/wp-content\/uploads\/2018\/06\/icono3-e1557940133982.png\",\"contentUrl\":\"https:\/\/centrobebe.es\/wp-content\/uploads\/2018\/06\/icono3-e1557940133982.png\",\"width\":34,\"height\":29,\"caption\":\"Centrobebe\"},\"image\":{\"@id\":\"https:\/\/centrobebe.es\/#\/schema\/logo\/image\/\"},\"sameAs\":[\"https:\/\/www.facebook.com\/centrobebe\/\",\"https:\/\/x.com\/centrobebe\",\"https:\/\/www.instagram.com\/centrobebe.es\/\",\"https:\/\/www.youtube.com\/channel\/UCVU-jcFuwntnxOhxvSbf3hg\"]}]}<\/script>\n<!-- \/ Yoast SEO plugin. -->","yoast_head_json":{"title":"Esterilizador Portatil Suavinex Duccio - Centrobeb\u00e9","description":"Esterilizador portatil Suavinex Duccio, facil de utilizar y pr\u00e1ctico,esteriliza de forma r\u00e1pida, \u00a1en apenas 3 minutos! gracias a su luz ultravioleta (UV).","robots":{"index":"index","follow":"follow","max-snippet":"max-snippet:-1","max-image-preview":"max-image-preview:large","max-video-preview":"max-video-preview:-1"},"canonical":"https:\/\/centrobebe.es\/en\/shop\/centrobebe\/alimentacion\/esterilizadores\/esterilizador-portatil-suavinex-duccio\/","og_locale":"en_GB","og_type":"article","og_title":"Esterilizador Portatil Suavinex Duccio - Centrobeb\u00e9","og_description":"Esterilizador portatil Suavinex Duccio, facil de utilizar y pr\u00e1ctico,esteriliza de forma r\u00e1pida, \u00a1en apenas 3 minutos! gracias a su luz ultravioleta (UV).","og_url":"https:\/\/centrobebe.es\/en\/shop\/centrobebe\/alimentacion\/esterilizadores\/esterilizador-portatil-suavinex-duccio\/","og_site_name":"Centrobeb\u00e9","article_publisher":"https:\/\/www.facebook.com\/centrobebe\/","article_modified_time":"2020-08-07T11:35:27+00:00","og_image":[{"width":515,"height":515,"url":"https:\/\/centrobebe.es\/wp-content\/uploads\/Duccio-Esterilizador-de-chupetes-blanco-front-1200X1200.jpg","type":"image\/jpeg"}],"twitter_card":"summary_large_image","twitter_site":"@centrobebe","twitter_misc":{"Estimated reading time":"1 minute"},"schema":{"@context":"https:\/\/schema.org","@graph":[{"@type":"WebPage","@id":"https:\/\/centrobebe.es\/shop\/centrobebe\/alimentacion\/esterilizadores\/esterilizador-portatil-suavinex-duccio\/","url":"https:\/\/centrobebe.es\/shop\/centrobebe\/alimentacion\/esterilizadores\/esterilizador-portatil-suavinex-duccio\/","name":"Esterilizador Portatil Suavinex Duccio - Centrobeb\u00e9","isPartOf":{"@id":"https:\/\/centrobebe.es\/#website"},"primaryImageOfPage":{"@id":"https:\/\/centrobebe.es\/shop\/centrobebe\/alimentacion\/esterilizadores\/esterilizador-portatil-suavinex-duccio\/#primaryimage"},"image":{"@id":"https:\/\/centrobebe.es\/shop\/centrobebe\/alimentacion\/esterilizadores\/esterilizador-portatil-suavinex-duccio\/#primaryimage"},"thumbnailUrl":"https:\/\/centrobebe.es\/wp-content\/uploads\/Duccio-Esterilizador-de-chupetes-blanco-front-1200X1200.jpg","datePublished":"2020-07-24T17:46:01+00:00","dateModified":"2020-08-07T11:35:27+00:00","description":"Esterilizador portatil Suavinex Duccio, facil de utilizar y pr\u00e1ctico,esteriliza de forma r\u00e1pida, \u00a1en apenas 3 minutos! gracias a su luz ultravioleta (UV).","breadcrumb":{"@id":"https:\/\/centrobebe.es\/shop\/centrobebe\/alimentacion\/esterilizadores\/esterilizador-portatil-suavinex-duccio\/#breadcrumb"},"inLanguage":"en-GB","potentialAction":[{"@type":"ReadAction","target":["https:\/\/centrobebe.es\/shop\/centrobebe\/alimentacion\/esterilizadores\/esterilizador-portatil-suavinex-duccio\/"]}]},{"@type":"ImageObject","inLanguage":"en-GB","@id":"https:\/\/centrobebe.es\/shop\/centrobebe\/alimentacion\/esterilizadores\/esterilizador-portatil-suavinex-duccio\/#primaryimage","url":"https:\/\/centrobebe.es\/wp-content\/uploads\/Duccio-Esterilizador-de-chupetes-blanco-front-1200X1200.jpg","contentUrl":"https:\/\/centrobebe.es\/wp-content\/uploads\/Duccio-Esterilizador-de-chupetes-blanco-front-1200X1200.jpg","width":515,"height":515,"caption":"esterilizador portatil suavinex duccio"},{"@type":"BreadcrumbList","@id":"https:\/\/centrobebe.es\/shop\/centrobebe\/alimentacion\/esterilizadores\/esterilizador-portatil-suavinex-duccio\/#breadcrumb","itemListElement":[{"@type":"ListItem","position":1,"name":"Portada","item":"https:\/\/centrobebe.es\/"},{"@type":"ListItem","position":2,"name":"Shop","item":"https:\/\/centrobebe.es\/shop\/"},{"@type":"ListItem","position":3,"name":"Esterilizador Portatil Suavinex Duccio"}]},{"@type":"WebSite","@id":"https:\/\/centrobebe.es\/#website","url":"https:\/\/centrobebe.es\/","name":"Centrobeb\u00e9","description":"Tienda de bebe online | Todo lo que tu bebe necesita","publisher":{"@id":"https:\/\/centrobebe.es\/#organization"},"alternateName":"Centrobeb\u00e9","potentialAction":[{"@type":"SearchAction","target":{"@type":"EntryPoint","urlTemplate":"https:\/\/centrobebe.es\/?s={search_term_string}"},"query-input":{"@type":"PropertyValueSpecification","valueRequired":true,"valueName":"search_term_string"}}],"inLanguage":"en-GB"},{"@type":"Organization","@id":"https:\/\/centrobebe.es\/#organization","name":"Centrobebe","alternateName":"Centrobebe","url":"https:\/\/centrobebe.es\/","logo":{"@type":"ImageObject","inLanguage":"en-GB","@id":"https:\/\/centrobebe.es\/#\/schema\/logo\/image\/","url":"https:\/\/centrobebe.es\/wp-content\/uploads\/2018\/06\/icono3-e1557940133982.png","contentUrl":"https:\/\/centrobebe.es\/wp-content\/uploads\/2018\/06\/icono3-e1557940133982.png","width":34,"height":29,"caption":"Centrobebe"},"image":{"@id":"https:\/\/centrobebe.es\/#\/schema\/logo\/image\/"},"sameAs":["https:\/\/www.facebook.com\/centrobebe\/","https:\/\/x.com\/centrobebe","https:\/\/www.instagram.com\/centrobebe.es\/","https:\/\/www.youtube.com\/channel\/UCVU-jcFuwntnxOhxvSbf3hg"]}]}},"brands":[{"id":620,"name":"Suavinex","slug":"suavinex"}],"_links":{"self":[{"href":"https:\/\/centrobebe.es\/en\/wp-json\/wp\/v2\/product\/32170","targetHints":{"allow":["GET"]}}],"collection":[{"href":"https:\/\/centrobebe.es\/en\/wp-json\/wp\/v2\/product"}],"about":[{"href":"https:\/\/centrobebe.es\/en\/wp-json\/wp\/v2\/types\/product"}],"version-history":[{"count":0,"href":"https:\/\/centrobebe.es\/en\/wp-json\/wp\/v2\/product\/32170\/revisions"}],"wp:featuredmedia":[{"embeddable":true,"href":"https:\/\/centrobebe.es\/en\/wp-json\/wp\/v2\/media\/32174"}],"wp:attachment":[{"href":"https:\/\/centrobebe.es\/en\/wp-json\/wp\/v2\/media?parent=32170"}],"wp:term":[{"taxonomy":"pwb-brand","embeddable":true,"href":"https:\/\/centrobebe.es\/en\/wp-json\/wp\/v2\/pwb-brand?post=32170"},{"taxonomy":"product_cat","embeddable":true,"href":"https:\/\/centrobebe.es\/en\/wp-json\/wp\/v2\/product_cat?post=32170"},{"taxonomy":"product_tag","embeddable":true,"href":"https:\/\/centrobebe.es\/en\/wp-json\/wp\/v2\/product_tag?post=32170"}],"curies":[{"name":"wp","href":"https:\/\/api.w.org\/{rel}","templated":true}]}}