{"id":32461,"date":"2020-08-08T11:29:06","date_gmt":"2020-08-08T11:29:06","guid":{"rendered":"https:\/\/centrobebe.es\/?post_type=product&#038;p=32461"},"modified":"2025-08-11T08:58:44","modified_gmt":"2025-08-11T08:58:44","slug":"espejo-jane-led-mando-distancia-contramarcha","status":"publish","type":"product","link":"https:\/\/centrobebe.es\/en\/shop\/centrobebe\/el-viaje\/sillas-de-auto\/accesorios-sillas-auto\/espejo-jane-led-mando-distancia-contramarcha\/","title":{"rendered":"Espejo Jane Led Mando Distancia Contramarcha"},"content":{"rendered":"<h2>Espejo Jane Led Mando distancia contramarcha<\/h2>\n<p>El espejo Jane Led con Mando a distancia te ser\u00e1 \u00fatil para ver a tu beb\u00e9 mientras conduces. Sabemos la importancia de saber si el beb\u00e9 est\u00e1 bien durante un viaje, ya sea largo o corto. Por ello, el espejo Jane Led Mando es ideal para saber como esta el beb\u00e9 en todo momento.<\/p>\n<p>Con este accesorio, evitar\u00e1s distracciones mientras conduces.<\/p>\n<h2><strong>Caracter\u00edsticas<\/strong><\/h2>\n<ul>\n<li>Ajustable al resposacabezas del asiento trasero.<\/li>\n<li>Con dos luces LED (sistema dual) incorporadas en sus laterales para ver al beb\u00e9 con toda claridad cuando las condiciones de visibilidad disminuyen.<\/li>\n<li>El encendido LED \u00a0es suave y progresivo para que la visi\u00f3n del ni\u00f1o no se vea afectada por el encendido repentino.<\/li>\n<li>No interfiere con luces extras o la luz interior del veh\u00edculo.<\/li>\n<li>Su cristal esta hecho de un material de seguridad anti-a\u00f1icos que lo hacen seguro.<\/li>\n<li>Rotaci\u00f3n de 360\u00ba.<\/li>\n<li>Funciona con baterias: 3xAA\/LR6 (1,5V) en espejo y 2xAA LR6 (1,5V) en el mando a distancia (no incluidas)<\/li>\n<\/ul>\n<div>Si necesitas m\u00e1s informaci\u00f3n sobre el espejo de seguridad no dude en ponerse en contacto con nuestro equipo de profesionales. Estaremos encantados de ayudarte y aconsejarte sobre los <strong><a href=\"https:\/\/centrobebe.es\/en\/product-category\/centrobebe\/cochecitos-y-sillas-de-paseo-de-bebe\/accesorios-paseo\/\">accesorios de paseo<\/a><\/strong> que te beneficiar\u00e1n para tu beb\u00e9 y auto.<\/div>\n<div><\/div>\n<div>Descubre en nuestro cat\u00e1logo la gran variedad de productos para beb\u00e9s. Compra online y financia a tu gusto y comodidad. Contamos con gran variedad de\u00a0<strong><a href=\"https:\/\/centrobebe.es\/en\/product-category\/centrobebe\/el-viaje\/sillas-de-auto\/\">sillas de coche para beb\u00e9s<\/a><\/strong>, encuentra tu favorita y haz que sea tuya.<\/div>","protected":false},"excerpt":{"rendered":"<p>Compra al mejor precio el Espejo Jane con led y mando a distancia para ver a tu bebe en cualquier momento. Rotaci\u00f3n 360\u00ba.<\/p>","protected":false},"featured_media":56278,"template":"","meta":[],"pwb-brand":[385],"product_cat":[513],"product_tag":[],"class_list":{"0":"post-32461","1":"product","2":"type-product","3":"status-publish","4":"has-post-thumbnail","6":"pwb-brand-jane","7":"product_cat-accesorios-sillas-auto","8":"tm-no-options","10":"first","11":"instock","12":"taxable","13":"shipping-taxable","14":"purchasable","15":"product-type-simple"},"yoast_head":"<!-- This site is optimized with the Yoast SEO plugin v26.9 - https:\/\/yoast.com\/product\/yoast-seo-wordpress\/ -->\n<title>Espejo Jane Led Mando Distancia Contramarcha - Centrobeb\u00e9<\/title>\n<meta name=\"description\" content=\"\u2611\ufe0fCompra al mejor precio el Espejo Jane con led y mando a distancia para ver a tu bebe en cualquier momento. Rotaci\u00f3n 360\u00ba.\" \/>\n<meta name=\"robots\" content=\"index, follow, max-snippet:-1, max-image-preview:large, max-video-preview:-1\" \/>\n<link rel=\"canonical\" href=\"https:\/\/centrobebe.es\/en\/shop\/centrobebe\/el-viaje\/sillas-de-auto\/accesorios-sillas-auto\/espejo-jane-led-mando-distancia-contramarcha\/\" \/>\n<meta property=\"og:locale\" content=\"en_GB\" \/>\n<meta property=\"og:type\" content=\"article\" \/>\n<meta property=\"og:title\" content=\"Espejo Jane Led Mando Distancia Contramarcha - Centrobeb\u00e9\" \/>\n<meta property=\"og:description\" content=\"\u2611\ufe0fCompra al mejor precio el Espejo Jane con led y mando a distancia para ver a tu bebe en cualquier momento. Rotaci\u00f3n 360\u00ba.\" \/>\n<meta property=\"og:url\" content=\"https:\/\/centrobebe.es\/en\/shop\/centrobebe\/el-viaje\/sillas-de-auto\/accesorios-sillas-auto\/espejo-jane-led-mando-distancia-contramarcha\/\" \/>\n<meta property=\"og:site_name\" content=\"Centrobeb\u00e9\" \/>\n<meta property=\"article:publisher\" content=\"https:\/\/www.facebook.com\/centrobebe\/\" \/>\n<meta property=\"article:modified_time\" content=\"2025-08-11T08:58:44+00:00\" \/>\n<meta property=\"og:image\" content=\"https:\/\/centrobebe.es\/wp-content\/uploads\/2020\/08\/espejo-de-seguridad-jane-led-mirror.jpg\" \/>\n\t<meta property=\"og:image:width\" content=\"800\" \/>\n\t<meta property=\"og:image:height\" content=\"889\" \/>\n\t<meta property=\"og:image:type\" content=\"image\/jpeg\" \/>\n<meta name=\"twitter:card\" content=\"summary_large_image\" \/>\n<meta name=\"twitter:site\" content=\"@centrobebe\" \/>\n<meta name=\"twitter:label1\" content=\"Estimated reading time\" \/>\n\t<meta name=\"twitter:data1\" content=\"2 minutes\" \/>\n<script type=\"application\/ld+json\" class=\"yoast-schema-graph\">{\"@context\":\"https:\/\/schema.org\",\"@graph\":[{\"@type\":\"WebPage\",\"@id\":\"https:\/\/centrobebe.es\/shop\/centrobebe\/el-viaje\/sillas-de-auto\/accesorios-sillas-auto\/espejo-jane-led-mando-distancia-contramarcha\/\",\"url\":\"https:\/\/centrobebe.es\/shop\/centrobebe\/el-viaje\/sillas-de-auto\/accesorios-sillas-auto\/espejo-jane-led-mando-distancia-contramarcha\/\",\"name\":\"Espejo Jane Led Mando Distancia Contramarcha - Centrobeb\u00e9\",\"isPartOf\":{\"@id\":\"https:\/\/centrobebe.es\/#website\"},\"primaryImageOfPage\":{\"@id\":\"https:\/\/centrobebe.es\/shop\/centrobebe\/el-viaje\/sillas-de-auto\/accesorios-sillas-auto\/espejo-jane-led-mando-distancia-contramarcha\/#primaryimage\"},\"image\":{\"@id\":\"https:\/\/centrobebe.es\/shop\/centrobebe\/el-viaje\/sillas-de-auto\/accesorios-sillas-auto\/espejo-jane-led-mando-distancia-contramarcha\/#primaryimage\"},\"thumbnailUrl\":\"https:\/\/centrobebe.es\/wp-content\/uploads\/2020\/08\/espejo-de-seguridad-jane-led-mirror.jpg\",\"datePublished\":\"2020-08-08T11:29:06+00:00\",\"dateModified\":\"2025-08-11T08:58:44+00:00\",\"description\":\"\u2611\ufe0fCompra al mejor precio el Espejo Jane con led y mando a distancia para ver a tu bebe en cualquier momento. Rotaci\u00f3n 360\u00ba.\",\"breadcrumb\":{\"@id\":\"https:\/\/centrobebe.es\/shop\/centrobebe\/el-viaje\/sillas-de-auto\/accesorios-sillas-auto\/espejo-jane-led-mando-distancia-contramarcha\/#breadcrumb\"},\"inLanguage\":\"en-GB\",\"potentialAction\":[{\"@type\":\"ReadAction\",\"target\":[\"https:\/\/centrobebe.es\/shop\/centrobebe\/el-viaje\/sillas-de-auto\/accesorios-sillas-auto\/espejo-jane-led-mando-distancia-contramarcha\/\"]}]},{\"@type\":\"ImageObject\",\"inLanguage\":\"en-GB\",\"@id\":\"https:\/\/centrobebe.es\/shop\/centrobebe\/el-viaje\/sillas-de-auto\/accesorios-sillas-auto\/espejo-jane-led-mando-distancia-contramarcha\/#primaryimage\",\"url\":\"https:\/\/centrobebe.es\/wp-content\/uploads\/2020\/08\/espejo-de-seguridad-jane-led-mirror.jpg\",\"contentUrl\":\"https:\/\/centrobebe.es\/wp-content\/uploads\/2020\/08\/espejo-de-seguridad-jane-led-mirror.jpg\",\"width\":800,\"height\":889,\"caption\":\"espejo jane luz\"},{\"@type\":\"BreadcrumbList\",\"@id\":\"https:\/\/centrobebe.es\/shop\/centrobebe\/el-viaje\/sillas-de-auto\/accesorios-sillas-auto\/espejo-jane-led-mando-distancia-contramarcha\/#breadcrumb\",\"itemListElement\":[{\"@type\":\"ListItem\",\"position\":1,\"name\":\"Portada\",\"item\":\"https:\/\/centrobebe.es\/\"},{\"@type\":\"ListItem\",\"position\":2,\"name\":\"Shop\",\"item\":\"https:\/\/centrobebe.es\/shop\/\"},{\"@type\":\"ListItem\",\"position\":3,\"name\":\"Espejo Jane Led Mando Distancia Contramarcha\"}]},{\"@type\":\"WebSite\",\"@id\":\"https:\/\/centrobebe.es\/#website\",\"url\":\"https:\/\/centrobebe.es\/\",\"name\":\"Centrobeb\u00e9\",\"description\":\"Tienda de bebe online | Todo lo que tu bebe necesita\",\"publisher\":{\"@id\":\"https:\/\/centrobebe.es\/#organization\"},\"alternateName\":\"Centrobeb\u00e9\",\"potentialAction\":[{\"@type\":\"SearchAction\",\"target\":{\"@type\":\"EntryPoint\",\"urlTemplate\":\"https:\/\/centrobebe.es\/?s={search_term_string}\"},\"query-input\":{\"@type\":\"PropertyValueSpecification\",\"valueRequired\":true,\"valueName\":\"search_term_string\"}}],\"inLanguage\":\"en-GB\"},{\"@type\":\"Organization\",\"@id\":\"https:\/\/centrobebe.es\/#organization\",\"name\":\"Centrobebe\",\"alternateName\":\"Centrobebe\",\"url\":\"https:\/\/centrobebe.es\/\",\"logo\":{\"@type\":\"ImageObject\",\"inLanguage\":\"en-GB\",\"@id\":\"https:\/\/centrobebe.es\/#\/schema\/logo\/image\/\",\"url\":\"https:\/\/centrobebe.es\/wp-content\/uploads\/2018\/06\/icono3-e1557940133982.png\",\"contentUrl\":\"https:\/\/centrobebe.es\/wp-content\/uploads\/2018\/06\/icono3-e1557940133982.png\",\"width\":34,\"height\":29,\"caption\":\"Centrobebe\"},\"image\":{\"@id\":\"https:\/\/centrobebe.es\/#\/schema\/logo\/image\/\"},\"sameAs\":[\"https:\/\/www.facebook.com\/centrobebe\/\",\"https:\/\/x.com\/centrobebe\",\"https:\/\/www.instagram.com\/centrobebe.es\/\",\"https:\/\/www.youtube.com\/channel\/UCVU-jcFuwntnxOhxvSbf3hg\"]}]}<\/script>\n<!-- \/ Yoast SEO plugin. -->","yoast_head_json":{"title":"Espejo Jane Led Mando Distancia Contramarcha - Centrobeb\u00e9","description":"\u2611\ufe0fCompra al mejor precio el Espejo Jane con led y mando a distancia para ver a tu bebe en cualquier momento. Rotaci\u00f3n 360\u00ba.","robots":{"index":"index","follow":"follow","max-snippet":"max-snippet:-1","max-image-preview":"max-image-preview:large","max-video-preview":"max-video-preview:-1"},"canonical":"https:\/\/centrobebe.es\/en\/shop\/centrobebe\/el-viaje\/sillas-de-auto\/accesorios-sillas-auto\/espejo-jane-led-mando-distancia-contramarcha\/","og_locale":"en_GB","og_type":"article","og_title":"Espejo Jane Led Mando Distancia Contramarcha - Centrobeb\u00e9","og_description":"\u2611\ufe0fCompra al mejor precio el Espejo Jane con led y mando a distancia para ver a tu bebe en cualquier momento. Rotaci\u00f3n 360\u00ba.","og_url":"https:\/\/centrobebe.es\/en\/shop\/centrobebe\/el-viaje\/sillas-de-auto\/accesorios-sillas-auto\/espejo-jane-led-mando-distancia-contramarcha\/","og_site_name":"Centrobeb\u00e9","article_publisher":"https:\/\/www.facebook.com\/centrobebe\/","article_modified_time":"2025-08-11T08:58:44+00:00","og_image":[{"width":800,"height":889,"url":"https:\/\/centrobebe.es\/wp-content\/uploads\/2020\/08\/espejo-de-seguridad-jane-led-mirror.jpg","type":"image\/jpeg"}],"twitter_card":"summary_large_image","twitter_site":"@centrobebe","twitter_misc":{"Estimated reading time":"2 minutes"},"schema":{"@context":"https:\/\/schema.org","@graph":[{"@type":"WebPage","@id":"https:\/\/centrobebe.es\/shop\/centrobebe\/el-viaje\/sillas-de-auto\/accesorios-sillas-auto\/espejo-jane-led-mando-distancia-contramarcha\/","url":"https:\/\/centrobebe.es\/shop\/centrobebe\/el-viaje\/sillas-de-auto\/accesorios-sillas-auto\/espejo-jane-led-mando-distancia-contramarcha\/","name":"Espejo Jane Led Mando Distancia Contramarcha - Centrobeb\u00e9","isPartOf":{"@id":"https:\/\/centrobebe.es\/#website"},"primaryImageOfPage":{"@id":"https:\/\/centrobebe.es\/shop\/centrobebe\/el-viaje\/sillas-de-auto\/accesorios-sillas-auto\/espejo-jane-led-mando-distancia-contramarcha\/#primaryimage"},"image":{"@id":"https:\/\/centrobebe.es\/shop\/centrobebe\/el-viaje\/sillas-de-auto\/accesorios-sillas-auto\/espejo-jane-led-mando-distancia-contramarcha\/#primaryimage"},"thumbnailUrl":"https:\/\/centrobebe.es\/wp-content\/uploads\/2020\/08\/espejo-de-seguridad-jane-led-mirror.jpg","datePublished":"2020-08-08T11:29:06+00:00","dateModified":"2025-08-11T08:58:44+00:00","description":"\u2611\ufe0fCompra al mejor precio el Espejo Jane con led y mando a distancia para ver a tu bebe en cualquier momento. Rotaci\u00f3n 360\u00ba.","breadcrumb":{"@id":"https:\/\/centrobebe.es\/shop\/centrobebe\/el-viaje\/sillas-de-auto\/accesorios-sillas-auto\/espejo-jane-led-mando-distancia-contramarcha\/#breadcrumb"},"inLanguage":"en-GB","potentialAction":[{"@type":"ReadAction","target":["https:\/\/centrobebe.es\/shop\/centrobebe\/el-viaje\/sillas-de-auto\/accesorios-sillas-auto\/espejo-jane-led-mando-distancia-contramarcha\/"]}]},{"@type":"ImageObject","inLanguage":"en-GB","@id":"https:\/\/centrobebe.es\/shop\/centrobebe\/el-viaje\/sillas-de-auto\/accesorios-sillas-auto\/espejo-jane-led-mando-distancia-contramarcha\/#primaryimage","url":"https:\/\/centrobebe.es\/wp-content\/uploads\/2020\/08\/espejo-de-seguridad-jane-led-mirror.jpg","contentUrl":"https:\/\/centrobebe.es\/wp-content\/uploads\/2020\/08\/espejo-de-seguridad-jane-led-mirror.jpg","width":800,"height":889,"caption":"espejo jane luz"},{"@type":"BreadcrumbList","@id":"https:\/\/centrobebe.es\/shop\/centrobebe\/el-viaje\/sillas-de-auto\/accesorios-sillas-auto\/espejo-jane-led-mando-distancia-contramarcha\/#breadcrumb","itemListElement":[{"@type":"ListItem","position":1,"name":"Portada","item":"https:\/\/centrobebe.es\/"},{"@type":"ListItem","position":2,"name":"Shop","item":"https:\/\/centrobebe.es\/shop\/"},{"@type":"ListItem","position":3,"name":"Espejo Jane Led Mando Distancia Contramarcha"}]},{"@type":"WebSite","@id":"https:\/\/centrobebe.es\/#website","url":"https:\/\/centrobebe.es\/","name":"Centrobeb\u00e9","description":"Tienda de bebe online | Todo lo que tu bebe necesita","publisher":{"@id":"https:\/\/centrobebe.es\/#organization"},"alternateName":"Centrobeb\u00e9","potentialAction":[{"@type":"SearchAction","target":{"@type":"EntryPoint","urlTemplate":"https:\/\/centrobebe.es\/?s={search_term_string}"},"query-input":{"@type":"PropertyValueSpecification","valueRequired":true,"valueName":"search_term_string"}}],"inLanguage":"en-GB"},{"@type":"Organization","@id":"https:\/\/centrobebe.es\/#organization","name":"Centrobebe","alternateName":"Centrobebe","url":"https:\/\/centrobebe.es\/","logo":{"@type":"ImageObject","inLanguage":"en-GB","@id":"https:\/\/centrobebe.es\/#\/schema\/logo\/image\/","url":"https:\/\/centrobebe.es\/wp-content\/uploads\/2018\/06\/icono3-e1557940133982.png","contentUrl":"https:\/\/centrobebe.es\/wp-content\/uploads\/2018\/06\/icono3-e1557940133982.png","width":34,"height":29,"caption":"Centrobebe"},"image":{"@id":"https:\/\/centrobebe.es\/#\/schema\/logo\/image\/"},"sameAs":["https:\/\/www.facebook.com\/centrobebe\/","https:\/\/x.com\/centrobebe","https:\/\/www.instagram.com\/centrobebe.es\/","https:\/\/www.youtube.com\/channel\/UCVU-jcFuwntnxOhxvSbf3hg"]}]}},"brands":[{"id":385,"name":"Jane","slug":"jane"}],"_links":{"self":[{"href":"https:\/\/centrobebe.es\/en\/wp-json\/wp\/v2\/product\/32461","targetHints":{"allow":["GET"]}}],"collection":[{"href":"https:\/\/centrobebe.es\/en\/wp-json\/wp\/v2\/product"}],"about":[{"href":"https:\/\/centrobebe.es\/en\/wp-json\/wp\/v2\/types\/product"}],"version-history":[{"count":1,"href":"https:\/\/centrobebe.es\/en\/wp-json\/wp\/v2\/product\/32461\/revisions"}],"predecessor-version":[{"id":56279,"href":"https:\/\/centrobebe.es\/en\/wp-json\/wp\/v2\/product\/32461\/revisions\/56279"}],"wp:featuredmedia":[{"embeddable":true,"href":"https:\/\/centrobebe.es\/en\/wp-json\/wp\/v2\/media\/56278"}],"wp:attachment":[{"href":"https:\/\/centrobebe.es\/en\/wp-json\/wp\/v2\/media?parent=32461"}],"wp:term":[{"taxonomy":"pwb-brand","embeddable":true,"href":"https:\/\/centrobebe.es\/en\/wp-json\/wp\/v2\/pwb-brand?post=32461"},{"taxonomy":"product_cat","embeddable":true,"href":"https:\/\/centrobebe.es\/en\/wp-json\/wp\/v2\/product_cat?post=32461"},{"taxonomy":"product_tag","embeddable":true,"href":"https:\/\/centrobebe.es\/en\/wp-json\/wp\/v2\/product_tag?post=32461"}],"curies":[{"name":"wp","href":"https:\/\/api.w.org\/{rel}","templated":true}]}}