{"id":33544,"date":"2020-10-13T17:39:30","date_gmt":"2020-10-13T17:39:30","guid":{"rendered":"https:\/\/centrobebe.es\/?post_type=product&#038;p=33544"},"modified":"2026-01-03T11:20:32","modified_gmt":"2026-01-03T11:20:32","slug":"silla-coche-be-cool-fit","status":"publish","type":"product","link":"https:\/\/centrobebe.es\/en\/shop\/centrobebe\/el-viaje\/sillas-de-auto\/acontramarcha\/silla-coche-be-cool-fit\/","title":{"rendered":"Silla Coche Be Cool Fit ISIZE 40-105 cm"},"content":{"rendered":"<h1>Silla Coche Be Cool Fit<\/h1>\n<p>Be Cool Fit es la nueva generaci\u00f3n de sistemas de retenci\u00f3n infantil Isize con protecciones para impactos laterales que llega para sustituir a la tan vendida Apollod.<\/p>\n<p>Cumple con la nueva normativa la normativa I-size. Homologaci\u00f3n R129 i-size SRI contra marcha 40 &#8211; 105 cm y cara marcha 75 &#8211; 105 cm.<\/p>\n<p><iframe title=\"Be Cool Fit\" src=\"https:\/\/www.youtube.com\/embed\/ncxoeijqzCQ\" width=\"900\" height=\"506\" frameborder=\"0\" allowfullscreen=\"allowfullscreen\"><\/iframe><\/p>\n<p>La silla Be Cool Fit, dispone de un sistema giratorio que nos ayuda a sacar al beb\u00e9 m\u00e1s f\u00e1cilmente del autom\u00f3vil, ya que la podemos colocar\u00a0 mirando a la puerta trasera para este menester.<\/p>\n<p>Se encuentra disponible en tres colores.<\/p>\n<h3>Caracter\u00edsticas Be Cool Fit<\/h3>\n<ul>\n<li>Permite la posibilidad de alargar su uso a contramarcha durante todo el periodo de utilizaci\u00f3n o viajar de cara a la marcha desde los 75 cm de altura.<\/li>\n<li>Solo es necesaria una mano para rotar la silla<\/li>\n<li>Con sistema de protecci\u00f3n lateral mejorada<\/li>\n<li>Su reductor protege al beb\u00e9 durante los primeros meses y despu\u00e9s la silla evoluciona adapt\u00e1ndose a su crecimiento.<\/li>\n<li>Con el mismo mecanismo, se puede girar 360\u00b0<\/li>\n<li>Dispone de posici\u00f3n de carga<\/li>\n<li>Reclina en 4 posiciones.<\/li>\n<li>Ajuste del cabezal autom\u00e1tico<\/li>\n<li>Arn\u00e9s de 5 puntos<\/li>\n<li>Pata de apoyo regulable en altura que permite adaptarse a cualquier modelo de veh\u00edculo.<\/li>\n<\/ul>\n<p>&nbsp;<\/p>\n<hr \/>\n<p>Ver m\u00e1s sillas coche bebe <strong><a href=\"https:\/\/centrobebe.es\/en\/product-category\/centrobebe\/el-viaje\/sillas-de-auto\/\">Aqu\u00ed<\/a><\/strong><\/p>\n<hr \/>\n<p>Web Fabricante: <strong><a href=\"https:\/\/www.babybecool.es\/es\/productos\/car-safety\/o3\/\">Aqu\u00ed<\/a><\/strong><\/p>\n<h4><strong>Sillas de coche para bebe baratas para comprar Online<\/strong><\/h4>\n<p>Centrobeb\u00e9 es la tienda de bebe online en la cual puedes comprar tu silla de auto de beb\u00e9 homologada, hacemos una selecci\u00f3n de <strong>las mejores sillas de coche para bebes <\/strong>basada en las opiniones de nuestros clientes, desde las m\u00e1s baratas hasta las m\u00e1s exclusivas y con la \u00faltima tecnolog\u00eda.<\/p>\n<p>\u00daltimas novedades para comprar online en toda clase de sistemas de retenci\u00f3n infantil a los mejores precios.<\/p>\n<p>En Centrobeb\u00e9 disponemos de una amplia variedad de <strong>sillas de coche para beb\u00e9<\/strong>\u00a0de las principales marcas del mercado que garantizan la calidad y la asistencia t\u00e9cnica ante cualquier incidencia.<\/p>","protected":false},"excerpt":{"rendered":"<p>Nueva silla de auto Be cool Fit i-SIZE, silla para coche de bebes con\u00a0 protecciones para impactos laterales. Al mejor precio online en Centrobebe.<\/p>\n<p>\u00a1Financia Ahora!<\/p>","protected":false},"featured_media":0,"template":"","meta":[],"pwb-brand":[394],"product_cat":[657,159,446],"product_tag":[263],"class_list":{"0":"post-33544","1":"product","2":"type-product","3":"status-publish","5":"pwb-brand-be-cool","6":"product_cat-be-cool-silla-coche","7":"product_cat-sillas-de-auto","8":"product_cat-acontramarcha","9":"product_tag-be-cool","10":"pa_color-gris","11":"pa_color-negro","12":"pa_color-rojo","13":"tm-no-options","15":"first","16":"instock","17":"sale","18":"taxable","19":"shipping-taxable","20":"purchasable","21":"product-type-variable","22":"wvs-archive-product-wrapper"},"yoast_head":"<!-- This site is optimized with the Yoast SEO plugin v26.9 - https:\/\/yoast.com\/product\/yoast-seo-wordpress\/ -->\n<title>Be Cool Fit - Silla Coche Bebe 2023 - Centrobeb\u00e9<\/title>\n<meta name=\"description\" content=\"Be cool Fit I-SIZE, silla para coche de bebes con protecciones para impactos laterales. Al mejor precio online en Centrobebe.\" \/>\n<meta name=\"robots\" content=\"index, follow, max-snippet:-1, max-image-preview:large, max-video-preview:-1\" \/>\n<link rel=\"canonical\" href=\"https:\/\/centrobebe.es\/en\/shop\/centrobebe\/el-viaje\/sillas-de-auto\/acontramarcha\/silla-coche-be-cool-fit\/\" \/>\n<meta property=\"og:locale\" content=\"en_GB\" \/>\n<meta property=\"og:type\" content=\"article\" \/>\n<meta property=\"og:title\" content=\"Be Cool Fit - Silla Coche Bebe 2023 - Centrobeb\u00e9\" \/>\n<meta property=\"og:description\" content=\"Be cool Fit I-SIZE, silla para coche de bebes con protecciones para impactos laterales. Al mejor precio online en Centrobebe.\" \/>\n<meta property=\"og:url\" content=\"https:\/\/centrobebe.es\/en\/shop\/centrobebe\/el-viaje\/sillas-de-auto\/acontramarcha\/silla-coche-be-cool-fit\/\" \/>\n<meta property=\"og:site_name\" content=\"Centrobeb\u00e9\" \/>\n<meta property=\"article:publisher\" content=\"https:\/\/www.facebook.com\/centrobebe\/\" \/>\n<meta property=\"article:modified_time\" content=\"2026-01-03T11:20:32+00:00\" \/>\n<meta property=\"og:image\" content=\"https:\/\/centrobebe.es\/wp-content\/uploads\/silla-auto-be-cool-fit-isize-12-copia.jpg\" \/>\n\t<meta property=\"og:image:width\" content=\"789\" \/>\n\t<meta property=\"og:image:height\" content=\"800\" \/>\n\t<meta property=\"og:image:type\" content=\"image\/jpeg\" \/>\n<meta name=\"twitter:card\" content=\"summary_large_image\" \/>\n<meta name=\"twitter:site\" content=\"@centrobebe\" \/>\n<meta name=\"twitter:label1\" content=\"Estimated reading time\" \/>\n\t<meta name=\"twitter:data1\" content=\"2 minutes\" \/>\n<script type=\"application\/ld+json\" class=\"yoast-schema-graph\">{\"@context\":\"https:\/\/schema.org\",\"@graph\":[{\"@type\":\"WebPage\",\"@id\":\"https:\/\/centrobebe.es\/shop\/centrobebe\/el-viaje\/sillas-de-auto\/acontramarcha\/silla-coche-be-cool-fit\/\",\"url\":\"https:\/\/centrobebe.es\/shop\/centrobebe\/el-viaje\/sillas-de-auto\/acontramarcha\/silla-coche-be-cool-fit\/\",\"name\":\"Be Cool Fit - Silla Coche Bebe 2023 - Centrobeb\u00e9\",\"isPartOf\":{\"@id\":\"https:\/\/centrobebe.es\/#website\"},\"datePublished\":\"2020-10-13T17:39:30+00:00\",\"dateModified\":\"2026-01-03T11:20:32+00:00\",\"description\":\"Be cool Fit I-SIZE, silla para coche de bebes con protecciones para impactos laterales. Al mejor precio online en Centrobebe.\",\"breadcrumb\":{\"@id\":\"https:\/\/centrobebe.es\/shop\/centrobebe\/el-viaje\/sillas-de-auto\/acontramarcha\/silla-coche-be-cool-fit\/#breadcrumb\"},\"inLanguage\":\"en-GB\",\"potentialAction\":[{\"@type\":\"ReadAction\",\"target\":[\"https:\/\/centrobebe.es\/shop\/centrobebe\/el-viaje\/sillas-de-auto\/acontramarcha\/silla-coche-be-cool-fit\/\"]}]},{\"@type\":\"BreadcrumbList\",\"@id\":\"https:\/\/centrobebe.es\/shop\/centrobebe\/el-viaje\/sillas-de-auto\/acontramarcha\/silla-coche-be-cool-fit\/#breadcrumb\",\"itemListElement\":[{\"@type\":\"ListItem\",\"position\":1,\"name\":\"Portada\",\"item\":\"https:\/\/centrobebe.es\/\"},{\"@type\":\"ListItem\",\"position\":2,\"name\":\"Shop\",\"item\":\"https:\/\/centrobebe.es\/shop\/\"},{\"@type\":\"ListItem\",\"position\":3,\"name\":\"Silla Coche Be Cool Fit ISIZE 40-105 cm\"}]},{\"@type\":\"WebSite\",\"@id\":\"https:\/\/centrobebe.es\/#website\",\"url\":\"https:\/\/centrobebe.es\/\",\"name\":\"Centrobeb\u00e9\",\"description\":\"Tienda de bebe online | Todo lo que tu bebe necesita\",\"publisher\":{\"@id\":\"https:\/\/centrobebe.es\/#organization\"},\"alternateName\":\"Centrobeb\u00e9\",\"potentialAction\":[{\"@type\":\"SearchAction\",\"target\":{\"@type\":\"EntryPoint\",\"urlTemplate\":\"https:\/\/centrobebe.es\/?s={search_term_string}\"},\"query-input\":{\"@type\":\"PropertyValueSpecification\",\"valueRequired\":true,\"valueName\":\"search_term_string\"}}],\"inLanguage\":\"en-GB\"},{\"@type\":\"Organization\",\"@id\":\"https:\/\/centrobebe.es\/#organization\",\"name\":\"Centrobebe\",\"alternateName\":\"Centrobebe\",\"url\":\"https:\/\/centrobebe.es\/\",\"logo\":{\"@type\":\"ImageObject\",\"inLanguage\":\"en-GB\",\"@id\":\"https:\/\/centrobebe.es\/#\/schema\/logo\/image\/\",\"url\":\"https:\/\/centrobebe.es\/wp-content\/uploads\/2018\/06\/icono3-e1557940133982.png\",\"contentUrl\":\"https:\/\/centrobebe.es\/wp-content\/uploads\/2018\/06\/icono3-e1557940133982.png\",\"width\":34,\"height\":29,\"caption\":\"Centrobebe\"},\"image\":{\"@id\":\"https:\/\/centrobebe.es\/#\/schema\/logo\/image\/\"},\"sameAs\":[\"https:\/\/www.facebook.com\/centrobebe\/\",\"https:\/\/x.com\/centrobebe\",\"https:\/\/www.instagram.com\/centrobebe.es\/\",\"https:\/\/www.youtube.com\/channel\/UCVU-jcFuwntnxOhxvSbf3hg\"]}]}<\/script>\n<!-- \/ Yoast SEO plugin. -->","yoast_head_json":{"title":"Be Cool Fit - Silla Coche Bebe 2023 - Centrobeb\u00e9","description":"Be cool Fit I-SIZE, silla para coche de bebes con protecciones para impactos laterales. Al mejor precio online en Centrobebe.","robots":{"index":"index","follow":"follow","max-snippet":"max-snippet:-1","max-image-preview":"max-image-preview:large","max-video-preview":"max-video-preview:-1"},"canonical":"https:\/\/centrobebe.es\/en\/shop\/centrobebe\/el-viaje\/sillas-de-auto\/acontramarcha\/silla-coche-be-cool-fit\/","og_locale":"en_GB","og_type":"article","og_title":"Be Cool Fit - Silla Coche Bebe 2023 - Centrobeb\u00e9","og_description":"Be cool Fit I-SIZE, silla para coche de bebes con protecciones para impactos laterales. Al mejor precio online en Centrobebe.","og_url":"https:\/\/centrobebe.es\/en\/shop\/centrobebe\/el-viaje\/sillas-de-auto\/acontramarcha\/silla-coche-be-cool-fit\/","og_site_name":"Centrobeb\u00e9","article_publisher":"https:\/\/www.facebook.com\/centrobebe\/","article_modified_time":"2026-01-03T11:20:32+00:00","og_image":[{"width":789,"height":800,"url":"https:\/\/centrobebe.es\/wp-content\/uploads\/silla-auto-be-cool-fit-isize-12-copia.jpg","type":"image\/jpeg"}],"twitter_card":"summary_large_image","twitter_site":"@centrobebe","twitter_misc":{"Estimated reading time":"2 minutes"},"schema":{"@context":"https:\/\/schema.org","@graph":[{"@type":"WebPage","@id":"https:\/\/centrobebe.es\/shop\/centrobebe\/el-viaje\/sillas-de-auto\/acontramarcha\/silla-coche-be-cool-fit\/","url":"https:\/\/centrobebe.es\/shop\/centrobebe\/el-viaje\/sillas-de-auto\/acontramarcha\/silla-coche-be-cool-fit\/","name":"Be Cool Fit - Silla Coche Bebe 2023 - Centrobeb\u00e9","isPartOf":{"@id":"https:\/\/centrobebe.es\/#website"},"datePublished":"2020-10-13T17:39:30+00:00","dateModified":"2026-01-03T11:20:32+00:00","description":"Be cool Fit I-SIZE, silla para coche de bebes con protecciones para impactos laterales. Al mejor precio online en Centrobebe.","breadcrumb":{"@id":"https:\/\/centrobebe.es\/shop\/centrobebe\/el-viaje\/sillas-de-auto\/acontramarcha\/silla-coche-be-cool-fit\/#breadcrumb"},"inLanguage":"en-GB","potentialAction":[{"@type":"ReadAction","target":["https:\/\/centrobebe.es\/shop\/centrobebe\/el-viaje\/sillas-de-auto\/acontramarcha\/silla-coche-be-cool-fit\/"]}]},{"@type":"BreadcrumbList","@id":"https:\/\/centrobebe.es\/shop\/centrobebe\/el-viaje\/sillas-de-auto\/acontramarcha\/silla-coche-be-cool-fit\/#breadcrumb","itemListElement":[{"@type":"ListItem","position":1,"name":"Portada","item":"https:\/\/centrobebe.es\/"},{"@type":"ListItem","position":2,"name":"Shop","item":"https:\/\/centrobebe.es\/shop\/"},{"@type":"ListItem","position":3,"name":"Silla Coche Be Cool Fit ISIZE 40-105 cm"}]},{"@type":"WebSite","@id":"https:\/\/centrobebe.es\/#website","url":"https:\/\/centrobebe.es\/","name":"Centrobeb\u00e9","description":"Tienda de bebe online | Todo lo que tu bebe necesita","publisher":{"@id":"https:\/\/centrobebe.es\/#organization"},"alternateName":"Centrobeb\u00e9","potentialAction":[{"@type":"SearchAction","target":{"@type":"EntryPoint","urlTemplate":"https:\/\/centrobebe.es\/?s={search_term_string}"},"query-input":{"@type":"PropertyValueSpecification","valueRequired":true,"valueName":"search_term_string"}}],"inLanguage":"en-GB"},{"@type":"Organization","@id":"https:\/\/centrobebe.es\/#organization","name":"Centrobebe","alternateName":"Centrobebe","url":"https:\/\/centrobebe.es\/","logo":{"@type":"ImageObject","inLanguage":"en-GB","@id":"https:\/\/centrobebe.es\/#\/schema\/logo\/image\/","url":"https:\/\/centrobebe.es\/wp-content\/uploads\/2018\/06\/icono3-e1557940133982.png","contentUrl":"https:\/\/centrobebe.es\/wp-content\/uploads\/2018\/06\/icono3-e1557940133982.png","width":34,"height":29,"caption":"Centrobebe"},"image":{"@id":"https:\/\/centrobebe.es\/#\/schema\/logo\/image\/"},"sameAs":["https:\/\/www.facebook.com\/centrobebe\/","https:\/\/x.com\/centrobebe","https:\/\/www.instagram.com\/centrobebe.es\/","https:\/\/www.youtube.com\/channel\/UCVU-jcFuwntnxOhxvSbf3hg"]}]}},"brands":[{"id":394,"name":"Be Cool","slug":"be-cool"}],"_links":{"self":[{"href":"https:\/\/centrobebe.es\/en\/wp-json\/wp\/v2\/product\/33544","targetHints":{"allow":["GET"]}}],"collection":[{"href":"https:\/\/centrobebe.es\/en\/wp-json\/wp\/v2\/product"}],"about":[{"href":"https:\/\/centrobebe.es\/en\/wp-json\/wp\/v2\/types\/product"}],"version-history":[{"count":7,"href":"https:\/\/centrobebe.es\/en\/wp-json\/wp\/v2\/product\/33544\/revisions"}],"predecessor-version":[{"id":45836,"href":"https:\/\/centrobebe.es\/en\/wp-json\/wp\/v2\/product\/33544\/revisions\/45836"}],"wp:attachment":[{"href":"https:\/\/centrobebe.es\/en\/wp-json\/wp\/v2\/media?parent=33544"}],"wp:term":[{"taxonomy":"pwb-brand","embeddable":true,"href":"https:\/\/centrobebe.es\/en\/wp-json\/wp\/v2\/pwb-brand?post=33544"},{"taxonomy":"product_cat","embeddable":true,"href":"https:\/\/centrobebe.es\/en\/wp-json\/wp\/v2\/product_cat?post=33544"},{"taxonomy":"product_tag","embeddable":true,"href":"https:\/\/centrobebe.es\/en\/wp-json\/wp\/v2\/product_tag?post=33544"}],"curies":[{"name":"wp","href":"https:\/\/api.w.org\/{rel}","templated":true}]}}