{"id":34042,"date":"2020-11-28T09:41:28","date_gmt":"2020-11-28T09:41:28","guid":{"rendered":"https:\/\/centrobebe.es\/?post_type=product&#038;p=34042"},"modified":"2024-12-18T12:36:08","modified_gmt":"2024-12-18T12:36:08","slug":"trona-jane-wooddy-evolutiva-madera","status":"publish","type":"product","link":"https:\/\/centrobebe.es\/en\/shop\/centrobebe\/en-casa\/tronas-bebe\/trona-jane-wooddy-evolutiva-madera\/","title":{"rendered":"Trona Jane Wooddy Evolutiva Madera"},"content":{"rendered":"<h1>Trona Jane Wooddy Evolutiva<\/h1>\n<p>Trona Jane Wooddy, es la nueva trona de beb\u00e9 evolutiva. Es v\u00e1lida desde los 6 meses del peque\u00f1o hasta los 3 a\u00f1os como trona, desde los 3 a\u00f1os hasta los 5 a\u00f1os como sillita infantil y de los 5 a los 8 a\u00f1os como taburete.<\/p>\n<p>La Trona tiene un dise\u00f1o ergon\u00f3mico con 3 configuraciones que se adaptan a cada etapa del beb\u00e9 por lo que podr\u00e1s darle utilidad a lo largo del crecimiento de tu ni\u00f1o.<\/p>\n<p>1.Trona Alta<\/p>\n<p>2.Silla infantil con respaldo.<\/p>\n<p>3.Taburete<\/p>\n<p>Dispone de las patas y el reposapi\u00e9s en madera de haya y reposapi\u00e9s ajustable en dos alturas para adaptarse al crecimiento de tu beb\u00e9.<\/p>\n<p>Tambi\u00e9n tiene una bandeja extraible y una sobrebandeja apta para lavavajillas.<\/p>\n<p>Adem\u00e1s si se ensucia no hay problema ya que tiene un tapizado desenfundable para lavar f\u00e1cilmente.<\/p>\n<p>Si necesitas m\u00e1s informaci\u00f3n sobre la trona jane mila no dude en ponerse en contacto con nuestro equipo de profesionales. Estaremos encantados de ayudarte y aconsejarte en todo lo que este en nuestra mano.<\/p>\n<p>El montaje es muy f\u00e1cil y r\u00e1pido.<\/p>\n<p>Medidas &#8211; 85x50x53 cm<\/p>\n<p>Peso- 4 kg<\/p>\n<p>&nbsp;<\/p>\n<p><strong>Tronas bebes para comprar Online<\/strong><\/p>\n<p>Centrobeb\u00e9 es la web online donde puedes comprar tu trona de beb\u00e9 homologada. Hacemos una selecci\u00f3n de las mejores tronas para bebes basada en las opiniones de nuestros clientes, desde las m\u00e1s baratas hasta las m\u00e1s exclusivas y con la \u00faltima tecnolog\u00eda. \u00a1No sabr\u00e1s cu\u00e1l elegir!<\/p>\n<p>\u00daltimas novedades para comprar online toda clase de trona jane mila para beb\u00e9s a los mejores precios.<\/p>\n<p>En Centrobeb\u00e9 disponemos de una amplia variedad de <strong><a href=\"https:\/\/centrobebe.es\/en\/product-category\/centrobebe\/en-casa\/tronas-bebe\/\">tronas bebe baratas<\/a><\/strong>\u00a0de las principales marcas del mercado que garantizan la calidad y la asistencia t\u00e9cnica ante cualquier incidencia.<\/p>\n<p>Puedes comprar online tu trona al mejor precio y financiarla a tu gusto y comodidad. Descubre la variedad de tipos de tronas bebes; port\u00e1tiles, evolutivas, de viaje, plegables y muchos tipos m\u00e1s. Si necesitas m\u00e1s informaci\u00f3n sobre alg\u00fan producto, no dudes en ponerte en contacto con nuestro equipo de profesionales. Estaremos encantados de ayudarte y aconsejarte sobre los productos m\u00e1s beneficiaros para tu beb\u00e9.<\/p>\n<figure class=\"gallery-item\"><\/figure>\n<figure class=\"gallery-item\"><\/figure>\n<figure class=\"gallery-item\"><\/figure>\n<figure class=\"gallery-item\"><\/figure>","protected":false},"excerpt":{"rendered":"<p>Trona Jane Wooddy Evolutiva Mila, es la nueva trona 3 en 1,desde los 6 meses hasta los 8 a\u00f1os.<\/p>\n<p>&nbsp;<\/p>","protected":false},"featured_media":0,"template":"","meta":[],"pwb-brand":[385],"product_cat":[144],"product_tag":[184],"class_list":{"0":"post-34042","1":"product","2":"type-product","3":"status-publish","5":"pwb-brand-jane","6":"product_cat-tronas-bebe","7":"product_tag-jane","8":"pa_color-beige","9":"pa_color-gris","10":"pa_color-verde-oliva","11":"tm-no-options","13":"first","14":"instock","15":"taxable","16":"shipping-taxable","17":"purchasable","18":"product-type-variable","19":"wvs-archive-product-wrapper"},"yoast_head":"<!-- This site is optimized with the Yoast SEO plugin v27.5 - https:\/\/yoast.com\/product\/yoast-seo-wordpress\/ -->\n<title>Trona Jane Wooddy Evolutiva Madera - Tronas beb\u00e9 online - Centrobeb\u00e9<\/title>\n<meta name=\"description\" content=\"Trona Jane Wooddy evolutiva, es la nueva trona desde los 6 meses hasta los 8 a\u00f1os. Trona 3 en 1, trona,silla infantil y taburete.&gt;&gt;&gt; Financia facilmente.\" \/>\n<meta name=\"robots\" content=\"index, follow, max-snippet:-1, max-image-preview:large, max-video-preview:-1\" \/>\n<link rel=\"canonical\" href=\"https:\/\/centrobebe.es\/en\/shop\/centrobebe\/en-casa\/tronas-bebe\/trona-jane-wooddy-evolutiva-madera\/\" \/>\n<meta property=\"og:locale\" content=\"en_GB\" \/>\n<meta property=\"og:type\" content=\"article\" \/>\n<meta property=\"og:title\" content=\"Trona Jane Wooddy Evolutiva Madera - Tronas beb\u00e9 online - Centrobeb\u00e9\" \/>\n<meta property=\"og:description\" content=\"Trona Jane Wooddy evolutiva, es la nueva trona desde los 6 meses hasta los 8 a\u00f1os. Trona 3 en 1, trona,silla infantil y taburete.&gt;&gt;&gt; Financia facilmente.\" \/>\n<meta property=\"og:url\" content=\"https:\/\/centrobebe.es\/en\/shop\/centrobebe\/en-casa\/tronas-bebe\/trona-jane-wooddy-evolutiva-madera\/\" \/>\n<meta property=\"og:site_name\" content=\"Centrobeb\u00e9\" \/>\n<meta property=\"article:publisher\" content=\"https:\/\/www.facebook.com\/centrobebe\/\" \/>\n<meta property=\"article:modified_time\" content=\"2024-12-18T12:36:08+00:00\" \/>\n<meta property=\"og:image\" content=\"https:\/\/centrobebe.es\/wp-content\/uploads\/trona-jane-wooddy.jpg\" \/>\n\t<meta property=\"og:image:width\" content=\"429\" \/>\n\t<meta property=\"og:image:height\" content=\"505\" \/>\n\t<meta property=\"og:image:type\" content=\"image\/jpeg\" \/>\n<meta name=\"twitter:card\" content=\"summary_large_image\" \/>\n<meta name=\"twitter:site\" content=\"@centrobebe\" \/>\n<meta name=\"twitter:label1\" content=\"Estimated reading time\" \/>\n\t<meta name=\"twitter:data1\" content=\"2 minutes\" \/>\n<script type=\"application\/ld+json\" class=\"yoast-schema-graph\">{\"@context\":\"https:\\\/\\\/schema.org\",\"@graph\":[{\"@type\":\"WebPage\",\"@id\":\"https:\\\/\\\/centrobebe.es\\\/shop\\\/centrobebe\\\/en-casa\\\/tronas-bebe\\\/trona-jane-wooddy-evolutiva-madera\\\/\",\"url\":\"https:\\\/\\\/centrobebe.es\\\/shop\\\/centrobebe\\\/en-casa\\\/tronas-bebe\\\/trona-jane-wooddy-evolutiva-madera\\\/\",\"name\":\"Trona Jane Wooddy Evolutiva Madera - Tronas beb\u00e9 online - Centrobeb\u00e9\",\"isPartOf\":{\"@id\":\"https:\\\/\\\/centrobebe.es\\\/#website\"},\"datePublished\":\"2020-11-28T09:41:28+00:00\",\"dateModified\":\"2024-12-18T12:36:08+00:00\",\"description\":\"Trona Jane Wooddy evolutiva, es la nueva trona desde los 6 meses hasta los 8 a\u00f1os. Trona 3 en 1, trona,silla infantil y taburete.>>> Financia facilmente.\",\"breadcrumb\":{\"@id\":\"https:\\\/\\\/centrobebe.es\\\/shop\\\/centrobebe\\\/en-casa\\\/tronas-bebe\\\/trona-jane-wooddy-evolutiva-madera\\\/#breadcrumb\"},\"inLanguage\":\"en-GB\",\"potentialAction\":[{\"@type\":\"ReadAction\",\"target\":[\"https:\\\/\\\/centrobebe.es\\\/shop\\\/centrobebe\\\/en-casa\\\/tronas-bebe\\\/trona-jane-wooddy-evolutiva-madera\\\/\"]}]},{\"@type\":\"BreadcrumbList\",\"@id\":\"https:\\\/\\\/centrobebe.es\\\/shop\\\/centrobebe\\\/en-casa\\\/tronas-bebe\\\/trona-jane-wooddy-evolutiva-madera\\\/#breadcrumb\",\"itemListElement\":[{\"@type\":\"ListItem\",\"position\":1,\"name\":\"Portada\",\"item\":\"https:\\\/\\\/centrobebe.es\\\/\"},{\"@type\":\"ListItem\",\"position\":2,\"name\":\"Shop\",\"item\":\"https:\\\/\\\/centrobebe.es\\\/shop\\\/\"},{\"@type\":\"ListItem\",\"position\":3,\"name\":\"Trona Jane Wooddy Evolutiva Madera\"}]},{\"@type\":\"WebSite\",\"@id\":\"https:\\\/\\\/centrobebe.es\\\/#website\",\"url\":\"https:\\\/\\\/centrobebe.es\\\/\",\"name\":\"Centrobeb\u00e9\",\"description\":\"Tienda de bebe online | Todo lo que tu bebe necesita\",\"publisher\":{\"@id\":\"https:\\\/\\\/centrobebe.es\\\/#organization\"},\"alternateName\":\"Centrobeb\u00e9\",\"potentialAction\":[{\"@type\":\"SearchAction\",\"target\":{\"@type\":\"EntryPoint\",\"urlTemplate\":\"https:\\\/\\\/centrobebe.es\\\/?s={search_term_string}\"},\"query-input\":{\"@type\":\"PropertyValueSpecification\",\"valueRequired\":true,\"valueName\":\"search_term_string\"}}],\"inLanguage\":\"en-GB\"},{\"@type\":\"Organization\",\"@id\":\"https:\\\/\\\/centrobebe.es\\\/#organization\",\"name\":\"Centrobebe\",\"alternateName\":\"Centrobebe\",\"url\":\"https:\\\/\\\/centrobebe.es\\\/\",\"logo\":{\"@type\":\"ImageObject\",\"inLanguage\":\"en-GB\",\"@id\":\"https:\\\/\\\/centrobebe.es\\\/#\\\/schema\\\/logo\\\/image\\\/\",\"url\":\"https:\\\/\\\/centrobebe.es\\\/wp-content\\\/uploads\\\/2018\\\/06\\\/icono3-e1557940133982.png\",\"contentUrl\":\"https:\\\/\\\/centrobebe.es\\\/wp-content\\\/uploads\\\/2018\\\/06\\\/icono3-e1557940133982.png\",\"width\":34,\"height\":29,\"caption\":\"Centrobebe\"},\"image\":{\"@id\":\"https:\\\/\\\/centrobebe.es\\\/#\\\/schema\\\/logo\\\/image\\\/\"},\"sameAs\":[\"https:\\\/\\\/www.facebook.com\\\/centrobebe\\\/\",\"https:\\\/\\\/x.com\\\/centrobebe\",\"https:\\\/\\\/www.instagram.com\\\/centrobebe.es\\\/\",\"https:\\\/\\\/www.youtube.com\\\/channel\\\/UCVU-jcFuwntnxOhxvSbf3hg\"]}]}<\/script>\n<!-- \/ Yoast SEO plugin. -->","yoast_head_json":{"title":"Trona Jane Wooddy Evolutiva Madera - Tronas beb\u00e9 online - Centrobeb\u00e9","description":"Trona Jane Wooddy evolutiva, es la nueva trona desde los 6 meses hasta los 8 a\u00f1os. Trona 3 en 1, trona,silla infantil y taburete.>>> Financia facilmente.","robots":{"index":"index","follow":"follow","max-snippet":"max-snippet:-1","max-image-preview":"max-image-preview:large","max-video-preview":"max-video-preview:-1"},"canonical":"https:\/\/centrobebe.es\/en\/shop\/centrobebe\/en-casa\/tronas-bebe\/trona-jane-wooddy-evolutiva-madera\/","og_locale":"en_GB","og_type":"article","og_title":"Trona Jane Wooddy Evolutiva Madera - Tronas beb\u00e9 online - Centrobeb\u00e9","og_description":"Trona Jane Wooddy evolutiva, es la nueva trona desde los 6 meses hasta los 8 a\u00f1os. Trona 3 en 1, trona,silla infantil y taburete.>>> Financia facilmente.","og_url":"https:\/\/centrobebe.es\/en\/shop\/centrobebe\/en-casa\/tronas-bebe\/trona-jane-wooddy-evolutiva-madera\/","og_site_name":"Centrobeb\u00e9","article_publisher":"https:\/\/www.facebook.com\/centrobebe\/","article_modified_time":"2024-12-18T12:36:08+00:00","og_image":[{"width":429,"height":505,"url":"https:\/\/centrobebe.es\/wp-content\/uploads\/trona-jane-wooddy.jpg","type":"image\/jpeg"}],"twitter_card":"summary_large_image","twitter_site":"@centrobebe","twitter_misc":{"Estimated reading time":"2 minutes"},"schema":{"@context":"https:\/\/schema.org","@graph":[{"@type":"WebPage","@id":"https:\/\/centrobebe.es\/shop\/centrobebe\/en-casa\/tronas-bebe\/trona-jane-wooddy-evolutiva-madera\/","url":"https:\/\/centrobebe.es\/shop\/centrobebe\/en-casa\/tronas-bebe\/trona-jane-wooddy-evolutiva-madera\/","name":"Trona Jane Wooddy Evolutiva Madera - Tronas beb\u00e9 online - Centrobeb\u00e9","isPartOf":{"@id":"https:\/\/centrobebe.es\/#website"},"datePublished":"2020-11-28T09:41:28+00:00","dateModified":"2024-12-18T12:36:08+00:00","description":"Trona Jane Wooddy evolutiva, es la nueva trona desde los 6 meses hasta los 8 a\u00f1os. Trona 3 en 1, trona,silla infantil y taburete.>>> Financia facilmente.","breadcrumb":{"@id":"https:\/\/centrobebe.es\/shop\/centrobebe\/en-casa\/tronas-bebe\/trona-jane-wooddy-evolutiva-madera\/#breadcrumb"},"inLanguage":"en-GB","potentialAction":[{"@type":"ReadAction","target":["https:\/\/centrobebe.es\/shop\/centrobebe\/en-casa\/tronas-bebe\/trona-jane-wooddy-evolutiva-madera\/"]}]},{"@type":"BreadcrumbList","@id":"https:\/\/centrobebe.es\/shop\/centrobebe\/en-casa\/tronas-bebe\/trona-jane-wooddy-evolutiva-madera\/#breadcrumb","itemListElement":[{"@type":"ListItem","position":1,"name":"Portada","item":"https:\/\/centrobebe.es\/"},{"@type":"ListItem","position":2,"name":"Shop","item":"https:\/\/centrobebe.es\/shop\/"},{"@type":"ListItem","position":3,"name":"Trona Jane Wooddy Evolutiva Madera"}]},{"@type":"WebSite","@id":"https:\/\/centrobebe.es\/#website","url":"https:\/\/centrobebe.es\/","name":"Centrobeb\u00e9","description":"Tienda de bebe online | Todo lo que tu bebe necesita","publisher":{"@id":"https:\/\/centrobebe.es\/#organization"},"alternateName":"Centrobeb\u00e9","potentialAction":[{"@type":"SearchAction","target":{"@type":"EntryPoint","urlTemplate":"https:\/\/centrobebe.es\/?s={search_term_string}"},"query-input":{"@type":"PropertyValueSpecification","valueRequired":true,"valueName":"search_term_string"}}],"inLanguage":"en-GB"},{"@type":"Organization","@id":"https:\/\/centrobebe.es\/#organization","name":"Centrobebe","alternateName":"Centrobebe","url":"https:\/\/centrobebe.es\/","logo":{"@type":"ImageObject","inLanguage":"en-GB","@id":"https:\/\/centrobebe.es\/#\/schema\/logo\/image\/","url":"https:\/\/centrobebe.es\/wp-content\/uploads\/2018\/06\/icono3-e1557940133982.png","contentUrl":"https:\/\/centrobebe.es\/wp-content\/uploads\/2018\/06\/icono3-e1557940133982.png","width":34,"height":29,"caption":"Centrobebe"},"image":{"@id":"https:\/\/centrobebe.es\/#\/schema\/logo\/image\/"},"sameAs":["https:\/\/www.facebook.com\/centrobebe\/","https:\/\/x.com\/centrobebe","https:\/\/www.instagram.com\/centrobebe.es\/","https:\/\/www.youtube.com\/channel\/UCVU-jcFuwntnxOhxvSbf3hg"]}]}},"brands":[{"id":385,"name":"Jane","slug":"jane"}],"_links":{"self":[{"href":"https:\/\/centrobebe.es\/en\/wp-json\/wp\/v2\/product\/34042","targetHints":{"allow":["GET"]}}],"collection":[{"href":"https:\/\/centrobebe.es\/en\/wp-json\/wp\/v2\/product"}],"about":[{"href":"https:\/\/centrobebe.es\/en\/wp-json\/wp\/v2\/types\/product"}],"version-history":[{"count":1,"href":"https:\/\/centrobebe.es\/en\/wp-json\/wp\/v2\/product\/34042\/revisions"}],"predecessor-version":[{"id":51603,"href":"https:\/\/centrobebe.es\/en\/wp-json\/wp\/v2\/product\/34042\/revisions\/51603"}],"wp:attachment":[{"href":"https:\/\/centrobebe.es\/en\/wp-json\/wp\/v2\/media?parent=34042"}],"wp:term":[{"taxonomy":"pwb-brand","embeddable":true,"href":"https:\/\/centrobebe.es\/en\/wp-json\/wp\/v2\/pwb-brand?post=34042"},{"taxonomy":"product_cat","embeddable":true,"href":"https:\/\/centrobebe.es\/en\/wp-json\/wp\/v2\/product_cat?post=34042"},{"taxonomy":"product_tag","embeddable":true,"href":"https:\/\/centrobebe.es\/en\/wp-json\/wp\/v2\/product_tag?post=34042"}],"curies":[{"name":"wp","href":"https:\/\/api.w.org\/{rel}","templated":true}]}}