{"id":34644,"date":"2020-12-29T17:58:13","date_gmt":"2020-12-29T17:58:13","guid":{"rendered":"https:\/\/centrobebe.es\/?post_type=product&#038;p=34644"},"modified":"2024-07-18T19:27:34","modified_gmt":"2024-07-18T19:27:34","slug":"carro-gemelar-baby-monster-easy-twin-4","status":"publish","type":"product","link":"https:\/\/centrobebe.es\/en\/shop\/centrobebe\/cochecitos-y-sillas-de-paseo-de-bebe\/carritos-sillitas-gemelares\/carro-gemelar-baby-monster-easy-twin-4\/","title":{"rendered":"Silla Gemelar Baby Monster Easy Twin 4 BLACK EDITION"},"content":{"rendered":"<h1>Silla Gemelar Baby Monster Easy Twin 4 Black Edition<\/h1>\n<p>La silla gemelar Baby Monster Easy Twin 4 es el carrito gemelar todo en uno con las mejores prestaciones del mercado.<\/p>\n<p>Es muy vers\u00e1til, ya que se puede utilizar con dos sillas, silla y capazo, dos capazos, una silla y acoplar el capazo soft, dos Grupo 0, silla y bolsa de compra&#8230; \u00a1infinidad de combinaciones!<b>\u00a0<\/b><\/p>\n<p><iframe title=\"YouTube video player\" src=\"https:\/\/www.youtube.com\/embed\/XyjCUt9KuNw\" width=\"953\" height=\"536\" frameborder=\"0\" allowfullscreen=\"allowfullscreen\"><\/iframe><\/p>\n<p>Todo esto con un plegado incre\u00edblemente sencillo, un peso de tan s\u00f3lo 11,5kg y una capacidad de carga de 47kg.<\/p>\n<p><b>Y lo mejor: pasa por los sitios m\u00e1s estrechos gracias a sus 67cm de ancho.<\/b><\/p>\n<p>Est\u00e1 disponible en dos colores de chasis y cinco combinaciones de de base color texas y capotas de colores.<\/p>\n<p>Se pueden combinar los colores de las capotas al gusto de los pap\u00e1s.<\/p>\n<p><img fetchpriority=\"high\" decoding=\"async\" class=\"aligncenter wp-image-34676 size-full\" src=\"https:\/\/centrobebe.es\/wp-content\/uploads\/foto-easy-twin-4-1.jpg\" alt=\"carro gemelar baby monster easy twin 4\" width=\"772\" height=\"602\" \/><\/p>\n<h2><b>Caracter\u00edsticas del producto<\/b><\/h2>\n<p>&nbsp;<\/p>\n<ul>\n<li>Plegado r\u00e1pido y sencillo con un solo giro de mu\u00f1eca<\/li>\n<li>Manillar regulable en altura<\/li>\n<li>Barra frontal individual extra\u00edble<\/li>\n<li>Manillar y barra frontal en polipiel microperforado<\/li>\n<li>Reposapi\u00e9s regulable en altura con memoria de plegado<\/li>\n<li>Arn\u00e9s con 5 puntos de sujeci\u00f3n<\/li>\n<li>Hamaca pedi\u00e1trica con m\u00faltiples posiciones de reclinado, homologada desde nacimiento<\/li>\n<li>Respaldo XL<\/li>\n<li>Ruedas con cojinetes para mayor maniobrabilidad, y desmontables para f\u00e1cil mantenimiento<\/li>\n<li>Ruedas delanteras (PU) fijas o pivotantes<\/li>\n<li>Ruedas traseras de (PU)<\/li>\n<li>Suspensi\u00f3n en las 4 ruedas<\/li>\n<li>Capota XL con tejido repelente al agua<\/li>\n<li>Capota el\u00e1stica extensible con protecci\u00f3n UPF50+. La \u00faltima secci\u00f3n con ventilaci\u00f3n ajustable con cremallera.<\/li>\n<li>Resistente varilla met\u00e1lica<\/li>\n<li>Gran cesta de compra con f\u00e1cil acceso (Carga m\u00e1xima de 5 kg)<\/li>\n<li>Ventilaci\u00f3n trasera<\/li>\n<li>Tejido para silla reversible\u00a0(<em>disponible por separado<\/em>)<\/li>\n<\/ul>\n<p>Peso Completo: 11,5 Kg<\/p>\n<p>Dimensiones Sin Plegar92 cm x 67 cm x 100 cm<\/p>\n<p>Dimensiones Plegada64 cm x 67 cm x 22 cm<\/p>\n<p>Es posible realizar diferentes composiciones entre sillas y capazos siendo una magnifica opci\u00f3n para hermanos de diferentes edades.<\/p>\n<p><img decoding=\"async\" class=\"aligncenter wp-image-34683 size-full\" src=\"https:\/\/centrobebe.es\/wp-content\/uploads\/foto-easy-twin-4-8.jpg\" alt=\"carro gemelar baby monster easy twin 4\" width=\"877\" height=\"458\" \/><\/p>\n<p><img decoding=\"async\" class=\"aligncenter wp-image-34682 size-full\" src=\"https:\/\/centrobebe.es\/wp-content\/uploads\/foto-easy-twin-4-7.jpg\" alt=\"carro gemelar baby monster easy twin 4\" width=\"1018\" height=\"381\" \/><\/p>\n<p>Si necesitas informaci\u00f3n sobre carro gemelar Baby Monster Easy Twin 4, no dudes en ponerte en contacto con Centrobeb\u00e9. Estaremos encantados de ayudarte y aconsejarte sobre los productos que son m\u00e1s beneficiarios para ti y sobretodo para tu beb\u00e9.<\/p>\n<h3>Carritos gemelares para comprar online<\/h3>\n<p>En nuestro cat\u00e1logo disponemos de una gran selecci\u00f3n de <a href=\"https:\/\/centrobebe.es\/en\/product-category\/centrobebe\/cochecitos-y-sillas-de-paseo-de-bebe\/carritos-sillitas-gemelares\/\">sillas gemelar<\/a>, con caracter\u00edsticas diferentes. Podr\u00e1s elegir entre varias la que m\u00e1s te guste y vaya m\u00e1s acorde con tus necesidades. Contamos con las mejores marcas del mercado, al mejor precio garantizado. \u00bfA qu\u00e9 esperas para hacerte con tu silla gemelar?<\/p>\n<p>Nuestra gran prioridad es la comodidad y seguridad de nuestros peque\u00f1os. Podr\u00e1s disfrutar del paseo junto a tus beb\u00e9s de forma tranquila y segura. Adem\u00e1s, Centrobeb\u00e9 te da la opci\u00f3n de poder financiar tu compra online. \u00a1De forma f\u00e1cil y sencilla!<\/p>\n<p>&nbsp;<\/p>","protected":false},"excerpt":{"rendered":"<p>Gemelar Baby Monsterr Easy Twin 4, la mejor silla gemelar en su categor\u00eda. \u00a1Compra online al mejor precio Baby Monster Gemelar! Financia tu compra ahora.<\/p>\n<p>La silla Easy Twin es la mejor opci\u00f3n para los padres que tienen gemelos o hermanos con poca diferencia de edad.<\/p>\n<h1>CONSULTAR PLAZO DE ENTREGA<\/h1>","protected":false},"featured_media":0,"template":"","meta":[],"pwb-brand":[390],"product_cat":[156],"product_tag":[],"class_list":{"0":"post-34644","1":"product","2":"type-product","3":"status-publish","5":"pwb-brand-baby-monster","6":"product_cat-carritos-sillitas-gemelares","7":"pa_color-azul-lago","8":"pa_color-beige","9":"pa_color-burdeos","10":"pa_color-celeste","11":"pa_color-gris","12":"pa_color-negro","13":"pa_color-rosa","14":"pa_color-salmon","15":"pa_color-verde-oliva","16":"tm-has-options","18":"first","19":"outofstock","20":"taxable","21":"shipping-taxable","22":"purchasable","23":"product-type-variable","24":"wvs-archive-product-wrapper"},"yoast_head":"<!-- This site is optimized with the Yoast SEO plugin v26.9 - https:\/\/yoast.com\/product\/yoast-seo-wordpress\/ -->\n<title>Silla Gemelar Baby Monster - Gemelar Easy Twin 4 - Centrobeb\u00e9<\/title>\n<meta name=\"description\" content=\"Gemelar Baby Monsterr Easy Twin 4, la mejor silla gemelar en su categor\u00eda. \u00a1Compra al mejor precio Baby Monster Gemelar! Financia ahora.\" \/>\n<meta name=\"robots\" content=\"index, follow, max-snippet:-1, max-image-preview:large, max-video-preview:-1\" \/>\n<link rel=\"canonical\" href=\"https:\/\/centrobebe.es\/en\/shop\/centrobebe\/cochecitos-y-sillas-de-paseo-de-bebe\/carritos-sillitas-gemelares\/carro-gemelar-baby-monster-easy-twin-4\/\" \/>\n<meta property=\"og:locale\" content=\"en_GB\" \/>\n<meta property=\"og:type\" content=\"article\" \/>\n<meta property=\"og:title\" content=\"Silla Gemelar Baby Monster - Gemelar Easy Twin 4 - Centrobeb\u00e9\" \/>\n<meta property=\"og:description\" content=\"Gemelar Baby Monsterr Easy Twin 4, la mejor silla gemelar en su categor\u00eda. \u00a1Compra al mejor precio Baby Monster Gemelar! Financia ahora.\" \/>\n<meta property=\"og:url\" content=\"https:\/\/centrobebe.es\/en\/shop\/centrobebe\/cochecitos-y-sillas-de-paseo-de-bebe\/carritos-sillitas-gemelares\/carro-gemelar-baby-monster-easy-twin-4\/\" \/>\n<meta property=\"og:site_name\" content=\"Centrobeb\u00e9\" \/>\n<meta property=\"article:publisher\" content=\"https:\/\/www.facebook.com\/centrobebe\/\" \/>\n<meta property=\"article:modified_time\" content=\"2024-07-18T19:27:34+00:00\" \/>\n<meta property=\"og:image\" content=\"https:\/\/centrobebe.es\/wp-content\/uploads\/carrito-gemelar-easy-twin-4-black-edition-capotas-easy-twin-4-1.png\" \/>\n\t<meta property=\"og:image:width\" content=\"600\" \/>\n\t<meta property=\"og:image:height\" content=\"600\" \/>\n\t<meta property=\"og:image:type\" content=\"image\/png\" \/>\n<meta name=\"twitter:card\" content=\"summary_large_image\" \/>\n<meta name=\"twitter:site\" content=\"@centrobebe\" \/>\n<meta name=\"twitter:label1\" content=\"Estimated reading time\" \/>\n\t<meta name=\"twitter:data1\" content=\"3 minutes\" \/>\n<script type=\"application\/ld+json\" class=\"yoast-schema-graph\">{\"@context\":\"https:\/\/schema.org\",\"@graph\":[{\"@type\":\"WebPage\",\"@id\":\"https:\/\/centrobebe.es\/shop\/centrobebe\/cochecitos-y-sillas-de-paseo-de-bebe\/carritos-sillitas-gemelares\/carro-gemelar-baby-monster-easy-twin-4\/\",\"url\":\"https:\/\/centrobebe.es\/shop\/centrobebe\/cochecitos-y-sillas-de-paseo-de-bebe\/carritos-sillitas-gemelares\/carro-gemelar-baby-monster-easy-twin-4\/\",\"name\":\"Silla Gemelar Baby Monster - Gemelar Easy Twin 4 - Centrobeb\u00e9\",\"isPartOf\":{\"@id\":\"https:\/\/centrobebe.es\/#website\"},\"primaryImageOfPage\":{\"@id\":\"https:\/\/centrobebe.es\/shop\/centrobebe\/cochecitos-y-sillas-de-paseo-de-bebe\/carritos-sillitas-gemelares\/carro-gemelar-baby-monster-easy-twin-4\/#primaryimage\"},\"image\":{\"@id\":\"https:\/\/centrobebe.es\/shop\/centrobebe\/cochecitos-y-sillas-de-paseo-de-bebe\/carritos-sillitas-gemelares\/carro-gemelar-baby-monster-easy-twin-4\/#primaryimage\"},\"thumbnailUrl\":\"https:\/\/centrobebe.es\/wp-content\/uploads\/foto-easy-twin-4-1.jpg\",\"datePublished\":\"2020-12-29T17:58:13+00:00\",\"dateModified\":\"2024-07-18T19:27:34+00:00\",\"description\":\"Gemelar Baby Monsterr Easy Twin 4, la mejor silla gemelar en su categor\u00eda. \u00a1Compra al mejor precio Baby Monster Gemelar! Financia ahora.\",\"breadcrumb\":{\"@id\":\"https:\/\/centrobebe.es\/shop\/centrobebe\/cochecitos-y-sillas-de-paseo-de-bebe\/carritos-sillitas-gemelares\/carro-gemelar-baby-monster-easy-twin-4\/#breadcrumb\"},\"inLanguage\":\"en-GB\",\"potentialAction\":[{\"@type\":\"ReadAction\",\"target\":[\"https:\/\/centrobebe.es\/shop\/centrobebe\/cochecitos-y-sillas-de-paseo-de-bebe\/carritos-sillitas-gemelares\/carro-gemelar-baby-monster-easy-twin-4\/\"]}]},{\"@type\":\"ImageObject\",\"inLanguage\":\"en-GB\",\"@id\":\"https:\/\/centrobebe.es\/shop\/centrobebe\/cochecitos-y-sillas-de-paseo-de-bebe\/carritos-sillitas-gemelares\/carro-gemelar-baby-monster-easy-twin-4\/#primaryimage\",\"url\":\"https:\/\/centrobebe.es\/wp-content\/uploads\/foto-easy-twin-4-1.jpg\",\"contentUrl\":\"https:\/\/centrobebe.es\/wp-content\/uploads\/foto-easy-twin-4-1.jpg\"},{\"@type\":\"BreadcrumbList\",\"@id\":\"https:\/\/centrobebe.es\/shop\/centrobebe\/cochecitos-y-sillas-de-paseo-de-bebe\/carritos-sillitas-gemelares\/carro-gemelar-baby-monster-easy-twin-4\/#breadcrumb\",\"itemListElement\":[{\"@type\":\"ListItem\",\"position\":1,\"name\":\"Portada\",\"item\":\"https:\/\/centrobebe.es\/\"},{\"@type\":\"ListItem\",\"position\":2,\"name\":\"Shop\",\"item\":\"https:\/\/centrobebe.es\/shop\/\"},{\"@type\":\"ListItem\",\"position\":3,\"name\":\"Silla Gemelar Baby Monster Easy Twin 4 BLACK EDITION\"}]},{\"@type\":\"WebSite\",\"@id\":\"https:\/\/centrobebe.es\/#website\",\"url\":\"https:\/\/centrobebe.es\/\",\"name\":\"Centrobeb\u00e9\",\"description\":\"Tienda de bebe online | Todo lo que tu bebe necesita\",\"publisher\":{\"@id\":\"https:\/\/centrobebe.es\/#organization\"},\"alternateName\":\"Centrobeb\u00e9\",\"potentialAction\":[{\"@type\":\"SearchAction\",\"target\":{\"@type\":\"EntryPoint\",\"urlTemplate\":\"https:\/\/centrobebe.es\/?s={search_term_string}\"},\"query-input\":{\"@type\":\"PropertyValueSpecification\",\"valueRequired\":true,\"valueName\":\"search_term_string\"}}],\"inLanguage\":\"en-GB\"},{\"@type\":\"Organization\",\"@id\":\"https:\/\/centrobebe.es\/#organization\",\"name\":\"Centrobebe\",\"alternateName\":\"Centrobebe\",\"url\":\"https:\/\/centrobebe.es\/\",\"logo\":{\"@type\":\"ImageObject\",\"inLanguage\":\"en-GB\",\"@id\":\"https:\/\/centrobebe.es\/#\/schema\/logo\/image\/\",\"url\":\"https:\/\/centrobebe.es\/wp-content\/uploads\/2018\/06\/icono3-e1557940133982.png\",\"contentUrl\":\"https:\/\/centrobebe.es\/wp-content\/uploads\/2018\/06\/icono3-e1557940133982.png\",\"width\":34,\"height\":29,\"caption\":\"Centrobebe\"},\"image\":{\"@id\":\"https:\/\/centrobebe.es\/#\/schema\/logo\/image\/\"},\"sameAs\":[\"https:\/\/www.facebook.com\/centrobebe\/\",\"https:\/\/x.com\/centrobebe\",\"https:\/\/www.instagram.com\/centrobebe.es\/\",\"https:\/\/www.youtube.com\/channel\/UCVU-jcFuwntnxOhxvSbf3hg\"]}]}<\/script>\n<!-- \/ Yoast SEO plugin. -->","yoast_head_json":{"title":"Silla Gemelar Baby Monster - Gemelar Easy Twin 4 - Centrobeb\u00e9","description":"Gemelar Baby Monsterr Easy Twin 4, la mejor silla gemelar en su categor\u00eda. \u00a1Compra al mejor precio Baby Monster Gemelar! Financia ahora.","robots":{"index":"index","follow":"follow","max-snippet":"max-snippet:-1","max-image-preview":"max-image-preview:large","max-video-preview":"max-video-preview:-1"},"canonical":"https:\/\/centrobebe.es\/en\/shop\/centrobebe\/cochecitos-y-sillas-de-paseo-de-bebe\/carritos-sillitas-gemelares\/carro-gemelar-baby-monster-easy-twin-4\/","og_locale":"en_GB","og_type":"article","og_title":"Silla Gemelar Baby Monster - Gemelar Easy Twin 4 - Centrobeb\u00e9","og_description":"Gemelar Baby Monsterr Easy Twin 4, la mejor silla gemelar en su categor\u00eda. \u00a1Compra al mejor precio Baby Monster Gemelar! Financia ahora.","og_url":"https:\/\/centrobebe.es\/en\/shop\/centrobebe\/cochecitos-y-sillas-de-paseo-de-bebe\/carritos-sillitas-gemelares\/carro-gemelar-baby-monster-easy-twin-4\/","og_site_name":"Centrobeb\u00e9","article_publisher":"https:\/\/www.facebook.com\/centrobebe\/","article_modified_time":"2024-07-18T19:27:34+00:00","og_image":[{"width":600,"height":600,"url":"https:\/\/centrobebe.es\/wp-content\/uploads\/carrito-gemelar-easy-twin-4-black-edition-capotas-easy-twin-4-1.png","type":"image\/png"}],"twitter_card":"summary_large_image","twitter_site":"@centrobebe","twitter_misc":{"Estimated reading time":"3 minutes"},"schema":{"@context":"https:\/\/schema.org","@graph":[{"@type":"WebPage","@id":"https:\/\/centrobebe.es\/shop\/centrobebe\/cochecitos-y-sillas-de-paseo-de-bebe\/carritos-sillitas-gemelares\/carro-gemelar-baby-monster-easy-twin-4\/","url":"https:\/\/centrobebe.es\/shop\/centrobebe\/cochecitos-y-sillas-de-paseo-de-bebe\/carritos-sillitas-gemelares\/carro-gemelar-baby-monster-easy-twin-4\/","name":"Silla Gemelar Baby Monster - Gemelar Easy Twin 4 - Centrobeb\u00e9","isPartOf":{"@id":"https:\/\/centrobebe.es\/#website"},"primaryImageOfPage":{"@id":"https:\/\/centrobebe.es\/shop\/centrobebe\/cochecitos-y-sillas-de-paseo-de-bebe\/carritos-sillitas-gemelares\/carro-gemelar-baby-monster-easy-twin-4\/#primaryimage"},"image":{"@id":"https:\/\/centrobebe.es\/shop\/centrobebe\/cochecitos-y-sillas-de-paseo-de-bebe\/carritos-sillitas-gemelares\/carro-gemelar-baby-monster-easy-twin-4\/#primaryimage"},"thumbnailUrl":"https:\/\/centrobebe.es\/wp-content\/uploads\/foto-easy-twin-4-1.jpg","datePublished":"2020-12-29T17:58:13+00:00","dateModified":"2024-07-18T19:27:34+00:00","description":"Gemelar Baby Monsterr Easy Twin 4, la mejor silla gemelar en su categor\u00eda. \u00a1Compra al mejor precio Baby Monster Gemelar! Financia ahora.","breadcrumb":{"@id":"https:\/\/centrobebe.es\/shop\/centrobebe\/cochecitos-y-sillas-de-paseo-de-bebe\/carritos-sillitas-gemelares\/carro-gemelar-baby-monster-easy-twin-4\/#breadcrumb"},"inLanguage":"en-GB","potentialAction":[{"@type":"ReadAction","target":["https:\/\/centrobebe.es\/shop\/centrobebe\/cochecitos-y-sillas-de-paseo-de-bebe\/carritos-sillitas-gemelares\/carro-gemelar-baby-monster-easy-twin-4\/"]}]},{"@type":"ImageObject","inLanguage":"en-GB","@id":"https:\/\/centrobebe.es\/shop\/centrobebe\/cochecitos-y-sillas-de-paseo-de-bebe\/carritos-sillitas-gemelares\/carro-gemelar-baby-monster-easy-twin-4\/#primaryimage","url":"https:\/\/centrobebe.es\/wp-content\/uploads\/foto-easy-twin-4-1.jpg","contentUrl":"https:\/\/centrobebe.es\/wp-content\/uploads\/foto-easy-twin-4-1.jpg"},{"@type":"BreadcrumbList","@id":"https:\/\/centrobebe.es\/shop\/centrobebe\/cochecitos-y-sillas-de-paseo-de-bebe\/carritos-sillitas-gemelares\/carro-gemelar-baby-monster-easy-twin-4\/#breadcrumb","itemListElement":[{"@type":"ListItem","position":1,"name":"Portada","item":"https:\/\/centrobebe.es\/"},{"@type":"ListItem","position":2,"name":"Shop","item":"https:\/\/centrobebe.es\/shop\/"},{"@type":"ListItem","position":3,"name":"Silla Gemelar Baby Monster Easy Twin 4 BLACK EDITION"}]},{"@type":"WebSite","@id":"https:\/\/centrobebe.es\/#website","url":"https:\/\/centrobebe.es\/","name":"Centrobeb\u00e9","description":"Tienda de bebe online | Todo lo que tu bebe necesita","publisher":{"@id":"https:\/\/centrobebe.es\/#organization"},"alternateName":"Centrobeb\u00e9","potentialAction":[{"@type":"SearchAction","target":{"@type":"EntryPoint","urlTemplate":"https:\/\/centrobebe.es\/?s={search_term_string}"},"query-input":{"@type":"PropertyValueSpecification","valueRequired":true,"valueName":"search_term_string"}}],"inLanguage":"en-GB"},{"@type":"Organization","@id":"https:\/\/centrobebe.es\/#organization","name":"Centrobebe","alternateName":"Centrobebe","url":"https:\/\/centrobebe.es\/","logo":{"@type":"ImageObject","inLanguage":"en-GB","@id":"https:\/\/centrobebe.es\/#\/schema\/logo\/image\/","url":"https:\/\/centrobebe.es\/wp-content\/uploads\/2018\/06\/icono3-e1557940133982.png","contentUrl":"https:\/\/centrobebe.es\/wp-content\/uploads\/2018\/06\/icono3-e1557940133982.png","width":34,"height":29,"caption":"Centrobebe"},"image":{"@id":"https:\/\/centrobebe.es\/#\/schema\/logo\/image\/"},"sameAs":["https:\/\/www.facebook.com\/centrobebe\/","https:\/\/x.com\/centrobebe","https:\/\/www.instagram.com\/centrobebe.es\/","https:\/\/www.youtube.com\/channel\/UCVU-jcFuwntnxOhxvSbf3hg"]}]}},"brands":[{"id":390,"name":"Baby Monster","slug":"baby-monster"}],"_links":{"self":[{"href":"https:\/\/centrobebe.es\/en\/wp-json\/wp\/v2\/product\/34644","targetHints":{"allow":["GET"]}}],"collection":[{"href":"https:\/\/centrobebe.es\/en\/wp-json\/wp\/v2\/product"}],"about":[{"href":"https:\/\/centrobebe.es\/en\/wp-json\/wp\/v2\/types\/product"}],"version-history":[{"count":6,"href":"https:\/\/centrobebe.es\/en\/wp-json\/wp\/v2\/product\/34644\/revisions"}],"predecessor-version":[{"id":50547,"href":"https:\/\/centrobebe.es\/en\/wp-json\/wp\/v2\/product\/34644\/revisions\/50547"}],"wp:attachment":[{"href":"https:\/\/centrobebe.es\/en\/wp-json\/wp\/v2\/media?parent=34644"}],"wp:term":[{"taxonomy":"pwb-brand","embeddable":true,"href":"https:\/\/centrobebe.es\/en\/wp-json\/wp\/v2\/pwb-brand?post=34644"},{"taxonomy":"product_cat","embeddable":true,"href":"https:\/\/centrobebe.es\/en\/wp-json\/wp\/v2\/product_cat?post=34644"},{"taxonomy":"product_tag","embeddable":true,"href":"https:\/\/centrobebe.es\/en\/wp-json\/wp\/v2\/product_tag?post=34644"}],"curies":[{"name":"wp","href":"https:\/\/api.w.org\/{rel}","templated":true}]}}