{"id":36914,"date":"2021-05-19T19:22:47","date_gmt":"2021-05-19T19:22:47","guid":{"rendered":"https:\/\/centrobebe.es\/?post_type=product&#038;p=36914"},"modified":"2024-12-18T18:04:11","modified_gmt":"2024-12-18T18:04:11","slug":"vigilabebe-coche-retrocam-baby","status":"publish","type":"product","link":"https:\/\/centrobebe.es\/en\/shop\/centrobebe\/el-viaje\/sillas-de-auto\/accesorios-sillas-auto\/vigilabebe-coche-retrocam-baby\/","title":{"rendered":"Espejo Vigilabebe Coche Retrocam Baby"},"content":{"rendered":"<h1>Vigilabebe Coche Retrocam Baby<\/h1>\n<p>Vigilabebe Coche Retrocam Baby,es un sistema de vigilancia y seguridad\u00a0para tu fam\u00edlia \u00fanico en el mercado.\u00a0A trav\u00e9s de una c\u00e1mara situada delante de tu beb\u00e9 podr\u00e1s verlo en una pantalla integrada en el retrovisor tanto de d\u00eda como de noche gracias a su sistema de visi\u00f3n nocturna.<\/p>\n<p><img fetchpriority=\"high\" decoding=\"async\" class=\"aligncenter wp-image-36923 size-full\" src=\"https:\/\/centrobebe.es\/wp-content\/uploads\/retrocam-baby-8.jpg\" alt=\"vigila bebe retrocam baby\" width=\"608\" height=\"277\" srcset=\"https:\/\/centrobebe.es\/wp-content\/uploads\/retrocam-baby-8.jpg 608w, https:\/\/centrobebe.es\/wp-content\/uploads\/retrocam-baby-8-360x164.jpg 360w, https:\/\/centrobebe.es\/wp-content\/uploads\/retrocam-baby-8-142x65.jpg 142w, https:\/\/centrobebe.es\/wp-content\/uploads\/retrocam-baby-8-549x250.jpg 549w, https:\/\/centrobebe.es\/wp-content\/uploads\/retrocam-baby-8-116x53.jpg 116w\" sizes=\"(max-width: 608px) 100vw, 608px\" \/><\/p>\n<p>Se adapta al interior del veh\u00edculo de manera totalmente imperceptible. La instalaci\u00f3n es muy sencilla y puede ser realizada en aproximadamente 10 minutos sin necesidad de ayuda y sin cables a la vista.<\/p>\n<p>La c\u00e1mara te permite ver la parte de los asientos traseros \u00a0en su totalidad gracias a su amplio rango de visi\u00f3n de 140 grados. \u00bfTienes dos beb\u00e9s en lugar de uno? Ning\u00fan problema, los podr\u00e1s ver a ambos desde tu retrovisor.<\/p>\n<p><img decoding=\"async\" class=\"aligncenter wp-image-36922 size-full\" src=\"https:\/\/centrobebe.es\/wp-content\/uploads\/retrocam-baby-7.jpg\" alt=\"vigila bebe retrocam baby\" width=\"608\" height=\"404\" srcset=\"https:\/\/centrobebe.es\/wp-content\/uploads\/retrocam-baby-7.jpg 608w, https:\/\/centrobebe.es\/wp-content\/uploads\/retrocam-baby-7-360x239.jpg 360w, https:\/\/centrobebe.es\/wp-content\/uploads\/retrocam-baby-7-142x94.jpg 142w, https:\/\/centrobebe.es\/wp-content\/uploads\/retrocam-baby-7-376x250.jpg 376w, https:\/\/centrobebe.es\/wp-content\/uploads\/retrocam-baby-7-80x53.jpg 80w\" sizes=\"(max-width: 608px) 100vw, 608px\" \/><\/p>\n<p>Como elemento de seguridad adicional, la Retrocam Baby lleva incorporada una Dashcam y tarjeta de memoria microSD para que puedas grabar todo lo que ocurra tanto dentro del coche como en la carretera, lo que es especialmente \u00fatil en caso de\u00a0accidente.<\/p>\n<p><img decoding=\"async\" class=\"aligncenter wp-image-36919 size-full\" src=\"https:\/\/centrobebe.es\/wp-content\/uploads\/retrocam-baby-4.jpg\" alt=\"vigila bebe retrocam baby\" width=\"597\" height=\"448\" srcset=\"https:\/\/centrobebe.es\/wp-content\/uploads\/retrocam-baby-4.jpg 597w, https:\/\/centrobebe.es\/wp-content\/uploads\/retrocam-baby-4-360x270.jpg 360w, https:\/\/centrobebe.es\/wp-content\/uploads\/retrocam-baby-4-142x107.jpg 142w, https:\/\/centrobebe.es\/wp-content\/uploads\/retrocam-baby-4-333x250.jpg 333w, https:\/\/centrobebe.es\/wp-content\/uploads\/retrocam-baby-4-71x53.jpg 71w\" sizes=\"(max-width: 597px) 100vw, 597px\" \/><\/p>\n<p>&nbsp;<\/p>\n<p><iframe title=\"YouTube video player\" src=\"https:\/\/www.youtube.com\/embed\/Nkthl9WZMHA\" width=\"1349\" height=\"759\" frameborder=\"0\" allowfullscreen=\"allowfullscreen\"><\/iframe><\/p>\n<p>Si necesitas m\u00e1s informaci\u00f3n sobre el Vigilabebe con camara, ponte en contacto con nuestro equipo de profesionales. Visita la <strong><a href=\"https:\/\/www.chicco.es\/productos\/8058664124855.vigilabebes-video-baby-monitor-smart.proteccion.vigilabebes.html\">web del fabricante<\/a><\/strong>, para m\u00e1s informaci\u00f3n.<\/p>\n<p>En Centrobeb\u00e9, puedes comprar tu vigilabebe al mejor precio y de las mejores marcas del mercado. Contamos con una amplia variedad de\u00a0<strong><a href=\"https:\/\/centrobebe.es\/en\/product-category\/centrobebe\/el-sueno\/vigila-bebes\/\">Vigilabebes y Camara de Vigilancia Bebe<\/a><\/strong>\u00a0en nuestro cat\u00e1logo.<\/p>\n<p>Compra online el vigilabebe m\u00e1s acorde con tus necesidades en nuestra tienda de beb\u00e9. \u00a1No te lo pienses m\u00e1s! Descubre la variedad de accesorios y productos para el descanso del beb\u00e9. Contamos con luces, proyectores con m\u00fasica. mosquiteras e incluso cojines de lactancia para la mam\u00e1.<\/p>","protected":false},"excerpt":{"rendered":"<p>Vigilabebe Coche Retrocam Baby,es un sistema de vigilancia y seguridad\u00a0para tu fam\u00edlia \u00fanico en el mercado.\u00a0A trav\u00e9s de una c\u00e1mara situada delante de tu beb\u00e9 podr\u00e1s verlo en una pantalla integrada en el retrovisor tanto de d\u00eda como de noche gracias a su sistema de visi\u00f3n nocturna.<\/p>\n<p>Inmejorable relaci\u00f3n calidad \/ precio<\/p>\n<p>\u00a1Compra online al mejor precio!<\/p>","protected":false},"featured_media":0,"template":"","meta":[],"pwb-brand":[630],"product_cat":[165,513],"product_tag":[],"class_list":{"0":"post-36914","1":"product","2":"type-product","3":"status-publish","5":"pwb-brand-retrocam-baby","6":"product_cat-vigila-bebes","7":"product_cat-accesorios-sillas-auto","8":"tm-no-options","10":"first","11":"instock","12":"sale","13":"taxable","14":"shipping-taxable","15":"purchasable","16":"product-type-simple"},"yoast_head":"<!-- This site is optimized with the Yoast SEO plugin v26.9 - https:\/\/yoast.com\/product\/yoast-seo-wordpress\/ -->\n<title>Espejo Vigilabebe Coche Retrocam Baby - Vigilabebes Online - Centrobeb\u00e9<\/title>\n<meta name=\"description\" content=\"Vigilabebe coche retrocam baby. La mejor forma de vigilar a tu beb\u00e9 con la mayor seguridad. \u00a1Compra online! Financiaci\u00f3n a tu medida!!\" \/>\n<meta name=\"robots\" content=\"index, follow, max-snippet:-1, max-image-preview:large, max-video-preview:-1\" \/>\n<link rel=\"canonical\" href=\"https:\/\/centrobebe.es\/en\/shop\/centrobebe\/el-viaje\/sillas-de-auto\/accesorios-sillas-auto\/vigilabebe-coche-retrocam-baby\/\" \/>\n<meta property=\"og:locale\" content=\"en_GB\" \/>\n<meta property=\"og:type\" content=\"article\" \/>\n<meta property=\"og:title\" content=\"Espejo Vigilabebe Coche Retrocam Baby - Vigilabebes Online - Centrobeb\u00e9\" \/>\n<meta property=\"og:description\" content=\"Vigilabebe coche retrocam baby. La mejor forma de vigilar a tu beb\u00e9 con la mayor seguridad. \u00a1Compra online! Financiaci\u00f3n a tu medida!!\" \/>\n<meta property=\"og:url\" content=\"https:\/\/centrobebe.es\/en\/shop\/centrobebe\/el-viaje\/sillas-de-auto\/accesorios-sillas-auto\/vigilabebe-coche-retrocam-baby\/\" \/>\n<meta property=\"og:site_name\" content=\"Centrobeb\u00e9\" \/>\n<meta property=\"article:publisher\" content=\"https:\/\/www.facebook.com\/centrobebe\/\" \/>\n<meta property=\"article:modified_time\" content=\"2024-12-18T18:04:11+00:00\" \/>\n<meta property=\"og:image\" content=\"https:\/\/centrobebe.es\/wp-content\/uploads\/retrocam-baby-6.jpg\" \/>\n\t<meta property=\"og:image:width\" content=\"608\" \/>\n\t<meta property=\"og:image:height\" content=\"404\" \/>\n\t<meta property=\"og:image:type\" content=\"image\/jpeg\" \/>\n<meta name=\"twitter:card\" content=\"summary_large_image\" \/>\n<meta name=\"twitter:site\" content=\"@centrobebe\" \/>\n<meta name=\"twitter:label1\" content=\"Estimated reading time\" \/>\n\t<meta name=\"twitter:data1\" content=\"3 minutes\" \/>\n<script type=\"application\/ld+json\" class=\"yoast-schema-graph\">{\"@context\":\"https:\/\/schema.org\",\"@graph\":[{\"@type\":\"WebPage\",\"@id\":\"https:\/\/centrobebe.es\/shop\/centrobebe\/el-viaje\/sillas-de-auto\/accesorios-sillas-auto\/vigilabebe-coche-retrocam-baby\/\",\"url\":\"https:\/\/centrobebe.es\/shop\/centrobebe\/el-viaje\/sillas-de-auto\/accesorios-sillas-auto\/vigilabebe-coche-retrocam-baby\/\",\"name\":\"Espejo Vigilabebe Coche Retrocam Baby - Vigilabebes Online - Centrobeb\u00e9\",\"isPartOf\":{\"@id\":\"https:\/\/centrobebe.es\/#website\"},\"primaryImageOfPage\":{\"@id\":\"https:\/\/centrobebe.es\/shop\/centrobebe\/el-viaje\/sillas-de-auto\/accesorios-sillas-auto\/vigilabebe-coche-retrocam-baby\/#primaryimage\"},\"image\":{\"@id\":\"https:\/\/centrobebe.es\/shop\/centrobebe\/el-viaje\/sillas-de-auto\/accesorios-sillas-auto\/vigilabebe-coche-retrocam-baby\/#primaryimage\"},\"thumbnailUrl\":\"https:\/\/centrobebe.es\/wp-content\/uploads\/retrocam-baby-8.jpg\",\"datePublished\":\"2021-05-19T19:22:47+00:00\",\"dateModified\":\"2024-12-18T18:04:11+00:00\",\"description\":\"Vigilabebe coche retrocam baby. La mejor forma de vigilar a tu beb\u00e9 con la mayor seguridad. \u00a1Compra online! Financiaci\u00f3n a tu medida!!\",\"breadcrumb\":{\"@id\":\"https:\/\/centrobebe.es\/shop\/centrobebe\/el-viaje\/sillas-de-auto\/accesorios-sillas-auto\/vigilabebe-coche-retrocam-baby\/#breadcrumb\"},\"inLanguage\":\"en-GB\",\"potentialAction\":[{\"@type\":\"ReadAction\",\"target\":[\"https:\/\/centrobebe.es\/shop\/centrobebe\/el-viaje\/sillas-de-auto\/accesorios-sillas-auto\/vigilabebe-coche-retrocam-baby\/\"]}]},{\"@type\":\"ImageObject\",\"inLanguage\":\"en-GB\",\"@id\":\"https:\/\/centrobebe.es\/shop\/centrobebe\/el-viaje\/sillas-de-auto\/accesorios-sillas-auto\/vigilabebe-coche-retrocam-baby\/#primaryimage\",\"url\":\"https:\/\/centrobebe.es\/wp-content\/uploads\/retrocam-baby-8.jpg\",\"contentUrl\":\"https:\/\/centrobebe.es\/wp-content\/uploads\/retrocam-baby-8.jpg\"},{\"@type\":\"BreadcrumbList\",\"@id\":\"https:\/\/centrobebe.es\/shop\/centrobebe\/el-viaje\/sillas-de-auto\/accesorios-sillas-auto\/vigilabebe-coche-retrocam-baby\/#breadcrumb\",\"itemListElement\":[{\"@type\":\"ListItem\",\"position\":1,\"name\":\"Portada\",\"item\":\"https:\/\/centrobebe.es\/\"},{\"@type\":\"ListItem\",\"position\":2,\"name\":\"Shop\",\"item\":\"https:\/\/centrobebe.es\/shop\/\"},{\"@type\":\"ListItem\",\"position\":3,\"name\":\"Espejo Vigilabebe Coche Retrocam Baby\"}]},{\"@type\":\"WebSite\",\"@id\":\"https:\/\/centrobebe.es\/#website\",\"url\":\"https:\/\/centrobebe.es\/\",\"name\":\"Centrobeb\u00e9\",\"description\":\"Tienda de bebe online | Todo lo que tu bebe necesita\",\"publisher\":{\"@id\":\"https:\/\/centrobebe.es\/#organization\"},\"alternateName\":\"Centrobeb\u00e9\",\"potentialAction\":[{\"@type\":\"SearchAction\",\"target\":{\"@type\":\"EntryPoint\",\"urlTemplate\":\"https:\/\/centrobebe.es\/?s={search_term_string}\"},\"query-input\":{\"@type\":\"PropertyValueSpecification\",\"valueRequired\":true,\"valueName\":\"search_term_string\"}}],\"inLanguage\":\"en-GB\"},{\"@type\":\"Organization\",\"@id\":\"https:\/\/centrobebe.es\/#organization\",\"name\":\"Centrobebe\",\"alternateName\":\"Centrobebe\",\"url\":\"https:\/\/centrobebe.es\/\",\"logo\":{\"@type\":\"ImageObject\",\"inLanguage\":\"en-GB\",\"@id\":\"https:\/\/centrobebe.es\/#\/schema\/logo\/image\/\",\"url\":\"https:\/\/centrobebe.es\/wp-content\/uploads\/2018\/06\/icono3-e1557940133982.png\",\"contentUrl\":\"https:\/\/centrobebe.es\/wp-content\/uploads\/2018\/06\/icono3-e1557940133982.png\",\"width\":34,\"height\":29,\"caption\":\"Centrobebe\"},\"image\":{\"@id\":\"https:\/\/centrobebe.es\/#\/schema\/logo\/image\/\"},\"sameAs\":[\"https:\/\/www.facebook.com\/centrobebe\/\",\"https:\/\/x.com\/centrobebe\",\"https:\/\/www.instagram.com\/centrobebe.es\/\",\"https:\/\/www.youtube.com\/channel\/UCVU-jcFuwntnxOhxvSbf3hg\"]}]}<\/script>\n<!-- \/ Yoast SEO plugin. -->","yoast_head_json":{"title":"Espejo Vigilabebe Coche Retrocam Baby - Vigilabebes Online - Centrobeb\u00e9","description":"Vigilabebe coche retrocam baby. La mejor forma de vigilar a tu beb\u00e9 con la mayor seguridad. \u00a1Compra online! Financiaci\u00f3n a tu medida!!","robots":{"index":"index","follow":"follow","max-snippet":"max-snippet:-1","max-image-preview":"max-image-preview:large","max-video-preview":"max-video-preview:-1"},"canonical":"https:\/\/centrobebe.es\/en\/shop\/centrobebe\/el-viaje\/sillas-de-auto\/accesorios-sillas-auto\/vigilabebe-coche-retrocam-baby\/","og_locale":"en_GB","og_type":"article","og_title":"Espejo Vigilabebe Coche Retrocam Baby - Vigilabebes Online - Centrobeb\u00e9","og_description":"Vigilabebe coche retrocam baby. La mejor forma de vigilar a tu beb\u00e9 con la mayor seguridad. \u00a1Compra online! Financiaci\u00f3n a tu medida!!","og_url":"https:\/\/centrobebe.es\/en\/shop\/centrobebe\/el-viaje\/sillas-de-auto\/accesorios-sillas-auto\/vigilabebe-coche-retrocam-baby\/","og_site_name":"Centrobeb\u00e9","article_publisher":"https:\/\/www.facebook.com\/centrobebe\/","article_modified_time":"2024-12-18T18:04:11+00:00","og_image":[{"width":608,"height":404,"url":"https:\/\/centrobebe.es\/wp-content\/uploads\/retrocam-baby-6.jpg","type":"image\/jpeg"}],"twitter_card":"summary_large_image","twitter_site":"@centrobebe","twitter_misc":{"Estimated reading time":"3 minutes"},"schema":{"@context":"https:\/\/schema.org","@graph":[{"@type":"WebPage","@id":"https:\/\/centrobebe.es\/shop\/centrobebe\/el-viaje\/sillas-de-auto\/accesorios-sillas-auto\/vigilabebe-coche-retrocam-baby\/","url":"https:\/\/centrobebe.es\/shop\/centrobebe\/el-viaje\/sillas-de-auto\/accesorios-sillas-auto\/vigilabebe-coche-retrocam-baby\/","name":"Espejo Vigilabebe Coche Retrocam Baby - Vigilabebes Online - Centrobeb\u00e9","isPartOf":{"@id":"https:\/\/centrobebe.es\/#website"},"primaryImageOfPage":{"@id":"https:\/\/centrobebe.es\/shop\/centrobebe\/el-viaje\/sillas-de-auto\/accesorios-sillas-auto\/vigilabebe-coche-retrocam-baby\/#primaryimage"},"image":{"@id":"https:\/\/centrobebe.es\/shop\/centrobebe\/el-viaje\/sillas-de-auto\/accesorios-sillas-auto\/vigilabebe-coche-retrocam-baby\/#primaryimage"},"thumbnailUrl":"https:\/\/centrobebe.es\/wp-content\/uploads\/retrocam-baby-8.jpg","datePublished":"2021-05-19T19:22:47+00:00","dateModified":"2024-12-18T18:04:11+00:00","description":"Vigilabebe coche retrocam baby. La mejor forma de vigilar a tu beb\u00e9 con la mayor seguridad. \u00a1Compra online! Financiaci\u00f3n a tu medida!!","breadcrumb":{"@id":"https:\/\/centrobebe.es\/shop\/centrobebe\/el-viaje\/sillas-de-auto\/accesorios-sillas-auto\/vigilabebe-coche-retrocam-baby\/#breadcrumb"},"inLanguage":"en-GB","potentialAction":[{"@type":"ReadAction","target":["https:\/\/centrobebe.es\/shop\/centrobebe\/el-viaje\/sillas-de-auto\/accesorios-sillas-auto\/vigilabebe-coche-retrocam-baby\/"]}]},{"@type":"ImageObject","inLanguage":"en-GB","@id":"https:\/\/centrobebe.es\/shop\/centrobebe\/el-viaje\/sillas-de-auto\/accesorios-sillas-auto\/vigilabebe-coche-retrocam-baby\/#primaryimage","url":"https:\/\/centrobebe.es\/wp-content\/uploads\/retrocam-baby-8.jpg","contentUrl":"https:\/\/centrobebe.es\/wp-content\/uploads\/retrocam-baby-8.jpg"},{"@type":"BreadcrumbList","@id":"https:\/\/centrobebe.es\/shop\/centrobebe\/el-viaje\/sillas-de-auto\/accesorios-sillas-auto\/vigilabebe-coche-retrocam-baby\/#breadcrumb","itemListElement":[{"@type":"ListItem","position":1,"name":"Portada","item":"https:\/\/centrobebe.es\/"},{"@type":"ListItem","position":2,"name":"Shop","item":"https:\/\/centrobebe.es\/shop\/"},{"@type":"ListItem","position":3,"name":"Espejo Vigilabebe Coche Retrocam Baby"}]},{"@type":"WebSite","@id":"https:\/\/centrobebe.es\/#website","url":"https:\/\/centrobebe.es\/","name":"Centrobeb\u00e9","description":"Tienda de bebe online | Todo lo que tu bebe necesita","publisher":{"@id":"https:\/\/centrobebe.es\/#organization"},"alternateName":"Centrobeb\u00e9","potentialAction":[{"@type":"SearchAction","target":{"@type":"EntryPoint","urlTemplate":"https:\/\/centrobebe.es\/?s={search_term_string}"},"query-input":{"@type":"PropertyValueSpecification","valueRequired":true,"valueName":"search_term_string"}}],"inLanguage":"en-GB"},{"@type":"Organization","@id":"https:\/\/centrobebe.es\/#organization","name":"Centrobebe","alternateName":"Centrobebe","url":"https:\/\/centrobebe.es\/","logo":{"@type":"ImageObject","inLanguage":"en-GB","@id":"https:\/\/centrobebe.es\/#\/schema\/logo\/image\/","url":"https:\/\/centrobebe.es\/wp-content\/uploads\/2018\/06\/icono3-e1557940133982.png","contentUrl":"https:\/\/centrobebe.es\/wp-content\/uploads\/2018\/06\/icono3-e1557940133982.png","width":34,"height":29,"caption":"Centrobebe"},"image":{"@id":"https:\/\/centrobebe.es\/#\/schema\/logo\/image\/"},"sameAs":["https:\/\/www.facebook.com\/centrobebe\/","https:\/\/x.com\/centrobebe","https:\/\/www.instagram.com\/centrobebe.es\/","https:\/\/www.youtube.com\/channel\/UCVU-jcFuwntnxOhxvSbf3hg"]}]}},"brands":[{"id":630,"name":"RetroCam Baby","slug":"retrocam-baby"}],"_links":{"self":[{"href":"https:\/\/centrobebe.es\/en\/wp-json\/wp\/v2\/product\/36914","targetHints":{"allow":["GET"]}}],"collection":[{"href":"https:\/\/centrobebe.es\/en\/wp-json\/wp\/v2\/product"}],"about":[{"href":"https:\/\/centrobebe.es\/en\/wp-json\/wp\/v2\/types\/product"}],"version-history":[{"count":1,"href":"https:\/\/centrobebe.es\/en\/wp-json\/wp\/v2\/product\/36914\/revisions"}],"predecessor-version":[{"id":53237,"href":"https:\/\/centrobebe.es\/en\/wp-json\/wp\/v2\/product\/36914\/revisions\/53237"}],"wp:attachment":[{"href":"https:\/\/centrobebe.es\/en\/wp-json\/wp\/v2\/media?parent=36914"}],"wp:term":[{"taxonomy":"pwb-brand","embeddable":true,"href":"https:\/\/centrobebe.es\/en\/wp-json\/wp\/v2\/pwb-brand?post=36914"},{"taxonomy":"product_cat","embeddable":true,"href":"https:\/\/centrobebe.es\/en\/wp-json\/wp\/v2\/product_cat?post=36914"},{"taxonomy":"product_tag","embeddable":true,"href":"https:\/\/centrobebe.es\/en\/wp-json\/wp\/v2\/product_tag?post=36914"}],"curies":[{"name":"wp","href":"https:\/\/api.w.org\/{rel}","templated":true}]}}