{"id":4238,"date":"2018-05-18T14:51:03","date_gmt":"2018-05-18T14:51:03","guid":{"rendered":"http:\/\/s2.innovacor.es\/centrobebe.es\/?post_type=product&#038;p=4238"},"modified":"2024-10-22T18:26:58","modified_gmt":"2024-10-22T18:26:58","slug":"humidificador-jane-ultrasonic-aroma-color","status":"publish","type":"product","link":"https:\/\/centrobebe.es\/en\/shop\/centrobebe\/el-sueno\/humidificadores\/humidificador-jane-ultrasonic-aroma-color\/","title":{"rendered":"Humidificador Jane Ultrasonic Aroma Color Nature"},"content":{"rendered":"<h1>Humidificador Ultrasonico Jane Aroma Color Nature<\/h1>\n<p>El humidificador ultrasonico Jane, humidifica el ambiente para que tu beb\u00e9 pueda dormir c\u00f3modamente en un entorno fresco. Adem\u00e1s, \u00a1admite aromas!<\/p>\n<p>El humidificador Jane ultrasonic produce vapor a temperatura ambiente elevando la humedad relativa del aire sin aumentar la temperatura de la habitaci\u00f3n. Adem\u00e1s, es silencioso y de bajo consumo el\u00e9ctrico. Por un lado, incorpora un sensor de nivel m\u00ednimo de agua que desconecta el aparato autom\u00e1ticamente cuando el nivel del dep\u00f3sito es insuficiente. Por otro lado, dispone de luz de compa\u00f1\u00eda multicolor (cromo terapia).<\/p>\n<h2>Caracter\u00edsticas del Humidificador Ultrasonico Jane:<\/h2>\n<ul>\n<li id=\"a-slick-slide-control10\" class=\"productPage-technicalFeatures-list-item productPage-technicalFeatures-list-item--active\"><span class=\"productPage-technicalFeatures-list-item-text\">Apto para esencias.<\/span><\/li>\n<li id=\"a-slick-slide-control11\" class=\"productPage-technicalFeatures-list-item\"><span class=\"productPage-technicalFeatures-list-item-text\">Dispone de 2 velocidades de salida de vapor para adaptarlas a tus necesidades.<\/span><\/li>\n<li id=\"a-slick-slide-control12\" class=\"productPage-technicalFeatures-list-item\"><span class=\"productPage-technicalFeatures-list-item-text\">Velocidad lenta: 10 horas.<\/span><\/li>\n<li id=\"a-slick-slide-control13\" class=\"productPage-technicalFeatures-list-item\"><span class=\"productPage-technicalFeatures-list-item-text\">Velocidad r\u00e1pida: 7 horas.<\/span><\/li>\n<li id=\"a-slick-slide-control14\" class=\"productPage-technicalFeatures-list-item\"><span class=\"productPage-technicalFeatures-list-item-text\">20\u00ba &#8211; 25\u00ba<\/span><\/li>\n<li id=\"a-slick-slide-control15\" class=\"productPage-technicalFeatures-list-item\"><span class=\"productPage-technicalFeatures-list-item-text\">Tambi\u00e9n, dispone de luz de compa\u00f1\u00eda multicolor.<\/span><\/li>\n<li id=\"a-slick-slide-control16\" class=\"productPage-technicalFeatures-list-item\"><span class=\"productPage-technicalFeatures-list-item-text\">Salida vapor orientable.<\/span><\/li>\n<\/ul>\n<p>Para m\u00e1s informaci\u00f3n acerca del humidificador ultrasonico, puedes contactar con nuestro equipo de Centrobeb\u00e9. \u00a1Estaremos encantados de atenderte! Descubre la variedad de <a href=\"https:\/\/centrobebe.es\/en\/product-category\/centrobebe\/el-sueno\/humidificadores\/\">humidificadores<\/a> que tenemos disponible para t\u00ed y para tu beb\u00e9 en el cat\u00e1logo de Centrobeb\u00e9.<\/p>\n<p>Adem\u00e1s, para m\u00e1s informaci\u00f3n acerca del humidificador o sus especificaciones t\u00e9cnicas, tambi\u00e9n puede consultar la\u00a0<strong><a href=\"https:\/\/janeworld.com\/electronica\/moon-ion\/?attribute_pa_color=50195\">web del fabricante.<\/a><\/strong><\/p>\n<p><strong>\u00a1Humidificadores en Centrobeb\u00e9 al mejor precio! Compra tu humidificador, y disfruta del ambiente.<\/strong><\/p>","protected":false},"excerpt":{"rendered":"<p>Humidifica el ambiente para que tu beb\u00e9 pueda dormir c\u00f3modamente en un entorno fresco.<\/p>\n<p>\u00a1Humidificador Jan\u00e9 Ultras\u00f3nico al mejor precio!<\/p>\n<p>Fin\u00e1ncialo en c\u00f3modos plazos.<\/p>","protected":false},"featured_media":52523,"template":"","meta":[],"pwb-brand":[385],"product_cat":[169],"product_tag":[184],"class_list":{"0":"post-4238","1":"product","2":"type-product","3":"status-publish","4":"has-post-thumbnail","6":"pwb-brand-jane","7":"product_cat-humidificadores","8":"product_tag-jane","9":"tm-no-options","11":"first","12":"instock","13":"taxable","14":"shipping-taxable","15":"purchasable","16":"product-type-simple"},"yoast_head":"<!-- This site is optimized with the Yoast SEO plugin v26.9 - https:\/\/yoast.com\/product\/yoast-seo-wordpress\/ -->\n<title>Humidificador Ultrasonico Jane Aroma Color Nature - Centrobeb\u00e9<\/title>\n<meta name=\"description\" content=\"Humidificador Ultrasonico Jane. Humidifica el ambiente para que tu beb\u00e9 pueda dormir c\u00f3modamente en un entorno fresco. \u00a1C\u00f3mpralo online y fin\u00e1ncialo!\" \/>\n<meta name=\"robots\" content=\"index, follow, max-snippet:-1, max-image-preview:large, max-video-preview:-1\" \/>\n<link rel=\"canonical\" href=\"https:\/\/centrobebe.es\/en\/shop\/centrobebe\/el-sueno\/humidificadores\/humidificador-jane-ultrasonic-aroma-color\/\" \/>\n<meta property=\"og:locale\" content=\"en_GB\" \/>\n<meta property=\"og:type\" content=\"article\" \/>\n<meta property=\"og:title\" content=\"Humidificador Ultrasonico Jane Aroma Color Nature - Centrobeb\u00e9\" \/>\n<meta property=\"og:description\" content=\"Humidificador Ultrasonico Jane. Humidifica el ambiente para que tu beb\u00e9 pueda dormir c\u00f3modamente en un entorno fresco. \u00a1C\u00f3mpralo online y fin\u00e1ncialo!\" \/>\n<meta property=\"og:url\" content=\"https:\/\/centrobebe.es\/en\/shop\/centrobebe\/el-sueno\/humidificadores\/humidificador-jane-ultrasonic-aroma-color\/\" \/>\n<meta property=\"og:site_name\" content=\"Centrobeb\u00e9\" \/>\n<meta property=\"article:publisher\" content=\"https:\/\/www.facebook.com\/centrobebe\/\" \/>\n<meta property=\"article:modified_time\" content=\"2024-10-22T18:26:58+00:00\" \/>\n<meta property=\"og:image\" content=\"https:\/\/centrobebe.es\/wp-content\/uploads\/2018\/05\/humidificador-moon-nature-jane.jpg\" \/>\n\t<meta property=\"og:image:width\" content=\"800\" \/>\n\t<meta property=\"og:image:height\" content=\"800\" \/>\n\t<meta property=\"og:image:type\" content=\"image\/jpeg\" \/>\n<meta name=\"twitter:card\" content=\"summary_large_image\" \/>\n<meta name=\"twitter:site\" content=\"@centrobebe\" \/>\n<meta name=\"twitter:label1\" content=\"Estimated reading time\" \/>\n\t<meta name=\"twitter:data1\" content=\"2 minutes\" \/>\n<script type=\"application\/ld+json\" class=\"yoast-schema-graph\">{\"@context\":\"https:\/\/schema.org\",\"@graph\":[{\"@type\":\"WebPage\",\"@id\":\"https:\/\/centrobebe.es\/shop\/centrobebe\/el-sueno\/humidificadores\/humidificador-jane-ultrasonic-aroma-color\/\",\"url\":\"https:\/\/centrobebe.es\/shop\/centrobebe\/el-sueno\/humidificadores\/humidificador-jane-ultrasonic-aroma-color\/\",\"name\":\"Humidificador Ultrasonico Jane Aroma Color Nature - Centrobeb\u00e9\",\"isPartOf\":{\"@id\":\"https:\/\/centrobebe.es\/#website\"},\"primaryImageOfPage\":{\"@id\":\"https:\/\/centrobebe.es\/shop\/centrobebe\/el-sueno\/humidificadores\/humidificador-jane-ultrasonic-aroma-color\/#primaryimage\"},\"image\":{\"@id\":\"https:\/\/centrobebe.es\/shop\/centrobebe\/el-sueno\/humidificadores\/humidificador-jane-ultrasonic-aroma-color\/#primaryimage\"},\"thumbnailUrl\":\"https:\/\/centrobebe.es\/wp-content\/uploads\/2018\/05\/humidificador-moon-nature-jane.jpg\",\"datePublished\":\"2018-05-18T14:51:03+00:00\",\"dateModified\":\"2024-10-22T18:26:58+00:00\",\"description\":\"Humidificador Ultrasonico Jane. Humidifica el ambiente para que tu beb\u00e9 pueda dormir c\u00f3modamente en un entorno fresco. \u00a1C\u00f3mpralo online y fin\u00e1ncialo!\",\"breadcrumb\":{\"@id\":\"https:\/\/centrobebe.es\/shop\/centrobebe\/el-sueno\/humidificadores\/humidificador-jane-ultrasonic-aroma-color\/#breadcrumb\"},\"inLanguage\":\"en-GB\",\"potentialAction\":[{\"@type\":\"ReadAction\",\"target\":[\"https:\/\/centrobebe.es\/shop\/centrobebe\/el-sueno\/humidificadores\/humidificador-jane-ultrasonic-aroma-color\/\"]}]},{\"@type\":\"ImageObject\",\"inLanguage\":\"en-GB\",\"@id\":\"https:\/\/centrobebe.es\/shop\/centrobebe\/el-sueno\/humidificadores\/humidificador-jane-ultrasonic-aroma-color\/#primaryimage\",\"url\":\"https:\/\/centrobebe.es\/wp-content\/uploads\/2018\/05\/humidificador-moon-nature-jane.jpg\",\"contentUrl\":\"https:\/\/centrobebe.es\/wp-content\/uploads\/2018\/05\/humidificador-moon-nature-jane.jpg\",\"width\":800,\"height\":800,\"caption\":\"humidificador jane\"},{\"@type\":\"BreadcrumbList\",\"@id\":\"https:\/\/centrobebe.es\/shop\/centrobebe\/el-sueno\/humidificadores\/humidificador-jane-ultrasonic-aroma-color\/#breadcrumb\",\"itemListElement\":[{\"@type\":\"ListItem\",\"position\":1,\"name\":\"Portada\",\"item\":\"https:\/\/centrobebe.es\/\"},{\"@type\":\"ListItem\",\"position\":2,\"name\":\"Shop\",\"item\":\"https:\/\/centrobebe.es\/shop\/\"},{\"@type\":\"ListItem\",\"position\":3,\"name\":\"Humidificador Jane Ultrasonic Aroma Color Nature\"}]},{\"@type\":\"WebSite\",\"@id\":\"https:\/\/centrobebe.es\/#website\",\"url\":\"https:\/\/centrobebe.es\/\",\"name\":\"Centrobeb\u00e9\",\"description\":\"Tienda de bebe online | Todo lo que tu bebe necesita\",\"publisher\":{\"@id\":\"https:\/\/centrobebe.es\/#organization\"},\"alternateName\":\"Centrobeb\u00e9\",\"potentialAction\":[{\"@type\":\"SearchAction\",\"target\":{\"@type\":\"EntryPoint\",\"urlTemplate\":\"https:\/\/centrobebe.es\/?s={search_term_string}\"},\"query-input\":{\"@type\":\"PropertyValueSpecification\",\"valueRequired\":true,\"valueName\":\"search_term_string\"}}],\"inLanguage\":\"en-GB\"},{\"@type\":\"Organization\",\"@id\":\"https:\/\/centrobebe.es\/#organization\",\"name\":\"Centrobebe\",\"alternateName\":\"Centrobebe\",\"url\":\"https:\/\/centrobebe.es\/\",\"logo\":{\"@type\":\"ImageObject\",\"inLanguage\":\"en-GB\",\"@id\":\"https:\/\/centrobebe.es\/#\/schema\/logo\/image\/\",\"url\":\"https:\/\/centrobebe.es\/wp-content\/uploads\/2018\/06\/icono3-e1557940133982.png\",\"contentUrl\":\"https:\/\/centrobebe.es\/wp-content\/uploads\/2018\/06\/icono3-e1557940133982.png\",\"width\":34,\"height\":29,\"caption\":\"Centrobebe\"},\"image\":{\"@id\":\"https:\/\/centrobebe.es\/#\/schema\/logo\/image\/\"},\"sameAs\":[\"https:\/\/www.facebook.com\/centrobebe\/\",\"https:\/\/x.com\/centrobebe\",\"https:\/\/www.instagram.com\/centrobebe.es\/\",\"https:\/\/www.youtube.com\/channel\/UCVU-jcFuwntnxOhxvSbf3hg\"]}]}<\/script>\n<!-- \/ Yoast SEO plugin. -->","yoast_head_json":{"title":"Humidificador Ultrasonico Jane Aroma Color Nature - Centrobeb\u00e9","description":"Humidificador Ultrasonico Jane. Humidifica el ambiente para que tu beb\u00e9 pueda dormir c\u00f3modamente en un entorno fresco. \u00a1C\u00f3mpralo online y fin\u00e1ncialo!","robots":{"index":"index","follow":"follow","max-snippet":"max-snippet:-1","max-image-preview":"max-image-preview:large","max-video-preview":"max-video-preview:-1"},"canonical":"https:\/\/centrobebe.es\/en\/shop\/centrobebe\/el-sueno\/humidificadores\/humidificador-jane-ultrasonic-aroma-color\/","og_locale":"en_GB","og_type":"article","og_title":"Humidificador Ultrasonico Jane Aroma Color Nature - Centrobeb\u00e9","og_description":"Humidificador Ultrasonico Jane. Humidifica el ambiente para que tu beb\u00e9 pueda dormir c\u00f3modamente en un entorno fresco. \u00a1C\u00f3mpralo online y fin\u00e1ncialo!","og_url":"https:\/\/centrobebe.es\/en\/shop\/centrobebe\/el-sueno\/humidificadores\/humidificador-jane-ultrasonic-aroma-color\/","og_site_name":"Centrobeb\u00e9","article_publisher":"https:\/\/www.facebook.com\/centrobebe\/","article_modified_time":"2024-10-22T18:26:58+00:00","og_image":[{"width":800,"height":800,"url":"https:\/\/centrobebe.es\/wp-content\/uploads\/2018\/05\/humidificador-moon-nature-jane.jpg","type":"image\/jpeg"}],"twitter_card":"summary_large_image","twitter_site":"@centrobebe","twitter_misc":{"Estimated reading time":"2 minutes"},"schema":{"@context":"https:\/\/schema.org","@graph":[{"@type":"WebPage","@id":"https:\/\/centrobebe.es\/shop\/centrobebe\/el-sueno\/humidificadores\/humidificador-jane-ultrasonic-aroma-color\/","url":"https:\/\/centrobebe.es\/shop\/centrobebe\/el-sueno\/humidificadores\/humidificador-jane-ultrasonic-aroma-color\/","name":"Humidificador Ultrasonico Jane Aroma Color Nature - Centrobeb\u00e9","isPartOf":{"@id":"https:\/\/centrobebe.es\/#website"},"primaryImageOfPage":{"@id":"https:\/\/centrobebe.es\/shop\/centrobebe\/el-sueno\/humidificadores\/humidificador-jane-ultrasonic-aroma-color\/#primaryimage"},"image":{"@id":"https:\/\/centrobebe.es\/shop\/centrobebe\/el-sueno\/humidificadores\/humidificador-jane-ultrasonic-aroma-color\/#primaryimage"},"thumbnailUrl":"https:\/\/centrobebe.es\/wp-content\/uploads\/2018\/05\/humidificador-moon-nature-jane.jpg","datePublished":"2018-05-18T14:51:03+00:00","dateModified":"2024-10-22T18:26:58+00:00","description":"Humidificador Ultrasonico Jane. Humidifica el ambiente para que tu beb\u00e9 pueda dormir c\u00f3modamente en un entorno fresco. \u00a1C\u00f3mpralo online y fin\u00e1ncialo!","breadcrumb":{"@id":"https:\/\/centrobebe.es\/shop\/centrobebe\/el-sueno\/humidificadores\/humidificador-jane-ultrasonic-aroma-color\/#breadcrumb"},"inLanguage":"en-GB","potentialAction":[{"@type":"ReadAction","target":["https:\/\/centrobebe.es\/shop\/centrobebe\/el-sueno\/humidificadores\/humidificador-jane-ultrasonic-aroma-color\/"]}]},{"@type":"ImageObject","inLanguage":"en-GB","@id":"https:\/\/centrobebe.es\/shop\/centrobebe\/el-sueno\/humidificadores\/humidificador-jane-ultrasonic-aroma-color\/#primaryimage","url":"https:\/\/centrobebe.es\/wp-content\/uploads\/2018\/05\/humidificador-moon-nature-jane.jpg","contentUrl":"https:\/\/centrobebe.es\/wp-content\/uploads\/2018\/05\/humidificador-moon-nature-jane.jpg","width":800,"height":800,"caption":"humidificador jane"},{"@type":"BreadcrumbList","@id":"https:\/\/centrobebe.es\/shop\/centrobebe\/el-sueno\/humidificadores\/humidificador-jane-ultrasonic-aroma-color\/#breadcrumb","itemListElement":[{"@type":"ListItem","position":1,"name":"Portada","item":"https:\/\/centrobebe.es\/"},{"@type":"ListItem","position":2,"name":"Shop","item":"https:\/\/centrobebe.es\/shop\/"},{"@type":"ListItem","position":3,"name":"Humidificador Jane Ultrasonic Aroma Color Nature"}]},{"@type":"WebSite","@id":"https:\/\/centrobebe.es\/#website","url":"https:\/\/centrobebe.es\/","name":"Centrobeb\u00e9","description":"Tienda de bebe online | Todo lo que tu bebe necesita","publisher":{"@id":"https:\/\/centrobebe.es\/#organization"},"alternateName":"Centrobeb\u00e9","potentialAction":[{"@type":"SearchAction","target":{"@type":"EntryPoint","urlTemplate":"https:\/\/centrobebe.es\/?s={search_term_string}"},"query-input":{"@type":"PropertyValueSpecification","valueRequired":true,"valueName":"search_term_string"}}],"inLanguage":"en-GB"},{"@type":"Organization","@id":"https:\/\/centrobebe.es\/#organization","name":"Centrobebe","alternateName":"Centrobebe","url":"https:\/\/centrobebe.es\/","logo":{"@type":"ImageObject","inLanguage":"en-GB","@id":"https:\/\/centrobebe.es\/#\/schema\/logo\/image\/","url":"https:\/\/centrobebe.es\/wp-content\/uploads\/2018\/06\/icono3-e1557940133982.png","contentUrl":"https:\/\/centrobebe.es\/wp-content\/uploads\/2018\/06\/icono3-e1557940133982.png","width":34,"height":29,"caption":"Centrobebe"},"image":{"@id":"https:\/\/centrobebe.es\/#\/schema\/logo\/image\/"},"sameAs":["https:\/\/www.facebook.com\/centrobebe\/","https:\/\/x.com\/centrobebe","https:\/\/www.instagram.com\/centrobebe.es\/","https:\/\/www.youtube.com\/channel\/UCVU-jcFuwntnxOhxvSbf3hg"]}]}},"brands":[{"id":385,"name":"Jane","slug":"jane"}],"_links":{"self":[{"href":"https:\/\/centrobebe.es\/en\/wp-json\/wp\/v2\/product\/4238","targetHints":{"allow":["GET"]}}],"collection":[{"href":"https:\/\/centrobebe.es\/en\/wp-json\/wp\/v2\/product"}],"about":[{"href":"https:\/\/centrobebe.es\/en\/wp-json\/wp\/v2\/types\/product"}],"version-history":[{"count":1,"href":"https:\/\/centrobebe.es\/en\/wp-json\/wp\/v2\/product\/4238\/revisions"}],"predecessor-version":[{"id":52525,"href":"https:\/\/centrobebe.es\/en\/wp-json\/wp\/v2\/product\/4238\/revisions\/52525"}],"wp:featuredmedia":[{"embeddable":true,"href":"https:\/\/centrobebe.es\/en\/wp-json\/wp\/v2\/media\/52523"}],"wp:attachment":[{"href":"https:\/\/centrobebe.es\/en\/wp-json\/wp\/v2\/media?parent=4238"}],"wp:term":[{"taxonomy":"pwb-brand","embeddable":true,"href":"https:\/\/centrobebe.es\/en\/wp-json\/wp\/v2\/pwb-brand?post=4238"},{"taxonomy":"product_cat","embeddable":true,"href":"https:\/\/centrobebe.es\/en\/wp-json\/wp\/v2\/product_cat?post=4238"},{"taxonomy":"product_tag","embeddable":true,"href":"https:\/\/centrobebe.es\/en\/wp-json\/wp\/v2\/product_tag?post=4238"}],"curies":[{"name":"wp","href":"https:\/\/api.w.org\/{rel}","templated":true}]}}