{"id":42670,"date":"2022-08-12T10:39:11","date_gmt":"2022-08-12T10:39:11","guid":{"rendered":"https:\/\/centrobebe.es\/?post_type=product&#038;p=42670"},"modified":"2022-08-12T11:01:42","modified_gmt":"2022-08-12T11:01:42","slug":"colchon-de-cuna-lemur-kibo-57x117","status":"publish","type":"product","link":"https:\/\/centrobebe.es\/en\/shop\/centrobebe\/el-sueno\/colchones-cuna\/colchon-de-cuna-lemur-kibo-57x117\/","title":{"rendered":"Colch\u00f3n de Cuna L\u00e9mur Kibo 57X117"},"content":{"rendered":"<h1>Colch\u00f3n de Cuna L\u00e9mur Kibo 57X117<\/h1>\n<p>El\u00a0<strong>colch\u00f3n de cuna Kibo<\/strong>\u00a0es el m\u00e1s confortable y suave que puedes encontrar para tu beb\u00e9 gracias al tejido exterior de algod\u00f3n org\u00e1nico. Gracias a su sistema,\u00a0<strong>previene y recupera las plagiocefalia<\/strong>\u00a0posiciona o cabecita plana.<\/p>\n<h2>Colch\u00f3n de cuna Kibo: c\u00f3modo y previene la plagiocefalia<\/h2>\n<p>El colch\u00f3n de cuna Kibo es un\u00a0<strong>colch\u00f3n muy suave y c\u00f3modo<\/strong>\u00a0gracias al algod\u00f3n org\u00e1nico 100% con el que est\u00e1 elaborado. Se trata de un material transpirable, por lo que aunque el beb\u00e9 duerma boca abajo, podr\u00e1 respirar sin problemas. Con este tejido\u00a0<strong>tu beb\u00e9 dormir\u00e1 c\u00f3modamente toda la noche.\u00a0<\/strong><\/p>\n<p>El n\u00facleo Greencell\u00ae Pyramind mini<span class=\"Apple-converted-space\">\u00a0act\u00faa como un sistema patentado de peque\u00f1os amortiguadores que ayudan a que la cabecita del beb\u00e9 vaya cambiando de puntos de presi\u00f3n, de esta manera, evitamos que se le forme una planicie en su cabecita.\u00a0<\/span><\/p>\n<p>Tanto la funda del colch\u00f3n como el n\u00facleo del mismo, se puede lavar a m\u00e1quina con un lavado de prendas delicadas. Adem\u00e1s se trata de un\u00a0<strong>sistema de descanso 100% inocuo y libre de t\u00f3xicos<\/strong>. Con este sistema de descanso garantizamos un entorno completamente higi\u00e9nico.<\/p>\n<p>El colch\u00f3n de cuna Kibo tiene un grosor de 12 cm. Est\u00e1 fabricado para\u00a0<strong>soportar un peso de hasta 22 kg.\u00a0<\/strong>Peso que suelen alcanzar los ni\u00f1os durante el\u00a0<strong>quinto a\u00f1o de edad<\/strong>. A partir de ese peso, el colch\u00f3n de cuna va perdiendo sus propiedades. Cuando el beb\u00e9 llega a los 28 kg de peso, el material empieza a colapsarse y deja de ser un colch\u00f3n c\u00f3modo para el beb\u00e9.<\/p>\n<p>Nuestros colchones est\u00e1n elaborados con materiales regulados bajo los controles m\u00e1s estrictos que existen a nivel mundial en cuanto a composici\u00f3n y emisi\u00f3n de t\u00f3xicos por los organismos europeos como OEKOTEX\u00ae y CERTIPUR\u00ae.<br \/>\nCompuesto de materiales inocuos y libres de qu\u00edmicos. Estos materiales no da\u00f1an el medio ambiente, ni la capa de ozono y que garantizan la calidad del aire interior gracias a que emiten menos de 0.5 partes por mill\u00f3n de compuestos vol\u00e1tiles org\u00e1nicos.<\/p>\n<p>Los colchones L\u00e9mur se dise\u00f1an y fabrican en Espa\u00f1a, con materias primas 100% europeas que cumplen con la normativa de seguridad m\u00e1s estricta de su clase.<\/p>\n<p>Tanto la funda como el n\u00facleo del colch\u00f3n se pueden lavar a m\u00e1quina. Siempre con un programa de ropa delicada y dentro de una funda para prendas delicadas. El lavado tiene que ser a 30\u00baC, con jab\u00f3n neutro, sin suavizantes y con centrifugado fuerte. No secar al sol.<\/p>\n<h3>Colchones para comprar online al mejor precio<\/h3>\n<p>Si necesitas m\u00e1s informaci\u00f3n sobre el colch\u00f3n de cuna La Cig\u00fce\u00f1a no dudes en ponerte en contacto con nuestro equipo de profesionales. \u00a1Estaremos encantados de ayudarte!<\/p>\n<p>Compra online al mejor precio los colchones de cuna en nuestra tienda de beb\u00e9. \u00a1Descanso del beb\u00e9 y calidad asegurada!<\/p>\n<p>Descubre la variedad de productos sobre el <strong><a href=\"https:\/\/centrobebe.es\/en\/product-category\/centrobebe\/el-sueno\/\">descanso del beb\u00e9<\/a><\/strong> y accesorios para cunas en el cat\u00e1logo de Centrobeb\u00e9. Contamos con las mejores marcas del mercado.<\/p>","protected":false},"excerpt":{"rendered":"<p>El\u00a0<strong>colch\u00f3n de cuna Kibo<\/strong>\u00a0es el m\u00e1s confortable y suave que puedes encontrar para tu beb\u00e9 gracias al tejido exterior de algod\u00f3n org\u00e1nico. Gracias a su sistema,\u00a0<strong>previene y recupera las plagiocefalia<\/strong>\u00a0posiciona o cabecita plana.<\/p>\n<p>\u00a1Compra online al mejor precio el colch\u00f3n de cuna L\u00e9mur!<\/p>","protected":false},"featured_media":0,"template":"","meta":[],"pwb-brand":[641],"product_cat":[593],"product_tag":[],"class_list":{"0":"post-42670","1":"product","2":"type-product","3":"status-publish","5":"pwb-brand-lemur","6":"product_cat-colchones-cuna","7":"tm-no-options","9":"first","10":"instock","11":"taxable","12":"shipping-taxable","13":"purchasable","14":"product-type-simple"},"yoast_head":"<!-- This site is optimized with the Yoast SEO plugin v26.9 - https:\/\/yoast.com\/product\/yoast-seo-wordpress\/ -->\n<title>Colch\u00f3n de Cuna L\u00e9mur Kibo 57X117 - Online - Centrobeb\u00e9<\/title>\n<meta name=\"description\" content=\"Colch\u00f3n de cuna ayuda a evitar la plagiocefalia, evita alergias e irritaciones, previene problemas de pieles at\u00f3picas. \u00a1Compra online al mejor precio!\" \/>\n<meta name=\"robots\" content=\"index, follow, max-snippet:-1, max-image-preview:large, max-video-preview:-1\" \/>\n<link rel=\"canonical\" href=\"https:\/\/centrobebe.es\/en\/shop\/centrobebe\/el-sueno\/colchones-cuna\/colchon-de-cuna-lemur-kibo-57x117\/\" \/>\n<meta property=\"og:locale\" content=\"en_GB\" \/>\n<meta property=\"og:type\" content=\"article\" \/>\n<meta property=\"og:title\" content=\"Colch\u00f3n de Cuna L\u00e9mur Kibo 57X117 - Online - Centrobeb\u00e9\" \/>\n<meta property=\"og:description\" content=\"Colch\u00f3n de cuna ayuda a evitar la plagiocefalia, evita alergias e irritaciones, previene problemas de pieles at\u00f3picas. \u00a1Compra online al mejor precio!\" \/>\n<meta property=\"og:url\" content=\"https:\/\/centrobebe.es\/en\/shop\/centrobebe\/el-sueno\/colchones-cuna\/colchon-de-cuna-lemur-kibo-57x117\/\" \/>\n<meta property=\"og:site_name\" content=\"Centrobeb\u00e9\" \/>\n<meta property=\"article:publisher\" content=\"https:\/\/www.facebook.com\/centrobebe\/\" \/>\n<meta property=\"article:modified_time\" content=\"2022-08-12T11:01:42+00:00\" \/>\n<meta property=\"og:image\" content=\"https:\/\/centrobebe.es\/wp-content\/uploads\/COLCHON-LEMUR-KIBO-CUADRADA-Copiar.jpg\" \/>\n\t<meta property=\"og:image:width\" content=\"800\" \/>\n\t<meta property=\"og:image:height\" content=\"800\" \/>\n\t<meta property=\"og:image:type\" content=\"image\/jpeg\" \/>\n<meta name=\"twitter:card\" content=\"summary_large_image\" \/>\n<meta name=\"twitter:site\" content=\"@centrobebe\" \/>\n<meta name=\"twitter:label1\" content=\"Estimated reading time\" \/>\n\t<meta name=\"twitter:data1\" content=\"3 minutes\" \/>\n<script type=\"application\/ld+json\" class=\"yoast-schema-graph\">{\"@context\":\"https:\/\/schema.org\",\"@graph\":[{\"@type\":\"WebPage\",\"@id\":\"https:\/\/centrobebe.es\/shop\/centrobebe\/el-sueno\/colchones-cuna\/colchon-de-cuna-lemur-kibo-57x117\/\",\"url\":\"https:\/\/centrobebe.es\/shop\/centrobebe\/el-sueno\/colchones-cuna\/colchon-de-cuna-lemur-kibo-57x117\/\",\"name\":\"Colch\u00f3n de Cuna L\u00e9mur Kibo 57X117 - Online - Centrobeb\u00e9\",\"isPartOf\":{\"@id\":\"https:\/\/centrobebe.es\/#website\"},\"datePublished\":\"2022-08-12T10:39:11+00:00\",\"dateModified\":\"2022-08-12T11:01:42+00:00\",\"description\":\"Colch\u00f3n de cuna ayuda a evitar la plagiocefalia, evita alergias e irritaciones, previene problemas de pieles at\u00f3picas. \u00a1Compra online al mejor precio!\",\"breadcrumb\":{\"@id\":\"https:\/\/centrobebe.es\/shop\/centrobebe\/el-sueno\/colchones-cuna\/colchon-de-cuna-lemur-kibo-57x117\/#breadcrumb\"},\"inLanguage\":\"en-GB\",\"potentialAction\":[{\"@type\":\"ReadAction\",\"target\":[\"https:\/\/centrobebe.es\/shop\/centrobebe\/el-sueno\/colchones-cuna\/colchon-de-cuna-lemur-kibo-57x117\/\"]}]},{\"@type\":\"BreadcrumbList\",\"@id\":\"https:\/\/centrobebe.es\/shop\/centrobebe\/el-sueno\/colchones-cuna\/colchon-de-cuna-lemur-kibo-57x117\/#breadcrumb\",\"itemListElement\":[{\"@type\":\"ListItem\",\"position\":1,\"name\":\"Portada\",\"item\":\"https:\/\/centrobebe.es\/\"},{\"@type\":\"ListItem\",\"position\":2,\"name\":\"Shop\",\"item\":\"https:\/\/centrobebe.es\/shop\/\"},{\"@type\":\"ListItem\",\"position\":3,\"name\":\"Colch\u00f3n de Cuna L\u00e9mur Kibo 57X117\"}]},{\"@type\":\"WebSite\",\"@id\":\"https:\/\/centrobebe.es\/#website\",\"url\":\"https:\/\/centrobebe.es\/\",\"name\":\"Centrobeb\u00e9\",\"description\":\"Tienda de bebe online | Todo lo que tu bebe necesita\",\"publisher\":{\"@id\":\"https:\/\/centrobebe.es\/#organization\"},\"alternateName\":\"Centrobeb\u00e9\",\"potentialAction\":[{\"@type\":\"SearchAction\",\"target\":{\"@type\":\"EntryPoint\",\"urlTemplate\":\"https:\/\/centrobebe.es\/?s={search_term_string}\"},\"query-input\":{\"@type\":\"PropertyValueSpecification\",\"valueRequired\":true,\"valueName\":\"search_term_string\"}}],\"inLanguage\":\"en-GB\"},{\"@type\":\"Organization\",\"@id\":\"https:\/\/centrobebe.es\/#organization\",\"name\":\"Centrobebe\",\"alternateName\":\"Centrobebe\",\"url\":\"https:\/\/centrobebe.es\/\",\"logo\":{\"@type\":\"ImageObject\",\"inLanguage\":\"en-GB\",\"@id\":\"https:\/\/centrobebe.es\/#\/schema\/logo\/image\/\",\"url\":\"https:\/\/centrobebe.es\/wp-content\/uploads\/2018\/06\/icono3-e1557940133982.png\",\"contentUrl\":\"https:\/\/centrobebe.es\/wp-content\/uploads\/2018\/06\/icono3-e1557940133982.png\",\"width\":34,\"height\":29,\"caption\":\"Centrobebe\"},\"image\":{\"@id\":\"https:\/\/centrobebe.es\/#\/schema\/logo\/image\/\"},\"sameAs\":[\"https:\/\/www.facebook.com\/centrobebe\/\",\"https:\/\/x.com\/centrobebe\",\"https:\/\/www.instagram.com\/centrobebe.es\/\",\"https:\/\/www.youtube.com\/channel\/UCVU-jcFuwntnxOhxvSbf3hg\"]}]}<\/script>\n<!-- \/ Yoast SEO plugin. -->","yoast_head_json":{"title":"Colch\u00f3n de Cuna L\u00e9mur Kibo 57X117 - Online - Centrobeb\u00e9","description":"Colch\u00f3n de cuna ayuda a evitar la plagiocefalia, evita alergias e irritaciones, previene problemas de pieles at\u00f3picas. \u00a1Compra online al mejor precio!","robots":{"index":"index","follow":"follow","max-snippet":"max-snippet:-1","max-image-preview":"max-image-preview:large","max-video-preview":"max-video-preview:-1"},"canonical":"https:\/\/centrobebe.es\/en\/shop\/centrobebe\/el-sueno\/colchones-cuna\/colchon-de-cuna-lemur-kibo-57x117\/","og_locale":"en_GB","og_type":"article","og_title":"Colch\u00f3n de Cuna L\u00e9mur Kibo 57X117 - Online - Centrobeb\u00e9","og_description":"Colch\u00f3n de cuna ayuda a evitar la plagiocefalia, evita alergias e irritaciones, previene problemas de pieles at\u00f3picas. \u00a1Compra online al mejor precio!","og_url":"https:\/\/centrobebe.es\/en\/shop\/centrobebe\/el-sueno\/colchones-cuna\/colchon-de-cuna-lemur-kibo-57x117\/","og_site_name":"Centrobeb\u00e9","article_publisher":"https:\/\/www.facebook.com\/centrobebe\/","article_modified_time":"2022-08-12T11:01:42+00:00","og_image":[{"width":800,"height":800,"url":"https:\/\/centrobebe.es\/wp-content\/uploads\/COLCHON-LEMUR-KIBO-CUADRADA-Copiar.jpg","type":"image\/jpeg"}],"twitter_card":"summary_large_image","twitter_site":"@centrobebe","twitter_misc":{"Estimated reading time":"3 minutes"},"schema":{"@context":"https:\/\/schema.org","@graph":[{"@type":"WebPage","@id":"https:\/\/centrobebe.es\/shop\/centrobebe\/el-sueno\/colchones-cuna\/colchon-de-cuna-lemur-kibo-57x117\/","url":"https:\/\/centrobebe.es\/shop\/centrobebe\/el-sueno\/colchones-cuna\/colchon-de-cuna-lemur-kibo-57x117\/","name":"Colch\u00f3n de Cuna L\u00e9mur Kibo 57X117 - Online - Centrobeb\u00e9","isPartOf":{"@id":"https:\/\/centrobebe.es\/#website"},"datePublished":"2022-08-12T10:39:11+00:00","dateModified":"2022-08-12T11:01:42+00:00","description":"Colch\u00f3n de cuna ayuda a evitar la plagiocefalia, evita alergias e irritaciones, previene problemas de pieles at\u00f3picas. \u00a1Compra online al mejor precio!","breadcrumb":{"@id":"https:\/\/centrobebe.es\/shop\/centrobebe\/el-sueno\/colchones-cuna\/colchon-de-cuna-lemur-kibo-57x117\/#breadcrumb"},"inLanguage":"en-GB","potentialAction":[{"@type":"ReadAction","target":["https:\/\/centrobebe.es\/shop\/centrobebe\/el-sueno\/colchones-cuna\/colchon-de-cuna-lemur-kibo-57x117\/"]}]},{"@type":"BreadcrumbList","@id":"https:\/\/centrobebe.es\/shop\/centrobebe\/el-sueno\/colchones-cuna\/colchon-de-cuna-lemur-kibo-57x117\/#breadcrumb","itemListElement":[{"@type":"ListItem","position":1,"name":"Portada","item":"https:\/\/centrobebe.es\/"},{"@type":"ListItem","position":2,"name":"Shop","item":"https:\/\/centrobebe.es\/shop\/"},{"@type":"ListItem","position":3,"name":"Colch\u00f3n de Cuna L\u00e9mur Kibo 57X117"}]},{"@type":"WebSite","@id":"https:\/\/centrobebe.es\/#website","url":"https:\/\/centrobebe.es\/","name":"Centrobeb\u00e9","description":"Tienda de bebe online | Todo lo que tu bebe necesita","publisher":{"@id":"https:\/\/centrobebe.es\/#organization"},"alternateName":"Centrobeb\u00e9","potentialAction":[{"@type":"SearchAction","target":{"@type":"EntryPoint","urlTemplate":"https:\/\/centrobebe.es\/?s={search_term_string}"},"query-input":{"@type":"PropertyValueSpecification","valueRequired":true,"valueName":"search_term_string"}}],"inLanguage":"en-GB"},{"@type":"Organization","@id":"https:\/\/centrobebe.es\/#organization","name":"Centrobebe","alternateName":"Centrobebe","url":"https:\/\/centrobebe.es\/","logo":{"@type":"ImageObject","inLanguage":"en-GB","@id":"https:\/\/centrobebe.es\/#\/schema\/logo\/image\/","url":"https:\/\/centrobebe.es\/wp-content\/uploads\/2018\/06\/icono3-e1557940133982.png","contentUrl":"https:\/\/centrobebe.es\/wp-content\/uploads\/2018\/06\/icono3-e1557940133982.png","width":34,"height":29,"caption":"Centrobebe"},"image":{"@id":"https:\/\/centrobebe.es\/#\/schema\/logo\/image\/"},"sameAs":["https:\/\/www.facebook.com\/centrobebe\/","https:\/\/x.com\/centrobebe","https:\/\/www.instagram.com\/centrobebe.es\/","https:\/\/www.youtube.com\/channel\/UCVU-jcFuwntnxOhxvSbf3hg"]}]}},"brands":[{"id":641,"name":"L\u00e9mur","slug":"lemur"}],"_links":{"self":[{"href":"https:\/\/centrobebe.es\/en\/wp-json\/wp\/v2\/product\/42670","targetHints":{"allow":["GET"]}}],"collection":[{"href":"https:\/\/centrobebe.es\/en\/wp-json\/wp\/v2\/product"}],"about":[{"href":"https:\/\/centrobebe.es\/en\/wp-json\/wp\/v2\/types\/product"}],"version-history":[{"count":0,"href":"https:\/\/centrobebe.es\/en\/wp-json\/wp\/v2\/product\/42670\/revisions"}],"wp:attachment":[{"href":"https:\/\/centrobebe.es\/en\/wp-json\/wp\/v2\/media?parent=42670"}],"wp:term":[{"taxonomy":"pwb-brand","embeddable":true,"href":"https:\/\/centrobebe.es\/en\/wp-json\/wp\/v2\/pwb-brand?post=42670"},{"taxonomy":"product_cat","embeddable":true,"href":"https:\/\/centrobebe.es\/en\/wp-json\/wp\/v2\/product_cat?post=42670"},{"taxonomy":"product_tag","embeddable":true,"href":"https:\/\/centrobebe.es\/en\/wp-json\/wp\/v2\/product_tag?post=42670"}],"curies":[{"name":"wp","href":"https:\/\/api.w.org\/{rel}","templated":true}]}}