{"id":4298,"date":"2018-05-18T16:25:44","date_gmt":"2018-05-18T16:25:44","guid":{"rendered":"http:\/\/s2.innovacor.es\/centrobebe.es\/?post_type=product&#038;p=4298"},"modified":"2020-08-14T05:07:49","modified_gmt":"2020-08-14T05:07:49","slug":"silla-juguete-la-nina-limited-60x47x69h-cm","status":"publish","type":"product","link":"https:\/\/centrobebe.es\/en\/shop\/centrobebe\/el-juego\/cochecitos-juguete\/silla-juguete-la-nina-limited-60x47x69h-cm\/","title":{"rendered":"Silla Juguete La Nina Limited (60x47x69H cm)"},"content":{"rendered":"<h2 class=\"product-name\">Descripci\u00f3n silla cl\u00e1sica azul marino<\/h2>\n<p>La silla cl\u00e1sica azul marino de La Nina es ideal para que los peques puedan sacar a pasear sus mu\u00f1ecos favoritos. Cuenta con unas grandes y resistentes ruedas que le van a permitir ir a todos sitios. Tiene unos acabados muy monos y una estructura muy resistente para soportar largos paseos. La tela utilizada es acolchada e ideal para que los mu\u00f1equitos de tus peques est\u00e9n m\u00e1s c\u00f3modas en su paseo. Adem\u00e1s, esta silla incluye una bolsa de paseo y una bandeja en la parte inferior, \u00a1as\u00ed va a ser imposible dejarse nada en casa!<br \/>\nIdeal para promover el juego simb\u00f3lico y la imaginaci\u00f3n.<br \/>\nEdad: A partir de 4 a\u00f1os<\/p>\n<p><strong>Caracter\u00edsticas:<\/strong><br \/>\n&#8211; Combina tela azul marino con tela acolchada rosa.<br \/>\n&#8211; Incluye la bolsa para llevar todos los accesorios de la mu\u00f1eca.<br \/>\n&#8211; Plegable, ocupa poco espacio y es f\u00e1cil de montar.<br \/>\n&#8211; Acabados de calidad y estructura s\u00f3lida y estable.<\/p>\n<p>&nbsp;<\/p>\n<p>&nbsp;<\/p>","protected":false},"excerpt":{"rendered":"<p>Sillita individual en azul marino<\/p>","protected":false},"featured_media":0,"template":"","meta":[],"pwb-brand":[402],"product_cat":[163],"product_tag":[306],"class_list":{"0":"post-4298","1":"product","2":"type-product","3":"status-publish","5":"pwb-brand-centrobebe","6":"product_cat-cochecitos-juguete","7":"product_tag-la-nina","8":"tm-no-options","10":"first","11":"instock","12":"taxable","13":"shipping-taxable","14":"purchasable","15":"product-type-simple"},"yoast_head":"<!-- This site is optimized with the Yoast SEO plugin v26.9 - https:\/\/yoast.com\/product\/yoast-seo-wordpress\/ -->\n<title>Silla Juguete La Nina Limited (60x47x69H cm) - Centrobeb\u00e9<\/title>\n<meta name=\"description\" content=\"AHORA FINANCIALO FACILMENTE\" \/>\n<meta name=\"robots\" content=\"index, follow, max-snippet:-1, max-image-preview:large, max-video-preview:-1\" \/>\n<link rel=\"canonical\" href=\"https:\/\/centrobebe.es\/en\/shop\/centrobebe\/el-juego\/cochecitos-juguete\/silla-juguete-la-nina-limited-60x47x69h-cm\/\" \/>\n<meta property=\"og:locale\" content=\"en_GB\" \/>\n<meta property=\"og:type\" content=\"article\" \/>\n<meta property=\"og:title\" content=\"Silla Juguete La Nina Limited (60x47x69H cm) - Centrobeb\u00e9\" \/>\n<meta property=\"og:description\" content=\"AHORA FINANCIALO FACILMENTE\" \/>\n<meta property=\"og:url\" content=\"https:\/\/centrobebe.es\/en\/shop\/centrobebe\/el-juego\/cochecitos-juguete\/silla-juguete-la-nina-limited-60x47x69h-cm\/\" \/>\n<meta property=\"og:site_name\" content=\"Centrobeb\u00e9\" \/>\n<meta property=\"article:publisher\" content=\"https:\/\/www.facebook.com\/centrobebe\/\" \/>\n<meta property=\"article:modified_time\" content=\"2020-08-14T05:07:49+00:00\" \/>\n<meta property=\"og:image\" content=\"https:\/\/centrobebe.es\/wp-content\/uploads\/2018\/05\/898_64896.jpg\" \/>\n\t<meta property=\"og:image:width\" content=\"210\" \/>\n\t<meta property=\"og:image:height\" content=\"210\" \/>\n\t<meta property=\"og:image:type\" content=\"image\/jpeg\" \/>\n<meta name=\"twitter:card\" content=\"summary_large_image\" \/>\n<meta name=\"twitter:site\" content=\"@centrobebe\" \/>\n<meta name=\"twitter:label1\" content=\"Estimated reading time\" \/>\n\t<meta name=\"twitter:data1\" content=\"1 minute\" \/>\n<script type=\"application\/ld+json\" class=\"yoast-schema-graph\">{\"@context\":\"https:\/\/schema.org\",\"@graph\":[{\"@type\":\"WebPage\",\"@id\":\"https:\/\/centrobebe.es\/shop\/centrobebe\/el-juego\/cochecitos-juguete\/silla-juguete-la-nina-limited-60x47x69h-cm\/\",\"url\":\"https:\/\/centrobebe.es\/shop\/centrobebe\/el-juego\/cochecitos-juguete\/silla-juguete-la-nina-limited-60x47x69h-cm\/\",\"name\":\"Silla Juguete La Nina Limited (60x47x69H cm) - Centrobeb\u00e9\",\"isPartOf\":{\"@id\":\"https:\/\/centrobebe.es\/#website\"},\"datePublished\":\"2018-05-18T16:25:44+00:00\",\"dateModified\":\"2020-08-14T05:07:49+00:00\",\"description\":\"AHORA FINANCIALO FACILMENTE\",\"breadcrumb\":{\"@id\":\"https:\/\/centrobebe.es\/shop\/centrobebe\/el-juego\/cochecitos-juguete\/silla-juguete-la-nina-limited-60x47x69h-cm\/#breadcrumb\"},\"inLanguage\":\"en-GB\",\"potentialAction\":[{\"@type\":\"ReadAction\",\"target\":[\"https:\/\/centrobebe.es\/shop\/centrobebe\/el-juego\/cochecitos-juguete\/silla-juguete-la-nina-limited-60x47x69h-cm\/\"]}]},{\"@type\":\"BreadcrumbList\",\"@id\":\"https:\/\/centrobebe.es\/shop\/centrobebe\/el-juego\/cochecitos-juguete\/silla-juguete-la-nina-limited-60x47x69h-cm\/#breadcrumb\",\"itemListElement\":[{\"@type\":\"ListItem\",\"position\":1,\"name\":\"Portada\",\"item\":\"https:\/\/centrobebe.es\/\"},{\"@type\":\"ListItem\",\"position\":2,\"name\":\"Shop\",\"item\":\"https:\/\/centrobebe.es\/shop\/\"},{\"@type\":\"ListItem\",\"position\":3,\"name\":\"Silla Juguete La Nina Limited (60x47x69H cm)\"}]},{\"@type\":\"WebSite\",\"@id\":\"https:\/\/centrobebe.es\/#website\",\"url\":\"https:\/\/centrobebe.es\/\",\"name\":\"Centrobeb\u00e9\",\"description\":\"Tienda de bebe online | Todo lo que tu bebe necesita\",\"publisher\":{\"@id\":\"https:\/\/centrobebe.es\/#organization\"},\"alternateName\":\"Centrobeb\u00e9\",\"potentialAction\":[{\"@type\":\"SearchAction\",\"target\":{\"@type\":\"EntryPoint\",\"urlTemplate\":\"https:\/\/centrobebe.es\/?s={search_term_string}\"},\"query-input\":{\"@type\":\"PropertyValueSpecification\",\"valueRequired\":true,\"valueName\":\"search_term_string\"}}],\"inLanguage\":\"en-GB\"},{\"@type\":\"Organization\",\"@id\":\"https:\/\/centrobebe.es\/#organization\",\"name\":\"Centrobebe\",\"alternateName\":\"Centrobebe\",\"url\":\"https:\/\/centrobebe.es\/\",\"logo\":{\"@type\":\"ImageObject\",\"inLanguage\":\"en-GB\",\"@id\":\"https:\/\/centrobebe.es\/#\/schema\/logo\/image\/\",\"url\":\"https:\/\/centrobebe.es\/wp-content\/uploads\/2018\/06\/icono3-e1557940133982.png\",\"contentUrl\":\"https:\/\/centrobebe.es\/wp-content\/uploads\/2018\/06\/icono3-e1557940133982.png\",\"width\":34,\"height\":29,\"caption\":\"Centrobebe\"},\"image\":{\"@id\":\"https:\/\/centrobebe.es\/#\/schema\/logo\/image\/\"},\"sameAs\":[\"https:\/\/www.facebook.com\/centrobebe\/\",\"https:\/\/x.com\/centrobebe\",\"https:\/\/www.instagram.com\/centrobebe.es\/\",\"https:\/\/www.youtube.com\/channel\/UCVU-jcFuwntnxOhxvSbf3hg\"]}]}<\/script>\n<!-- \/ Yoast SEO plugin. -->","yoast_head_json":{"title":"Silla Juguete La Nina Limited (60x47x69H cm) - Centrobeb\u00e9","description":"AHORA FINANCIALO FACILMENTE","robots":{"index":"index","follow":"follow","max-snippet":"max-snippet:-1","max-image-preview":"max-image-preview:large","max-video-preview":"max-video-preview:-1"},"canonical":"https:\/\/centrobebe.es\/en\/shop\/centrobebe\/el-juego\/cochecitos-juguete\/silla-juguete-la-nina-limited-60x47x69h-cm\/","og_locale":"en_GB","og_type":"article","og_title":"Silla Juguete La Nina Limited (60x47x69H cm) - Centrobeb\u00e9","og_description":"AHORA FINANCIALO FACILMENTE","og_url":"https:\/\/centrobebe.es\/en\/shop\/centrobebe\/el-juego\/cochecitos-juguete\/silla-juguete-la-nina-limited-60x47x69h-cm\/","og_site_name":"Centrobeb\u00e9","article_publisher":"https:\/\/www.facebook.com\/centrobebe\/","article_modified_time":"2020-08-14T05:07:49+00:00","og_image":[{"width":210,"height":210,"url":"https:\/\/centrobebe.es\/wp-content\/uploads\/2018\/05\/898_64896.jpg","type":"image\/jpeg"}],"twitter_card":"summary_large_image","twitter_site":"@centrobebe","twitter_misc":{"Estimated reading time":"1 minute"},"schema":{"@context":"https:\/\/schema.org","@graph":[{"@type":"WebPage","@id":"https:\/\/centrobebe.es\/shop\/centrobebe\/el-juego\/cochecitos-juguete\/silla-juguete-la-nina-limited-60x47x69h-cm\/","url":"https:\/\/centrobebe.es\/shop\/centrobebe\/el-juego\/cochecitos-juguete\/silla-juguete-la-nina-limited-60x47x69h-cm\/","name":"Silla Juguete La Nina Limited (60x47x69H cm) - Centrobeb\u00e9","isPartOf":{"@id":"https:\/\/centrobebe.es\/#website"},"datePublished":"2018-05-18T16:25:44+00:00","dateModified":"2020-08-14T05:07:49+00:00","description":"AHORA FINANCIALO FACILMENTE","breadcrumb":{"@id":"https:\/\/centrobebe.es\/shop\/centrobebe\/el-juego\/cochecitos-juguete\/silla-juguete-la-nina-limited-60x47x69h-cm\/#breadcrumb"},"inLanguage":"en-GB","potentialAction":[{"@type":"ReadAction","target":["https:\/\/centrobebe.es\/shop\/centrobebe\/el-juego\/cochecitos-juguete\/silla-juguete-la-nina-limited-60x47x69h-cm\/"]}]},{"@type":"BreadcrumbList","@id":"https:\/\/centrobebe.es\/shop\/centrobebe\/el-juego\/cochecitos-juguete\/silla-juguete-la-nina-limited-60x47x69h-cm\/#breadcrumb","itemListElement":[{"@type":"ListItem","position":1,"name":"Portada","item":"https:\/\/centrobebe.es\/"},{"@type":"ListItem","position":2,"name":"Shop","item":"https:\/\/centrobebe.es\/shop\/"},{"@type":"ListItem","position":3,"name":"Silla Juguete La Nina Limited (60x47x69H cm)"}]},{"@type":"WebSite","@id":"https:\/\/centrobebe.es\/#website","url":"https:\/\/centrobebe.es\/","name":"Centrobeb\u00e9","description":"Tienda de bebe online | Todo lo que tu bebe necesita","publisher":{"@id":"https:\/\/centrobebe.es\/#organization"},"alternateName":"Centrobeb\u00e9","potentialAction":[{"@type":"SearchAction","target":{"@type":"EntryPoint","urlTemplate":"https:\/\/centrobebe.es\/?s={search_term_string}"},"query-input":{"@type":"PropertyValueSpecification","valueRequired":true,"valueName":"search_term_string"}}],"inLanguage":"en-GB"},{"@type":"Organization","@id":"https:\/\/centrobebe.es\/#organization","name":"Centrobebe","alternateName":"Centrobebe","url":"https:\/\/centrobebe.es\/","logo":{"@type":"ImageObject","inLanguage":"en-GB","@id":"https:\/\/centrobebe.es\/#\/schema\/logo\/image\/","url":"https:\/\/centrobebe.es\/wp-content\/uploads\/2018\/06\/icono3-e1557940133982.png","contentUrl":"https:\/\/centrobebe.es\/wp-content\/uploads\/2018\/06\/icono3-e1557940133982.png","width":34,"height":29,"caption":"Centrobebe"},"image":{"@id":"https:\/\/centrobebe.es\/#\/schema\/logo\/image\/"},"sameAs":["https:\/\/www.facebook.com\/centrobebe\/","https:\/\/x.com\/centrobebe","https:\/\/www.instagram.com\/centrobebe.es\/","https:\/\/www.youtube.com\/channel\/UCVU-jcFuwntnxOhxvSbf3hg"]}]}},"brands":[{"id":402,"name":"Centrobebe","slug":"centrobebe"}],"_links":{"self":[{"href":"https:\/\/centrobebe.es\/en\/wp-json\/wp\/v2\/product\/4298","targetHints":{"allow":["GET"]}}],"collection":[{"href":"https:\/\/centrobebe.es\/en\/wp-json\/wp\/v2\/product"}],"about":[{"href":"https:\/\/centrobebe.es\/en\/wp-json\/wp\/v2\/types\/product"}],"version-history":[{"count":0,"href":"https:\/\/centrobebe.es\/en\/wp-json\/wp\/v2\/product\/4298\/revisions"}],"wp:attachment":[{"href":"https:\/\/centrobebe.es\/en\/wp-json\/wp\/v2\/media?parent=4298"}],"wp:term":[{"taxonomy":"pwb-brand","embeddable":true,"href":"https:\/\/centrobebe.es\/en\/wp-json\/wp\/v2\/pwb-brand?post=4298"},{"taxonomy":"product_cat","embeddable":true,"href":"https:\/\/centrobebe.es\/en\/wp-json\/wp\/v2\/product_cat?post=4298"},{"taxonomy":"product_tag","embeddable":true,"href":"https:\/\/centrobebe.es\/en\/wp-json\/wp\/v2\/product_tag?post=4298"}],"curies":[{"name":"wp","href":"https:\/\/api.w.org\/{rel}","templated":true}]}}