{"id":4309,"date":"2018-05-18T16:35:13","date_gmt":"2018-05-18T16:35:13","guid":{"rendered":"http:\/\/s2.innovacor.es\/centrobebe.es\/?post_type=product&#038;p=4309"},"modified":"2026-01-22T18:46:10","modified_gmt":"2026-01-22T18:46:10","slug":"cochecito-munecas-juguete-bytax-cuco-elita-clasico-replica","status":"publish","type":"product","link":"https:\/\/centrobebe.es\/en\/shop\/centrobebe\/el-juego\/cochecitos-juguete\/cochecito-munecas-juguete-bytax-cuco-elita-clasico-replica\/","title":{"rendered":"Cochecito Mu\u00f1ecas Juguete Reborn Bytax Elita 2025"},"content":{"rendered":"<div data-elementor-type=\"wp-post\" data-elementor-id=\"4309\" class=\"elementor elementor-4309\">\n\t\t\t\t\t\t<section class=\"elementor-section elementor-top-section elementor-element elementor-element-3ebf6309 elementor-section-boxed elementor-section-height-default elementor-section-height-default\" data-id=\"3ebf6309\" data-element_type=\"section\">\n\t\t\t\t\t\t<div class=\"elementor-container elementor-column-gap-default\">\n\t\t\t\t\t<div class=\"elementor-column elementor-col-100 elementor-top-column elementor-element elementor-element-46e94755\" data-id=\"46e94755\" data-element_type=\"column\">\n\t\t\t<div class=\"elementor-widget-wrap elementor-element-populated\">\n\t\t\t\t\t\t<div class=\"elementor-element elementor-element-1bc83bb7 elementor-widget elementor-widget-text-editor\" data-id=\"1bc83bb7\" data-element_type=\"widget\" data-widget_type=\"text-editor.default\">\n\t\t\t\t<div class=\"elementor-widget-container\">\n\t\t\t\t\t\t\t\t\t<h1>Cochecito Bytax Elita.<\/h1>\n<p>El Mejor Cochecito de mu\u00f1ecas de juguete y beb\u00e9 reborn, el Bytax Elita con Cuco . Un coche ideal para mu\u00f1ecos y mu\u00f1ecas beb\u00e9 reborn y para ni\u00f1as grandes y altas.<\/p>\n<p>El cochecito Bytax Elita es un carrito de juguete para beb\u00e9&nbsp; fabricado por Bytax, es una r\u00e9plica cl\u00e1sica con la misma calidad que sus coches originales y utilizando los mejores materiales y acabados. Es uno de los mejores carritos de mu\u00f1ecas del mercado.<\/p>\n<p>Tambi\u00e9n disponible en versi\u00f3n silla de paseo.<\/p>\n<p><u><strong>Por mejoras en la fabricaci\u00f3n pueden existir peque\u00f1as diferencia de las fotos y los productos finalmente suministrados.<\/strong><\/u><\/p>\n<p>El cochecito Bytax Elita es un coche de juguete completo, incluye bolso y cestillo, su manillar es ajustable en altura adapt\u00e1ndose perfectamente a la altura de su princesa, es ideal para mu\u00f1ecos Reborn.<\/p>\n<h2>Caracter\u00edsticas del cochecito Bytax Elita<\/h2>\n<ul>\n<li>Dise\u00f1o y acabado de Lujo.<\/li>\n<li>Fabricado conforme a la Norma Europea EN71-1\/7\/98<\/li>\n<li>Apto para ni\u00f1os mayores de 3 a\u00f1os.<\/li>\n<li>Chasis de acero plegable para ocupar el m\u00ednimo espacio.<\/li>\n<li>Incluye bolso y colch\u00f3n.<\/li>\n<li>Capota abatible.<\/li>\n<li>Medidas Aproximadas: Alto 105 cm, Largo 85 cm, Ancho 50 cm<\/li>\n<li>Medidas aproximadas hasta el manillar, al ser regulable oscila de 54 cm a 90 cm.<\/li>\n<\/ul>\n<p>En Centrobebe disponemos de una gran variedad de <a href=\"https:\/\/centrobebe.es\/en\/product-category\/centrobebe\/el-juego\/cochecitos-juguete\/\">cochecitos&nbsp;para mu\u00f1ecas de juguete<\/a> para bebes reborn, adem\u00e1s, para cualquier consulta puede ponerse en contacto con nosotros y le atenderemos encantados. Para m\u00e1s informaci\u00f3n sobre el cochecito para mu\u00f1eca puedes visitar la <a href=\"http:\/\/bytax-prams.es\/ELITA\/\">web del fabricante<\/a>.<\/p>\n<p><strong>Cochecitos de Juguete para Reborn para comprar online<\/strong><\/p>\n<p>Centrobebe es la web online donde comprar tu cochecito de beb\u00e9 de juguete, hacemos una selecci\u00f3n de <strong>los mejores cochecitos de juguete para bebes reborn <\/strong>basada en las opiniones de nuestros clientes, desde los m\u00e1s baratos hasta los m\u00e1s exclusivos y con la \u00faltima tecnolog\u00eda.<\/p>\n<p>\u00daltimas novedades para comprar online en toda clase de cochecitos de juguete para bebes reborn a los mejores precios.<\/p>\n<p>En Centrobebe disponemos de una amplia variedad de&nbsp;<b>cochecitos de juguete<\/b>&nbsp;de&nbsp;las principales marcas del mercado que garantizan la calidad y la asistencia t\u00e9cnica ante cualquier incidencia.<\/p>\n<p>Puedes comprar online tu cochecito de juguete al mejor precio<\/p>\t\t\t\t\t\t\t\t<\/div>\n\t\t\t\t<\/div>\n\t\t\t\t\t<\/div>\n\t\t<\/div>\n\t\t\t\t\t<\/div>\n\t\t<\/section>\n\t\t\t\t<section class=\"elementor-section elementor-top-section elementor-element elementor-element-c9a14f6 elementor-section-boxed elementor-section-height-default elementor-section-height-default\" data-id=\"c9a14f6\" data-element_type=\"section\">\n\t\t\t\t\t\t<div class=\"elementor-container elementor-column-gap-default\">\n\t\t\t\t\t<div class=\"elementor-column elementor-col-100 elementor-top-column elementor-element elementor-element-d560a35\" data-id=\"d560a35\" data-element_type=\"column\">\n\t\t\t<div class=\"elementor-widget-wrap elementor-element-populated\">\n\t\t\t\t\t\t<div class=\"elementor-element elementor-element-38baeac elementor-widget elementor-widget-image-gallery\" data-id=\"38baeac\" data-element_type=\"widget\" data-widget_type=\"image-gallery.default\">\n\t\t\t\t<div class=\"elementor-widget-container\">\n\t\t\t\t\t\t\t<div class=\"elementor-image-gallery\">\n\t\t\t\t\t<\/div>\n\t\t\t\t\t\t<\/div>\n\t\t\t\t<\/div>\n\t\t\t\t\t<\/div>\n\t\t<\/div>\n\t\t\t\t\t<\/div>\n\t\t<\/section>\n\t\t\t\t<\/div>","protected":false},"excerpt":{"rendered":"<h2>Nueva colecci\u00f3n<\/h2>\n<p>Cochecito Bytax Elita con Cuco para Mu\u00f1ecas de Juguete. Carrito de juguete r\u00e9plica de los coches de beb\u00e9.<\/p>\n<p>\u00a1Compra online al mejor precio en Centrobeb\u00e9!<\/p>","protected":false},"featured_media":56519,"template":"","meta":[],"pwb-brand":[412],"product_cat":[163],"product_tag":[282,552],"class_list":{"0":"post-4309","1":"product","2":"type-product","3":"status-publish","4":"has-post-thumbnail","6":"pwb-brand-bytax","7":"product_cat-cochecitos-juguete","8":"product_tag-bytax","9":"product_tag-elita","10":"pa_color-rosa-claro","11":"pa_color-beige","12":"pa_color-blanco","13":"pa_color-rosa","14":"tm-has-options","16":"first","17":"outofstock","18":"taxable","19":"shipping-taxable","20":"product-type-variable","21":"wvs-archive-product-wrapper"},"yoast_head":"<!-- This site is optimized with the Yoast SEO plugin v26.9 - https:\/\/yoast.com\/product\/yoast-seo-wordpress\/ -->\n<title>Cochecito Bytax Elita con Cuco para Mu\u00f1ecas de Juguete - Centrobeb\u00e9<\/title>\n<meta name=\"description\" content=\"Cochecito Bytax Elita con Cuco para Mu\u00f1ecas de Juguete. Carrito de juguete r\u00e9plica de los coches de beb\u00e9 \u2705IDEAL REBORN \u2705 RESERVALO Y NO TE QUEDES SIN EL.\" \/>\n<meta name=\"robots\" content=\"index, follow, max-snippet:-1, max-image-preview:large, max-video-preview:-1\" \/>\n<link rel=\"canonical\" href=\"https:\/\/centrobebe.es\/en\/shop\/centrobebe\/el-juego\/cochecitos-juguete\/cochecito-munecas-juguete-bytax-cuco-elita-clasico-replica\/\" \/>\n<meta property=\"og:locale\" content=\"en_GB\" \/>\n<meta property=\"og:type\" content=\"article\" \/>\n<meta property=\"og:title\" content=\"Cochecito Bytax Elita con Cuco para Mu\u00f1ecas de Juguete - Centrobeb\u00e9\" \/>\n<meta property=\"og:description\" content=\"Cochecito Bytax Elita con Cuco para Mu\u00f1ecas de Juguete. Carrito de juguete r\u00e9plica de los coches de beb\u00e9 \u2705IDEAL REBORN \u2705 RESERVALO Y NO TE QUEDES SIN EL.\" \/>\n<meta property=\"og:url\" content=\"https:\/\/centrobebe.es\/en\/shop\/centrobebe\/el-juego\/cochecitos-juguete\/cochecito-munecas-juguete-bytax-cuco-elita-clasico-replica\/\" \/>\n<meta property=\"og:site_name\" content=\"Centrobeb\u00e9\" \/>\n<meta property=\"article:publisher\" content=\"https:\/\/www.facebook.com\/centrobebe\/\" \/>\n<meta property=\"article:modified_time\" content=\"2026-01-22T18:46:10+00:00\" \/>\n<meta property=\"og:image\" content=\"https:\/\/centrobebe.es\/wp-content\/uploads\/2018\/05\/elita-rosa-claro-portada.jpg\" \/>\n\t<meta property=\"og:image:width\" content=\"764\" \/>\n\t<meta property=\"og:image:height\" content=\"764\" \/>\n\t<meta property=\"og:image:type\" content=\"image\/jpeg\" \/>\n<meta name=\"twitter:card\" content=\"summary_large_image\" \/>\n<meta name=\"twitter:site\" content=\"@centrobebe\" \/>\n<meta name=\"twitter:label1\" content=\"Estimated reading time\" \/>\n\t<meta name=\"twitter:data1\" content=\"2 minutes\" \/>\n<script type=\"application\/ld+json\" class=\"yoast-schema-graph\">{\"@context\":\"https:\/\/schema.org\",\"@graph\":[{\"@type\":\"WebPage\",\"@id\":\"https:\/\/centrobebe.es\/shop\/centrobebe\/el-juego\/cochecitos-juguete\/cochecito-munecas-juguete-bytax-cuco-elita-clasico-replica\/\",\"url\":\"https:\/\/centrobebe.es\/shop\/centrobebe\/el-juego\/cochecitos-juguete\/cochecito-munecas-juguete-bytax-cuco-elita-clasico-replica\/\",\"name\":\"Cochecito Bytax Elita con Cuco para Mu\u00f1ecas de Juguete - Centrobeb\u00e9\",\"isPartOf\":{\"@id\":\"https:\/\/centrobebe.es\/#website\"},\"primaryImageOfPage\":{\"@id\":\"https:\/\/centrobebe.es\/shop\/centrobebe\/el-juego\/cochecitos-juguete\/cochecito-munecas-juguete-bytax-cuco-elita-clasico-replica\/#primaryimage\"},\"image\":{\"@id\":\"https:\/\/centrobebe.es\/shop\/centrobebe\/el-juego\/cochecitos-juguete\/cochecito-munecas-juguete-bytax-cuco-elita-clasico-replica\/#primaryimage\"},\"thumbnailUrl\":\"https:\/\/centrobebe.es\/wp-content\/uploads\/2018\/05\/elita-rosa-claro-portada.jpg\",\"datePublished\":\"2018-05-18T16:35:13+00:00\",\"dateModified\":\"2026-01-22T18:46:10+00:00\",\"description\":\"Cochecito Bytax Elita con Cuco para Mu\u00f1ecas de Juguete. Carrito de juguete r\u00e9plica de los coches de beb\u00e9 \u2705IDEAL REBORN \u2705 RESERVALO Y NO TE QUEDES SIN EL.\",\"breadcrumb\":{\"@id\":\"https:\/\/centrobebe.es\/shop\/centrobebe\/el-juego\/cochecitos-juguete\/cochecito-munecas-juguete-bytax-cuco-elita-clasico-replica\/#breadcrumb\"},\"inLanguage\":\"en-GB\",\"potentialAction\":[{\"@type\":\"ReadAction\",\"target\":[\"https:\/\/centrobebe.es\/shop\/centrobebe\/el-juego\/cochecitos-juguete\/cochecito-munecas-juguete-bytax-cuco-elita-clasico-replica\/\"]}]},{\"@type\":\"ImageObject\",\"inLanguage\":\"en-GB\",\"@id\":\"https:\/\/centrobebe.es\/shop\/centrobebe\/el-juego\/cochecitos-juguete\/cochecito-munecas-juguete-bytax-cuco-elita-clasico-replica\/#primaryimage\",\"url\":\"https:\/\/centrobebe.es\/wp-content\/uploads\/2018\/05\/elita-rosa-claro-portada.jpg\",\"contentUrl\":\"https:\/\/centrobebe.es\/wp-content\/uploads\/2018\/05\/elita-rosa-claro-portada.jpg\",\"width\":764,\"height\":764,\"caption\":\"Copia de Documento A4 Cat\u00e1logo Online Centro Hol\u00edstico Minimalista Beige y Marr\u00f3n - 6\"},{\"@type\":\"BreadcrumbList\",\"@id\":\"https:\/\/centrobebe.es\/shop\/centrobebe\/el-juego\/cochecitos-juguete\/cochecito-munecas-juguete-bytax-cuco-elita-clasico-replica\/#breadcrumb\",\"itemListElement\":[{\"@type\":\"ListItem\",\"position\":1,\"name\":\"Portada\",\"item\":\"https:\/\/centrobebe.es\/\"},{\"@type\":\"ListItem\",\"position\":2,\"name\":\"Shop\",\"item\":\"https:\/\/centrobebe.es\/shop\/\"},{\"@type\":\"ListItem\",\"position\":3,\"name\":\"Cochecito Mu\u00f1ecas Juguete Reborn Bytax Elita 2025\"}]},{\"@type\":\"WebSite\",\"@id\":\"https:\/\/centrobebe.es\/#website\",\"url\":\"https:\/\/centrobebe.es\/\",\"name\":\"Centrobeb\u00e9\",\"description\":\"Tienda de bebe online | Todo lo que tu bebe necesita\",\"publisher\":{\"@id\":\"https:\/\/centrobebe.es\/#organization\"},\"alternateName\":\"Centrobeb\u00e9\",\"potentialAction\":[{\"@type\":\"SearchAction\",\"target\":{\"@type\":\"EntryPoint\",\"urlTemplate\":\"https:\/\/centrobebe.es\/?s={search_term_string}\"},\"query-input\":{\"@type\":\"PropertyValueSpecification\",\"valueRequired\":true,\"valueName\":\"search_term_string\"}}],\"inLanguage\":\"en-GB\"},{\"@type\":\"Organization\",\"@id\":\"https:\/\/centrobebe.es\/#organization\",\"name\":\"Centrobebe\",\"alternateName\":\"Centrobebe\",\"url\":\"https:\/\/centrobebe.es\/\",\"logo\":{\"@type\":\"ImageObject\",\"inLanguage\":\"en-GB\",\"@id\":\"https:\/\/centrobebe.es\/#\/schema\/logo\/image\/\",\"url\":\"https:\/\/centrobebe.es\/wp-content\/uploads\/2018\/06\/icono3-e1557940133982.png\",\"contentUrl\":\"https:\/\/centrobebe.es\/wp-content\/uploads\/2018\/06\/icono3-e1557940133982.png\",\"width\":34,\"height\":29,\"caption\":\"Centrobebe\"},\"image\":{\"@id\":\"https:\/\/centrobebe.es\/#\/schema\/logo\/image\/\"},\"sameAs\":[\"https:\/\/www.facebook.com\/centrobebe\/\",\"https:\/\/x.com\/centrobebe\",\"https:\/\/www.instagram.com\/centrobebe.es\/\",\"https:\/\/www.youtube.com\/channel\/UCVU-jcFuwntnxOhxvSbf3hg\"]}]}<\/script>\n<!-- \/ Yoast SEO plugin. -->","yoast_head_json":{"title":"Cochecito Bytax Elita con Cuco para Mu\u00f1ecas de Juguete - Centrobeb\u00e9","description":"Cochecito Bytax Elita con Cuco para Mu\u00f1ecas de Juguete. Carrito de juguete r\u00e9plica de los coches de beb\u00e9 \u2705IDEAL REBORN \u2705 RESERVALO Y NO TE QUEDES SIN EL.","robots":{"index":"index","follow":"follow","max-snippet":"max-snippet:-1","max-image-preview":"max-image-preview:large","max-video-preview":"max-video-preview:-1"},"canonical":"https:\/\/centrobebe.es\/en\/shop\/centrobebe\/el-juego\/cochecitos-juguete\/cochecito-munecas-juguete-bytax-cuco-elita-clasico-replica\/","og_locale":"en_GB","og_type":"article","og_title":"Cochecito Bytax Elita con Cuco para Mu\u00f1ecas de Juguete - Centrobeb\u00e9","og_description":"Cochecito Bytax Elita con Cuco para Mu\u00f1ecas de Juguete. Carrito de juguete r\u00e9plica de los coches de beb\u00e9 \u2705IDEAL REBORN \u2705 RESERVALO Y NO TE QUEDES SIN EL.","og_url":"https:\/\/centrobebe.es\/en\/shop\/centrobebe\/el-juego\/cochecitos-juguete\/cochecito-munecas-juguete-bytax-cuco-elita-clasico-replica\/","og_site_name":"Centrobeb\u00e9","article_publisher":"https:\/\/www.facebook.com\/centrobebe\/","article_modified_time":"2026-01-22T18:46:10+00:00","og_image":[{"width":764,"height":764,"url":"https:\/\/centrobebe.es\/wp-content\/uploads\/2018\/05\/elita-rosa-claro-portada.jpg","type":"image\/jpeg"}],"twitter_card":"summary_large_image","twitter_site":"@centrobebe","twitter_misc":{"Estimated reading time":"2 minutes"},"schema":{"@context":"https:\/\/schema.org","@graph":[{"@type":"WebPage","@id":"https:\/\/centrobebe.es\/shop\/centrobebe\/el-juego\/cochecitos-juguete\/cochecito-munecas-juguete-bytax-cuco-elita-clasico-replica\/","url":"https:\/\/centrobebe.es\/shop\/centrobebe\/el-juego\/cochecitos-juguete\/cochecito-munecas-juguete-bytax-cuco-elita-clasico-replica\/","name":"Cochecito Bytax Elita con Cuco para Mu\u00f1ecas de Juguete - Centrobeb\u00e9","isPartOf":{"@id":"https:\/\/centrobebe.es\/#website"},"primaryImageOfPage":{"@id":"https:\/\/centrobebe.es\/shop\/centrobebe\/el-juego\/cochecitos-juguete\/cochecito-munecas-juguete-bytax-cuco-elita-clasico-replica\/#primaryimage"},"image":{"@id":"https:\/\/centrobebe.es\/shop\/centrobebe\/el-juego\/cochecitos-juguete\/cochecito-munecas-juguete-bytax-cuco-elita-clasico-replica\/#primaryimage"},"thumbnailUrl":"https:\/\/centrobebe.es\/wp-content\/uploads\/2018\/05\/elita-rosa-claro-portada.jpg","datePublished":"2018-05-18T16:35:13+00:00","dateModified":"2026-01-22T18:46:10+00:00","description":"Cochecito Bytax Elita con Cuco para Mu\u00f1ecas de Juguete. Carrito de juguete r\u00e9plica de los coches de beb\u00e9 \u2705IDEAL REBORN \u2705 RESERVALO Y NO TE QUEDES SIN EL.","breadcrumb":{"@id":"https:\/\/centrobebe.es\/shop\/centrobebe\/el-juego\/cochecitos-juguete\/cochecito-munecas-juguete-bytax-cuco-elita-clasico-replica\/#breadcrumb"},"inLanguage":"en-GB","potentialAction":[{"@type":"ReadAction","target":["https:\/\/centrobebe.es\/shop\/centrobebe\/el-juego\/cochecitos-juguete\/cochecito-munecas-juguete-bytax-cuco-elita-clasico-replica\/"]}]},{"@type":"ImageObject","inLanguage":"en-GB","@id":"https:\/\/centrobebe.es\/shop\/centrobebe\/el-juego\/cochecitos-juguete\/cochecito-munecas-juguete-bytax-cuco-elita-clasico-replica\/#primaryimage","url":"https:\/\/centrobebe.es\/wp-content\/uploads\/2018\/05\/elita-rosa-claro-portada.jpg","contentUrl":"https:\/\/centrobebe.es\/wp-content\/uploads\/2018\/05\/elita-rosa-claro-portada.jpg","width":764,"height":764,"caption":"Copia de Documento A4 Cat\u00e1logo Online Centro Hol\u00edstico Minimalista Beige y Marr\u00f3n - 6"},{"@type":"BreadcrumbList","@id":"https:\/\/centrobebe.es\/shop\/centrobebe\/el-juego\/cochecitos-juguete\/cochecito-munecas-juguete-bytax-cuco-elita-clasico-replica\/#breadcrumb","itemListElement":[{"@type":"ListItem","position":1,"name":"Portada","item":"https:\/\/centrobebe.es\/"},{"@type":"ListItem","position":2,"name":"Shop","item":"https:\/\/centrobebe.es\/shop\/"},{"@type":"ListItem","position":3,"name":"Cochecito Mu\u00f1ecas Juguete Reborn Bytax Elita 2025"}]},{"@type":"WebSite","@id":"https:\/\/centrobebe.es\/#website","url":"https:\/\/centrobebe.es\/","name":"Centrobeb\u00e9","description":"Tienda de bebe online | Todo lo que tu bebe necesita","publisher":{"@id":"https:\/\/centrobebe.es\/#organization"},"alternateName":"Centrobeb\u00e9","potentialAction":[{"@type":"SearchAction","target":{"@type":"EntryPoint","urlTemplate":"https:\/\/centrobebe.es\/?s={search_term_string}"},"query-input":{"@type":"PropertyValueSpecification","valueRequired":true,"valueName":"search_term_string"}}],"inLanguage":"en-GB"},{"@type":"Organization","@id":"https:\/\/centrobebe.es\/#organization","name":"Centrobebe","alternateName":"Centrobebe","url":"https:\/\/centrobebe.es\/","logo":{"@type":"ImageObject","inLanguage":"en-GB","@id":"https:\/\/centrobebe.es\/#\/schema\/logo\/image\/","url":"https:\/\/centrobebe.es\/wp-content\/uploads\/2018\/06\/icono3-e1557940133982.png","contentUrl":"https:\/\/centrobebe.es\/wp-content\/uploads\/2018\/06\/icono3-e1557940133982.png","width":34,"height":29,"caption":"Centrobebe"},"image":{"@id":"https:\/\/centrobebe.es\/#\/schema\/logo\/image\/"},"sameAs":["https:\/\/www.facebook.com\/centrobebe\/","https:\/\/x.com\/centrobebe","https:\/\/www.instagram.com\/centrobebe.es\/","https:\/\/www.youtube.com\/channel\/UCVU-jcFuwntnxOhxvSbf3hg"]}]}},"brands":[{"id":412,"name":"Bytax","slug":"bytax"}],"_links":{"self":[{"href":"https:\/\/centrobebe.es\/en\/wp-json\/wp\/v2\/product\/4309","targetHints":{"allow":["GET"]}}],"collection":[{"href":"https:\/\/centrobebe.es\/en\/wp-json\/wp\/v2\/product"}],"about":[{"href":"https:\/\/centrobebe.es\/en\/wp-json\/wp\/v2\/types\/product"}],"version-history":[{"count":10,"href":"https:\/\/centrobebe.es\/en\/wp-json\/wp\/v2\/product\/4309\/revisions"}],"predecessor-version":[{"id":56520,"href":"https:\/\/centrobebe.es\/en\/wp-json\/wp\/v2\/product\/4309\/revisions\/56520"}],"wp:featuredmedia":[{"embeddable":true,"href":"https:\/\/centrobebe.es\/en\/wp-json\/wp\/v2\/media\/56519"}],"wp:attachment":[{"href":"https:\/\/centrobebe.es\/en\/wp-json\/wp\/v2\/media?parent=4309"}],"wp:term":[{"taxonomy":"pwb-brand","embeddable":true,"href":"https:\/\/centrobebe.es\/en\/wp-json\/wp\/v2\/pwb-brand?post=4309"},{"taxonomy":"product_cat","embeddable":true,"href":"https:\/\/centrobebe.es\/en\/wp-json\/wp\/v2\/product_cat?post=4309"},{"taxonomy":"product_tag","embeddable":true,"href":"https:\/\/centrobebe.es\/en\/wp-json\/wp\/v2\/product_tag?post=4309"}],"curies":[{"name":"wp","href":"https:\/\/api.w.org\/{rel}","templated":true}]}}