{"id":44888,"date":"2023-02-18T10:25:14","date_gmt":"2023-02-18T10:25:14","guid":{"rendered":"https:\/\/centrobebe.es\/?post_type=product&#038;p=44888"},"modified":"2026-02-25T06:21:31","modified_gmt":"2026-02-25T06:21:31","slug":"silla-de-paseo-kinderkraft-nubi-2","status":"publish","type":"product","link":"https:\/\/centrobebe.es\/en\/shop\/centrobebe\/cochecitos-y-sillas-de-paseo-de-bebe\/sillas-de-paseo-ligeras-baratas\/silla-de-paseo-kinderkraft-nubi-2\/","title":{"rendered":"Silla de Paseo Kinderkraft Nubi 2"},"content":{"rendered":"<h1>Silla de Paseo kindekraft nubi 2<\/h1>\n<p>kindekraft nubi 2, es una silla de paseo ligera con una alt\u00edsima <strong>calidad de materiales<\/strong>\u00a0que se puede utilizar d<strong>esde el nacimiento hasta 22 kg.<\/strong><\/p>\n<div id=\"comp-kd4wy0jt\" class=\"BaOVQ8 tz5f0K comp-kd4wy0jt wixui-text\" data-testid=\"richTextElement\" data-angle=\"0\" data-angle-style-location=\"style\" data-screen-in-hide=\"done\">\n<p class=\"font_2\">\u00a1La silla de paseo que se cierra\u00a1 Sola!<br \/>\n\u00a1De F\u00e1cil cierre y muy compacta, no tiene l\u00edmites!<\/p>\n<p><iframe title=\"NUBI 2 | Silla de paseo ligera y autoplegable de Kinderkraft | Hasta 22 kg\" src=\"https:\/\/www.youtube.com\/embed\/482Td-HQQ4w\" width=\"800\" height=\"600\" frameborder=\"0\" allowfullscreen=\"allowfullscreen\"><span data-mce-type=\"bookmark\" style=\"display: inline-block; width: 0px; overflow: hidden; line-height: 0;\" class=\"mce_SELRES_start\"><\/span><\/iframe><\/p>\n<\/div>\n<p>La silla de paseo de esta marca ,es un producto de dise\u00f1o \u00fanico con un cierre autom\u00e1tico. Es apta para soportar hasta 22 kg de peso y est\u00e1 disponible en 4 colores diferentes.\u00a0Es perfecta para llevar a tu beb\u00e9 contigo en tus paseos diarios.<\/p>\n<p>Podemos cerrar en cuesti\u00f3n de segundos .<\/p>\n<p>Mosquitera incorporada en reposapies y posavasos, No incluye pl\u00e1stico de ll\u00favia.<\/p>\n<p><img fetchpriority=\"high\" decoding=\"async\" class=\"aligncenter size-medium wp-image-44897\" src=\"https:\/\/centrobebe.es\/wp-content\/uploads\/silla-paseo-kindekraft-nubi-2-3-360x410.jpg\" alt=\"silla paseo kindekraft nubi 2\" width=\"360\" height=\"410\" \/><\/p>\n<h2><b>Caracter\u00edsticas silla Kinderkraft Nubi 2:\u00a0<\/b><\/h2>\n<p><b>Sistema de plegado r\u00e1pido AUTOFOLD:<\/b>\u00a0el carrito se pliega autom\u00e1ticamente en un instante.<\/p>\n<p>El mecanismo est\u00e1 situado en el manillar y permite plegarlo y desplegarlo r\u00e1pidamente con una sola mano<\/p>\n<p>Su construcci\u00f3n ligera y compacta hace que sea f\u00e1cil de llevar en cualquier viaje, pero tambi\u00e9n que quepa en el maletero de coche, autob\u00fas, avi\u00f3n o tren.<\/p>\n<p>Los cinturones de seguridad de 5 puntos son ergon\u00f3micos y est\u00e1n equipados con protectores blandos c\u00f3modos para tu hijo, adem\u00e1s, facilitan colocar y sacar al ni\u00f1o del carrito.<\/p>\n<p>Para ni\u00f1os desde el nacimiento hasta los 22 kg: el asiento es muy espacioso y tiene una amplia gama de ajustes del reposapi\u00e9s y del respaldo (hasta la posici\u00f3n reclinada)<\/p>\n<p>Ideal para cualquier clima: la capota impermeable con protecci\u00f3n solar UPF50+\u00a0y ventana para tener contacto con el ni\u00f1o garantizan la protecci\u00f3n, tanto durante los d\u00edas lluviosos como soleados<\/p>\n<p>Una vez plegado el carrito se mantiene de pie solo.<\/p>\n<p>Las ruedas con amortiguaci\u00f3n son de alta calidad est\u00e1n hechas de PU y son antipinchazos, adem\u00e1s, superan bien los obst\u00e1culos peque\u00f1os.<\/p>\n<p>La barra de seguridad giratoria de 360 grados es de cuero y se extrae por ambos lados.<\/p>\n<p>Una c\u00f3moda cesta de gran capacidad para la compra.<\/p>\n<p><img decoding=\"async\" class=\"aligncenter wp-image-44899 size-full\" src=\"https:\/\/centrobebe.es\/wp-content\/uploads\/silla-paseo-kindekraft-nubi-2-4.jpg\" alt=\"silla paseo kindekraft nubi 2\" width=\"800\" height=\"450\" \/><\/p>\n<p><b>El set incluye:<\/b><\/p>\n<p>mosquitera oculta en el reposapi\u00e9s, portavasos, bolsillo funcional para los padres en el respaldo del carrito Dise\u00f1o de alta calidad, disponible en 4 colores<\/p>\n<p>La silla de paseo NUBI 2 es el ganador del premio RED DOT AWARD en la categor\u00eda Product Design 2020 que se considera uno de los premios m\u00e1s prestigiosos\u00a0en Europa en materia de dise\u00f1o, llamado tambi\u00e9n el Oscar de Dise\u00f1o . El premio Red Dot se considera el sin\u00f3nimo de la primera calidad y clase.<\/p>\n<p><img decoding=\"async\" class=\"aligncenter wp-image-44901 size-full\" src=\"https:\/\/centrobebe.es\/wp-content\/uploads\/silla-paseo-kindekraft-nubi-2-5.jpg\" alt=\"silla paseo kindekraft nubi 2\" width=\"800\" height=\"429\" \/><\/p>\n<p>Si necesitas m\u00e1s informaci\u00f3n sobre la silla Burigotto Copa, ponte en contacto con nuestro equipo. Estaremos encantados de ayudarte y aconsejarte sobre los productos m\u00e1s beneficiarios para tu beb\u00e9.<\/p>\n<p>Descubre en el cat\u00e1logo de <a href=\"https:\/\/centrobebe.es\/en\/product-category\/centrobebe\/cochecitos-y-sillas-de-paseo-de-bebe\/sillas-de-paseo-ligeras-baratas\/\">sillas de paseo<\/a>, la gran variedad de sillas con caracter\u00edsticas diferentes de las mejores marcas al mejor precio garantizado.<\/p>","protected":false},"excerpt":{"rendered":"<p class=\"font_2\"><span style=\"font-size: 16px;\">Con un innovador sistema de cierre autom\u00e1tico s\u00faper compacto.<br \/>\n<\/span>\u00a1La silla de paseo que se cierra\u00a1 Sola!<br \/>\n\u00a1De F\u00e1cil cierre y muy compacta, no tiene l\u00edmites!<\/p>\n<p>&nbsp;<\/p>","protected":false},"featured_media":0,"template":"","meta":[],"pwb-brand":[611],"product_cat":[157],"product_tag":[],"class_list":{"0":"post-44888","1":"product","2":"type-product","3":"status-publish","5":"pwb-brand-kinderkraft","6":"product_cat-sillas-de-paseo-ligeras-baratas","7":"pa_color-beige","8":"pa_color-gris","9":"pa_color-rosa","10":"pa_color-verde-oliva","11":"tm-no-options","13":"first","14":"outofstock","15":"taxable","16":"shipping-taxable","17":"product-type-variable","18":"wvs-archive-product-wrapper"},"yoast_head":"<!-- This site is optimized with the Yoast SEO plugin v26.9 - https:\/\/yoast.com\/product\/yoast-seo-wordpress\/ -->\n<title>Silla Kindekraft Nubi 2 - Sillas de paseo- Centrobeb\u00e9<\/title>\n<meta name=\"description\" content=\"La Silla Kinderkraft Nubi 2,con innovador sistema de cierre autom\u00e1tico s\u00faper compacto: solo un movimiento para cerrarla. Desde el nacimiento hasta 22 kg.\" \/>\n<meta name=\"robots\" content=\"index, follow, max-snippet:-1, max-image-preview:large, max-video-preview:-1\" \/>\n<link rel=\"canonical\" href=\"https:\/\/centrobebe.es\/en\/shop\/centrobebe\/cochecitos-y-sillas-de-paseo-de-bebe\/sillas-de-paseo-ligeras-baratas\/silla-de-paseo-kinderkraft-nubi-2\/\" \/>\n<meta property=\"og:locale\" content=\"en_GB\" \/>\n<meta property=\"og:type\" content=\"article\" \/>\n<meta property=\"og:title\" content=\"Silla Kindekraft Nubi 2 - Sillas de paseo- Centrobeb\u00e9\" \/>\n<meta property=\"og:description\" content=\"La Silla Kinderkraft Nubi 2,con innovador sistema de cierre autom\u00e1tico s\u00faper compacto: solo un movimiento para cerrarla. Desde el nacimiento hasta 22 kg.\" \/>\n<meta property=\"og:url\" content=\"https:\/\/centrobebe.es\/en\/shop\/centrobebe\/cochecitos-y-sillas-de-paseo-de-bebe\/sillas-de-paseo-ligeras-baratas\/silla-de-paseo-kinderkraft-nubi-2\/\" \/>\n<meta property=\"og:site_name\" content=\"Centrobeb\u00e9\" \/>\n<meta property=\"article:publisher\" content=\"https:\/\/www.facebook.com\/centrobebe\/\" \/>\n<meta property=\"article:modified_time\" content=\"2026-02-25T06:21:31+00:00\" \/>\n<meta property=\"og:image\" content=\"https:\/\/centrobebe.es\/wp-content\/uploads\/silla-paseo-kindekraft-nubi-2-5.jpeg\" \/>\n\t<meta property=\"og:image:width\" content=\"800\" \/>\n\t<meta property=\"og:image:height\" content=\"800\" \/>\n\t<meta property=\"og:image:type\" content=\"image\/jpeg\" \/>\n<meta name=\"twitter:card\" content=\"summary_large_image\" \/>\n<meta name=\"twitter:site\" content=\"@centrobebe\" \/>\n<meta name=\"twitter:label1\" content=\"Estimated reading time\" \/>\n\t<meta name=\"twitter:data1\" content=\"3 minutes\" \/>\n<script type=\"application\/ld+json\" class=\"yoast-schema-graph\">{\"@context\":\"https:\/\/schema.org\",\"@graph\":[{\"@type\":\"WebPage\",\"@id\":\"https:\/\/centrobebe.es\/shop\/centrobebe\/cochecitos-y-sillas-de-paseo-de-bebe\/sillas-de-paseo-ligeras-baratas\/silla-de-paseo-kinderkraft-nubi-2\/\",\"url\":\"https:\/\/centrobebe.es\/shop\/centrobebe\/cochecitos-y-sillas-de-paseo-de-bebe\/sillas-de-paseo-ligeras-baratas\/silla-de-paseo-kinderkraft-nubi-2\/\",\"name\":\"Silla Kindekraft Nubi 2 - Sillas de paseo- Centrobeb\u00e9\",\"isPartOf\":{\"@id\":\"https:\/\/centrobebe.es\/#website\"},\"primaryImageOfPage\":{\"@id\":\"https:\/\/centrobebe.es\/shop\/centrobebe\/cochecitos-y-sillas-de-paseo-de-bebe\/sillas-de-paseo-ligeras-baratas\/silla-de-paseo-kinderkraft-nubi-2\/#primaryimage\"},\"image\":{\"@id\":\"https:\/\/centrobebe.es\/shop\/centrobebe\/cochecitos-y-sillas-de-paseo-de-bebe\/sillas-de-paseo-ligeras-baratas\/silla-de-paseo-kinderkraft-nubi-2\/#primaryimage\"},\"thumbnailUrl\":\"https:\/\/centrobebe.es\/wp-content\/uploads\/silla-paseo-kindekraft-nubi-2-3-360x410.jpg\",\"datePublished\":\"2023-02-18T10:25:14+00:00\",\"dateModified\":\"2026-02-25T06:21:31+00:00\",\"description\":\"La Silla Kinderkraft Nubi 2,con innovador sistema de cierre autom\u00e1tico s\u00faper compacto: solo un movimiento para cerrarla. Desde el nacimiento hasta 22 kg.\",\"breadcrumb\":{\"@id\":\"https:\/\/centrobebe.es\/shop\/centrobebe\/cochecitos-y-sillas-de-paseo-de-bebe\/sillas-de-paseo-ligeras-baratas\/silla-de-paseo-kinderkraft-nubi-2\/#breadcrumb\"},\"inLanguage\":\"en-GB\",\"potentialAction\":[{\"@type\":\"ReadAction\",\"target\":[\"https:\/\/centrobebe.es\/shop\/centrobebe\/cochecitos-y-sillas-de-paseo-de-bebe\/sillas-de-paseo-ligeras-baratas\/silla-de-paseo-kinderkraft-nubi-2\/\"]}]},{\"@type\":\"ImageObject\",\"inLanguage\":\"en-GB\",\"@id\":\"https:\/\/centrobebe.es\/shop\/centrobebe\/cochecitos-y-sillas-de-paseo-de-bebe\/sillas-de-paseo-ligeras-baratas\/silla-de-paseo-kinderkraft-nubi-2\/#primaryimage\",\"url\":\"https:\/\/centrobebe.es\/wp-content\/uploads\/silla-paseo-kindekraft-nubi-2-3-360x410.jpg\",\"contentUrl\":\"https:\/\/centrobebe.es\/wp-content\/uploads\/silla-paseo-kindekraft-nubi-2-3-360x410.jpg\"},{\"@type\":\"BreadcrumbList\",\"@id\":\"https:\/\/centrobebe.es\/shop\/centrobebe\/cochecitos-y-sillas-de-paseo-de-bebe\/sillas-de-paseo-ligeras-baratas\/silla-de-paseo-kinderkraft-nubi-2\/#breadcrumb\",\"itemListElement\":[{\"@type\":\"ListItem\",\"position\":1,\"name\":\"Portada\",\"item\":\"https:\/\/centrobebe.es\/\"},{\"@type\":\"ListItem\",\"position\":2,\"name\":\"Shop\",\"item\":\"https:\/\/centrobebe.es\/shop\/\"},{\"@type\":\"ListItem\",\"position\":3,\"name\":\"Silla de Paseo Kinderkraft Nubi 2\"}]},{\"@type\":\"WebSite\",\"@id\":\"https:\/\/centrobebe.es\/#website\",\"url\":\"https:\/\/centrobebe.es\/\",\"name\":\"Centrobeb\u00e9\",\"description\":\"Tienda de bebe online | Todo lo que tu bebe necesita\",\"publisher\":{\"@id\":\"https:\/\/centrobebe.es\/#organization\"},\"alternateName\":\"Centrobeb\u00e9\",\"potentialAction\":[{\"@type\":\"SearchAction\",\"target\":{\"@type\":\"EntryPoint\",\"urlTemplate\":\"https:\/\/centrobebe.es\/?s={search_term_string}\"},\"query-input\":{\"@type\":\"PropertyValueSpecification\",\"valueRequired\":true,\"valueName\":\"search_term_string\"}}],\"inLanguage\":\"en-GB\"},{\"@type\":\"Organization\",\"@id\":\"https:\/\/centrobebe.es\/#organization\",\"name\":\"Centrobebe\",\"alternateName\":\"Centrobebe\",\"url\":\"https:\/\/centrobebe.es\/\",\"logo\":{\"@type\":\"ImageObject\",\"inLanguage\":\"en-GB\",\"@id\":\"https:\/\/centrobebe.es\/#\/schema\/logo\/image\/\",\"url\":\"https:\/\/centrobebe.es\/wp-content\/uploads\/2018\/06\/icono3-e1557940133982.png\",\"contentUrl\":\"https:\/\/centrobebe.es\/wp-content\/uploads\/2018\/06\/icono3-e1557940133982.png\",\"width\":34,\"height\":29,\"caption\":\"Centrobebe\"},\"image\":{\"@id\":\"https:\/\/centrobebe.es\/#\/schema\/logo\/image\/\"},\"sameAs\":[\"https:\/\/www.facebook.com\/centrobebe\/\",\"https:\/\/x.com\/centrobebe\",\"https:\/\/www.instagram.com\/centrobebe.es\/\",\"https:\/\/www.youtube.com\/channel\/UCVU-jcFuwntnxOhxvSbf3hg\"]}]}<\/script>\n<!-- \/ Yoast SEO plugin. -->","yoast_head_json":{"title":"Silla Kindekraft Nubi 2 - Sillas de paseo- Centrobeb\u00e9","description":"La Silla Kinderkraft Nubi 2,con innovador sistema de cierre autom\u00e1tico s\u00faper compacto: solo un movimiento para cerrarla. Desde el nacimiento hasta 22 kg.","robots":{"index":"index","follow":"follow","max-snippet":"max-snippet:-1","max-image-preview":"max-image-preview:large","max-video-preview":"max-video-preview:-1"},"canonical":"https:\/\/centrobebe.es\/en\/shop\/centrobebe\/cochecitos-y-sillas-de-paseo-de-bebe\/sillas-de-paseo-ligeras-baratas\/silla-de-paseo-kinderkraft-nubi-2\/","og_locale":"en_GB","og_type":"article","og_title":"Silla Kindekraft Nubi 2 - Sillas de paseo- Centrobeb\u00e9","og_description":"La Silla Kinderkraft Nubi 2,con innovador sistema de cierre autom\u00e1tico s\u00faper compacto: solo un movimiento para cerrarla. Desde el nacimiento hasta 22 kg.","og_url":"https:\/\/centrobebe.es\/en\/shop\/centrobebe\/cochecitos-y-sillas-de-paseo-de-bebe\/sillas-de-paseo-ligeras-baratas\/silla-de-paseo-kinderkraft-nubi-2\/","og_site_name":"Centrobeb\u00e9","article_publisher":"https:\/\/www.facebook.com\/centrobebe\/","article_modified_time":"2026-02-25T06:21:31+00:00","og_image":[{"width":800,"height":800,"url":"https:\/\/centrobebe.es\/wp-content\/uploads\/silla-paseo-kindekraft-nubi-2-5.jpeg","type":"image\/jpeg"}],"twitter_card":"summary_large_image","twitter_site":"@centrobebe","twitter_misc":{"Estimated reading time":"3 minutes"},"schema":{"@context":"https:\/\/schema.org","@graph":[{"@type":"WebPage","@id":"https:\/\/centrobebe.es\/shop\/centrobebe\/cochecitos-y-sillas-de-paseo-de-bebe\/sillas-de-paseo-ligeras-baratas\/silla-de-paseo-kinderkraft-nubi-2\/","url":"https:\/\/centrobebe.es\/shop\/centrobebe\/cochecitos-y-sillas-de-paseo-de-bebe\/sillas-de-paseo-ligeras-baratas\/silla-de-paseo-kinderkraft-nubi-2\/","name":"Silla Kindekraft Nubi 2 - Sillas de paseo- Centrobeb\u00e9","isPartOf":{"@id":"https:\/\/centrobebe.es\/#website"},"primaryImageOfPage":{"@id":"https:\/\/centrobebe.es\/shop\/centrobebe\/cochecitos-y-sillas-de-paseo-de-bebe\/sillas-de-paseo-ligeras-baratas\/silla-de-paseo-kinderkraft-nubi-2\/#primaryimage"},"image":{"@id":"https:\/\/centrobebe.es\/shop\/centrobebe\/cochecitos-y-sillas-de-paseo-de-bebe\/sillas-de-paseo-ligeras-baratas\/silla-de-paseo-kinderkraft-nubi-2\/#primaryimage"},"thumbnailUrl":"https:\/\/centrobebe.es\/wp-content\/uploads\/silla-paseo-kindekraft-nubi-2-3-360x410.jpg","datePublished":"2023-02-18T10:25:14+00:00","dateModified":"2026-02-25T06:21:31+00:00","description":"La Silla Kinderkraft Nubi 2,con innovador sistema de cierre autom\u00e1tico s\u00faper compacto: solo un movimiento para cerrarla. Desde el nacimiento hasta 22 kg.","breadcrumb":{"@id":"https:\/\/centrobebe.es\/shop\/centrobebe\/cochecitos-y-sillas-de-paseo-de-bebe\/sillas-de-paseo-ligeras-baratas\/silla-de-paseo-kinderkraft-nubi-2\/#breadcrumb"},"inLanguage":"en-GB","potentialAction":[{"@type":"ReadAction","target":["https:\/\/centrobebe.es\/shop\/centrobebe\/cochecitos-y-sillas-de-paseo-de-bebe\/sillas-de-paseo-ligeras-baratas\/silla-de-paseo-kinderkraft-nubi-2\/"]}]},{"@type":"ImageObject","inLanguage":"en-GB","@id":"https:\/\/centrobebe.es\/shop\/centrobebe\/cochecitos-y-sillas-de-paseo-de-bebe\/sillas-de-paseo-ligeras-baratas\/silla-de-paseo-kinderkraft-nubi-2\/#primaryimage","url":"https:\/\/centrobebe.es\/wp-content\/uploads\/silla-paseo-kindekraft-nubi-2-3-360x410.jpg","contentUrl":"https:\/\/centrobebe.es\/wp-content\/uploads\/silla-paseo-kindekraft-nubi-2-3-360x410.jpg"},{"@type":"BreadcrumbList","@id":"https:\/\/centrobebe.es\/shop\/centrobebe\/cochecitos-y-sillas-de-paseo-de-bebe\/sillas-de-paseo-ligeras-baratas\/silla-de-paseo-kinderkraft-nubi-2\/#breadcrumb","itemListElement":[{"@type":"ListItem","position":1,"name":"Portada","item":"https:\/\/centrobebe.es\/"},{"@type":"ListItem","position":2,"name":"Shop","item":"https:\/\/centrobebe.es\/shop\/"},{"@type":"ListItem","position":3,"name":"Silla de Paseo Kinderkraft Nubi 2"}]},{"@type":"WebSite","@id":"https:\/\/centrobebe.es\/#website","url":"https:\/\/centrobebe.es\/","name":"Centrobeb\u00e9","description":"Tienda de bebe online | Todo lo que tu bebe necesita","publisher":{"@id":"https:\/\/centrobebe.es\/#organization"},"alternateName":"Centrobeb\u00e9","potentialAction":[{"@type":"SearchAction","target":{"@type":"EntryPoint","urlTemplate":"https:\/\/centrobebe.es\/?s={search_term_string}"},"query-input":{"@type":"PropertyValueSpecification","valueRequired":true,"valueName":"search_term_string"}}],"inLanguage":"en-GB"},{"@type":"Organization","@id":"https:\/\/centrobebe.es\/#organization","name":"Centrobebe","alternateName":"Centrobebe","url":"https:\/\/centrobebe.es\/","logo":{"@type":"ImageObject","inLanguage":"en-GB","@id":"https:\/\/centrobebe.es\/#\/schema\/logo\/image\/","url":"https:\/\/centrobebe.es\/wp-content\/uploads\/2018\/06\/icono3-e1557940133982.png","contentUrl":"https:\/\/centrobebe.es\/wp-content\/uploads\/2018\/06\/icono3-e1557940133982.png","width":34,"height":29,"caption":"Centrobebe"},"image":{"@id":"https:\/\/centrobebe.es\/#\/schema\/logo\/image\/"},"sameAs":["https:\/\/www.facebook.com\/centrobebe\/","https:\/\/x.com\/centrobebe","https:\/\/www.instagram.com\/centrobebe.es\/","https:\/\/www.youtube.com\/channel\/UCVU-jcFuwntnxOhxvSbf3hg"]}]}},"brands":[{"id":611,"name":"Kinderkraft","slug":"kinderkraft"}],"_links":{"self":[{"href":"https:\/\/centrobebe.es\/en\/wp-json\/wp\/v2\/product\/44888","targetHints":{"allow":["GET"]}}],"collection":[{"href":"https:\/\/centrobebe.es\/en\/wp-json\/wp\/v2\/product"}],"about":[{"href":"https:\/\/centrobebe.es\/en\/wp-json\/wp\/v2\/types\/product"}],"version-history":[{"count":4,"href":"https:\/\/centrobebe.es\/en\/wp-json\/wp\/v2\/product\/44888\/revisions"}],"predecessor-version":[{"id":44948,"href":"https:\/\/centrobebe.es\/en\/wp-json\/wp\/v2\/product\/44888\/revisions\/44948"}],"wp:attachment":[{"href":"https:\/\/centrobebe.es\/en\/wp-json\/wp\/v2\/media?parent=44888"}],"wp:term":[{"taxonomy":"pwb-brand","embeddable":true,"href":"https:\/\/centrobebe.es\/en\/wp-json\/wp\/v2\/pwb-brand?post=44888"},{"taxonomy":"product_cat","embeddable":true,"href":"https:\/\/centrobebe.es\/en\/wp-json\/wp\/v2\/product_cat?post=44888"},{"taxonomy":"product_tag","embeddable":true,"href":"https:\/\/centrobebe.es\/en\/wp-json\/wp\/v2\/product_tag?post=44888"}],"curies":[{"name":"wp","href":"https:\/\/api.w.org\/{rel}","templated":true}]}}