{"id":45099,"date":"2023-03-03T19:25:24","date_gmt":"2023-03-03T19:25:24","guid":{"rendered":"https:\/\/centrobebe.es\/?post_type=product&#038;p=45099"},"modified":"2025-10-29T17:44:02","modified_gmt":"2025-10-29T17:44:02","slug":"trona-peg-perego-prima-pappa-follow-me","status":"publish","type":"product","link":"https:\/\/centrobebe.es\/en\/shop\/centrobebe\/en-casa\/tronas-bebe\/trona-peg-perego-prima-pappa-follow-me\/","title":{"rendered":"Trona Bebe Peg Perego Prima Pappa Follow Me Ecopiel"},"content":{"rendered":"<h1 style=\"font-weight: 400;\">Trona Bebe Peg Perego Prima Pappa Follow Me<\/h1>\n<p style=\"font-weight: 400;\">Trona Bebe Peg Perego Prima Pappa es una trona minimalista y super moderna. \u00a1Muy pr\u00e1ctica! \u00a1No te arrepentir\u00e1s!<\/p>\n<p class=\"pdd_p\">Trona evolutiva Prima Pappa Follow Me es la m\u00e1s peque\u00f1a de la casa Peg-P\u00e9rego, pero mantiene la calidad y las prestaciones de las m\u00e1s grandes.<\/p>\n<p class=\"pdd_p\">Ultraligera y multifuncional, sigue el crecimiento del beb\u00e9 de 0 a 3 a\u00f1os, en los primeros meses como una c\u00f3moda Hamaca y a partir de los 6 como una Trona para comer y jugar. Cuando el ni\u00f1o crece se puede utilizar sin bandeja para comer en la mesa con los mayores.<\/p>\n<h3 class=\"pdd_p bold\">Caracter\u00edsticas:<\/h3>\n<p class=\"pdd_p\">Homologada desde el nacimiento, se reclina completamente, ideal desde el nacimiento.<\/p>\n<p class=\"pdd_p\">Respaldo reclinable en 5 posiciones distintas.<\/p>\n<p class=\"pdd_p\">Reposapi\u00e9s regulable en tres posiciones distintas.<\/p>\n<p class=\"pdd_p\">Cerrada es extremadamente reducida y ocupa poco espacio.<\/p>\n<p class=\"pdd_p\">Tiene 7 posiciones distintas de altura (arn\u00e9s).<\/p>\n<p class=\"pdd_p\">Arn\u00e9s con 5 puntos de sujeci\u00f3n.<\/p>\n<p class=\"pdd_p\">Grado reclinado: a m\u00e1s de 150\u00ba.<\/p>\n<p class=\"pdd_p\">Tipo plegado: libro con una sola mano.<\/p>\n<p class=\"pdd_p\">Con dise\u00f1o exclusivo Made in Italy.<\/p>\n<p class=\"pdd_p\">Incluye: Chasis, asiento y doble Bandeja.<\/p>\n<p class=\"pdd_p\">Medidas asiento: 33,5 x 90 x 24 (ancho x alto x fondo) cm.<\/p>\n<p>&nbsp;<\/p>\n<p>Ver m\u00e1s tronas bebe <strong><a href=\"https:\/\/centrobebe.es\/en\/product-category\/centrobebe\/en-casa\/tronas-bebe\/\">Aqu\u00ed<\/a><\/strong><\/p>\n<hr \/>\n<p>WEB FABRICANTE:\u00a0<strong><a href=\"https:\/\/www.camspa.it\/es\/\">Aqu\u00ed<\/a><\/strong><\/p>\n<p><strong>Tronas bebe para comprar Online<\/strong><\/p>\n<p>En Centrobeb\u00e9 puedes comprar tu trona de beb\u00e9 homologada, hacemos una selecci\u00f3n de <strong>las mejores tronas para beb\u00e9s <\/strong>basada en las opiniones de nuestros clientes, desde las m\u00e1s baratas hasta las m\u00e1s exclusivas y con la \u00faltima tecnolog\u00eda.<\/p>\n<p>\u00daltimas novedades para comprar online en toda clase de tronas para beb\u00e9 a los mejores precios.<\/p>\n<p>Nuestra tienda de beb\u00e9 online dispone de una amplia variedad de <strong>tronas baratas<\/strong>\u00a0de las principales marcas del mercado que garantizan la calidad y la asistencia t\u00e9cnica ante cualquier incidencia.<\/p>\n<p>Puedes comprar online tu trona al mejor precio.<\/p>","protected":false},"excerpt":{"rendered":"<p>Trona evolutiva Prima Pappa Follow Me es la m\u00e1s peque\u00f1a de la casa Peg-P\u00e9rego, pero mantiene la calidad y las prestaciones de las m\u00e1s grandes.<\/p>\n<p>\u00a1Compra online al mejor precio la trona beb\u00e9 Peg Perego!<\/p>","protected":false},"featured_media":45109,"template":"","meta":[],"pwb-brand":[442],"product_cat":[144],"product_tag":[206],"class_list":{"0":"post-45099","1":"product","2":"type-product","3":"status-publish","4":"has-post-thumbnail","6":"pwb-brand-peg-perego","7":"product_cat-tronas-bebe","8":"product_tag-cam","9":"pa_color-azul","10":"pa_color-beige","11":"pa_color-black","12":"pa_color-blanco","13":"pa_color-gris","14":"pa_color-menta","15":"pa_color-naranja","16":"pa_color-negro","17":"pa_color-rojo","18":"pa_color-rosa","19":"tm-no-options","21":"first","22":"instock","23":"taxable","24":"shipping-taxable","25":"purchasable","26":"product-type-variable","27":"wvs-archive-product-wrapper"},"yoast_head":"<!-- This site is optimized with the Yoast SEO plugin v27.5 - https:\/\/yoast.com\/product\/yoast-seo-wordpress\/ -->\n<title>Trona Bebe Peg Perego Prima Pappa - Tronas Beb\u00e9s 2023- Centrobeb\u00e9<\/title>\n<meta name=\"description\" content=\"Compra online al mejor precio tu Trona bebe Peg Perego Prima Pappa, ligera y pr\u00e1ctica \u00a1Financia Online! Trona Peg Perego de calidad al mejor precio.\" \/>\n<meta name=\"robots\" content=\"index, follow, max-snippet:-1, max-image-preview:large, max-video-preview:-1\" \/>\n<link rel=\"canonical\" href=\"https:\/\/centrobebe.es\/en\/shop\/centrobebe\/en-casa\/tronas-bebe\/trona-peg-perego-prima-pappa-follow-me\/\" \/>\n<meta property=\"og:locale\" content=\"en_GB\" \/>\n<meta property=\"og:type\" content=\"article\" \/>\n<meta property=\"og:title\" content=\"Trona Bebe Peg Perego Prima Pappa - Tronas Beb\u00e9s 2023- Centrobeb\u00e9\" \/>\n<meta property=\"og:description\" content=\"Compra online al mejor precio tu Trona bebe Peg Perego Prima Pappa, ligera y pr\u00e1ctica \u00a1Financia Online! Trona Peg Perego de calidad al mejor precio.\" \/>\n<meta property=\"og:url\" content=\"https:\/\/centrobebe.es\/en\/shop\/centrobebe\/en-casa\/tronas-bebe\/trona-peg-perego-prima-pappa-follow-me\/\" \/>\n<meta property=\"og:site_name\" content=\"Centrobeb\u00e9\" \/>\n<meta property=\"article:publisher\" content=\"https:\/\/www.facebook.com\/centrobebe\/\" \/>\n<meta property=\"article:modified_time\" content=\"2025-10-29T17:44:02+00:00\" \/>\n<meta property=\"og:image\" content=\"https:\/\/centrobebe.es\/wp-content\/uploads\/trona-peg-perego-prima-pappa.png\" \/>\n\t<meta property=\"og:image:width\" content=\"800\" \/>\n\t<meta property=\"og:image:height\" content=\"800\" \/>\n\t<meta property=\"og:image:type\" content=\"image\/png\" \/>\n<meta name=\"twitter:card\" content=\"summary_large_image\" \/>\n<meta name=\"twitter:site\" content=\"@centrobebe\" \/>\n<meta name=\"twitter:label1\" content=\"Estimated reading time\" \/>\n\t<meta name=\"twitter:data1\" content=\"2 minutes\" \/>\n<script type=\"application\/ld+json\" class=\"yoast-schema-graph\">{\"@context\":\"https:\\\/\\\/schema.org\",\"@graph\":[{\"@type\":\"WebPage\",\"@id\":\"https:\\\/\\\/centrobebe.es\\\/shop\\\/centrobebe\\\/en-casa\\\/tronas-bebe\\\/trona-peg-perego-prima-pappa-follow-me\\\/\",\"url\":\"https:\\\/\\\/centrobebe.es\\\/shop\\\/centrobebe\\\/en-casa\\\/tronas-bebe\\\/trona-peg-perego-prima-pappa-follow-me\\\/\",\"name\":\"Trona Bebe Peg Perego Prima Pappa - Tronas Beb\u00e9s 2023- Centrobeb\u00e9\",\"isPartOf\":{\"@id\":\"https:\\\/\\\/centrobebe.es\\\/#website\"},\"primaryImageOfPage\":{\"@id\":\"https:\\\/\\\/centrobebe.es\\\/shop\\\/centrobebe\\\/en-casa\\\/tronas-bebe\\\/trona-peg-perego-prima-pappa-follow-me\\\/#primaryimage\"},\"image\":{\"@id\":\"https:\\\/\\\/centrobebe.es\\\/shop\\\/centrobebe\\\/en-casa\\\/tronas-bebe\\\/trona-peg-perego-prima-pappa-follow-me\\\/#primaryimage\"},\"thumbnailUrl\":\"https:\\\/\\\/centrobebe.es\\\/wp-content\\\/uploads\\\/trona-peg-perego-prima-pappa.png\",\"datePublished\":\"2023-03-03T19:25:24+00:00\",\"dateModified\":\"2025-10-29T17:44:02+00:00\",\"description\":\"Compra online al mejor precio tu Trona bebe Peg Perego Prima Pappa, ligera y pr\u00e1ctica \u00a1Financia Online! Trona Peg Perego de calidad al mejor precio.\",\"breadcrumb\":{\"@id\":\"https:\\\/\\\/centrobebe.es\\\/shop\\\/centrobebe\\\/en-casa\\\/tronas-bebe\\\/trona-peg-perego-prima-pappa-follow-me\\\/#breadcrumb\"},\"inLanguage\":\"en-GB\",\"potentialAction\":[{\"@type\":\"ReadAction\",\"target\":[\"https:\\\/\\\/centrobebe.es\\\/shop\\\/centrobebe\\\/en-casa\\\/tronas-bebe\\\/trona-peg-perego-prima-pappa-follow-me\\\/\"]}]},{\"@type\":\"ImageObject\",\"inLanguage\":\"en-GB\",\"@id\":\"https:\\\/\\\/centrobebe.es\\\/shop\\\/centrobebe\\\/en-casa\\\/tronas-bebe\\\/trona-peg-perego-prima-pappa-follow-me\\\/#primaryimage\",\"url\":\"https:\\\/\\\/centrobebe.es\\\/wp-content\\\/uploads\\\/trona-peg-perego-prima-pappa.png\",\"contentUrl\":\"https:\\\/\\\/centrobebe.es\\\/wp-content\\\/uploads\\\/trona-peg-perego-prima-pappa.png\",\"width\":800,\"height\":800,\"caption\":\"trona peg perego prima pappa\"},{\"@type\":\"BreadcrumbList\",\"@id\":\"https:\\\/\\\/centrobebe.es\\\/shop\\\/centrobebe\\\/en-casa\\\/tronas-bebe\\\/trona-peg-perego-prima-pappa-follow-me\\\/#breadcrumb\",\"itemListElement\":[{\"@type\":\"ListItem\",\"position\":1,\"name\":\"Portada\",\"item\":\"https:\\\/\\\/centrobebe.es\\\/\"},{\"@type\":\"ListItem\",\"position\":2,\"name\":\"Shop\",\"item\":\"https:\\\/\\\/centrobebe.es\\\/shop\\\/\"},{\"@type\":\"ListItem\",\"position\":3,\"name\":\"Trona Bebe Peg Perego Prima Pappa Follow Me Ecopiel\"}]},{\"@type\":\"WebSite\",\"@id\":\"https:\\\/\\\/centrobebe.es\\\/#website\",\"url\":\"https:\\\/\\\/centrobebe.es\\\/\",\"name\":\"Centrobeb\u00e9\",\"description\":\"Tienda de bebe online | Todo lo que tu bebe necesita\",\"publisher\":{\"@id\":\"https:\\\/\\\/centrobebe.es\\\/#organization\"},\"alternateName\":\"Centrobeb\u00e9\",\"potentialAction\":[{\"@type\":\"SearchAction\",\"target\":{\"@type\":\"EntryPoint\",\"urlTemplate\":\"https:\\\/\\\/centrobebe.es\\\/?s={search_term_string}\"},\"query-input\":{\"@type\":\"PropertyValueSpecification\",\"valueRequired\":true,\"valueName\":\"search_term_string\"}}],\"inLanguage\":\"en-GB\"},{\"@type\":\"Organization\",\"@id\":\"https:\\\/\\\/centrobebe.es\\\/#organization\",\"name\":\"Centrobebe\",\"alternateName\":\"Centrobebe\",\"url\":\"https:\\\/\\\/centrobebe.es\\\/\",\"logo\":{\"@type\":\"ImageObject\",\"inLanguage\":\"en-GB\",\"@id\":\"https:\\\/\\\/centrobebe.es\\\/#\\\/schema\\\/logo\\\/image\\\/\",\"url\":\"https:\\\/\\\/centrobebe.es\\\/wp-content\\\/uploads\\\/2018\\\/06\\\/icono3-e1557940133982.png\",\"contentUrl\":\"https:\\\/\\\/centrobebe.es\\\/wp-content\\\/uploads\\\/2018\\\/06\\\/icono3-e1557940133982.png\",\"width\":34,\"height\":29,\"caption\":\"Centrobebe\"},\"image\":{\"@id\":\"https:\\\/\\\/centrobebe.es\\\/#\\\/schema\\\/logo\\\/image\\\/\"},\"sameAs\":[\"https:\\\/\\\/www.facebook.com\\\/centrobebe\\\/\",\"https:\\\/\\\/x.com\\\/centrobebe\",\"https:\\\/\\\/www.instagram.com\\\/centrobebe.es\\\/\",\"https:\\\/\\\/www.youtube.com\\\/channel\\\/UCVU-jcFuwntnxOhxvSbf3hg\"]}]}<\/script>\n<!-- \/ Yoast SEO plugin. -->","yoast_head_json":{"title":"Trona Bebe Peg Perego Prima Pappa - Tronas Beb\u00e9s 2023- Centrobeb\u00e9","description":"Compra online al mejor precio tu Trona bebe Peg Perego Prima Pappa, ligera y pr\u00e1ctica \u00a1Financia Online! Trona Peg Perego de calidad al mejor precio.","robots":{"index":"index","follow":"follow","max-snippet":"max-snippet:-1","max-image-preview":"max-image-preview:large","max-video-preview":"max-video-preview:-1"},"canonical":"https:\/\/centrobebe.es\/en\/shop\/centrobebe\/en-casa\/tronas-bebe\/trona-peg-perego-prima-pappa-follow-me\/","og_locale":"en_GB","og_type":"article","og_title":"Trona Bebe Peg Perego Prima Pappa - Tronas Beb\u00e9s 2023- Centrobeb\u00e9","og_description":"Compra online al mejor precio tu Trona bebe Peg Perego Prima Pappa, ligera y pr\u00e1ctica \u00a1Financia Online! Trona Peg Perego de calidad al mejor precio.","og_url":"https:\/\/centrobebe.es\/en\/shop\/centrobebe\/en-casa\/tronas-bebe\/trona-peg-perego-prima-pappa-follow-me\/","og_site_name":"Centrobeb\u00e9","article_publisher":"https:\/\/www.facebook.com\/centrobebe\/","article_modified_time":"2025-10-29T17:44:02+00:00","og_image":[{"width":800,"height":800,"url":"https:\/\/centrobebe.es\/wp-content\/uploads\/trona-peg-perego-prima-pappa.png","type":"image\/png"}],"twitter_card":"summary_large_image","twitter_site":"@centrobebe","twitter_misc":{"Estimated reading time":"2 minutes"},"schema":{"@context":"https:\/\/schema.org","@graph":[{"@type":"WebPage","@id":"https:\/\/centrobebe.es\/shop\/centrobebe\/en-casa\/tronas-bebe\/trona-peg-perego-prima-pappa-follow-me\/","url":"https:\/\/centrobebe.es\/shop\/centrobebe\/en-casa\/tronas-bebe\/trona-peg-perego-prima-pappa-follow-me\/","name":"Trona Bebe Peg Perego Prima Pappa - Tronas Beb\u00e9s 2023- Centrobeb\u00e9","isPartOf":{"@id":"https:\/\/centrobebe.es\/#website"},"primaryImageOfPage":{"@id":"https:\/\/centrobebe.es\/shop\/centrobebe\/en-casa\/tronas-bebe\/trona-peg-perego-prima-pappa-follow-me\/#primaryimage"},"image":{"@id":"https:\/\/centrobebe.es\/shop\/centrobebe\/en-casa\/tronas-bebe\/trona-peg-perego-prima-pappa-follow-me\/#primaryimage"},"thumbnailUrl":"https:\/\/centrobebe.es\/wp-content\/uploads\/trona-peg-perego-prima-pappa.png","datePublished":"2023-03-03T19:25:24+00:00","dateModified":"2025-10-29T17:44:02+00:00","description":"Compra online al mejor precio tu Trona bebe Peg Perego Prima Pappa, ligera y pr\u00e1ctica \u00a1Financia Online! Trona Peg Perego de calidad al mejor precio.","breadcrumb":{"@id":"https:\/\/centrobebe.es\/shop\/centrobebe\/en-casa\/tronas-bebe\/trona-peg-perego-prima-pappa-follow-me\/#breadcrumb"},"inLanguage":"en-GB","potentialAction":[{"@type":"ReadAction","target":["https:\/\/centrobebe.es\/shop\/centrobebe\/en-casa\/tronas-bebe\/trona-peg-perego-prima-pappa-follow-me\/"]}]},{"@type":"ImageObject","inLanguage":"en-GB","@id":"https:\/\/centrobebe.es\/shop\/centrobebe\/en-casa\/tronas-bebe\/trona-peg-perego-prima-pappa-follow-me\/#primaryimage","url":"https:\/\/centrobebe.es\/wp-content\/uploads\/trona-peg-perego-prima-pappa.png","contentUrl":"https:\/\/centrobebe.es\/wp-content\/uploads\/trona-peg-perego-prima-pappa.png","width":800,"height":800,"caption":"trona peg perego prima pappa"},{"@type":"BreadcrumbList","@id":"https:\/\/centrobebe.es\/shop\/centrobebe\/en-casa\/tronas-bebe\/trona-peg-perego-prima-pappa-follow-me\/#breadcrumb","itemListElement":[{"@type":"ListItem","position":1,"name":"Portada","item":"https:\/\/centrobebe.es\/"},{"@type":"ListItem","position":2,"name":"Shop","item":"https:\/\/centrobebe.es\/shop\/"},{"@type":"ListItem","position":3,"name":"Trona Bebe Peg Perego Prima Pappa Follow Me Ecopiel"}]},{"@type":"WebSite","@id":"https:\/\/centrobebe.es\/#website","url":"https:\/\/centrobebe.es\/","name":"Centrobeb\u00e9","description":"Tienda de bebe online | Todo lo que tu bebe necesita","publisher":{"@id":"https:\/\/centrobebe.es\/#organization"},"alternateName":"Centrobeb\u00e9","potentialAction":[{"@type":"SearchAction","target":{"@type":"EntryPoint","urlTemplate":"https:\/\/centrobebe.es\/?s={search_term_string}"},"query-input":{"@type":"PropertyValueSpecification","valueRequired":true,"valueName":"search_term_string"}}],"inLanguage":"en-GB"},{"@type":"Organization","@id":"https:\/\/centrobebe.es\/#organization","name":"Centrobebe","alternateName":"Centrobebe","url":"https:\/\/centrobebe.es\/","logo":{"@type":"ImageObject","inLanguage":"en-GB","@id":"https:\/\/centrobebe.es\/#\/schema\/logo\/image\/","url":"https:\/\/centrobebe.es\/wp-content\/uploads\/2018\/06\/icono3-e1557940133982.png","contentUrl":"https:\/\/centrobebe.es\/wp-content\/uploads\/2018\/06\/icono3-e1557940133982.png","width":34,"height":29,"caption":"Centrobebe"},"image":{"@id":"https:\/\/centrobebe.es\/#\/schema\/logo\/image\/"},"sameAs":["https:\/\/www.facebook.com\/centrobebe\/","https:\/\/x.com\/centrobebe","https:\/\/www.instagram.com\/centrobebe.es\/","https:\/\/www.youtube.com\/channel\/UCVU-jcFuwntnxOhxvSbf3hg"]}]}},"brands":[{"id":442,"name":"Peg Pereg\u00f3","slug":"peg-perego"}],"_links":{"self":[{"href":"https:\/\/centrobebe.es\/en\/wp-json\/wp\/v2\/product\/45099","targetHints":{"allow":["GET"]}}],"collection":[{"href":"https:\/\/centrobebe.es\/en\/wp-json\/wp\/v2\/product"}],"about":[{"href":"https:\/\/centrobebe.es\/en\/wp-json\/wp\/v2\/types\/product"}],"version-history":[{"count":5,"href":"https:\/\/centrobebe.es\/en\/wp-json\/wp\/v2\/product\/45099\/revisions"}],"predecessor-version":[{"id":48890,"href":"https:\/\/centrobebe.es\/en\/wp-json\/wp\/v2\/product\/45099\/revisions\/48890"}],"wp:featuredmedia":[{"embeddable":true,"href":"https:\/\/centrobebe.es\/en\/wp-json\/wp\/v2\/media\/45109"}],"wp:attachment":[{"href":"https:\/\/centrobebe.es\/en\/wp-json\/wp\/v2\/media?parent=45099"}],"wp:term":[{"taxonomy":"pwb-brand","embeddable":true,"href":"https:\/\/centrobebe.es\/en\/wp-json\/wp\/v2\/pwb-brand?post=45099"},{"taxonomy":"product_cat","embeddable":true,"href":"https:\/\/centrobebe.es\/en\/wp-json\/wp\/v2\/product_cat?post=45099"},{"taxonomy":"product_tag","embeddable":true,"href":"https:\/\/centrobebe.es\/en\/wp-json\/wp\/v2\/product_tag?post=45099"}],"curies":[{"name":"wp","href":"https:\/\/api.w.org\/{rel}","templated":true}]}}