{"id":45816,"date":"2023-05-03T10:25:12","date_gmt":"2023-05-03T10:25:12","guid":{"rendered":"https:\/\/centrobebe.es\/?post_type=product&#038;p=45816"},"modified":"2025-10-28T09:38:59","modified_gmt":"2025-10-28T09:38:59","slug":"silla-auto-quiavolo-3m","status":"publish","type":"product","link":"https:\/\/centrobebe.es\/en\/shop\/centrobebe\/el-viaje\/sillas-de-auto\/grupo-0-1-2-3\/silla-auto-quiavolo-3m\/","title":{"rendered":"Silla Auto Quiavolo 3M Isize 0-150cm Rescate Infantil SRSI"},"content":{"rendered":"<h1>Silla Auto Quiavolo 3M Isize 0-150cm<\/h1>\n<p>Quiavolo Group es una empresa familiar espa\u00f1ola dedicada al dise\u00f1o y fabricaci\u00f3n de sillas de coche.<\/p>\n<div class=\"elementor-element elementor-element-63a7702 elementor-widget elementor-widget-heading animated fadeInUp\" data-id=\"63a7702\" data-element_type=\"widget\" data-settings=\"{&quot;_animation&quot;:&quot;fadeInUp&quot;,&quot;_animation_delay&quot;:200}\" data-widget_type=\"heading.default\">\n<div class=\"elementor-widget-container\">\n<h2 class=\"elementor-heading-title elementor-size-default\">Referentes en Sistemas de Retenci\u00f3n y Salvamento Infantil<\/h2>\n<\/div>\n<\/div>\n<div class=\"elementor-element elementor-element-ce84b94 elementor-widget elementor-widget-text-editor animated fadeInUp\" data-id=\"ce84b94\" data-element_type=\"widget\" data-settings=\"{&quot;_animation&quot;:&quot;fadeInUp&quot;,&quot;_animation_delay&quot;:300}\" data-widget_type=\"text-editor.default\">\n<div class=\"elementor-widget-container\">\n<p>Descubre la primera silla de coche para beb\u00e9s con un sistema patentado que permite extraer al ni\u00f1o inmovilizado, en caso de accidente, sin la necesidad de sacar la silla del veh\u00edculo.<\/p>\n<\/div>\n<\/div>\n<div class=\"elementor-element elementor-element-5a1e53e elementor-widget elementor-widget-heading animated fadeInUp\" data-id=\"5a1e53e\" data-element_type=\"widget\" data-settings=\"{&quot;_animation&quot;:&quot;fadeInUp&quot;,&quot;_animation_delay&quot;:300}\" data-widget_type=\"heading.default\">\n<div class=\"elementor-widget-container\">\n<p class=\"elementor-heading-title elementor-size-default\">Patente N\u00ba ES 130647 U<\/p>\n<\/div>\n<\/div>\n<p><iframe title=\"La Silla Definitiva para Tu Hijo - Modelo 3M\" width=\"1220\" height=\"686\" src=\"https:\/\/www.youtube.com\/embed\/VMXYLgbwVo0?feature=oembed\" frameborder=\"0\" allow=\"accelerometer; autoplay; clipboard-write; encrypted-media; gyroscope; picture-in-picture; web-share\" referrerpolicy=\"strict-origin-when-cross-origin\" allowfullscreen><\/iframe><\/p>\n<p>&nbsp;<\/p>\n<p>Tradicionalmente, las sillas de coche se conocen como SRI (Sistema de Retenci\u00f3n Infantil). Sin embargo, con el modelo 3M hemos ido un paso m\u00e1s all\u00e1, introduciendo en el mercado un nuevo concepto: el Sistema de Retenci\u00f3n y Salvamento Infantil &#8211; SRSI. Se trata de una capa adicional de seguridad en situaciones de emergencia.<\/p>\n<p><img fetchpriority=\"high\" decoding=\"async\" class=\"aligncenter wp-image-56693 size-full\" src=\"https:\/\/centrobebe.es\/wp-content\/uploads\/2023\/05\/quiavolo-1.jpg\" alt=\"quiavolo\" width=\"678\" height=\"520\" srcset=\"https:\/\/centrobebe.es\/wp-content\/uploads\/2023\/05\/quiavolo-1.jpg 678w, https:\/\/centrobebe.es\/wp-content\/uploads\/2023\/05\/quiavolo-1-360x276.jpg 360w, https:\/\/centrobebe.es\/wp-content\/uploads\/2023\/05\/quiavolo-1-16x12.jpg 16w, https:\/\/centrobebe.es\/wp-content\/uploads\/2023\/05\/quiavolo-1-142x109.jpg 142w, https:\/\/centrobebe.es\/wp-content\/uploads\/2023\/05\/quiavolo-1-326x250.jpg 326w, https:\/\/centrobebe.es\/wp-content\/uploads\/2023\/05\/quiavolo-1-69x53.jpg 69w\" sizes=\"(max-width: 678px) 100vw, 678px\" \/> Homologada a normativa ECE R129 i-Size La silla 3M est\u00e1 dise\u00f1ada para ofrecer una soluci\u00f3n integral, combinando un sistema de seguridad de vanguardia con un dise\u00f1o y confort que se adapta al crecimiento del ni\u00f1o. Modelo 3M<\/p>\n<h2>Sistema SRSI<\/h2>\n<p>El modelo 3M destaca por su innovador Sistema de Retenci\u00f3n y Salvamento Infantil (SRSI) patentado. Este sistema ha sido dise\u00f1ado para facilitar la extracci\u00f3n r\u00e1pida y segura del ni\u00f1o en situaciones de emergencia, como es el caso de un accidente. El SRSI asegura que, en momentos cr\u00edticos, no sea necesario retirar la silla del coche para sacar al ni\u00f1o, lo que acelera el proceso de rescate y mejora la protecci\u00f3n en situaciones extremas.<\/p>\n<p><iframe title=\"SOSBaby - Demostraci\u00f3n Sistema de Rescate en Silla 3M\" width=\"1220\" height=\"686\" src=\"https:\/\/www.youtube.com\/embed\/0Chl9WBgYII?feature=oembed\" frameborder=\"0\" allow=\"accelerometer; autoplay; clipboard-write; encrypted-media; gyroscope; picture-in-picture; web-share\" referrerpolicy=\"strict-origin-when-cross-origin\" allowfullscreen><\/iframe><\/p>\n<p><img decoding=\"async\" class=\"aligncenter wp-image-56695 size-large\" src=\"https:\/\/centrobebe.es\/wp-content\/uploads\/2023\/05\/quiavolo-2-741x590.jpg\" alt=\"quiavolo 2\" width=\"741\" height=\"590\" srcset=\"https:\/\/centrobebe.es\/wp-content\/uploads\/2023\/05\/quiavolo-2-741x590.jpg 741w, https:\/\/centrobebe.es\/wp-content\/uploads\/2023\/05\/quiavolo-2.jpg 752w\" sizes=\"(max-width: 741px) 100vw, 741px\" \/><\/p>\n<p>&nbsp;<\/p>\n<h2>Seguridad y normativas<\/h2>\n<p>La seguridad es la prioridad n\u00famero uno para Quiavolo, y el modelo 3M no solo cumple con las normativas m\u00e1s exigentes, sino que tambi\u00e9n las supera en muchos aspectos.<\/p>\n<p>La silla est\u00e1 homologada bajo la normativa ECE R129 (i-Size), lo que garantiza el m\u00e1s alto nivel de protecci\u00f3n frente a impactos laterales y frontales.<\/p>\n<p>Arn\u00e9s de 5 puntos Garantiza que el ni\u00f1o est\u00e9 siempre correctamente ajustado.<\/p>\n<p>Laterales reforzados Sistema absorbe energ\u00eda que permite reducir el riesgo de lesiones.<\/p>\n<p>Mecanismo de rotaci\u00f3n 360\u00ba Cumple con las directrices de la normativa iSize para la colocaci\u00f3n del ni\u00f1o pasajero a contramarcha hasta los 15 meses, adem\u00e1s de facilitar la colocaci\u00f3n y extracci\u00f3n del ni\u00f1o.<\/p>\n<h2>Crecimiento adaptativo<\/h2>\n<p>Dise\u00f1ada para acompa\u00f1ar el desarrollo de tu hijo\/a desde el nacimiento hasta los 12 a\u00f1os, asegurando siempre un ajuste perfecto y personalizado (homologada hasta los 150 cm).<\/p>\n<p><img decoding=\"async\" class=\"aligncenter wp-image-56696 size-full\" src=\"https:\/\/centrobebe.es\/wp-content\/uploads\/2023\/05\/quiavolo-3.jpg\" alt=\"quiavolo 3\" width=\"735\" height=\"266\" srcset=\"https:\/\/centrobebe.es\/wp-content\/uploads\/2023\/05\/quiavolo-3.jpg 735w, https:\/\/centrobebe.es\/wp-content\/uploads\/2023\/05\/quiavolo-3-360x130.jpg 360w, https:\/\/centrobebe.es\/wp-content\/uploads\/2023\/05\/quiavolo-3-18x7.jpg 18w, https:\/\/centrobebe.es\/wp-content\/uploads\/2023\/05\/quiavolo-3-142x51.jpg 142w, https:\/\/centrobebe.es\/wp-content\/uploads\/2023\/05\/quiavolo-3-691x250.jpg 691w, https:\/\/centrobebe.es\/wp-content\/uploads\/2023\/05\/quiavolo-3-146x53.jpg 146w\" sizes=\"(max-width: 735px) 100vw, 735px\" \/><\/p>\n<p>Un ni\u00f1o, una silla. Evita la necesidad de comprar varias sillas a lo largo de su crecimiento. Incluye un coj\u00edn-asiento especial para reci\u00e9n nacidos.<\/p>\n<p><img loading=\"lazy\" decoding=\"async\" class=\"aligncenter wp-image-56697 size-full\" src=\"https:\/\/centrobebe.es\/wp-content\/uploads\/2023\/05\/quiavolo-4.jpg\" alt=\"quiavolo 4\" width=\"684\" height=\"416\" srcset=\"https:\/\/centrobebe.es\/wp-content\/uploads\/2023\/05\/quiavolo-4.jpg 684w, https:\/\/centrobebe.es\/wp-content\/uploads\/2023\/05\/quiavolo-4-360x219.jpg 360w, https:\/\/centrobebe.es\/wp-content\/uploads\/2023\/05\/quiavolo-4-18x12.jpg 18w, https:\/\/centrobebe.es\/wp-content\/uploads\/2023\/05\/quiavolo-4-142x86.jpg 142w, https:\/\/centrobebe.es\/wp-content\/uploads\/2023\/05\/quiavolo-4-411x250.jpg 411w, https:\/\/centrobebe.es\/wp-content\/uploads\/2023\/05\/quiavolo-4-87x53.jpg 87w\" sizes=\"(max-width: 684px) 100vw, 684px\" \/><\/p>\n<h2>Sistema de ventilaci\u00f3n y materiales<\/h2>\n<p>Uno de los aspectos clave del modelo 3M es su sistema de ventilaci\u00f3n avanzada, que utiliza un tejido 3D altamente transpirable. Este material ayuda a regular la temperatura del ni\u00f1o, manteni\u00e9ndolo fresco y c\u00f3modo durante los trayectos m\u00e1s largos, incluso en condiciones clim\u00e1ticas calurosas.<\/p>\n<p><img loading=\"lazy\" decoding=\"async\" class=\"aligncenter wp-image-56698 size-full\" src=\"https:\/\/centrobebe.es\/wp-content\/uploads\/2023\/05\/quiavolo-5.jpg\" alt=\"quiavolo 5\" width=\"692\" height=\"537\" srcset=\"https:\/\/centrobebe.es\/wp-content\/uploads\/2023\/05\/quiavolo-5.jpg 692w, https:\/\/centrobebe.es\/wp-content\/uploads\/2023\/05\/quiavolo-5-360x279.jpg 360w, https:\/\/centrobebe.es\/wp-content\/uploads\/2023\/05\/quiavolo-5-15x12.jpg 15w, https:\/\/centrobebe.es\/wp-content\/uploads\/2023\/05\/quiavolo-5-142x110.jpg 142w, https:\/\/centrobebe.es\/wp-content\/uploads\/2023\/05\/quiavolo-5-322x250.jpg 322w, https:\/\/centrobebe.es\/wp-content\/uploads\/2023\/05\/quiavolo-5-68x53.jpg 68w\" sizes=\"(max-width: 692px) 100vw, 692px\" \/><\/p>\n<p>Confort premium Materiales suaves al tacto que aseguran el m\u00e1ximo confort en cada trayecto.<\/p>\n<h2>Instalaci\u00f3n y mantenimiento<\/h2>\n<p>El Modelo 3M ha sido dise\u00f1ado para facilitar su instalaci\u00f3n en cualquier tipo de veh\u00edculo.<\/p>\n<p>Es compatible con el sistema Isofix y con cinturones de seguridad convencionales, permitiendo una instalaci\u00f3n r\u00e1pida y segura, y garantizando la estabilidad de la silla en todo momento.<\/p>\n<p>Sistema Isofix y pata de apoyo con fundas removibles: completamente extra\u00edbles y lavables, lo que permite un mantenimiento sencillo, manteniendo la silla en \u00f3ptimas condiciones.<\/p>\n<p><img loading=\"lazy\" decoding=\"async\" class=\"aligncenter wp-image-56699 size-full\" src=\"https:\/\/centrobebe.es\/wp-content\/uploads\/2023\/05\/quiavolo-6.jpg\" alt=\"quiavolo 6\" width=\"702\" height=\"526\" srcset=\"https:\/\/centrobebe.es\/wp-content\/uploads\/2023\/05\/quiavolo-6.jpg 702w, https:\/\/centrobebe.es\/wp-content\/uploads\/2023\/05\/quiavolo-6-360x270.jpg 360w, https:\/\/centrobebe.es\/wp-content\/uploads\/2023\/05\/quiavolo-6-16x12.jpg 16w, https:\/\/centrobebe.es\/wp-content\/uploads\/2023\/05\/quiavolo-6-142x106.jpg 142w, https:\/\/centrobebe.es\/wp-content\/uploads\/2023\/05\/quiavolo-6-334x250.jpg 334w, https:\/\/centrobebe.es\/wp-content\/uploads\/2023\/05\/quiavolo-6-71x53.jpg 71w\" sizes=\"(max-width: 702px) 100vw, 702px\" \/><\/p>\n<h2>Especificaciones t\u00e9cnicas y garant\u00eda<\/h2>\n<p><img loading=\"lazy\" decoding=\"async\" class=\"aligncenter wp-image-56700 size-full\" src=\"https:\/\/centrobebe.es\/wp-content\/uploads\/2023\/05\/quiavolo-7.jpg\" alt=\"quiavolo 8\" width=\"714\" height=\"622\" srcset=\"https:\/\/centrobebe.es\/wp-content\/uploads\/2023\/05\/quiavolo-7.jpg 714w, https:\/\/centrobebe.es\/wp-content\/uploads\/2023\/05\/quiavolo-7-360x314.jpg 360w, https:\/\/centrobebe.es\/wp-content\/uploads\/2023\/05\/quiavolo-7-677x590.jpg 677w, https:\/\/centrobebe.es\/wp-content\/uploads\/2023\/05\/quiavolo-7-14x12.jpg 14w, https:\/\/centrobebe.es\/wp-content\/uploads\/2023\/05\/quiavolo-7-142x124.jpg 142w, https:\/\/centrobebe.es\/wp-content\/uploads\/2023\/05\/quiavolo-7-287x250.jpg 287w, https:\/\/centrobebe.es\/wp-content\/uploads\/2023\/05\/quiavolo-7-61x53.jpg 61w\" sizes=\"(max-width: 714px) 100vw, 714px\" \/><\/p>\n<h2>Garant\u00eda de 12 A\u00f1os<\/h2>\n<p>Quiavolo Group ofrece una garant\u00eda de 12 a\u00f1os en caso de siniestro. Esto significa que, si la silla se ve inutilizada tras un accidente, nos comprometemos a reemplazarla sin coste adicional. Para ello, el usuario tiene que activar la garant\u00eda en los primeros 30 d\u00edas desde la compra.<\/p>\n<p>El Modelo 3M desarrollado por Quiavolo es la soluci\u00f3n perfecta, combinando\u00a0<strong>tecnolog\u00eda de vanguardia con un dise\u00f1o elegante y funcional<\/strong>.<\/p>\n<p>Equipado con el Sistema de Retenci\u00f3n y Salvamento Infantil\u00a0<strong>(SRSI)<\/strong>, ofrece\u00a0<strong>protecci\u00f3n avanzada y facilidad de uso<\/strong>\u00a0para padres exigentes.<\/p>\n<p>&nbsp;<\/p>\n<p>Ver m\u00e1s sillas coche bebe <strong><a href=\"https:\/\/centrobebe.es\/en\/product-category\/centrobebe\/el-viaje\/sillas-de-auto\/\">Aqu\u00ed<\/a><\/strong><\/p>\n<hr \/>\n<p>Web Fabricante: <strong><a href=\"http:\/\/www.quiavolo.com\">Aqu\u00ed<\/a><\/strong><\/p>\n<h4><strong>Sillas de coche para bebes baratas para comprar Online<\/strong><\/h4>\n<p>Centrobeb\u00e9 es la tienda de beb\u00e9 online, en la cual puedes comprar tu silla de coche de beb\u00e9 homologada. Realizamos una selecci\u00f3n de <strong>las mejores sillas de coche para beb\u00e9s <\/strong>basada en las opiniones de nuestros clientes, desde las m\u00e1s baratas\u00a0 hasta las m\u00e1s exclusivas y con la \u00faltima tecnolog\u00eda.<\/p>\n<p>\u00daltimas novedades para comprar online en toda clase de sistemas de retenci\u00f3n infantil a los mejores precios.<\/p>\n<p>En Centrobeb\u00e9 disponemos de una amplia variedad de <strong>sillas de coche para beb\u00e9s<\/strong>\u00a0de las principales marcas del mercado que garantizan la calidad y la asistencia t\u00e9cnica ante cualquier incidencia.<\/p>\n<p>Puedes comprar online tu silla de coche al mejor precio y financiar tu compra. \u00bfA qu\u00e9 esperas?<\/p>","protected":false},"excerpt":{"rendered":"<p>El Modelo 3M desarrollado por Quiavolo es la soluci\u00f3n perfecta, combinando\u00a0<strong>tecnolog\u00eda de vanguardia con un dise\u00f1o elegante y funcional<\/strong>.<\/p>\n<p>Equipado con el Sistema de Retenci\u00f3n y Salvamento Infantil\u00a0<strong>(SRSI)<\/strong>, ofrece\u00a0<strong>protecci\u00f3n avanzada y facilidad de uso<\/strong>\u00a0para padres exigentes.<\/p>","protected":false},"featured_media":56703,"template":"","meta":[],"pwb-brand":[647],"product_cat":[159,451],"product_tag":[],"class_list":{"0":"post-45816","1":"product","2":"type-product","3":"status-publish","4":"has-post-thumbnail","6":"pwb-brand-quiavolo","7":"product_cat-sillas-de-auto","8":"product_cat-grupo-0-1-2-3","9":"pa_color-gris","10":"pa_color-negro","11":"tm-no-options","13":"first","14":"instock","15":"sale","16":"taxable","17":"shipping-taxable","18":"purchasable","19":"product-type-simple"},"yoast_head":"<!-- This site is optimized with the Yoast SEO plugin v26.9 - https:\/\/yoast.com\/product\/yoast-seo-wordpress\/ -->\n<title>Silla Auto Quiavolo 3M - Silla coche RESCATE - Centrobeb\u00e9<\/title>\n<meta name=\"description\" content=\"Novedosa Silla Auto Quiavolo de 0 a 150 cm (36kg). Alta tecnolog\u00eda homologada a la nueva normativa\u00a0I-SIZE, financialra facilmente!!\" \/>\n<meta name=\"robots\" content=\"index, follow, max-snippet:-1, max-image-preview:large, max-video-preview:-1\" \/>\n<link rel=\"canonical\" href=\"https:\/\/centrobebe.es\/en\/shop\/centrobebe\/el-viaje\/sillas-de-auto\/grupo-0-1-2-3\/silla-auto-quiavolo-3m\/\" \/>\n<meta property=\"og:locale\" content=\"en_GB\" \/>\n<meta property=\"og:type\" content=\"article\" \/>\n<meta property=\"og:title\" content=\"Silla Auto Quiavolo 3M - Silla coche RESCATE - Centrobeb\u00e9\" \/>\n<meta property=\"og:description\" content=\"Novedosa Silla Auto Quiavolo de 0 a 150 cm (36kg). Alta tecnolog\u00eda homologada a la nueva normativa\u00a0I-SIZE, financialra facilmente!!\" \/>\n<meta property=\"og:url\" content=\"https:\/\/centrobebe.es\/en\/shop\/centrobebe\/el-viaje\/sillas-de-auto\/grupo-0-1-2-3\/silla-auto-quiavolo-3m\/\" \/>\n<meta property=\"og:site_name\" content=\"Centrobeb\u00e9\" \/>\n<meta property=\"article:publisher\" content=\"https:\/\/www.facebook.com\/centrobebe\/\" \/>\n<meta property=\"article:modified_time\" content=\"2025-10-28T09:38:59+00:00\" \/>\n<meta property=\"og:image\" content=\"https:\/\/centrobebe.es\/wp-content\/uploads\/2023\/05\/3M-Perspectiva-Pata-1200x1200-1.png\" \/>\n\t<meta property=\"og:image:width\" content=\"1200\" \/>\n\t<meta property=\"og:image:height\" content=\"1200\" \/>\n\t<meta property=\"og:image:type\" content=\"image\/png\" \/>\n<meta name=\"twitter:card\" content=\"summary_large_image\" \/>\n<meta name=\"twitter:site\" content=\"@centrobebe\" \/>\n<meta name=\"twitter:label1\" content=\"Estimated reading time\" \/>\n\t<meta name=\"twitter:data1\" content=\"6 minutes\" \/>\n<script type=\"application\/ld+json\" class=\"yoast-schema-graph\">{\"@context\":\"https:\/\/schema.org\",\"@graph\":[{\"@type\":\"WebPage\",\"@id\":\"https:\/\/centrobebe.es\/shop\/centrobebe\/el-viaje\/sillas-de-auto\/grupo-0-1-2-3\/silla-auto-quiavolo-3m\/\",\"url\":\"https:\/\/centrobebe.es\/shop\/centrobebe\/el-viaje\/sillas-de-auto\/grupo-0-1-2-3\/silla-auto-quiavolo-3m\/\",\"name\":\"Silla Auto Quiavolo 3M - Silla coche RESCATE - Centrobeb\u00e9\",\"isPartOf\":{\"@id\":\"https:\/\/centrobebe.es\/#website\"},\"primaryImageOfPage\":{\"@id\":\"https:\/\/centrobebe.es\/shop\/centrobebe\/el-viaje\/sillas-de-auto\/grupo-0-1-2-3\/silla-auto-quiavolo-3m\/#primaryimage\"},\"image\":{\"@id\":\"https:\/\/centrobebe.es\/shop\/centrobebe\/el-viaje\/sillas-de-auto\/grupo-0-1-2-3\/silla-auto-quiavolo-3m\/#primaryimage\"},\"thumbnailUrl\":\"https:\/\/centrobebe.es\/wp-content\/uploads\/2023\/05\/3M-Perspectiva-Pata-1200x1200-1.png\",\"datePublished\":\"2023-05-03T10:25:12+00:00\",\"dateModified\":\"2025-10-28T09:38:59+00:00\",\"description\":\"Novedosa Silla Auto Quiavolo de 0 a 150 cm (36kg). Alta tecnolog\u00eda homologada a la nueva normativa\u00a0I-SIZE, financialra facilmente!!\",\"breadcrumb\":{\"@id\":\"https:\/\/centrobebe.es\/shop\/centrobebe\/el-viaje\/sillas-de-auto\/grupo-0-1-2-3\/silla-auto-quiavolo-3m\/#breadcrumb\"},\"inLanguage\":\"en-GB\",\"potentialAction\":[{\"@type\":\"ReadAction\",\"target\":[\"https:\/\/centrobebe.es\/shop\/centrobebe\/el-viaje\/sillas-de-auto\/grupo-0-1-2-3\/silla-auto-quiavolo-3m\/\"]}]},{\"@type\":\"ImageObject\",\"inLanguage\":\"en-GB\",\"@id\":\"https:\/\/centrobebe.es\/shop\/centrobebe\/el-viaje\/sillas-de-auto\/grupo-0-1-2-3\/silla-auto-quiavolo-3m\/#primaryimage\",\"url\":\"https:\/\/centrobebe.es\/wp-content\/uploads\/2023\/05\/3M-Perspectiva-Pata-1200x1200-1.png\",\"contentUrl\":\"https:\/\/centrobebe.es\/wp-content\/uploads\/2023\/05\/3M-Perspectiva-Pata-1200x1200-1.png\",\"width\":1200,\"height\":1200,\"caption\":\"quiavolo\"},{\"@type\":\"BreadcrumbList\",\"@id\":\"https:\/\/centrobebe.es\/shop\/centrobebe\/el-viaje\/sillas-de-auto\/grupo-0-1-2-3\/silla-auto-quiavolo-3m\/#breadcrumb\",\"itemListElement\":[{\"@type\":\"ListItem\",\"position\":1,\"name\":\"Portada\",\"item\":\"https:\/\/centrobebe.es\/\"},{\"@type\":\"ListItem\",\"position\":2,\"name\":\"Shop\",\"item\":\"https:\/\/centrobebe.es\/shop\/\"},{\"@type\":\"ListItem\",\"position\":3,\"name\":\"Silla Auto Quiavolo 3M Isize 0-150cm Rescate Infantil SRSI\"}]},{\"@type\":\"WebSite\",\"@id\":\"https:\/\/centrobebe.es\/#website\",\"url\":\"https:\/\/centrobebe.es\/\",\"name\":\"Centrobeb\u00e9\",\"description\":\"Tienda de bebe online | Todo lo que tu bebe necesita\",\"publisher\":{\"@id\":\"https:\/\/centrobebe.es\/#organization\"},\"alternateName\":\"Centrobeb\u00e9\",\"potentialAction\":[{\"@type\":\"SearchAction\",\"target\":{\"@type\":\"EntryPoint\",\"urlTemplate\":\"https:\/\/centrobebe.es\/?s={search_term_string}\"},\"query-input\":{\"@type\":\"PropertyValueSpecification\",\"valueRequired\":true,\"valueName\":\"search_term_string\"}}],\"inLanguage\":\"en-GB\"},{\"@type\":\"Organization\",\"@id\":\"https:\/\/centrobebe.es\/#organization\",\"name\":\"Centrobebe\",\"alternateName\":\"Centrobebe\",\"url\":\"https:\/\/centrobebe.es\/\",\"logo\":{\"@type\":\"ImageObject\",\"inLanguage\":\"en-GB\",\"@id\":\"https:\/\/centrobebe.es\/#\/schema\/logo\/image\/\",\"url\":\"https:\/\/centrobebe.es\/wp-content\/uploads\/2018\/06\/icono3-e1557940133982.png\",\"contentUrl\":\"https:\/\/centrobebe.es\/wp-content\/uploads\/2018\/06\/icono3-e1557940133982.png\",\"width\":34,\"height\":29,\"caption\":\"Centrobebe\"},\"image\":{\"@id\":\"https:\/\/centrobebe.es\/#\/schema\/logo\/image\/\"},\"sameAs\":[\"https:\/\/www.facebook.com\/centrobebe\/\",\"https:\/\/x.com\/centrobebe\",\"https:\/\/www.instagram.com\/centrobebe.es\/\",\"https:\/\/www.youtube.com\/channel\/UCVU-jcFuwntnxOhxvSbf3hg\"]}]}<\/script>\n<!-- \/ Yoast SEO plugin. -->","yoast_head_json":{"title":"Silla Auto Quiavolo 3M - Silla coche RESCATE - Centrobeb\u00e9","description":"Novedosa Silla Auto Quiavolo de 0 a 150 cm (36kg). Alta tecnolog\u00eda homologada a la nueva normativa\u00a0I-SIZE, financialra facilmente!!","robots":{"index":"index","follow":"follow","max-snippet":"max-snippet:-1","max-image-preview":"max-image-preview:large","max-video-preview":"max-video-preview:-1"},"canonical":"https:\/\/centrobebe.es\/en\/shop\/centrobebe\/el-viaje\/sillas-de-auto\/grupo-0-1-2-3\/silla-auto-quiavolo-3m\/","og_locale":"en_GB","og_type":"article","og_title":"Silla Auto Quiavolo 3M - Silla coche RESCATE - Centrobeb\u00e9","og_description":"Novedosa Silla Auto Quiavolo de 0 a 150 cm (36kg). Alta tecnolog\u00eda homologada a la nueva normativa\u00a0I-SIZE, financialra facilmente!!","og_url":"https:\/\/centrobebe.es\/en\/shop\/centrobebe\/el-viaje\/sillas-de-auto\/grupo-0-1-2-3\/silla-auto-quiavolo-3m\/","og_site_name":"Centrobeb\u00e9","article_publisher":"https:\/\/www.facebook.com\/centrobebe\/","article_modified_time":"2025-10-28T09:38:59+00:00","og_image":[{"width":1200,"height":1200,"url":"https:\/\/centrobebe.es\/wp-content\/uploads\/2023\/05\/3M-Perspectiva-Pata-1200x1200-1.png","type":"image\/png"}],"twitter_card":"summary_large_image","twitter_site":"@centrobebe","twitter_misc":{"Estimated reading time":"6 minutes"},"schema":{"@context":"https:\/\/schema.org","@graph":[{"@type":"WebPage","@id":"https:\/\/centrobebe.es\/shop\/centrobebe\/el-viaje\/sillas-de-auto\/grupo-0-1-2-3\/silla-auto-quiavolo-3m\/","url":"https:\/\/centrobebe.es\/shop\/centrobebe\/el-viaje\/sillas-de-auto\/grupo-0-1-2-3\/silla-auto-quiavolo-3m\/","name":"Silla Auto Quiavolo 3M - Silla coche RESCATE - Centrobeb\u00e9","isPartOf":{"@id":"https:\/\/centrobebe.es\/#website"},"primaryImageOfPage":{"@id":"https:\/\/centrobebe.es\/shop\/centrobebe\/el-viaje\/sillas-de-auto\/grupo-0-1-2-3\/silla-auto-quiavolo-3m\/#primaryimage"},"image":{"@id":"https:\/\/centrobebe.es\/shop\/centrobebe\/el-viaje\/sillas-de-auto\/grupo-0-1-2-3\/silla-auto-quiavolo-3m\/#primaryimage"},"thumbnailUrl":"https:\/\/centrobebe.es\/wp-content\/uploads\/2023\/05\/3M-Perspectiva-Pata-1200x1200-1.png","datePublished":"2023-05-03T10:25:12+00:00","dateModified":"2025-10-28T09:38:59+00:00","description":"Novedosa Silla Auto Quiavolo de 0 a 150 cm (36kg). Alta tecnolog\u00eda homologada a la nueva normativa\u00a0I-SIZE, financialra facilmente!!","breadcrumb":{"@id":"https:\/\/centrobebe.es\/shop\/centrobebe\/el-viaje\/sillas-de-auto\/grupo-0-1-2-3\/silla-auto-quiavolo-3m\/#breadcrumb"},"inLanguage":"en-GB","potentialAction":[{"@type":"ReadAction","target":["https:\/\/centrobebe.es\/shop\/centrobebe\/el-viaje\/sillas-de-auto\/grupo-0-1-2-3\/silla-auto-quiavolo-3m\/"]}]},{"@type":"ImageObject","inLanguage":"en-GB","@id":"https:\/\/centrobebe.es\/shop\/centrobebe\/el-viaje\/sillas-de-auto\/grupo-0-1-2-3\/silla-auto-quiavolo-3m\/#primaryimage","url":"https:\/\/centrobebe.es\/wp-content\/uploads\/2023\/05\/3M-Perspectiva-Pata-1200x1200-1.png","contentUrl":"https:\/\/centrobebe.es\/wp-content\/uploads\/2023\/05\/3M-Perspectiva-Pata-1200x1200-1.png","width":1200,"height":1200,"caption":"quiavolo"},{"@type":"BreadcrumbList","@id":"https:\/\/centrobebe.es\/shop\/centrobebe\/el-viaje\/sillas-de-auto\/grupo-0-1-2-3\/silla-auto-quiavolo-3m\/#breadcrumb","itemListElement":[{"@type":"ListItem","position":1,"name":"Portada","item":"https:\/\/centrobebe.es\/"},{"@type":"ListItem","position":2,"name":"Shop","item":"https:\/\/centrobebe.es\/shop\/"},{"@type":"ListItem","position":3,"name":"Silla Auto Quiavolo 3M Isize 0-150cm Rescate Infantil SRSI"}]},{"@type":"WebSite","@id":"https:\/\/centrobebe.es\/#website","url":"https:\/\/centrobebe.es\/","name":"Centrobeb\u00e9","description":"Tienda de bebe online | Todo lo que tu bebe necesita","publisher":{"@id":"https:\/\/centrobebe.es\/#organization"},"alternateName":"Centrobeb\u00e9","potentialAction":[{"@type":"SearchAction","target":{"@type":"EntryPoint","urlTemplate":"https:\/\/centrobebe.es\/?s={search_term_string}"},"query-input":{"@type":"PropertyValueSpecification","valueRequired":true,"valueName":"search_term_string"}}],"inLanguage":"en-GB"},{"@type":"Organization","@id":"https:\/\/centrobebe.es\/#organization","name":"Centrobebe","alternateName":"Centrobebe","url":"https:\/\/centrobebe.es\/","logo":{"@type":"ImageObject","inLanguage":"en-GB","@id":"https:\/\/centrobebe.es\/#\/schema\/logo\/image\/","url":"https:\/\/centrobebe.es\/wp-content\/uploads\/2018\/06\/icono3-e1557940133982.png","contentUrl":"https:\/\/centrobebe.es\/wp-content\/uploads\/2018\/06\/icono3-e1557940133982.png","width":34,"height":29,"caption":"Centrobebe"},"image":{"@id":"https:\/\/centrobebe.es\/#\/schema\/logo\/image\/"},"sameAs":["https:\/\/www.facebook.com\/centrobebe\/","https:\/\/x.com\/centrobebe","https:\/\/www.instagram.com\/centrobebe.es\/","https:\/\/www.youtube.com\/channel\/UCVU-jcFuwntnxOhxvSbf3hg"]}]}},"brands":[{"id":647,"name":"Quiavolo","slug":"quiavolo"}],"_links":{"self":[{"href":"https:\/\/centrobebe.es\/en\/wp-json\/wp\/v2\/product\/45816","targetHints":{"allow":["GET"]}}],"collection":[{"href":"https:\/\/centrobebe.es\/en\/wp-json\/wp\/v2\/product"}],"about":[{"href":"https:\/\/centrobebe.es\/en\/wp-json\/wp\/v2\/types\/product"}],"version-history":[{"count":9,"href":"https:\/\/centrobebe.es\/en\/wp-json\/wp\/v2\/product\/45816\/revisions"}],"predecessor-version":[{"id":56722,"href":"https:\/\/centrobebe.es\/en\/wp-json\/wp\/v2\/product\/45816\/revisions\/56722"}],"wp:featuredmedia":[{"embeddable":true,"href":"https:\/\/centrobebe.es\/en\/wp-json\/wp\/v2\/media\/56703"}],"wp:attachment":[{"href":"https:\/\/centrobebe.es\/en\/wp-json\/wp\/v2\/media?parent=45816"}],"wp:term":[{"taxonomy":"pwb-brand","embeddable":true,"href":"https:\/\/centrobebe.es\/en\/wp-json\/wp\/v2\/pwb-brand?post=45816"},{"taxonomy":"product_cat","embeddable":true,"href":"https:\/\/centrobebe.es\/en\/wp-json\/wp\/v2\/product_cat?post=45816"},{"taxonomy":"product_tag","embeddable":true,"href":"https:\/\/centrobebe.es\/en\/wp-json\/wp\/v2\/product_tag?post=45816"}],"curies":[{"name":"wp","href":"https:\/\/api.w.org\/{rel}","templated":true}]}}