{"id":47505,"date":"2023-10-28T11:10:12","date_gmt":"2023-10-28T11:10:12","guid":{"rendered":"https:\/\/centrobebe.es\/?post_type=product&#038;p=47505"},"modified":"2025-02-10T20:45:29","modified_gmt":"2025-02-10T20:45:29","slug":"silla-de-paseo-jane-akira","status":"publish","type":"product","link":"https:\/\/centrobebe.es\/en\/shop\/centrobebe\/cochecitos-y-sillas-de-paseo-de-bebe\/sillas-de-paseo-ligeras-baratas\/silla-de-paseo-jane-akira\/","title":{"rendered":"Silla de Paseo Jane Akira"},"content":{"rendered":"<h1>Silla de Paseo Jane Akira<\/h1>\n<p>La Silla Jane Akira es la nueva silla de paseo ligera de grandes ruedas para un mayor confort de marcha.<\/p>\n<p>Jan\u00e9 Akira es resistente y segura, adecuada para paseo con ni\u00f1os desde el nacimiento hasta los 22kg.<\/p>\n<p>Con Jane Akira es muy f\u00e1cil de pasear y plegar con una sola mano.<\/p>\n<p>La Silla Jane Akira es un modelo ligero, urbano pero con un caracter aventurero que te permite recorrer el mundo sea cual sea el terreno. Con plegado compacto y acabados de calidad est\u00e1 lista para recorrer la ciudad y el campo en familia \u00a1C\u00f3mo y donde quieras!<\/p>\n<p>La Silla Akira y su versatilidad har\u00e1n que tus paseos sean m\u00e1s f\u00e1ciles y pr\u00e1cticos.<\/p>\n<p>Se encuentra disponible en tres colores.<\/p>\n<p>Si necesitas m\u00e1s informaci\u00f3n sobre la silla Jane Akira, ponte en contacto con nuestro equipo. Estaremos encantados de ayudarte y aconsejarte sobre los productos m\u00e1s beneficiarios para tu beb\u00e9.<\/p>\n<p>Descubre en el cat\u00e1logo de <a href=\"https:\/\/centrobebe.es\/en\/product-category\/centrobebe\/cochecitos-y-sillas-de-paseo-de-bebe\/sillas-de-paseo-ligeras-baratas\/\">sillas de paseo<\/a>, la gran variedad de sillas con caracter\u00edsticas diferentes de las mejores marcas al mejor precio garantizado.<\/p>","protected":false},"excerpt":{"rendered":"<p>La Silla jane Akira es la nueva silla de paseo ligera de grandes ruedas para un mayor confort de marcha.<\/p>\n<p>Jan\u00e9 Akira es resistente y segura, adecuada para paseo con ni\u00f1os desde el nacimiento hasta los 22kg.<\/p>\n<p>Con Jane Akira es muy f\u00e1cil de pasear y plegar con una sola mano.<\/p>","protected":false},"featured_media":53857,"template":"","meta":[],"pwb-brand":[385],"product_cat":[157],"product_tag":[],"class_list":{"0":"post-47505","1":"product","2":"type-product","3":"status-publish","4":"has-post-thumbnail","6":"pwb-brand-jane","7":"product_cat-sillas-de-paseo-ligeras-baratas","8":"pa_color-gris","9":"pa_color-topo","10":"pa_color-verde-oliva","11":"tm-no-options","13":"first","14":"instock","15":"taxable","16":"shipping-taxable","17":"purchasable","18":"product-type-variable","19":"wvs-archive-product-wrapper"},"yoast_head":"<!-- This site is optimized with the Yoast SEO plugin v26.9 - https:\/\/yoast.com\/product\/yoast-seo-wordpress\/ -->\n<title>Silla Paseo Jane Akira - Sillas de paseo - 22 kg - Centrobeb\u00e9<\/title>\n<meta name=\"description\" content=\"La Silla jane Akira es la nueva silla de paseo ligera de grandes ruedas para un mayor confort de marcha. Apta hasta los 22 kg. \u00a1Compra online!\" \/>\n<meta name=\"robots\" content=\"index, follow, max-snippet:-1, max-image-preview:large, max-video-preview:-1\" \/>\n<link rel=\"canonical\" href=\"https:\/\/centrobebe.es\/en\/shop\/centrobebe\/cochecitos-y-sillas-de-paseo-de-bebe\/sillas-de-paseo-ligeras-baratas\/silla-de-paseo-jane-akira\/\" \/>\n<meta property=\"og:locale\" content=\"en_GB\" \/>\n<meta property=\"og:type\" content=\"article\" \/>\n<meta property=\"og:title\" content=\"Silla Paseo Jane Akira - Sillas de paseo - 22 kg - Centrobeb\u00e9\" \/>\n<meta property=\"og:description\" content=\"La Silla jane Akira es la nueva silla de paseo ligera de grandes ruedas para un mayor confort de marcha. Apta hasta los 22 kg. \u00a1Compra online!\" \/>\n<meta property=\"og:url\" content=\"https:\/\/centrobebe.es\/en\/shop\/centrobebe\/cochecitos-y-sillas-de-paseo-de-bebe\/sillas-de-paseo-ligeras-baratas\/silla-de-paseo-jane-akira\/\" \/>\n<meta property=\"og:site_name\" content=\"Centrobeb\u00e9\" \/>\n<meta property=\"article:publisher\" content=\"https:\/\/www.facebook.com\/centrobebe\/\" \/>\n<meta property=\"article:modified_time\" content=\"2025-02-10T20:45:29+00:00\" \/>\n<meta property=\"og:image\" content=\"https:\/\/centrobebe.es\/wp-content\/uploads\/2023\/10\/2328_U82_akira_coal_01-Copiar.jpg\" \/>\n\t<meta property=\"og:image:width\" content=\"600\" \/>\n\t<meta property=\"og:image:height\" content=\"600\" \/>\n\t<meta property=\"og:image:type\" content=\"image\/jpeg\" \/>\n<meta name=\"twitter:card\" content=\"summary_large_image\" \/>\n<meta name=\"twitter:site\" content=\"@centrobebe\" \/>\n<meta name=\"twitter:label1\" content=\"Estimated reading time\" \/>\n\t<meta name=\"twitter:data1\" content=\"2 minutes\" \/>\n<script type=\"application\/ld+json\" class=\"yoast-schema-graph\">{\"@context\":\"https:\/\/schema.org\",\"@graph\":[{\"@type\":\"WebPage\",\"@id\":\"https:\/\/centrobebe.es\/shop\/centrobebe\/cochecitos-y-sillas-de-paseo-de-bebe\/sillas-de-paseo-ligeras-baratas\/silla-de-paseo-jane-akira\/\",\"url\":\"https:\/\/centrobebe.es\/shop\/centrobebe\/cochecitos-y-sillas-de-paseo-de-bebe\/sillas-de-paseo-ligeras-baratas\/silla-de-paseo-jane-akira\/\",\"name\":\"Silla Paseo Jane Akira - Sillas de paseo - 22 kg - Centrobeb\u00e9\",\"isPartOf\":{\"@id\":\"https:\/\/centrobebe.es\/#website\"},\"primaryImageOfPage\":{\"@id\":\"https:\/\/centrobebe.es\/shop\/centrobebe\/cochecitos-y-sillas-de-paseo-de-bebe\/sillas-de-paseo-ligeras-baratas\/silla-de-paseo-jane-akira\/#primaryimage\"},\"image\":{\"@id\":\"https:\/\/centrobebe.es\/shop\/centrobebe\/cochecitos-y-sillas-de-paseo-de-bebe\/sillas-de-paseo-ligeras-baratas\/silla-de-paseo-jane-akira\/#primaryimage\"},\"thumbnailUrl\":\"https:\/\/centrobebe.es\/wp-content\/uploads\/2023\/10\/2328_U82_akira_coal_01-Copiar.jpg\",\"datePublished\":\"2023-10-28T11:10:12+00:00\",\"dateModified\":\"2025-02-10T20:45:29+00:00\",\"description\":\"La Silla jane Akira es la nueva silla de paseo ligera de grandes ruedas para un mayor confort de marcha. Apta hasta los 22 kg. \u00a1Compra online!\",\"breadcrumb\":{\"@id\":\"https:\/\/centrobebe.es\/shop\/centrobebe\/cochecitos-y-sillas-de-paseo-de-bebe\/sillas-de-paseo-ligeras-baratas\/silla-de-paseo-jane-akira\/#breadcrumb\"},\"inLanguage\":\"en-GB\",\"potentialAction\":[{\"@type\":\"ReadAction\",\"target\":[\"https:\/\/centrobebe.es\/shop\/centrobebe\/cochecitos-y-sillas-de-paseo-de-bebe\/sillas-de-paseo-ligeras-baratas\/silla-de-paseo-jane-akira\/\"]}]},{\"@type\":\"ImageObject\",\"inLanguage\":\"en-GB\",\"@id\":\"https:\/\/centrobebe.es\/shop\/centrobebe\/cochecitos-y-sillas-de-paseo-de-bebe\/sillas-de-paseo-ligeras-baratas\/silla-de-paseo-jane-akira\/#primaryimage\",\"url\":\"https:\/\/centrobebe.es\/wp-content\/uploads\/2023\/10\/2328_U82_akira_coal_01-Copiar.jpg\",\"contentUrl\":\"https:\/\/centrobebe.es\/wp-content\/uploads\/2023\/10\/2328_U82_akira_coal_01-Copiar.jpg\",\"width\":600,\"height\":600,\"caption\":\"silla paseo jane akira\"},{\"@type\":\"BreadcrumbList\",\"@id\":\"https:\/\/centrobebe.es\/shop\/centrobebe\/cochecitos-y-sillas-de-paseo-de-bebe\/sillas-de-paseo-ligeras-baratas\/silla-de-paseo-jane-akira\/#breadcrumb\",\"itemListElement\":[{\"@type\":\"ListItem\",\"position\":1,\"name\":\"Portada\",\"item\":\"https:\/\/centrobebe.es\/\"},{\"@type\":\"ListItem\",\"position\":2,\"name\":\"Shop\",\"item\":\"https:\/\/centrobebe.es\/shop\/\"},{\"@type\":\"ListItem\",\"position\":3,\"name\":\"Silla de Paseo Jane Akira\"}]},{\"@type\":\"WebSite\",\"@id\":\"https:\/\/centrobebe.es\/#website\",\"url\":\"https:\/\/centrobebe.es\/\",\"name\":\"Centrobeb\u00e9\",\"description\":\"Tienda de bebe online | Todo lo que tu bebe necesita\",\"publisher\":{\"@id\":\"https:\/\/centrobebe.es\/#organization\"},\"alternateName\":\"Centrobeb\u00e9\",\"potentialAction\":[{\"@type\":\"SearchAction\",\"target\":{\"@type\":\"EntryPoint\",\"urlTemplate\":\"https:\/\/centrobebe.es\/?s={search_term_string}\"},\"query-input\":{\"@type\":\"PropertyValueSpecification\",\"valueRequired\":true,\"valueName\":\"search_term_string\"}}],\"inLanguage\":\"en-GB\"},{\"@type\":\"Organization\",\"@id\":\"https:\/\/centrobebe.es\/#organization\",\"name\":\"Centrobebe\",\"alternateName\":\"Centrobebe\",\"url\":\"https:\/\/centrobebe.es\/\",\"logo\":{\"@type\":\"ImageObject\",\"inLanguage\":\"en-GB\",\"@id\":\"https:\/\/centrobebe.es\/#\/schema\/logo\/image\/\",\"url\":\"https:\/\/centrobebe.es\/wp-content\/uploads\/2018\/06\/icono3-e1557940133982.png\",\"contentUrl\":\"https:\/\/centrobebe.es\/wp-content\/uploads\/2018\/06\/icono3-e1557940133982.png\",\"width\":34,\"height\":29,\"caption\":\"Centrobebe\"},\"image\":{\"@id\":\"https:\/\/centrobebe.es\/#\/schema\/logo\/image\/\"},\"sameAs\":[\"https:\/\/www.facebook.com\/centrobebe\/\",\"https:\/\/x.com\/centrobebe\",\"https:\/\/www.instagram.com\/centrobebe.es\/\",\"https:\/\/www.youtube.com\/channel\/UCVU-jcFuwntnxOhxvSbf3hg\"]}]}<\/script>\n<!-- \/ Yoast SEO plugin. -->","yoast_head_json":{"title":"Silla Paseo Jane Akira - Sillas de paseo - 22 kg - Centrobeb\u00e9","description":"La Silla jane Akira es la nueva silla de paseo ligera de grandes ruedas para un mayor confort de marcha. Apta hasta los 22 kg. \u00a1Compra online!","robots":{"index":"index","follow":"follow","max-snippet":"max-snippet:-1","max-image-preview":"max-image-preview:large","max-video-preview":"max-video-preview:-1"},"canonical":"https:\/\/centrobebe.es\/en\/shop\/centrobebe\/cochecitos-y-sillas-de-paseo-de-bebe\/sillas-de-paseo-ligeras-baratas\/silla-de-paseo-jane-akira\/","og_locale":"en_GB","og_type":"article","og_title":"Silla Paseo Jane Akira - Sillas de paseo - 22 kg - Centrobeb\u00e9","og_description":"La Silla jane Akira es la nueva silla de paseo ligera de grandes ruedas para un mayor confort de marcha. Apta hasta los 22 kg. \u00a1Compra online!","og_url":"https:\/\/centrobebe.es\/en\/shop\/centrobebe\/cochecitos-y-sillas-de-paseo-de-bebe\/sillas-de-paseo-ligeras-baratas\/silla-de-paseo-jane-akira\/","og_site_name":"Centrobeb\u00e9","article_publisher":"https:\/\/www.facebook.com\/centrobebe\/","article_modified_time":"2025-02-10T20:45:29+00:00","og_image":[{"width":600,"height":600,"url":"https:\/\/centrobebe.es\/wp-content\/uploads\/2023\/10\/2328_U82_akira_coal_01-Copiar.jpg","type":"image\/jpeg"}],"twitter_card":"summary_large_image","twitter_site":"@centrobebe","twitter_misc":{"Estimated reading time":"2 minutes"},"schema":{"@context":"https:\/\/schema.org","@graph":[{"@type":"WebPage","@id":"https:\/\/centrobebe.es\/shop\/centrobebe\/cochecitos-y-sillas-de-paseo-de-bebe\/sillas-de-paseo-ligeras-baratas\/silla-de-paseo-jane-akira\/","url":"https:\/\/centrobebe.es\/shop\/centrobebe\/cochecitos-y-sillas-de-paseo-de-bebe\/sillas-de-paseo-ligeras-baratas\/silla-de-paseo-jane-akira\/","name":"Silla Paseo Jane Akira - Sillas de paseo - 22 kg - Centrobeb\u00e9","isPartOf":{"@id":"https:\/\/centrobebe.es\/#website"},"primaryImageOfPage":{"@id":"https:\/\/centrobebe.es\/shop\/centrobebe\/cochecitos-y-sillas-de-paseo-de-bebe\/sillas-de-paseo-ligeras-baratas\/silla-de-paseo-jane-akira\/#primaryimage"},"image":{"@id":"https:\/\/centrobebe.es\/shop\/centrobebe\/cochecitos-y-sillas-de-paseo-de-bebe\/sillas-de-paseo-ligeras-baratas\/silla-de-paseo-jane-akira\/#primaryimage"},"thumbnailUrl":"https:\/\/centrobebe.es\/wp-content\/uploads\/2023\/10\/2328_U82_akira_coal_01-Copiar.jpg","datePublished":"2023-10-28T11:10:12+00:00","dateModified":"2025-02-10T20:45:29+00:00","description":"La Silla jane Akira es la nueva silla de paseo ligera de grandes ruedas para un mayor confort de marcha. Apta hasta los 22 kg. \u00a1Compra online!","breadcrumb":{"@id":"https:\/\/centrobebe.es\/shop\/centrobebe\/cochecitos-y-sillas-de-paseo-de-bebe\/sillas-de-paseo-ligeras-baratas\/silla-de-paseo-jane-akira\/#breadcrumb"},"inLanguage":"en-GB","potentialAction":[{"@type":"ReadAction","target":["https:\/\/centrobebe.es\/shop\/centrobebe\/cochecitos-y-sillas-de-paseo-de-bebe\/sillas-de-paseo-ligeras-baratas\/silla-de-paseo-jane-akira\/"]}]},{"@type":"ImageObject","inLanguage":"en-GB","@id":"https:\/\/centrobebe.es\/shop\/centrobebe\/cochecitos-y-sillas-de-paseo-de-bebe\/sillas-de-paseo-ligeras-baratas\/silla-de-paseo-jane-akira\/#primaryimage","url":"https:\/\/centrobebe.es\/wp-content\/uploads\/2023\/10\/2328_U82_akira_coal_01-Copiar.jpg","contentUrl":"https:\/\/centrobebe.es\/wp-content\/uploads\/2023\/10\/2328_U82_akira_coal_01-Copiar.jpg","width":600,"height":600,"caption":"silla paseo jane akira"},{"@type":"BreadcrumbList","@id":"https:\/\/centrobebe.es\/shop\/centrobebe\/cochecitos-y-sillas-de-paseo-de-bebe\/sillas-de-paseo-ligeras-baratas\/silla-de-paseo-jane-akira\/#breadcrumb","itemListElement":[{"@type":"ListItem","position":1,"name":"Portada","item":"https:\/\/centrobebe.es\/"},{"@type":"ListItem","position":2,"name":"Shop","item":"https:\/\/centrobebe.es\/shop\/"},{"@type":"ListItem","position":3,"name":"Silla de Paseo Jane Akira"}]},{"@type":"WebSite","@id":"https:\/\/centrobebe.es\/#website","url":"https:\/\/centrobebe.es\/","name":"Centrobeb\u00e9","description":"Tienda de bebe online | Todo lo que tu bebe necesita","publisher":{"@id":"https:\/\/centrobebe.es\/#organization"},"alternateName":"Centrobeb\u00e9","potentialAction":[{"@type":"SearchAction","target":{"@type":"EntryPoint","urlTemplate":"https:\/\/centrobebe.es\/?s={search_term_string}"},"query-input":{"@type":"PropertyValueSpecification","valueRequired":true,"valueName":"search_term_string"}}],"inLanguage":"en-GB"},{"@type":"Organization","@id":"https:\/\/centrobebe.es\/#organization","name":"Centrobebe","alternateName":"Centrobebe","url":"https:\/\/centrobebe.es\/","logo":{"@type":"ImageObject","inLanguage":"en-GB","@id":"https:\/\/centrobebe.es\/#\/schema\/logo\/image\/","url":"https:\/\/centrobebe.es\/wp-content\/uploads\/2018\/06\/icono3-e1557940133982.png","contentUrl":"https:\/\/centrobebe.es\/wp-content\/uploads\/2018\/06\/icono3-e1557940133982.png","width":34,"height":29,"caption":"Centrobebe"},"image":{"@id":"https:\/\/centrobebe.es\/#\/schema\/logo\/image\/"},"sameAs":["https:\/\/www.facebook.com\/centrobebe\/","https:\/\/x.com\/centrobebe","https:\/\/www.instagram.com\/centrobebe.es\/","https:\/\/www.youtube.com\/channel\/UCVU-jcFuwntnxOhxvSbf3hg"]}]}},"brands":[{"id":385,"name":"Jane","slug":"jane"}],"_links":{"self":[{"href":"https:\/\/centrobebe.es\/en\/wp-json\/wp\/v2\/product\/47505","targetHints":{"allow":["GET"]}}],"collection":[{"href":"https:\/\/centrobebe.es\/en\/wp-json\/wp\/v2\/product"}],"about":[{"href":"https:\/\/centrobebe.es\/en\/wp-json\/wp\/v2\/types\/product"}],"version-history":[{"count":10,"href":"https:\/\/centrobebe.es\/en\/wp-json\/wp\/v2\/product\/47505\/revisions"}],"predecessor-version":[{"id":54227,"href":"https:\/\/centrobebe.es\/en\/wp-json\/wp\/v2\/product\/47505\/revisions\/54227"}],"wp:featuredmedia":[{"embeddable":true,"href":"https:\/\/centrobebe.es\/en\/wp-json\/wp\/v2\/media\/53857"}],"wp:attachment":[{"href":"https:\/\/centrobebe.es\/en\/wp-json\/wp\/v2\/media?parent=47505"}],"wp:term":[{"taxonomy":"pwb-brand","embeddable":true,"href":"https:\/\/centrobebe.es\/en\/wp-json\/wp\/v2\/pwb-brand?post=47505"},{"taxonomy":"product_cat","embeddable":true,"href":"https:\/\/centrobebe.es\/en\/wp-json\/wp\/v2\/product_cat?post=47505"},{"taxonomy":"product_tag","embeddable":true,"href":"https:\/\/centrobebe.es\/en\/wp-json\/wp\/v2\/product_tag?post=47505"}],"curies":[{"name":"wp","href":"https:\/\/api.w.org\/{rel}","templated":true}]}}