{"id":48159,"date":"2023-11-17T16:37:10","date_gmt":"2023-11-17T16:37:10","guid":{"rendered":"https:\/\/centrobebe.es\/?post_type=product&#038;p=48159"},"modified":"2026-03-20T12:43:23","modified_gmt":"2026-03-20T12:43:23","slug":"cochecito-jane-muum-4-sweet-2-dos-piezas","status":"publish","type":"product","link":"https:\/\/centrobebe.es\/en\/shop\/centrobebe\/cochecitos-y-sillas-de-paseo-de-bebe\/cochecitos-bebe\/cochecitos-dos-piezas\/cochecito-jane-muum-4-sweet-2-dos-piezas\/","title":{"rendered":"Cochecito Jane Muum 4 Sweet 2 Dos piezas 2025 (Versi\u00f3n sin Bolso y sin Pl\u00e1stico)"},"content":{"rendered":"<h1><strong>Jane Muum 4 Sweet carrito dos piezas<\/strong><\/h1>\n<p>Jane <strong>Muum 4 Sweet<\/strong>, es un conjunto de carrito de beb\u00e9 compuesto por la silla reversible Muum 4 de Jan\u00e9 y el nuevo capazo Sweet plegable.<\/p>\n<p>La \u00faltima versi\u00f3n de nuestro modelo m\u00e1s ic\u00f3nico incorpora mejoras en su dise\u00f1o y nuevas prestaciones. El nuevo modelo es a\u00fan m\u00e1s c\u00f3modo, ligero y resistente.<\/p>\n<p>El nuevo cochecito Muum 4 Sweet forma parte de la nueva generaci\u00f3n de chasis de Jan\u00e9: con un dise\u00f1o totalmente actualizado y mejoras en sus prestaciones.<\/p>\n<div>Incluye burbuja de lluvia y bolso.La colchoneta es reversible<\/div>\n<p>Disponible en 5 colores impresionantes<\/p>\n<h1>Silla Reversible Jane Muum 4<\/h1>\n<p>Jan\u00e9 ha dise\u00f1ado una silla vers\u00e1til, ligera, compacta y f\u00e1cil de conducir, creada especialmente para disfrutar con facilidad de cada movimiento.<\/p>\n<p><iframe title=\"Jan\u00e9 Muum ES\" src=\"https:\/\/www.youtube.com\/embed\/HDKtmKRuPiI\" width=\"887\" height=\"499\" frameborder=\"0\" allowfullscreen=\"allowfullscreen\"><\/iframe><\/p>\n<p>La hamaca del nuevo Muum 4 se adapta en cada momento a la posici\u00f3n m\u00e1s adecuada para la espalda del beb\u00e9, ya que su sistema de regulaci\u00f3n multiposiciones es regulable entre 105\u00ba-155\u00ba y es independiente en respaldo y reposapi\u00e9s.<\/p>\n<p>El asiento es reversible, amplio, confortable y aporta mayor espacio interior al beb\u00e9, \u00a1sorprendente en una silla de dimensiones tan reducidas!.<\/p>\n<p>El plegado del cochecito con y sin hamaca es muy f\u00e1cil, pues con una sola mano se logra un cierre r\u00e1pido e incre\u00edblemente compacto.<\/p>\n<p>Pensando en que \u00abel espacio es un lujo\u00bb, Jan\u00e9 ha dise\u00f1ado una cestilla mucho m\u00e1s amplia, para que puedas llevar todo lo que quieras sin apenas esfuerzo.<\/p>\n<p>Las ruedas delanteras m\u00e1s peque\u00f1as y ligeras son perfectas para moverte por las calles de la ciudad. Las traseras, de gran di\u00e1metro y extra\u00edbles, hacen que el coche pliegue de forma m\u00e1s compacta, facilit\u00e1ndote as\u00ed su transporte y almacenamiento all\u00e1 donde decidas llevarlo.<\/p>\n<h1>Caracter\u00edsticas Jane Muum Pro 4<\/h1>\n<p>Chasis de aluminio de aviaci\u00f3n ligero de secci\u00f3n plana oval.<\/p>\n<p>Reposapi\u00e9s ajustable<\/p>\n<p>Neum\u00e1ticos de PU Hidrol\u00edtico de alta resistencia y m\u00e1ximo confort.<\/p>\n<p>Manillar de polipiel regulabel en 7 posiciones.<\/p>\n<p>Nuevos gatillos de plegado ergon\u00f3micos<\/p>\n<p>Plegado f\u00e1cil y compacto incluso con la hamaca instalada en ambos sentidos. Dispone de seguro de apertura accidental.<\/p>\n<p>Capota extensible con tejidos 60% reciclados,con preotecci\u00f3n solar UPF50, preperente al agua, wind stopper y transpirable.<\/p>\n<p>Nuevo arn\u00e9s magn\u00e9tico muy f\u00e1cil de abrochar.<\/p>\n<p>Ruedas delanteras bloqueables y estraibles. diamentro 19.5cm<\/p>\n<h2>Capazo Sweet<\/h2>\n<p>El nuevo capazo Swett protege al beb\u00e9 en un espacio amplio y agradable para pasear y descansar c\u00f3modamente. Con tejidos 100% reciclados.<\/p>\n<p><iframe title=\"Jan\u00e9 Sweet ES\" src=\"https:\/\/www.youtube.com\/embed\/xQSHZXWaH5I\" width=\"887\" height=\"499\" frameborder=\"0\" allowfullscreen=\"allowfullscreen\"><\/iframe><\/p>\n<p>Homologado con el reglamento europeo de coches infantiles EN1466:2023<\/p>\n<p>Compatible con los coches jan\u00e9 mediante el sistema Pro-Fix system de Jan\u00e9. Dispone de tiras para una sujeci\u00f3n extra al chasis.<\/p>\n<p>Capota plegable con tejidos 100% reciclados, con protecci\u00f3n solar UPF50, repelente al agua, wind stopper y transpirable.<\/p>\n<p>Ventanas con cierre de cremallera,en la capota y la parte trasera, que favorecen la circulaci\u00f3n del aire.<\/p>\n<p>Incluye un coj\u00edn con descanso que previene y combate malformaciones cef\u00e1licas.<\/p>\n<p>Nuevo sistema de plegado patentado que facilita el transporte o almacenaje.<\/p>\n<p>Colch\u00f3n interior\u00a0 de serie con respaldo reclinable para mantener al beb\u00e9 semi incorporado.<\/p>\n<p>Esta nueva versi\u00f3n presenta novedades de dise\u00f1o, con sistema de reclinaci\u00f3n de colch\u00f3n y ventilaci\u00f3n.<\/p>\n<p>&nbsp;<\/p>\n<hr \/>\n<p>VER MAS COCHECITOS DE BEBE\u00a0 DE BEB\u00c9\u00a0<a href=\"https:\/\/centrobebe.es\/en\/product-category\/centrobebe\/cochecitos-y-sillas-de-paseo-de-bebe\/cochecitos-bebe\/\">AQU\u00cd<\/a><\/p>\n<hr \/>\n<p>WEB FABRICANTE:\u00a0<a href=\"https:\/\/janeworld.com\/cochecitos\/muum\/\">AQU\u00cd<\/a><\/p>\n<p><strong>Cochecitos de bebe baratos para comprar Online<\/strong><\/p>\n<p>Centrobebe es la tienda de beb\u00e9 donde comprar tu carrito de beb\u00e9 homologado, hacemos una selecci\u00f3n de <strong>los mejores carritos para bebes de dos y tres piezas\u00a0\u00a0<\/strong>basada en las opiniones de nuestros clientes, desde los m\u00e1s baratos\u00a0 hasta los m\u00e1s exclusivos y con la \u00faltima tecnolog\u00eda.<\/p>\n<p>\u00daltimas novedades para comprar on line en toda clase de carricoches a los mejores precios.<\/p>\n<p>En Centrobebe disponemos de una amplia variedad de\u00a0<strong>coches de beb\u00e9<\/strong>\u00a0de las principales marcas del mercado que garantizan la calidad y la asistencia t\u00e9cnica ante cualquier incidencia.<\/p>\n<p>Puedes comprar on line tu cochecito de bebe al mejor precio.<\/p>","protected":false},"excerpt":{"rendered":"<p>El nuevo cochecito Muum 4 forma parte de la nueva generaci\u00f3n de chasis de Jan\u00e9: con un dise\u00f1o totalmente actualizado y mejoras en sus prestaciones.<\/p>\n<p>\u00a1Compra online al mejor precio y financia ahora!<\/p>","protected":false},"featured_media":56719,"template":"","meta":[],"pwb-brand":[385],"product_cat":[154,585],"product_tag":[184,612],"class_list":{"0":"post-48159","1":"product","2":"type-product","3":"status-publish","4":"has-post-thumbnail","6":"pwb-brand-jane","7":"product_cat-cochecitos-bebe","8":"product_cat-cochecitos-dos-piezas","9":"product_tag-jane","10":"product_tag-muum","11":"pa_color-azul-lago","12":"pa_color-azul","13":"pa_color-beige","14":"pa_color-beige-claro","15":"pa_color-gris","16":"pa_color-negro","17":"pa_color-verde","18":"pa_color-verde-oliva","19":"tm-no-options","21":"first","22":"instock","23":"sale","24":"featured","25":"taxable","26":"shipping-taxable","27":"purchasable","28":"product-type-variable","29":"wvs-archive-product-wrapper"},"yoast_head":"<!-- This site is optimized with the Yoast SEO plugin v26.9 - https:\/\/yoast.com\/product\/yoast-seo-wordpress\/ -->\n<title>\u27052025-Coche Jane Muum 4+Sweet - Dos Piezas - Centro Beb\u00e9<\/title>\n<meta name=\"description\" content=\"El Cochecito de Beb\u00e9 Jane Muum 4 Sweet tiene un dise\u00f1o actualizado. \u00a1Hazte con este Coche de Beb\u00e9 Jane Muum 4 Sweet en la web!\" \/>\n<meta name=\"robots\" content=\"index, follow, max-snippet:-1, max-image-preview:large, max-video-preview:-1\" \/>\n<link rel=\"canonical\" href=\"https:\/\/centrobebe.es\/en\/shop\/centrobebe\/cochecitos-y-sillas-de-paseo-de-bebe\/cochecitos-bebe\/cochecitos-dos-piezas\/cochecito-jane-muum-4-sweet-2-dos-piezas\/\" \/>\n<meta property=\"og:locale\" content=\"en_GB\" \/>\n<meta property=\"og:type\" content=\"article\" \/>\n<meta property=\"og:title\" content=\"\u27052025-Coche Jane Muum 4+Sweet - Dos Piezas - Centro Beb\u00e9\" \/>\n<meta property=\"og:description\" content=\"El Cochecito de Beb\u00e9 Jane Muum 4 Sweet tiene un dise\u00f1o actualizado. \u00a1Hazte con este Coche de Beb\u00e9 Jane Muum 4 Sweet en la web!\" \/>\n<meta property=\"og:url\" content=\"https:\/\/centrobebe.es\/en\/shop\/centrobebe\/cochecitos-y-sillas-de-paseo-de-bebe\/cochecitos-bebe\/cochecitos-dos-piezas\/cochecito-jane-muum-4-sweet-2-dos-piezas\/\" \/>\n<meta property=\"og:site_name\" content=\"Centrobeb\u00e9\" \/>\n<meta property=\"article:publisher\" content=\"https:\/\/www.facebook.com\/centrobebe\/\" \/>\n<meta property=\"article:modified_time\" content=\"2026-03-20T12:43:23+00:00\" \/>\n<meta property=\"og:image\" content=\"https:\/\/centrobebe.es\/wp-content\/uploads\/2025\/10\/coche-silla-muum-jane-2024.jpg\" \/>\n\t<meta property=\"og:image:width\" content=\"579\" \/>\n\t<meta property=\"og:image:height\" content=\"579\" \/>\n\t<meta property=\"og:image:type\" content=\"image\/jpeg\" \/>\n<meta name=\"twitter:card\" content=\"summary_large_image\" \/>\n<meta name=\"twitter:site\" content=\"@centrobebe\" \/>\n<meta name=\"twitter:label1\" content=\"Estimated reading time\" \/>\n\t<meta name=\"twitter:data1\" content=\"4 minutes\" \/>\n<script type=\"application\/ld+json\" class=\"yoast-schema-graph\">{\"@context\":\"https:\/\/schema.org\",\"@graph\":[{\"@type\":\"WebPage\",\"@id\":\"https:\/\/centrobebe.es\/shop\/centrobebe\/cochecitos-y-sillas-de-paseo-de-bebe\/cochecitos-bebe\/cochecitos-dos-piezas\/cochecito-jane-muum-4-sweet-2-dos-piezas\/\",\"url\":\"https:\/\/centrobebe.es\/shop\/centrobebe\/cochecitos-y-sillas-de-paseo-de-bebe\/cochecitos-bebe\/cochecitos-dos-piezas\/cochecito-jane-muum-4-sweet-2-dos-piezas\/\",\"name\":\"\u27052025-Coche Jane Muum 4+Sweet - Dos Piezas - Centro Beb\u00e9\",\"isPartOf\":{\"@id\":\"https:\/\/centrobebe.es\/#website\"},\"primaryImageOfPage\":{\"@id\":\"https:\/\/centrobebe.es\/shop\/centrobebe\/cochecitos-y-sillas-de-paseo-de-bebe\/cochecitos-bebe\/cochecitos-dos-piezas\/cochecito-jane-muum-4-sweet-2-dos-piezas\/#primaryimage\"},\"image\":{\"@id\":\"https:\/\/centrobebe.es\/shop\/centrobebe\/cochecitos-y-sillas-de-paseo-de-bebe\/cochecitos-bebe\/cochecitos-dos-piezas\/cochecito-jane-muum-4-sweet-2-dos-piezas\/#primaryimage\"},\"thumbnailUrl\":\"https:\/\/centrobebe.es\/wp-content\/uploads\/2025\/10\/coche-silla-muum-jane-2024.jpg\",\"datePublished\":\"2023-11-17T16:37:10+00:00\",\"dateModified\":\"2026-03-20T12:43:23+00:00\",\"description\":\"El Cochecito de Beb\u00e9 Jane Muum 4 Sweet tiene un dise\u00f1o actualizado. \u00a1Hazte con este Coche de Beb\u00e9 Jane Muum 4 Sweet en la web!\",\"breadcrumb\":{\"@id\":\"https:\/\/centrobebe.es\/shop\/centrobebe\/cochecitos-y-sillas-de-paseo-de-bebe\/cochecitos-bebe\/cochecitos-dos-piezas\/cochecito-jane-muum-4-sweet-2-dos-piezas\/#breadcrumb\"},\"inLanguage\":\"en-GB\",\"potentialAction\":[{\"@type\":\"ReadAction\",\"target\":[\"https:\/\/centrobebe.es\/shop\/centrobebe\/cochecitos-y-sillas-de-paseo-de-bebe\/cochecitos-bebe\/cochecitos-dos-piezas\/cochecito-jane-muum-4-sweet-2-dos-piezas\/\"]}]},{\"@type\":\"ImageObject\",\"inLanguage\":\"en-GB\",\"@id\":\"https:\/\/centrobebe.es\/shop\/centrobebe\/cochecitos-y-sillas-de-paseo-de-bebe\/cochecitos-bebe\/cochecitos-dos-piezas\/cochecito-jane-muum-4-sweet-2-dos-piezas\/#primaryimage\",\"url\":\"https:\/\/centrobebe.es\/wp-content\/uploads\/2025\/10\/coche-silla-muum-jane-2024.jpg\",\"contentUrl\":\"https:\/\/centrobebe.es\/wp-content\/uploads\/2025\/10\/coche-silla-muum-jane-2024.jpg\",\"width\":579,\"height\":579,\"caption\":\"MUUM U88\"},{\"@type\":\"BreadcrumbList\",\"@id\":\"https:\/\/centrobebe.es\/shop\/centrobebe\/cochecitos-y-sillas-de-paseo-de-bebe\/cochecitos-bebe\/cochecitos-dos-piezas\/cochecito-jane-muum-4-sweet-2-dos-piezas\/#breadcrumb\",\"itemListElement\":[{\"@type\":\"ListItem\",\"position\":1,\"name\":\"Portada\",\"item\":\"https:\/\/centrobebe.es\/\"},{\"@type\":\"ListItem\",\"position\":2,\"name\":\"Shop\",\"item\":\"https:\/\/centrobebe.es\/shop\/\"},{\"@type\":\"ListItem\",\"position\":3,\"name\":\"Cochecito Jane Muum 4 Sweet 2 Dos piezas 2025 (Versi\u00f3n sin Bolso y sin Pl\u00e1stico)\"}]},{\"@type\":\"WebSite\",\"@id\":\"https:\/\/centrobebe.es\/#website\",\"url\":\"https:\/\/centrobebe.es\/\",\"name\":\"Centrobeb\u00e9\",\"description\":\"Tienda de bebe online | Todo lo que tu bebe necesita\",\"publisher\":{\"@id\":\"https:\/\/centrobebe.es\/#organization\"},\"alternateName\":\"Centrobeb\u00e9\",\"potentialAction\":[{\"@type\":\"SearchAction\",\"target\":{\"@type\":\"EntryPoint\",\"urlTemplate\":\"https:\/\/centrobebe.es\/?s={search_term_string}\"},\"query-input\":{\"@type\":\"PropertyValueSpecification\",\"valueRequired\":true,\"valueName\":\"search_term_string\"}}],\"inLanguage\":\"en-GB\"},{\"@type\":\"Organization\",\"@id\":\"https:\/\/centrobebe.es\/#organization\",\"name\":\"Centrobebe\",\"alternateName\":\"Centrobebe\",\"url\":\"https:\/\/centrobebe.es\/\",\"logo\":{\"@type\":\"ImageObject\",\"inLanguage\":\"en-GB\",\"@id\":\"https:\/\/centrobebe.es\/#\/schema\/logo\/image\/\",\"url\":\"https:\/\/centrobebe.es\/wp-content\/uploads\/2018\/06\/icono3-e1557940133982.png\",\"contentUrl\":\"https:\/\/centrobebe.es\/wp-content\/uploads\/2018\/06\/icono3-e1557940133982.png\",\"width\":34,\"height\":29,\"caption\":\"Centrobebe\"},\"image\":{\"@id\":\"https:\/\/centrobebe.es\/#\/schema\/logo\/image\/\"},\"sameAs\":[\"https:\/\/www.facebook.com\/centrobebe\/\",\"https:\/\/x.com\/centrobebe\",\"https:\/\/www.instagram.com\/centrobebe.es\/\",\"https:\/\/www.youtube.com\/channel\/UCVU-jcFuwntnxOhxvSbf3hg\"]}]}<\/script>\n<!-- \/ Yoast SEO plugin. -->","yoast_head_json":{"title":"\u27052025-Coche Jane Muum 4+Sweet - Dos Piezas - Centro Beb\u00e9","description":"El Cochecito de Beb\u00e9 Jane Muum 4 Sweet tiene un dise\u00f1o actualizado. \u00a1Hazte con este Coche de Beb\u00e9 Jane Muum 4 Sweet en la web!","robots":{"index":"index","follow":"follow","max-snippet":"max-snippet:-1","max-image-preview":"max-image-preview:large","max-video-preview":"max-video-preview:-1"},"canonical":"https:\/\/centrobebe.es\/en\/shop\/centrobebe\/cochecitos-y-sillas-de-paseo-de-bebe\/cochecitos-bebe\/cochecitos-dos-piezas\/cochecito-jane-muum-4-sweet-2-dos-piezas\/","og_locale":"en_GB","og_type":"article","og_title":"\u27052025-Coche Jane Muum 4+Sweet - Dos Piezas - Centro Beb\u00e9","og_description":"El Cochecito de Beb\u00e9 Jane Muum 4 Sweet tiene un dise\u00f1o actualizado. \u00a1Hazte con este Coche de Beb\u00e9 Jane Muum 4 Sweet en la web!","og_url":"https:\/\/centrobebe.es\/en\/shop\/centrobebe\/cochecitos-y-sillas-de-paseo-de-bebe\/cochecitos-bebe\/cochecitos-dos-piezas\/cochecito-jane-muum-4-sweet-2-dos-piezas\/","og_site_name":"Centrobeb\u00e9","article_publisher":"https:\/\/www.facebook.com\/centrobebe\/","article_modified_time":"2026-03-20T12:43:23+00:00","og_image":[{"width":579,"height":579,"url":"https:\/\/centrobebe.es\/wp-content\/uploads\/2025\/10\/coche-silla-muum-jane-2024.jpg","type":"image\/jpeg"}],"twitter_card":"summary_large_image","twitter_site":"@centrobebe","twitter_misc":{"Estimated reading time":"4 minutes"},"schema":{"@context":"https:\/\/schema.org","@graph":[{"@type":"WebPage","@id":"https:\/\/centrobebe.es\/shop\/centrobebe\/cochecitos-y-sillas-de-paseo-de-bebe\/cochecitos-bebe\/cochecitos-dos-piezas\/cochecito-jane-muum-4-sweet-2-dos-piezas\/","url":"https:\/\/centrobebe.es\/shop\/centrobebe\/cochecitos-y-sillas-de-paseo-de-bebe\/cochecitos-bebe\/cochecitos-dos-piezas\/cochecito-jane-muum-4-sweet-2-dos-piezas\/","name":"\u27052025-Coche Jane Muum 4+Sweet - Dos Piezas - Centro Beb\u00e9","isPartOf":{"@id":"https:\/\/centrobebe.es\/#website"},"primaryImageOfPage":{"@id":"https:\/\/centrobebe.es\/shop\/centrobebe\/cochecitos-y-sillas-de-paseo-de-bebe\/cochecitos-bebe\/cochecitos-dos-piezas\/cochecito-jane-muum-4-sweet-2-dos-piezas\/#primaryimage"},"image":{"@id":"https:\/\/centrobebe.es\/shop\/centrobebe\/cochecitos-y-sillas-de-paseo-de-bebe\/cochecitos-bebe\/cochecitos-dos-piezas\/cochecito-jane-muum-4-sweet-2-dos-piezas\/#primaryimage"},"thumbnailUrl":"https:\/\/centrobebe.es\/wp-content\/uploads\/2025\/10\/coche-silla-muum-jane-2024.jpg","datePublished":"2023-11-17T16:37:10+00:00","dateModified":"2026-03-20T12:43:23+00:00","description":"El Cochecito de Beb\u00e9 Jane Muum 4 Sweet tiene un dise\u00f1o actualizado. \u00a1Hazte con este Coche de Beb\u00e9 Jane Muum 4 Sweet en la web!","breadcrumb":{"@id":"https:\/\/centrobebe.es\/shop\/centrobebe\/cochecitos-y-sillas-de-paseo-de-bebe\/cochecitos-bebe\/cochecitos-dos-piezas\/cochecito-jane-muum-4-sweet-2-dos-piezas\/#breadcrumb"},"inLanguage":"en-GB","potentialAction":[{"@type":"ReadAction","target":["https:\/\/centrobebe.es\/shop\/centrobebe\/cochecitos-y-sillas-de-paseo-de-bebe\/cochecitos-bebe\/cochecitos-dos-piezas\/cochecito-jane-muum-4-sweet-2-dos-piezas\/"]}]},{"@type":"ImageObject","inLanguage":"en-GB","@id":"https:\/\/centrobebe.es\/shop\/centrobebe\/cochecitos-y-sillas-de-paseo-de-bebe\/cochecitos-bebe\/cochecitos-dos-piezas\/cochecito-jane-muum-4-sweet-2-dos-piezas\/#primaryimage","url":"https:\/\/centrobebe.es\/wp-content\/uploads\/2025\/10\/coche-silla-muum-jane-2024.jpg","contentUrl":"https:\/\/centrobebe.es\/wp-content\/uploads\/2025\/10\/coche-silla-muum-jane-2024.jpg","width":579,"height":579,"caption":"MUUM U88"},{"@type":"BreadcrumbList","@id":"https:\/\/centrobebe.es\/shop\/centrobebe\/cochecitos-y-sillas-de-paseo-de-bebe\/cochecitos-bebe\/cochecitos-dos-piezas\/cochecito-jane-muum-4-sweet-2-dos-piezas\/#breadcrumb","itemListElement":[{"@type":"ListItem","position":1,"name":"Portada","item":"https:\/\/centrobebe.es\/"},{"@type":"ListItem","position":2,"name":"Shop","item":"https:\/\/centrobebe.es\/shop\/"},{"@type":"ListItem","position":3,"name":"Cochecito Jane Muum 4 Sweet 2 Dos piezas 2025 (Versi\u00f3n sin Bolso y sin Pl\u00e1stico)"}]},{"@type":"WebSite","@id":"https:\/\/centrobebe.es\/#website","url":"https:\/\/centrobebe.es\/","name":"Centrobeb\u00e9","description":"Tienda de bebe online | Todo lo que tu bebe necesita","publisher":{"@id":"https:\/\/centrobebe.es\/#organization"},"alternateName":"Centrobeb\u00e9","potentialAction":[{"@type":"SearchAction","target":{"@type":"EntryPoint","urlTemplate":"https:\/\/centrobebe.es\/?s={search_term_string}"},"query-input":{"@type":"PropertyValueSpecification","valueRequired":true,"valueName":"search_term_string"}}],"inLanguage":"en-GB"},{"@type":"Organization","@id":"https:\/\/centrobebe.es\/#organization","name":"Centrobebe","alternateName":"Centrobebe","url":"https:\/\/centrobebe.es\/","logo":{"@type":"ImageObject","inLanguage":"en-GB","@id":"https:\/\/centrobebe.es\/#\/schema\/logo\/image\/","url":"https:\/\/centrobebe.es\/wp-content\/uploads\/2018\/06\/icono3-e1557940133982.png","contentUrl":"https:\/\/centrobebe.es\/wp-content\/uploads\/2018\/06\/icono3-e1557940133982.png","width":34,"height":29,"caption":"Centrobebe"},"image":{"@id":"https:\/\/centrobebe.es\/#\/schema\/logo\/image\/"},"sameAs":["https:\/\/www.facebook.com\/centrobebe\/","https:\/\/x.com\/centrobebe","https:\/\/www.instagram.com\/centrobebe.es\/","https:\/\/www.youtube.com\/channel\/UCVU-jcFuwntnxOhxvSbf3hg"]}]}},"brands":[{"id":385,"name":"Jane","slug":"jane"}],"_links":{"self":[{"href":"https:\/\/centrobebe.es\/en\/wp-json\/wp\/v2\/product\/48159","targetHints":{"allow":["GET"]}}],"collection":[{"href":"https:\/\/centrobebe.es\/en\/wp-json\/wp\/v2\/product"}],"about":[{"href":"https:\/\/centrobebe.es\/en\/wp-json\/wp\/v2\/types\/product"}],"version-history":[{"count":6,"href":"https:\/\/centrobebe.es\/en\/wp-json\/wp\/v2\/product\/48159\/revisions"}],"predecessor-version":[{"id":57194,"href":"https:\/\/centrobebe.es\/en\/wp-json\/wp\/v2\/product\/48159\/revisions\/57194"}],"wp:featuredmedia":[{"embeddable":true,"href":"https:\/\/centrobebe.es\/en\/wp-json\/wp\/v2\/media\/56719"}],"wp:attachment":[{"href":"https:\/\/centrobebe.es\/en\/wp-json\/wp\/v2\/media?parent=48159"}],"wp:term":[{"taxonomy":"pwb-brand","embeddable":true,"href":"https:\/\/centrobebe.es\/en\/wp-json\/wp\/v2\/pwb-brand?post=48159"},{"taxonomy":"product_cat","embeddable":true,"href":"https:\/\/centrobebe.es\/en\/wp-json\/wp\/v2\/product_cat?post=48159"},{"taxonomy":"product_tag","embeddable":true,"href":"https:\/\/centrobebe.es\/en\/wp-json\/wp\/v2\/product_tag?post=48159"}],"curies":[{"name":"wp","href":"https:\/\/api.w.org\/{rel}","templated":true}]}}