{"id":48498,"date":"2023-12-13T19:24:48","date_gmt":"2023-12-13T19:24:48","guid":{"rendered":"https:\/\/centrobebe.es\/?post_type=product&#038;p=48498"},"modified":"2025-04-21T08:40:16","modified_gmt":"2025-04-21T08:40:16","slug":"silla-coche-kinderkraft-xpand-2-isize-100-150-cm-plegable","status":"publish","type":"product","link":"https:\/\/centrobebe.es\/en\/shop\/centrobebe\/el-viaje\/sillas-de-auto\/grupo-2-3-sillas-de-auto\/silla-coche-kinderkraft-xpand-2-isize-100-150-cm-plegable\/","title":{"rendered":"Silla Coche Kinderkraft Xpand 2 Isize 100-150 cm Plegable"},"content":{"rendered":"<h1>Silla Coche Kinderkraft Xpand 2 Isize<\/h1>\n<p>Kinderkraft Xpand 2 es la nueva silla iSize plegable para los m\u00e1s mayores de 100 a 150 cm. Perfecta para viajar con sus medidas aptas como equipaje de mano.<\/p>\n<p>Kinderkraft Xpand 2 ofrece seguridad en el autom\u00f3vil de 100 a 150 cm (de los 4 hasta los 12 a\u00f1os aproximadamente) homologada bajo la norma i-size R129 .<br \/>\nDestaca por su comodidad y practicidad,se pliega f\u00e1cilmente quedando muy compacta.<\/p>\n<p><iframe title=\"Silla de coche XPAND 2 100-150 cm Kinderkraft | ISOFIX\" src=\"https:\/\/www.youtube.com\/embed\/jQ5p6niVYNQ\" width=\"1030\" height=\"579\" frameborder=\"0\" allowfullscreen=\"allowfullscreen\"><\/iframe><\/p>\n<p>La silla de coche tambi\u00e9n posee sistemas de seguridad adicionales, como SPS (Side Protect System) y H-GUARD SYSTEM. Los protectores laterales reforzados y el reposacabezas de 3 capas con espuma viscoel\u00e1stica absorben la energ\u00eda generada durante el impacto para impedir que afecte a la cabeza, los hombros y la cadera del ni\u00f1o. XPAND 2 i-Size se monta f\u00e1cilmente con ISOFIX, que posee indicadores de instalaci\u00f3n adecuada.\u00a0\u00a0As\u00ed no hay riesgo de enganchar mal la silla: cuando aparezca el color verde, significa que la silla se ha instalado bien.<\/p>\n<h3>Nivel de Seguridad \u00d3ptimo Kinderkraft Xpand 2<\/h3>\n<p>La silla de coche XPAND 2 i-Size se ha testado en condiciones m\u00e1s exigentes de lo que requiere la normativa (impactos laterales y frontales). El certificado de cumplimiento con las \u00faltimas normativas te permitir\u00e1 centrarte en la carretera, ya que sabr\u00e1s que tu ni\u00f1o est\u00e1 seguro.<\/p>\n<h3>Duo Expand System<\/h3>\n<p>La silla de coche XPAND 2 i-Size permite regular al mismo tiempo la anchura y la altura. Por lo tanto, el peque se sentar\u00e1 c\u00f3modo y seguro durante muchos a\u00f1os. \u00a1Recuerda que hay que ajustar bien los protectores laterales y el reposacabezas para proteger la columna y la cabeza sensibles del ni\u00f1o!<\/p>\n<h3>Side Protect System<\/h3>\n<p>Los protectores laterales reforzados aseguran al ni\u00f1o en caso de impacto lateral. Su estructura permite absorber la energ\u00eda generada durante la colisi\u00f3n e impide que llegue al ni\u00f1o para proteger sus hombros y columna.<\/p>\n<h3>H-Guard System<\/h3>\n<p>XPAND 2 i-Size est\u00e1 equipado con un reposacabezas de espuma viscoel\u00e1stica amplio y profundo. El reposacabezas de 3 capas protege a la perfecci\u00f3n en caso de choques absorbiendo la energ\u00eda e impidiendo que llegue a la cabeza del ni\u00f1o.<\/p>\n<h3>Instalaci\u00f3n Sencilla Con Isofix<\/h3>\n<p>Los conectores regulables ISOFIX permiten enganchar la silla al coche en un instante. Los indicadores especiales reducen el riesgo de que se instale mal, ya que una vez la silla est\u00e9 bien enganchada, aparecer\u00e1 el color verde en ellos. La silla se adapta perfectamente al asiento del coche. Adem\u00e1s, gracias a sus gu\u00edas, podr\u00e1s abrochar al ni\u00f1o con el cintur\u00f3n del coche sin problemas.<\/p>\n<h3>Viaje C\u00f3modo<\/h3>\n<p>XPAND 2 i-Size tiene un asiento amplio y blando. Gracias a su regulaci\u00f3n y la espuma blanda, el ni\u00f1o viajar\u00e1 seguro y c\u00f3modo durante muchos a\u00f1os en trayectos cortos y largos.<\/p>\n<h3>Materiales De Alta Calidad<\/h3>\n<p>El forro est\u00e1 hecho de materiales suaves, resistentes y f\u00e1ciles de limpiar para que el ni\u00f1o viaje seguro y c\u00f3modo durante muchos a\u00f1os, mientras que la silla se mantiene como nueva.<\/p>\n<h3>Plegable<\/h3>\n<p>La silla se puede plegar para transportarla. \u00bfVais de visita a casa de los abuelos o ten\u00e9is que mudaros? \u00bfHay que dejar el coche en el taller y sacar la silla? XPAND 2 i-Size se despliega y pliega f\u00e1cilmente para que ocupe menos sitio.<\/p>\n<h3>Composici\u00f3n<\/h3>\n<p>Materiales: poli\u00e9ster, espuma viscoel\u00e1stica, pl\u00e1stico PP<\/p>\n<h3>Dimensiones:<\/h3>\n<p>Producto plegado: 62 x 42 x 44 cm (alto x largo x ancho)<\/p>\n<p>Producto desplegado: 81 x 42 x 47 cm<\/p>\n<p>Resto:<\/p>\n<p>Longitud interior del asiento: 34 cm<\/p>\n<p>Anchura exterior del asiento: 39 cm<\/p>\n<p>Anchura interior del asiento (h\u00e1bil): 36 cm<\/p>\n<p>Anchura exterior: 44 cm<\/p>\n<p>Altura interior m\u00ednima: 54 cm<\/p>\n<p>Altura interior m\u00e1xima: 73 cm<\/p>\n<p>Altura exterior m\u00ednima: 62 cm<\/p>\n<p>Altura exterior m\u00e1xima: 81 cm<\/p>\n<p>Anchura interior del respaldo (m\u00ednima-m\u00e1xima): 35-42 cm<\/p>\n<p>Anchura exterior del respaldo: 47-51 cm<\/p>\n<p>Anchura exterior del reposacabezas: 37 cm<\/p>\n<p>Anchura interior del reposacabezas: 20 cm<\/p>\n<p>Peso: 5,5 kg<\/p>\n<p>Si buscas comprar una <strong><a href=\"https:\/\/centrobebe.es\/en\/product-category\/centrobebe\/el-viaje\/sillas-de-auto\/\">silla de coche para beb\u00e9s<\/a><\/strong>, en Centrobebe encontrar\u00e1s gran variedad de sillas de las mejores marcas del mercado. Sillas de coche baratas hasta m\u00e1s exclusivas.<\/p>\n<p>Web del fabricante,<a href=\"https:\/\/janeworld.com\/\">aqu\u00ed.<\/a><\/p>","protected":false},"excerpt":{"rendered":"<p>Silla coche kinderkraft xpand 2 Isize Isofix. La nueva silla Be Cool plegable<\/p>\n<p>\u00a1Compra online y financia ahora al mejor precio!<\/p>","protected":false},"featured_media":55119,"template":"","meta":[],"pwb-brand":[611],"product_cat":[159,455],"product_tag":[],"class_list":{"0":"post-48498","1":"product","2":"type-product","3":"status-publish","4":"has-post-thumbnail","6":"pwb-brand-kinderkraft","7":"product_cat-sillas-de-auto","8":"product_cat-grupo-2-3-sillas-de-auto","9":"pa_color-gris","10":"pa_color-negro","11":"pa_color-turquesa","12":"tm-no-options","14":"first","15":"instock","16":"taxable","17":"shipping-taxable","18":"purchasable","19":"product-type-simple"},"yoast_head":"<!-- This site is optimized with the Yoast SEO plugin v26.9 - https:\/\/yoast.com\/product\/yoast-seo-wordpress\/ -->\n<title>kinderkraft xpand 2 Isize 100-150 cm - Sillas Coche 2024- Centrobeb\u00e9<\/title>\n<meta name=\"description\" content=\"Novedosa silla coche kinderkraft xpand 2 Isize. Plegable para facilitar el transporte. Financiala facilmente a trav\u00e9s de la web.\" \/>\n<meta name=\"robots\" content=\"index, follow, max-snippet:-1, max-image-preview:large, max-video-preview:-1\" \/>\n<link rel=\"canonical\" href=\"https:\/\/centrobebe.es\/en\/shop\/centrobebe\/el-viaje\/sillas-de-auto\/grupo-2-3-sillas-de-auto\/silla-coche-kinderkraft-xpand-2-isize-100-150-cm-plegable\/\" \/>\n<meta property=\"og:locale\" content=\"en_GB\" \/>\n<meta property=\"og:type\" content=\"article\" \/>\n<meta property=\"og:title\" content=\"kinderkraft xpand 2 Isize 100-150 cm - Sillas Coche 2024- Centrobeb\u00e9\" \/>\n<meta property=\"og:description\" content=\"Novedosa silla coche kinderkraft xpand 2 Isize. Plegable para facilitar el transporte. Financiala facilmente a trav\u00e9s de la web.\" \/>\n<meta property=\"og:url\" content=\"https:\/\/centrobebe.es\/en\/shop\/centrobebe\/el-viaje\/sillas-de-auto\/grupo-2-3-sillas-de-auto\/silla-coche-kinderkraft-xpand-2-isize-100-150-cm-plegable\/\" \/>\n<meta property=\"og:site_name\" content=\"Centrobeb\u00e9\" \/>\n<meta property=\"article:publisher\" content=\"https:\/\/www.facebook.com\/centrobebe\/\" \/>\n<meta property=\"article:modified_time\" content=\"2025-04-21T08:40:16+00:00\" \/>\n<meta property=\"og:image\" content=\"https:\/\/centrobebe.es\/wp-content\/uploads\/2023\/12\/kk-xpand-2-black-miniaturka.webp\" \/>\n\t<meta property=\"og:image:width\" content=\"1200\" \/>\n\t<meta property=\"og:image:height\" content=\"1200\" \/>\n\t<meta property=\"og:image:type\" content=\"image\/webp\" \/>\n<meta name=\"twitter:card\" content=\"summary_large_image\" \/>\n<meta name=\"twitter:site\" content=\"@centrobebe\" \/>\n<meta name=\"twitter:label1\" content=\"Estimated reading time\" \/>\n\t<meta name=\"twitter:data1\" content=\"4 minutes\" \/>\n<script type=\"application\/ld+json\" class=\"yoast-schema-graph\">{\"@context\":\"https:\/\/schema.org\",\"@graph\":[{\"@type\":\"WebPage\",\"@id\":\"https:\/\/centrobebe.es\/shop\/centrobebe\/el-viaje\/sillas-de-auto\/grupo-2-3-sillas-de-auto\/silla-coche-kinderkraft-xpand-2-isize-100-150-cm-plegable\/\",\"url\":\"https:\/\/centrobebe.es\/shop\/centrobebe\/el-viaje\/sillas-de-auto\/grupo-2-3-sillas-de-auto\/silla-coche-kinderkraft-xpand-2-isize-100-150-cm-plegable\/\",\"name\":\"kinderkraft xpand 2 Isize 100-150 cm - Sillas Coche 2024- Centrobeb\u00e9\",\"isPartOf\":{\"@id\":\"https:\/\/centrobebe.es\/#website\"},\"primaryImageOfPage\":{\"@id\":\"https:\/\/centrobebe.es\/shop\/centrobebe\/el-viaje\/sillas-de-auto\/grupo-2-3-sillas-de-auto\/silla-coche-kinderkraft-xpand-2-isize-100-150-cm-plegable\/#primaryimage\"},\"image\":{\"@id\":\"https:\/\/centrobebe.es\/shop\/centrobebe\/el-viaje\/sillas-de-auto\/grupo-2-3-sillas-de-auto\/silla-coche-kinderkraft-xpand-2-isize-100-150-cm-plegable\/#primaryimage\"},\"thumbnailUrl\":\"https:\/\/centrobebe.es\/wp-content\/uploads\/2023\/12\/kk-xpand-2-black-miniaturka.webp\",\"datePublished\":\"2023-12-13T19:24:48+00:00\",\"dateModified\":\"2025-04-21T08:40:16+00:00\",\"description\":\"Novedosa silla coche kinderkraft xpand 2 Isize. Plegable para facilitar el transporte. Financiala facilmente a trav\u00e9s de la web.\",\"breadcrumb\":{\"@id\":\"https:\/\/centrobebe.es\/shop\/centrobebe\/el-viaje\/sillas-de-auto\/grupo-2-3-sillas-de-auto\/silla-coche-kinderkraft-xpand-2-isize-100-150-cm-plegable\/#breadcrumb\"},\"inLanguage\":\"en-GB\",\"potentialAction\":[{\"@type\":\"ReadAction\",\"target\":[\"https:\/\/centrobebe.es\/shop\/centrobebe\/el-viaje\/sillas-de-auto\/grupo-2-3-sillas-de-auto\/silla-coche-kinderkraft-xpand-2-isize-100-150-cm-plegable\/\"]}]},{\"@type\":\"ImageObject\",\"inLanguage\":\"en-GB\",\"@id\":\"https:\/\/centrobebe.es\/shop\/centrobebe\/el-viaje\/sillas-de-auto\/grupo-2-3-sillas-de-auto\/silla-coche-kinderkraft-xpand-2-isize-100-150-cm-plegable\/#primaryimage\",\"url\":\"https:\/\/centrobebe.es\/wp-content\/uploads\/2023\/12\/kk-xpand-2-black-miniaturka.webp\",\"contentUrl\":\"https:\/\/centrobebe.es\/wp-content\/uploads\/2023\/12\/kk-xpand-2-black-miniaturka.webp\",\"width\":1200,\"height\":1200,\"caption\":\"silla auto kinderkraft xpand\"},{\"@type\":\"BreadcrumbList\",\"@id\":\"https:\/\/centrobebe.es\/shop\/centrobebe\/el-viaje\/sillas-de-auto\/grupo-2-3-sillas-de-auto\/silla-coche-kinderkraft-xpand-2-isize-100-150-cm-plegable\/#breadcrumb\",\"itemListElement\":[{\"@type\":\"ListItem\",\"position\":1,\"name\":\"Portada\",\"item\":\"https:\/\/centrobebe.es\/\"},{\"@type\":\"ListItem\",\"position\":2,\"name\":\"Shop\",\"item\":\"https:\/\/centrobebe.es\/shop\/\"},{\"@type\":\"ListItem\",\"position\":3,\"name\":\"Silla Coche Kinderkraft Xpand 2 Isize 100-150 cm Plegable\"}]},{\"@type\":\"WebSite\",\"@id\":\"https:\/\/centrobebe.es\/#website\",\"url\":\"https:\/\/centrobebe.es\/\",\"name\":\"Centrobeb\u00e9\",\"description\":\"Tienda de bebe online | Todo lo que tu bebe necesita\",\"publisher\":{\"@id\":\"https:\/\/centrobebe.es\/#organization\"},\"alternateName\":\"Centrobeb\u00e9\",\"potentialAction\":[{\"@type\":\"SearchAction\",\"target\":{\"@type\":\"EntryPoint\",\"urlTemplate\":\"https:\/\/centrobebe.es\/?s={search_term_string}\"},\"query-input\":{\"@type\":\"PropertyValueSpecification\",\"valueRequired\":true,\"valueName\":\"search_term_string\"}}],\"inLanguage\":\"en-GB\"},{\"@type\":\"Organization\",\"@id\":\"https:\/\/centrobebe.es\/#organization\",\"name\":\"Centrobebe\",\"alternateName\":\"Centrobebe\",\"url\":\"https:\/\/centrobebe.es\/\",\"logo\":{\"@type\":\"ImageObject\",\"inLanguage\":\"en-GB\",\"@id\":\"https:\/\/centrobebe.es\/#\/schema\/logo\/image\/\",\"url\":\"https:\/\/centrobebe.es\/wp-content\/uploads\/2018\/06\/icono3-e1557940133982.png\",\"contentUrl\":\"https:\/\/centrobebe.es\/wp-content\/uploads\/2018\/06\/icono3-e1557940133982.png\",\"width\":34,\"height\":29,\"caption\":\"Centrobebe\"},\"image\":{\"@id\":\"https:\/\/centrobebe.es\/#\/schema\/logo\/image\/\"},\"sameAs\":[\"https:\/\/www.facebook.com\/centrobebe\/\",\"https:\/\/x.com\/centrobebe\",\"https:\/\/www.instagram.com\/centrobebe.es\/\",\"https:\/\/www.youtube.com\/channel\/UCVU-jcFuwntnxOhxvSbf3hg\"]}]}<\/script>\n<!-- \/ Yoast SEO plugin. -->","yoast_head_json":{"title":"kinderkraft xpand 2 Isize 100-150 cm - Sillas Coche 2024- Centrobeb\u00e9","description":"Novedosa silla coche kinderkraft xpand 2 Isize. Plegable para facilitar el transporte. Financiala facilmente a trav\u00e9s de la web.","robots":{"index":"index","follow":"follow","max-snippet":"max-snippet:-1","max-image-preview":"max-image-preview:large","max-video-preview":"max-video-preview:-1"},"canonical":"https:\/\/centrobebe.es\/en\/shop\/centrobebe\/el-viaje\/sillas-de-auto\/grupo-2-3-sillas-de-auto\/silla-coche-kinderkraft-xpand-2-isize-100-150-cm-plegable\/","og_locale":"en_GB","og_type":"article","og_title":"kinderkraft xpand 2 Isize 100-150 cm - Sillas Coche 2024- Centrobeb\u00e9","og_description":"Novedosa silla coche kinderkraft xpand 2 Isize. Plegable para facilitar el transporte. Financiala facilmente a trav\u00e9s de la web.","og_url":"https:\/\/centrobebe.es\/en\/shop\/centrobebe\/el-viaje\/sillas-de-auto\/grupo-2-3-sillas-de-auto\/silla-coche-kinderkraft-xpand-2-isize-100-150-cm-plegable\/","og_site_name":"Centrobeb\u00e9","article_publisher":"https:\/\/www.facebook.com\/centrobebe\/","article_modified_time":"2025-04-21T08:40:16+00:00","og_image":[{"width":1200,"height":1200,"url":"https:\/\/centrobebe.es\/wp-content\/uploads\/2023\/12\/kk-xpand-2-black-miniaturka.webp","type":"image\/webp"}],"twitter_card":"summary_large_image","twitter_site":"@centrobebe","twitter_misc":{"Estimated reading time":"4 minutes"},"schema":{"@context":"https:\/\/schema.org","@graph":[{"@type":"WebPage","@id":"https:\/\/centrobebe.es\/shop\/centrobebe\/el-viaje\/sillas-de-auto\/grupo-2-3-sillas-de-auto\/silla-coche-kinderkraft-xpand-2-isize-100-150-cm-plegable\/","url":"https:\/\/centrobebe.es\/shop\/centrobebe\/el-viaje\/sillas-de-auto\/grupo-2-3-sillas-de-auto\/silla-coche-kinderkraft-xpand-2-isize-100-150-cm-plegable\/","name":"kinderkraft xpand 2 Isize 100-150 cm - Sillas Coche 2024- Centrobeb\u00e9","isPartOf":{"@id":"https:\/\/centrobebe.es\/#website"},"primaryImageOfPage":{"@id":"https:\/\/centrobebe.es\/shop\/centrobebe\/el-viaje\/sillas-de-auto\/grupo-2-3-sillas-de-auto\/silla-coche-kinderkraft-xpand-2-isize-100-150-cm-plegable\/#primaryimage"},"image":{"@id":"https:\/\/centrobebe.es\/shop\/centrobebe\/el-viaje\/sillas-de-auto\/grupo-2-3-sillas-de-auto\/silla-coche-kinderkraft-xpand-2-isize-100-150-cm-plegable\/#primaryimage"},"thumbnailUrl":"https:\/\/centrobebe.es\/wp-content\/uploads\/2023\/12\/kk-xpand-2-black-miniaturka.webp","datePublished":"2023-12-13T19:24:48+00:00","dateModified":"2025-04-21T08:40:16+00:00","description":"Novedosa silla coche kinderkraft xpand 2 Isize. Plegable para facilitar el transporte. Financiala facilmente a trav\u00e9s de la web.","breadcrumb":{"@id":"https:\/\/centrobebe.es\/shop\/centrobebe\/el-viaje\/sillas-de-auto\/grupo-2-3-sillas-de-auto\/silla-coche-kinderkraft-xpand-2-isize-100-150-cm-plegable\/#breadcrumb"},"inLanguage":"en-GB","potentialAction":[{"@type":"ReadAction","target":["https:\/\/centrobebe.es\/shop\/centrobebe\/el-viaje\/sillas-de-auto\/grupo-2-3-sillas-de-auto\/silla-coche-kinderkraft-xpand-2-isize-100-150-cm-plegable\/"]}]},{"@type":"ImageObject","inLanguage":"en-GB","@id":"https:\/\/centrobebe.es\/shop\/centrobebe\/el-viaje\/sillas-de-auto\/grupo-2-3-sillas-de-auto\/silla-coche-kinderkraft-xpand-2-isize-100-150-cm-plegable\/#primaryimage","url":"https:\/\/centrobebe.es\/wp-content\/uploads\/2023\/12\/kk-xpand-2-black-miniaturka.webp","contentUrl":"https:\/\/centrobebe.es\/wp-content\/uploads\/2023\/12\/kk-xpand-2-black-miniaturka.webp","width":1200,"height":1200,"caption":"silla auto kinderkraft xpand"},{"@type":"BreadcrumbList","@id":"https:\/\/centrobebe.es\/shop\/centrobebe\/el-viaje\/sillas-de-auto\/grupo-2-3-sillas-de-auto\/silla-coche-kinderkraft-xpand-2-isize-100-150-cm-plegable\/#breadcrumb","itemListElement":[{"@type":"ListItem","position":1,"name":"Portada","item":"https:\/\/centrobebe.es\/"},{"@type":"ListItem","position":2,"name":"Shop","item":"https:\/\/centrobebe.es\/shop\/"},{"@type":"ListItem","position":3,"name":"Silla Coche Kinderkraft Xpand 2 Isize 100-150 cm Plegable"}]},{"@type":"WebSite","@id":"https:\/\/centrobebe.es\/#website","url":"https:\/\/centrobebe.es\/","name":"Centrobeb\u00e9","description":"Tienda de bebe online | Todo lo que tu bebe necesita","publisher":{"@id":"https:\/\/centrobebe.es\/#organization"},"alternateName":"Centrobeb\u00e9","potentialAction":[{"@type":"SearchAction","target":{"@type":"EntryPoint","urlTemplate":"https:\/\/centrobebe.es\/?s={search_term_string}"},"query-input":{"@type":"PropertyValueSpecification","valueRequired":true,"valueName":"search_term_string"}}],"inLanguage":"en-GB"},{"@type":"Organization","@id":"https:\/\/centrobebe.es\/#organization","name":"Centrobebe","alternateName":"Centrobebe","url":"https:\/\/centrobebe.es\/","logo":{"@type":"ImageObject","inLanguage":"en-GB","@id":"https:\/\/centrobebe.es\/#\/schema\/logo\/image\/","url":"https:\/\/centrobebe.es\/wp-content\/uploads\/2018\/06\/icono3-e1557940133982.png","contentUrl":"https:\/\/centrobebe.es\/wp-content\/uploads\/2018\/06\/icono3-e1557940133982.png","width":34,"height":29,"caption":"Centrobebe"},"image":{"@id":"https:\/\/centrobebe.es\/#\/schema\/logo\/image\/"},"sameAs":["https:\/\/www.facebook.com\/centrobebe\/","https:\/\/x.com\/centrobebe","https:\/\/www.instagram.com\/centrobebe.es\/","https:\/\/www.youtube.com\/channel\/UCVU-jcFuwntnxOhxvSbf3hg"]}]}},"brands":[{"id":611,"name":"Kinderkraft","slug":"kinderkraft"}],"_links":{"self":[{"href":"https:\/\/centrobebe.es\/en\/wp-json\/wp\/v2\/product\/48498","targetHints":{"allow":["GET"]}}],"collection":[{"href":"https:\/\/centrobebe.es\/en\/wp-json\/wp\/v2\/product"}],"about":[{"href":"https:\/\/centrobebe.es\/en\/wp-json\/wp\/v2\/types\/product"}],"version-history":[{"count":3,"href":"https:\/\/centrobebe.es\/en\/wp-json\/wp\/v2\/product\/48498\/revisions"}],"predecessor-version":[{"id":55120,"href":"https:\/\/centrobebe.es\/en\/wp-json\/wp\/v2\/product\/48498\/revisions\/55120"}],"wp:featuredmedia":[{"embeddable":true,"href":"https:\/\/centrobebe.es\/en\/wp-json\/wp\/v2\/media\/55119"}],"wp:attachment":[{"href":"https:\/\/centrobebe.es\/en\/wp-json\/wp\/v2\/media?parent=48498"}],"wp:term":[{"taxonomy":"pwb-brand","embeddable":true,"href":"https:\/\/centrobebe.es\/en\/wp-json\/wp\/v2\/pwb-brand?post=48498"},{"taxonomy":"product_cat","embeddable":true,"href":"https:\/\/centrobebe.es\/en\/wp-json\/wp\/v2\/product_cat?post=48498"},{"taxonomy":"product_tag","embeddable":true,"href":"https:\/\/centrobebe.es\/en\/wp-json\/wp\/v2\/product_tag?post=48498"}],"curies":[{"name":"wp","href":"https:\/\/api.w.org\/{rel}","templated":true}]}}