{"id":49584,"date":"2024-02-21T12:38:56","date_gmt":"2024-02-21T12:38:56","guid":{"rendered":"https:\/\/centrobebe.es\/?post_type=product&#038;p=49584"},"modified":"2025-12-22T17:54:09","modified_gmt":"2025-12-22T17:54:09","slug":"cuna-de-viaje-lorelli-torino-2-level","status":"publish","type":"product","link":"https:\/\/centrobebe.es\/en\/shop\/centrobebe\/el-viaje\/cunas-de-viaje\/cuna-de-viaje-lorelli-torino-2-level\/","title":{"rendered":"Cuna de Viaje Lorelli Torino 2 Level"},"content":{"rendered":"<h1>Cuna de Viaje Lorelli Torino 2<\/h1>\n<p>El\u00a0<span class=\"a-text-bold\">cuna de viaje Torino 2 niveles<\/span>\u00a0de Lorelli es pr\u00e1ctico y multifuncional. Es adecuada como cuna de viaje, corralito o cuna de beb\u00e9. La cuna de viaje tiene dos niveles, de los cuales el superior es apto para beb\u00e9s desde el nacimiento. Tan pronto como su hijo pueda arrodillarse o gatear, el nivel superior debe ser retirado por razones de seguridad. Hay una abertura con cremallera en el lateral que permite al ni\u00f1o entrar y salir de forma independiente. Se puede plegar hasta un tama\u00f1o compacto y guardarse para ahorrar espacio. Esto lo hace ideal para las habitaciones infantiles m\u00e1s peque\u00f1as.<\/p>\n<p><iframe title=\"Cuna viaje Lorelli torino 2 nevel\" src=\"https:\/\/www.youtube.com\/embed\/bflnFt2_Czo\" width=\"866\" height=\"487\" frameborder=\"0\" allowfullscreen=\"allowfullscreen\"><\/iframe><\/p>\n<p><span class=\"a-text-bold\">Caracter\u00edsticas especiales Art\u00edculo Lorelli Travel Cot Torino Colch\u00f3n de 2 niveles con apertura lateral<\/span><\/p>\n<ul class=\"a-unordered-list a-vertical\">\n<li><span class=\"a-list-item\">cuna de viaje, corralito y cuna de beb\u00e9 en uno<\/span><\/li>\n<li><span class=\"a-list-item\">apto desde el nacimiento<\/span><\/li>\n<li><span class=\"a-list-item\">peso m\u00e1ximo: 15 kg<\/span><\/li>\n<li><span class=\"a-list-item\">dos niveles para descansar y jugar<\/span><\/li>\n<li><span class=\"a-list-item\">segundo nivel con cremallera<\/span><\/li>\n<li><span class=\"a-list-item\">colch\u00f3n<\/span><\/li>\n<li><span class=\"a-list-item\">apertura lateral con cremallera en el exterior<\/span><\/li>\n<li><span class=\"a-list-item\">sistema de plegado de seguridad doble<\/span><\/li>\n<li><span class=\"a-list-item\">se pliega hasta alcanzar un tama\u00f1o compacto<\/span><\/li>\n<li><span class=\"a-list-item\">f\u00e1cil de transportar<\/span><\/li>\n<li><span class=\"a-list-item\">Pr\u00e1ctica bolsa de transporte incluida<\/span><\/li>\n<\/ul>\n<p><span class=\"a-text-bold\">Mas informaci\u00f3n sobre el articulo Lorelli Travel Cot Torino 2 niveles plegable bolsa de transporte lateral<\/span><\/p>\n<ul class=\"a-unordered-list a-vertical\">\n<li><span class=\"a-list-item\">Material: 100 % poli\u00e9ster<\/span><\/li>\n<li><span class=\"a-list-item\">Tama\u00f1o del producto: L 127 x W 68 x H 75cm<\/span><\/li>\n<li><span class=\"a-list-item\">Plegado: L 75 x A 22 x H 22 cm<\/span><\/li>\n<li><span class=\"a-list-item\">Peso del art\u00edculo: 9 kg<\/span><\/li>\n<li><span class=\"a-list-item\">Peso de env\u00edo: 9,5 kg<\/span><\/li>\n<li><span class=\"a-list-item\">Tama\u00f1o de la caja: L 75 x A 22,5 x H 22 cm<\/span><\/li>\n<\/ul>\n<p>&nbsp;<\/p>\n<p>Descubre en el cat\u00e1logo online de Centrobeb\u00e9 la variedad de <strong><a href=\"https:\/\/centrobebe.es\/en\/product-category\/centrobebe\/el-viaje\/cunas-de-viaje\/\">cunas de viaje<\/a><\/strong>. Cunas con diferentes estilos y dise\u00f1os. Encuentra la m\u00e1s acorde a tus necesidades. Si necesitas informaci\u00f3n, no dudes en ponerte en contacto con nosotros. Estaremos encantados de ayudarte y aconsejarte, sobre cunas o cualquier otro producto relacionado con la vida del beb\u00e9.<\/p>\n<p>Tanto su comodidad como su seguridad, es importante para nosotros. Contamos con cunas econ\u00f3micas y de alta exclusividad. Tienes la opci\u00f3n de elegir la forma de pago. \u00a1No esperes m\u00e1s y c\u00f3mprala online! Te sentir\u00e1s muy satisfecho con Centrobeb\u00e9.<\/p>\n<p>\u00a1Compra online y financia al mejor precio!<\/p>","protected":false},"excerpt":{"rendered":"<p>Cuna de Viaje Jane Duo Level Toys. F\u00e1cil transporte y base acolchada. Incluye un arco con peluches colgantes. \u00a1Cuna de viaje al mejor precio garantizado!<\/p>","protected":false},"featured_media":49599,"template":"","meta":[],"pwb-brand":[658],"product_cat":[160,141],"product_tag":[],"class_list":{"0":"post-49584","1":"product","2":"type-product","3":"status-publish","4":"has-post-thumbnail","6":"pwb-brand-lorelli","7":"product_cat-cunas-de-viaje","8":"product_cat-parques-bebe","9":"pa_color-menta","10":"pa_color-gris","11":"tm-no-options","13":"first","14":"instock","15":"sale","16":"taxable","17":"shipping-taxable","18":"purchasable","19":"product-type-variable","20":"wvs-archive-product-wrapper"},"yoast_head":"<!-- This site is optimized with the Yoast SEO plugin v26.9 - https:\/\/yoast.com\/product\/yoast-seo-wordpress\/ -->\n<title>Cuna de Viaje Lorelli Torino 2 Level - Cunas de viaje - Centrobeb\u00e9<\/title>\n<meta name=\"description\" content=\"Cuna de Viaje Jane Duo Level . F\u00e1cil transporte y base acolchada. Incluye un arco con peluches colgantes. \u00a1Cuna de viaje al mejor precio garantizado!\" \/>\n<meta name=\"robots\" content=\"index, follow, max-snippet:-1, max-image-preview:large, max-video-preview:-1\" \/>\n<link rel=\"canonical\" href=\"https:\/\/centrobebe.es\/en\/shop\/centrobebe\/el-viaje\/cunas-de-viaje\/cuna-de-viaje-lorelli-torino-2-level\/\" \/>\n<meta property=\"og:locale\" content=\"en_GB\" \/>\n<meta property=\"og:type\" content=\"article\" \/>\n<meta property=\"og:title\" content=\"Cuna de Viaje Lorelli Torino 2 Level - Cunas de viaje - Centrobeb\u00e9\" \/>\n<meta property=\"og:description\" content=\"Cuna de Viaje Jane Duo Level . F\u00e1cil transporte y base acolchada. Incluye un arco con peluches colgantes. \u00a1Cuna de viaje al mejor precio garantizado!\" \/>\n<meta property=\"og:url\" content=\"https:\/\/centrobebe.es\/en\/shop\/centrobebe\/el-viaje\/cunas-de-viaje\/cuna-de-viaje-lorelli-torino-2-level\/\" \/>\n<meta property=\"og:site_name\" content=\"Centrobeb\u00e9\" \/>\n<meta property=\"article:publisher\" content=\"https:\/\/www.facebook.com\/centrobebe\/\" \/>\n<meta property=\"article:modified_time\" content=\"2025-12-22T17:54:09+00:00\" \/>\n<meta property=\"og:image\" content=\"https:\/\/centrobebe.es\/wp-content\/uploads\/2024\/02\/cuna-viaje-lorelli-torino-2-9.jpg\" \/>\n\t<meta property=\"og:image:width\" content=\"850\" \/>\n\t<meta property=\"og:image:height\" content=\"850\" \/>\n\t<meta property=\"og:image:type\" content=\"image\/jpeg\" \/>\n<meta name=\"twitter:card\" content=\"summary_large_image\" \/>\n<meta name=\"twitter:site\" content=\"@centrobebe\" \/>\n<meta name=\"twitter:label1\" content=\"Estimated reading time\" \/>\n\t<meta name=\"twitter:data1\" content=\"2 minutes\" \/>\n<script type=\"application\/ld+json\" class=\"yoast-schema-graph\">{\"@context\":\"https:\/\/schema.org\",\"@graph\":[{\"@type\":\"WebPage\",\"@id\":\"https:\/\/centrobebe.es\/shop\/centrobebe\/el-viaje\/cunas-de-viaje\/cuna-de-viaje-lorelli-torino-2-level\/\",\"url\":\"https:\/\/centrobebe.es\/shop\/centrobebe\/el-viaje\/cunas-de-viaje\/cuna-de-viaje-lorelli-torino-2-level\/\",\"name\":\"Cuna de Viaje Lorelli Torino 2 Level - Cunas de viaje - Centrobeb\u00e9\",\"isPartOf\":{\"@id\":\"https:\/\/centrobebe.es\/#website\"},\"primaryImageOfPage\":{\"@id\":\"https:\/\/centrobebe.es\/shop\/centrobebe\/el-viaje\/cunas-de-viaje\/cuna-de-viaje-lorelli-torino-2-level\/#primaryimage\"},\"image\":{\"@id\":\"https:\/\/centrobebe.es\/shop\/centrobebe\/el-viaje\/cunas-de-viaje\/cuna-de-viaje-lorelli-torino-2-level\/#primaryimage\"},\"thumbnailUrl\":\"https:\/\/centrobebe.es\/wp-content\/uploads\/2024\/02\/cuna-viaje-lorelli-torino-2-9.jpg\",\"datePublished\":\"2024-02-21T12:38:56+00:00\",\"dateModified\":\"2025-12-22T17:54:09+00:00\",\"description\":\"Cuna de Viaje Jane Duo Level . F\u00e1cil transporte y base acolchada. Incluye un arco con peluches colgantes. \u00a1Cuna de viaje al mejor precio garantizado!\",\"breadcrumb\":{\"@id\":\"https:\/\/centrobebe.es\/shop\/centrobebe\/el-viaje\/cunas-de-viaje\/cuna-de-viaje-lorelli-torino-2-level\/#breadcrumb\"},\"inLanguage\":\"en-GB\",\"potentialAction\":[{\"@type\":\"ReadAction\",\"target\":[\"https:\/\/centrobebe.es\/shop\/centrobebe\/el-viaje\/cunas-de-viaje\/cuna-de-viaje-lorelli-torino-2-level\/\"]}]},{\"@type\":\"ImageObject\",\"inLanguage\":\"en-GB\",\"@id\":\"https:\/\/centrobebe.es\/shop\/centrobebe\/el-viaje\/cunas-de-viaje\/cuna-de-viaje-lorelli-torino-2-level\/#primaryimage\",\"url\":\"https:\/\/centrobebe.es\/wp-content\/uploads\/2024\/02\/cuna-viaje-lorelli-torino-2-9.jpg\",\"contentUrl\":\"https:\/\/centrobebe.es\/wp-content\/uploads\/2024\/02\/cuna-viaje-lorelli-torino-2-9.jpg\",\"width\":850,\"height\":850,\"caption\":\"cuna viaje lorelli torino 2\"},{\"@type\":\"BreadcrumbList\",\"@id\":\"https:\/\/centrobebe.es\/shop\/centrobebe\/el-viaje\/cunas-de-viaje\/cuna-de-viaje-lorelli-torino-2-level\/#breadcrumb\",\"itemListElement\":[{\"@type\":\"ListItem\",\"position\":1,\"name\":\"Portada\",\"item\":\"https:\/\/centrobebe.es\/\"},{\"@type\":\"ListItem\",\"position\":2,\"name\":\"Shop\",\"item\":\"https:\/\/centrobebe.es\/shop\/\"},{\"@type\":\"ListItem\",\"position\":3,\"name\":\"Cuna de Viaje Lorelli Torino 2 Level\"}]},{\"@type\":\"WebSite\",\"@id\":\"https:\/\/centrobebe.es\/#website\",\"url\":\"https:\/\/centrobebe.es\/\",\"name\":\"Centrobeb\u00e9\",\"description\":\"Tienda de bebe online | Todo lo que tu bebe necesita\",\"publisher\":{\"@id\":\"https:\/\/centrobebe.es\/#organization\"},\"alternateName\":\"Centrobeb\u00e9\",\"potentialAction\":[{\"@type\":\"SearchAction\",\"target\":{\"@type\":\"EntryPoint\",\"urlTemplate\":\"https:\/\/centrobebe.es\/?s={search_term_string}\"},\"query-input\":{\"@type\":\"PropertyValueSpecification\",\"valueRequired\":true,\"valueName\":\"search_term_string\"}}],\"inLanguage\":\"en-GB\"},{\"@type\":\"Organization\",\"@id\":\"https:\/\/centrobebe.es\/#organization\",\"name\":\"Centrobebe\",\"alternateName\":\"Centrobebe\",\"url\":\"https:\/\/centrobebe.es\/\",\"logo\":{\"@type\":\"ImageObject\",\"inLanguage\":\"en-GB\",\"@id\":\"https:\/\/centrobebe.es\/#\/schema\/logo\/image\/\",\"url\":\"https:\/\/centrobebe.es\/wp-content\/uploads\/2018\/06\/icono3-e1557940133982.png\",\"contentUrl\":\"https:\/\/centrobebe.es\/wp-content\/uploads\/2018\/06\/icono3-e1557940133982.png\",\"width\":34,\"height\":29,\"caption\":\"Centrobebe\"},\"image\":{\"@id\":\"https:\/\/centrobebe.es\/#\/schema\/logo\/image\/\"},\"sameAs\":[\"https:\/\/www.facebook.com\/centrobebe\/\",\"https:\/\/x.com\/centrobebe\",\"https:\/\/www.instagram.com\/centrobebe.es\/\",\"https:\/\/www.youtube.com\/channel\/UCVU-jcFuwntnxOhxvSbf3hg\"]}]}<\/script>\n<!-- \/ Yoast SEO plugin. -->","yoast_head_json":{"title":"Cuna de Viaje Lorelli Torino 2 Level - Cunas de viaje - Centrobeb\u00e9","description":"Cuna de Viaje Jane Duo Level . F\u00e1cil transporte y base acolchada. Incluye un arco con peluches colgantes. \u00a1Cuna de viaje al mejor precio garantizado!","robots":{"index":"index","follow":"follow","max-snippet":"max-snippet:-1","max-image-preview":"max-image-preview:large","max-video-preview":"max-video-preview:-1"},"canonical":"https:\/\/centrobebe.es\/en\/shop\/centrobebe\/el-viaje\/cunas-de-viaje\/cuna-de-viaje-lorelli-torino-2-level\/","og_locale":"en_GB","og_type":"article","og_title":"Cuna de Viaje Lorelli Torino 2 Level - Cunas de viaje - Centrobeb\u00e9","og_description":"Cuna de Viaje Jane Duo Level . F\u00e1cil transporte y base acolchada. Incluye un arco con peluches colgantes. \u00a1Cuna de viaje al mejor precio garantizado!","og_url":"https:\/\/centrobebe.es\/en\/shop\/centrobebe\/el-viaje\/cunas-de-viaje\/cuna-de-viaje-lorelli-torino-2-level\/","og_site_name":"Centrobeb\u00e9","article_publisher":"https:\/\/www.facebook.com\/centrobebe\/","article_modified_time":"2025-12-22T17:54:09+00:00","og_image":[{"width":850,"height":850,"url":"https:\/\/centrobebe.es\/wp-content\/uploads\/2024\/02\/cuna-viaje-lorelli-torino-2-9.jpg","type":"image\/jpeg"}],"twitter_card":"summary_large_image","twitter_site":"@centrobebe","twitter_misc":{"Estimated reading time":"2 minutes"},"schema":{"@context":"https:\/\/schema.org","@graph":[{"@type":"WebPage","@id":"https:\/\/centrobebe.es\/shop\/centrobebe\/el-viaje\/cunas-de-viaje\/cuna-de-viaje-lorelli-torino-2-level\/","url":"https:\/\/centrobebe.es\/shop\/centrobebe\/el-viaje\/cunas-de-viaje\/cuna-de-viaje-lorelli-torino-2-level\/","name":"Cuna de Viaje Lorelli Torino 2 Level - Cunas de viaje - Centrobeb\u00e9","isPartOf":{"@id":"https:\/\/centrobebe.es\/#website"},"primaryImageOfPage":{"@id":"https:\/\/centrobebe.es\/shop\/centrobebe\/el-viaje\/cunas-de-viaje\/cuna-de-viaje-lorelli-torino-2-level\/#primaryimage"},"image":{"@id":"https:\/\/centrobebe.es\/shop\/centrobebe\/el-viaje\/cunas-de-viaje\/cuna-de-viaje-lorelli-torino-2-level\/#primaryimage"},"thumbnailUrl":"https:\/\/centrobebe.es\/wp-content\/uploads\/2024\/02\/cuna-viaje-lorelli-torino-2-9.jpg","datePublished":"2024-02-21T12:38:56+00:00","dateModified":"2025-12-22T17:54:09+00:00","description":"Cuna de Viaje Jane Duo Level . F\u00e1cil transporte y base acolchada. Incluye un arco con peluches colgantes. \u00a1Cuna de viaje al mejor precio garantizado!","breadcrumb":{"@id":"https:\/\/centrobebe.es\/shop\/centrobebe\/el-viaje\/cunas-de-viaje\/cuna-de-viaje-lorelli-torino-2-level\/#breadcrumb"},"inLanguage":"en-GB","potentialAction":[{"@type":"ReadAction","target":["https:\/\/centrobebe.es\/shop\/centrobebe\/el-viaje\/cunas-de-viaje\/cuna-de-viaje-lorelli-torino-2-level\/"]}]},{"@type":"ImageObject","inLanguage":"en-GB","@id":"https:\/\/centrobebe.es\/shop\/centrobebe\/el-viaje\/cunas-de-viaje\/cuna-de-viaje-lorelli-torino-2-level\/#primaryimage","url":"https:\/\/centrobebe.es\/wp-content\/uploads\/2024\/02\/cuna-viaje-lorelli-torino-2-9.jpg","contentUrl":"https:\/\/centrobebe.es\/wp-content\/uploads\/2024\/02\/cuna-viaje-lorelli-torino-2-9.jpg","width":850,"height":850,"caption":"cuna viaje lorelli torino 2"},{"@type":"BreadcrumbList","@id":"https:\/\/centrobebe.es\/shop\/centrobebe\/el-viaje\/cunas-de-viaje\/cuna-de-viaje-lorelli-torino-2-level\/#breadcrumb","itemListElement":[{"@type":"ListItem","position":1,"name":"Portada","item":"https:\/\/centrobebe.es\/"},{"@type":"ListItem","position":2,"name":"Shop","item":"https:\/\/centrobebe.es\/shop\/"},{"@type":"ListItem","position":3,"name":"Cuna de Viaje Lorelli Torino 2 Level"}]},{"@type":"WebSite","@id":"https:\/\/centrobebe.es\/#website","url":"https:\/\/centrobebe.es\/","name":"Centrobeb\u00e9","description":"Tienda de bebe online | Todo lo que tu bebe necesita","publisher":{"@id":"https:\/\/centrobebe.es\/#organization"},"alternateName":"Centrobeb\u00e9","potentialAction":[{"@type":"SearchAction","target":{"@type":"EntryPoint","urlTemplate":"https:\/\/centrobebe.es\/?s={search_term_string}"},"query-input":{"@type":"PropertyValueSpecification","valueRequired":true,"valueName":"search_term_string"}}],"inLanguage":"en-GB"},{"@type":"Organization","@id":"https:\/\/centrobebe.es\/#organization","name":"Centrobebe","alternateName":"Centrobebe","url":"https:\/\/centrobebe.es\/","logo":{"@type":"ImageObject","inLanguage":"en-GB","@id":"https:\/\/centrobebe.es\/#\/schema\/logo\/image\/","url":"https:\/\/centrobebe.es\/wp-content\/uploads\/2018\/06\/icono3-e1557940133982.png","contentUrl":"https:\/\/centrobebe.es\/wp-content\/uploads\/2018\/06\/icono3-e1557940133982.png","width":34,"height":29,"caption":"Centrobebe"},"image":{"@id":"https:\/\/centrobebe.es\/#\/schema\/logo\/image\/"},"sameAs":["https:\/\/www.facebook.com\/centrobebe\/","https:\/\/x.com\/centrobebe","https:\/\/www.instagram.com\/centrobebe.es\/","https:\/\/www.youtube.com\/channel\/UCVU-jcFuwntnxOhxvSbf3hg"]}]}},"brands":[{"id":658,"name":"Lorelli","slug":"lorelli"}],"_links":{"self":[{"href":"https:\/\/centrobebe.es\/en\/wp-json\/wp\/v2\/product\/49584","targetHints":{"allow":["GET"]}}],"collection":[{"href":"https:\/\/centrobebe.es\/en\/wp-json\/wp\/v2\/product"}],"about":[{"href":"https:\/\/centrobebe.es\/en\/wp-json\/wp\/v2\/types\/product"}],"version-history":[{"count":3,"href":"https:\/\/centrobebe.es\/en\/wp-json\/wp\/v2\/product\/49584\/revisions"}],"predecessor-version":[{"id":57561,"href":"https:\/\/centrobebe.es\/en\/wp-json\/wp\/v2\/product\/49584\/revisions\/57561"}],"wp:featuredmedia":[{"embeddable":true,"href":"https:\/\/centrobebe.es\/en\/wp-json\/wp\/v2\/media\/49599"}],"wp:attachment":[{"href":"https:\/\/centrobebe.es\/en\/wp-json\/wp\/v2\/media?parent=49584"}],"wp:term":[{"taxonomy":"pwb-brand","embeddable":true,"href":"https:\/\/centrobebe.es\/en\/wp-json\/wp\/v2\/pwb-brand?post=49584"},{"taxonomy":"product_cat","embeddable":true,"href":"https:\/\/centrobebe.es\/en\/wp-json\/wp\/v2\/product_cat?post=49584"},{"taxonomy":"product_tag","embeddable":true,"href":"https:\/\/centrobebe.es\/en\/wp-json\/wp\/v2\/product_tag?post=49584"}],"curies":[{"name":"wp","href":"https:\/\/api.w.org\/{rel}","templated":true}]}}