{"id":49949,"date":"2024-03-15T19:17:26","date_gmt":"2024-03-15T19:17:26","guid":{"rendered":"https:\/\/centrobebe.es\/?post_type=product&#038;p=49949"},"modified":"2025-11-17T21:10:50","modified_gmt":"2025-11-17T21:10:50","slug":"vigilabebes-vtech-video-pantalla-lcd-hd-5-vm5367","status":"publish","type":"product","link":"https:\/\/centrobebe.es\/en\/shop\/centrobebe\/el-sueno\/vigila-bebes\/vigilabebes-vtech-video-pantalla-lcd-hd-5-vm5367\/","title":{"rendered":"Vigilabebes Vtech Video Pantalla LCD HD 5&#8243; VM5367"},"content":{"rendered":"<h1 data-start=\"144\" data-end=\"239\"><strong data-start=\"148\" data-end=\"239\">VTech VM5367 \u2013 Vigilabeb\u00e9s con pantalla de 5\u201d, c\u00e1mara motorizada y autonom\u00eda extralarga<\/strong><\/h1>\n<p data-start=\"241\" data-end=\"580\">El <strong data-start=\"244\" data-end=\"260\">VTech VM5367<\/strong> es un vigilabeb\u00e9s premium dise\u00f1ado para ofrecer el m\u00e1ximo control, nitidez y tranquilidad durante el cuidado del beb\u00e9. Incorpora una <strong data-start=\"394\" data-end=\"443\">pantalla LCD a color de alta resoluci\u00f3n de 5\u201d<\/strong>, que permite ver con total claridad cada movimiento incluso en condiciones de poca luz gracias a su <strong data-start=\"544\" data-end=\"579\">visi\u00f3n nocturna por infrarrojos<\/strong>.<\/p>\n<p data-start=\"582\" data-end=\"921\">Su avanzada <strong data-start=\"594\" data-end=\"615\">c\u00e1mara motorizada<\/strong> permite realizar panor\u00e1mica de hasta 270\u00b0, inclinaci\u00f3n de 108\u00b0 y zoom 2x directamente desde la unidad parental, proporcionando una visi\u00f3n completa de la habitaci\u00f3n sin necesidad de desplazarse. Adem\u00e1s, incluye una <strong data-start=\"830\" data-end=\"887\">luz nocturna t\u00e1ctil multicolor con 7 tonos diferentes<\/strong> para crear un ambiente relajante.<\/p>\n<p data-start=\"923\" data-end=\"1203\">El <strong data-start=\"926\" data-end=\"960\">intercomunicador bidireccional<\/strong>, junto con <strong data-start=\"972\" data-end=\"1010\">5 melod\u00edas y 4 sonidos ambientales<\/strong>, ayuda a calmar al beb\u00e9 en cualquier momento. Destaca tambi\u00e9n por su <strong data-start=\"1080\" data-end=\"1099\">autonom\u00eda l\u00edder<\/strong>, alcanzando hasta <strong data-start=\"1118\" data-end=\"1154\">33 horas de transmisi\u00f3n de v\u00eddeo<\/strong> o <strong data-start=\"1157\" data-end=\"1183\">58 horas en modo audio<\/strong> con una sola carga.<\/p>\n<p data-start=\"1205\" data-end=\"1380\">Con un <strong data-start=\"1212\" data-end=\"1273\">alcance de hasta 50 m en interiores y 300 m en exteriores<\/strong>, sensor de temperatura y transmisi\u00f3n digital segura, el VM5367 ofrece un control total, estable y privado.<\/p>\n<h4 data-start=\"1382\" data-end=\"1418\"><strong data-start=\"1387\" data-end=\"1418\">Caracter\u00edsticas principales<\/strong><\/h4>\n<ul data-start=\"1419\" data-end=\"2015\">\n<li data-start=\"1419\" data-end=\"1473\">\n<p data-start=\"1421\" data-end=\"1473\">Pantalla LCD en color de <strong data-start=\"1446\" data-end=\"1452\">5\u201d<\/strong> de alta resoluci\u00f3n<\/p>\n<\/li>\n<li data-start=\"1474\" data-end=\"1537\">\n<p data-start=\"1476\" data-end=\"1537\">C\u00e1mara motorizada con <strong data-start=\"1498\" data-end=\"1535\">panor\u00e1mica, inclinaci\u00f3n y zoom 2x<\/strong><\/p>\n<\/li>\n<li data-start=\"1538\" data-end=\"1588\">\n<p data-start=\"1540\" data-end=\"1588\"><strong data-start=\"1540\" data-end=\"1574\">Luz nocturna t\u00e1ctil multicolor<\/strong> (7 colores)<\/p>\n<\/li>\n<li data-start=\"1589\" data-end=\"1635\">\n<p data-start=\"1591\" data-end=\"1635\">Intercomunicador bidireccional (Talk-Back)<\/p>\n<\/li>\n<li data-start=\"1636\" data-end=\"1683\">\n<p data-start=\"1638\" data-end=\"1683\">Hasta <strong data-start=\"1644\" data-end=\"1661\">33 h de v\u00eddeo<\/strong> y <strong data-start=\"1664\" data-end=\"1681\">58 h de audio<\/strong><\/p>\n<\/li>\n<li data-start=\"1684\" data-end=\"1743\">\n<p data-start=\"1686\" data-end=\"1743\">Alcance de <strong data-start=\"1697\" data-end=\"1741\">50 m en interiores \/ 300 m en exteriores<\/strong><\/p>\n<\/li>\n<li data-start=\"1744\" data-end=\"1781\">\n<p data-start=\"1746\" data-end=\"1781\">5 melod\u00edas y 4 sonidos relajantes<\/p>\n<\/li>\n<li data-start=\"1782\" data-end=\"1820\">\n<p data-start=\"1784\" data-end=\"1820\"><strong data-start=\"1784\" data-end=\"1809\">Sensor de temperatura<\/strong> y alerta<\/p>\n<\/li>\n<li data-start=\"1821\" data-end=\"1857\">\n<p data-start=\"1823\" data-end=\"1857\">Indicador de sonido de 3 niveles<\/p>\n<\/li>\n<li data-start=\"1858\" data-end=\"1895\">\n<p data-start=\"1860\" data-end=\"1895\">Activaci\u00f3n de pantalla por sonido<\/p>\n<\/li>\n<li data-start=\"1896\" data-end=\"1918\">\n<p data-start=\"1898\" data-end=\"1918\">Control de volumen<\/p>\n<\/li>\n<li data-start=\"1919\" data-end=\"1965\">\n<p data-start=\"1921\" data-end=\"1965\">Visi\u00f3n nocturna autom\u00e1tica por infrarrojos<\/p>\n<\/li>\n<li data-start=\"1966\" data-end=\"2015\">\n<p data-start=\"1968\" data-end=\"2015\">Transmisi\u00f3n digital segura sin interferencias<\/p>\n<\/li>\n<\/ul>\n<p data-start=\"2017\" data-end=\"2219\">El <strong data-start=\"2020\" data-end=\"2036\">VTech VM5367<\/strong> es la opci\u00f3n ideal para quienes buscan un vigilabeb\u00e9s de alta gama, con una imagen excepcional, gran autonom\u00eda y una c\u00e1mara totalmente ajustable para vigilar al beb\u00e9 en todo momento.<\/p>\n<p>Si necesitas m\u00e1s informaci\u00f3n sobre el Vigilabebes Vtech, ponte en contacto con nuestro equipo de profesionales. \u00a1Estaremos encantados de ayudarte y aconsejarte!<\/p>\n<p>En Centrobeb\u00e9, puedes comprar vigilabebes al mejor precio y de las mejores marcas del mercado. Contamos con una amplia variedad de\u00a0<strong><a href=\"https:\/\/centrobebe.es\/en\/product-category\/centrobebe\/el-sueno\/vigila-bebes\/\">Vigilabebes y Camara de Vigilancia Bebe<\/a><\/strong>\u00a0en nuestro cat\u00e1logo. La selecci\u00f3n de productos, est\u00e1 basada en las opiniones de nuestros clientes. \u00a1Productos de beb\u00e9 de calidad!<\/p>\n<p>Compra online el vigilabebe m\u00e1s acorde con tus necesidades en nuestra tienda de beb\u00e9. \u00a1La seguridad y la tranquilidad tanto de los beb\u00e9s como de los pap\u00e1s y las mam\u00e1s, es muy importante para nosotros!<\/p>","protected":false},"excerpt":{"rendered":"<p>El <strong data-start=\"244\" data-end=\"260\">VTech VM5367<\/strong> es un vigilabeb\u00e9s premium dise\u00f1ado para ofrecer el m\u00e1ximo control, nitidez y tranquilidad durante el cuidado del beb\u00e9. Incorpora una <strong data-start=\"394\" data-end=\"443\">pantalla LCD a color de alta resoluci\u00f3n de 5\u201d<\/strong>, que permite ver con total claridad cada movimiento incluso en condiciones de poca luz gracias a su <strong data-start=\"544\" data-end=\"579\">visi\u00f3n nocturna por infrarrojos<\/strong>.<\/p>\n<p>Compra online al mejor precio vigilabebes Vtech. Camara de transmisi\u00f3n digital y bidireccional audio.<\/p>\n<p>\u00a1Financia tu compra ahora!<\/p>","protected":false},"featured_media":57071,"template":"","meta":[],"pwb-brand":[660],"product_cat":[165],"product_tag":[572,571],"class_list":{"0":"post-49949","1":"product","2":"type-product","3":"status-publish","4":"has-post-thumbnail","6":"pwb-brand-vtech","7":"product_cat-vigila-bebes","8":"product_tag-camara","9":"product_tag-vigilabebe","10":"tm-no-options","12":"first","13":"instock","14":"taxable","15":"shipping-taxable","16":"purchasable","17":"product-type-simple"},"yoast_head":"<!-- This site is optimized with the Yoast SEO plugin v26.9 - https:\/\/yoast.com\/product\/yoast-seo-wordpress\/ -->\n<title>Vigilabebes Vtech Pantalla 5&quot; VM5367 - Vigilabebes Online - Centrobeb\u00e9<\/title>\n<meta name=\"description\" content=\"Vigilabebes Vtech con pantalla de 5&quot;, la mejor relaci\u00f3n calidad precio. Tendr\u00e1s vigilado a tu bebe con luz, melodias. Compralo al mejor precio.\" \/>\n<meta name=\"robots\" content=\"index, follow, max-snippet:-1, max-image-preview:large, max-video-preview:-1\" \/>\n<link rel=\"canonical\" href=\"https:\/\/centrobebe.es\/en\/shop\/centrobebe\/el-sueno\/vigila-bebes\/vigilabebes-vtech-video-pantalla-lcd-hd-5-vm5367\/\" \/>\n<meta property=\"og:locale\" content=\"en_GB\" \/>\n<meta property=\"og:type\" content=\"article\" \/>\n<meta property=\"og:title\" content=\"Vigilabebes Vtech Pantalla 5&quot; VM5367 - Vigilabebes Online - Centrobeb\u00e9\" \/>\n<meta property=\"og:description\" content=\"Vigilabebes Vtech con pantalla de 5&quot;, la mejor relaci\u00f3n calidad precio. Tendr\u00e1s vigilado a tu bebe con luz, melodias. Compralo al mejor precio.\" \/>\n<meta property=\"og:url\" content=\"https:\/\/centrobebe.es\/en\/shop\/centrobebe\/el-sueno\/vigila-bebes\/vigilabebes-vtech-video-pantalla-lcd-hd-5-vm5367\/\" \/>\n<meta property=\"og:site_name\" content=\"Centrobeb\u00e9\" \/>\n<meta property=\"article:publisher\" content=\"https:\/\/www.facebook.com\/centrobebe\/\" \/>\n<meta property=\"article:modified_time\" content=\"2025-11-17T21:10:50+00:00\" \/>\n<meta property=\"og:image\" content=\"https:\/\/centrobebe.es\/wp-content\/uploads\/2024\/03\/22.png\" \/>\n\t<meta property=\"og:image:width\" content=\"800\" \/>\n\t<meta property=\"og:image:height\" content=\"800\" \/>\n\t<meta property=\"og:image:type\" content=\"image\/png\" \/>\n<meta name=\"twitter:card\" content=\"summary_large_image\" \/>\n<meta name=\"twitter:site\" content=\"@centrobebe\" \/>\n<meta name=\"twitter:label1\" content=\"Estimated reading time\" \/>\n\t<meta name=\"twitter:data1\" content=\"3 minutes\" \/>\n<script type=\"application\/ld+json\" class=\"yoast-schema-graph\">{\"@context\":\"https:\/\/schema.org\",\"@graph\":[{\"@type\":\"WebPage\",\"@id\":\"https:\/\/centrobebe.es\/shop\/centrobebe\/el-sueno\/vigila-bebes\/vigilabebes-vtech-video-pantalla-lcd-hd-5-vm5367\/\",\"url\":\"https:\/\/centrobebe.es\/shop\/centrobebe\/el-sueno\/vigila-bebes\/vigilabebes-vtech-video-pantalla-lcd-hd-5-vm5367\/\",\"name\":\"Vigilabebes Vtech Pantalla 5\\\" VM5367 - Vigilabebes Online - Centrobeb\u00e9\",\"isPartOf\":{\"@id\":\"https:\/\/centrobebe.es\/#website\"},\"primaryImageOfPage\":{\"@id\":\"https:\/\/centrobebe.es\/shop\/centrobebe\/el-sueno\/vigila-bebes\/vigilabebes-vtech-video-pantalla-lcd-hd-5-vm5367\/#primaryimage\"},\"image\":{\"@id\":\"https:\/\/centrobebe.es\/shop\/centrobebe\/el-sueno\/vigila-bebes\/vigilabebes-vtech-video-pantalla-lcd-hd-5-vm5367\/#primaryimage\"},\"thumbnailUrl\":\"https:\/\/centrobebe.es\/wp-content\/uploads\/2024\/03\/22.png\",\"datePublished\":\"2024-03-15T19:17:26+00:00\",\"dateModified\":\"2025-11-17T21:10:50+00:00\",\"description\":\"Vigilabebes Vtech con pantalla de 5\\\", la mejor relaci\u00f3n calidad precio. Tendr\u00e1s vigilado a tu bebe con luz, melodias. Compralo al mejor precio.\",\"breadcrumb\":{\"@id\":\"https:\/\/centrobebe.es\/shop\/centrobebe\/el-sueno\/vigila-bebes\/vigilabebes-vtech-video-pantalla-lcd-hd-5-vm5367\/#breadcrumb\"},\"inLanguage\":\"en-GB\",\"potentialAction\":[{\"@type\":\"ReadAction\",\"target\":[\"https:\/\/centrobebe.es\/shop\/centrobebe\/el-sueno\/vigila-bebes\/vigilabebes-vtech-video-pantalla-lcd-hd-5-vm5367\/\"]}]},{\"@type\":\"ImageObject\",\"inLanguage\":\"en-GB\",\"@id\":\"https:\/\/centrobebe.es\/shop\/centrobebe\/el-sueno\/vigila-bebes\/vigilabebes-vtech-video-pantalla-lcd-hd-5-vm5367\/#primaryimage\",\"url\":\"https:\/\/centrobebe.es\/wp-content\/uploads\/2024\/03\/22.png\",\"contentUrl\":\"https:\/\/centrobebe.es\/wp-content\/uploads\/2024\/03\/22.png\",\"width\":800,\"height\":800,\"caption\":\"VTECH VM5367\"},{\"@type\":\"BreadcrumbList\",\"@id\":\"https:\/\/centrobebe.es\/shop\/centrobebe\/el-sueno\/vigila-bebes\/vigilabebes-vtech-video-pantalla-lcd-hd-5-vm5367\/#breadcrumb\",\"itemListElement\":[{\"@type\":\"ListItem\",\"position\":1,\"name\":\"Portada\",\"item\":\"https:\/\/centrobebe.es\/\"},{\"@type\":\"ListItem\",\"position\":2,\"name\":\"Shop\",\"item\":\"https:\/\/centrobebe.es\/shop\/\"},{\"@type\":\"ListItem\",\"position\":3,\"name\":\"Vigilabebes Vtech Video Pantalla LCD HD 5&#8243; VM5367\"}]},{\"@type\":\"WebSite\",\"@id\":\"https:\/\/centrobebe.es\/#website\",\"url\":\"https:\/\/centrobebe.es\/\",\"name\":\"Centrobeb\u00e9\",\"description\":\"Tienda de bebe online | Todo lo que tu bebe necesita\",\"publisher\":{\"@id\":\"https:\/\/centrobebe.es\/#organization\"},\"alternateName\":\"Centrobeb\u00e9\",\"potentialAction\":[{\"@type\":\"SearchAction\",\"target\":{\"@type\":\"EntryPoint\",\"urlTemplate\":\"https:\/\/centrobebe.es\/?s={search_term_string}\"},\"query-input\":{\"@type\":\"PropertyValueSpecification\",\"valueRequired\":true,\"valueName\":\"search_term_string\"}}],\"inLanguage\":\"en-GB\"},{\"@type\":\"Organization\",\"@id\":\"https:\/\/centrobebe.es\/#organization\",\"name\":\"Centrobebe\",\"alternateName\":\"Centrobebe\",\"url\":\"https:\/\/centrobebe.es\/\",\"logo\":{\"@type\":\"ImageObject\",\"inLanguage\":\"en-GB\",\"@id\":\"https:\/\/centrobebe.es\/#\/schema\/logo\/image\/\",\"url\":\"https:\/\/centrobebe.es\/wp-content\/uploads\/2018\/06\/icono3-e1557940133982.png\",\"contentUrl\":\"https:\/\/centrobebe.es\/wp-content\/uploads\/2018\/06\/icono3-e1557940133982.png\",\"width\":34,\"height\":29,\"caption\":\"Centrobebe\"},\"image\":{\"@id\":\"https:\/\/centrobebe.es\/#\/schema\/logo\/image\/\"},\"sameAs\":[\"https:\/\/www.facebook.com\/centrobebe\/\",\"https:\/\/x.com\/centrobebe\",\"https:\/\/www.instagram.com\/centrobebe.es\/\",\"https:\/\/www.youtube.com\/channel\/UCVU-jcFuwntnxOhxvSbf3hg\"]}]}<\/script>\n<!-- \/ Yoast SEO plugin. -->","yoast_head_json":{"title":"Vigilabebes Vtech Pantalla 5\" VM5367 - Vigilabebes Online - Centrobeb\u00e9","description":"Vigilabebes Vtech con pantalla de 5\", la mejor relaci\u00f3n calidad precio. Tendr\u00e1s vigilado a tu bebe con luz, melodias. Compralo al mejor precio.","robots":{"index":"index","follow":"follow","max-snippet":"max-snippet:-1","max-image-preview":"max-image-preview:large","max-video-preview":"max-video-preview:-1"},"canonical":"https:\/\/centrobebe.es\/en\/shop\/centrobebe\/el-sueno\/vigila-bebes\/vigilabebes-vtech-video-pantalla-lcd-hd-5-vm5367\/","og_locale":"en_GB","og_type":"article","og_title":"Vigilabebes Vtech Pantalla 5\" VM5367 - Vigilabebes Online - Centrobeb\u00e9","og_description":"Vigilabebes Vtech con pantalla de 5\", la mejor relaci\u00f3n calidad precio. Tendr\u00e1s vigilado a tu bebe con luz, melodias. Compralo al mejor precio.","og_url":"https:\/\/centrobebe.es\/en\/shop\/centrobebe\/el-sueno\/vigila-bebes\/vigilabebes-vtech-video-pantalla-lcd-hd-5-vm5367\/","og_site_name":"Centrobeb\u00e9","article_publisher":"https:\/\/www.facebook.com\/centrobebe\/","article_modified_time":"2025-11-17T21:10:50+00:00","og_image":[{"width":800,"height":800,"url":"https:\/\/centrobebe.es\/wp-content\/uploads\/2024\/03\/22.png","type":"image\/png"}],"twitter_card":"summary_large_image","twitter_site":"@centrobebe","twitter_misc":{"Estimated reading time":"3 minutes"},"schema":{"@context":"https:\/\/schema.org","@graph":[{"@type":"WebPage","@id":"https:\/\/centrobebe.es\/shop\/centrobebe\/el-sueno\/vigila-bebes\/vigilabebes-vtech-video-pantalla-lcd-hd-5-vm5367\/","url":"https:\/\/centrobebe.es\/shop\/centrobebe\/el-sueno\/vigila-bebes\/vigilabebes-vtech-video-pantalla-lcd-hd-5-vm5367\/","name":"Vigilabebes Vtech Pantalla 5\" VM5367 - Vigilabebes Online - Centrobeb\u00e9","isPartOf":{"@id":"https:\/\/centrobebe.es\/#website"},"primaryImageOfPage":{"@id":"https:\/\/centrobebe.es\/shop\/centrobebe\/el-sueno\/vigila-bebes\/vigilabebes-vtech-video-pantalla-lcd-hd-5-vm5367\/#primaryimage"},"image":{"@id":"https:\/\/centrobebe.es\/shop\/centrobebe\/el-sueno\/vigila-bebes\/vigilabebes-vtech-video-pantalla-lcd-hd-5-vm5367\/#primaryimage"},"thumbnailUrl":"https:\/\/centrobebe.es\/wp-content\/uploads\/2024\/03\/22.png","datePublished":"2024-03-15T19:17:26+00:00","dateModified":"2025-11-17T21:10:50+00:00","description":"Vigilabebes Vtech con pantalla de 5\", la mejor relaci\u00f3n calidad precio. Tendr\u00e1s vigilado a tu bebe con luz, melodias. Compralo al mejor precio.","breadcrumb":{"@id":"https:\/\/centrobebe.es\/shop\/centrobebe\/el-sueno\/vigila-bebes\/vigilabebes-vtech-video-pantalla-lcd-hd-5-vm5367\/#breadcrumb"},"inLanguage":"en-GB","potentialAction":[{"@type":"ReadAction","target":["https:\/\/centrobebe.es\/shop\/centrobebe\/el-sueno\/vigila-bebes\/vigilabebes-vtech-video-pantalla-lcd-hd-5-vm5367\/"]}]},{"@type":"ImageObject","inLanguage":"en-GB","@id":"https:\/\/centrobebe.es\/shop\/centrobebe\/el-sueno\/vigila-bebes\/vigilabebes-vtech-video-pantalla-lcd-hd-5-vm5367\/#primaryimage","url":"https:\/\/centrobebe.es\/wp-content\/uploads\/2024\/03\/22.png","contentUrl":"https:\/\/centrobebe.es\/wp-content\/uploads\/2024\/03\/22.png","width":800,"height":800,"caption":"VTECH VM5367"},{"@type":"BreadcrumbList","@id":"https:\/\/centrobebe.es\/shop\/centrobebe\/el-sueno\/vigila-bebes\/vigilabebes-vtech-video-pantalla-lcd-hd-5-vm5367\/#breadcrumb","itemListElement":[{"@type":"ListItem","position":1,"name":"Portada","item":"https:\/\/centrobebe.es\/"},{"@type":"ListItem","position":2,"name":"Shop","item":"https:\/\/centrobebe.es\/shop\/"},{"@type":"ListItem","position":3,"name":"Vigilabebes Vtech Video Pantalla LCD HD 5&#8243; VM5367"}]},{"@type":"WebSite","@id":"https:\/\/centrobebe.es\/#website","url":"https:\/\/centrobebe.es\/","name":"Centrobeb\u00e9","description":"Tienda de bebe online | Todo lo que tu bebe necesita","publisher":{"@id":"https:\/\/centrobebe.es\/#organization"},"alternateName":"Centrobeb\u00e9","potentialAction":[{"@type":"SearchAction","target":{"@type":"EntryPoint","urlTemplate":"https:\/\/centrobebe.es\/?s={search_term_string}"},"query-input":{"@type":"PropertyValueSpecification","valueRequired":true,"valueName":"search_term_string"}}],"inLanguage":"en-GB"},{"@type":"Organization","@id":"https:\/\/centrobebe.es\/#organization","name":"Centrobebe","alternateName":"Centrobebe","url":"https:\/\/centrobebe.es\/","logo":{"@type":"ImageObject","inLanguage":"en-GB","@id":"https:\/\/centrobebe.es\/#\/schema\/logo\/image\/","url":"https:\/\/centrobebe.es\/wp-content\/uploads\/2018\/06\/icono3-e1557940133982.png","contentUrl":"https:\/\/centrobebe.es\/wp-content\/uploads\/2018\/06\/icono3-e1557940133982.png","width":34,"height":29,"caption":"Centrobebe"},"image":{"@id":"https:\/\/centrobebe.es\/#\/schema\/logo\/image\/"},"sameAs":["https:\/\/www.facebook.com\/centrobebe\/","https:\/\/x.com\/centrobebe","https:\/\/www.instagram.com\/centrobebe.es\/","https:\/\/www.youtube.com\/channel\/UCVU-jcFuwntnxOhxvSbf3hg"]}]}},"brands":[{"id":660,"name":"Vtech","slug":"vtech"}],"_links":{"self":[{"href":"https:\/\/centrobebe.es\/en\/wp-json\/wp\/v2\/product\/49949","targetHints":{"allow":["GET"]}}],"collection":[{"href":"https:\/\/centrobebe.es\/en\/wp-json\/wp\/v2\/product"}],"about":[{"href":"https:\/\/centrobebe.es\/en\/wp-json\/wp\/v2\/types\/product"}],"version-history":[{"count":7,"href":"https:\/\/centrobebe.es\/en\/wp-json\/wp\/v2\/product\/49949\/revisions"}],"predecessor-version":[{"id":57072,"href":"https:\/\/centrobebe.es\/en\/wp-json\/wp\/v2\/product\/49949\/revisions\/57072"}],"wp:featuredmedia":[{"embeddable":true,"href":"https:\/\/centrobebe.es\/en\/wp-json\/wp\/v2\/media\/57071"}],"wp:attachment":[{"href":"https:\/\/centrobebe.es\/en\/wp-json\/wp\/v2\/media?parent=49949"}],"wp:term":[{"taxonomy":"pwb-brand","embeddable":true,"href":"https:\/\/centrobebe.es\/en\/wp-json\/wp\/v2\/pwb-brand?post=49949"},{"taxonomy":"product_cat","embeddable":true,"href":"https:\/\/centrobebe.es\/en\/wp-json\/wp\/v2\/product_cat?post=49949"},{"taxonomy":"product_tag","embeddable":true,"href":"https:\/\/centrobebe.es\/en\/wp-json\/wp\/v2\/product_tag?post=49949"}],"curies":[{"name":"wp","href":"https:\/\/api.w.org\/{rel}","templated":true}]}}