{"id":50289,"date":"2024-04-29T16:27:47","date_gmt":"2024-04-29T16:27:47","guid":{"rendered":"https:\/\/centrobebe.es\/?post_type=product&#038;p=50289"},"modified":"2024-04-29T17:00:14","modified_gmt":"2024-04-29T17:00:14","slug":"teepee-ninos-kiokids-100x100x160","status":"publish","type":"product","link":"https:\/\/centrobebe.es\/en\/shop\/centrobebe\/el-juego\/alfombras-actividad\/teepee-ninos-kiokids-100x100x160\/","title":{"rendered":"Teepee Ni\u00f1os Kiokids 100x100x160"},"content":{"rendered":"<h2>Teepee Ni\u00f1os Kiokids<\/h2>\n<p>Teepee ni\u00f1os Kiokids es uno de los juguetes m\u00e1s demandados,es una tienda de campa\u00f1a de los indios amaericanos que les dar\u00e1 much\u00edsimas horas de diversi\u00f3n sin fin.<\/p>\n<p>Quiz\u00e1 porque los ni\u00f1os necesitan su espacio, imaginar, correr a su alrededor, so\u00f1ar que est\u00e1n en otro lugar e inventar mil historias.<\/p>\n<p>Es seguro, fabricado de forma robusta para que te dure mucho tiempo.<\/p>\n<p>Adem\u00e1s es muy decorativo, le a\u00f1ade un toque personal a la habitaci\u00f3n de los peques y alucinar\u00e1n si se lo compras y se lo montas en el dormitorio o sal\u00f3n sin que lo sepan.<\/p>\n<p><strong>* Ficha T\u00e9cnica:<\/strong><\/p>\n<p><strong>&#8211; Contenido y caracter\u00edsticas del Tipi o Teepee de ni\u00f1os:<br \/>\n<\/strong><\/p>\n<p>&#8211; Medida abierto: 100 x 100 x 160 de alto.<\/p>\n<p>&#8211; Trae una bolsa para poder guardarlo c\u00f3modamente en su caja y que no se manche ni coja polvo.<\/p>\n<p>&#8211; Material: 65% algod\u00f3n y 35% poli\u00e9ster.<\/p>\n<p>&#8211; Lavable a m\u00e1ximo 30\u00ba<\/p>\n<p>&#8211; Edad recomendada de uso: a partir de +0 meses hasta 12 a\u00f1os.<\/p>\n<p>&#8211; Colores: Rosa, Azul y Gris.<\/p>","protected":false},"excerpt":{"rendered":"<p>Teepee ni\u00f1os Kiokids es uno de los juguetes m\u00e1s demandados,es una tienda de campa\u00f1a de los indios amaericanos que les dar\u00e1 much\u00edsimas horas de diversi\u00f3n sin fin.<\/p>","protected":false},"featured_media":50290,"template":"","meta":[],"pwb-brand":[416],"product_cat":[129,162],"product_tag":[],"class_list":{"0":"post-50289","1":"product","2":"type-product","3":"status-publish","4":"has-post-thumbnail","6":"pwb-brand-kiokids","7":"product_cat-el-juego","8":"product_cat-alfombras-actividad","9":"pa_color-celeste","10":"pa_color-rosa","11":"tm-no-options","13":"first","14":"instock","15":"sale","16":"taxable","17":"shipping-taxable","18":"purchasable","19":"product-type-variable","20":"wvs-archive-product-wrapper"},"yoast_head":"<!-- This site is optimized with the Yoast SEO plugin v26.9 - https:\/\/yoast.com\/product\/yoast-seo-wordpress\/ -->\n<title>Teepee Ni\u00f1os Kiokids 100x100x160 - Centrobeb\u00e9<\/title>\n<meta name=\"description\" content=\"Teepee ni\u00f1os Kiokids es uno de los juguetes m\u00e1s demandados,es una tienda de campa\u00f1a de los indios amaericanos que les dar\u00e1 much\u00edsimas horas de diversi\u00f3n.\" \/>\n<meta name=\"robots\" content=\"index, follow, max-snippet:-1, max-image-preview:large, max-video-preview:-1\" \/>\n<link rel=\"canonical\" href=\"https:\/\/centrobebe.es\/en\/shop\/centrobebe\/el-juego\/alfombras-actividad\/teepee-ninos-kiokids-100x100x160\/\" \/>\n<meta property=\"og:locale\" content=\"en_GB\" \/>\n<meta property=\"og:type\" content=\"article\" \/>\n<meta property=\"og:title\" content=\"Teepee Ni\u00f1os Kiokids 100x100x160 - Centrobeb\u00e9\" \/>\n<meta property=\"og:description\" content=\"Teepee ni\u00f1os Kiokids es uno de los juguetes m\u00e1s demandados,es una tienda de campa\u00f1a de los indios amaericanos que les dar\u00e1 much\u00edsimas horas de diversi\u00f3n.\" \/>\n<meta property=\"og:url\" content=\"https:\/\/centrobebe.es\/en\/shop\/centrobebe\/el-juego\/alfombras-actividad\/teepee-ninos-kiokids-100x100x160\/\" \/>\n<meta property=\"og:site_name\" content=\"Centrobeb\u00e9\" \/>\n<meta property=\"article:publisher\" content=\"https:\/\/www.facebook.com\/centrobebe\/\" \/>\n<meta property=\"article:modified_time\" content=\"2024-04-29T17:00:14+00:00\" \/>\n<meta property=\"og:image\" content=\"https:\/\/centrobebe.es\/wp-content\/uploads\/2024\/04\/tipi-e1714408399303.jpg\" \/>\n\t<meta property=\"og:image:width\" content=\"562\" \/>\n\t<meta property=\"og:image:height\" content=\"562\" \/>\n\t<meta property=\"og:image:type\" content=\"image\/jpeg\" \/>\n<meta name=\"twitter:card\" content=\"summary_large_image\" \/>\n<meta name=\"twitter:site\" content=\"@centrobebe\" \/>\n<meta name=\"twitter:label1\" content=\"Estimated reading time\" \/>\n\t<meta name=\"twitter:data1\" content=\"1 minute\" \/>\n<script type=\"application\/ld+json\" class=\"yoast-schema-graph\">{\"@context\":\"https:\/\/schema.org\",\"@graph\":[{\"@type\":\"WebPage\",\"@id\":\"https:\/\/centrobebe.es\/shop\/centrobebe\/el-juego\/alfombras-actividad\/teepee-ninos-kiokids-100x100x160\/\",\"url\":\"https:\/\/centrobebe.es\/shop\/centrobebe\/el-juego\/alfombras-actividad\/teepee-ninos-kiokids-100x100x160\/\",\"name\":\"Teepee Ni\u00f1os Kiokids 100x100x160 - Centrobeb\u00e9\",\"isPartOf\":{\"@id\":\"https:\/\/centrobebe.es\/#website\"},\"primaryImageOfPage\":{\"@id\":\"https:\/\/centrobebe.es\/shop\/centrobebe\/el-juego\/alfombras-actividad\/teepee-ninos-kiokids-100x100x160\/#primaryimage\"},\"image\":{\"@id\":\"https:\/\/centrobebe.es\/shop\/centrobebe\/el-juego\/alfombras-actividad\/teepee-ninos-kiokids-100x100x160\/#primaryimage\"},\"thumbnailUrl\":\"https:\/\/centrobebe.es\/wp-content\/uploads\/2024\/04\/tipi-e1714408399303.jpg\",\"datePublished\":\"2024-04-29T16:27:47+00:00\",\"dateModified\":\"2024-04-29T17:00:14+00:00\",\"description\":\"Teepee ni\u00f1os Kiokids es uno de los juguetes m\u00e1s demandados,es una tienda de campa\u00f1a de los indios amaericanos que les dar\u00e1 much\u00edsimas horas de diversi\u00f3n.\",\"breadcrumb\":{\"@id\":\"https:\/\/centrobebe.es\/shop\/centrobebe\/el-juego\/alfombras-actividad\/teepee-ninos-kiokids-100x100x160\/#breadcrumb\"},\"inLanguage\":\"en-GB\",\"potentialAction\":[{\"@type\":\"ReadAction\",\"target\":[\"https:\/\/centrobebe.es\/shop\/centrobebe\/el-juego\/alfombras-actividad\/teepee-ninos-kiokids-100x100x160\/\"]}]},{\"@type\":\"ImageObject\",\"inLanguage\":\"en-GB\",\"@id\":\"https:\/\/centrobebe.es\/shop\/centrobebe\/el-juego\/alfombras-actividad\/teepee-ninos-kiokids-100x100x160\/#primaryimage\",\"url\":\"https:\/\/centrobebe.es\/wp-content\/uploads\/2024\/04\/tipi-e1714408399303.jpg\",\"contentUrl\":\"https:\/\/centrobebe.es\/wp-content\/uploads\/2024\/04\/tipi-e1714408399303.jpg\",\"width\":562,\"height\":562,\"caption\":\"teepee kiokids\"},{\"@type\":\"BreadcrumbList\",\"@id\":\"https:\/\/centrobebe.es\/shop\/centrobebe\/el-juego\/alfombras-actividad\/teepee-ninos-kiokids-100x100x160\/#breadcrumb\",\"itemListElement\":[{\"@type\":\"ListItem\",\"position\":1,\"name\":\"Portada\",\"item\":\"https:\/\/centrobebe.es\/\"},{\"@type\":\"ListItem\",\"position\":2,\"name\":\"Shop\",\"item\":\"https:\/\/centrobebe.es\/shop\/\"},{\"@type\":\"ListItem\",\"position\":3,\"name\":\"Teepee Ni\u00f1os Kiokids 100x100x160\"}]},{\"@type\":\"WebSite\",\"@id\":\"https:\/\/centrobebe.es\/#website\",\"url\":\"https:\/\/centrobebe.es\/\",\"name\":\"Centrobeb\u00e9\",\"description\":\"Tienda de bebe online | Todo lo que tu bebe necesita\",\"publisher\":{\"@id\":\"https:\/\/centrobebe.es\/#organization\"},\"alternateName\":\"Centrobeb\u00e9\",\"potentialAction\":[{\"@type\":\"SearchAction\",\"target\":{\"@type\":\"EntryPoint\",\"urlTemplate\":\"https:\/\/centrobebe.es\/?s={search_term_string}\"},\"query-input\":{\"@type\":\"PropertyValueSpecification\",\"valueRequired\":true,\"valueName\":\"search_term_string\"}}],\"inLanguage\":\"en-GB\"},{\"@type\":\"Organization\",\"@id\":\"https:\/\/centrobebe.es\/#organization\",\"name\":\"Centrobebe\",\"alternateName\":\"Centrobebe\",\"url\":\"https:\/\/centrobebe.es\/\",\"logo\":{\"@type\":\"ImageObject\",\"inLanguage\":\"en-GB\",\"@id\":\"https:\/\/centrobebe.es\/#\/schema\/logo\/image\/\",\"url\":\"https:\/\/centrobebe.es\/wp-content\/uploads\/2018\/06\/icono3-e1557940133982.png\",\"contentUrl\":\"https:\/\/centrobebe.es\/wp-content\/uploads\/2018\/06\/icono3-e1557940133982.png\",\"width\":34,\"height\":29,\"caption\":\"Centrobebe\"},\"image\":{\"@id\":\"https:\/\/centrobebe.es\/#\/schema\/logo\/image\/\"},\"sameAs\":[\"https:\/\/www.facebook.com\/centrobebe\/\",\"https:\/\/x.com\/centrobebe\",\"https:\/\/www.instagram.com\/centrobebe.es\/\",\"https:\/\/www.youtube.com\/channel\/UCVU-jcFuwntnxOhxvSbf3hg\"]}]}<\/script>\n<!-- \/ Yoast SEO plugin. -->","yoast_head_json":{"title":"Teepee Ni\u00f1os Kiokids 100x100x160 - Centrobeb\u00e9","description":"Teepee ni\u00f1os Kiokids es uno de los juguetes m\u00e1s demandados,es una tienda de campa\u00f1a de los indios amaericanos que les dar\u00e1 much\u00edsimas horas de diversi\u00f3n.","robots":{"index":"index","follow":"follow","max-snippet":"max-snippet:-1","max-image-preview":"max-image-preview:large","max-video-preview":"max-video-preview:-1"},"canonical":"https:\/\/centrobebe.es\/en\/shop\/centrobebe\/el-juego\/alfombras-actividad\/teepee-ninos-kiokids-100x100x160\/","og_locale":"en_GB","og_type":"article","og_title":"Teepee Ni\u00f1os Kiokids 100x100x160 - Centrobeb\u00e9","og_description":"Teepee ni\u00f1os Kiokids es uno de los juguetes m\u00e1s demandados,es una tienda de campa\u00f1a de los indios amaericanos que les dar\u00e1 much\u00edsimas horas de diversi\u00f3n.","og_url":"https:\/\/centrobebe.es\/en\/shop\/centrobebe\/el-juego\/alfombras-actividad\/teepee-ninos-kiokids-100x100x160\/","og_site_name":"Centrobeb\u00e9","article_publisher":"https:\/\/www.facebook.com\/centrobebe\/","article_modified_time":"2024-04-29T17:00:14+00:00","og_image":[{"width":562,"height":562,"url":"https:\/\/centrobebe.es\/wp-content\/uploads\/2024\/04\/tipi-e1714408399303.jpg","type":"image\/jpeg"}],"twitter_card":"summary_large_image","twitter_site":"@centrobebe","twitter_misc":{"Estimated reading time":"1 minute"},"schema":{"@context":"https:\/\/schema.org","@graph":[{"@type":"WebPage","@id":"https:\/\/centrobebe.es\/shop\/centrobebe\/el-juego\/alfombras-actividad\/teepee-ninos-kiokids-100x100x160\/","url":"https:\/\/centrobebe.es\/shop\/centrobebe\/el-juego\/alfombras-actividad\/teepee-ninos-kiokids-100x100x160\/","name":"Teepee Ni\u00f1os Kiokids 100x100x160 - Centrobeb\u00e9","isPartOf":{"@id":"https:\/\/centrobebe.es\/#website"},"primaryImageOfPage":{"@id":"https:\/\/centrobebe.es\/shop\/centrobebe\/el-juego\/alfombras-actividad\/teepee-ninos-kiokids-100x100x160\/#primaryimage"},"image":{"@id":"https:\/\/centrobebe.es\/shop\/centrobebe\/el-juego\/alfombras-actividad\/teepee-ninos-kiokids-100x100x160\/#primaryimage"},"thumbnailUrl":"https:\/\/centrobebe.es\/wp-content\/uploads\/2024\/04\/tipi-e1714408399303.jpg","datePublished":"2024-04-29T16:27:47+00:00","dateModified":"2024-04-29T17:00:14+00:00","description":"Teepee ni\u00f1os Kiokids es uno de los juguetes m\u00e1s demandados,es una tienda de campa\u00f1a de los indios amaericanos que les dar\u00e1 much\u00edsimas horas de diversi\u00f3n.","breadcrumb":{"@id":"https:\/\/centrobebe.es\/shop\/centrobebe\/el-juego\/alfombras-actividad\/teepee-ninos-kiokids-100x100x160\/#breadcrumb"},"inLanguage":"en-GB","potentialAction":[{"@type":"ReadAction","target":["https:\/\/centrobebe.es\/shop\/centrobebe\/el-juego\/alfombras-actividad\/teepee-ninos-kiokids-100x100x160\/"]}]},{"@type":"ImageObject","inLanguage":"en-GB","@id":"https:\/\/centrobebe.es\/shop\/centrobebe\/el-juego\/alfombras-actividad\/teepee-ninos-kiokids-100x100x160\/#primaryimage","url":"https:\/\/centrobebe.es\/wp-content\/uploads\/2024\/04\/tipi-e1714408399303.jpg","contentUrl":"https:\/\/centrobebe.es\/wp-content\/uploads\/2024\/04\/tipi-e1714408399303.jpg","width":562,"height":562,"caption":"teepee kiokids"},{"@type":"BreadcrumbList","@id":"https:\/\/centrobebe.es\/shop\/centrobebe\/el-juego\/alfombras-actividad\/teepee-ninos-kiokids-100x100x160\/#breadcrumb","itemListElement":[{"@type":"ListItem","position":1,"name":"Portada","item":"https:\/\/centrobebe.es\/"},{"@type":"ListItem","position":2,"name":"Shop","item":"https:\/\/centrobebe.es\/shop\/"},{"@type":"ListItem","position":3,"name":"Teepee Ni\u00f1os Kiokids 100x100x160"}]},{"@type":"WebSite","@id":"https:\/\/centrobebe.es\/#website","url":"https:\/\/centrobebe.es\/","name":"Centrobeb\u00e9","description":"Tienda de bebe online | Todo lo que tu bebe necesita","publisher":{"@id":"https:\/\/centrobebe.es\/#organization"},"alternateName":"Centrobeb\u00e9","potentialAction":[{"@type":"SearchAction","target":{"@type":"EntryPoint","urlTemplate":"https:\/\/centrobebe.es\/?s={search_term_string}"},"query-input":{"@type":"PropertyValueSpecification","valueRequired":true,"valueName":"search_term_string"}}],"inLanguage":"en-GB"},{"@type":"Organization","@id":"https:\/\/centrobebe.es\/#organization","name":"Centrobebe","alternateName":"Centrobebe","url":"https:\/\/centrobebe.es\/","logo":{"@type":"ImageObject","inLanguage":"en-GB","@id":"https:\/\/centrobebe.es\/#\/schema\/logo\/image\/","url":"https:\/\/centrobebe.es\/wp-content\/uploads\/2018\/06\/icono3-e1557940133982.png","contentUrl":"https:\/\/centrobebe.es\/wp-content\/uploads\/2018\/06\/icono3-e1557940133982.png","width":34,"height":29,"caption":"Centrobebe"},"image":{"@id":"https:\/\/centrobebe.es\/#\/schema\/logo\/image\/"},"sameAs":["https:\/\/www.facebook.com\/centrobebe\/","https:\/\/x.com\/centrobebe","https:\/\/www.instagram.com\/centrobebe.es\/","https:\/\/www.youtube.com\/channel\/UCVU-jcFuwntnxOhxvSbf3hg"]}]}},"brands":[{"id":416,"name":"Kiokids","slug":"kiokids"}],"_links":{"self":[{"href":"https:\/\/centrobebe.es\/en\/wp-json\/wp\/v2\/product\/50289","targetHints":{"allow":["GET"]}}],"collection":[{"href":"https:\/\/centrobebe.es\/en\/wp-json\/wp\/v2\/product"}],"about":[{"href":"https:\/\/centrobebe.es\/en\/wp-json\/wp\/v2\/types\/product"}],"version-history":[{"count":1,"href":"https:\/\/centrobebe.es\/en\/wp-json\/wp\/v2\/product\/50289\/revisions"}],"predecessor-version":[{"id":50294,"href":"https:\/\/centrobebe.es\/en\/wp-json\/wp\/v2\/product\/50289\/revisions\/50294"}],"wp:featuredmedia":[{"embeddable":true,"href":"https:\/\/centrobebe.es\/en\/wp-json\/wp\/v2\/media\/50290"}],"wp:attachment":[{"href":"https:\/\/centrobebe.es\/en\/wp-json\/wp\/v2\/media?parent=50289"}],"wp:term":[{"taxonomy":"pwb-brand","embeddable":true,"href":"https:\/\/centrobebe.es\/en\/wp-json\/wp\/v2\/pwb-brand?post=50289"},{"taxonomy":"product_cat","embeddable":true,"href":"https:\/\/centrobebe.es\/en\/wp-json\/wp\/v2\/product_cat?post=50289"},{"taxonomy":"product_tag","embeddable":true,"href":"https:\/\/centrobebe.es\/en\/wp-json\/wp\/v2\/product_tag?post=50289"}],"curies":[{"name":"wp","href":"https:\/\/api.w.org\/{rel}","templated":true}]}}