{"id":51511,"date":"2024-07-24T19:23:02","date_gmt":"2024-07-24T19:23:02","guid":{"rendered":"https:\/\/centrobebe.es\/?post_type=product&#038;p=51511"},"modified":"2025-12-20T11:43:46","modified_gmt":"2025-12-20T11:43:46","slug":"cuna-toral-oso-dormilon-mundibebe","status":"publish","type":"product","link":"https:\/\/centrobebe.es\/en\/shop\/centrobebe\/el-sueno\/cunas\/cuna-toral-oso-dormilon-mundibebe\/","title":{"rendered":"Cuna Toral Oso Dormilon Mundibebe"},"content":{"rendered":"<h1>Cuna <strong>Toral Dormilon<\/strong><\/h1>\n<p>Cuna Toral Dormilon, es perfecta para la habitaci\u00f3n de tu beb\u00e9. Dar\u00e1 alegr\u00eda y optimismo, al entrar en la habitaci\u00f3n. \u00a1Es muy ideal!<\/p>\n<h4>Caracter\u00edsticas C<span class=\"keyword _ngcontent-cda-98\" aria-hidden=\"false\">una Toral Dormilon<\/span><\/h4>\n<ul>\n<li>Solo se incluye la cuna. No se enviar\u00e1: colch\u00f3n, s\u00e1banas y chichonera (aunque aparecen en la foto).\n<ul>\n<li>10\u00a0posiciones de somier. Medidas de 60x120cm.<\/li>\n<li>1 lateral abatible.<\/li>\n<li>Incluye mordedor para la barandilla.<\/li>\n<li>Doble seguro de cierre de accionamiento simult\u00e1neo, con dispositivo de bloqueo, para asegurar la barandilla m\u00f3vil \u00absube y baja\u00bb de la cuna.<\/li>\n<li>Tornillos y piezas bien ajustados para no ocasionar rasgu\u00f1os.<\/li>\n<li>Pinturas y barnices no t\u00f3xicos.<\/li>\n<li>Cantos redondeados y sin salientes en cunas para evitar cualquier accidente (respondiendo a la Normativa Europea).<\/li>\n<\/ul>\n<\/li>\n<\/ul>\n<p>Si necesitas m\u00e1s informaci\u00f3n sobre la <span class=\"keyword _ngcontent-cda-98\" aria-hidden=\"false\">cuna Toral no dude en ponerse en contacto con nuestro equipo de profesionales de Centrobeb\u00e9. Descubre la variedad de <strong><a href=\"https:\/\/centrobebe.es\/en\/product-category\/centrobebe\/el-sueno\/cunas\/\">cunas para bebes <\/a><\/strong>al mejor precio y de las mejores marcas. \u00a1Compra online y financia ahora de forma c\u00f3moda y segura!<\/span><\/p>","protected":false},"excerpt":{"rendered":"<p>Cuna Toral Cielo de 120 x 60 cm est\u00e1 disponible en color blanco \u00a1Cuna adorable!<\/p>\n<p>Compra online al mejor precio cunas para beb\u00e9s.<\/p>","protected":false},"featured_media":51513,"template":"","meta":[],"pwb-brand":[704],"product_cat":[147],"product_tag":[235],"class_list":{"0":"post-51511","1":"product","2":"type-product","3":"status-publish","4":"has-post-thumbnail","6":"pwb-brand-toral","7":"product_cat-cunas","8":"product_tag-micuna","9":"pa_color-celeste","10":"pa_color-rosa","11":"tm-no-options","13":"first","14":"instock","15":"taxable","16":"shipping-taxable","17":"purchasable","18":"product-type-simple"},"yoast_head":"<!-- This site is optimized with the Yoast SEO plugin v27.5 - https:\/\/yoast.com\/product\/yoast-seo-wordpress\/ -->\n<title>Cuna Toral Cielo- Las mejores Cunas Online - Centrobeb\u00e9<\/title>\n<meta name=\"description\" content=\"Cuna Toral Cielo es de color blanco y con unas dimensiones de 120 x 60 cm . Comprala al mejor Precio. Financia Facilmente!!\" \/>\n<meta name=\"robots\" content=\"index, follow, max-snippet:-1, max-image-preview:large, max-video-preview:-1\" \/>\n<link rel=\"canonical\" href=\"https:\/\/centrobebe.es\/en\/shop\/centrobebe\/el-sueno\/cunas\/cuna-toral-oso-dormilon-mundibebe\/\" \/>\n<meta property=\"og:locale\" content=\"en_GB\" \/>\n<meta property=\"og:type\" content=\"article\" \/>\n<meta property=\"og:title\" content=\"Cuna Toral Cielo- Las mejores Cunas Online - Centrobeb\u00e9\" \/>\n<meta property=\"og:description\" content=\"Cuna Toral Cielo es de color blanco y con unas dimensiones de 120 x 60 cm . Comprala al mejor Precio. Financia Facilmente!!\" \/>\n<meta property=\"og:url\" content=\"https:\/\/centrobebe.es\/en\/shop\/centrobebe\/el-sueno\/cunas\/cuna-toral-oso-dormilon-mundibebe\/\" \/>\n<meta property=\"og:site_name\" content=\"Centrobeb\u00e9\" \/>\n<meta property=\"article:publisher\" content=\"https:\/\/www.facebook.com\/centrobebe\/\" \/>\n<meta property=\"article:modified_time\" content=\"2025-12-20T11:43:46+00:00\" \/>\n<meta property=\"og:image\" content=\"https:\/\/centrobebe.es\/wp-content\/uploads\/2024\/07\/osito-dormilon.jpg\" \/>\n\t<meta property=\"og:image:width\" content=\"800\" \/>\n\t<meta property=\"og:image:height\" content=\"800\" \/>\n\t<meta property=\"og:image:type\" content=\"image\/jpeg\" \/>\n<meta name=\"twitter:card\" content=\"summary_large_image\" \/>\n<meta name=\"twitter:site\" content=\"@centrobebe\" \/>\n<meta name=\"twitter:label1\" content=\"Estimated reading time\" \/>\n\t<meta name=\"twitter:data1\" content=\"1 minute\" \/>\n<script type=\"application\/ld+json\" class=\"yoast-schema-graph\">{\"@context\":\"https:\\\/\\\/schema.org\",\"@graph\":[{\"@type\":\"WebPage\",\"@id\":\"https:\\\/\\\/centrobebe.es\\\/shop\\\/centrobebe\\\/el-sueno\\\/cunas\\\/cuna-toral-oso-dormilon-mundibebe\\\/\",\"url\":\"https:\\\/\\\/centrobebe.es\\\/shop\\\/centrobebe\\\/el-sueno\\\/cunas\\\/cuna-toral-oso-dormilon-mundibebe\\\/\",\"name\":\"Cuna Toral Cielo- Las mejores Cunas Online - Centrobeb\u00e9\",\"isPartOf\":{\"@id\":\"https:\\\/\\\/centrobebe.es\\\/#website\"},\"primaryImageOfPage\":{\"@id\":\"https:\\\/\\\/centrobebe.es\\\/shop\\\/centrobebe\\\/el-sueno\\\/cunas\\\/cuna-toral-oso-dormilon-mundibebe\\\/#primaryimage\"},\"image\":{\"@id\":\"https:\\\/\\\/centrobebe.es\\\/shop\\\/centrobebe\\\/el-sueno\\\/cunas\\\/cuna-toral-oso-dormilon-mundibebe\\\/#primaryimage\"},\"thumbnailUrl\":\"https:\\\/\\\/centrobebe.es\\\/wp-content\\\/uploads\\\/2024\\\/07\\\/osito-dormilon.jpg\",\"datePublished\":\"2024-07-24T19:23:02+00:00\",\"dateModified\":\"2025-12-20T11:43:46+00:00\",\"description\":\"Cuna Toral Cielo es de color blanco y con unas dimensiones de 120 x 60 cm . Comprala al mejor Precio. Financia Facilmente!!\",\"breadcrumb\":{\"@id\":\"https:\\\/\\\/centrobebe.es\\\/shop\\\/centrobebe\\\/el-sueno\\\/cunas\\\/cuna-toral-oso-dormilon-mundibebe\\\/#breadcrumb\"},\"inLanguage\":\"en-GB\",\"potentialAction\":[{\"@type\":\"ReadAction\",\"target\":[\"https:\\\/\\\/centrobebe.es\\\/shop\\\/centrobebe\\\/el-sueno\\\/cunas\\\/cuna-toral-oso-dormilon-mundibebe\\\/\"]}]},{\"@type\":\"ImageObject\",\"inLanguage\":\"en-GB\",\"@id\":\"https:\\\/\\\/centrobebe.es\\\/shop\\\/centrobebe\\\/el-sueno\\\/cunas\\\/cuna-toral-oso-dormilon-mundibebe\\\/#primaryimage\",\"url\":\"https:\\\/\\\/centrobebe.es\\\/wp-content\\\/uploads\\\/2024\\\/07\\\/osito-dormilon.jpg\",\"contentUrl\":\"https:\\\/\\\/centrobebe.es\\\/wp-content\\\/uploads\\\/2024\\\/07\\\/osito-dormilon.jpg\",\"width\":800,\"height\":800,\"caption\":\"cuna toral oso dormilon\"},{\"@type\":\"BreadcrumbList\",\"@id\":\"https:\\\/\\\/centrobebe.es\\\/shop\\\/centrobebe\\\/el-sueno\\\/cunas\\\/cuna-toral-oso-dormilon-mundibebe\\\/#breadcrumb\",\"itemListElement\":[{\"@type\":\"ListItem\",\"position\":1,\"name\":\"Portada\",\"item\":\"https:\\\/\\\/centrobebe.es\\\/\"},{\"@type\":\"ListItem\",\"position\":2,\"name\":\"Shop\",\"item\":\"https:\\\/\\\/centrobebe.es\\\/shop\\\/\"},{\"@type\":\"ListItem\",\"position\":3,\"name\":\"Cuna Toral Oso Dormilon Mundibebe\"}]},{\"@type\":\"WebSite\",\"@id\":\"https:\\\/\\\/centrobebe.es\\\/#website\",\"url\":\"https:\\\/\\\/centrobebe.es\\\/\",\"name\":\"Centrobeb\u00e9\",\"description\":\"Tienda de bebe online | Todo lo que tu bebe necesita\",\"publisher\":{\"@id\":\"https:\\\/\\\/centrobebe.es\\\/#organization\"},\"alternateName\":\"Centrobeb\u00e9\",\"potentialAction\":[{\"@type\":\"SearchAction\",\"target\":{\"@type\":\"EntryPoint\",\"urlTemplate\":\"https:\\\/\\\/centrobebe.es\\\/?s={search_term_string}\"},\"query-input\":{\"@type\":\"PropertyValueSpecification\",\"valueRequired\":true,\"valueName\":\"search_term_string\"}}],\"inLanguage\":\"en-GB\"},{\"@type\":\"Organization\",\"@id\":\"https:\\\/\\\/centrobebe.es\\\/#organization\",\"name\":\"Centrobebe\",\"alternateName\":\"Centrobebe\",\"url\":\"https:\\\/\\\/centrobebe.es\\\/\",\"logo\":{\"@type\":\"ImageObject\",\"inLanguage\":\"en-GB\",\"@id\":\"https:\\\/\\\/centrobebe.es\\\/#\\\/schema\\\/logo\\\/image\\\/\",\"url\":\"https:\\\/\\\/centrobebe.es\\\/wp-content\\\/uploads\\\/2018\\\/06\\\/icono3-e1557940133982.png\",\"contentUrl\":\"https:\\\/\\\/centrobebe.es\\\/wp-content\\\/uploads\\\/2018\\\/06\\\/icono3-e1557940133982.png\",\"width\":34,\"height\":29,\"caption\":\"Centrobebe\"},\"image\":{\"@id\":\"https:\\\/\\\/centrobebe.es\\\/#\\\/schema\\\/logo\\\/image\\\/\"},\"sameAs\":[\"https:\\\/\\\/www.facebook.com\\\/centrobebe\\\/\",\"https:\\\/\\\/x.com\\\/centrobebe\",\"https:\\\/\\\/www.instagram.com\\\/centrobebe.es\\\/\",\"https:\\\/\\\/www.youtube.com\\\/channel\\\/UCVU-jcFuwntnxOhxvSbf3hg\"]}]}<\/script>\n<!-- \/ Yoast SEO plugin. -->","yoast_head_json":{"title":"Cuna Toral Cielo- Las mejores Cunas Online - Centrobeb\u00e9","description":"Cuna Toral Cielo es de color blanco y con unas dimensiones de 120 x 60 cm . Comprala al mejor Precio. Financia Facilmente!!","robots":{"index":"index","follow":"follow","max-snippet":"max-snippet:-1","max-image-preview":"max-image-preview:large","max-video-preview":"max-video-preview:-1"},"canonical":"https:\/\/centrobebe.es\/en\/shop\/centrobebe\/el-sueno\/cunas\/cuna-toral-oso-dormilon-mundibebe\/","og_locale":"en_GB","og_type":"article","og_title":"Cuna Toral Cielo- Las mejores Cunas Online - Centrobeb\u00e9","og_description":"Cuna Toral Cielo es de color blanco y con unas dimensiones de 120 x 60 cm . Comprala al mejor Precio. Financia Facilmente!!","og_url":"https:\/\/centrobebe.es\/en\/shop\/centrobebe\/el-sueno\/cunas\/cuna-toral-oso-dormilon-mundibebe\/","og_site_name":"Centrobeb\u00e9","article_publisher":"https:\/\/www.facebook.com\/centrobebe\/","article_modified_time":"2025-12-20T11:43:46+00:00","og_image":[{"width":800,"height":800,"url":"https:\/\/centrobebe.es\/wp-content\/uploads\/2024\/07\/osito-dormilon.jpg","type":"image\/jpeg"}],"twitter_card":"summary_large_image","twitter_site":"@centrobebe","twitter_misc":{"Estimated reading time":"1 minute"},"schema":{"@context":"https:\/\/schema.org","@graph":[{"@type":"WebPage","@id":"https:\/\/centrobebe.es\/shop\/centrobebe\/el-sueno\/cunas\/cuna-toral-oso-dormilon-mundibebe\/","url":"https:\/\/centrobebe.es\/shop\/centrobebe\/el-sueno\/cunas\/cuna-toral-oso-dormilon-mundibebe\/","name":"Cuna Toral Cielo- Las mejores Cunas Online - Centrobeb\u00e9","isPartOf":{"@id":"https:\/\/centrobebe.es\/#website"},"primaryImageOfPage":{"@id":"https:\/\/centrobebe.es\/shop\/centrobebe\/el-sueno\/cunas\/cuna-toral-oso-dormilon-mundibebe\/#primaryimage"},"image":{"@id":"https:\/\/centrobebe.es\/shop\/centrobebe\/el-sueno\/cunas\/cuna-toral-oso-dormilon-mundibebe\/#primaryimage"},"thumbnailUrl":"https:\/\/centrobebe.es\/wp-content\/uploads\/2024\/07\/osito-dormilon.jpg","datePublished":"2024-07-24T19:23:02+00:00","dateModified":"2025-12-20T11:43:46+00:00","description":"Cuna Toral Cielo es de color blanco y con unas dimensiones de 120 x 60 cm . Comprala al mejor Precio. Financia Facilmente!!","breadcrumb":{"@id":"https:\/\/centrobebe.es\/shop\/centrobebe\/el-sueno\/cunas\/cuna-toral-oso-dormilon-mundibebe\/#breadcrumb"},"inLanguage":"en-GB","potentialAction":[{"@type":"ReadAction","target":["https:\/\/centrobebe.es\/shop\/centrobebe\/el-sueno\/cunas\/cuna-toral-oso-dormilon-mundibebe\/"]}]},{"@type":"ImageObject","inLanguage":"en-GB","@id":"https:\/\/centrobebe.es\/shop\/centrobebe\/el-sueno\/cunas\/cuna-toral-oso-dormilon-mundibebe\/#primaryimage","url":"https:\/\/centrobebe.es\/wp-content\/uploads\/2024\/07\/osito-dormilon.jpg","contentUrl":"https:\/\/centrobebe.es\/wp-content\/uploads\/2024\/07\/osito-dormilon.jpg","width":800,"height":800,"caption":"cuna toral oso dormilon"},{"@type":"BreadcrumbList","@id":"https:\/\/centrobebe.es\/shop\/centrobebe\/el-sueno\/cunas\/cuna-toral-oso-dormilon-mundibebe\/#breadcrumb","itemListElement":[{"@type":"ListItem","position":1,"name":"Portada","item":"https:\/\/centrobebe.es\/"},{"@type":"ListItem","position":2,"name":"Shop","item":"https:\/\/centrobebe.es\/shop\/"},{"@type":"ListItem","position":3,"name":"Cuna Toral Oso Dormilon Mundibebe"}]},{"@type":"WebSite","@id":"https:\/\/centrobebe.es\/#website","url":"https:\/\/centrobebe.es\/","name":"Centrobeb\u00e9","description":"Tienda de bebe online | Todo lo que tu bebe necesita","publisher":{"@id":"https:\/\/centrobebe.es\/#organization"},"alternateName":"Centrobeb\u00e9","potentialAction":[{"@type":"SearchAction","target":{"@type":"EntryPoint","urlTemplate":"https:\/\/centrobebe.es\/?s={search_term_string}"},"query-input":{"@type":"PropertyValueSpecification","valueRequired":true,"valueName":"search_term_string"}}],"inLanguage":"en-GB"},{"@type":"Organization","@id":"https:\/\/centrobebe.es\/#organization","name":"Centrobebe","alternateName":"Centrobebe","url":"https:\/\/centrobebe.es\/","logo":{"@type":"ImageObject","inLanguage":"en-GB","@id":"https:\/\/centrobebe.es\/#\/schema\/logo\/image\/","url":"https:\/\/centrobebe.es\/wp-content\/uploads\/2018\/06\/icono3-e1557940133982.png","contentUrl":"https:\/\/centrobebe.es\/wp-content\/uploads\/2018\/06\/icono3-e1557940133982.png","width":34,"height":29,"caption":"Centrobebe"},"image":{"@id":"https:\/\/centrobebe.es\/#\/schema\/logo\/image\/"},"sameAs":["https:\/\/www.facebook.com\/centrobebe\/","https:\/\/x.com\/centrobebe","https:\/\/www.instagram.com\/centrobebe.es\/","https:\/\/www.youtube.com\/channel\/UCVU-jcFuwntnxOhxvSbf3hg"]}]}},"brands":[{"id":704,"name":"Toral","slug":"toral"}],"_links":{"self":[{"href":"https:\/\/centrobebe.es\/en\/wp-json\/wp\/v2\/product\/51511","targetHints":{"allow":["GET"]}}],"collection":[{"href":"https:\/\/centrobebe.es\/en\/wp-json\/wp\/v2\/product"}],"about":[{"href":"https:\/\/centrobebe.es\/en\/wp-json\/wp\/v2\/types\/product"}],"version-history":[{"count":1,"href":"https:\/\/centrobebe.es\/en\/wp-json\/wp\/v2\/product\/51511\/revisions"}],"predecessor-version":[{"id":51514,"href":"https:\/\/centrobebe.es\/en\/wp-json\/wp\/v2\/product\/51511\/revisions\/51514"}],"wp:featuredmedia":[{"embeddable":true,"href":"https:\/\/centrobebe.es\/en\/wp-json\/wp\/v2\/media\/51513"}],"wp:attachment":[{"href":"https:\/\/centrobebe.es\/en\/wp-json\/wp\/v2\/media?parent=51511"}],"wp:term":[{"taxonomy":"pwb-brand","embeddable":true,"href":"https:\/\/centrobebe.es\/en\/wp-json\/wp\/v2\/pwb-brand?post=51511"},{"taxonomy":"product_cat","embeddable":true,"href":"https:\/\/centrobebe.es\/en\/wp-json\/wp\/v2\/product_cat?post=51511"},{"taxonomy":"product_tag","embeddable":true,"href":"https:\/\/centrobebe.es\/en\/wp-json\/wp\/v2\/product_tag?post=51511"}],"curies":[{"name":"wp","href":"https:\/\/api.w.org\/{rel}","templated":true}]}}