{"id":51715,"date":"2024-09-10T17:58:30","date_gmt":"2024-09-10T17:58:30","guid":{"rendered":"https:\/\/centrobebe.es\/?post_type=product&#038;p=51715"},"modified":"2025-09-29T09:34:43","modified_gmt":"2025-09-29T09:34:43","slug":"cochecito-kinderkraft-yoxi","status":"publish","type":"product","link":"https:\/\/centrobebe.es\/en\/shop\/centrobebe\/cochecitos-y-sillas-de-paseo-de-bebe\/cochecitos-bebe\/cochecitos-dos-piezas\/cochecito-kinderkraft-yoxi\/","title":{"rendered":"Cochecito Kinderkraft YOXI dos piezas (opci\u00f3n 3 piezas)"},"content":{"rendered":"<h1>Carrito Kinderkraft YOXI Dos Piezas<\/h1>\n<p>Kinderkraft YOXI Carrito beb\u00e9 2 en 1 hasta 27 kg*, Os vais a enamorar de YOXI a primera vista. Este <strong>carrito beb\u00e9 multifuncional 2 en 1 <\/strong>ser\u00e1 el acompa\u00f1ante ideal de vuestros paseos <strong>desde que el ni\u00f1o nazca hasta que cumpla 4 a\u00f1os <\/strong>(22 kg). Una de sus principales ventajas es <strong>lo f\u00e1cil que se maneja.<\/strong> Al principio llevar\u00e9is al beb\u00e9 en el capazo c\u00f3modo y profundo, que dispone de un colch\u00f3n suave y una capota grande e impermeable con filtro UPF50+, cuya tela se puede destapar para que el peque tenga una visi\u00f3n panor\u00e1mica cuando vaya tumbado boca abajo. Cuando el peque crezca, no hay m\u00e1s que <strong>plegar el capazo <\/strong>y guardarlo en el armario. Entonces, empezar\u00e9is a usar la silla de paseo, que se <strong>puede enganchar a favor de la marcha o a contramarcha.<\/strong><\/p>\n<p>La silla se pliega f\u00e1cil y r\u00e1pidamente con el asiento enganchado. Gracias a la <strong>regulaci\u00f3n amplia<\/strong>, podr\u00e1s adaptar a YOXI al beb\u00e9, pero tambi\u00e9n a ti. Adem\u00e1s, con las <strong>ruedas impinchables<\/strong>, estar\u00e9is siempre listos para pasear. \u00a1Y es que no hace falta hinchar las ruedas de YOXI! El carrito tambi\u00e9n viene con una <strong>serie de accesorios pr\u00e1cticos<\/strong>: <strong>mosquitera, cubrepi\u00e9s, pl\u00e1stico impermeable, portavasos, cesta para el manillar y adaptadores <\/strong>para la silla. Los adaptadores permiten crear un TRAVEL SYSTEM si ya cuentas con una silla para beb\u00e9s. \u00a1Y todo eso en un solo carrito!<\/p>\n<h2>Un carrito, multitud de posibilidades<\/h2>\n<p>El carrito beb\u00e9 2 en 1 YOXI se ha dise\u00f1ado para los ni\u00f1os desde el nacimiento hasta 22 kg. Primero servir\u00e1 como carrito profundo con capazo espacioso, y despu\u00e9s como una c\u00f3moda silla de paseo que se puede enganchar mirando hacia delante o hacia atr\u00e1s. YOXI permite crear un TRAVEL SYSTEM.<\/p>\n<p>Ligero y manejable<\/p>\n<p>YOXI combina dise\u00f1o y funcionalidad. Maniobrar con \u00e9l es de lo m\u00e1s sencillo, as\u00ed que no habr\u00e1 ning\u00fan obst\u00e1culo que se os resista. Dispone de un chasis de aluminio amortiguado y ruedas impinchables que no hace falta hinchar. Las ruedas delanteras cuentan con bloqueo de giro, una opci\u00f3n maravillosa para terrenos complicados. por ejemplo para los paseos por caminos de grava.<\/p>\n<h2>Ideal para reci\u00e9n nacidos<\/h2>\n<p>El carrito beb\u00e9 YOXI se ha dise\u00f1ado para los reci\u00e9n nacidos. Tu peque disfrutar\u00e1 de un capazo grande y c\u00f3modo, con colch\u00f3n suave y cubrepi\u00e9s para los d\u00edas m\u00e1s frescos. La red de ventilaci\u00f3n permitir\u00e1 que el ni\u00f1o tenga una vista panor\u00e1mica del mundo cuando vaya tumbado boca abajo. Cuando ya sea demasiado grande para el capazo, solo tienes que plegarlo y guardarlo en el armario.<\/p>\n<h2>Protecci\u00f3n contra el mal tiempo<\/h2>\n<p>Las capotas de la silla de paseo y el capazo son grandes, est\u00e1n ventiladas y poseen filtro UPF50+. Adem\u00e1s, son impermeables y tienen un panel de ventilaci\u00f3n adicional, ideal para los d\u00edas calurosos.<\/p>\n<p>&nbsp;<\/p>\n<h2>Ajuste completo para una mejor adaptaci\u00f3n<\/h2>\n<p>La silla de paseo YOXI permite regular tanto el reposapi\u00e9s como el respaldo. De esta forma, crear\u00e1s un espacio c\u00f3modo para las siestecitas durante los paseos. YOXI tambi\u00e9n se adapta a ti: el manillar ajustable te permitir\u00e1 adaptar el carrito a tu estatura.<\/p>\n<p>&nbsp;<\/p>\n<h2>Para pasear y descansar<\/h2>\n<p>El asiento de YOXI se encuentra a la altura adecuada para juntar el carrito a la mesa. Tambi\u00e9n puedes plegar el carrito con un movimiento. Como se pliega hacia dentro, la tela de la silla de paseo no se ensuciar\u00e1 durante el transporte.<\/p>\n<p>&nbsp;<\/p>\n<h2>M\u00e1s funciones todav\u00eda<\/h2>\n<p>MEMORY BUTTONS SYSTEM te permitir\u00e1 desenganchar r\u00e1pidamente la silla de paseo y el capazo del chasis, y con solo una mano. La hebilla magn\u00e9tica del arn\u00e9s facilita abrochar al ni\u00f1o en el carrito. Adem\u00e1s, gracias a los adaptadores adjuntos, podr\u00e1s crear un TRAVEL SYSTEM si tienes silla de coche para beb\u00e9s.<\/p>\n<p>&nbsp;<\/p>\n<h2>Todo a mano<\/h2>\n<p>Todos vuestros accesorios cabr\u00e1n en la amplia cesta con capacidad para 5 kg. Por ejemplo, una mantita adicional y pa\u00f1ales. O las compras que hab\u00e9is hecho al volver a casa. El f\u00e1cil acceso desde todos los lados te permitir\u00e1 sacar lo que quieras de la cesta en un instante. El carrito tambi\u00e9n incluye otros accesorios: mosquitera (en el reposapi\u00e9s para tenerla siempre a mano), cubrepi\u00e9s, pl\u00e1stico impermeable, portavasos, bolsa para el manillar y adaptadores para la silla de coche.<\/p>\n<p>&nbsp;<\/p>\n<h2>Composici\u00f3n<\/h2>\n<p>Materiales:<\/p>\n<ul>\n<li>armaz\u00f3n: aluminio<\/li>\n<li>tela: poli\u00e9ster<\/li>\n<li>adaptadores: pl\u00e1stico<\/li>\n<li>ruedas: de goma, con relleno de espuma<\/li>\n<li>colch\u00f3n: poli\u00e9ster<\/li>\n<li>bolsa del manillar: poli\u00e9ster<\/li>\n<\/ul>\n<p>* Peso m\u00e1ximo del ni\u00f1o: 22 kg, capacidad m\u00e1xima de la cesta: 5 kg<\/p>\n<hr \/>\n<p>Si necesitas <a href=\"https:\/\/kinderkraft.com\/es\/productos\/cochecitos-y-sillas-de-paseo\/prime\">m\u00e1s informaci\u00f3n<\/a> sobre el carrito Kinderkraft YOXI Dos piezas, no dudes en ponerte en contacto con nuestro de equipo de <a href=\"https:\/\/centrobebe.es\/en\/contacto\/\">Centrobeb\u00e9<\/a>. Estaremos encantados de ayudarte y aconsejarte sobre los productos que m\u00e1s se adapten a las necesidades de tu beb\u00e9. <strong>Carritos para beb\u00e9 baratos para comprar online<\/strong><\/p>\n<p>Descubre la variedad de\u00a0<a href=\"https:\/\/centrobebe.es\/en\/product-category\/centrobebe\/cochecitos-y-sillas-de-paseo-de-bebe\/\">carritos de beb\u00e9<\/a> disponibles en nuestro cat\u00e1logo y hazlo tuyo al mejor precio garantizado. Compra online tu carrito de beb\u00e9 y fin\u00e1ncialo seg\u00fan tus prioridades.<\/p>","protected":false},"excerpt":{"rendered":"<p>Este <strong>carrito beb\u00e9 multifuncional 2 en 1 <\/strong>ser\u00e1 el acompa\u00f1ante ideal de vuestros paseos <strong>desde que el ni\u00f1o nazca hasta que cumpla 4 a\u00f1os <\/strong>(22 kg). Una de sus principales ventajas es <strong>lo f\u00e1cil que se maneja.<\/strong><\/p>","protected":false},"featured_media":51721,"template":"","meta":[],"pwb-brand":[611],"product_cat":[154,585],"product_tag":[],"class_list":{"0":"post-51715","1":"product","2":"type-product","3":"status-publish","4":"has-post-thumbnail","6":"pwb-brand-kinderkraft","7":"product_cat-cochecitos-bebe","8":"product_cat-cochecitos-dos-piezas","9":"pa_color-beige","10":"pa_color-gris","11":"pa_color-negro","12":"pa_color-verde-oliva","13":"tm-has-options","15":"first","16":"instock","17":"sale","18":"taxable","19":"shipping-taxable","20":"purchasable","21":"product-type-variable","22":"wvs-archive-product-wrapper"},"yoast_head":"<!-- This site is optimized with the Yoast SEO plugin v26.9 - https:\/\/yoast.com\/product\/yoast-seo-wordpress\/ -->\n<title>Cochecito Kinderkraft YOXI Dos Piezas Select | Centro Beb\u00e9<\/title>\n<meta name=\"description\" content=\"El Carrito Kinderkraft YOXI Dos Piezas Select cuenta con un capazo grande y c\u00f3modo. \u00a1Consigue este Cochecito Kinderkraft YOXI Dos Piezas Select!\" \/>\n<meta name=\"robots\" content=\"index, follow, max-snippet:-1, max-image-preview:large, max-video-preview:-1\" \/>\n<link rel=\"canonical\" href=\"https:\/\/centrobebe.es\/en\/shop\/centrobebe\/cochecitos-y-sillas-de-paseo-de-bebe\/cochecitos-bebe\/cochecitos-dos-piezas\/cochecito-kinderkraft-yoxi\/\" \/>\n<meta property=\"og:locale\" content=\"en_GB\" \/>\n<meta property=\"og:type\" content=\"article\" \/>\n<meta property=\"og:title\" content=\"Cochecito Kinderkraft YOXI Dos Piezas Select | Centro Beb\u00e9\" \/>\n<meta property=\"og:description\" content=\"El Carrito Kinderkraft YOXI Dos Piezas Select cuenta con un capazo grande y c\u00f3modo. \u00a1Consigue este Cochecito Kinderkraft YOXI Dos Piezas Select!\" \/>\n<meta property=\"og:url\" content=\"https:\/\/centrobebe.es\/en\/shop\/centrobebe\/cochecitos-y-sillas-de-paseo-de-bebe\/cochecitos-bebe\/cochecitos-dos-piezas\/cochecito-kinderkraft-yoxi\/\" \/>\n<meta property=\"og:site_name\" content=\"Centrobeb\u00e9\" \/>\n<meta property=\"article:publisher\" content=\"https:\/\/www.facebook.com\/centrobebe\/\" \/>\n<meta property=\"article:modified_time\" content=\"2025-09-29T09:34:43+00:00\" \/>\n<meta property=\"og:image\" content=\"https:\/\/centrobebe.es\/wp-content\/uploads\/2024\/09\/1-YOXI-2in1-sand-beige-5902533924592-ES-Copiar.jpg\" \/>\n\t<meta property=\"og:image:width\" content=\"1200\" \/>\n\t<meta property=\"og:image:height\" content=\"1200\" \/>\n\t<meta property=\"og:image:type\" content=\"image\/jpeg\" \/>\n<meta name=\"twitter:card\" content=\"summary_large_image\" \/>\n<meta name=\"twitter:site\" content=\"@centrobebe\" \/>\n<meta name=\"twitter:label1\" content=\"Estimated reading time\" \/>\n\t<meta name=\"twitter:data1\" content=\"4 minutes\" \/>\n<script type=\"application\/ld+json\" class=\"yoast-schema-graph\">{\"@context\":\"https:\/\/schema.org\",\"@graph\":[{\"@type\":\"WebPage\",\"@id\":\"https:\/\/centrobebe.es\/shop\/centrobebe\/cochecitos-y-sillas-de-paseo-de-bebe\/cochecitos-bebe\/cochecitos-dos-piezas\/cochecito-kinderkraft-yoxi\/\",\"url\":\"https:\/\/centrobebe.es\/shop\/centrobebe\/cochecitos-y-sillas-de-paseo-de-bebe\/cochecitos-bebe\/cochecitos-dos-piezas\/cochecito-kinderkraft-yoxi\/\",\"name\":\"Cochecito Kinderkraft YOXI Dos Piezas Select | Centro Beb\u00e9\",\"isPartOf\":{\"@id\":\"https:\/\/centrobebe.es\/#website\"},\"primaryImageOfPage\":{\"@id\":\"https:\/\/centrobebe.es\/shop\/centrobebe\/cochecitos-y-sillas-de-paseo-de-bebe\/cochecitos-bebe\/cochecitos-dos-piezas\/cochecito-kinderkraft-yoxi\/#primaryimage\"},\"image\":{\"@id\":\"https:\/\/centrobebe.es\/shop\/centrobebe\/cochecitos-y-sillas-de-paseo-de-bebe\/cochecitos-bebe\/cochecitos-dos-piezas\/cochecito-kinderkraft-yoxi\/#primaryimage\"},\"thumbnailUrl\":\"https:\/\/centrobebe.es\/wp-content\/uploads\/2024\/09\/1-YOXI-2in1-sand-beige-5902533924592-ES-Copiar.jpg\",\"datePublished\":\"2024-09-10T17:58:30+00:00\",\"dateModified\":\"2025-09-29T09:34:43+00:00\",\"description\":\"El Carrito Kinderkraft YOXI Dos Piezas Select cuenta con un capazo grande y c\u00f3modo. \u00a1Consigue este Cochecito Kinderkraft YOXI Dos Piezas Select!\",\"breadcrumb\":{\"@id\":\"https:\/\/centrobebe.es\/shop\/centrobebe\/cochecitos-y-sillas-de-paseo-de-bebe\/cochecitos-bebe\/cochecitos-dos-piezas\/cochecito-kinderkraft-yoxi\/#breadcrumb\"},\"inLanguage\":\"en-GB\",\"potentialAction\":[{\"@type\":\"ReadAction\",\"target\":[\"https:\/\/centrobebe.es\/shop\/centrobebe\/cochecitos-y-sillas-de-paseo-de-bebe\/cochecitos-bebe\/cochecitos-dos-piezas\/cochecito-kinderkraft-yoxi\/\"]}]},{\"@type\":\"ImageObject\",\"inLanguage\":\"en-GB\",\"@id\":\"https:\/\/centrobebe.es\/shop\/centrobebe\/cochecitos-y-sillas-de-paseo-de-bebe\/cochecitos-bebe\/cochecitos-dos-piezas\/cochecito-kinderkraft-yoxi\/#primaryimage\",\"url\":\"https:\/\/centrobebe.es\/wp-content\/uploads\/2024\/09\/1-YOXI-2in1-sand-beige-5902533924592-ES-Copiar.jpg\",\"contentUrl\":\"https:\/\/centrobebe.es\/wp-content\/uploads\/2024\/09\/1-YOXI-2in1-sand-beige-5902533924592-ES-Copiar.jpg\",\"width\":1200,\"height\":1200,\"caption\":\"coche kinderkraft yoxi\"},{\"@type\":\"BreadcrumbList\",\"@id\":\"https:\/\/centrobebe.es\/shop\/centrobebe\/cochecitos-y-sillas-de-paseo-de-bebe\/cochecitos-bebe\/cochecitos-dos-piezas\/cochecito-kinderkraft-yoxi\/#breadcrumb\",\"itemListElement\":[{\"@type\":\"ListItem\",\"position\":1,\"name\":\"Portada\",\"item\":\"https:\/\/centrobebe.es\/\"},{\"@type\":\"ListItem\",\"position\":2,\"name\":\"Shop\",\"item\":\"https:\/\/centrobebe.es\/shop\/\"},{\"@type\":\"ListItem\",\"position\":3,\"name\":\"Cochecito Kinderkraft YOXI dos piezas (opci\u00f3n 3 piezas)\"}]},{\"@type\":\"WebSite\",\"@id\":\"https:\/\/centrobebe.es\/#website\",\"url\":\"https:\/\/centrobebe.es\/\",\"name\":\"Centrobeb\u00e9\",\"description\":\"Tienda de bebe online | Todo lo que tu bebe necesita\",\"publisher\":{\"@id\":\"https:\/\/centrobebe.es\/#organization\"},\"alternateName\":\"Centrobeb\u00e9\",\"potentialAction\":[{\"@type\":\"SearchAction\",\"target\":{\"@type\":\"EntryPoint\",\"urlTemplate\":\"https:\/\/centrobebe.es\/?s={search_term_string}\"},\"query-input\":{\"@type\":\"PropertyValueSpecification\",\"valueRequired\":true,\"valueName\":\"search_term_string\"}}],\"inLanguage\":\"en-GB\"},{\"@type\":\"Organization\",\"@id\":\"https:\/\/centrobebe.es\/#organization\",\"name\":\"Centrobebe\",\"alternateName\":\"Centrobebe\",\"url\":\"https:\/\/centrobebe.es\/\",\"logo\":{\"@type\":\"ImageObject\",\"inLanguage\":\"en-GB\",\"@id\":\"https:\/\/centrobebe.es\/#\/schema\/logo\/image\/\",\"url\":\"https:\/\/centrobebe.es\/wp-content\/uploads\/2018\/06\/icono3-e1557940133982.png\",\"contentUrl\":\"https:\/\/centrobebe.es\/wp-content\/uploads\/2018\/06\/icono3-e1557940133982.png\",\"width\":34,\"height\":29,\"caption\":\"Centrobebe\"},\"image\":{\"@id\":\"https:\/\/centrobebe.es\/#\/schema\/logo\/image\/\"},\"sameAs\":[\"https:\/\/www.facebook.com\/centrobebe\/\",\"https:\/\/x.com\/centrobebe\",\"https:\/\/www.instagram.com\/centrobebe.es\/\",\"https:\/\/www.youtube.com\/channel\/UCVU-jcFuwntnxOhxvSbf3hg\"]}]}<\/script>\n<!-- \/ Yoast SEO plugin. -->","yoast_head_json":{"title":"Cochecito Kinderkraft YOXI Dos Piezas Select | Centro Beb\u00e9","description":"El Carrito Kinderkraft YOXI Dos Piezas Select cuenta con un capazo grande y c\u00f3modo. \u00a1Consigue este Cochecito Kinderkraft YOXI Dos Piezas Select!","robots":{"index":"index","follow":"follow","max-snippet":"max-snippet:-1","max-image-preview":"max-image-preview:large","max-video-preview":"max-video-preview:-1"},"canonical":"https:\/\/centrobebe.es\/en\/shop\/centrobebe\/cochecitos-y-sillas-de-paseo-de-bebe\/cochecitos-bebe\/cochecitos-dos-piezas\/cochecito-kinderkraft-yoxi\/","og_locale":"en_GB","og_type":"article","og_title":"Cochecito Kinderkraft YOXI Dos Piezas Select | Centro Beb\u00e9","og_description":"El Carrito Kinderkraft YOXI Dos Piezas Select cuenta con un capazo grande y c\u00f3modo. \u00a1Consigue este Cochecito Kinderkraft YOXI Dos Piezas Select!","og_url":"https:\/\/centrobebe.es\/en\/shop\/centrobebe\/cochecitos-y-sillas-de-paseo-de-bebe\/cochecitos-bebe\/cochecitos-dos-piezas\/cochecito-kinderkraft-yoxi\/","og_site_name":"Centrobeb\u00e9","article_publisher":"https:\/\/www.facebook.com\/centrobebe\/","article_modified_time":"2025-09-29T09:34:43+00:00","og_image":[{"width":1200,"height":1200,"url":"https:\/\/centrobebe.es\/wp-content\/uploads\/2024\/09\/1-YOXI-2in1-sand-beige-5902533924592-ES-Copiar.jpg","type":"image\/jpeg"}],"twitter_card":"summary_large_image","twitter_site":"@centrobebe","twitter_misc":{"Estimated reading time":"4 minutes"},"schema":{"@context":"https:\/\/schema.org","@graph":[{"@type":"WebPage","@id":"https:\/\/centrobebe.es\/shop\/centrobebe\/cochecitos-y-sillas-de-paseo-de-bebe\/cochecitos-bebe\/cochecitos-dos-piezas\/cochecito-kinderkraft-yoxi\/","url":"https:\/\/centrobebe.es\/shop\/centrobebe\/cochecitos-y-sillas-de-paseo-de-bebe\/cochecitos-bebe\/cochecitos-dos-piezas\/cochecito-kinderkraft-yoxi\/","name":"Cochecito Kinderkraft YOXI Dos Piezas Select | Centro Beb\u00e9","isPartOf":{"@id":"https:\/\/centrobebe.es\/#website"},"primaryImageOfPage":{"@id":"https:\/\/centrobebe.es\/shop\/centrobebe\/cochecitos-y-sillas-de-paseo-de-bebe\/cochecitos-bebe\/cochecitos-dos-piezas\/cochecito-kinderkraft-yoxi\/#primaryimage"},"image":{"@id":"https:\/\/centrobebe.es\/shop\/centrobebe\/cochecitos-y-sillas-de-paseo-de-bebe\/cochecitos-bebe\/cochecitos-dos-piezas\/cochecito-kinderkraft-yoxi\/#primaryimage"},"thumbnailUrl":"https:\/\/centrobebe.es\/wp-content\/uploads\/2024\/09\/1-YOXI-2in1-sand-beige-5902533924592-ES-Copiar.jpg","datePublished":"2024-09-10T17:58:30+00:00","dateModified":"2025-09-29T09:34:43+00:00","description":"El Carrito Kinderkraft YOXI Dos Piezas Select cuenta con un capazo grande y c\u00f3modo. \u00a1Consigue este Cochecito Kinderkraft YOXI Dos Piezas Select!","breadcrumb":{"@id":"https:\/\/centrobebe.es\/shop\/centrobebe\/cochecitos-y-sillas-de-paseo-de-bebe\/cochecitos-bebe\/cochecitos-dos-piezas\/cochecito-kinderkraft-yoxi\/#breadcrumb"},"inLanguage":"en-GB","potentialAction":[{"@type":"ReadAction","target":["https:\/\/centrobebe.es\/shop\/centrobebe\/cochecitos-y-sillas-de-paseo-de-bebe\/cochecitos-bebe\/cochecitos-dos-piezas\/cochecito-kinderkraft-yoxi\/"]}]},{"@type":"ImageObject","inLanguage":"en-GB","@id":"https:\/\/centrobebe.es\/shop\/centrobebe\/cochecitos-y-sillas-de-paseo-de-bebe\/cochecitos-bebe\/cochecitos-dos-piezas\/cochecito-kinderkraft-yoxi\/#primaryimage","url":"https:\/\/centrobebe.es\/wp-content\/uploads\/2024\/09\/1-YOXI-2in1-sand-beige-5902533924592-ES-Copiar.jpg","contentUrl":"https:\/\/centrobebe.es\/wp-content\/uploads\/2024\/09\/1-YOXI-2in1-sand-beige-5902533924592-ES-Copiar.jpg","width":1200,"height":1200,"caption":"coche kinderkraft yoxi"},{"@type":"BreadcrumbList","@id":"https:\/\/centrobebe.es\/shop\/centrobebe\/cochecitos-y-sillas-de-paseo-de-bebe\/cochecitos-bebe\/cochecitos-dos-piezas\/cochecito-kinderkraft-yoxi\/#breadcrumb","itemListElement":[{"@type":"ListItem","position":1,"name":"Portada","item":"https:\/\/centrobebe.es\/"},{"@type":"ListItem","position":2,"name":"Shop","item":"https:\/\/centrobebe.es\/shop\/"},{"@type":"ListItem","position":3,"name":"Cochecito Kinderkraft YOXI dos piezas (opci\u00f3n 3 piezas)"}]},{"@type":"WebSite","@id":"https:\/\/centrobebe.es\/#website","url":"https:\/\/centrobebe.es\/","name":"Centrobeb\u00e9","description":"Tienda de bebe online | Todo lo que tu bebe necesita","publisher":{"@id":"https:\/\/centrobebe.es\/#organization"},"alternateName":"Centrobeb\u00e9","potentialAction":[{"@type":"SearchAction","target":{"@type":"EntryPoint","urlTemplate":"https:\/\/centrobebe.es\/?s={search_term_string}"},"query-input":{"@type":"PropertyValueSpecification","valueRequired":true,"valueName":"search_term_string"}}],"inLanguage":"en-GB"},{"@type":"Organization","@id":"https:\/\/centrobebe.es\/#organization","name":"Centrobebe","alternateName":"Centrobebe","url":"https:\/\/centrobebe.es\/","logo":{"@type":"ImageObject","inLanguage":"en-GB","@id":"https:\/\/centrobebe.es\/#\/schema\/logo\/image\/","url":"https:\/\/centrobebe.es\/wp-content\/uploads\/2018\/06\/icono3-e1557940133982.png","contentUrl":"https:\/\/centrobebe.es\/wp-content\/uploads\/2018\/06\/icono3-e1557940133982.png","width":34,"height":29,"caption":"Centrobebe"},"image":{"@id":"https:\/\/centrobebe.es\/#\/schema\/logo\/image\/"},"sameAs":["https:\/\/www.facebook.com\/centrobebe\/","https:\/\/x.com\/centrobebe","https:\/\/www.instagram.com\/centrobebe.es\/","https:\/\/www.youtube.com\/channel\/UCVU-jcFuwntnxOhxvSbf3hg"]}]}},"brands":[{"id":611,"name":"Kinderkraft","slug":"kinderkraft"}],"_links":{"self":[{"href":"https:\/\/centrobebe.es\/en\/wp-json\/wp\/v2\/product\/51715","targetHints":{"allow":["GET"]}}],"collection":[{"href":"https:\/\/centrobebe.es\/en\/wp-json\/wp\/v2\/product"}],"about":[{"href":"https:\/\/centrobebe.es\/en\/wp-json\/wp\/v2\/types\/product"}],"version-history":[{"count":3,"href":"https:\/\/centrobebe.es\/en\/wp-json\/wp\/v2\/product\/51715\/revisions"}],"predecessor-version":[{"id":53678,"href":"https:\/\/centrobebe.es\/en\/wp-json\/wp\/v2\/product\/51715\/revisions\/53678"}],"wp:featuredmedia":[{"embeddable":true,"href":"https:\/\/centrobebe.es\/en\/wp-json\/wp\/v2\/media\/51721"}],"wp:attachment":[{"href":"https:\/\/centrobebe.es\/en\/wp-json\/wp\/v2\/media?parent=51715"}],"wp:term":[{"taxonomy":"pwb-brand","embeddable":true,"href":"https:\/\/centrobebe.es\/en\/wp-json\/wp\/v2\/pwb-brand?post=51715"},{"taxonomy":"product_cat","embeddable":true,"href":"https:\/\/centrobebe.es\/en\/wp-json\/wp\/v2\/product_cat?post=51715"},{"taxonomy":"product_tag","embeddable":true,"href":"https:\/\/centrobebe.es\/en\/wp-json\/wp\/v2\/product_tag?post=51715"}],"curies":[{"name":"wp","href":"https:\/\/api.w.org\/{rel}","templated":true}]}}