{"id":52743,"date":"2024-10-29T20:18:58","date_gmt":"2024-10-29T20:18:58","guid":{"rendered":"https:\/\/centrobebe.es\/?post_type=product&#038;p=52743"},"modified":"2024-10-31T18:42:44","modified_gmt":"2024-10-31T18:42:44","slug":"cochecito-bebe-muuvo-quick-se2","status":"publish","type":"product","link":"https:\/\/centrobebe.es\/en\/shop\/centrobebe\/cochecitos-y-sillas-de-paseo-de-bebe\/cochecitos-bebe\/cochecitos-dos-piezas\/cochecito-bebe-muuvo-quick-se2\/","title":{"rendered":"Cochecito bebe Muuvo Quick SE2 Dos Piezas (opci\u00f3n 3 piezas)"},"content":{"rendered":"<h1>Coche Muuvo Quick SE2 Dos Piezas<\/h1>\n<div>\n<p>El chasis de Muuvo Quick SE2 est\u00e1 fabricado en aluminio reforzado, lo que lo convierte en un chasis ultraligero pero muy resistente. Homologado de 0 a 22 kg y con una cesta de 3kg, Muuvo est\u00e1 listo para todo. Adem\u00e1s, su acabado cepillado lo hace destacar junto a las combinaciones cromadas y doradas de cada modelo.<\/p>\n<p><iframe title=\"MUUVO Quick SE 2 Manual instrucciones\" src=\"https:\/\/www.youtube.com\/embed\/-wU65SQcY-w\" width=\"1250\" height=\"703\" frameborder=\"0\" allowfullscreen=\"allowfullscreen\"><\/iframe><\/p>\n<p>Ruedas de gel de 20,2 cm y 29,3 cm: La comodidad durante los paseos est\u00e1 garantizada con sus ruedas de gel y sus rodamientos Easy-Roll. La misma comodidad que una rueda hinchable \u00a1pero sin pinchazos! Adem\u00e1s, el nuevo sistema de bloqueo delantero es m\u00e1s f\u00e1cil que nunca. Las ruedas de gran tama\u00f1o y el eje elevado lo hacen perfecto para todo tipo de terrenos.<\/p>\n<p><b>Cesta<\/b>: La cesta de Muuvo Quick SE2 viene cerrada y es a\u00fan m\u00e1s espaciosa y accesible desde cualquier posici\u00f3n, y si a\u00fan necesitas m\u00e1s espacio puedes levantar la solapa delantera.<\/p>\n<p><b>Manillar telesc\u00f3pico<\/b>: Ajusta tu altura y pasea c\u00f3modamente.<\/p>\n<p><b>Plegado ultracompacto<\/b>: Quick SE2 se pliega con un movimiento con la silla instalada en ambas direcciones, y puedes llevar tu carrito con una c\u00f3moda asa al hombro. Adem\u00e1s, cabe en maleteros peque\u00f1os para acompa\u00f1arte en todos tus viajes.<\/p>\n<p>Capazo: Apto desde +0m hasta 9 kg.<\/p>\n<p><b>Doble altura:<\/b>\u00a0El capazo Muuvo puede ser instalado a doble altura, para llegar a todos los miembros de la familia.<\/p>\n<p><b>3D Airflow:<\/b>\u00a0El innovador sistema de ventilaci\u00f3n de tres puntos proporcionar\u00e1 ventilaci\u00f3n incluso en los d\u00edas m\u00e1s calurosos<\/p>\n<p><b>UPF +50 e impermeable<\/b>: Muuvo incluye burbuja de lluvia para tu capazo, \u00a1pero su tejido tambi\u00e9n es impermeable! Adem\u00e1s, tiene protecci\u00f3n solar UPF+ 50<\/p>\n<p><b>Memory Foam:<\/b>\u00a0El colch\u00f3n del capazo es de espuma viscoel\u00e1stica superc\u00f3moda que se ajusta perfectamente a tu peque\u00f1o en las primeras etapas de su desarrollo.<\/p>\n<p><b>Botones Memory:<\/b>\u00a0Instala y desinstala el colch\u00f3n con facilidad con los botones Memory.<\/p>\n<p><b>Mosquitera Pocket<\/b>: La mosquitera est\u00e1 oculta en la capota. \u00a1S\u00f3lo tienes que extenderla y ajustarla!<\/p>\n<p><b>Sunshade:<\/b>\u00a0Muuvo Quick SE2 incluye una visera protector solar UPF +50 ajustable a la capota.<\/p>\n<p><b>4,5 kg<\/b><\/p>\n<p><b>Silla:<\/b>\u00a0La nueva silla Muuvo Quick SE2 est\u00e1 repleta de sorpresas. Con un tejido superestructurado deluxe con protecci\u00f3n solar e impermeable, ofrece caracter\u00edsticas incomparables.<\/p>\n<p><b>Apto desde +0m hasta 22 kg.<\/b><\/p>\n<p><b>Capota Evolutiva Up to You:<\/b>\u00a0La capota evolutiva Muuvo se activa con un sencillo movimiento desde el panel trasero de PV perforado, haciendo que la silla crezca con tu peque.<\/p>\n<p><b>Arn\u00e9s magn\u00e9tico<\/b>: No m\u00e1s problemas para sentar a tu beb\u00e9: con el arn\u00e9s magn\u00e9tico, es m\u00e1s f\u00e1cil que nunca con una sola mano.<\/p>\n<p><b>Reposapies en ecopiel<\/b>: Su reposapies en ecopiel es perfecto para evitar roces de los zapatos y para su limpieza, alargando la vida de tu carrito Muuvo.<\/p>\n<p><b>Respaldo PV termost\u00e1tico y ventilado<\/b>: super resistente y anticondensaci\u00f3n.<\/p>\n<p>Los carritos Muuvo incluyen:<\/p>\n<p>&#8211; Chasis con cesto y ruedas<\/p>\n<p>&#8211; Adaptadores doble altura para el capazo<\/p>\n<p>&#8211; Capazo con colch\u00f3n Memory Foam y mosquitera integrada<\/p>\n<p>&#8211; Asiento completo con barra delantera<\/p>\n<p>&#8211; Saco para silla con colchoneta desmontable y reversible<\/p>\n<p>&#8211; Burbuja para silla y capazo<\/p>\n<p>&#8211; Mosquitera<\/p>\n<p>&#8211; Sunshade protector solar para capazo<\/p>\n<p>&#8211; Bolso deluxe con cintas regulables para colgar<\/p>\n<div><\/div>\n<div>En Centrobebe disponemos de una amplia variedad de <a href=\"https:\/\/centrobebe.es\/en\/product-category\/centrobebe\/cochecitos-y-sillas-de-paseo-de-bebe\/sillas-de-paseo-ligeras-baratas\/\">sillas de paseo<\/a> baratas de las principales marcas del mercado que garantizan la calidad y la asistencia t\u00e9cnica ante cualquier incidencia. Encuentra la m\u00e1s acorde con tus necesidades.<\/div>\n<div><\/div>\n<p>Si necesitas m\u00e1s informaci\u00f3n sobre los productos para beb\u00e9s, no dudes en ponerte en contacto con nuestro equipo de profesionales. Estaremos encantados de ayudarte y aconsejarte sobre los beneficios que te aporta cada producto.<\/p>\n<\/div>","protected":false},"excerpt":{"rendered":"<p>El chasis de Muuvo Quick SE2 est\u00e1 fabricado en aluminio reforzado, lo que lo convierte en un chasis ultraligero pero muy resistente. Homologado de 0 a 22 kg y con una cesta de 3kg, Muuvo est\u00e1 listo para todo. Adem\u00e1s, su acabado cepillado lo hace destacar junto a las combinaciones cromadas y doradas de cada modelo.<\/p>","protected":false},"featured_media":52752,"template":"","meta":[],"pwb-brand":[664],"product_cat":[585],"product_tag":[],"class_list":{"0":"post-52743","1":"product","2":"type-product","3":"status-publish","4":"has-post-thumbnail","6":"pwb-brand-muuvo","7":"product_cat-cochecitos-dos-piezas","8":"pa_color-azul-lago","9":"pa_color-gris","10":"pa_color-negro","11":"pa_color-negro-2","12":"tm-has-options","14":"first","15":"instock","16":"taxable","17":"shipping-taxable","18":"purchasable","19":"product-type-variable","20":"wvs-archive-product-wrapper"},"yoast_head":"<!-- This site is optimized with the Yoast SEO plugin v26.9 - https:\/\/yoast.com\/product\/yoast-seo-wordpress\/ -->\n<title>Coche Muuvo Quick SE 2 - Coches 2025 - Centrobeb\u00e9<\/title>\n<meta name=\"description\" content=\"Muuvo Quick SE 2, con un dise\u00f1o impresionante,muy c\u00f3modo y f\u00e1cil de plegar con una sola mano incluso con la hamaca instalada.\" \/>\n<meta name=\"robots\" content=\"index, follow, max-snippet:-1, max-image-preview:large, max-video-preview:-1\" \/>\n<link rel=\"canonical\" href=\"https:\/\/centrobebe.es\/en\/shop\/centrobebe\/cochecitos-y-sillas-de-paseo-de-bebe\/cochecitos-bebe\/cochecitos-dos-piezas\/cochecito-bebe-muuvo-quick-se2\/\" \/>\n<meta property=\"og:locale\" content=\"en_GB\" \/>\n<meta property=\"og:type\" content=\"article\" \/>\n<meta property=\"og:title\" content=\"Coche Muuvo Quick SE 2 - Coches 2025 - Centrobeb\u00e9\" \/>\n<meta property=\"og:description\" content=\"Muuvo Quick SE 2, con un dise\u00f1o impresionante,muy c\u00f3modo y f\u00e1cil de plegar con una sola mano incluso con la hamaca instalada.\" \/>\n<meta property=\"og:url\" content=\"https:\/\/centrobebe.es\/en\/shop\/centrobebe\/cochecitos-y-sillas-de-paseo-de-bebe\/cochecitos-bebe\/cochecitos-dos-piezas\/cochecito-bebe-muuvo-quick-se2\/\" \/>\n<meta property=\"og:site_name\" content=\"Centrobeb\u00e9\" \/>\n<meta property=\"article:publisher\" content=\"https:\/\/www.facebook.com\/centrobebe\/\" \/>\n<meta property=\"article:modified_time\" content=\"2024-10-31T18:42:44+00:00\" \/>\n<meta property=\"og:image\" content=\"https:\/\/centrobebe.es\/wp-content\/uploads\/2024\/10\/Ofertas-Articulos-2.png\" \/>\n\t<meta property=\"og:image:width\" content=\"800\" \/>\n\t<meta property=\"og:image:height\" content=\"800\" \/>\n\t<meta property=\"og:image:type\" content=\"image\/png\" \/>\n<meta name=\"twitter:card\" content=\"summary_large_image\" \/>\n<meta name=\"twitter:site\" content=\"@centrobebe\" \/>\n<meta name=\"twitter:label1\" content=\"Estimated reading time\" \/>\n\t<meta name=\"twitter:data1\" content=\"3 minutes\" \/>\n<script type=\"application\/ld+json\" class=\"yoast-schema-graph\">{\"@context\":\"https:\/\/schema.org\",\"@graph\":[{\"@type\":\"WebPage\",\"@id\":\"https:\/\/centrobebe.es\/shop\/centrobebe\/cochecitos-y-sillas-de-paseo-de-bebe\/cochecitos-bebe\/cochecitos-dos-piezas\/cochecito-bebe-muuvo-quick-se2\/\",\"url\":\"https:\/\/centrobebe.es\/shop\/centrobebe\/cochecitos-y-sillas-de-paseo-de-bebe\/cochecitos-bebe\/cochecitos-dos-piezas\/cochecito-bebe-muuvo-quick-se2\/\",\"name\":\"Coche Muuvo Quick SE 2 - Coches 2025 - Centrobeb\u00e9\",\"isPartOf\":{\"@id\":\"https:\/\/centrobebe.es\/#website\"},\"primaryImageOfPage\":{\"@id\":\"https:\/\/centrobebe.es\/shop\/centrobebe\/cochecitos-y-sillas-de-paseo-de-bebe\/cochecitos-bebe\/cochecitos-dos-piezas\/cochecito-bebe-muuvo-quick-se2\/#primaryimage\"},\"image\":{\"@id\":\"https:\/\/centrobebe.es\/shop\/centrobebe\/cochecitos-y-sillas-de-paseo-de-bebe\/cochecitos-bebe\/cochecitos-dos-piezas\/cochecito-bebe-muuvo-quick-se2\/#primaryimage\"},\"thumbnailUrl\":\"https:\/\/centrobebe.es\/wp-content\/uploads\/2024\/10\/Ofertas-Articulos-2.png\",\"datePublished\":\"2024-10-29T20:18:58+00:00\",\"dateModified\":\"2024-10-31T18:42:44+00:00\",\"description\":\"Muuvo Quick SE 2, con un dise\u00f1o impresionante,muy c\u00f3modo y f\u00e1cil de plegar con una sola mano incluso con la hamaca instalada.\",\"breadcrumb\":{\"@id\":\"https:\/\/centrobebe.es\/shop\/centrobebe\/cochecitos-y-sillas-de-paseo-de-bebe\/cochecitos-bebe\/cochecitos-dos-piezas\/cochecito-bebe-muuvo-quick-se2\/#breadcrumb\"},\"inLanguage\":\"en-GB\",\"potentialAction\":[{\"@type\":\"ReadAction\",\"target\":[\"https:\/\/centrobebe.es\/shop\/centrobebe\/cochecitos-y-sillas-de-paseo-de-bebe\/cochecitos-bebe\/cochecitos-dos-piezas\/cochecito-bebe-muuvo-quick-se2\/\"]}]},{\"@type\":\"ImageObject\",\"inLanguage\":\"en-GB\",\"@id\":\"https:\/\/centrobebe.es\/shop\/centrobebe\/cochecitos-y-sillas-de-paseo-de-bebe\/cochecitos-bebe\/cochecitos-dos-piezas\/cochecito-bebe-muuvo-quick-se2\/#primaryimage\",\"url\":\"https:\/\/centrobebe.es\/wp-content\/uploads\/2024\/10\/Ofertas-Articulos-2.png\",\"contentUrl\":\"https:\/\/centrobebe.es\/wp-content\/uploads\/2024\/10\/Ofertas-Articulos-2.png\",\"width\":800,\"height\":800,\"caption\":\"coche muuvo quick SE 2\"},{\"@type\":\"BreadcrumbList\",\"@id\":\"https:\/\/centrobebe.es\/shop\/centrobebe\/cochecitos-y-sillas-de-paseo-de-bebe\/cochecitos-bebe\/cochecitos-dos-piezas\/cochecito-bebe-muuvo-quick-se2\/#breadcrumb\",\"itemListElement\":[{\"@type\":\"ListItem\",\"position\":1,\"name\":\"Portada\",\"item\":\"https:\/\/centrobebe.es\/\"},{\"@type\":\"ListItem\",\"position\":2,\"name\":\"Shop\",\"item\":\"https:\/\/centrobebe.es\/shop\/\"},{\"@type\":\"ListItem\",\"position\":3,\"name\":\"Cochecito bebe Muuvo Quick SE2 Dos Piezas (opci\u00f3n 3 piezas)\"}]},{\"@type\":\"WebSite\",\"@id\":\"https:\/\/centrobebe.es\/#website\",\"url\":\"https:\/\/centrobebe.es\/\",\"name\":\"Centrobeb\u00e9\",\"description\":\"Tienda de bebe online | Todo lo que tu bebe necesita\",\"publisher\":{\"@id\":\"https:\/\/centrobebe.es\/#organization\"},\"alternateName\":\"Centrobeb\u00e9\",\"potentialAction\":[{\"@type\":\"SearchAction\",\"target\":{\"@type\":\"EntryPoint\",\"urlTemplate\":\"https:\/\/centrobebe.es\/?s={search_term_string}\"},\"query-input\":{\"@type\":\"PropertyValueSpecification\",\"valueRequired\":true,\"valueName\":\"search_term_string\"}}],\"inLanguage\":\"en-GB\"},{\"@type\":\"Organization\",\"@id\":\"https:\/\/centrobebe.es\/#organization\",\"name\":\"Centrobebe\",\"alternateName\":\"Centrobebe\",\"url\":\"https:\/\/centrobebe.es\/\",\"logo\":{\"@type\":\"ImageObject\",\"inLanguage\":\"en-GB\",\"@id\":\"https:\/\/centrobebe.es\/#\/schema\/logo\/image\/\",\"url\":\"https:\/\/centrobebe.es\/wp-content\/uploads\/2018\/06\/icono3-e1557940133982.png\",\"contentUrl\":\"https:\/\/centrobebe.es\/wp-content\/uploads\/2018\/06\/icono3-e1557940133982.png\",\"width\":34,\"height\":29,\"caption\":\"Centrobebe\"},\"image\":{\"@id\":\"https:\/\/centrobebe.es\/#\/schema\/logo\/image\/\"},\"sameAs\":[\"https:\/\/www.facebook.com\/centrobebe\/\",\"https:\/\/x.com\/centrobebe\",\"https:\/\/www.instagram.com\/centrobebe.es\/\",\"https:\/\/www.youtube.com\/channel\/UCVU-jcFuwntnxOhxvSbf3hg\"]}]}<\/script>\n<!-- \/ Yoast SEO plugin. -->","yoast_head_json":{"title":"Coche Muuvo Quick SE 2 - Coches 2025 - Centrobeb\u00e9","description":"Muuvo Quick SE 2, con un dise\u00f1o impresionante,muy c\u00f3modo y f\u00e1cil de plegar con una sola mano incluso con la hamaca instalada.","robots":{"index":"index","follow":"follow","max-snippet":"max-snippet:-1","max-image-preview":"max-image-preview:large","max-video-preview":"max-video-preview:-1"},"canonical":"https:\/\/centrobebe.es\/en\/shop\/centrobebe\/cochecitos-y-sillas-de-paseo-de-bebe\/cochecitos-bebe\/cochecitos-dos-piezas\/cochecito-bebe-muuvo-quick-se2\/","og_locale":"en_GB","og_type":"article","og_title":"Coche Muuvo Quick SE 2 - Coches 2025 - Centrobeb\u00e9","og_description":"Muuvo Quick SE 2, con un dise\u00f1o impresionante,muy c\u00f3modo y f\u00e1cil de plegar con una sola mano incluso con la hamaca instalada.","og_url":"https:\/\/centrobebe.es\/en\/shop\/centrobebe\/cochecitos-y-sillas-de-paseo-de-bebe\/cochecitos-bebe\/cochecitos-dos-piezas\/cochecito-bebe-muuvo-quick-se2\/","og_site_name":"Centrobeb\u00e9","article_publisher":"https:\/\/www.facebook.com\/centrobebe\/","article_modified_time":"2024-10-31T18:42:44+00:00","og_image":[{"width":800,"height":800,"url":"https:\/\/centrobebe.es\/wp-content\/uploads\/2024\/10\/Ofertas-Articulos-2.png","type":"image\/png"}],"twitter_card":"summary_large_image","twitter_site":"@centrobebe","twitter_misc":{"Estimated reading time":"3 minutes"},"schema":{"@context":"https:\/\/schema.org","@graph":[{"@type":"WebPage","@id":"https:\/\/centrobebe.es\/shop\/centrobebe\/cochecitos-y-sillas-de-paseo-de-bebe\/cochecitos-bebe\/cochecitos-dos-piezas\/cochecito-bebe-muuvo-quick-se2\/","url":"https:\/\/centrobebe.es\/shop\/centrobebe\/cochecitos-y-sillas-de-paseo-de-bebe\/cochecitos-bebe\/cochecitos-dos-piezas\/cochecito-bebe-muuvo-quick-se2\/","name":"Coche Muuvo Quick SE 2 - Coches 2025 - Centrobeb\u00e9","isPartOf":{"@id":"https:\/\/centrobebe.es\/#website"},"primaryImageOfPage":{"@id":"https:\/\/centrobebe.es\/shop\/centrobebe\/cochecitos-y-sillas-de-paseo-de-bebe\/cochecitos-bebe\/cochecitos-dos-piezas\/cochecito-bebe-muuvo-quick-se2\/#primaryimage"},"image":{"@id":"https:\/\/centrobebe.es\/shop\/centrobebe\/cochecitos-y-sillas-de-paseo-de-bebe\/cochecitos-bebe\/cochecitos-dos-piezas\/cochecito-bebe-muuvo-quick-se2\/#primaryimage"},"thumbnailUrl":"https:\/\/centrobebe.es\/wp-content\/uploads\/2024\/10\/Ofertas-Articulos-2.png","datePublished":"2024-10-29T20:18:58+00:00","dateModified":"2024-10-31T18:42:44+00:00","description":"Muuvo Quick SE 2, con un dise\u00f1o impresionante,muy c\u00f3modo y f\u00e1cil de plegar con una sola mano incluso con la hamaca instalada.","breadcrumb":{"@id":"https:\/\/centrobebe.es\/shop\/centrobebe\/cochecitos-y-sillas-de-paseo-de-bebe\/cochecitos-bebe\/cochecitos-dos-piezas\/cochecito-bebe-muuvo-quick-se2\/#breadcrumb"},"inLanguage":"en-GB","potentialAction":[{"@type":"ReadAction","target":["https:\/\/centrobebe.es\/shop\/centrobebe\/cochecitos-y-sillas-de-paseo-de-bebe\/cochecitos-bebe\/cochecitos-dos-piezas\/cochecito-bebe-muuvo-quick-se2\/"]}]},{"@type":"ImageObject","inLanguage":"en-GB","@id":"https:\/\/centrobebe.es\/shop\/centrobebe\/cochecitos-y-sillas-de-paseo-de-bebe\/cochecitos-bebe\/cochecitos-dos-piezas\/cochecito-bebe-muuvo-quick-se2\/#primaryimage","url":"https:\/\/centrobebe.es\/wp-content\/uploads\/2024\/10\/Ofertas-Articulos-2.png","contentUrl":"https:\/\/centrobebe.es\/wp-content\/uploads\/2024\/10\/Ofertas-Articulos-2.png","width":800,"height":800,"caption":"coche muuvo quick SE 2"},{"@type":"BreadcrumbList","@id":"https:\/\/centrobebe.es\/shop\/centrobebe\/cochecitos-y-sillas-de-paseo-de-bebe\/cochecitos-bebe\/cochecitos-dos-piezas\/cochecito-bebe-muuvo-quick-se2\/#breadcrumb","itemListElement":[{"@type":"ListItem","position":1,"name":"Portada","item":"https:\/\/centrobebe.es\/"},{"@type":"ListItem","position":2,"name":"Shop","item":"https:\/\/centrobebe.es\/shop\/"},{"@type":"ListItem","position":3,"name":"Cochecito bebe Muuvo Quick SE2 Dos Piezas (opci\u00f3n 3 piezas)"}]},{"@type":"WebSite","@id":"https:\/\/centrobebe.es\/#website","url":"https:\/\/centrobebe.es\/","name":"Centrobeb\u00e9","description":"Tienda de bebe online | Todo lo que tu bebe necesita","publisher":{"@id":"https:\/\/centrobebe.es\/#organization"},"alternateName":"Centrobeb\u00e9","potentialAction":[{"@type":"SearchAction","target":{"@type":"EntryPoint","urlTemplate":"https:\/\/centrobebe.es\/?s={search_term_string}"},"query-input":{"@type":"PropertyValueSpecification","valueRequired":true,"valueName":"search_term_string"}}],"inLanguage":"en-GB"},{"@type":"Organization","@id":"https:\/\/centrobebe.es\/#organization","name":"Centrobebe","alternateName":"Centrobebe","url":"https:\/\/centrobebe.es\/","logo":{"@type":"ImageObject","inLanguage":"en-GB","@id":"https:\/\/centrobebe.es\/#\/schema\/logo\/image\/","url":"https:\/\/centrobebe.es\/wp-content\/uploads\/2018\/06\/icono3-e1557940133982.png","contentUrl":"https:\/\/centrobebe.es\/wp-content\/uploads\/2018\/06\/icono3-e1557940133982.png","width":34,"height":29,"caption":"Centrobebe"},"image":{"@id":"https:\/\/centrobebe.es\/#\/schema\/logo\/image\/"},"sameAs":["https:\/\/www.facebook.com\/centrobebe\/","https:\/\/x.com\/centrobebe","https:\/\/www.instagram.com\/centrobebe.es\/","https:\/\/www.youtube.com\/channel\/UCVU-jcFuwntnxOhxvSbf3hg"]}]}},"brands":[{"id":664,"name":"Muuvo","slug":"muuvo"}],"_links":{"self":[{"href":"https:\/\/centrobebe.es\/en\/wp-json\/wp\/v2\/product\/52743","targetHints":{"allow":["GET"]}}],"collection":[{"href":"https:\/\/centrobebe.es\/en\/wp-json\/wp\/v2\/product"}],"about":[{"href":"https:\/\/centrobebe.es\/en\/wp-json\/wp\/v2\/types\/product"}],"version-history":[{"count":5,"href":"https:\/\/centrobebe.es\/en\/wp-json\/wp\/v2\/product\/52743\/revisions"}],"predecessor-version":[{"id":52814,"href":"https:\/\/centrobebe.es\/en\/wp-json\/wp\/v2\/product\/52743\/revisions\/52814"}],"wp:featuredmedia":[{"embeddable":true,"href":"https:\/\/centrobebe.es\/en\/wp-json\/wp\/v2\/media\/52752"}],"wp:attachment":[{"href":"https:\/\/centrobebe.es\/en\/wp-json\/wp\/v2\/media?parent=52743"}],"wp:term":[{"taxonomy":"pwb-brand","embeddable":true,"href":"https:\/\/centrobebe.es\/en\/wp-json\/wp\/v2\/pwb-brand?post=52743"},{"taxonomy":"product_cat","embeddable":true,"href":"https:\/\/centrobebe.es\/en\/wp-json\/wp\/v2\/product_cat?post=52743"},{"taxonomy":"product_tag","embeddable":true,"href":"https:\/\/centrobebe.es\/en\/wp-json\/wp\/v2\/product_tag?post=52743"}],"curies":[{"name":"wp","href":"https:\/\/api.w.org\/{rel}","templated":true}]}}