{"id":5296,"date":"2018-05-22T08:48:57","date_gmt":"2018-05-22T08:48:57","guid":{"rendered":"http:\/\/s2.innovacor.es\/centrobebe.es\/?post_type=product&#038;p=5296"},"modified":"2024-12-30T10:41:03","modified_gmt":"2024-12-30T10:41:03","slug":"mochila-portabebe-jane-kangaroo-soil-ergonomica","status":"publish","type":"product","link":"https:\/\/centrobebe.es\/en\/shop\/centrobebe\/el-viaje\/mochila-portabebe\/mochila-portabebe-jane-kangaroo-soil-ergonomica\/","title":{"rendered":"Mochila Portabeb\u00e9 Jan\u00e9 Kangaroo Soil Ergon\u00f3mica"},"content":{"rendered":"<h1>Portabebe Jane Kangaroo Soil Ergon\u00f3mica<\/h1>\n<p>Portabebe Jane Kangaroo Soil c\u00f3moda con cintur\u00f3n abdominal ergon\u00f3mico que reparte el peso entre la espalda y la cadera.<\/p>\n<p>Mochila portabebe Jane para los pap\u00e1s y mam\u00e1s que les resulte m\u00e1s c\u00f3modo llevar al beb\u00e9 portado. Sus asas se pueden ajustar a la espalda de la persona que vaya a portar al beb\u00e9, adem\u00e1s son suaves y blandas para una mayor comodidad.<\/p>\n<h2>Caracter\u00edsticas Portabebe Jane<\/h2>\n<ul>\n<li>Correas anchas 7 cm.<\/li>\n<li>Reposa cabezas.<\/li>\n<li>Interior transpirable.<\/li>\n<li>Nuevo acolchado para mantener la espalda del bebe bien sujeta.<\/li>\n<li>Apoyo lumbar.<\/li>\n<li>Desde 3 meses a 2 a\u00f1os.<\/li>\n<li>Peso desde 0 a 14 Kg.<\/li>\n<\/ul>\n<div class=\"row\">\n<div class=\"woocommerce-tabs wc-tabs-wrapper\">\n<div id=\"tab-description\" class=\"woocommerce-Tabs-panel woocommerce-Tabs-panel--description panel entry-content wc-tab col-md-10 col-md-offset-1 current\" role=\"tabpanel\" aria-labelledby=\"tab-title-description\">\n<div class=\"descripcio\">\n<p>Si necesitas m\u00e1s informaci\u00f3n sobre los portabebes de Jane, no dudes en ponerte en contacto con nuestro equipo de profesionales. Estaremos encantados de ayudarte y aconsejarte sobre los productos m\u00e1s beneficiarios para tu beb\u00e9.<\/p>\n<p>Descubre la variedad de\u00a0<strong><a href=\"https:\/\/centrobebe.es\/en\/product-category\/centrobebe\/el-viaje\/mochila-portabebe\/\">mochilas ergon\u00f3micas y portabeb\u00e9s<\/a><\/strong> en Centrobeb\u00e9. Elige entre la variedad de mochilas al mejor precio y de las mejores marcas en nuestra tienda de beb\u00e9s online.<\/p>\n<p>Ahora puedes financiar la compra a tu gusto y comodidad, de forma r\u00e1pida, f\u00e1cil y sencilla. \u00a1T\u00fa eliges como realizar tu compra y en cuantas veces pagarla!<\/p>\n<p>Nuestra tienda de beb\u00e9 online cuenta con variedad de productos para beb\u00e9s de diferentes marcas precios.<\/p>\n<\/div>\n<\/div>\n<\/div>\n<\/div>","protected":false},"excerpt":{"rendered":"<p>Mochila para portear desde el nacimiento y hasta los 15kg con 3 posiciones diferentes. De instalaci\u00f3n muy sencilla, con un reparto del peso ideal y muy c\u00f3moda tanto para el beb\u00e9 como para el adulto.<\/p>","protected":false},"featured_media":53470,"template":"","meta":[],"pwb-brand":[385],"product_cat":[161],"product_tag":[184],"class_list":{"0":"post-5296","1":"product","2":"type-product","3":"status-publish","4":"has-post-thumbnail","6":"pwb-brand-jane","7":"product_cat-mochila-portabebe","8":"product_tag-jane","9":"tm-no-options","11":"first","12":"instock","13":"taxable","14":"shipping-taxable","15":"purchasable","16":"product-type-simple"},"yoast_head":"<!-- This site is optimized with the Yoast SEO plugin v26.9 - https:\/\/yoast.com\/product\/yoast-seo-wordpress\/ -->\n<title>Portabebe Jane Kangaroo Soil Ergon\u00f3mica - Online - Centrobeb\u00e9<\/title>\n<meta name=\"description\" content=\"Portabebe Jane Kangaroo Soil c\u00f3moda con cintur\u00f3n abdominal ergon\u00f3mico que reparte el peso entre la espalda y la cadera. Compra online al mejor precio.\" \/>\n<meta name=\"robots\" content=\"index, follow, max-snippet:-1, max-image-preview:large, max-video-preview:-1\" \/>\n<link rel=\"canonical\" href=\"https:\/\/centrobebe.es\/en\/shop\/centrobebe\/el-viaje\/mochila-portabebe\/mochila-portabebe-jane-kangaroo-soil-ergonomica\/\" \/>\n<meta property=\"og:locale\" content=\"en_GB\" \/>\n<meta property=\"og:type\" content=\"article\" \/>\n<meta property=\"og:title\" content=\"Portabebe Jane Kangaroo Soil Ergon\u00f3mica - Online - Centrobeb\u00e9\" \/>\n<meta property=\"og:description\" content=\"Portabebe Jane Kangaroo Soil c\u00f3moda con cintur\u00f3n abdominal ergon\u00f3mico que reparte el peso entre la espalda y la cadera. Compra online al mejor precio.\" \/>\n<meta property=\"og:url\" content=\"https:\/\/centrobebe.es\/en\/shop\/centrobebe\/el-viaje\/mochila-portabebe\/mochila-portabebe-jane-kangaroo-soil-ergonomica\/\" \/>\n<meta property=\"og:site_name\" content=\"Centrobeb\u00e9\" \/>\n<meta property=\"article:publisher\" content=\"https:\/\/www.facebook.com\/centrobebe\/\" \/>\n<meta property=\"article:modified_time\" content=\"2024-12-30T10:41:03+00:00\" \/>\n<meta property=\"og:image\" content=\"https:\/\/centrobebe.es\/wp-content\/uploads\/2018\/05\/kangaroo-1.jpg\" \/>\n\t<meta property=\"og:image:width\" content=\"588\" \/>\n\t<meta property=\"og:image:height\" content=\"556\" \/>\n\t<meta property=\"og:image:type\" content=\"image\/jpeg\" \/>\n<meta name=\"twitter:card\" content=\"summary_large_image\" \/>\n<meta name=\"twitter:site\" content=\"@centrobebe\" \/>\n<meta name=\"twitter:label1\" content=\"Estimated reading time\" \/>\n\t<meta name=\"twitter:data1\" content=\"2 minutes\" \/>\n<script type=\"application\/ld+json\" class=\"yoast-schema-graph\">{\"@context\":\"https:\/\/schema.org\",\"@graph\":[{\"@type\":\"WebPage\",\"@id\":\"https:\/\/centrobebe.es\/shop\/centrobebe\/el-viaje\/mochila-portabebe\/mochila-portabebe-jane-kangaroo-soil-ergonomica\/\",\"url\":\"https:\/\/centrobebe.es\/shop\/centrobebe\/el-viaje\/mochila-portabebe\/mochila-portabebe-jane-kangaroo-soil-ergonomica\/\",\"name\":\"Portabebe Jane Kangaroo Soil Ergon\u00f3mica - Online - Centrobeb\u00e9\",\"isPartOf\":{\"@id\":\"https:\/\/centrobebe.es\/#website\"},\"primaryImageOfPage\":{\"@id\":\"https:\/\/centrobebe.es\/shop\/centrobebe\/el-viaje\/mochila-portabebe\/mochila-portabebe-jane-kangaroo-soil-ergonomica\/#primaryimage\"},\"image\":{\"@id\":\"https:\/\/centrobebe.es\/shop\/centrobebe\/el-viaje\/mochila-portabebe\/mochila-portabebe-jane-kangaroo-soil-ergonomica\/#primaryimage\"},\"thumbnailUrl\":\"https:\/\/centrobebe.es\/wp-content\/uploads\/2018\/05\/kangaroo-1.jpg\",\"datePublished\":\"2018-05-22T08:48:57+00:00\",\"dateModified\":\"2024-12-30T10:41:03+00:00\",\"description\":\"Portabebe Jane Kangaroo Soil c\u00f3moda con cintur\u00f3n abdominal ergon\u00f3mico que reparte el peso entre la espalda y la cadera. Compra online al mejor precio.\",\"breadcrumb\":{\"@id\":\"https:\/\/centrobebe.es\/shop\/centrobebe\/el-viaje\/mochila-portabebe\/mochila-portabebe-jane-kangaroo-soil-ergonomica\/#breadcrumb\"},\"inLanguage\":\"en-GB\",\"potentialAction\":[{\"@type\":\"ReadAction\",\"target\":[\"https:\/\/centrobebe.es\/shop\/centrobebe\/el-viaje\/mochila-portabebe\/mochila-portabebe-jane-kangaroo-soil-ergonomica\/\"]}]},{\"@type\":\"ImageObject\",\"inLanguage\":\"en-GB\",\"@id\":\"https:\/\/centrobebe.es\/shop\/centrobebe\/el-viaje\/mochila-portabebe\/mochila-portabebe-jane-kangaroo-soil-ergonomica\/#primaryimage\",\"url\":\"https:\/\/centrobebe.es\/wp-content\/uploads\/2018\/05\/kangaroo-1.jpg\",\"contentUrl\":\"https:\/\/centrobebe.es\/wp-content\/uploads\/2018\/05\/kangaroo-1.jpg\",\"width\":588,\"height\":556,\"caption\":\"mochila jane kangaroo\"},{\"@type\":\"BreadcrumbList\",\"@id\":\"https:\/\/centrobebe.es\/shop\/centrobebe\/el-viaje\/mochila-portabebe\/mochila-portabebe-jane-kangaroo-soil-ergonomica\/#breadcrumb\",\"itemListElement\":[{\"@type\":\"ListItem\",\"position\":1,\"name\":\"Portada\",\"item\":\"https:\/\/centrobebe.es\/\"},{\"@type\":\"ListItem\",\"position\":2,\"name\":\"Shop\",\"item\":\"https:\/\/centrobebe.es\/shop\/\"},{\"@type\":\"ListItem\",\"position\":3,\"name\":\"Mochila Portabeb\u00e9 Jan\u00e9 Kangaroo Soil Ergon\u00f3mica\"}]},{\"@type\":\"WebSite\",\"@id\":\"https:\/\/centrobebe.es\/#website\",\"url\":\"https:\/\/centrobebe.es\/\",\"name\":\"Centrobeb\u00e9\",\"description\":\"Tienda de bebe online | Todo lo que tu bebe necesita\",\"publisher\":{\"@id\":\"https:\/\/centrobebe.es\/#organization\"},\"alternateName\":\"Centrobeb\u00e9\",\"potentialAction\":[{\"@type\":\"SearchAction\",\"target\":{\"@type\":\"EntryPoint\",\"urlTemplate\":\"https:\/\/centrobebe.es\/?s={search_term_string}\"},\"query-input\":{\"@type\":\"PropertyValueSpecification\",\"valueRequired\":true,\"valueName\":\"search_term_string\"}}],\"inLanguage\":\"en-GB\"},{\"@type\":\"Organization\",\"@id\":\"https:\/\/centrobebe.es\/#organization\",\"name\":\"Centrobebe\",\"alternateName\":\"Centrobebe\",\"url\":\"https:\/\/centrobebe.es\/\",\"logo\":{\"@type\":\"ImageObject\",\"inLanguage\":\"en-GB\",\"@id\":\"https:\/\/centrobebe.es\/#\/schema\/logo\/image\/\",\"url\":\"https:\/\/centrobebe.es\/wp-content\/uploads\/2018\/06\/icono3-e1557940133982.png\",\"contentUrl\":\"https:\/\/centrobebe.es\/wp-content\/uploads\/2018\/06\/icono3-e1557940133982.png\",\"width\":34,\"height\":29,\"caption\":\"Centrobebe\"},\"image\":{\"@id\":\"https:\/\/centrobebe.es\/#\/schema\/logo\/image\/\"},\"sameAs\":[\"https:\/\/www.facebook.com\/centrobebe\/\",\"https:\/\/x.com\/centrobebe\",\"https:\/\/www.instagram.com\/centrobebe.es\/\",\"https:\/\/www.youtube.com\/channel\/UCVU-jcFuwntnxOhxvSbf3hg\"]}]}<\/script>\n<!-- \/ Yoast SEO plugin. -->","yoast_head_json":{"title":"Portabebe Jane Kangaroo Soil Ergon\u00f3mica - Online - Centrobeb\u00e9","description":"Portabebe Jane Kangaroo Soil c\u00f3moda con cintur\u00f3n abdominal ergon\u00f3mico que reparte el peso entre la espalda y la cadera. Compra online al mejor precio.","robots":{"index":"index","follow":"follow","max-snippet":"max-snippet:-1","max-image-preview":"max-image-preview:large","max-video-preview":"max-video-preview:-1"},"canonical":"https:\/\/centrobebe.es\/en\/shop\/centrobebe\/el-viaje\/mochila-portabebe\/mochila-portabebe-jane-kangaroo-soil-ergonomica\/","og_locale":"en_GB","og_type":"article","og_title":"Portabebe Jane Kangaroo Soil Ergon\u00f3mica - Online - Centrobeb\u00e9","og_description":"Portabebe Jane Kangaroo Soil c\u00f3moda con cintur\u00f3n abdominal ergon\u00f3mico que reparte el peso entre la espalda y la cadera. Compra online al mejor precio.","og_url":"https:\/\/centrobebe.es\/en\/shop\/centrobebe\/el-viaje\/mochila-portabebe\/mochila-portabebe-jane-kangaroo-soil-ergonomica\/","og_site_name":"Centrobeb\u00e9","article_publisher":"https:\/\/www.facebook.com\/centrobebe\/","article_modified_time":"2024-12-30T10:41:03+00:00","og_image":[{"width":588,"height":556,"url":"https:\/\/centrobebe.es\/wp-content\/uploads\/2018\/05\/kangaroo-1.jpg","type":"image\/jpeg"}],"twitter_card":"summary_large_image","twitter_site":"@centrobebe","twitter_misc":{"Estimated reading time":"2 minutes"},"schema":{"@context":"https:\/\/schema.org","@graph":[{"@type":"WebPage","@id":"https:\/\/centrobebe.es\/shop\/centrobebe\/el-viaje\/mochila-portabebe\/mochila-portabebe-jane-kangaroo-soil-ergonomica\/","url":"https:\/\/centrobebe.es\/shop\/centrobebe\/el-viaje\/mochila-portabebe\/mochila-portabebe-jane-kangaroo-soil-ergonomica\/","name":"Portabebe Jane Kangaroo Soil Ergon\u00f3mica - Online - Centrobeb\u00e9","isPartOf":{"@id":"https:\/\/centrobebe.es\/#website"},"primaryImageOfPage":{"@id":"https:\/\/centrobebe.es\/shop\/centrobebe\/el-viaje\/mochila-portabebe\/mochila-portabebe-jane-kangaroo-soil-ergonomica\/#primaryimage"},"image":{"@id":"https:\/\/centrobebe.es\/shop\/centrobebe\/el-viaje\/mochila-portabebe\/mochila-portabebe-jane-kangaroo-soil-ergonomica\/#primaryimage"},"thumbnailUrl":"https:\/\/centrobebe.es\/wp-content\/uploads\/2018\/05\/kangaroo-1.jpg","datePublished":"2018-05-22T08:48:57+00:00","dateModified":"2024-12-30T10:41:03+00:00","description":"Portabebe Jane Kangaroo Soil c\u00f3moda con cintur\u00f3n abdominal ergon\u00f3mico que reparte el peso entre la espalda y la cadera. Compra online al mejor precio.","breadcrumb":{"@id":"https:\/\/centrobebe.es\/shop\/centrobebe\/el-viaje\/mochila-portabebe\/mochila-portabebe-jane-kangaroo-soil-ergonomica\/#breadcrumb"},"inLanguage":"en-GB","potentialAction":[{"@type":"ReadAction","target":["https:\/\/centrobebe.es\/shop\/centrobebe\/el-viaje\/mochila-portabebe\/mochila-portabebe-jane-kangaroo-soil-ergonomica\/"]}]},{"@type":"ImageObject","inLanguage":"en-GB","@id":"https:\/\/centrobebe.es\/shop\/centrobebe\/el-viaje\/mochila-portabebe\/mochila-portabebe-jane-kangaroo-soil-ergonomica\/#primaryimage","url":"https:\/\/centrobebe.es\/wp-content\/uploads\/2018\/05\/kangaroo-1.jpg","contentUrl":"https:\/\/centrobebe.es\/wp-content\/uploads\/2018\/05\/kangaroo-1.jpg","width":588,"height":556,"caption":"mochila jane kangaroo"},{"@type":"BreadcrumbList","@id":"https:\/\/centrobebe.es\/shop\/centrobebe\/el-viaje\/mochila-portabebe\/mochila-portabebe-jane-kangaroo-soil-ergonomica\/#breadcrumb","itemListElement":[{"@type":"ListItem","position":1,"name":"Portada","item":"https:\/\/centrobebe.es\/"},{"@type":"ListItem","position":2,"name":"Shop","item":"https:\/\/centrobebe.es\/shop\/"},{"@type":"ListItem","position":3,"name":"Mochila Portabeb\u00e9 Jan\u00e9 Kangaroo Soil Ergon\u00f3mica"}]},{"@type":"WebSite","@id":"https:\/\/centrobebe.es\/#website","url":"https:\/\/centrobebe.es\/","name":"Centrobeb\u00e9","description":"Tienda de bebe online | Todo lo que tu bebe necesita","publisher":{"@id":"https:\/\/centrobebe.es\/#organization"},"alternateName":"Centrobeb\u00e9","potentialAction":[{"@type":"SearchAction","target":{"@type":"EntryPoint","urlTemplate":"https:\/\/centrobebe.es\/?s={search_term_string}"},"query-input":{"@type":"PropertyValueSpecification","valueRequired":true,"valueName":"search_term_string"}}],"inLanguage":"en-GB"},{"@type":"Organization","@id":"https:\/\/centrobebe.es\/#organization","name":"Centrobebe","alternateName":"Centrobebe","url":"https:\/\/centrobebe.es\/","logo":{"@type":"ImageObject","inLanguage":"en-GB","@id":"https:\/\/centrobebe.es\/#\/schema\/logo\/image\/","url":"https:\/\/centrobebe.es\/wp-content\/uploads\/2018\/06\/icono3-e1557940133982.png","contentUrl":"https:\/\/centrobebe.es\/wp-content\/uploads\/2018\/06\/icono3-e1557940133982.png","width":34,"height":29,"caption":"Centrobebe"},"image":{"@id":"https:\/\/centrobebe.es\/#\/schema\/logo\/image\/"},"sameAs":["https:\/\/www.facebook.com\/centrobebe\/","https:\/\/x.com\/centrobebe","https:\/\/www.instagram.com\/centrobebe.es\/","https:\/\/www.youtube.com\/channel\/UCVU-jcFuwntnxOhxvSbf3hg"]}]}},"brands":[{"id":385,"name":"Jane","slug":"jane"}],"_links":{"self":[{"href":"https:\/\/centrobebe.es\/en\/wp-json\/wp\/v2\/product\/5296","targetHints":{"allow":["GET"]}}],"collection":[{"href":"https:\/\/centrobebe.es\/en\/wp-json\/wp\/v2\/product"}],"about":[{"href":"https:\/\/centrobebe.es\/en\/wp-json\/wp\/v2\/types\/product"}],"version-history":[{"count":2,"href":"https:\/\/centrobebe.es\/en\/wp-json\/wp\/v2\/product\/5296\/revisions"}],"predecessor-version":[{"id":53466,"href":"https:\/\/centrobebe.es\/en\/wp-json\/wp\/v2\/product\/5296\/revisions\/53466"}],"wp:featuredmedia":[{"embeddable":true,"href":"https:\/\/centrobebe.es\/en\/wp-json\/wp\/v2\/media\/53470"}],"wp:attachment":[{"href":"https:\/\/centrobebe.es\/en\/wp-json\/wp\/v2\/media?parent=5296"}],"wp:term":[{"taxonomy":"pwb-brand","embeddable":true,"href":"https:\/\/centrobebe.es\/en\/wp-json\/wp\/v2\/pwb-brand?post=5296"},{"taxonomy":"product_cat","embeddable":true,"href":"https:\/\/centrobebe.es\/en\/wp-json\/wp\/v2\/product_cat?post=5296"},{"taxonomy":"product_tag","embeddable":true,"href":"https:\/\/centrobebe.es\/en\/wp-json\/wp\/v2\/product_tag?post=5296"}],"curies":[{"name":"wp","href":"https:\/\/api.w.org\/{rel}","templated":true}]}}