{"id":53247,"date":"2024-12-19T19:02:39","date_gmt":"2024-12-19T19:02:39","guid":{"rendered":"https:\/\/centrobebe.es\/?post_type=product&#038;p=53247"},"modified":"2026-03-25T21:09:27","modified_gmt":"2026-03-25T21:09:27","slug":"silla-de-paseo-mast-m4x-plus","status":"publish","type":"product","link":"https:\/\/centrobebe.es\/en\/shop\/centrobebe\/cochecitos-y-sillas-de-paseo-de-bebe\/sillas-de-paseo-ligeras-baratas\/silla-de-paseo-mast-m4x-plus\/","title":{"rendered":"Silla de Paseo Mast M4x Plus Ruedas Lightweight"},"content":{"rendered":"<h1>Silla de Paseo Mast M4x Plus<\/h1>\n<p>La\u00a0<strong>silla de paseo Mast M4x<\/strong>\u00a0<b>Plus\u00a0<\/b>es la silla ideal para tus paseos diarios. Tiene un\u00a0<strong>dise\u00f1o muy compacto<\/strong>\u00a0y ligero, sin perder robustez, que te permite conducir el cochecito con total comodidad. Chasis de aluminio haciendo que la silla pese solo 7,5kg (sin ruedas). El tama\u00f1o plegada es de 74x32x53cm.\u00a0Adem\u00e1s, puedes elegir\u00a0<strong>dos tipos de ruedas<\/strong>: Lightweight, ruedas ligeras ideales para la ciudad. O las ruedas High Performance, ruedas m\u00e1s robustas pensadas para ser todoterreno. Tambi\u00e9n puedes adquirir el\u00a0<strong>capazo por separado<\/strong>\u00a0para empezar a usar la Mast M4x Plus desde el nacimiento de tu beb\u00e9 y hasta los 9kg. El capazo se instala sin necesidad de adaptadores y cuenta con un colch\u00f3n de malla transpirable y base ventilada.<\/p>\n<div class=\"elementor-element elementor-element-6786cc1 ob-harakiri-inherit ob-has-background-overlay elementor-widget elementor-widget-heading ob-harakiri\" data-id=\"6786cc1\" data-element_type=\"widget\" data-settings=\"{&quot;_ob_use_harakiri&quot;:&quot;yes&quot;,&quot;_ob_harakiri_writing_mode&quot;:&quot;inherit&quot;,&quot;_ob_harakiri_text_clip&quot;:&quot;none&quot;,&quot;_ob_perspektive_use&quot;:&quot;no&quot;,&quot;_ob_poopart_use&quot;:&quot;yes&quot;,&quot;_ob_shadough_use&quot;:&quot;no&quot;,&quot;_ob_widget_stalker_use&quot;:&quot;no&quot;}\" data-widget_type=\"heading.default\">\n<div class=\"elementor-widget-container\"><\/div>\n<\/div>\n<div class=\"elementor-element elementor-element-a813f8e ob-harakiri-inherit ob-has-background-overlay elementor-widget elementor-widget-text-editor ob-harakiri\" data-id=\"a813f8e\" data-element_type=\"widget\" data-settings=\"{&quot;_ob_use_harakiri&quot;:&quot;yes&quot;,&quot;_ob_harakiri_writing_mode&quot;:&quot;inherit&quot;,&quot;_ob_postman_use&quot;:&quot;no&quot;,&quot;_ob_perspektive_use&quot;:&quot;no&quot;,&quot;_ob_poopart_use&quot;:&quot;yes&quot;,&quot;_ob_shadough_use&quot;:&quot;no&quot;,&quot;_ob_widget_stalker_use&quot;:&quot;no&quot;}\" data-widget_type=\"text-editor.default\">\n<div class=\"elementor-widget-container\">\n<div class=\"elementor-text-editor elementor-clearfix\">\n<p>CARACTER\u00cdSTICAS DE LA SILLA DE PASEO MAST M4x PLUS:<\/p>\n<p>&#8211; Silla de paseo apta\u00a0<strong>hasta 22kg<\/strong>.<\/p>\n<p>&#8211; Chasis de aluminio ligero.<\/p>\n<p>&#8211; La silla\u00a0<strong>pesa 7,5kg (sin ruedas).<\/strong><\/p>\n<p>&#8211; Ancho desplegada y\u00a0<strong>plegada 53cm<\/strong>.<\/p>\n<p>&#8211; Medidas plegada 74x32x53cm.<\/p>\n<p>&#8211; Cesta de almacenaje espaciosa.<\/p>\n<p>&#8211;\u00a0<strong>Amplia capota con doble extensi\u00f3n e impermeable<\/strong>.<\/p>\n<p>&#8211; Protecci\u00f3n\u00a0<strong>SPF UV50+<\/strong>.<\/p>\n<p>&#8211; Ventana transpirable con cremallera.<\/p>\n<p>&#8211; Manillar ajustable y\u00a0<strong>4 posiciones de reclinado<\/strong>.<\/p>\n<p>&#8211; Reposapi\u00e9s ajustable.<\/p>\n<p>&#8211; Textil en manillar y barra de seguridad de cuero vegano perforado.<\/p>\n<p>&#8211;\u00a0<strong>Suspensi\u00f3n en las 4 ruedas<\/strong>.<\/p>\n<p>&#8211; Opci\u00f3n de ruedas Lightweight o ruedas High Performance.<\/p>\n<\/div>\n<\/div>\n<\/div>\n<div class=\"elementor-element elementor-element-2520d305 elementor-hidden-tablet elementor-hidden-phone ob-harakiri-inherit ob-has-background-overlay elementor-widget elementor-widget-heading ob-harakiri\" data-id=\"2520d305\" data-element_type=\"widget\" data-settings=\"{&quot;_ob_use_harakiri&quot;:&quot;yes&quot;,&quot;_ob_harakiri_writing_mode&quot;:&quot;inherit&quot;,&quot;_ob_harakiri_text_clip&quot;:&quot;none&quot;,&quot;_ob_perspektive_use&quot;:&quot;no&quot;,&quot;_ob_poopart_use&quot;:&quot;yes&quot;,&quot;_ob_shadough_use&quot;:&quot;no&quot;,&quot;_ob_widget_stalker_use&quot;:&quot;no&quot;}\" data-widget_type=\"heading.default\">\n<div class=\"elementor-widget-container\"><\/div>\n<\/div>\n<div class=\"elementor-element elementor-element-3980e778 ob-harakiri-inherit ob-has-background-overlay elementor-widget elementor-widget-text-editor ob-harakiri\" data-id=\"3980e778\" data-element_type=\"widget\" data-settings=\"{&quot;_ob_use_harakiri&quot;:&quot;yes&quot;,&quot;_ob_harakiri_writing_mode&quot;:&quot;inherit&quot;,&quot;_ob_postman_use&quot;:&quot;no&quot;,&quot;_ob_perspektive_use&quot;:&quot;no&quot;,&quot;_ob_poopart_use&quot;:&quot;yes&quot;,&quot;_ob_shadough_use&quot;:&quot;no&quot;,&quot;_ob_widget_stalker_use&quot;:&quot;no&quot;}\" data-widget_type=\"text-editor.default\">\n<div class=\"elementor-widget-container\">\n<div class=\"elementor-text-editor elementor-clearfix\">\n<div class=\"elementor-element elementor-element-b332f4a ob-harakiri-inherit ob-has-background-overlay elementor-widget elementor-widget-text-editor ob-harakiri\" data-id=\"b332f4a\" data-element_type=\"widget\" data-settings=\"{&quot;_ob_use_harakiri&quot;:&quot;yes&quot;,&quot;_ob_harakiri_writing_mode&quot;:&quot;inherit&quot;,&quot;_ob_postman_use&quot;:&quot;no&quot;,&quot;_ob_perspektive_use&quot;:&quot;no&quot;,&quot;_ob_poopart_use&quot;:&quot;yes&quot;,&quot;_ob_shadough_use&quot;:&quot;no&quot;,&quot;_ob_widget_stalker_use&quot;:&quot;no&quot;}\" data-widget_type=\"text-editor.default\">\n<div class=\"elementor-widget-container\">\n<div class=\"elementor-text-editor elementor-clearfix\">\n<div class=\"elementor-element elementor-element-10758b49 ob-harakiri-inherit ob-has-background-overlay elementor-widget elementor-widget-text-editor ob-harakiri\" data-id=\"10758b49\" data-element_type=\"widget\" data-settings=\"{&quot;_ob_use_harakiri&quot;:&quot;yes&quot;,&quot;_ob_harakiri_writing_mode&quot;:&quot;inherit&quot;,&quot;_ob_postman_use&quot;:&quot;no&quot;,&quot;_ob_perspektive_use&quot;:&quot;no&quot;,&quot;_ob_poopart_use&quot;:&quot;yes&quot;,&quot;_ob_shadough_use&quot;:&quot;no&quot;,&quot;_ob_widget_stalker_use&quot;:&quot;no&quot;}\" data-widget_type=\"text-editor.default\">\n<div class=\"elementor-widget-container\">\n<div class=\"elementor-text-editor elementor-clearfix\">En Centrobeb\u00e9 contamos con una amplia selecci\u00f3n de las mejores <a href=\"https:\/\/centrobebe.es\/en\/product-category\/centrobebe\/cochecitos-y-sillas-de-paseo-de-bebe\/sillas-de-paseo-ligeras-baratas\/\">sillas de paseo<\/a> de las mejores marcas del mercado. Encuentra la mas acorde con tus necesidades en nuestra tienda de bebes online. Ahora puedes financiar tu compra online de forma f\u00e1cil y sencilla.<\/div>\n<\/div>\n<\/div>\n<\/div>\n<\/div>\n<\/div>\n<\/div>\n<\/div>\n<\/div>\n<p>La comodidad y la seguridad de los beb\u00e9s, es nuestra prioridad. Por lo que todos nuestros productos poseen principalmente las caracter\u00edsticas necesarias para su seguridad. Los pap\u00e1s y las mam\u00e1s, podr\u00e1n disfrutar del paseo con total tranquilidad.<\/p>","protected":false},"excerpt":{"rendered":"<p>La\u00a0<strong>silla de paseo Mast M4x<\/strong>\u00a0<b>Plus\u00a0<\/b>es la silla ideal para tus paseos diarios. Tiene un\u00a0<strong>dise\u00f1o muy compacto<\/strong>\u00a0y ligero, sin perder robustez, que te permite conducir el cochecito con total comodidad. Chasis de aluminio haciendo que la silla pese solo 7,5kg (sin ruedas). El tama\u00f1o plegada es de 74x32x53cm.\u00a0Adem\u00e1s, puedes elegir\u00a0<strong>dos tipos de ruedas<\/strong>: Lightweight, ruedas ligeras ideales para la ciudad. O las ruedas High Performance, ruedas m\u00e1s robustas pensadas para ser todoterreno.<\/p>","protected":false},"featured_media":56544,"template":"","meta":[],"pwb-brand":[417],"product_cat":[157],"product_tag":[296],"class_list":{"0":"post-53247","1":"product","2":"type-product","3":"status-publish","4":"has-post-thumbnail","6":"pwb-brand-mast","7":"product_cat-sillas-de-paseo-ligeras-baratas","8":"product_tag-valco-baby","9":"pa_color-beige","10":"pa_color-gris","11":"pa_color-gris-2","12":"pa_color-gris-claro","13":"pa_color-marino","14":"pa_color-negro","15":"pa_color-verde-oliva","16":"tm-has-options","18":"first","19":"instock","20":"sale","21":"taxable","22":"shipping-taxable","23":"purchasable","24":"product-type-variable","25":"wvs-archive-product-wrapper"},"yoast_head":"<!-- This site is optimized with the Yoast SEO plugin v27.5 - https:\/\/yoast.com\/product\/yoast-seo-wordpress\/ -->\n<title>Silla Paseo Mast M4x Plus | Centro Beb\u00e9<\/title>\n<meta name=\"description\" content=\"La\u00a0silla paseo Mast M4x\u00a0Plus,la silla ideal para tus paseos diarios.Un\u00a0dise\u00f1o muy compacto\u00a0y ligero, sin perder robustez.\" \/>\n<meta name=\"robots\" content=\"index, follow, max-snippet:-1, max-image-preview:large, max-video-preview:-1\" \/>\n<link rel=\"canonical\" href=\"https:\/\/centrobebe.es\/en\/shop\/centrobebe\/cochecitos-y-sillas-de-paseo-de-bebe\/sillas-de-paseo-ligeras-baratas\/silla-de-paseo-mast-m4x-plus\/\" \/>\n<meta property=\"og:locale\" content=\"en_GB\" \/>\n<meta property=\"og:type\" content=\"article\" \/>\n<meta property=\"og:title\" content=\"Silla Paseo Mast M4x Plus | Centro Beb\u00e9\" \/>\n<meta property=\"og:description\" content=\"La\u00a0silla paseo Mast M4x\u00a0Plus,la silla ideal para tus paseos diarios.Un\u00a0dise\u00f1o muy compacto\u00a0y ligero, sin perder robustez.\" \/>\n<meta property=\"og:url\" content=\"https:\/\/centrobebe.es\/en\/shop\/centrobebe\/cochecitos-y-sillas-de-paseo-de-bebe\/sillas-de-paseo-ligeras-baratas\/silla-de-paseo-mast-m4x-plus\/\" \/>\n<meta property=\"og:site_name\" content=\"Centrobeb\u00e9\" \/>\n<meta property=\"article:publisher\" content=\"https:\/\/www.facebook.com\/centrobebe\/\" \/>\n<meta property=\"article:modified_time\" content=\"2026-03-25T21:09:27+00:00\" \/>\n<meta property=\"og:image\" content=\"https:\/\/centrobebe.es\/wp-content\/uploads\/2024\/12\/MAST_M.4XPLUS_KOALA_SIDE6_1920x1920.jpeg\" \/>\n\t<meta property=\"og:image:width\" content=\"1280\" \/>\n\t<meta property=\"og:image:height\" content=\"1280\" \/>\n\t<meta property=\"og:image:type\" content=\"image\/jpeg\" \/>\n<meta name=\"twitter:card\" content=\"summary_large_image\" \/>\n<meta name=\"twitter:site\" content=\"@centrobebe\" \/>\n<meta name=\"twitter:label1\" content=\"Estimated reading time\" \/>\n\t<meta name=\"twitter:data1\" content=\"2 minutes\" \/>\n<script type=\"application\/ld+json\" class=\"yoast-schema-graph\">{\"@context\":\"https:\\\/\\\/schema.org\",\"@graph\":[{\"@type\":\"WebPage\",\"@id\":\"https:\\\/\\\/centrobebe.es\\\/shop\\\/centrobebe\\\/cochecitos-y-sillas-de-paseo-de-bebe\\\/sillas-de-paseo-ligeras-baratas\\\/silla-de-paseo-mast-m4x-plus\\\/\",\"url\":\"https:\\\/\\\/centrobebe.es\\\/shop\\\/centrobebe\\\/cochecitos-y-sillas-de-paseo-de-bebe\\\/sillas-de-paseo-ligeras-baratas\\\/silla-de-paseo-mast-m4x-plus\\\/\",\"name\":\"Silla Paseo Mast M4x Plus | Centro Beb\u00e9\",\"isPartOf\":{\"@id\":\"https:\\\/\\\/centrobebe.es\\\/#website\"},\"primaryImageOfPage\":{\"@id\":\"https:\\\/\\\/centrobebe.es\\\/shop\\\/centrobebe\\\/cochecitos-y-sillas-de-paseo-de-bebe\\\/sillas-de-paseo-ligeras-baratas\\\/silla-de-paseo-mast-m4x-plus\\\/#primaryimage\"},\"image\":{\"@id\":\"https:\\\/\\\/centrobebe.es\\\/shop\\\/centrobebe\\\/cochecitos-y-sillas-de-paseo-de-bebe\\\/sillas-de-paseo-ligeras-baratas\\\/silla-de-paseo-mast-m4x-plus\\\/#primaryimage\"},\"thumbnailUrl\":\"https:\\\/\\\/centrobebe.es\\\/wp-content\\\/uploads\\\/2024\\\/12\\\/MAST_M.4XPLUS_KOALA_SIDE6_1920x1920.jpeg\",\"datePublished\":\"2024-12-19T19:02:39+00:00\",\"dateModified\":\"2026-03-25T21:09:27+00:00\",\"description\":\"La\u00a0silla paseo Mast M4x\u00a0Plus,la silla ideal para tus paseos diarios.Un\u00a0dise\u00f1o muy compacto\u00a0y ligero, sin perder robustez.\",\"breadcrumb\":{\"@id\":\"https:\\\/\\\/centrobebe.es\\\/shop\\\/centrobebe\\\/cochecitos-y-sillas-de-paseo-de-bebe\\\/sillas-de-paseo-ligeras-baratas\\\/silla-de-paseo-mast-m4x-plus\\\/#breadcrumb\"},\"inLanguage\":\"en-GB\",\"potentialAction\":[{\"@type\":\"ReadAction\",\"target\":[\"https:\\\/\\\/centrobebe.es\\\/shop\\\/centrobebe\\\/cochecitos-y-sillas-de-paseo-de-bebe\\\/sillas-de-paseo-ligeras-baratas\\\/silla-de-paseo-mast-m4x-plus\\\/\"]}]},{\"@type\":\"ImageObject\",\"inLanguage\":\"en-GB\",\"@id\":\"https:\\\/\\\/centrobebe.es\\\/shop\\\/centrobebe\\\/cochecitos-y-sillas-de-paseo-de-bebe\\\/sillas-de-paseo-ligeras-baratas\\\/silla-de-paseo-mast-m4x-plus\\\/#primaryimage\",\"url\":\"https:\\\/\\\/centrobebe.es\\\/wp-content\\\/uploads\\\/2024\\\/12\\\/MAST_M.4XPLUS_KOALA_SIDE6_1920x1920.jpeg\",\"contentUrl\":\"https:\\\/\\\/centrobebe.es\\\/wp-content\\\/uploads\\\/2024\\\/12\\\/MAST_M.4XPLUS_KOALA_SIDE6_1920x1920.jpeg\",\"width\":1280,\"height\":1280,\"caption\":\"mast m4x plus\"},{\"@type\":\"BreadcrumbList\",\"@id\":\"https:\\\/\\\/centrobebe.es\\\/shop\\\/centrobebe\\\/cochecitos-y-sillas-de-paseo-de-bebe\\\/sillas-de-paseo-ligeras-baratas\\\/silla-de-paseo-mast-m4x-plus\\\/#breadcrumb\",\"itemListElement\":[{\"@type\":\"ListItem\",\"position\":1,\"name\":\"Portada\",\"item\":\"https:\\\/\\\/centrobebe.es\\\/\"},{\"@type\":\"ListItem\",\"position\":2,\"name\":\"Shop\",\"item\":\"https:\\\/\\\/centrobebe.es\\\/shop\\\/\"},{\"@type\":\"ListItem\",\"position\":3,\"name\":\"Silla de Paseo Mast M4x Plus Ruedas Lightweight\"}]},{\"@type\":\"WebSite\",\"@id\":\"https:\\\/\\\/centrobebe.es\\\/#website\",\"url\":\"https:\\\/\\\/centrobebe.es\\\/\",\"name\":\"Centrobeb\u00e9\",\"description\":\"Tienda de bebe online | Todo lo que tu bebe necesita\",\"publisher\":{\"@id\":\"https:\\\/\\\/centrobebe.es\\\/#organization\"},\"alternateName\":\"Centrobeb\u00e9\",\"potentialAction\":[{\"@type\":\"SearchAction\",\"target\":{\"@type\":\"EntryPoint\",\"urlTemplate\":\"https:\\\/\\\/centrobebe.es\\\/?s={search_term_string}\"},\"query-input\":{\"@type\":\"PropertyValueSpecification\",\"valueRequired\":true,\"valueName\":\"search_term_string\"}}],\"inLanguage\":\"en-GB\"},{\"@type\":\"Organization\",\"@id\":\"https:\\\/\\\/centrobebe.es\\\/#organization\",\"name\":\"Centrobebe\",\"alternateName\":\"Centrobebe\",\"url\":\"https:\\\/\\\/centrobebe.es\\\/\",\"logo\":{\"@type\":\"ImageObject\",\"inLanguage\":\"en-GB\",\"@id\":\"https:\\\/\\\/centrobebe.es\\\/#\\\/schema\\\/logo\\\/image\\\/\",\"url\":\"https:\\\/\\\/centrobebe.es\\\/wp-content\\\/uploads\\\/2018\\\/06\\\/icono3-e1557940133982.png\",\"contentUrl\":\"https:\\\/\\\/centrobebe.es\\\/wp-content\\\/uploads\\\/2018\\\/06\\\/icono3-e1557940133982.png\",\"width\":34,\"height\":29,\"caption\":\"Centrobebe\"},\"image\":{\"@id\":\"https:\\\/\\\/centrobebe.es\\\/#\\\/schema\\\/logo\\\/image\\\/\"},\"sameAs\":[\"https:\\\/\\\/www.facebook.com\\\/centrobebe\\\/\",\"https:\\\/\\\/x.com\\\/centrobebe\",\"https:\\\/\\\/www.instagram.com\\\/centrobebe.es\\\/\",\"https:\\\/\\\/www.youtube.com\\\/channel\\\/UCVU-jcFuwntnxOhxvSbf3hg\"]}]}<\/script>\n<!-- \/ Yoast SEO plugin. -->","yoast_head_json":{"title":"Silla Paseo Mast M4x Plus | Centro Beb\u00e9","description":"La\u00a0silla paseo Mast M4x\u00a0Plus,la silla ideal para tus paseos diarios.Un\u00a0dise\u00f1o muy compacto\u00a0y ligero, sin perder robustez.","robots":{"index":"index","follow":"follow","max-snippet":"max-snippet:-1","max-image-preview":"max-image-preview:large","max-video-preview":"max-video-preview:-1"},"canonical":"https:\/\/centrobebe.es\/en\/shop\/centrobebe\/cochecitos-y-sillas-de-paseo-de-bebe\/sillas-de-paseo-ligeras-baratas\/silla-de-paseo-mast-m4x-plus\/","og_locale":"en_GB","og_type":"article","og_title":"Silla Paseo Mast M4x Plus | Centro Beb\u00e9","og_description":"La\u00a0silla paseo Mast M4x\u00a0Plus,la silla ideal para tus paseos diarios.Un\u00a0dise\u00f1o muy compacto\u00a0y ligero, sin perder robustez.","og_url":"https:\/\/centrobebe.es\/en\/shop\/centrobebe\/cochecitos-y-sillas-de-paseo-de-bebe\/sillas-de-paseo-ligeras-baratas\/silla-de-paseo-mast-m4x-plus\/","og_site_name":"Centrobeb\u00e9","article_publisher":"https:\/\/www.facebook.com\/centrobebe\/","article_modified_time":"2026-03-25T21:09:27+00:00","og_image":[{"width":1280,"height":1280,"url":"https:\/\/centrobebe.es\/wp-content\/uploads\/2024\/12\/MAST_M.4XPLUS_KOALA_SIDE6_1920x1920.jpeg","type":"image\/jpeg"}],"twitter_card":"summary_large_image","twitter_site":"@centrobebe","twitter_misc":{"Estimated reading time":"2 minutes"},"schema":{"@context":"https:\/\/schema.org","@graph":[{"@type":"WebPage","@id":"https:\/\/centrobebe.es\/shop\/centrobebe\/cochecitos-y-sillas-de-paseo-de-bebe\/sillas-de-paseo-ligeras-baratas\/silla-de-paseo-mast-m4x-plus\/","url":"https:\/\/centrobebe.es\/shop\/centrobebe\/cochecitos-y-sillas-de-paseo-de-bebe\/sillas-de-paseo-ligeras-baratas\/silla-de-paseo-mast-m4x-plus\/","name":"Silla Paseo Mast M4x Plus | Centro Beb\u00e9","isPartOf":{"@id":"https:\/\/centrobebe.es\/#website"},"primaryImageOfPage":{"@id":"https:\/\/centrobebe.es\/shop\/centrobebe\/cochecitos-y-sillas-de-paseo-de-bebe\/sillas-de-paseo-ligeras-baratas\/silla-de-paseo-mast-m4x-plus\/#primaryimage"},"image":{"@id":"https:\/\/centrobebe.es\/shop\/centrobebe\/cochecitos-y-sillas-de-paseo-de-bebe\/sillas-de-paseo-ligeras-baratas\/silla-de-paseo-mast-m4x-plus\/#primaryimage"},"thumbnailUrl":"https:\/\/centrobebe.es\/wp-content\/uploads\/2024\/12\/MAST_M.4XPLUS_KOALA_SIDE6_1920x1920.jpeg","datePublished":"2024-12-19T19:02:39+00:00","dateModified":"2026-03-25T21:09:27+00:00","description":"La\u00a0silla paseo Mast M4x\u00a0Plus,la silla ideal para tus paseos diarios.Un\u00a0dise\u00f1o muy compacto\u00a0y ligero, sin perder robustez.","breadcrumb":{"@id":"https:\/\/centrobebe.es\/shop\/centrobebe\/cochecitos-y-sillas-de-paseo-de-bebe\/sillas-de-paseo-ligeras-baratas\/silla-de-paseo-mast-m4x-plus\/#breadcrumb"},"inLanguage":"en-GB","potentialAction":[{"@type":"ReadAction","target":["https:\/\/centrobebe.es\/shop\/centrobebe\/cochecitos-y-sillas-de-paseo-de-bebe\/sillas-de-paseo-ligeras-baratas\/silla-de-paseo-mast-m4x-plus\/"]}]},{"@type":"ImageObject","inLanguage":"en-GB","@id":"https:\/\/centrobebe.es\/shop\/centrobebe\/cochecitos-y-sillas-de-paseo-de-bebe\/sillas-de-paseo-ligeras-baratas\/silla-de-paseo-mast-m4x-plus\/#primaryimage","url":"https:\/\/centrobebe.es\/wp-content\/uploads\/2024\/12\/MAST_M.4XPLUS_KOALA_SIDE6_1920x1920.jpeg","contentUrl":"https:\/\/centrobebe.es\/wp-content\/uploads\/2024\/12\/MAST_M.4XPLUS_KOALA_SIDE6_1920x1920.jpeg","width":1280,"height":1280,"caption":"mast m4x plus"},{"@type":"BreadcrumbList","@id":"https:\/\/centrobebe.es\/shop\/centrobebe\/cochecitos-y-sillas-de-paseo-de-bebe\/sillas-de-paseo-ligeras-baratas\/silla-de-paseo-mast-m4x-plus\/#breadcrumb","itemListElement":[{"@type":"ListItem","position":1,"name":"Portada","item":"https:\/\/centrobebe.es\/"},{"@type":"ListItem","position":2,"name":"Shop","item":"https:\/\/centrobebe.es\/shop\/"},{"@type":"ListItem","position":3,"name":"Silla de Paseo Mast M4x Plus Ruedas Lightweight"}]},{"@type":"WebSite","@id":"https:\/\/centrobebe.es\/#website","url":"https:\/\/centrobebe.es\/","name":"Centrobeb\u00e9","description":"Tienda de bebe online | Todo lo que tu bebe necesita","publisher":{"@id":"https:\/\/centrobebe.es\/#organization"},"alternateName":"Centrobeb\u00e9","potentialAction":[{"@type":"SearchAction","target":{"@type":"EntryPoint","urlTemplate":"https:\/\/centrobebe.es\/?s={search_term_string}"},"query-input":{"@type":"PropertyValueSpecification","valueRequired":true,"valueName":"search_term_string"}}],"inLanguage":"en-GB"},{"@type":"Organization","@id":"https:\/\/centrobebe.es\/#organization","name":"Centrobebe","alternateName":"Centrobebe","url":"https:\/\/centrobebe.es\/","logo":{"@type":"ImageObject","inLanguage":"en-GB","@id":"https:\/\/centrobebe.es\/#\/schema\/logo\/image\/","url":"https:\/\/centrobebe.es\/wp-content\/uploads\/2018\/06\/icono3-e1557940133982.png","contentUrl":"https:\/\/centrobebe.es\/wp-content\/uploads\/2018\/06\/icono3-e1557940133982.png","width":34,"height":29,"caption":"Centrobebe"},"image":{"@id":"https:\/\/centrobebe.es\/#\/schema\/logo\/image\/"},"sameAs":["https:\/\/www.facebook.com\/centrobebe\/","https:\/\/x.com\/centrobebe","https:\/\/www.instagram.com\/centrobebe.es\/","https:\/\/www.youtube.com\/channel\/UCVU-jcFuwntnxOhxvSbf3hg"]}]}},"brands":[{"id":417,"name":"Mast Swiss Design","slug":"mast"}],"_links":{"self":[{"href":"https:\/\/centrobebe.es\/en\/wp-json\/wp\/v2\/product\/53247","targetHints":{"allow":["GET"]}}],"collection":[{"href":"https:\/\/centrobebe.es\/en\/wp-json\/wp\/v2\/product"}],"about":[{"href":"https:\/\/centrobebe.es\/en\/wp-json\/wp\/v2\/types\/product"}],"version-history":[{"count":5,"href":"https:\/\/centrobebe.es\/en\/wp-json\/wp\/v2\/product\/53247\/revisions"}],"predecessor-version":[{"id":59001,"href":"https:\/\/centrobebe.es\/en\/wp-json\/wp\/v2\/product\/53247\/revisions\/59001"}],"wp:featuredmedia":[{"embeddable":true,"href":"https:\/\/centrobebe.es\/en\/wp-json\/wp\/v2\/media\/56544"}],"wp:attachment":[{"href":"https:\/\/centrobebe.es\/en\/wp-json\/wp\/v2\/media?parent=53247"}],"wp:term":[{"taxonomy":"pwb-brand","embeddable":true,"href":"https:\/\/centrobebe.es\/en\/wp-json\/wp\/v2\/pwb-brand?post=53247"},{"taxonomy":"product_cat","embeddable":true,"href":"https:\/\/centrobebe.es\/en\/wp-json\/wp\/v2\/product_cat?post=53247"},{"taxonomy":"product_tag","embeddable":true,"href":"https:\/\/centrobebe.es\/en\/wp-json\/wp\/v2\/product_tag?post=53247"}],"curies":[{"name":"wp","href":"https:\/\/api.w.org\/{rel}","templated":true}]}}