{"id":53286,"date":"2024-12-20T17:04:09","date_gmt":"2024-12-20T17:04:09","guid":{"rendered":"https:\/\/centrobebe.es\/?post_type=product&#038;p=53286"},"modified":"2025-10-13T00:04:19","modified_gmt":"2025-10-13T00:04:19","slug":"silla-gemelar-jane-twinside","status":"publish","type":"product","link":"https:\/\/centrobebe.es\/en\/shop\/centrobebe\/cochecitos-y-sillas-de-paseo-de-bebe\/carritos-sillitas-gemelares\/silla-gemelar-jane-twinside\/","title":{"rendered":"Silla Gemelar Jane TwinSide"},"content":{"rendered":"<h1>Silla Gemelar Jane TwinSide<\/h1>\n<p>La silla gemelar Jane de paseo Twinside se presenta con chasis de aluminio ligero y un plegado compacto. La silla gemelar de Jane, incluye una cestilla de 25 litros de capacidad y 4 kg de peso y un manillar cerrado con tacto agradable. Posee suspensi\u00f3n en las 4 ruedas para que amortig\u00fce cualquier irregularidad y los paseos sean m\u00e1s comodos.<\/p>\n<p><strong>Silla de Paseo Jan\u00e9 TwinSide \u2013 Comodidad y Versatilidad para Tus Gemelos o Hermanos<\/strong><\/p>\n<p>Descubre la <strong>Jan\u00e9 TwinSide<\/strong>, la silla de paseo dise\u00f1ada para familias pr\u00e1cticas que buscan comodidad, seguridad y estilo en un solo producto. Ideal para gemelos o hermanos de edades similares, este modelo destaca por su dise\u00f1o compacto y funcional.<\/p>\n<p><strong>Caracter\u00edsticas principales:<\/strong><\/p>\n<ul>\n<li><strong>Dise\u00f1o ultraligero y compacto<\/strong>: Perfecto para pasear en espacios reducidos o transportarla f\u00e1cilmente.<\/li>\n<li><strong>Asientos independientes y reclinables<\/strong>: Garantizan el confort de cada ni\u00f1o con m\u00faltiples posiciones ajustables.<\/li>\n<li><strong>Capotas extensibles XL<\/strong>: Protecci\u00f3n solar UPF 50+, transpirable repelente del agua y protege del viento, para cuidar la piel de los peque\u00f1os con ventana con rejilla superior para favorecer la ventilaci\u00f3n y poder oberserva al peque.<\/li>\n<li><strong>Chasis de aluminio resistente<\/strong>: Ligero y duradero, ideal para el uso diario.<\/li>\n<li><strong>Suspensi\u00f3n en las ruedas<\/strong>: Paseos suaves en cualquier terreno.<\/li>\n<li><strong>Manillar de PU LEAHTE con mando de plegado<\/strong>: Facilita la conducci\u00f3n con una sola mano.<\/li>\n<li><strong>Cesta amplia<\/strong>: Espacio extra para llevar todo lo necesario en tus salidas.<\/li>\n<li><strong>Plegado\u00a0 f\u00e1cil y compacto<\/strong> con una sola mano.<\/li>\n<li><strong>Freno de pie<\/strong><\/li>\n<li><strong>Reposapi\u00e9s independientes<\/strong> ajustables<\/li>\n<li><strong>Arn\u00e9s de 5 puntos<\/strong> par los dos beb\u00e9s.<\/li>\n<li><strong>Ruedas traseras extrabiles<\/strong><\/li>\n<li><strong>Ruedas delanteras<\/strong> bolqueables y extraibles<\/li>\n<li><strong>Respaldo multiposiciones a<\/strong>justable<\/li>\n<li><strong>Incluye<\/strong> burbuja de lluvia cestilla prta objetos y barras protectoras articulabeles.<\/li>\n<\/ul>\n<p><strong>Por qu\u00e9 elegir la Jan\u00e9 TwinSide:<\/strong><br \/>\nEste modelo combina funcionalidad con un dise\u00f1o moderno y pr\u00e1ctico. Ya sea para paseos urbanos o escapadas al aire libre, la Jan\u00e9 TwinSide te ofrece todo lo que necesitas para disfrutar al m\u00e1ximo junto a tus peque\u00f1os.<\/p>\n<p><strong>Elige calidad, dise\u00f1o y practicidad con Jan\u00e9 TwinSide.<\/strong> \u00a1Haz que cada paseo sea inolvidable!<\/p>\n<h2>Silla Gemelar Jan\u00e9 Medidas<\/h2>\n<ul>\n<li>Abierto: 78x88x105cm<\/li>\n<li>Cerrado: 78x60x30cm<\/li>\n<li>Peso: 12.95kg<\/li>\n<li>Homologaci\u00f3n desde 0-15kg por ni\u00f1o<\/li>\n<\/ul>\n<p>Si necesitas informaci\u00f3n sobre la silla gemelar Jane de paseo TwinSide , no dudes en ponerte en contacto con Centrobeb\u00e9. Estaremos encantados de ayudarte y aconsejarte sobre los productos que son m\u00e1s beneficiarios para ti y sobretodo para tu beb\u00e9.<\/p>\n<p>En nuestro cat\u00e1logo disponemos de una gran selecci\u00f3n de <a href=\"https:\/\/centrobebe.es\/en\/product-category\/centrobebe\/cochecitos-y-sillas-de-paseo-de-bebe\/carritos-sillitas-gemelares\/\">sillas gemelar<\/a>, con caracter\u00edsticas diferentes. Podr\u00e1s elegir entre varias la que m\u00e1s te guste y vaya m\u00e1s acorde con tus necesidades. Contamos con las mejores marcas del mercado, al mejor precio garantizado. \u00bfA qu\u00e9 esperas para hacerte con tu silla gemelar?<\/p>\n<p>Nuestra gran prioridad es la comodidad y seguridad de nuestros peque\u00f1os. Podr\u00e1s disfrutar del paseo junto a tus beb\u00e9s de forma tranquila y segura. Adem\u00e1s, Centrobeb\u00e9 te da la opci\u00f3n de poder financiar tu compra online. \u00a1De forma f\u00e1cil y sencilla!<\/p>","protected":false},"excerpt":{"rendered":"<p>La nueva silla gemelar Jane de paseo Twinside . Silla gemelar ligera y robusta, Puedes equiparla con capazos Smart. Financia ahora online la silla gemelar Jane.<\/p>","protected":false},"featured_media":53287,"template":"","meta":[],"pwb-brand":[385],"product_cat":[156],"product_tag":[],"class_list":{"0":"post-53286","1":"product","2":"type-product","3":"status-publish","4":"has-post-thumbnail","6":"pwb-brand-jane","7":"product_cat-carritos-sillitas-gemelares","8":"pa_color-azul-lago","9":"pa_color-azul","10":"pa_color-black","11":"pa_color-negro","12":"tm-has-options","14":"first","15":"instock","16":"taxable","17":"shipping-taxable","18":"purchasable","19":"product-type-simple"},"yoast_head":"<!-- This site is optimized with the Yoast SEO plugin v26.9 - https:\/\/yoast.com\/product\/yoast-seo-wordpress\/ -->\n<title>Silla gemelar Jane paseo TwinSide - Al mejor precio - Centrobeb\u00e9<\/title>\n<meta name=\"description\" content=\"La nueva silla gemelar Jane de paseo TwinSide . Silla gemelar ligera y robusta, Puedes equiparla con capazos Smart. Financia la silla gemelar Jane ahora\" \/>\n<meta name=\"robots\" content=\"index, follow, max-snippet:-1, max-image-preview:large, max-video-preview:-1\" \/>\n<link rel=\"canonical\" href=\"https:\/\/centrobebe.es\/en\/shop\/centrobebe\/cochecitos-y-sillas-de-paseo-de-bebe\/carritos-sillitas-gemelares\/silla-gemelar-jane-twinside\/\" \/>\n<meta property=\"og:locale\" content=\"en_GB\" \/>\n<meta property=\"og:type\" content=\"article\" \/>\n<meta property=\"og:title\" content=\"Silla gemelar Jane paseo TwinSide - Al mejor precio - Centrobeb\u00e9\" \/>\n<meta property=\"og:description\" content=\"La nueva silla gemelar Jane de paseo TwinSide . Silla gemelar ligera y robusta, Puedes equiparla con capazos Smart. Financia la silla gemelar Jane ahora\" \/>\n<meta property=\"og:url\" content=\"https:\/\/centrobebe.es\/en\/shop\/centrobebe\/cochecitos-y-sillas-de-paseo-de-bebe\/carritos-sillitas-gemelares\/silla-gemelar-jane-twinside\/\" \/>\n<meta property=\"og:site_name\" content=\"Centrobeb\u00e9\" \/>\n<meta property=\"article:publisher\" content=\"https:\/\/www.facebook.com\/centrobebe\/\" \/>\n<meta property=\"article:modified_time\" content=\"2025-10-13T00:04:19+00:00\" \/>\n<meta property=\"og:image\" content=\"https:\/\/centrobebe.es\/wp-content\/uploads\/2024\/12\/5724_U82_twinside_coal_1-Copiar.jpg\" \/>\n\t<meta property=\"og:image:width\" content=\"600\" \/>\n\t<meta property=\"og:image:height\" content=\"600\" \/>\n\t<meta property=\"og:image:type\" content=\"image\/jpeg\" \/>\n<meta name=\"twitter:card\" content=\"summary_large_image\" \/>\n<meta name=\"twitter:site\" content=\"@centrobebe\" \/>\n<meta name=\"twitter:label1\" content=\"Estimated reading time\" \/>\n\t<meta name=\"twitter:data1\" content=\"3 minutes\" \/>\n<script type=\"application\/ld+json\" class=\"yoast-schema-graph\">{\"@context\":\"https:\/\/schema.org\",\"@graph\":[{\"@type\":\"WebPage\",\"@id\":\"https:\/\/centrobebe.es\/shop\/centrobebe\/cochecitos-y-sillas-de-paseo-de-bebe\/carritos-sillitas-gemelares\/silla-gemelar-jane-twinside\/\",\"url\":\"https:\/\/centrobebe.es\/shop\/centrobebe\/cochecitos-y-sillas-de-paseo-de-bebe\/carritos-sillitas-gemelares\/silla-gemelar-jane-twinside\/\",\"name\":\"Silla gemelar Jane paseo TwinSide - Al mejor precio - Centrobeb\u00e9\",\"isPartOf\":{\"@id\":\"https:\/\/centrobebe.es\/#website\"},\"primaryImageOfPage\":{\"@id\":\"https:\/\/centrobebe.es\/shop\/centrobebe\/cochecitos-y-sillas-de-paseo-de-bebe\/carritos-sillitas-gemelares\/silla-gemelar-jane-twinside\/#primaryimage\"},\"image\":{\"@id\":\"https:\/\/centrobebe.es\/shop\/centrobebe\/cochecitos-y-sillas-de-paseo-de-bebe\/carritos-sillitas-gemelares\/silla-gemelar-jane-twinside\/#primaryimage\"},\"thumbnailUrl\":\"https:\/\/centrobebe.es\/wp-content\/uploads\/2024\/12\/5724_U82_twinside_coal_1-Copiar.jpg\",\"datePublished\":\"2024-12-20T17:04:09+00:00\",\"dateModified\":\"2025-10-13T00:04:19+00:00\",\"description\":\"La nueva silla gemelar Jane de paseo TwinSide . Silla gemelar ligera y robusta, Puedes equiparla con capazos Smart. Financia la silla gemelar Jane ahora\",\"breadcrumb\":{\"@id\":\"https:\/\/centrobebe.es\/shop\/centrobebe\/cochecitos-y-sillas-de-paseo-de-bebe\/carritos-sillitas-gemelares\/silla-gemelar-jane-twinside\/#breadcrumb\"},\"inLanguage\":\"en-GB\",\"potentialAction\":[{\"@type\":\"ReadAction\",\"target\":[\"https:\/\/centrobebe.es\/shop\/centrobebe\/cochecitos-y-sillas-de-paseo-de-bebe\/carritos-sillitas-gemelares\/silla-gemelar-jane-twinside\/\"]}]},{\"@type\":\"ImageObject\",\"inLanguage\":\"en-GB\",\"@id\":\"https:\/\/centrobebe.es\/shop\/centrobebe\/cochecitos-y-sillas-de-paseo-de-bebe\/carritos-sillitas-gemelares\/silla-gemelar-jane-twinside\/#primaryimage\",\"url\":\"https:\/\/centrobebe.es\/wp-content\/uploads\/2024\/12\/5724_U82_twinside_coal_1-Copiar.jpg\",\"contentUrl\":\"https:\/\/centrobebe.es\/wp-content\/uploads\/2024\/12\/5724_U82_twinside_coal_1-Copiar.jpg\",\"width\":600,\"height\":600,\"caption\":\"silla paseo gemelar jane twinside\"},{\"@type\":\"BreadcrumbList\",\"@id\":\"https:\/\/centrobebe.es\/shop\/centrobebe\/cochecitos-y-sillas-de-paseo-de-bebe\/carritos-sillitas-gemelares\/silla-gemelar-jane-twinside\/#breadcrumb\",\"itemListElement\":[{\"@type\":\"ListItem\",\"position\":1,\"name\":\"Portada\",\"item\":\"https:\/\/centrobebe.es\/\"},{\"@type\":\"ListItem\",\"position\":2,\"name\":\"Shop\",\"item\":\"https:\/\/centrobebe.es\/shop\/\"},{\"@type\":\"ListItem\",\"position\":3,\"name\":\"Silla Gemelar Jane TwinSide\"}]},{\"@type\":\"WebSite\",\"@id\":\"https:\/\/centrobebe.es\/#website\",\"url\":\"https:\/\/centrobebe.es\/\",\"name\":\"Centrobeb\u00e9\",\"description\":\"Tienda de bebe online | Todo lo que tu bebe necesita\",\"publisher\":{\"@id\":\"https:\/\/centrobebe.es\/#organization\"},\"alternateName\":\"Centrobeb\u00e9\",\"potentialAction\":[{\"@type\":\"SearchAction\",\"target\":{\"@type\":\"EntryPoint\",\"urlTemplate\":\"https:\/\/centrobebe.es\/?s={search_term_string}\"},\"query-input\":{\"@type\":\"PropertyValueSpecification\",\"valueRequired\":true,\"valueName\":\"search_term_string\"}}],\"inLanguage\":\"en-GB\"},{\"@type\":\"Organization\",\"@id\":\"https:\/\/centrobebe.es\/#organization\",\"name\":\"Centrobebe\",\"alternateName\":\"Centrobebe\",\"url\":\"https:\/\/centrobebe.es\/\",\"logo\":{\"@type\":\"ImageObject\",\"inLanguage\":\"en-GB\",\"@id\":\"https:\/\/centrobebe.es\/#\/schema\/logo\/image\/\",\"url\":\"https:\/\/centrobebe.es\/wp-content\/uploads\/2018\/06\/icono3-e1557940133982.png\",\"contentUrl\":\"https:\/\/centrobebe.es\/wp-content\/uploads\/2018\/06\/icono3-e1557940133982.png\",\"width\":34,\"height\":29,\"caption\":\"Centrobebe\"},\"image\":{\"@id\":\"https:\/\/centrobebe.es\/#\/schema\/logo\/image\/\"},\"sameAs\":[\"https:\/\/www.facebook.com\/centrobebe\/\",\"https:\/\/x.com\/centrobebe\",\"https:\/\/www.instagram.com\/centrobebe.es\/\",\"https:\/\/www.youtube.com\/channel\/UCVU-jcFuwntnxOhxvSbf3hg\"]}]}<\/script>\n<!-- \/ Yoast SEO plugin. -->","yoast_head_json":{"title":"Silla gemelar Jane paseo TwinSide - Al mejor precio - Centrobeb\u00e9","description":"La nueva silla gemelar Jane de paseo TwinSide . Silla gemelar ligera y robusta, Puedes equiparla con capazos Smart. Financia la silla gemelar Jane ahora","robots":{"index":"index","follow":"follow","max-snippet":"max-snippet:-1","max-image-preview":"max-image-preview:large","max-video-preview":"max-video-preview:-1"},"canonical":"https:\/\/centrobebe.es\/en\/shop\/centrobebe\/cochecitos-y-sillas-de-paseo-de-bebe\/carritos-sillitas-gemelares\/silla-gemelar-jane-twinside\/","og_locale":"en_GB","og_type":"article","og_title":"Silla gemelar Jane paseo TwinSide - Al mejor precio - Centrobeb\u00e9","og_description":"La nueva silla gemelar Jane de paseo TwinSide . Silla gemelar ligera y robusta, Puedes equiparla con capazos Smart. Financia la silla gemelar Jane ahora","og_url":"https:\/\/centrobebe.es\/en\/shop\/centrobebe\/cochecitos-y-sillas-de-paseo-de-bebe\/carritos-sillitas-gemelares\/silla-gemelar-jane-twinside\/","og_site_name":"Centrobeb\u00e9","article_publisher":"https:\/\/www.facebook.com\/centrobebe\/","article_modified_time":"2025-10-13T00:04:19+00:00","og_image":[{"width":600,"height":600,"url":"https:\/\/centrobebe.es\/wp-content\/uploads\/2024\/12\/5724_U82_twinside_coal_1-Copiar.jpg","type":"image\/jpeg"}],"twitter_card":"summary_large_image","twitter_site":"@centrobebe","twitter_misc":{"Estimated reading time":"3 minutes"},"schema":{"@context":"https:\/\/schema.org","@graph":[{"@type":"WebPage","@id":"https:\/\/centrobebe.es\/shop\/centrobebe\/cochecitos-y-sillas-de-paseo-de-bebe\/carritos-sillitas-gemelares\/silla-gemelar-jane-twinside\/","url":"https:\/\/centrobebe.es\/shop\/centrobebe\/cochecitos-y-sillas-de-paseo-de-bebe\/carritos-sillitas-gemelares\/silla-gemelar-jane-twinside\/","name":"Silla gemelar Jane paseo TwinSide - Al mejor precio - Centrobeb\u00e9","isPartOf":{"@id":"https:\/\/centrobebe.es\/#website"},"primaryImageOfPage":{"@id":"https:\/\/centrobebe.es\/shop\/centrobebe\/cochecitos-y-sillas-de-paseo-de-bebe\/carritos-sillitas-gemelares\/silla-gemelar-jane-twinside\/#primaryimage"},"image":{"@id":"https:\/\/centrobebe.es\/shop\/centrobebe\/cochecitos-y-sillas-de-paseo-de-bebe\/carritos-sillitas-gemelares\/silla-gemelar-jane-twinside\/#primaryimage"},"thumbnailUrl":"https:\/\/centrobebe.es\/wp-content\/uploads\/2024\/12\/5724_U82_twinside_coal_1-Copiar.jpg","datePublished":"2024-12-20T17:04:09+00:00","dateModified":"2025-10-13T00:04:19+00:00","description":"La nueva silla gemelar Jane de paseo TwinSide . Silla gemelar ligera y robusta, Puedes equiparla con capazos Smart. Financia la silla gemelar Jane ahora","breadcrumb":{"@id":"https:\/\/centrobebe.es\/shop\/centrobebe\/cochecitos-y-sillas-de-paseo-de-bebe\/carritos-sillitas-gemelares\/silla-gemelar-jane-twinside\/#breadcrumb"},"inLanguage":"en-GB","potentialAction":[{"@type":"ReadAction","target":["https:\/\/centrobebe.es\/shop\/centrobebe\/cochecitos-y-sillas-de-paseo-de-bebe\/carritos-sillitas-gemelares\/silla-gemelar-jane-twinside\/"]}]},{"@type":"ImageObject","inLanguage":"en-GB","@id":"https:\/\/centrobebe.es\/shop\/centrobebe\/cochecitos-y-sillas-de-paseo-de-bebe\/carritos-sillitas-gemelares\/silla-gemelar-jane-twinside\/#primaryimage","url":"https:\/\/centrobebe.es\/wp-content\/uploads\/2024\/12\/5724_U82_twinside_coal_1-Copiar.jpg","contentUrl":"https:\/\/centrobebe.es\/wp-content\/uploads\/2024\/12\/5724_U82_twinside_coal_1-Copiar.jpg","width":600,"height":600,"caption":"silla paseo gemelar jane twinside"},{"@type":"BreadcrumbList","@id":"https:\/\/centrobebe.es\/shop\/centrobebe\/cochecitos-y-sillas-de-paseo-de-bebe\/carritos-sillitas-gemelares\/silla-gemelar-jane-twinside\/#breadcrumb","itemListElement":[{"@type":"ListItem","position":1,"name":"Portada","item":"https:\/\/centrobebe.es\/"},{"@type":"ListItem","position":2,"name":"Shop","item":"https:\/\/centrobebe.es\/shop\/"},{"@type":"ListItem","position":3,"name":"Silla Gemelar Jane TwinSide"}]},{"@type":"WebSite","@id":"https:\/\/centrobebe.es\/#website","url":"https:\/\/centrobebe.es\/","name":"Centrobeb\u00e9","description":"Tienda de bebe online | Todo lo que tu bebe necesita","publisher":{"@id":"https:\/\/centrobebe.es\/#organization"},"alternateName":"Centrobeb\u00e9","potentialAction":[{"@type":"SearchAction","target":{"@type":"EntryPoint","urlTemplate":"https:\/\/centrobebe.es\/?s={search_term_string}"},"query-input":{"@type":"PropertyValueSpecification","valueRequired":true,"valueName":"search_term_string"}}],"inLanguage":"en-GB"},{"@type":"Organization","@id":"https:\/\/centrobebe.es\/#organization","name":"Centrobebe","alternateName":"Centrobebe","url":"https:\/\/centrobebe.es\/","logo":{"@type":"ImageObject","inLanguage":"en-GB","@id":"https:\/\/centrobebe.es\/#\/schema\/logo\/image\/","url":"https:\/\/centrobebe.es\/wp-content\/uploads\/2018\/06\/icono3-e1557940133982.png","contentUrl":"https:\/\/centrobebe.es\/wp-content\/uploads\/2018\/06\/icono3-e1557940133982.png","width":34,"height":29,"caption":"Centrobebe"},"image":{"@id":"https:\/\/centrobebe.es\/#\/schema\/logo\/image\/"},"sameAs":["https:\/\/www.facebook.com\/centrobebe\/","https:\/\/x.com\/centrobebe","https:\/\/www.instagram.com\/centrobebe.es\/","https:\/\/www.youtube.com\/channel\/UCVU-jcFuwntnxOhxvSbf3hg"]}]}},"brands":[{"id":385,"name":"Jane","slug":"jane"}],"_links":{"self":[{"href":"https:\/\/centrobebe.es\/en\/wp-json\/wp\/v2\/product\/53286","targetHints":{"allow":["GET"]}}],"collection":[{"href":"https:\/\/centrobebe.es\/en\/wp-json\/wp\/v2\/product"}],"about":[{"href":"https:\/\/centrobebe.es\/en\/wp-json\/wp\/v2\/types\/product"}],"version-history":[{"count":2,"href":"https:\/\/centrobebe.es\/en\/wp-json\/wp\/v2\/product\/53286\/revisions"}],"predecessor-version":[{"id":56331,"href":"https:\/\/centrobebe.es\/en\/wp-json\/wp\/v2\/product\/53286\/revisions\/56331"}],"wp:featuredmedia":[{"embeddable":true,"href":"https:\/\/centrobebe.es\/en\/wp-json\/wp\/v2\/media\/53287"}],"wp:attachment":[{"href":"https:\/\/centrobebe.es\/en\/wp-json\/wp\/v2\/media?parent=53286"}],"wp:term":[{"taxonomy":"pwb-brand","embeddable":true,"href":"https:\/\/centrobebe.es\/en\/wp-json\/wp\/v2\/pwb-brand?post=53286"},{"taxonomy":"product_cat","embeddable":true,"href":"https:\/\/centrobebe.es\/en\/wp-json\/wp\/v2\/product_cat?post=53286"},{"taxonomy":"product_tag","embeddable":true,"href":"https:\/\/centrobebe.es\/en\/wp-json\/wp\/v2\/product_tag?post=53286"}],"curies":[{"name":"wp","href":"https:\/\/api.w.org\/{rel}","templated":true}]}}