{"id":53369,"date":"2024-12-28T11:24:13","date_gmt":"2024-12-28T11:24:13","guid":{"rendered":"https:\/\/centrobebe.es\/?post_type=product&#038;p=53369"},"modified":"2024-12-28T12:52:17","modified_gmt":"2024-12-28T12:52:17","slug":"cochecito-bebe-muuvo-quick-boho","status":"publish","type":"product","link":"https:\/\/centrobebe.es\/en\/shop\/centrobebe\/cochecitos-y-sillas-de-paseo-de-bebe\/cochecitos-bebe\/cochecitos-dos-piezas\/cochecito-bebe-muuvo-quick-boho\/","title":{"rendered":"Cochecito bebe Muuvo Quick Boho Dos Piezas (opci\u00f3n 3 piezas)"},"content":{"rendered":"<h1>Coche Muuvo Quick Boho Edici\u00f3n Limitada<\/h1>\n<div>\n<p>Muuvo Quick BOHO, hecho para marcar la diferencia, tiene chasis color champagne y un excluivo tejido impermeable que le convierten en una obra de arte.<\/p>\n<p>Con un bolso estilo Boho y complementos excluisvos, Quick Boho es un carro perfecto para los que\u00a0 adoran la exclusividad.<\/p>\n<p>El chasis de Muuvo Quick Boho est\u00e1 fabricado en aluminio reforzado, lo que lo convierte en un chasis ultraligero pero muy resistente. Homologado de 0 a 22 kg y con una cesta de 3kg, Muuvo est\u00e1 listo para todo.<\/p>\n<p>Descubre el carro Muuvo Quick Boho Edici\u00f3n Limitada, un carrito de beb\u00e9 de lujo, fabricado con materiales premium, con un elegante chasis color champagne y un bolso Boho que destila clase, su dise\u00f1o compacto facilita su plegado y sus detalles come el manillar en ecopiel perforada aportan un toque \u00fanico.<\/p>\n<p>Incluye un bolso con monedero, dos cestas inferiores, saco y mucho mas.<\/p>\n<\/div>\n<p>&nbsp;<\/p>\n<p><img fetchpriority=\"high\" decoding=\"async\" class=\"aligncenter wp-image-53374 size-large\" src=\"https:\/\/centrobebe.es\/wp-content\/uploads\/2024\/12\/Muuvo_QuickBOHO_Beige_5-787x590.jpg\" alt=\"muuvo quick boho\" width=\"787\" height=\"590\" srcset=\"https:\/\/centrobebe.es\/wp-content\/uploads\/2024\/12\/Muuvo_QuickBOHO_Beige_5-787x590.jpg 787w, https:\/\/centrobebe.es\/wp-content\/uploads\/2024\/12\/Muuvo_QuickBOHO_Beige_5.jpg 1200w\" sizes=\"(max-width: 787px) 100vw, 787px\" \/><\/p>\n<p>&nbsp;<\/p>\n<p><iframe title=\"Muuvo Quick Boho Edici\u00f3n Limitada #muuvo #baby #beb\u00e9 #beb\u00e9 #unboxing #carricoche\" src=\"https:\/\/www.youtube.com\/embed\/56q3mwwW494\" width=\"1903\" height=\"1070\" frameborder=\"0\" allowfullscreen=\"allowfullscreen\"><\/iframe><\/p>\n<p>&nbsp;<\/p>\n<h2>Chasis<\/h2>\n<p>El chasis de Muuvo Quick Boho est\u00e1 fabricado en aluminio reforzado, lo que lo convierte en un chasis ultraligero pero muy resistente.\u00a0<strong>Homologado de 0 a 22 kg<\/strong>\u00a0y con una cesta de 3kg, Muuvo est\u00e1 listo para todo. Adem\u00e1s, su acabado cepillado con un toque de color champagne lo hace destacar.<\/p>\n<p><strong>Ruedas de gel de 20,2 cm y 29,3 cm<\/strong>: La comodidad durante los paseos est\u00e1 garantizada con sus ruedas de gel y sus\u00a0<strong>rodamientos Easy-Roll<\/strong>. La misma comodidad que una rueda hinchable \u00a1pero sin pinchazos!<\/p>\n<p>El nuevo sistema de bloqueo delantero es m\u00e1s f\u00e1cil que nunca.<\/p>\n<p>Las ruedas de gran tama\u00f1o y el eje elevado lo hacen\u00a0<strong>perfecto para todo tipo de terrenos<\/strong>.<\/p>\n<p>La\u00a0<strong>cesta de Muuvo Quick Boho<\/strong>\u00a0viene cerrada y es a\u00fan m\u00e1s espaciosa y accesible desde cualquier posici\u00f3n, y si a\u00fan necesitas m\u00e1s espacio puedes levantar la solapa delantera. Adem\u00e1s, cuenta con una\u00a0<strong>cesta extra en color negro<\/strong>\u00a0para sustituirla mientras lavas tu cesta a juego.<\/p>\n<p><strong>Manillar telesc\u00f3pico<\/strong>: Ajusta tu altura y pasea c\u00f3modamente.<\/p>\n<p><strong>Plegado ultracompacto<\/strong>: Quick Boho se pliega con un movimiento con la silla instalada en ambas direcciones, y puedes llevar tu carrito con una c\u00f3moda asa al hombro. Adem\u00e1s,\u00a0<strong>cabe en maleteros peque\u00f1os\u00a0<\/strong>para acompa\u00f1arte en todos tus viajes.<\/p>\n<h2>Capazo:<\/h2>\n<p>Apto\u00a0<strong>desde +0m hasta 9 kg<\/strong>.<\/p>\n<p><strong>Doble altura<\/strong>: El capazo Muuvo puede ser instalado a doble altura, para llegar a todos los miembros de la familia.<\/p>\n<p><strong>3D Airflow<\/strong>: El innovador sistema de ventilaci\u00f3n de tres puntos proporcionar\u00e1 ventilaci\u00f3n incluso en los d\u00edas m\u00e1s calurosos.<\/p>\n<p><strong>UPF +50 e impermeable<\/strong>: Muuvo incluye burbuja de lluvia para tu capazo, \u00a1pero su tejido tambi\u00e9n es impermeable! Adem\u00e1s, tiene protecci\u00f3n solar UPF+ 50 que bloquea el 99% de los rayos UVA.<\/p>\n<p><strong>Memory Foam:<\/strong>\u00a0El colch\u00f3n del capazo es de espuma viscoel\u00e1stica superc\u00f3moda que se ajusta perfectamente a tu peque\u00f1o en las primeras etapas de su desarrollo. Adem\u00e1s, Boho incorpora una peque\u00f1a\u00a0<strong>inclinaci\u00f3n Anti-reflujos<\/strong>.<\/p>\n<p><strong>Botones Memory<\/strong>: Instala y desinstala el colch\u00f3n con facilidad con los botones Memory.<\/p>\n<p><strong>Mosquitera Pocket:<\/strong>\u00a0La mosquitera est\u00e1 oculta en la capota. \u00a1S\u00f3lo tienes que extenderla y ajustarla!<\/p>\n<p>Sunshade : Muuvo Quick Boho incluye una\u00a0<strong>visera protector solar UPF +50<\/strong>\u00a0ajustable a la capota.<\/p>\n<h2>Silla:<\/h2>\n<p>La nueva silla Muuvo Quick Boho est\u00e1 repleta de sorpresas. Con un<strong>\u00a0tejido superestructurado deluxe\u00a0<\/strong>con protecci\u00f3n solar e impermeable, ofrece caracter\u00edsticas incomparables.<\/p>\n<p>Apto\u00a0<strong>desde +0m hasta 22 kg<\/strong>.<\/p>\n<p><strong>Capota Evolutiva Up to You<\/strong>: La capota evolutiva Muuvo se activa con un sencillo movimiento desde el panel trasero de PV perforado, haciendo que la silla crezca con tu peque.<\/p>\n<p><strong>Arn\u00e9s magn\u00e9tico<\/strong>: No m\u00e1s problemas para sentar a tu beb\u00e9: con el arn\u00e9s magn\u00e9tico, es m\u00e1s f\u00e1cil que nunca con una sola mano.<\/p>\n<p><strong>Reposapies en ecopiel:<\/strong>\u00a0Su reposapies en ecopiel es perfecto para evitar roces de los zapatos y para su limpieza, alargando la vida de tu carrito Muuvo.<\/p>\n<p><strong>Respaldo PV termost\u00e1tico y ventilado<\/strong>: super resistente y anticondensaci\u00f3n.<\/p>\n<div>\n<p>&nbsp;<\/p>\n<h2>Medidas<\/h2>\n<p>Chasis Peso: 7,25 kg<br \/>\nChasis Plegado: 58 x 59 x 33 cm<br \/>\nCapazo medidas externas: 87 x 44 cm<br \/>\nCapazo medidas internas: 79,5 x 35 cm<br \/>\nAsiento: 4,2 kg.<br \/>\nAsiento medidas: Respaldo 50 cm Ancho 33 Reclinado 90 cm<br \/>\nManillar altura: 96-105 cm<br \/>\nPeso con capazo: 11,25 kg<br \/>\nPeso con silla: 11,45 kg<\/p>\n<\/div>\n<div><\/div>\n<h2>Incluye<\/h2>\n<div>\n<ul>\n<li>Chasis con cesto y ruedas<\/li>\n<li>Adaptadores doble altura para el capazo<\/li>\n<li>Capazo con colch\u00f3n Memory Foam y mosquitera integrada<\/li>\n<li>Asiento completo con barra delantera<\/li>\n<li>Saco para silla con colchoneta desmontable y reversible<\/li>\n<li>Dos cestas inferiores intercambiables<\/li>\n<li>Burbuja para silla y capazo<\/li>\n<li>Mosquitera para silla<\/li>\n<li>Mosquitera para capazo<\/li>\n<li>Sunshade protector solar para capazo<\/li>\n<li>Bolso deluxe con cintas regulables para colgar y monedero<\/li>\n<\/ul>\n<\/div>\n<div><\/div>\n<div><\/div>\n<div><\/div>\n<div>\n<div>En Centrobebe disponemos de una amplia variedad de <a href=\"https:\/\/centrobebe.es\/en\/product-category\/centrobebe\/cochecitos-y-sillas-de-paseo-de-bebe\/sillas-de-paseo-ligeras-baratas\/\">sillas de paseo<\/a> baratas de las principales marcas del mercado que garantizan la calidad y la asistencia t\u00e9cnica ante cualquier incidencia. Encuentra la m\u00e1s acorde con tus necesidades.<\/div>\n<div><\/div>\n<p>Si necesitas m\u00e1s informaci\u00f3n sobre los productos para beb\u00e9s, no dudes en ponerte en contacto con nuestro equipo de profesionales. Estaremos encantados de ayudarte y aconsejarte sobre los beneficios que te aporta cada producto.<\/p>\n<\/div>","protected":false},"excerpt":{"rendered":"<p>Descubre el Carro Muuvo Quick Boho Edici\u00f3n Limitada. Un carrito de beb\u00e9 de lujo, fabricado con materiales premium, con un elegante chasis color champagne y un bolso Boho que destila clase. Su dise\u00f1o compacto facilita su plegado, y sus detalles como el manillar en ecopiel perforada aportan un toque \u00fanico. \u00a1Vive la experiencia llena de lujo que s\u00f3lo Muuvo Quick Boho puede ofrecerte.<\/p>\n<p>Incluye capazo, silla y accesorios.<\/p>","protected":false},"featured_media":53376,"template":"","meta":[],"pwb-brand":[664],"product_cat":[585],"product_tag":[],"class_list":{"0":"post-53369","1":"product","2":"type-product","3":"status-publish","4":"has-post-thumbnail","6":"pwb-brand-muuvo","7":"product_cat-cochecitos-dos-piezas","8":"pa_color-azul-lago","9":"pa_color-gris","10":"pa_color-negro","11":"pa_color-negro-2","12":"tm-has-options","14":"first","15":"instock","16":"taxable","17":"shipping-taxable","18":"purchasable","19":"product-type-simple"},"yoast_head":"<!-- This site is optimized with the Yoast SEO plugin v26.9 - https:\/\/yoast.com\/product\/yoast-seo-wordpress\/ -->\n<title>Coche Muuvo Quick BOHO - Edicion Limitada - Centrobeb\u00e9<\/title>\n<meta name=\"description\" content=\"Muuvo Quick BOBHO, con un dise\u00f1o impresionante,muy c\u00f3modo y f\u00e1cil de plegar con una sola mano incluso con la hamaca instalada.\" \/>\n<meta name=\"robots\" content=\"index, follow, max-snippet:-1, max-image-preview:large, max-video-preview:-1\" \/>\n<link rel=\"canonical\" href=\"https:\/\/centrobebe.es\/en\/shop\/centrobebe\/cochecitos-y-sillas-de-paseo-de-bebe\/cochecitos-bebe\/cochecitos-dos-piezas\/cochecito-bebe-muuvo-quick-boho\/\" \/>\n<meta property=\"og:locale\" content=\"en_GB\" \/>\n<meta property=\"og:type\" content=\"article\" \/>\n<meta property=\"og:title\" content=\"Coche Muuvo Quick BOHO - Edicion Limitada - Centrobeb\u00e9\" \/>\n<meta property=\"og:description\" content=\"Muuvo Quick BOBHO, con un dise\u00f1o impresionante,muy c\u00f3modo y f\u00e1cil de plegar con una sola mano incluso con la hamaca instalada.\" \/>\n<meta property=\"og:url\" content=\"https:\/\/centrobebe.es\/en\/shop\/centrobebe\/cochecitos-y-sillas-de-paseo-de-bebe\/cochecitos-bebe\/cochecitos-dos-piezas\/cochecito-bebe-muuvo-quick-boho\/\" \/>\n<meta property=\"og:site_name\" content=\"Centrobeb\u00e9\" \/>\n<meta property=\"article:publisher\" content=\"https:\/\/www.facebook.com\/centrobebe\/\" \/>\n<meta property=\"article:modified_time\" content=\"2024-12-28T12:52:17+00:00\" \/>\n<meta property=\"og:image\" content=\"https:\/\/centrobebe.es\/wp-content\/uploads\/2024\/12\/Muuvo_Quick_BOHO_MOOD-3.png\" \/>\n\t<meta property=\"og:image:width\" content=\"1052\" \/>\n\t<meta property=\"og:image:height\" content=\"1051\" \/>\n\t<meta property=\"og:image:type\" content=\"image\/png\" \/>\n<meta name=\"twitter:card\" content=\"summary_large_image\" \/>\n<meta name=\"twitter:site\" content=\"@centrobebe\" \/>\n<meta name=\"twitter:label1\" content=\"Estimated reading time\" \/>\n\t<meta name=\"twitter:data1\" content=\"5 minutes\" \/>\n<script type=\"application\/ld+json\" class=\"yoast-schema-graph\">{\"@context\":\"https:\/\/schema.org\",\"@graph\":[{\"@type\":\"WebPage\",\"@id\":\"https:\/\/centrobebe.es\/shop\/centrobebe\/cochecitos-y-sillas-de-paseo-de-bebe\/cochecitos-bebe\/cochecitos-dos-piezas\/cochecito-bebe-muuvo-quick-boho\/\",\"url\":\"https:\/\/centrobebe.es\/shop\/centrobebe\/cochecitos-y-sillas-de-paseo-de-bebe\/cochecitos-bebe\/cochecitos-dos-piezas\/cochecito-bebe-muuvo-quick-boho\/\",\"name\":\"Coche Muuvo Quick BOHO - Edicion Limitada - Centrobeb\u00e9\",\"isPartOf\":{\"@id\":\"https:\/\/centrobebe.es\/#website\"},\"primaryImageOfPage\":{\"@id\":\"https:\/\/centrobebe.es\/shop\/centrobebe\/cochecitos-y-sillas-de-paseo-de-bebe\/cochecitos-bebe\/cochecitos-dos-piezas\/cochecito-bebe-muuvo-quick-boho\/#primaryimage\"},\"image\":{\"@id\":\"https:\/\/centrobebe.es\/shop\/centrobebe\/cochecitos-y-sillas-de-paseo-de-bebe\/cochecitos-bebe\/cochecitos-dos-piezas\/cochecito-bebe-muuvo-quick-boho\/#primaryimage\"},\"thumbnailUrl\":\"https:\/\/centrobebe.es\/wp-content\/uploads\/2024\/12\/Muuvo_Quick_BOHO_MOOD-3.png\",\"datePublished\":\"2024-12-28T11:24:13+00:00\",\"dateModified\":\"2024-12-28T12:52:17+00:00\",\"description\":\"Muuvo Quick BOBHO, con un dise\u00f1o impresionante,muy c\u00f3modo y f\u00e1cil de plegar con una sola mano incluso con la hamaca instalada.\",\"breadcrumb\":{\"@id\":\"https:\/\/centrobebe.es\/shop\/centrobebe\/cochecitos-y-sillas-de-paseo-de-bebe\/cochecitos-bebe\/cochecitos-dos-piezas\/cochecito-bebe-muuvo-quick-boho\/#breadcrumb\"},\"inLanguage\":\"en-GB\",\"potentialAction\":[{\"@type\":\"ReadAction\",\"target\":[\"https:\/\/centrobebe.es\/shop\/centrobebe\/cochecitos-y-sillas-de-paseo-de-bebe\/cochecitos-bebe\/cochecitos-dos-piezas\/cochecito-bebe-muuvo-quick-boho\/\"]}]},{\"@type\":\"ImageObject\",\"inLanguage\":\"en-GB\",\"@id\":\"https:\/\/centrobebe.es\/shop\/centrobebe\/cochecitos-y-sillas-de-paseo-de-bebe\/cochecitos-bebe\/cochecitos-dos-piezas\/cochecito-bebe-muuvo-quick-boho\/#primaryimage\",\"url\":\"https:\/\/centrobebe.es\/wp-content\/uploads\/2024\/12\/Muuvo_Quick_BOHO_MOOD-3.png\",\"contentUrl\":\"https:\/\/centrobebe.es\/wp-content\/uploads\/2024\/12\/Muuvo_Quick_BOHO_MOOD-3.png\",\"width\":1052,\"height\":1051,\"caption\":\"muuvo quick boho\"},{\"@type\":\"BreadcrumbList\",\"@id\":\"https:\/\/centrobebe.es\/shop\/centrobebe\/cochecitos-y-sillas-de-paseo-de-bebe\/cochecitos-bebe\/cochecitos-dos-piezas\/cochecito-bebe-muuvo-quick-boho\/#breadcrumb\",\"itemListElement\":[{\"@type\":\"ListItem\",\"position\":1,\"name\":\"Portada\",\"item\":\"https:\/\/centrobebe.es\/\"},{\"@type\":\"ListItem\",\"position\":2,\"name\":\"Shop\",\"item\":\"https:\/\/centrobebe.es\/shop\/\"},{\"@type\":\"ListItem\",\"position\":3,\"name\":\"Cochecito bebe Muuvo Quick Boho Dos Piezas (opci\u00f3n 3 piezas)\"}]},{\"@type\":\"WebSite\",\"@id\":\"https:\/\/centrobebe.es\/#website\",\"url\":\"https:\/\/centrobebe.es\/\",\"name\":\"Centrobeb\u00e9\",\"description\":\"Tienda de bebe online | Todo lo que tu bebe necesita\",\"publisher\":{\"@id\":\"https:\/\/centrobebe.es\/#organization\"},\"alternateName\":\"Centrobeb\u00e9\",\"potentialAction\":[{\"@type\":\"SearchAction\",\"target\":{\"@type\":\"EntryPoint\",\"urlTemplate\":\"https:\/\/centrobebe.es\/?s={search_term_string}\"},\"query-input\":{\"@type\":\"PropertyValueSpecification\",\"valueRequired\":true,\"valueName\":\"search_term_string\"}}],\"inLanguage\":\"en-GB\"},{\"@type\":\"Organization\",\"@id\":\"https:\/\/centrobebe.es\/#organization\",\"name\":\"Centrobebe\",\"alternateName\":\"Centrobebe\",\"url\":\"https:\/\/centrobebe.es\/\",\"logo\":{\"@type\":\"ImageObject\",\"inLanguage\":\"en-GB\",\"@id\":\"https:\/\/centrobebe.es\/#\/schema\/logo\/image\/\",\"url\":\"https:\/\/centrobebe.es\/wp-content\/uploads\/2018\/06\/icono3-e1557940133982.png\",\"contentUrl\":\"https:\/\/centrobebe.es\/wp-content\/uploads\/2018\/06\/icono3-e1557940133982.png\",\"width\":34,\"height\":29,\"caption\":\"Centrobebe\"},\"image\":{\"@id\":\"https:\/\/centrobebe.es\/#\/schema\/logo\/image\/\"},\"sameAs\":[\"https:\/\/www.facebook.com\/centrobebe\/\",\"https:\/\/x.com\/centrobebe\",\"https:\/\/www.instagram.com\/centrobebe.es\/\",\"https:\/\/www.youtube.com\/channel\/UCVU-jcFuwntnxOhxvSbf3hg\"]}]}<\/script>\n<!-- \/ Yoast SEO plugin. -->","yoast_head_json":{"title":"Coche Muuvo Quick BOHO - Edicion Limitada - Centrobeb\u00e9","description":"Muuvo Quick BOBHO, con un dise\u00f1o impresionante,muy c\u00f3modo y f\u00e1cil de plegar con una sola mano incluso con la hamaca instalada.","robots":{"index":"index","follow":"follow","max-snippet":"max-snippet:-1","max-image-preview":"max-image-preview:large","max-video-preview":"max-video-preview:-1"},"canonical":"https:\/\/centrobebe.es\/en\/shop\/centrobebe\/cochecitos-y-sillas-de-paseo-de-bebe\/cochecitos-bebe\/cochecitos-dos-piezas\/cochecito-bebe-muuvo-quick-boho\/","og_locale":"en_GB","og_type":"article","og_title":"Coche Muuvo Quick BOHO - Edicion Limitada - Centrobeb\u00e9","og_description":"Muuvo Quick BOBHO, con un dise\u00f1o impresionante,muy c\u00f3modo y f\u00e1cil de plegar con una sola mano incluso con la hamaca instalada.","og_url":"https:\/\/centrobebe.es\/en\/shop\/centrobebe\/cochecitos-y-sillas-de-paseo-de-bebe\/cochecitos-bebe\/cochecitos-dos-piezas\/cochecito-bebe-muuvo-quick-boho\/","og_site_name":"Centrobeb\u00e9","article_publisher":"https:\/\/www.facebook.com\/centrobebe\/","article_modified_time":"2024-12-28T12:52:17+00:00","og_image":[{"width":1052,"height":1051,"url":"https:\/\/centrobebe.es\/wp-content\/uploads\/2024\/12\/Muuvo_Quick_BOHO_MOOD-3.png","type":"image\/png"}],"twitter_card":"summary_large_image","twitter_site":"@centrobebe","twitter_misc":{"Estimated reading time":"5 minutes"},"schema":{"@context":"https:\/\/schema.org","@graph":[{"@type":"WebPage","@id":"https:\/\/centrobebe.es\/shop\/centrobebe\/cochecitos-y-sillas-de-paseo-de-bebe\/cochecitos-bebe\/cochecitos-dos-piezas\/cochecito-bebe-muuvo-quick-boho\/","url":"https:\/\/centrobebe.es\/shop\/centrobebe\/cochecitos-y-sillas-de-paseo-de-bebe\/cochecitos-bebe\/cochecitos-dos-piezas\/cochecito-bebe-muuvo-quick-boho\/","name":"Coche Muuvo Quick BOHO - Edicion Limitada - Centrobeb\u00e9","isPartOf":{"@id":"https:\/\/centrobebe.es\/#website"},"primaryImageOfPage":{"@id":"https:\/\/centrobebe.es\/shop\/centrobebe\/cochecitos-y-sillas-de-paseo-de-bebe\/cochecitos-bebe\/cochecitos-dos-piezas\/cochecito-bebe-muuvo-quick-boho\/#primaryimage"},"image":{"@id":"https:\/\/centrobebe.es\/shop\/centrobebe\/cochecitos-y-sillas-de-paseo-de-bebe\/cochecitos-bebe\/cochecitos-dos-piezas\/cochecito-bebe-muuvo-quick-boho\/#primaryimage"},"thumbnailUrl":"https:\/\/centrobebe.es\/wp-content\/uploads\/2024\/12\/Muuvo_Quick_BOHO_MOOD-3.png","datePublished":"2024-12-28T11:24:13+00:00","dateModified":"2024-12-28T12:52:17+00:00","description":"Muuvo Quick BOBHO, con un dise\u00f1o impresionante,muy c\u00f3modo y f\u00e1cil de plegar con una sola mano incluso con la hamaca instalada.","breadcrumb":{"@id":"https:\/\/centrobebe.es\/shop\/centrobebe\/cochecitos-y-sillas-de-paseo-de-bebe\/cochecitos-bebe\/cochecitos-dos-piezas\/cochecito-bebe-muuvo-quick-boho\/#breadcrumb"},"inLanguage":"en-GB","potentialAction":[{"@type":"ReadAction","target":["https:\/\/centrobebe.es\/shop\/centrobebe\/cochecitos-y-sillas-de-paseo-de-bebe\/cochecitos-bebe\/cochecitos-dos-piezas\/cochecito-bebe-muuvo-quick-boho\/"]}]},{"@type":"ImageObject","inLanguage":"en-GB","@id":"https:\/\/centrobebe.es\/shop\/centrobebe\/cochecitos-y-sillas-de-paseo-de-bebe\/cochecitos-bebe\/cochecitos-dos-piezas\/cochecito-bebe-muuvo-quick-boho\/#primaryimage","url":"https:\/\/centrobebe.es\/wp-content\/uploads\/2024\/12\/Muuvo_Quick_BOHO_MOOD-3.png","contentUrl":"https:\/\/centrobebe.es\/wp-content\/uploads\/2024\/12\/Muuvo_Quick_BOHO_MOOD-3.png","width":1052,"height":1051,"caption":"muuvo quick boho"},{"@type":"BreadcrumbList","@id":"https:\/\/centrobebe.es\/shop\/centrobebe\/cochecitos-y-sillas-de-paseo-de-bebe\/cochecitos-bebe\/cochecitos-dos-piezas\/cochecito-bebe-muuvo-quick-boho\/#breadcrumb","itemListElement":[{"@type":"ListItem","position":1,"name":"Portada","item":"https:\/\/centrobebe.es\/"},{"@type":"ListItem","position":2,"name":"Shop","item":"https:\/\/centrobebe.es\/shop\/"},{"@type":"ListItem","position":3,"name":"Cochecito bebe Muuvo Quick Boho Dos Piezas (opci\u00f3n 3 piezas)"}]},{"@type":"WebSite","@id":"https:\/\/centrobebe.es\/#website","url":"https:\/\/centrobebe.es\/","name":"Centrobeb\u00e9","description":"Tienda de bebe online | Todo lo que tu bebe necesita","publisher":{"@id":"https:\/\/centrobebe.es\/#organization"},"alternateName":"Centrobeb\u00e9","potentialAction":[{"@type":"SearchAction","target":{"@type":"EntryPoint","urlTemplate":"https:\/\/centrobebe.es\/?s={search_term_string}"},"query-input":{"@type":"PropertyValueSpecification","valueRequired":true,"valueName":"search_term_string"}}],"inLanguage":"en-GB"},{"@type":"Organization","@id":"https:\/\/centrobebe.es\/#organization","name":"Centrobebe","alternateName":"Centrobebe","url":"https:\/\/centrobebe.es\/","logo":{"@type":"ImageObject","inLanguage":"en-GB","@id":"https:\/\/centrobebe.es\/#\/schema\/logo\/image\/","url":"https:\/\/centrobebe.es\/wp-content\/uploads\/2018\/06\/icono3-e1557940133982.png","contentUrl":"https:\/\/centrobebe.es\/wp-content\/uploads\/2018\/06\/icono3-e1557940133982.png","width":34,"height":29,"caption":"Centrobebe"},"image":{"@id":"https:\/\/centrobebe.es\/#\/schema\/logo\/image\/"},"sameAs":["https:\/\/www.facebook.com\/centrobebe\/","https:\/\/x.com\/centrobebe","https:\/\/www.instagram.com\/centrobebe.es\/","https:\/\/www.youtube.com\/channel\/UCVU-jcFuwntnxOhxvSbf3hg"]}]}},"brands":[{"id":664,"name":"Muuvo","slug":"muuvo"}],"_links":{"self":[{"href":"https:\/\/centrobebe.es\/en\/wp-json\/wp\/v2\/product\/53369","targetHints":{"allow":["GET"]}}],"collection":[{"href":"https:\/\/centrobebe.es\/en\/wp-json\/wp\/v2\/product"}],"about":[{"href":"https:\/\/centrobebe.es\/en\/wp-json\/wp\/v2\/types\/product"}],"version-history":[{"count":1,"href":"https:\/\/centrobebe.es\/en\/wp-json\/wp\/v2\/product\/53369\/revisions"}],"predecessor-version":[{"id":53377,"href":"https:\/\/centrobebe.es\/en\/wp-json\/wp\/v2\/product\/53369\/revisions\/53377"}],"wp:featuredmedia":[{"embeddable":true,"href":"https:\/\/centrobebe.es\/en\/wp-json\/wp\/v2\/media\/53376"}],"wp:attachment":[{"href":"https:\/\/centrobebe.es\/en\/wp-json\/wp\/v2\/media?parent=53369"}],"wp:term":[{"taxonomy":"pwb-brand","embeddable":true,"href":"https:\/\/centrobebe.es\/en\/wp-json\/wp\/v2\/pwb-brand?post=53369"},{"taxonomy":"product_cat","embeddable":true,"href":"https:\/\/centrobebe.es\/en\/wp-json\/wp\/v2\/product_cat?post=53369"},{"taxonomy":"product_tag","embeddable":true,"href":"https:\/\/centrobebe.es\/en\/wp-json\/wp\/v2\/product_tag?post=53369"}],"curies":[{"name":"wp","href":"https:\/\/api.w.org\/{rel}","templated":true}]}}