{"id":53571,"date":"2025-01-10T10:37:25","date_gmt":"2025-01-10T10:37:25","guid":{"rendered":"https:\/\/centrobebe.es\/?post_type=product&#038;p=53571"},"modified":"2025-01-10T20:29:23","modified_gmt":"2025-01-10T20:29:23","slug":"silla-de-paseo-mobiclinic-trip","status":"publish","type":"product","link":"https:\/\/centrobebe.es\/en\/shop\/centrobebe\/cochecitos-y-sillas-de-paseo-de-bebe\/sillas-de-paseo-ligeras-baratas\/silla-de-paseo-mobiclinic-trip\/","title":{"rendered":"Silla de Paseo MOBICLINIC TRIP"},"content":{"rendered":"<h1>Silla de Paseo MOBICLINIC TRIP 15kg<\/h1>\n<div>\n<p>La silla de paseo Trip es un\u00a0<strong>carrito para beb\u00e9<\/strong>\u00a0est\u00e1ndar que te ofrece diversidad de funciones. Se distingue por su cochecito port\u00e1til de acero con varilla de tracci\u00f3n \u00fanica y su dise\u00f1o de plegado con una sola mano. Es realmente compacta, lo que la convierte en una opci\u00f3n vers\u00e1til e ideal para transportar y almacenar a pr\u00e1cticamente cualquier parte. Ya sea que necesites viajar en tu coche o en el transporte p\u00fablico, la\u00a0<strong>silla de paseo<\/strong>\u00a0podr\u00e1 acompa\u00f1arte sin ocupar apenas espacio.<\/p>\n<p><iframe title=\"Silla de paseo TRIP | Seguridad para tu beb\u00e9\" src=\"https:\/\/www.youtube.com\/embed\/n91o250ETWw\" width=\"901\" height=\"501\" frameborder=\"0\" allowfullscreen=\"allowfullscreen\"><\/iframe><\/p>\n<p>Su estructura ligera y monomando se compone de una asa de EVA y baby pasamanos con parachoques delantero extra\u00edble. Igualmente, su reposapi\u00e9s es ajustable para adaptarse a las necesidades de cada ni\u00f1o, al igual que la cinta que contiene para controlar el respaldo o el ajuste de la capota. Adem\u00e1s, gracias a su cesta podr\u00e1s transportar todos los accesorios necesarios para el cuidado del ni\u00f1o.<\/p>\n<p>Este\u00a0<strong>cochecito para beb\u00e9<\/strong>\u00a0garantiza la seguridad de los m\u00e1s peque\u00f1os gracias a sus cuatro ruedas amortiguadas fabricadas en EVA, con freno de un paso en las dos trasera. Junto con su arn\u00e9s de seguridad de cinco puntos ayudar\u00e1 a que el menor se encuentre c\u00f3modo y seguro en todo momento. Su rango de edad recomendado oscila entre los 0 y los 36 meses. \u00a1Con este modelo todo son ventajas para los padres!<\/p>\n<h2>Caracter\u00edsticas t\u00e9cnicas de la silla de paseo Trip:<\/h2>\n<ul>\n<li>Medidas del producto abierto: 79.5 x 43 x 105 cm (dimensiones europeas est\u00e1ndar)<\/li>\n<li>Medidas del producto plegado: 23 x 43 x 54 cm<\/li>\n<li>Altura del respaldo: 44 cm<\/li>\n<li>Ruedas amortiguadas de EVA<\/li>\n<li>Tama\u00f1o de la rueda delantera: 5.5&#8243;<\/li>\n<li>Tama\u00f1o de la rueda trasera: 6&#8243;<\/li>\n<li>Peso m\u00e1ximo soportado: 15 kg<\/li>\n<li>M\u00e1ximo peso soportado por la cesta: 2 kg<\/li>\n<li>Asa de EVA<\/li>\n<li>Material del tejido: lino<\/li>\n<li>Color: gris<\/li>\n<\/ul>\n<h2>Nos gusta la silla de paseo Trip por:<\/h2>\n<ul>\n<li>Su\u00a0<strong>dise\u00f1o de plegado<\/strong>\u00a0\u00fanico e innovador, que permite que quede totalmente compacta para poderla transportar a cualquier parte.<\/li>\n<li>Su\u00a0<strong>arn\u00e9s\u00a0<\/strong>de 5 puntos, que garantiza la seguridad del menor en todo momento.<\/li>\n<li>Su\u00a0<strong>ajuste del reposapi\u00e9s<\/strong>\u00a0para adaptarse a las necesidades de cada ni\u00f1o.<\/li>\n<\/ul>\n<div><\/div>\n<div>En Centrobebe disponemos de una amplia variedad de <a href=\"https:\/\/centrobebe.es\/en\/product-category\/centrobebe\/cochecitos-y-sillas-de-paseo-de-bebe\/sillas-de-paseo-ligeras-baratas\/\">sillas de paseo<\/a> baratas de las principales marcas del mercado que garantizan la calidad y la asistencia t\u00e9cnica ante cualquier incidencia. Encuentra la m\u00e1s acorde con tus necesidades.<\/div>\n<div><\/div>\n<p>Si necesitas m\u00e1s informaci\u00f3n sobre los productos para beb\u00e9s, no dudes en ponerte en contacto con nuestro equipo de profesionales. Estaremos encantados de ayudarte y aconsejarte sobre los beneficios que te aporta cada producto.<\/p>\n<\/div>","protected":false},"excerpt":{"rendered":"<p>La silla de paseo Trip es un\u00a0<strong>carrito para beb\u00e9<\/strong>\u00a0est\u00e1ndar que te ofrece diversidad de funciones. Se distingue por su cochecito port\u00e1til de acero con varilla de tracci\u00f3n \u00fanica y su dise\u00f1o de plegado con una sola mano.<\/p>","protected":false},"featured_media":53582,"template":"","meta":[],"pwb-brand":[662],"product_cat":[157],"product_tag":[],"class_list":{"0":"post-53571","1":"product","2":"type-product","3":"status-publish","4":"has-post-thumbnail","6":"pwb-brand-mobilclinic","7":"product_cat-sillas-de-paseo-ligeras-baratas","8":"pa_color-azul","9":"pa_color-gris","10":"tm-no-options","12":"first","13":"instock","14":"sale","15":"taxable","16":"shipping-taxable","17":"purchasable","18":"product-type-variable","19":"wvs-archive-product-wrapper"},"yoast_head":"<!-- This site is optimized with the Yoast SEO plugin v27.5 - https:\/\/yoast.com\/product\/yoast-seo-wordpress\/ -->\n<title>Silla de paseo Be Mobiclinic Trip - Sillas de paseo - Centrobeb\u00e9<\/title>\n<meta name=\"description\" content=\"Silla de paseo Mobiclinic TRip. Nueva silla de paseo muy ligera, compacta y resistente. Compra online al mejor precio en Centrobebe !!\" \/>\n<meta name=\"robots\" content=\"index, follow, max-snippet:-1, max-image-preview:large, max-video-preview:-1\" \/>\n<link rel=\"canonical\" href=\"https:\/\/centrobebe.es\/en\/shop\/centrobebe\/cochecitos-y-sillas-de-paseo-de-bebe\/sillas-de-paseo-ligeras-baratas\/silla-de-paseo-mobiclinic-trip\/\" \/>\n<meta property=\"og:locale\" content=\"en_GB\" \/>\n<meta property=\"og:type\" content=\"article\" \/>\n<meta property=\"og:title\" content=\"Silla de paseo Be Mobiclinic Trip - Sillas de paseo - Centrobeb\u00e9\" \/>\n<meta property=\"og:description\" content=\"Silla de paseo Mobiclinic TRip. Nueva silla de paseo muy ligera, compacta y resistente. Compra online al mejor precio en Centrobebe !!\" \/>\n<meta property=\"og:url\" content=\"https:\/\/centrobebe.es\/en\/shop\/centrobebe\/cochecitos-y-sillas-de-paseo-de-bebe\/sillas-de-paseo-ligeras-baratas\/silla-de-paseo-mobiclinic-trip\/\" \/>\n<meta property=\"og:site_name\" content=\"Centrobeb\u00e9\" \/>\n<meta property=\"article:publisher\" content=\"https:\/\/www.facebook.com\/centrobebe\/\" \/>\n<meta property=\"article:modified_time\" content=\"2025-01-10T20:29:23+00:00\" \/>\n<meta property=\"og:image\" content=\"https:\/\/centrobebe.es\/wp-content\/uploads\/2025\/01\/44003_w1000_h1000.webp\" \/>\n\t<meta property=\"og:image:width\" content=\"600\" \/>\n\t<meta property=\"og:image:height\" content=\"600\" \/>\n\t<meta property=\"og:image:type\" content=\"image\/webp\" \/>\n<meta name=\"twitter:card\" content=\"summary_large_image\" \/>\n<meta name=\"twitter:site\" content=\"@centrobebe\" \/>\n<meta name=\"twitter:label1\" content=\"Estimated reading time\" \/>\n\t<meta name=\"twitter:data1\" content=\"3 minutes\" \/>\n<script type=\"application\/ld+json\" class=\"yoast-schema-graph\">{\"@context\":\"https:\\\/\\\/schema.org\",\"@graph\":[{\"@type\":\"WebPage\",\"@id\":\"https:\\\/\\\/centrobebe.es\\\/shop\\\/centrobebe\\\/cochecitos-y-sillas-de-paseo-de-bebe\\\/sillas-de-paseo-ligeras-baratas\\\/silla-de-paseo-mobiclinic-trip\\\/\",\"url\":\"https:\\\/\\\/centrobebe.es\\\/shop\\\/centrobebe\\\/cochecitos-y-sillas-de-paseo-de-bebe\\\/sillas-de-paseo-ligeras-baratas\\\/silla-de-paseo-mobiclinic-trip\\\/\",\"name\":\"Silla de paseo Be Mobiclinic Trip - Sillas de paseo - Centrobeb\u00e9\",\"isPartOf\":{\"@id\":\"https:\\\/\\\/centrobebe.es\\\/#website\"},\"primaryImageOfPage\":{\"@id\":\"https:\\\/\\\/centrobebe.es\\\/shop\\\/centrobebe\\\/cochecitos-y-sillas-de-paseo-de-bebe\\\/sillas-de-paseo-ligeras-baratas\\\/silla-de-paseo-mobiclinic-trip\\\/#primaryimage\"},\"image\":{\"@id\":\"https:\\\/\\\/centrobebe.es\\\/shop\\\/centrobebe\\\/cochecitos-y-sillas-de-paseo-de-bebe\\\/sillas-de-paseo-ligeras-baratas\\\/silla-de-paseo-mobiclinic-trip\\\/#primaryimage\"},\"thumbnailUrl\":\"https:\\\/\\\/centrobebe.es\\\/wp-content\\\/uploads\\\/2025\\\/01\\\/44003_w1000_h1000.webp\",\"datePublished\":\"2025-01-10T10:37:25+00:00\",\"dateModified\":\"2025-01-10T20:29:23+00:00\",\"description\":\"Silla de paseo Mobiclinic TRip. Nueva silla de paseo muy ligera, compacta y resistente. Compra online al mejor precio en Centrobebe !!\",\"breadcrumb\":{\"@id\":\"https:\\\/\\\/centrobebe.es\\\/shop\\\/centrobebe\\\/cochecitos-y-sillas-de-paseo-de-bebe\\\/sillas-de-paseo-ligeras-baratas\\\/silla-de-paseo-mobiclinic-trip\\\/#breadcrumb\"},\"inLanguage\":\"en-GB\",\"potentialAction\":[{\"@type\":\"ReadAction\",\"target\":[\"https:\\\/\\\/centrobebe.es\\\/shop\\\/centrobebe\\\/cochecitos-y-sillas-de-paseo-de-bebe\\\/sillas-de-paseo-ligeras-baratas\\\/silla-de-paseo-mobiclinic-trip\\\/\"]}]},{\"@type\":\"ImageObject\",\"inLanguage\":\"en-GB\",\"@id\":\"https:\\\/\\\/centrobebe.es\\\/shop\\\/centrobebe\\\/cochecitos-y-sillas-de-paseo-de-bebe\\\/sillas-de-paseo-ligeras-baratas\\\/silla-de-paseo-mobiclinic-trip\\\/#primaryimage\",\"url\":\"https:\\\/\\\/centrobebe.es\\\/wp-content\\\/uploads\\\/2025\\\/01\\\/44003_w1000_h1000.webp\",\"contentUrl\":\"https:\\\/\\\/centrobebe.es\\\/wp-content\\\/uploads\\\/2025\\\/01\\\/44003_w1000_h1000.webp\",\"width\":600,\"height\":600,\"caption\":\"silla paseo mobiclinic trip\"},{\"@type\":\"BreadcrumbList\",\"@id\":\"https:\\\/\\\/centrobebe.es\\\/shop\\\/centrobebe\\\/cochecitos-y-sillas-de-paseo-de-bebe\\\/sillas-de-paseo-ligeras-baratas\\\/silla-de-paseo-mobiclinic-trip\\\/#breadcrumb\",\"itemListElement\":[{\"@type\":\"ListItem\",\"position\":1,\"name\":\"Portada\",\"item\":\"https:\\\/\\\/centrobebe.es\\\/\"},{\"@type\":\"ListItem\",\"position\":2,\"name\":\"Shop\",\"item\":\"https:\\\/\\\/centrobebe.es\\\/shop\\\/\"},{\"@type\":\"ListItem\",\"position\":3,\"name\":\"Silla de Paseo MOBICLINIC TRIP\"}]},{\"@type\":\"WebSite\",\"@id\":\"https:\\\/\\\/centrobebe.es\\\/#website\",\"url\":\"https:\\\/\\\/centrobebe.es\\\/\",\"name\":\"Centrobeb\u00e9\",\"description\":\"Tienda de bebe online | Todo lo que tu bebe necesita\",\"publisher\":{\"@id\":\"https:\\\/\\\/centrobebe.es\\\/#organization\"},\"alternateName\":\"Centrobeb\u00e9\",\"potentialAction\":[{\"@type\":\"SearchAction\",\"target\":{\"@type\":\"EntryPoint\",\"urlTemplate\":\"https:\\\/\\\/centrobebe.es\\\/?s={search_term_string}\"},\"query-input\":{\"@type\":\"PropertyValueSpecification\",\"valueRequired\":true,\"valueName\":\"search_term_string\"}}],\"inLanguage\":\"en-GB\"},{\"@type\":\"Organization\",\"@id\":\"https:\\\/\\\/centrobebe.es\\\/#organization\",\"name\":\"Centrobebe\",\"alternateName\":\"Centrobebe\",\"url\":\"https:\\\/\\\/centrobebe.es\\\/\",\"logo\":{\"@type\":\"ImageObject\",\"inLanguage\":\"en-GB\",\"@id\":\"https:\\\/\\\/centrobebe.es\\\/#\\\/schema\\\/logo\\\/image\\\/\",\"url\":\"https:\\\/\\\/centrobebe.es\\\/wp-content\\\/uploads\\\/2018\\\/06\\\/icono3-e1557940133982.png\",\"contentUrl\":\"https:\\\/\\\/centrobebe.es\\\/wp-content\\\/uploads\\\/2018\\\/06\\\/icono3-e1557940133982.png\",\"width\":34,\"height\":29,\"caption\":\"Centrobebe\"},\"image\":{\"@id\":\"https:\\\/\\\/centrobebe.es\\\/#\\\/schema\\\/logo\\\/image\\\/\"},\"sameAs\":[\"https:\\\/\\\/www.facebook.com\\\/centrobebe\\\/\",\"https:\\\/\\\/x.com\\\/centrobebe\",\"https:\\\/\\\/www.instagram.com\\\/centrobebe.es\\\/\",\"https:\\\/\\\/www.youtube.com\\\/channel\\\/UCVU-jcFuwntnxOhxvSbf3hg\"]}]}<\/script>\n<!-- \/ Yoast SEO plugin. -->","yoast_head_json":{"title":"Silla de paseo Be Mobiclinic Trip - Sillas de paseo - Centrobeb\u00e9","description":"Silla de paseo Mobiclinic TRip. Nueva silla de paseo muy ligera, compacta y resistente. Compra online al mejor precio en Centrobebe !!","robots":{"index":"index","follow":"follow","max-snippet":"max-snippet:-1","max-image-preview":"max-image-preview:large","max-video-preview":"max-video-preview:-1"},"canonical":"https:\/\/centrobebe.es\/en\/shop\/centrobebe\/cochecitos-y-sillas-de-paseo-de-bebe\/sillas-de-paseo-ligeras-baratas\/silla-de-paseo-mobiclinic-trip\/","og_locale":"en_GB","og_type":"article","og_title":"Silla de paseo Be Mobiclinic Trip - Sillas de paseo - Centrobeb\u00e9","og_description":"Silla de paseo Mobiclinic TRip. Nueva silla de paseo muy ligera, compacta y resistente. Compra online al mejor precio en Centrobebe !!","og_url":"https:\/\/centrobebe.es\/en\/shop\/centrobebe\/cochecitos-y-sillas-de-paseo-de-bebe\/sillas-de-paseo-ligeras-baratas\/silla-de-paseo-mobiclinic-trip\/","og_site_name":"Centrobeb\u00e9","article_publisher":"https:\/\/www.facebook.com\/centrobebe\/","article_modified_time":"2025-01-10T20:29:23+00:00","og_image":[{"width":600,"height":600,"url":"https:\/\/centrobebe.es\/wp-content\/uploads\/2025\/01\/44003_w1000_h1000.webp","type":"image\/webp"}],"twitter_card":"summary_large_image","twitter_site":"@centrobebe","twitter_misc":{"Estimated reading time":"3 minutes"},"schema":{"@context":"https:\/\/schema.org","@graph":[{"@type":"WebPage","@id":"https:\/\/centrobebe.es\/shop\/centrobebe\/cochecitos-y-sillas-de-paseo-de-bebe\/sillas-de-paseo-ligeras-baratas\/silla-de-paseo-mobiclinic-trip\/","url":"https:\/\/centrobebe.es\/shop\/centrobebe\/cochecitos-y-sillas-de-paseo-de-bebe\/sillas-de-paseo-ligeras-baratas\/silla-de-paseo-mobiclinic-trip\/","name":"Silla de paseo Be Mobiclinic Trip - Sillas de paseo - Centrobeb\u00e9","isPartOf":{"@id":"https:\/\/centrobebe.es\/#website"},"primaryImageOfPage":{"@id":"https:\/\/centrobebe.es\/shop\/centrobebe\/cochecitos-y-sillas-de-paseo-de-bebe\/sillas-de-paseo-ligeras-baratas\/silla-de-paseo-mobiclinic-trip\/#primaryimage"},"image":{"@id":"https:\/\/centrobebe.es\/shop\/centrobebe\/cochecitos-y-sillas-de-paseo-de-bebe\/sillas-de-paseo-ligeras-baratas\/silla-de-paseo-mobiclinic-trip\/#primaryimage"},"thumbnailUrl":"https:\/\/centrobebe.es\/wp-content\/uploads\/2025\/01\/44003_w1000_h1000.webp","datePublished":"2025-01-10T10:37:25+00:00","dateModified":"2025-01-10T20:29:23+00:00","description":"Silla de paseo Mobiclinic TRip. Nueva silla de paseo muy ligera, compacta y resistente. Compra online al mejor precio en Centrobebe !!","breadcrumb":{"@id":"https:\/\/centrobebe.es\/shop\/centrobebe\/cochecitos-y-sillas-de-paseo-de-bebe\/sillas-de-paseo-ligeras-baratas\/silla-de-paseo-mobiclinic-trip\/#breadcrumb"},"inLanguage":"en-GB","potentialAction":[{"@type":"ReadAction","target":["https:\/\/centrobebe.es\/shop\/centrobebe\/cochecitos-y-sillas-de-paseo-de-bebe\/sillas-de-paseo-ligeras-baratas\/silla-de-paseo-mobiclinic-trip\/"]}]},{"@type":"ImageObject","inLanguage":"en-GB","@id":"https:\/\/centrobebe.es\/shop\/centrobebe\/cochecitos-y-sillas-de-paseo-de-bebe\/sillas-de-paseo-ligeras-baratas\/silla-de-paseo-mobiclinic-trip\/#primaryimage","url":"https:\/\/centrobebe.es\/wp-content\/uploads\/2025\/01\/44003_w1000_h1000.webp","contentUrl":"https:\/\/centrobebe.es\/wp-content\/uploads\/2025\/01\/44003_w1000_h1000.webp","width":600,"height":600,"caption":"silla paseo mobiclinic trip"},{"@type":"BreadcrumbList","@id":"https:\/\/centrobebe.es\/shop\/centrobebe\/cochecitos-y-sillas-de-paseo-de-bebe\/sillas-de-paseo-ligeras-baratas\/silla-de-paseo-mobiclinic-trip\/#breadcrumb","itemListElement":[{"@type":"ListItem","position":1,"name":"Portada","item":"https:\/\/centrobebe.es\/"},{"@type":"ListItem","position":2,"name":"Shop","item":"https:\/\/centrobebe.es\/shop\/"},{"@type":"ListItem","position":3,"name":"Silla de Paseo MOBICLINIC TRIP"}]},{"@type":"WebSite","@id":"https:\/\/centrobebe.es\/#website","url":"https:\/\/centrobebe.es\/","name":"Centrobeb\u00e9","description":"Tienda de bebe online | Todo lo que tu bebe necesita","publisher":{"@id":"https:\/\/centrobebe.es\/#organization"},"alternateName":"Centrobeb\u00e9","potentialAction":[{"@type":"SearchAction","target":{"@type":"EntryPoint","urlTemplate":"https:\/\/centrobebe.es\/?s={search_term_string}"},"query-input":{"@type":"PropertyValueSpecification","valueRequired":true,"valueName":"search_term_string"}}],"inLanguage":"en-GB"},{"@type":"Organization","@id":"https:\/\/centrobebe.es\/#organization","name":"Centrobebe","alternateName":"Centrobebe","url":"https:\/\/centrobebe.es\/","logo":{"@type":"ImageObject","inLanguage":"en-GB","@id":"https:\/\/centrobebe.es\/#\/schema\/logo\/image\/","url":"https:\/\/centrobebe.es\/wp-content\/uploads\/2018\/06\/icono3-e1557940133982.png","contentUrl":"https:\/\/centrobebe.es\/wp-content\/uploads\/2018\/06\/icono3-e1557940133982.png","width":34,"height":29,"caption":"Centrobebe"},"image":{"@id":"https:\/\/centrobebe.es\/#\/schema\/logo\/image\/"},"sameAs":["https:\/\/www.facebook.com\/centrobebe\/","https:\/\/x.com\/centrobebe","https:\/\/www.instagram.com\/centrobebe.es\/","https:\/\/www.youtube.com\/channel\/UCVU-jcFuwntnxOhxvSbf3hg"]}]}},"brands":[{"id":662,"name":"MOBICLINIC","slug":"mobilclinic"}],"_links":{"self":[{"href":"https:\/\/centrobebe.es\/en\/wp-json\/wp\/v2\/product\/53571","targetHints":{"allow":["GET"]}}],"collection":[{"href":"https:\/\/centrobebe.es\/en\/wp-json\/wp\/v2\/product"}],"about":[{"href":"https:\/\/centrobebe.es\/en\/wp-json\/wp\/v2\/types\/product"}],"version-history":[{"count":4,"href":"https:\/\/centrobebe.es\/en\/wp-json\/wp\/v2\/product\/53571\/revisions"}],"predecessor-version":[{"id":53591,"href":"https:\/\/centrobebe.es\/en\/wp-json\/wp\/v2\/product\/53571\/revisions\/53591"}],"wp:featuredmedia":[{"embeddable":true,"href":"https:\/\/centrobebe.es\/en\/wp-json\/wp\/v2\/media\/53582"}],"wp:attachment":[{"href":"https:\/\/centrobebe.es\/en\/wp-json\/wp\/v2\/media?parent=53571"}],"wp:term":[{"taxonomy":"pwb-brand","embeddable":true,"href":"https:\/\/centrobebe.es\/en\/wp-json\/wp\/v2\/pwb-brand?post=53571"},{"taxonomy":"product_cat","embeddable":true,"href":"https:\/\/centrobebe.es\/en\/wp-json\/wp\/v2\/product_cat?post=53571"},{"taxonomy":"product_tag","embeddable":true,"href":"https:\/\/centrobebe.es\/en\/wp-json\/wp\/v2\/product_tag?post=53571"}],"curies":[{"name":"wp","href":"https:\/\/api.w.org\/{rel}","templated":true}]}}