{"id":53606,"date":"2025-01-11T10:01:38","date_gmt":"2025-01-11T10:01:38","guid":{"rendered":"https:\/\/centrobebe.es\/?post_type=product&#038;p=53606"},"modified":"2026-04-13T16:00:02","modified_gmt":"2026-04-13T16:00:02","slug":"cochecito-kikkaboo-modena-3-piezas","status":"publish","type":"product","link":"https:\/\/centrobebe.es\/en\/shop\/centrobebe\/cochecitos-y-sillas-de-paseo-de-bebe\/cochecitos-bebe\/cochecitos-dos-piezas\/cochecito-kikkaboo-modena-3-piezas\/","title":{"rendered":"Cochecito Kikkaboo Modena 3 Piezas"},"content":{"rendered":"<h1>Cochecito KikkaBoo Modena un cochecito completo para beb\u00e9s desde el nacimiento hasta los 22 kg<\/h1>\n<p>El cochecito KikkaBoo Modena es un cochecito completo que ofrece todo lo que necesitas para tu beb\u00e9 desde el nacimiento hasta los 22 kg. Es un cochecito vers\u00e1til y c\u00f3modo que se adapta a las necesidades de tu beb\u00e9 a medida que crece.<\/p>\n<h2>Caracter\u00edsticas Kikkaboo Modena<\/h2>\n<h3>Carrito de beb\u00e9:<\/h3>\n<p>Adecuado desde el nacimiento hasta los 22 kg;<a name=\"_dx_frag_EndFragment\"><\/a><\/p>\n<p>Marco de aluminio ligero con sistema de plegado r\u00e1pido y f\u00e1cil;<\/p>\n<p>Asiento orientado hacia atr\u00e1s y hacia delante con botones de memoria para una liberaci\u00f3n m\u00e1s f\u00e1cil;<\/p>\n<p>Asa de empuje de cuero ajustable en 4 posiciones;<\/p>\n<p>Capota extensible con parasol y ventana para observar al ni\u00f1o;<\/p>\n<p>Barra parachoques de cuero desmontable;<a name=\"_dx_frag_EndFragment\"><\/a><\/p>\n<p>Sistema de arn\u00e9s de 5 puntos con hombreras y cubrehebillas inferiores;<\/p>\n<p>Ruedas delanteras con rotaci\u00f3n de 360 grados y mecanismo de bloqueo;<\/p>\n<p>Suspensi\u00f3n incorporada en las ruedas;<\/p>\n<p>Freno de un solo toque;<a name=\"_dx_frag_EndFragment\"><\/a><\/p>\n<p>Asiento reclinable ajustable en 3 posiciones;<\/p>\n<p>Reposapi\u00e9s ajustable en 4 posiciones;<\/p>\n<p>Tejidos impermeables con UPF50+.<\/p>\n<h3>Capazo:<\/h3>\n<p>Colchoneta blanda;<\/p>\n<p>Capota extensible, parasol y ventanilla;<\/p>\n<p>Apertura de malla para una mejor ventilaci\u00f3n;<\/p>\n<h3>Silla de coche:<\/h3>\n<p>i-SIZE (40-87 cm);<\/p>\n<p>Adecuada en marcha atr\u00e1s desde 40 hasta 87 cm;<\/p>\n<p>Asa de transporte ergon\u00f3mica y multiposici\u00f3n;<\/p>\n<p>Reposacabezas ajustable en 7 posiciones;<\/p>\n<p>Capota ajustable;<\/p>\n<p>Arn\u00e9s regulable en altura en 7 niveles;<\/p>\n<p>Sistema de arn\u00e9s de 3 puntos con hombreras y cubrehebillas inferiores;<\/p>\n<p>Ajuste del arn\u00e9s de seguridad con una sola mano;<\/p>\n<p>Coj\u00edn blando de apoyo para todo el cuerpo;<\/p>\n<p>Tapicer\u00eda extra\u00edble y f\u00e1cil de limpiar.<\/p>\n<p>&nbsp;<\/p>\n<p>Comprobado seg\u00fan el\u00a0Reglamento n\u00ba R129\/03 de la ONU\u00a0por\u00a0T\u00dcV S\u00dcD.<\/p>\n<p>&nbsp;<\/p>\n<p>Accesorios incluidos:\u00a0Cubrepi\u00e9s en la unidad de asiento y en el capazo, adaptadores, bolsa de mam\u00e1.<\/p>\n<p>&nbsp;<\/p>\n<h3>Dimensiones:<\/h3>\n<p>&#8211; Carrito de beb\u00e9:\u00a099x59x103.5-109.5 cm \/ Plegado: 32x59x74 cm \/ 10 kg<\/p>\n<p>&#8211; Capazo:\u00a082x39x63 cm \/ 4.9 kg<\/p>\n<p>&#8211; Silla de coche: 69-70&#215;35.5&#215;58 cm \/ 3.6 kg<\/p>\n<p>&#8211; Caja: 82\u00d752\u00d755 cm \/ 21 kg \/ 1 set\/caja<\/p>\n<h3>M\u00e1s informaci\u00f3n<\/h3>\n<p>Centrobebe es la web online donde comprar tu carrito de beb\u00e9 homologado, hacemos una selecci\u00f3n de <strong>los mejores carritos para bebes de dos y tres piezas\u00a0\u00a0<\/strong>basada en las opiniones de nuestros clientes, desde los m\u00e1s baratos\u00a0 hasta los m\u00e1s exclusivos y con la \u00faltima tecnolog\u00eda.<\/p>\n<p><strong>Cochecitos de bebe baratos para comprar online<\/strong><\/p>\n<p>En Centrobebe disponemos de una <a href=\"https:\/\/centrobebe.es\/en\/product-category\/centrobebe\/cochecitos-y-sillas-de-paseo-de-bebe\/cochecitos-bebe\/\">amplia variedad de\u00a0cochecitos de beb\u00e9<\/a> de las principales marcas del mercado que garantizan la calidad y la asistencia t\u00e9cnica ante cualquier incidencia. \u00daltimas novedades para comprar online en toda clase de cochecitos a los mejores precios.<\/p>\n<p>Finalmente, para m\u00e1s informaci\u00f3n sobre caracter\u00edsticas o especificaciones t\u00e9cnicas, puedes visitar la <a href=\"https:\/\/b2bkikkaboo.com\/es\/home\/2521-vicenza-3-in-1-premium-black.html?search_query=vicenza&amp;results=6\">web del fabricante<\/a>.<\/p>","protected":false},"excerpt":{"rendered":"<p>El cochecito Kikka Boo Modena es una excelente opci\u00f3n para los padres que buscan un cochecito completo y vers\u00e1til que se adapte a las necesidades de su beb\u00e9 a medida que crece. Es un cochecito c\u00f3modo, seguro y f\u00e1cil de usar.<\/p>\n<p>\u00a1Online al mejor precio!<\/p>\n<p>Fin\u00e1ncialo en c\u00f3modos plazos<\/p>","protected":false},"featured_media":53653,"template":"","meta":[],"pwb-brand":[597],"product_cat":[154,585,586],"product_tag":[],"class_list":{"0":"post-53606","1":"product","2":"type-product","3":"status-publish","4":"has-post-thumbnail","6":"pwb-brand-kikka-boo","7":"product_cat-cochecitos-bebe","8":"product_cat-cochecitos-dos-piezas","9":"product_cat-cochecitos-3-piezas","10":"pa_color-beige","11":"pa_color-gris","12":"pa_color-negro","13":"pa_color-verde-oliva","14":"tm-no-options","16":"first","17":"instock","18":"taxable","19":"shipping-taxable","20":"purchasable","21":"product-type-variable","22":"wvs-archive-product-wrapper"},"yoast_head":"<!-- This site is optimized with the Yoast SEO plugin v26.9 - https:\/\/yoast.com\/product\/yoast-seo-wordpress\/ -->\n<title>Cochecito Kikkaboo Modena 3 Piezas | Centro Beb\u00e9<\/title>\n<meta name=\"description\" content=\"Este Carrito Kikkaboo Modena tres piezas es muy ligero y aporta mucha comodidad. \u00a1Conoce el Cochecito Kikkaboo Modena Premium 3 Piezas!\" \/>\n<meta name=\"robots\" content=\"index, follow, max-snippet:-1, max-image-preview:large, max-video-preview:-1\" \/>\n<link rel=\"canonical\" href=\"https:\/\/centrobebe.es\/en\/shop\/centrobebe\/cochecitos-y-sillas-de-paseo-de-bebe\/cochecitos-bebe\/cochecitos-dos-piezas\/cochecito-kikkaboo-modena-3-piezas\/\" \/>\n<meta property=\"og:locale\" content=\"en_GB\" \/>\n<meta property=\"og:type\" content=\"article\" \/>\n<meta property=\"og:title\" content=\"Cochecito Kikkaboo Modena 3 Piezas | Centro Beb\u00e9\" \/>\n<meta property=\"og:description\" content=\"Este Carrito Kikkaboo Modena tres piezas es muy ligero y aporta mucha comodidad. \u00a1Conoce el Cochecito Kikkaboo Modena Premium 3 Piezas!\" \/>\n<meta property=\"og:url\" content=\"https:\/\/centrobebe.es\/en\/shop\/centrobebe\/cochecitos-y-sillas-de-paseo-de-bebe\/cochecitos-bebe\/cochecitos-dos-piezas\/cochecito-kikkaboo-modena-3-piezas\/\" \/>\n<meta property=\"og:site_name\" content=\"Centrobeb\u00e9\" \/>\n<meta property=\"article:publisher\" content=\"https:\/\/www.facebook.com\/centrobebe\/\" \/>\n<meta property=\"article:modified_time\" content=\"2026-04-13T16:00:02+00:00\" \/>\n<meta property=\"og:image\" content=\"https:\/\/centrobebe.es\/wp-content\/uploads\/2025\/01\/modena_dark_grey_31001010224__12.jpg\" \/>\n\t<meta property=\"og:image:width\" content=\"1500\" \/>\n\t<meta property=\"og:image:height\" content=\"1200\" \/>\n\t<meta property=\"og:image:type\" content=\"image\/jpeg\" \/>\n<meta name=\"twitter:card\" content=\"summary_large_image\" \/>\n<meta name=\"twitter:site\" content=\"@centrobebe\" \/>\n<meta name=\"twitter:label1\" content=\"Estimated reading time\" \/>\n\t<meta name=\"twitter:data1\" content=\"3 minutes\" \/>\n<script type=\"application\/ld+json\" class=\"yoast-schema-graph\">{\"@context\":\"https:\/\/schema.org\",\"@graph\":[{\"@type\":\"WebPage\",\"@id\":\"https:\/\/centrobebe.es\/shop\/centrobebe\/cochecitos-y-sillas-de-paseo-de-bebe\/cochecitos-bebe\/cochecitos-dos-piezas\/cochecito-kikkaboo-modena-3-piezas\/\",\"url\":\"https:\/\/centrobebe.es\/shop\/centrobebe\/cochecitos-y-sillas-de-paseo-de-bebe\/cochecitos-bebe\/cochecitos-dos-piezas\/cochecito-kikkaboo-modena-3-piezas\/\",\"name\":\"Cochecito Kikkaboo Modena 3 Piezas | Centro Beb\u00e9\",\"isPartOf\":{\"@id\":\"https:\/\/centrobebe.es\/#website\"},\"primaryImageOfPage\":{\"@id\":\"https:\/\/centrobebe.es\/shop\/centrobebe\/cochecitos-y-sillas-de-paseo-de-bebe\/cochecitos-bebe\/cochecitos-dos-piezas\/cochecito-kikkaboo-modena-3-piezas\/#primaryimage\"},\"image\":{\"@id\":\"https:\/\/centrobebe.es\/shop\/centrobebe\/cochecitos-y-sillas-de-paseo-de-bebe\/cochecitos-bebe\/cochecitos-dos-piezas\/cochecito-kikkaboo-modena-3-piezas\/#primaryimage\"},\"thumbnailUrl\":\"https:\/\/centrobebe.es\/wp-content\/uploads\/2025\/01\/modena_dark_grey_31001010224__12.jpg\",\"datePublished\":\"2025-01-11T10:01:38+00:00\",\"dateModified\":\"2026-04-13T16:00:02+00:00\",\"description\":\"Este Carrito Kikkaboo Modena tres piezas es muy ligero y aporta mucha comodidad. \u00a1Conoce el Cochecito Kikkaboo Modena Premium 3 Piezas!\",\"breadcrumb\":{\"@id\":\"https:\/\/centrobebe.es\/shop\/centrobebe\/cochecitos-y-sillas-de-paseo-de-bebe\/cochecitos-bebe\/cochecitos-dos-piezas\/cochecito-kikkaboo-modena-3-piezas\/#breadcrumb\"},\"inLanguage\":\"en-GB\",\"potentialAction\":[{\"@type\":\"ReadAction\",\"target\":[\"https:\/\/centrobebe.es\/shop\/centrobebe\/cochecitos-y-sillas-de-paseo-de-bebe\/cochecitos-bebe\/cochecitos-dos-piezas\/cochecito-kikkaboo-modena-3-piezas\/\"]}]},{\"@type\":\"ImageObject\",\"inLanguage\":\"en-GB\",\"@id\":\"https:\/\/centrobebe.es\/shop\/centrobebe\/cochecitos-y-sillas-de-paseo-de-bebe\/cochecitos-bebe\/cochecitos-dos-piezas\/cochecito-kikkaboo-modena-3-piezas\/#primaryimage\",\"url\":\"https:\/\/centrobebe.es\/wp-content\/uploads\/2025\/01\/modena_dark_grey_31001010224__12.jpg\",\"contentUrl\":\"https:\/\/centrobebe.es\/wp-content\/uploads\/2025\/01\/modena_dark_grey_31001010224__12.jpg\",\"width\":1500,\"height\":1200,\"caption\":\"coche kikkaboo modena\"},{\"@type\":\"BreadcrumbList\",\"@id\":\"https:\/\/centrobebe.es\/shop\/centrobebe\/cochecitos-y-sillas-de-paseo-de-bebe\/cochecitos-bebe\/cochecitos-dos-piezas\/cochecito-kikkaboo-modena-3-piezas\/#breadcrumb\",\"itemListElement\":[{\"@type\":\"ListItem\",\"position\":1,\"name\":\"Portada\",\"item\":\"https:\/\/centrobebe.es\/\"},{\"@type\":\"ListItem\",\"position\":2,\"name\":\"Shop\",\"item\":\"https:\/\/centrobebe.es\/shop\/\"},{\"@type\":\"ListItem\",\"position\":3,\"name\":\"Cochecito Kikkaboo Modena 3 Piezas\"}]},{\"@type\":\"WebSite\",\"@id\":\"https:\/\/centrobebe.es\/#website\",\"url\":\"https:\/\/centrobebe.es\/\",\"name\":\"Centrobeb\u00e9\",\"description\":\"Tienda de bebe online | Todo lo que tu bebe necesita\",\"publisher\":{\"@id\":\"https:\/\/centrobebe.es\/#organization\"},\"alternateName\":\"Centrobeb\u00e9\",\"potentialAction\":[{\"@type\":\"SearchAction\",\"target\":{\"@type\":\"EntryPoint\",\"urlTemplate\":\"https:\/\/centrobebe.es\/?s={search_term_string}\"},\"query-input\":{\"@type\":\"PropertyValueSpecification\",\"valueRequired\":true,\"valueName\":\"search_term_string\"}}],\"inLanguage\":\"en-GB\"},{\"@type\":\"Organization\",\"@id\":\"https:\/\/centrobebe.es\/#organization\",\"name\":\"Centrobebe\",\"alternateName\":\"Centrobebe\",\"url\":\"https:\/\/centrobebe.es\/\",\"logo\":{\"@type\":\"ImageObject\",\"inLanguage\":\"en-GB\",\"@id\":\"https:\/\/centrobebe.es\/#\/schema\/logo\/image\/\",\"url\":\"https:\/\/centrobebe.es\/wp-content\/uploads\/2018\/06\/icono3-e1557940133982.png\",\"contentUrl\":\"https:\/\/centrobebe.es\/wp-content\/uploads\/2018\/06\/icono3-e1557940133982.png\",\"width\":34,\"height\":29,\"caption\":\"Centrobebe\"},\"image\":{\"@id\":\"https:\/\/centrobebe.es\/#\/schema\/logo\/image\/\"},\"sameAs\":[\"https:\/\/www.facebook.com\/centrobebe\/\",\"https:\/\/x.com\/centrobebe\",\"https:\/\/www.instagram.com\/centrobebe.es\/\",\"https:\/\/www.youtube.com\/channel\/UCVU-jcFuwntnxOhxvSbf3hg\"]}]}<\/script>\n<!-- \/ Yoast SEO plugin. -->","yoast_head_json":{"title":"Cochecito Kikkaboo Modena 3 Piezas | Centro Beb\u00e9","description":"Este Carrito Kikkaboo Modena tres piezas es muy ligero y aporta mucha comodidad. \u00a1Conoce el Cochecito Kikkaboo Modena Premium 3 Piezas!","robots":{"index":"index","follow":"follow","max-snippet":"max-snippet:-1","max-image-preview":"max-image-preview:large","max-video-preview":"max-video-preview:-1"},"canonical":"https:\/\/centrobebe.es\/en\/shop\/centrobebe\/cochecitos-y-sillas-de-paseo-de-bebe\/cochecitos-bebe\/cochecitos-dos-piezas\/cochecito-kikkaboo-modena-3-piezas\/","og_locale":"en_GB","og_type":"article","og_title":"Cochecito Kikkaboo Modena 3 Piezas | Centro Beb\u00e9","og_description":"Este Carrito Kikkaboo Modena tres piezas es muy ligero y aporta mucha comodidad. \u00a1Conoce el Cochecito Kikkaboo Modena Premium 3 Piezas!","og_url":"https:\/\/centrobebe.es\/en\/shop\/centrobebe\/cochecitos-y-sillas-de-paseo-de-bebe\/cochecitos-bebe\/cochecitos-dos-piezas\/cochecito-kikkaboo-modena-3-piezas\/","og_site_name":"Centrobeb\u00e9","article_publisher":"https:\/\/www.facebook.com\/centrobebe\/","article_modified_time":"2026-04-13T16:00:02+00:00","og_image":[{"width":1500,"height":1200,"url":"https:\/\/centrobebe.es\/wp-content\/uploads\/2025\/01\/modena_dark_grey_31001010224__12.jpg","type":"image\/jpeg"}],"twitter_card":"summary_large_image","twitter_site":"@centrobebe","twitter_misc":{"Estimated reading time":"3 minutes"},"schema":{"@context":"https:\/\/schema.org","@graph":[{"@type":"WebPage","@id":"https:\/\/centrobebe.es\/shop\/centrobebe\/cochecitos-y-sillas-de-paseo-de-bebe\/cochecitos-bebe\/cochecitos-dos-piezas\/cochecito-kikkaboo-modena-3-piezas\/","url":"https:\/\/centrobebe.es\/shop\/centrobebe\/cochecitos-y-sillas-de-paseo-de-bebe\/cochecitos-bebe\/cochecitos-dos-piezas\/cochecito-kikkaboo-modena-3-piezas\/","name":"Cochecito Kikkaboo Modena 3 Piezas | Centro Beb\u00e9","isPartOf":{"@id":"https:\/\/centrobebe.es\/#website"},"primaryImageOfPage":{"@id":"https:\/\/centrobebe.es\/shop\/centrobebe\/cochecitos-y-sillas-de-paseo-de-bebe\/cochecitos-bebe\/cochecitos-dos-piezas\/cochecito-kikkaboo-modena-3-piezas\/#primaryimage"},"image":{"@id":"https:\/\/centrobebe.es\/shop\/centrobebe\/cochecitos-y-sillas-de-paseo-de-bebe\/cochecitos-bebe\/cochecitos-dos-piezas\/cochecito-kikkaboo-modena-3-piezas\/#primaryimage"},"thumbnailUrl":"https:\/\/centrobebe.es\/wp-content\/uploads\/2025\/01\/modena_dark_grey_31001010224__12.jpg","datePublished":"2025-01-11T10:01:38+00:00","dateModified":"2026-04-13T16:00:02+00:00","description":"Este Carrito Kikkaboo Modena tres piezas es muy ligero y aporta mucha comodidad. \u00a1Conoce el Cochecito Kikkaboo Modena Premium 3 Piezas!","breadcrumb":{"@id":"https:\/\/centrobebe.es\/shop\/centrobebe\/cochecitos-y-sillas-de-paseo-de-bebe\/cochecitos-bebe\/cochecitos-dos-piezas\/cochecito-kikkaboo-modena-3-piezas\/#breadcrumb"},"inLanguage":"en-GB","potentialAction":[{"@type":"ReadAction","target":["https:\/\/centrobebe.es\/shop\/centrobebe\/cochecitos-y-sillas-de-paseo-de-bebe\/cochecitos-bebe\/cochecitos-dos-piezas\/cochecito-kikkaboo-modena-3-piezas\/"]}]},{"@type":"ImageObject","inLanguage":"en-GB","@id":"https:\/\/centrobebe.es\/shop\/centrobebe\/cochecitos-y-sillas-de-paseo-de-bebe\/cochecitos-bebe\/cochecitos-dos-piezas\/cochecito-kikkaboo-modena-3-piezas\/#primaryimage","url":"https:\/\/centrobebe.es\/wp-content\/uploads\/2025\/01\/modena_dark_grey_31001010224__12.jpg","contentUrl":"https:\/\/centrobebe.es\/wp-content\/uploads\/2025\/01\/modena_dark_grey_31001010224__12.jpg","width":1500,"height":1200,"caption":"coche kikkaboo modena"},{"@type":"BreadcrumbList","@id":"https:\/\/centrobebe.es\/shop\/centrobebe\/cochecitos-y-sillas-de-paseo-de-bebe\/cochecitos-bebe\/cochecitos-dos-piezas\/cochecito-kikkaboo-modena-3-piezas\/#breadcrumb","itemListElement":[{"@type":"ListItem","position":1,"name":"Portada","item":"https:\/\/centrobebe.es\/"},{"@type":"ListItem","position":2,"name":"Shop","item":"https:\/\/centrobebe.es\/shop\/"},{"@type":"ListItem","position":3,"name":"Cochecito Kikkaboo Modena 3 Piezas"}]},{"@type":"WebSite","@id":"https:\/\/centrobebe.es\/#website","url":"https:\/\/centrobebe.es\/","name":"Centrobeb\u00e9","description":"Tienda de bebe online | Todo lo que tu bebe necesita","publisher":{"@id":"https:\/\/centrobebe.es\/#organization"},"alternateName":"Centrobeb\u00e9","potentialAction":[{"@type":"SearchAction","target":{"@type":"EntryPoint","urlTemplate":"https:\/\/centrobebe.es\/?s={search_term_string}"},"query-input":{"@type":"PropertyValueSpecification","valueRequired":true,"valueName":"search_term_string"}}],"inLanguage":"en-GB"},{"@type":"Organization","@id":"https:\/\/centrobebe.es\/#organization","name":"Centrobebe","alternateName":"Centrobebe","url":"https:\/\/centrobebe.es\/","logo":{"@type":"ImageObject","inLanguage":"en-GB","@id":"https:\/\/centrobebe.es\/#\/schema\/logo\/image\/","url":"https:\/\/centrobebe.es\/wp-content\/uploads\/2018\/06\/icono3-e1557940133982.png","contentUrl":"https:\/\/centrobebe.es\/wp-content\/uploads\/2018\/06\/icono3-e1557940133982.png","width":34,"height":29,"caption":"Centrobebe"},"image":{"@id":"https:\/\/centrobebe.es\/#\/schema\/logo\/image\/"},"sameAs":["https:\/\/www.facebook.com\/centrobebe\/","https:\/\/x.com\/centrobebe","https:\/\/www.instagram.com\/centrobebe.es\/","https:\/\/www.youtube.com\/channel\/UCVU-jcFuwntnxOhxvSbf3hg"]}]}},"brands":[{"id":597,"name":"Kikka Boo","slug":"kikka-boo"}],"_links":{"self":[{"href":"https:\/\/centrobebe.es\/en\/wp-json\/wp\/v2\/product\/53606","targetHints":{"allow":["GET"]}}],"collection":[{"href":"https:\/\/centrobebe.es\/en\/wp-json\/wp\/v2\/product"}],"about":[{"href":"https:\/\/centrobebe.es\/en\/wp-json\/wp\/v2\/types\/product"}],"version-history":[{"count":2,"href":"https:\/\/centrobebe.es\/en\/wp-json\/wp\/v2\/product\/53606\/revisions"}],"predecessor-version":[{"id":53654,"href":"https:\/\/centrobebe.es\/en\/wp-json\/wp\/v2\/product\/53606\/revisions\/53654"}],"wp:featuredmedia":[{"embeddable":true,"href":"https:\/\/centrobebe.es\/en\/wp-json\/wp\/v2\/media\/53653"}],"wp:attachment":[{"href":"https:\/\/centrobebe.es\/en\/wp-json\/wp\/v2\/media?parent=53606"}],"wp:term":[{"taxonomy":"pwb-brand","embeddable":true,"href":"https:\/\/centrobebe.es\/en\/wp-json\/wp\/v2\/pwb-brand?post=53606"},{"taxonomy":"product_cat","embeddable":true,"href":"https:\/\/centrobebe.es\/en\/wp-json\/wp\/v2\/product_cat?post=53606"},{"taxonomy":"product_tag","embeddable":true,"href":"https:\/\/centrobebe.es\/en\/wp-json\/wp\/v2\/product_tag?post=53606"}],"curies":[{"name":"wp","href":"https:\/\/api.w.org\/{rel}","templated":true}]}}