{"id":54589,"date":"2025-03-13T20:04:45","date_gmt":"2025-03-13T20:04:45","guid":{"rendered":"https:\/\/centrobebe.es\/?post_type=product&#038;p=54589"},"modified":"2026-03-26T21:16:23","modified_gmt":"2026-03-26T21:16:23","slug":"cochecito-bebe-espiro-code","status":"publish","type":"product","link":"https:\/\/centrobebe.es\/en\/shop\/centrobebe\/cochecitos-y-sillas-de-paseo-de-bebe\/cochecitos-bebe\/cochecitos-dos-piezas\/cochecito-bebe-espiro-code\/","title":{"rendered":"Cochecito bebe Espiro Code Dos Piezas"},"content":{"rendered":"<h1>Cochecito bebe Espiro Code Dos Piezas<\/h1>\n<div>El carrito de beb\u00e9\u00a0<strong>Espiro Code<\/strong>\u00a0ha sido dise\u00f1ado para hacer cada paseo m\u00e1s f\u00e1cil y c\u00f3modo. Su sistema de plegado compacto\u00a0<strong>Gravity Fold<\/strong>\u00a0ahorra espacio, mientras que la triple ventilaci\u00f3n mantiene a tu beb\u00e9 fresco. Con acabados de alta calidad y un pack de accesorios incluidos, es perfecto para las familias modernas. \u00a1Calidad, comodidad y estilo en un solo carrito!<\/div>\n<div><\/div>\n<div><img fetchpriority=\"high\" decoding=\"async\" class=\"aligncenter wp-image-54598 size-full\" src=\"https:\/\/centrobebe.es\/wp-content\/uploads\/2025\/03\/Espiro-Code-Lifestyle-19-LOVING-BEIGE-2-Copiar.jpg\" alt=\"espiro code\" width=\"800\" height=\"557\" srcset=\"https:\/\/centrobebe.es\/wp-content\/uploads\/2025\/03\/Espiro-Code-Lifestyle-19-LOVING-BEIGE-2-Copiar.jpg 800w, https:\/\/centrobebe.es\/wp-content\/uploads\/2025\/03\/Espiro-Code-Lifestyle-19-LOVING-BEIGE-2-Copiar-360x251.jpg 360w, https:\/\/centrobebe.es\/wp-content\/uploads\/2025\/03\/Espiro-Code-Lifestyle-19-LOVING-BEIGE-2-Copiar-18x12.jpg 18w, https:\/\/centrobebe.es\/wp-content\/uploads\/2025\/03\/Espiro-Code-Lifestyle-19-LOVING-BEIGE-2-Copiar-142x99.jpg 142w, https:\/\/centrobebe.es\/wp-content\/uploads\/2025\/03\/Espiro-Code-Lifestyle-19-LOVING-BEIGE-2-Copiar-359x250.jpg 359w, https:\/\/centrobebe.es\/wp-content\/uploads\/2025\/03\/Espiro-Code-Lifestyle-19-LOVING-BEIGE-2-Copiar-76x53.jpg 76w\" sizes=\"(max-width: 800px) 100vw, 800px\" \/><\/div>\n<div><\/div>\n<div>\u00a1Nuevo cochecito 2 en 1 de la familia espiro! Est\u00e1 dise\u00f1ado para impresionar con sus soluciones funcionales autom\u00e1ticas. El espacioso capazo tiene un sistema de montaje y desmontaje f\u00e1cil y c\u00f3modo, con solo un clic en la capota del capazo. El capazo se pliega en un abrir y cerrar de ojos. El chasis se pliega mediante un sistema de plegado autom\u00e1tico. Es un sistema inteligente que impresiona a todos, gracias al sistema de plegado por gravedad, que permite que el cochecito se pliegue autom\u00e1ticamente (en ambas direcciones) con solo un movimiento del respaldo. DesbloAqueo del cochecito con botones de memoria.<\/div>\n<div><\/div>\n<p>&lt;div<iframe title=\"NOWO\u015a\u0106! | espiro code \u2013 w\u00f3zek 2w1 z gondol\u0105 sk\u0142adan\u0105 na p\u0142asko, a spacer\u00f3wk\u0105 automatycznie\" src=\"https:\/\/www.youtube.com\/embed\/tlaZWfZmZiE\" width=\"1250\" height=\"703\" frameborder=\"0\" allowfullscreen=\"allowfullscreen\"><\/iframe>&gt;<\/p>\n<div>\u00a1Descubre el carrito de beb\u00e9 Espiro Code, la combinaci\u00f3n perfecta de comodidad, seguridad y practicidad para ti y tu peque\u00f1o!<\/div>\n<div>\n<div id=\"model-response-message-contentr_64f2ab86c91d509d\" class=\"markdown markdown-main-panel\" dir=\"ltr\">\n<p data-sourcepos=\"3:1-3:46\"><strong>Comodidad y seguridad desde el nacimiento:<\/strong><\/p>\n<ul data-sourcepos=\"5:1-11:0\">\n<li data-sourcepos=\"5:1-5:132\"><strong>Capazo con triple ventilaci\u00f3n:<\/strong> Asegura una \u00f3ptima circulaci\u00f3n del aire, manteniendo a tu beb\u00e9 fresco y c\u00f3modo en todo momento.<\/li>\n<li data-sourcepos=\"6:1-6:159\"><strong>Capota extensible con protecci\u00f3n UPF50+:<\/strong> Protege a tu beb\u00e9 de los rayos solares y las inclemencias del tiempo, garantizando paseos seguros y placenteros.<\/li>\n<li data-sourcepos=\"7:1-7:122\"><strong>Estabilizador de capazo:<\/strong> Proporciona mayor seguridad y estabilidad al capazo, especialmente en terrenos irregulares.<\/li>\n<li data-sourcepos=\"8:1-8:110\"><strong>C\u00f3moda hebilla magn\u00e9tica:<\/strong> Facilita el abrochado y desabrochado del arn\u00e9s, ahorr\u00e1ndote tiempo y esfuerzo.<\/li>\n<li data-sourcepos=\"9:1-9:126\"><strong>Sistema de ajuste del cintur\u00f3n muy f\u00e1cil:<\/strong> Permite adaptar el arn\u00e9s al crecimiento de tu beb\u00e9 de forma r\u00e1pida y sencilla.<\/li>\n<li data-sourcepos=\"10:1-11:0\"><strong>Barrera giratoria de 360\u00b0:<\/strong> Facilita el acceso al beb\u00e9 y garantiza su seguridad en todo momento.<\/li>\n<\/ul>\n<h1><img decoding=\"async\" class=\"aligncenter wp-image-54596 size-full\" src=\"https:\/\/centrobebe.es\/wp-content\/uploads\/2025\/03\/code-2.jpg\" alt=\"espiro code\" width=\"1004\" height=\"268\" srcset=\"https:\/\/centrobebe.es\/wp-content\/uploads\/2025\/03\/code-2.jpg 1004w, https:\/\/centrobebe.es\/wp-content\/uploads\/2025\/03\/code-2-360x96.jpg 360w, https:\/\/centrobebe.es\/wp-content\/uploads\/2025\/03\/code-2-18x5.jpg 18w, https:\/\/centrobebe.es\/wp-content\/uploads\/2025\/03\/code-2-142x38.jpg 142w, https:\/\/centrobebe.es\/wp-content\/uploads\/2025\/03\/code-2-937x250.jpg 937w, https:\/\/centrobebe.es\/wp-content\/uploads\/2025\/03\/code-2-199x53.jpg 199w\" sizes=\"(max-width: 1004px) 100vw, 1004px\" \/><\/h1>\n<p data-sourcepos=\"12:1-12:48\"><strong>Practicidad y funcionalidad para los padres:<\/strong><\/p>\n<ul data-sourcepos=\"14:1-20:0\">\n<li data-sourcepos=\"14:1-14:187\"><strong>Plegado autom\u00e1tico:<\/strong> \u00a1Olv\u00eddate de complicaciones! <span class=\"citation-0 entailed citation-end-0\" tabindex=\"0\" role=\"button\">El Espiro Code se pliega autom\u00e1ticamente con la silla en ambas direcciones, facilitando su transporte y almacenamiento.<\/span><\/li>\n<li data-sourcepos=\"15:1-15:155\"><strong><span class=\"citation-1 entailed\" tabindex=\"0\" role=\"button\">Plegado autom\u00e1tico del chasis:<\/span><\/strong><span class=\"citation-1 entailed citation-end-1\" tabindex=\"0\" role=\"button\"> Con un simple movimiento del respaldo, el chasis se pliega de forma compacta, ocupando el m\u00ednimo espacio.<\/span><\/li>\n<li data-sourcepos=\"16:1-16:148\"><strong>Sistema de botones con memoria:<\/strong> Permite ajustar f\u00e1cilmente la posici\u00f3n del respaldo y el reposapi\u00e9s, adapt\u00e1ndose a las necesidades de tu beb\u00e9.<\/li>\n<li data-sourcepos=\"17:1-17:101\"><strong>Capota extensible con tejido hidr\u00f3fobo:<\/strong> Repele el agua y protege a tu beb\u00e9 de la lluvia ligera.<\/li>\n<li data-sourcepos=\"18:1-18:130\"><strong>Panel de ventilaci\u00f3n:<\/strong> Garantiza una \u00f3ptima circulaci\u00f3n del aire en la silla de paseo, manteniendo a tu beb\u00e9 fresco y c\u00f3modo.<\/li>\n<li data-sourcepos=\"19:1-20:0\"><strong>Pr\u00e1ctico bolsillo en el respaldo del asiento:<\/strong> Permite guardar peque\u00f1os objetos y tenerlos siempre a mano.<\/li>\n<\/ul>\n<h1><img decoding=\"async\" class=\"aligncenter wp-image-54597 size-full\" src=\"https:\/\/centrobebe.es\/wp-content\/uploads\/2025\/03\/code-1.jpg\" alt=\"espiro code\" width=\"1067\" height=\"243\" srcset=\"https:\/\/centrobebe.es\/wp-content\/uploads\/2025\/03\/code-1.jpg 1067w, https:\/\/centrobebe.es\/wp-content\/uploads\/2025\/03\/code-1-360x82.jpg 360w, https:\/\/centrobebe.es\/wp-content\/uploads\/2025\/03\/code-1-18x4.jpg 18w, https:\/\/centrobebe.es\/wp-content\/uploads\/2025\/03\/code-1-142x32.jpg 142w, https:\/\/centrobebe.es\/wp-content\/uploads\/2025\/03\/code-1-233x53.jpg 233w\" sizes=\"(max-width: 1067px) 100vw, 1067px\" \/><\/h1>\n<p data-sourcepos=\"21:1-21:70\"><strong>Espiro Code: el carrito de beb\u00e9 que se adapta a tu estilo de vida.<\/strong><\/p>\n<p data-sourcepos=\"23:1-23:270\">Con su dise\u00f1o moderno y funcional, el Espiro Code es el compa\u00f1ero ideal para tus paseos diarios. Su plegado autom\u00e1tico y su ligereza te permitir\u00e1n moverte con total libertad, mientras que sus caracter\u00edsticas de seguridad y comodidad garantizar\u00e1n el bienestar de tu beb\u00e9.<\/p>\n<p data-sourcepos=\"25:1-25:85\"><strong>\u00a1No esperes m\u00e1s y hazte con el Espiro Code, el carrito de beb\u00e9 que lo tiene todo!<\/strong><\/p>\n<\/div>\n<\/div>\n<div>\n<h2>Que Incluye?<\/h2>\n<\/div>\n<ul>\n<li>Chasis<\/li>\n<li>Ruedas<\/li>\n<li>Capazo con colch\u00f3n con funda de bamb\u00fa<\/li>\n<li>Adaptadores de altura del capazo<\/li>\n<li>Silla<\/li>\n<li>Burbuja de lluvia<\/li>\n<li>Mosquitera<\/li>\n<li>Bolso<\/li>\n<li>Cubrepies para silla<\/li>\n<li>Portavasos<\/li>\n<\/ul>\n<h2>Medidas<\/h2>\n<div>\n<h1><img loading=\"lazy\" decoding=\"async\" class=\"aligncenter wp-image-54595 size-full\" src=\"https:\/\/centrobebe.es\/wp-content\/uploads\/2025\/03\/code-3.jpg\" alt=\"espiro code\" width=\"994\" height=\"328\" srcset=\"https:\/\/centrobebe.es\/wp-content\/uploads\/2025\/03\/code-3.jpg 994w, https:\/\/centrobebe.es\/wp-content\/uploads\/2025\/03\/code-3-360x119.jpg 360w, https:\/\/centrobebe.es\/wp-content\/uploads\/2025\/03\/code-3-18x6.jpg 18w, https:\/\/centrobebe.es\/wp-content\/uploads\/2025\/03\/code-3-142x47.jpg 142w, https:\/\/centrobebe.es\/wp-content\/uploads\/2025\/03\/code-3-758x250.jpg 758w, https:\/\/centrobebe.es\/wp-content\/uploads\/2025\/03\/code-3-161x53.jpg 161w\" sizes=\"(max-width: 994px) 100vw, 994px\" \/><\/h1>\n<\/div>\n<div><\/div>\n<div>\n<div>En Centrobebe disponemos de una amplia variedad de <a href=\"https:\/\/centrobebe.es\/en\/product-category\/centrobebe\/cochecitos-y-sillas-de-paseo-de-bebe\/cochecitos-bebe\/\">coches de bebe<\/a> baratas de las principales marcas del mercado que garantizan la calidad y la asistencia t\u00e9cnica ante cualquier incidencia. Encuentra la m\u00e1s acorde con tus necesidades.<\/div>\n<div><\/div>\n<p>Si necesitas m\u00e1s informaci\u00f3n sobre los productos para beb\u00e9s, no dudes en ponerte en contacto con nuestro equipo de profesionales. Estaremos encantados de ayudarte y aconsejarte sobre los beneficios que te aporta cada producto.<\/p>\n<\/div>","protected":false},"excerpt":{"rendered":"<p>El carrito de beb\u00e9\u00a0<strong>Espiro Code<\/strong>\u00a0ha sido dise\u00f1ado para hacer cada paseo m\u00e1s f\u00e1cil y c\u00f3modo. Su sistema de plegado compacto\u00a0<strong>Gravity Fold<\/strong>\u00a0ahorra espacio, mientras que la triple ventilaci\u00f3n mantiene a tu beb\u00e9 fresco. Con acabados de alta calidad y un pack de accesorios incluidos, es perfecto para las familias modernas. \u00a1Calidad, comodidad y estilo en un solo carrito!<\/p>","protected":false},"featured_media":54599,"template":"","meta":[],"pwb-brand":[663],"product_cat":[154,585],"product_tag":[],"class_list":{"0":"post-54589","1":"product","2":"type-product","3":"status-publish","4":"has-post-thumbnail","6":"pwb-brand-espiro","7":"product_cat-cochecitos-bebe","8":"product_cat-cochecitos-dos-piezas","9":"pa_color-beige","10":"pa_color-beige-chasis-blanco","11":"pa_color-marino","12":"pa_color-marron","13":"pa_color-negro","14":"tm-no-options","16":"first","17":"instock","18":"taxable","19":"shipping-taxable","20":"purchasable","21":"product-type-variable","22":"wvs-archive-product-wrapper"},"yoast_head":"<!-- This site is optimized with the Yoast SEO plugin v27.5 - https:\/\/yoast.com\/product\/yoast-seo-wordpress\/ -->\n<title>Coche bebe Espiro Code - Plegado Autom\u00e1tico - Centrobeb\u00e9<\/title>\n<meta name=\"description\" content=\"Carrito\u00a0Espiro Code\u00a0dise\u00f1ado con su sistema de plegado compacto\u00a0Gravity Fold\u00a0ahorra espacio,acabados de alta calidad y un pack de accesorios incluidos.\" \/>\n<meta name=\"robots\" content=\"index, follow, max-snippet:-1, max-image-preview:large, max-video-preview:-1\" \/>\n<link rel=\"canonical\" href=\"https:\/\/centrobebe.es\/en\/shop\/centrobebe\/cochecitos-y-sillas-de-paseo-de-bebe\/cochecitos-bebe\/cochecitos-dos-piezas\/cochecito-bebe-espiro-code\/\" \/>\n<meta property=\"og:locale\" content=\"en_GB\" \/>\n<meta property=\"og:type\" content=\"article\" \/>\n<meta property=\"og:title\" content=\"Coche bebe Espiro Code - Plegado Autom\u00e1tico - Centrobeb\u00e9\" \/>\n<meta property=\"og:description\" content=\"Carrito\u00a0Espiro Code\u00a0dise\u00f1ado con su sistema de plegado compacto\u00a0Gravity Fold\u00a0ahorra espacio,acabados de alta calidad y un pack de accesorios incluidos.\" \/>\n<meta property=\"og:url\" content=\"https:\/\/centrobebe.es\/en\/shop\/centrobebe\/cochecitos-y-sillas-de-paseo-de-bebe\/cochecitos-bebe\/cochecitos-dos-piezas\/cochecito-bebe-espiro-code\/\" \/>\n<meta property=\"og:site_name\" content=\"Centrobeb\u00e9\" \/>\n<meta property=\"article:publisher\" content=\"https:\/\/www.facebook.com\/centrobebe\/\" \/>\n<meta property=\"article:modified_time\" content=\"2026-03-26T21:16:23+00:00\" \/>\n<meta property=\"og:image\" content=\"https:\/\/centrobebe.es\/wp-content\/uploads\/2025\/03\/espiro-code-portada.jpg\" \/>\n\t<meta property=\"og:image:width\" content=\"557\" \/>\n\t<meta property=\"og:image:height\" content=\"557\" \/>\n\t<meta property=\"og:image:type\" content=\"image\/jpeg\" \/>\n<meta name=\"twitter:card\" content=\"summary_large_image\" \/>\n<meta name=\"twitter:site\" content=\"@centrobebe\" \/>\n<meta name=\"twitter:label1\" content=\"Estimated reading time\" \/>\n\t<meta name=\"twitter:data1\" content=\"4 minutes\" \/>\n<script type=\"application\/ld+json\" class=\"yoast-schema-graph\">{\"@context\":\"https:\\\/\\\/schema.org\",\"@graph\":[{\"@type\":\"WebPage\",\"@id\":\"https:\\\/\\\/centrobebe.es\\\/shop\\\/centrobebe\\\/cochecitos-y-sillas-de-paseo-de-bebe\\\/cochecitos-bebe\\\/cochecitos-dos-piezas\\\/cochecito-bebe-espiro-code\\\/\",\"url\":\"https:\\\/\\\/centrobebe.es\\\/shop\\\/centrobebe\\\/cochecitos-y-sillas-de-paseo-de-bebe\\\/cochecitos-bebe\\\/cochecitos-dos-piezas\\\/cochecito-bebe-espiro-code\\\/\",\"name\":\"Coche bebe Espiro Code - Plegado Autom\u00e1tico - Centrobeb\u00e9\",\"isPartOf\":{\"@id\":\"https:\\\/\\\/centrobebe.es\\\/#website\"},\"primaryImageOfPage\":{\"@id\":\"https:\\\/\\\/centrobebe.es\\\/shop\\\/centrobebe\\\/cochecitos-y-sillas-de-paseo-de-bebe\\\/cochecitos-bebe\\\/cochecitos-dos-piezas\\\/cochecito-bebe-espiro-code\\\/#primaryimage\"},\"image\":{\"@id\":\"https:\\\/\\\/centrobebe.es\\\/shop\\\/centrobebe\\\/cochecitos-y-sillas-de-paseo-de-bebe\\\/cochecitos-bebe\\\/cochecitos-dos-piezas\\\/cochecito-bebe-espiro-code\\\/#primaryimage\"},\"thumbnailUrl\":\"https:\\\/\\\/centrobebe.es\\\/wp-content\\\/uploads\\\/2025\\\/03\\\/espiro-code-portada.jpg\",\"datePublished\":\"2025-03-13T20:04:45+00:00\",\"dateModified\":\"2026-03-26T21:16:23+00:00\",\"description\":\"Carrito\u00a0Espiro Code\u00a0dise\u00f1ado con su sistema de plegado compacto\u00a0Gravity Fold\u00a0ahorra espacio,acabados de alta calidad y un pack de accesorios incluidos.\",\"breadcrumb\":{\"@id\":\"https:\\\/\\\/centrobebe.es\\\/shop\\\/centrobebe\\\/cochecitos-y-sillas-de-paseo-de-bebe\\\/cochecitos-bebe\\\/cochecitos-dos-piezas\\\/cochecito-bebe-espiro-code\\\/#breadcrumb\"},\"inLanguage\":\"en-GB\",\"potentialAction\":[{\"@type\":\"ReadAction\",\"target\":[\"https:\\\/\\\/centrobebe.es\\\/shop\\\/centrobebe\\\/cochecitos-y-sillas-de-paseo-de-bebe\\\/cochecitos-bebe\\\/cochecitos-dos-piezas\\\/cochecito-bebe-espiro-code\\\/\"]}]},{\"@type\":\"ImageObject\",\"inLanguage\":\"en-GB\",\"@id\":\"https:\\\/\\\/centrobebe.es\\\/shop\\\/centrobebe\\\/cochecitos-y-sillas-de-paseo-de-bebe\\\/cochecitos-bebe\\\/cochecitos-dos-piezas\\\/cochecito-bebe-espiro-code\\\/#primaryimage\",\"url\":\"https:\\\/\\\/centrobebe.es\\\/wp-content\\\/uploads\\\/2025\\\/03\\\/espiro-code-portada.jpg\",\"contentUrl\":\"https:\\\/\\\/centrobebe.es\\\/wp-content\\\/uploads\\\/2025\\\/03\\\/espiro-code-portada.jpg\",\"width\":557,\"height\":557},{\"@type\":\"BreadcrumbList\",\"@id\":\"https:\\\/\\\/centrobebe.es\\\/shop\\\/centrobebe\\\/cochecitos-y-sillas-de-paseo-de-bebe\\\/cochecitos-bebe\\\/cochecitos-dos-piezas\\\/cochecito-bebe-espiro-code\\\/#breadcrumb\",\"itemListElement\":[{\"@type\":\"ListItem\",\"position\":1,\"name\":\"Portada\",\"item\":\"https:\\\/\\\/centrobebe.es\\\/\"},{\"@type\":\"ListItem\",\"position\":2,\"name\":\"Shop\",\"item\":\"https:\\\/\\\/centrobebe.es\\\/shop\\\/\"},{\"@type\":\"ListItem\",\"position\":3,\"name\":\"Cochecito bebe Espiro Code Dos Piezas\"}]},{\"@type\":\"WebSite\",\"@id\":\"https:\\\/\\\/centrobebe.es\\\/#website\",\"url\":\"https:\\\/\\\/centrobebe.es\\\/\",\"name\":\"Centrobeb\u00e9\",\"description\":\"Tienda de bebe online | Todo lo que tu bebe necesita\",\"publisher\":{\"@id\":\"https:\\\/\\\/centrobebe.es\\\/#organization\"},\"alternateName\":\"Centrobeb\u00e9\",\"potentialAction\":[{\"@type\":\"SearchAction\",\"target\":{\"@type\":\"EntryPoint\",\"urlTemplate\":\"https:\\\/\\\/centrobebe.es\\\/?s={search_term_string}\"},\"query-input\":{\"@type\":\"PropertyValueSpecification\",\"valueRequired\":true,\"valueName\":\"search_term_string\"}}],\"inLanguage\":\"en-GB\"},{\"@type\":\"Organization\",\"@id\":\"https:\\\/\\\/centrobebe.es\\\/#organization\",\"name\":\"Centrobebe\",\"alternateName\":\"Centrobebe\",\"url\":\"https:\\\/\\\/centrobebe.es\\\/\",\"logo\":{\"@type\":\"ImageObject\",\"inLanguage\":\"en-GB\",\"@id\":\"https:\\\/\\\/centrobebe.es\\\/#\\\/schema\\\/logo\\\/image\\\/\",\"url\":\"https:\\\/\\\/centrobebe.es\\\/wp-content\\\/uploads\\\/2018\\\/06\\\/icono3-e1557940133982.png\",\"contentUrl\":\"https:\\\/\\\/centrobebe.es\\\/wp-content\\\/uploads\\\/2018\\\/06\\\/icono3-e1557940133982.png\",\"width\":34,\"height\":29,\"caption\":\"Centrobebe\"},\"image\":{\"@id\":\"https:\\\/\\\/centrobebe.es\\\/#\\\/schema\\\/logo\\\/image\\\/\"},\"sameAs\":[\"https:\\\/\\\/www.facebook.com\\\/centrobebe\\\/\",\"https:\\\/\\\/x.com\\\/centrobebe\",\"https:\\\/\\\/www.instagram.com\\\/centrobebe.es\\\/\",\"https:\\\/\\\/www.youtube.com\\\/channel\\\/UCVU-jcFuwntnxOhxvSbf3hg\"]}]}<\/script>\n<!-- \/ Yoast SEO plugin. -->","yoast_head_json":{"title":"Coche bebe Espiro Code - Plegado Autom\u00e1tico - Centrobeb\u00e9","description":"Carrito\u00a0Espiro Code\u00a0dise\u00f1ado con su sistema de plegado compacto\u00a0Gravity Fold\u00a0ahorra espacio,acabados de alta calidad y un pack de accesorios incluidos.","robots":{"index":"index","follow":"follow","max-snippet":"max-snippet:-1","max-image-preview":"max-image-preview:large","max-video-preview":"max-video-preview:-1"},"canonical":"https:\/\/centrobebe.es\/en\/shop\/centrobebe\/cochecitos-y-sillas-de-paseo-de-bebe\/cochecitos-bebe\/cochecitos-dos-piezas\/cochecito-bebe-espiro-code\/","og_locale":"en_GB","og_type":"article","og_title":"Coche bebe Espiro Code - Plegado Autom\u00e1tico - Centrobeb\u00e9","og_description":"Carrito\u00a0Espiro Code\u00a0dise\u00f1ado con su sistema de plegado compacto\u00a0Gravity Fold\u00a0ahorra espacio,acabados de alta calidad y un pack de accesorios incluidos.","og_url":"https:\/\/centrobebe.es\/en\/shop\/centrobebe\/cochecitos-y-sillas-de-paseo-de-bebe\/cochecitos-bebe\/cochecitos-dos-piezas\/cochecito-bebe-espiro-code\/","og_site_name":"Centrobeb\u00e9","article_publisher":"https:\/\/www.facebook.com\/centrobebe\/","article_modified_time":"2026-03-26T21:16:23+00:00","og_image":[{"width":557,"height":557,"url":"https:\/\/centrobebe.es\/wp-content\/uploads\/2025\/03\/espiro-code-portada.jpg","type":"image\/jpeg"}],"twitter_card":"summary_large_image","twitter_site":"@centrobebe","twitter_misc":{"Estimated reading time":"4 minutes"},"schema":{"@context":"https:\/\/schema.org","@graph":[{"@type":"WebPage","@id":"https:\/\/centrobebe.es\/shop\/centrobebe\/cochecitos-y-sillas-de-paseo-de-bebe\/cochecitos-bebe\/cochecitos-dos-piezas\/cochecito-bebe-espiro-code\/","url":"https:\/\/centrobebe.es\/shop\/centrobebe\/cochecitos-y-sillas-de-paseo-de-bebe\/cochecitos-bebe\/cochecitos-dos-piezas\/cochecito-bebe-espiro-code\/","name":"Coche bebe Espiro Code - Plegado Autom\u00e1tico - Centrobeb\u00e9","isPartOf":{"@id":"https:\/\/centrobebe.es\/#website"},"primaryImageOfPage":{"@id":"https:\/\/centrobebe.es\/shop\/centrobebe\/cochecitos-y-sillas-de-paseo-de-bebe\/cochecitos-bebe\/cochecitos-dos-piezas\/cochecito-bebe-espiro-code\/#primaryimage"},"image":{"@id":"https:\/\/centrobebe.es\/shop\/centrobebe\/cochecitos-y-sillas-de-paseo-de-bebe\/cochecitos-bebe\/cochecitos-dos-piezas\/cochecito-bebe-espiro-code\/#primaryimage"},"thumbnailUrl":"https:\/\/centrobebe.es\/wp-content\/uploads\/2025\/03\/espiro-code-portada.jpg","datePublished":"2025-03-13T20:04:45+00:00","dateModified":"2026-03-26T21:16:23+00:00","description":"Carrito\u00a0Espiro Code\u00a0dise\u00f1ado con su sistema de plegado compacto\u00a0Gravity Fold\u00a0ahorra espacio,acabados de alta calidad y un pack de accesorios incluidos.","breadcrumb":{"@id":"https:\/\/centrobebe.es\/shop\/centrobebe\/cochecitos-y-sillas-de-paseo-de-bebe\/cochecitos-bebe\/cochecitos-dos-piezas\/cochecito-bebe-espiro-code\/#breadcrumb"},"inLanguage":"en-GB","potentialAction":[{"@type":"ReadAction","target":["https:\/\/centrobebe.es\/shop\/centrobebe\/cochecitos-y-sillas-de-paseo-de-bebe\/cochecitos-bebe\/cochecitos-dos-piezas\/cochecito-bebe-espiro-code\/"]}]},{"@type":"ImageObject","inLanguage":"en-GB","@id":"https:\/\/centrobebe.es\/shop\/centrobebe\/cochecitos-y-sillas-de-paseo-de-bebe\/cochecitos-bebe\/cochecitos-dos-piezas\/cochecito-bebe-espiro-code\/#primaryimage","url":"https:\/\/centrobebe.es\/wp-content\/uploads\/2025\/03\/espiro-code-portada.jpg","contentUrl":"https:\/\/centrobebe.es\/wp-content\/uploads\/2025\/03\/espiro-code-portada.jpg","width":557,"height":557},{"@type":"BreadcrumbList","@id":"https:\/\/centrobebe.es\/shop\/centrobebe\/cochecitos-y-sillas-de-paseo-de-bebe\/cochecitos-bebe\/cochecitos-dos-piezas\/cochecito-bebe-espiro-code\/#breadcrumb","itemListElement":[{"@type":"ListItem","position":1,"name":"Portada","item":"https:\/\/centrobebe.es\/"},{"@type":"ListItem","position":2,"name":"Shop","item":"https:\/\/centrobebe.es\/shop\/"},{"@type":"ListItem","position":3,"name":"Cochecito bebe Espiro Code Dos Piezas"}]},{"@type":"WebSite","@id":"https:\/\/centrobebe.es\/#website","url":"https:\/\/centrobebe.es\/","name":"Centrobeb\u00e9","description":"Tienda de bebe online | Todo lo que tu bebe necesita","publisher":{"@id":"https:\/\/centrobebe.es\/#organization"},"alternateName":"Centrobeb\u00e9","potentialAction":[{"@type":"SearchAction","target":{"@type":"EntryPoint","urlTemplate":"https:\/\/centrobebe.es\/?s={search_term_string}"},"query-input":{"@type":"PropertyValueSpecification","valueRequired":true,"valueName":"search_term_string"}}],"inLanguage":"en-GB"},{"@type":"Organization","@id":"https:\/\/centrobebe.es\/#organization","name":"Centrobebe","alternateName":"Centrobebe","url":"https:\/\/centrobebe.es\/","logo":{"@type":"ImageObject","inLanguage":"en-GB","@id":"https:\/\/centrobebe.es\/#\/schema\/logo\/image\/","url":"https:\/\/centrobebe.es\/wp-content\/uploads\/2018\/06\/icono3-e1557940133982.png","contentUrl":"https:\/\/centrobebe.es\/wp-content\/uploads\/2018\/06\/icono3-e1557940133982.png","width":34,"height":29,"caption":"Centrobebe"},"image":{"@id":"https:\/\/centrobebe.es\/#\/schema\/logo\/image\/"},"sameAs":["https:\/\/www.facebook.com\/centrobebe\/","https:\/\/x.com\/centrobebe","https:\/\/www.instagram.com\/centrobebe.es\/","https:\/\/www.youtube.com\/channel\/UCVU-jcFuwntnxOhxvSbf3hg"]}]}},"brands":[{"id":663,"name":"ESPIRO","slug":"espiro"}],"_links":{"self":[{"href":"https:\/\/centrobebe.es\/en\/wp-json\/wp\/v2\/product\/54589","targetHints":{"allow":["GET"]}}],"collection":[{"href":"https:\/\/centrobebe.es\/en\/wp-json\/wp\/v2\/product"}],"about":[{"href":"https:\/\/centrobebe.es\/en\/wp-json\/wp\/v2\/types\/product"}],"version-history":[{"count":6,"href":"https:\/\/centrobebe.es\/en\/wp-json\/wp\/v2\/product\/54589\/revisions"}],"predecessor-version":[{"id":54628,"href":"https:\/\/centrobebe.es\/en\/wp-json\/wp\/v2\/product\/54589\/revisions\/54628"}],"wp:featuredmedia":[{"embeddable":true,"href":"https:\/\/centrobebe.es\/en\/wp-json\/wp\/v2\/media\/54599"}],"wp:attachment":[{"href":"https:\/\/centrobebe.es\/en\/wp-json\/wp\/v2\/media?parent=54589"}],"wp:term":[{"taxonomy":"pwb-brand","embeddable":true,"href":"https:\/\/centrobebe.es\/en\/wp-json\/wp\/v2\/pwb-brand?post=54589"},{"taxonomy":"product_cat","embeddable":true,"href":"https:\/\/centrobebe.es\/en\/wp-json\/wp\/v2\/product_cat?post=54589"},{"taxonomy":"product_tag","embeddable":true,"href":"https:\/\/centrobebe.es\/en\/wp-json\/wp\/v2\/product_tag?post=54589"}],"curies":[{"name":"wp","href":"https:\/\/api.w.org\/{rel}","templated":true}]}}