{"id":54631,"date":"2025-03-14T18:30:30","date_gmt":"2025-03-14T18:30:30","guid":{"rendered":"https:\/\/centrobebe.es\/?post_type=product&#038;p=54631"},"modified":"2026-03-10T20:55:28","modified_gmt":"2026-03-10T20:55:28","slug":"carrito-chicco-bellagio-gran-confort","status":"publish","type":"product","link":"https:\/\/centrobebe.es\/en\/shop\/centrobebe\/cochecitos-y-sillas-de-paseo-de-bebe\/cochecitos-bebe\/cochecitos-3-piezas\/carrito-chicco-bellagio-gran-confort\/","title":{"rendered":"Carrito Chicco Bellagio 2 Gran Confort Dos Piezas (Opci\u00f3n 3 Piezas)"},"content":{"rendered":"<h1><strong>Carrito Chicco Bellagio Gran Confort<\/strong><\/h1>\n<p>Con Chicco Bellagio experimenta la combinaci\u00f3n definitiva de practicidad, comodidad y estilo con nuestro revolucionario sistema modular Bellagio. Ofrece una comodidad inigualable a los padres y satisface todas las necesidades de tu beb\u00e9.<\/p>\n<p><iframe title=\"Bellagio: el toque que marca la diferencia | Chicco (espa\u00f1ol)\" src=\"https:\/\/www.youtube.com\/embed\/nUtrmFzoVbk\" width=\"800\" height=\"500\" frameborder=\"0\" allowfullscreen=\"allowfullscreen\"><span data-mce-type=\"bookmark\" style=\"display: inline-block; width: 0px; overflow: hidden; line-height: 0;\" class=\"mce_SELRES_start\"><\/span><\/iframe><\/p>\n<p>Un toque puede marcar la diferencia. Bellagio te permite manejar todo sin esfuerzo con solo un gesto. \u00a1Gracias a la tecnolog\u00eda One Touch, se pliega con solo un clic! Cuando est\u00e1 plegado, se sostiene por s\u00ed mismo y cuenta con un c\u00f3modo asa de transporte.<\/p>\n<p>Homologado desde el nacimiento hasta 22 kg (4 a\u00f1os), incluye el cochecito, la capazo Flexi y los adaptadores para el asiento de coche.<\/p>\n<p>\u00a1Disfruta de la comodidad de un f\u00e1cil almacenamiento sin comprometer la calidad y el confort! Cuando no est\u00e1 en uso, la cuna Flexi ofrece una soluci\u00f3n que ahorra espacio gracias a su capacidad de compactaci\u00f3n y es muy ligera de llevar (pesa solo 4,4 kg).<\/p>\n<p>Los tejidos internos de la cuna son de fibras de bamb\u00fa natural, para garantizar un nido suave y transpirable para el beb\u00e9. Este material es adecuado para estar en contacto con la piel de los beb\u00e9s, ya que ayuda a mantener la temperatura corporal correcta.<\/p>\n<p>La cesta de transporte Flexi cuenta con un dosel extensible con protecci\u00f3n UV50+ y tratamientos WR, inserciones de malla para la circulaci\u00f3n del aire y un visera solar para la privacidad.<\/p>\n<p><iframe title=\"Bellagio: tutorial y funcionalidades | Chicco (espa\u00f1ol)\" src=\"https:\/\/www.youtube.com\/embed\/F-b5e7avJTY\" width=\"800\" height=\"500\" frameborder=\"0\" allowfullscreen=\"allowfullscreen\"><span data-mce-type=\"bookmark\" style=\"display: inline-block; width: 0px; overflow: hidden; line-height: 0;\" class=\"mce_SELRES_start\"><\/span><\/iframe><\/p>\n<h2>Capazo Gran Confort<\/h2>\n<p>Ad\u00e9ntrese en un mundo de comodidad sin igual con nuestro capazo Gran Confort. Dise\u00f1ado para una habitabilidad excepcional y el m\u00e1ximo confort, ofrece todas las caracter\u00edsticas necesarias para disfrutar de un paseo relajante y seguro al aire libre. Fabricado con fibras naturales de bamb\u00fa y tejidos suaves, el dise\u00f1o interior eleva los niveles de confort a nuevas cotas, garantizando una lujosa comodidad para beb\u00e9s y padres mientras exploran el mundo juntos.<\/p>\n<p>FIBRA DE BAMB\u00da FRESCA Y TRANSPIRABLE<br \/>\nDeleite a su beb\u00e9 con la comodidad de nuestros tejidos interiores frescos y transpirables. Fabricado con fibras naturales de bamb\u00fa, el capazo Flexi es un acogedor nido que mantiene a tu peque\u00f1o fresco y c\u00f3modo.<br \/>\nEste suave material es especialmente adecuado para estar en contacto con la delicada piel de los beb\u00e9s y puede absorber la humedad corporal, ayudando a mantener la temperatura corporal correcta.<\/p>\n<p>CELEBRACI\u00d3N DEL CONFORT<br \/>\nUn buen descanso es esencial para los beb\u00e9s, por eso el capazo Gran Confort est\u00e1 dise\u00f1ado para priorizar el bienestar de los beb\u00e9s, proporcionando un ambiente amplio y confortable. Con<br \/>\ngenerosas dimensiones internas 79 x 36 cm), crea un espacio acogedor y seguro, para sus primeras siestas al aire libre,haciendo de cada salida una celebraci\u00f3n de confort.<\/p>\n<p>RESPALDO REGULABLE<br \/>\nEl respaldo interno es regulable para garantizar el m\u00e1ximo confort al beb\u00e9, facilit\u00e1ndole la digesti\u00f3n, ayud\u00e1ndole en caso de congesti\u00f3n nasal y favoreciendo los est\u00edmulos visuales.<\/p>\n<p>DETALLES PREMIUM<br \/>\nTodo el capazo se enriquece con detalles premium que elevan su estilo. Desde la elegante insignia met\u00e1lica Chicco, hasta las pr\u00e1cticas cremalleras reflectantes y las inserciones de tejido revestido, disfruta de una mezcla de moda y funcionalidad que te distingue de la multitud.<\/p>\n<p>CONFORT EN LAS 4 ESTACIONES<br \/>\nExperimenta la comodidad en cualquier estaci\u00f3n con nuestro vers\u00e1til capazo. En los d\u00edas de invierno, el beb\u00e9 est\u00e1 bien protegido del fr\u00edo gracias a la solapa cortavientos extra\u00edble de la funda del<br \/>\ncapazo. Durante los calurosos d\u00edas de verano, sus inserciones de malla garantizan una refrescante circulaci\u00f3n del aire. La mejor transpirabilidad es posible tambi\u00e9n gracias a los orificios de la<br \/>\nestructura del capazo, que facilitan una mayor circulaci\u00f3n del aire.<\/p>\n<p>CAPAZO GRAN CONFORT M\u00c1XIMA PROTECCI\u00d3N<br \/>\nLa capota es extensible y est\u00e1 equipada con tratamientos UV50+ e impermeable. Para una protecci\u00f3n adicional, el capazo cuenta con un parasol extra\u00edble, que tambi\u00e9n puede actuar como mosquitera durante los d\u00edas de verano, gracias a sus inserciones laterales de red.<\/p>\n<p>ADVERTENCIAS E INSTRUCCIONES. &gt;&gt;&gt; <a href=\"https:\/\/centrobebe.es\/wp-content\/uploads\/2021\/03\/07087136330000_manual_46087139000000_2415.pdf\">Descargar aqu\u00ed<\/a> &lt;&lt;&lt;&lt;<\/p>\n<p>&nbsp;<\/p>\n<hr \/>\n<p>VER MAS COCHECITOS DE BEBE\u00a0 DE BEB\u00c9\u00a0<a href=\"https:\/\/centrobebe.es\/en\/product-category\/centrobebe\/en-casa\/tronas-bebe\/\">AQU\u00cd<\/a><\/p>\n<hr \/>\n<p>WEB FABRICANTE:\u00a0<a href=\"https:\/\/janeworld.com\/cochecitos\/muum\/\">AQU\u00cd<\/a><\/p>\n<p><strong>Cochecitos de bebe baratos para comprar Online<\/strong><\/p>\n<p>Centrobebe es la tienda de beb\u00e9 online en la cual puedes comprar tu carrito de beb\u00e9 homologado, hacemos una selecci\u00f3n de <strong>los mejores carritos para bebes de dos y tres piezas\u00a0\u00a0<\/strong>basada en las opiniones de nuestros clientes, desde los m\u00e1s baratos\u00a0 hasta los m\u00e1s exclusivos y con la \u00faltima tecnolog\u00eda.<\/p>\n<p>\u00daltimas novedades para comprar on line en toda clase de carricoches a los mejores precios.<\/p>\n<p>En Centrobebe disponemos de una amplia variedad de\u00a0<strong>coches de beb\u00e9<\/strong>\u00a0de las principales marcas del mercado que garantizan la calidad y la asistencia t\u00e9cnica ante cualquier incidencia.<\/p>\n<p>Puedes comprar on line tu cochecito de bebe al mejor precio.<\/p>","protected":false},"excerpt":{"rendered":"<p>Experimenta la combinaci\u00f3n definitiva de practicidad, comodidad y estilo con nuestro revolucionario sistema modular Bellagio. Ofrece una comodidad inigualable a los padres y satisface todas las necesidades de tu beb\u00e9.<\/p>","protected":false},"featured_media":58307,"template":"","meta":[],"pwb-brand":[403],"product_cat":[154,586],"product_tag":[184],"class_list":{"0":"post-54631","1":"product","2":"type-product","3":"status-publish","4":"has-post-thumbnail","6":"pwb-brand-chicco","7":"product_cat-cochecitos-bebe","8":"product_cat-cochecitos-3-piezas","9":"product_tag-jane","10":"pa_color-beige","11":"pa_color-beige-claro","12":"pa_color-gris","13":"pa_color-negro","14":"pa_color-verde-oliva","15":"tm-has-options","17":"first","18":"instock","19":"taxable","20":"shipping-taxable","21":"purchasable","22":"product-type-variable","23":"wvs-archive-product-wrapper"},"yoast_head":"<!-- This site is optimized with the Yoast SEO plugin v26.9 - https:\/\/yoast.com\/product\/yoast-seo-wordpress\/ -->\n<title>Carro Chicco Bellagio | Centro Beb\u00e9<\/title>\n<meta name=\"description\" content=\"Coche Chicco Bellagio, practico, comodo y con estilo. Ofrece una comodidad inigualable a los padres y satisface todas las necesidades de tu beb\u00e9.\" \/>\n<meta name=\"robots\" content=\"index, follow, max-snippet:-1, max-image-preview:large, max-video-preview:-1\" \/>\n<link rel=\"canonical\" href=\"https:\/\/centrobebe.es\/en\/shop\/centrobebe\/cochecitos-y-sillas-de-paseo-de-bebe\/cochecitos-bebe\/cochecitos-3-piezas\/carrito-chicco-bellagio-gran-confort\/\" \/>\n<meta property=\"og:locale\" content=\"en_GB\" \/>\n<meta property=\"og:type\" content=\"article\" \/>\n<meta property=\"og:title\" content=\"Carro Chicco Bellagio | Centro Beb\u00e9\" \/>\n<meta property=\"og:description\" content=\"Coche Chicco Bellagio, practico, comodo y con estilo. Ofrece una comodidad inigualable a los padres y satisface todas las necesidades de tu beb\u00e9.\" \/>\n<meta property=\"og:url\" content=\"https:\/\/centrobebe.es\/en\/shop\/centrobebe\/cochecitos-y-sillas-de-paseo-de-bebe\/cochecitos-bebe\/cochecitos-3-piezas\/carrito-chicco-bellagio-gran-confort\/\" \/>\n<meta property=\"og:site_name\" content=\"Centrobeb\u00e9\" \/>\n<meta property=\"article:publisher\" content=\"https:\/\/www.facebook.com\/centrobebe\/\" \/>\n<meta property=\"article:modified_time\" content=\"2026-03-10T20:55:28+00:00\" \/>\n<meta property=\"og:image\" content=\"https:\/\/centrobebe.es\/wp-content\/uploads\/2025\/03\/8058664196777.MAIN-Copiar.jpg\" \/>\n\t<meta property=\"og:image:width\" content=\"1080\" \/>\n\t<meta property=\"og:image:height\" content=\"1080\" \/>\n\t<meta property=\"og:image:type\" content=\"image\/jpeg\" \/>\n<meta name=\"twitter:card\" content=\"summary_large_image\" \/>\n<meta name=\"twitter:site\" content=\"@centrobebe\" \/>\n<meta name=\"twitter:label1\" content=\"Estimated reading time\" \/>\n\t<meta name=\"twitter:data1\" content=\"4 minutes\" \/>\n<script type=\"application\/ld+json\" class=\"yoast-schema-graph\">{\"@context\":\"https:\/\/schema.org\",\"@graph\":[{\"@type\":\"WebPage\",\"@id\":\"https:\/\/centrobebe.es\/shop\/centrobebe\/cochecitos-y-sillas-de-paseo-de-bebe\/cochecitos-bebe\/cochecitos-3-piezas\/carrito-chicco-bellagio-gran-confort\/\",\"url\":\"https:\/\/centrobebe.es\/shop\/centrobebe\/cochecitos-y-sillas-de-paseo-de-bebe\/cochecitos-bebe\/cochecitos-3-piezas\/carrito-chicco-bellagio-gran-confort\/\",\"name\":\"Carro Chicco Bellagio | Centro Beb\u00e9\",\"isPartOf\":{\"@id\":\"https:\/\/centrobebe.es\/#website\"},\"primaryImageOfPage\":{\"@id\":\"https:\/\/centrobebe.es\/shop\/centrobebe\/cochecitos-y-sillas-de-paseo-de-bebe\/cochecitos-bebe\/cochecitos-3-piezas\/carrito-chicco-bellagio-gran-confort\/#primaryimage\"},\"image\":{\"@id\":\"https:\/\/centrobebe.es\/shop\/centrobebe\/cochecitos-y-sillas-de-paseo-de-bebe\/cochecitos-bebe\/cochecitos-3-piezas\/carrito-chicco-bellagio-gran-confort\/#primaryimage\"},\"thumbnailUrl\":\"https:\/\/centrobebe.es\/wp-content\/uploads\/2025\/03\/8058664196777.MAIN-Copiar.jpg\",\"datePublished\":\"2025-03-14T18:30:30+00:00\",\"dateModified\":\"2026-03-10T20:55:28+00:00\",\"description\":\"Coche Chicco Bellagio, practico, comodo y con estilo. Ofrece una comodidad inigualable a los padres y satisface todas las necesidades de tu beb\u00e9.\",\"breadcrumb\":{\"@id\":\"https:\/\/centrobebe.es\/shop\/centrobebe\/cochecitos-y-sillas-de-paseo-de-bebe\/cochecitos-bebe\/cochecitos-3-piezas\/carrito-chicco-bellagio-gran-confort\/#breadcrumb\"},\"inLanguage\":\"en-GB\",\"potentialAction\":[{\"@type\":\"ReadAction\",\"target\":[\"https:\/\/centrobebe.es\/shop\/centrobebe\/cochecitos-y-sillas-de-paseo-de-bebe\/cochecitos-bebe\/cochecitos-3-piezas\/carrito-chicco-bellagio-gran-confort\/\"]}]},{\"@type\":\"ImageObject\",\"inLanguage\":\"en-GB\",\"@id\":\"https:\/\/centrobebe.es\/shop\/centrobebe\/cochecitos-y-sillas-de-paseo-de-bebe\/cochecitos-bebe\/cochecitos-3-piezas\/carrito-chicco-bellagio-gran-confort\/#primaryimage\",\"url\":\"https:\/\/centrobebe.es\/wp-content\/uploads\/2025\/03\/8058664196777.MAIN-Copiar.jpg\",\"contentUrl\":\"https:\/\/centrobebe.es\/wp-content\/uploads\/2025\/03\/8058664196777.MAIN-Copiar.jpg\",\"width\":1080,\"height\":1080,\"caption\":\"coche chicco bellagio 2026\"},{\"@type\":\"BreadcrumbList\",\"@id\":\"https:\/\/centrobebe.es\/shop\/centrobebe\/cochecitos-y-sillas-de-paseo-de-bebe\/cochecitos-bebe\/cochecitos-3-piezas\/carrito-chicco-bellagio-gran-confort\/#breadcrumb\",\"itemListElement\":[{\"@type\":\"ListItem\",\"position\":1,\"name\":\"Portada\",\"item\":\"https:\/\/centrobebe.es\/\"},{\"@type\":\"ListItem\",\"position\":2,\"name\":\"Shop\",\"item\":\"https:\/\/centrobebe.es\/shop\/\"},{\"@type\":\"ListItem\",\"position\":3,\"name\":\"Carrito Chicco Bellagio 2 Gran Confort Dos Piezas (Opci\u00f3n 3 Piezas)\"}]},{\"@type\":\"WebSite\",\"@id\":\"https:\/\/centrobebe.es\/#website\",\"url\":\"https:\/\/centrobebe.es\/\",\"name\":\"Centrobeb\u00e9\",\"description\":\"Tienda de bebe online | Todo lo que tu bebe necesita\",\"publisher\":{\"@id\":\"https:\/\/centrobebe.es\/#organization\"},\"alternateName\":\"Centrobeb\u00e9\",\"potentialAction\":[{\"@type\":\"SearchAction\",\"target\":{\"@type\":\"EntryPoint\",\"urlTemplate\":\"https:\/\/centrobebe.es\/?s={search_term_string}\"},\"query-input\":{\"@type\":\"PropertyValueSpecification\",\"valueRequired\":true,\"valueName\":\"search_term_string\"}}],\"inLanguage\":\"en-GB\"},{\"@type\":\"Organization\",\"@id\":\"https:\/\/centrobebe.es\/#organization\",\"name\":\"Centrobebe\",\"alternateName\":\"Centrobebe\",\"url\":\"https:\/\/centrobebe.es\/\",\"logo\":{\"@type\":\"ImageObject\",\"inLanguage\":\"en-GB\",\"@id\":\"https:\/\/centrobebe.es\/#\/schema\/logo\/image\/\",\"url\":\"https:\/\/centrobebe.es\/wp-content\/uploads\/2018\/06\/icono3-e1557940133982.png\",\"contentUrl\":\"https:\/\/centrobebe.es\/wp-content\/uploads\/2018\/06\/icono3-e1557940133982.png\",\"width\":34,\"height\":29,\"caption\":\"Centrobebe\"},\"image\":{\"@id\":\"https:\/\/centrobebe.es\/#\/schema\/logo\/image\/\"},\"sameAs\":[\"https:\/\/www.facebook.com\/centrobebe\/\",\"https:\/\/x.com\/centrobebe\",\"https:\/\/www.instagram.com\/centrobebe.es\/\",\"https:\/\/www.youtube.com\/channel\/UCVU-jcFuwntnxOhxvSbf3hg\"]}]}<\/script>\n<!-- \/ Yoast SEO plugin. -->","yoast_head_json":{"title":"Carro Chicco Bellagio | Centro Beb\u00e9","description":"Coche Chicco Bellagio, practico, comodo y con estilo. Ofrece una comodidad inigualable a los padres y satisface todas las necesidades de tu beb\u00e9.","robots":{"index":"index","follow":"follow","max-snippet":"max-snippet:-1","max-image-preview":"max-image-preview:large","max-video-preview":"max-video-preview:-1"},"canonical":"https:\/\/centrobebe.es\/en\/shop\/centrobebe\/cochecitos-y-sillas-de-paseo-de-bebe\/cochecitos-bebe\/cochecitos-3-piezas\/carrito-chicco-bellagio-gran-confort\/","og_locale":"en_GB","og_type":"article","og_title":"Carro Chicco Bellagio | Centro Beb\u00e9","og_description":"Coche Chicco Bellagio, practico, comodo y con estilo. Ofrece una comodidad inigualable a los padres y satisface todas las necesidades de tu beb\u00e9.","og_url":"https:\/\/centrobebe.es\/en\/shop\/centrobebe\/cochecitos-y-sillas-de-paseo-de-bebe\/cochecitos-bebe\/cochecitos-3-piezas\/carrito-chicco-bellagio-gran-confort\/","og_site_name":"Centrobeb\u00e9","article_publisher":"https:\/\/www.facebook.com\/centrobebe\/","article_modified_time":"2026-03-10T20:55:28+00:00","og_image":[{"width":1080,"height":1080,"url":"https:\/\/centrobebe.es\/wp-content\/uploads\/2025\/03\/8058664196777.MAIN-Copiar.jpg","type":"image\/jpeg"}],"twitter_card":"summary_large_image","twitter_site":"@centrobebe","twitter_misc":{"Estimated reading time":"4 minutes"},"schema":{"@context":"https:\/\/schema.org","@graph":[{"@type":"WebPage","@id":"https:\/\/centrobebe.es\/shop\/centrobebe\/cochecitos-y-sillas-de-paseo-de-bebe\/cochecitos-bebe\/cochecitos-3-piezas\/carrito-chicco-bellagio-gran-confort\/","url":"https:\/\/centrobebe.es\/shop\/centrobebe\/cochecitos-y-sillas-de-paseo-de-bebe\/cochecitos-bebe\/cochecitos-3-piezas\/carrito-chicco-bellagio-gran-confort\/","name":"Carro Chicco Bellagio | Centro Beb\u00e9","isPartOf":{"@id":"https:\/\/centrobebe.es\/#website"},"primaryImageOfPage":{"@id":"https:\/\/centrobebe.es\/shop\/centrobebe\/cochecitos-y-sillas-de-paseo-de-bebe\/cochecitos-bebe\/cochecitos-3-piezas\/carrito-chicco-bellagio-gran-confort\/#primaryimage"},"image":{"@id":"https:\/\/centrobebe.es\/shop\/centrobebe\/cochecitos-y-sillas-de-paseo-de-bebe\/cochecitos-bebe\/cochecitos-3-piezas\/carrito-chicco-bellagio-gran-confort\/#primaryimage"},"thumbnailUrl":"https:\/\/centrobebe.es\/wp-content\/uploads\/2025\/03\/8058664196777.MAIN-Copiar.jpg","datePublished":"2025-03-14T18:30:30+00:00","dateModified":"2026-03-10T20:55:28+00:00","description":"Coche Chicco Bellagio, practico, comodo y con estilo. Ofrece una comodidad inigualable a los padres y satisface todas las necesidades de tu beb\u00e9.","breadcrumb":{"@id":"https:\/\/centrobebe.es\/shop\/centrobebe\/cochecitos-y-sillas-de-paseo-de-bebe\/cochecitos-bebe\/cochecitos-3-piezas\/carrito-chicco-bellagio-gran-confort\/#breadcrumb"},"inLanguage":"en-GB","potentialAction":[{"@type":"ReadAction","target":["https:\/\/centrobebe.es\/shop\/centrobebe\/cochecitos-y-sillas-de-paseo-de-bebe\/cochecitos-bebe\/cochecitos-3-piezas\/carrito-chicco-bellagio-gran-confort\/"]}]},{"@type":"ImageObject","inLanguage":"en-GB","@id":"https:\/\/centrobebe.es\/shop\/centrobebe\/cochecitos-y-sillas-de-paseo-de-bebe\/cochecitos-bebe\/cochecitos-3-piezas\/carrito-chicco-bellagio-gran-confort\/#primaryimage","url":"https:\/\/centrobebe.es\/wp-content\/uploads\/2025\/03\/8058664196777.MAIN-Copiar.jpg","contentUrl":"https:\/\/centrobebe.es\/wp-content\/uploads\/2025\/03\/8058664196777.MAIN-Copiar.jpg","width":1080,"height":1080,"caption":"coche chicco bellagio 2026"},{"@type":"BreadcrumbList","@id":"https:\/\/centrobebe.es\/shop\/centrobebe\/cochecitos-y-sillas-de-paseo-de-bebe\/cochecitos-bebe\/cochecitos-3-piezas\/carrito-chicco-bellagio-gran-confort\/#breadcrumb","itemListElement":[{"@type":"ListItem","position":1,"name":"Portada","item":"https:\/\/centrobebe.es\/"},{"@type":"ListItem","position":2,"name":"Shop","item":"https:\/\/centrobebe.es\/shop\/"},{"@type":"ListItem","position":3,"name":"Carrito Chicco Bellagio 2 Gran Confort Dos Piezas (Opci\u00f3n 3 Piezas)"}]},{"@type":"WebSite","@id":"https:\/\/centrobebe.es\/#website","url":"https:\/\/centrobebe.es\/","name":"Centrobeb\u00e9","description":"Tienda de bebe online | Todo lo que tu bebe necesita","publisher":{"@id":"https:\/\/centrobebe.es\/#organization"},"alternateName":"Centrobeb\u00e9","potentialAction":[{"@type":"SearchAction","target":{"@type":"EntryPoint","urlTemplate":"https:\/\/centrobebe.es\/?s={search_term_string}"},"query-input":{"@type":"PropertyValueSpecification","valueRequired":true,"valueName":"search_term_string"}}],"inLanguage":"en-GB"},{"@type":"Organization","@id":"https:\/\/centrobebe.es\/#organization","name":"Centrobebe","alternateName":"Centrobebe","url":"https:\/\/centrobebe.es\/","logo":{"@type":"ImageObject","inLanguage":"en-GB","@id":"https:\/\/centrobebe.es\/#\/schema\/logo\/image\/","url":"https:\/\/centrobebe.es\/wp-content\/uploads\/2018\/06\/icono3-e1557940133982.png","contentUrl":"https:\/\/centrobebe.es\/wp-content\/uploads\/2018\/06\/icono3-e1557940133982.png","width":34,"height":29,"caption":"Centrobebe"},"image":{"@id":"https:\/\/centrobebe.es\/#\/schema\/logo\/image\/"},"sameAs":["https:\/\/www.facebook.com\/centrobebe\/","https:\/\/x.com\/centrobebe","https:\/\/www.instagram.com\/centrobebe.es\/","https:\/\/www.youtube.com\/channel\/UCVU-jcFuwntnxOhxvSbf3hg"]}]}},"brands":[{"id":403,"name":"Chicco","slug":"chicco"}],"_links":{"self":[{"href":"https:\/\/centrobebe.es\/en\/wp-json\/wp\/v2\/product\/54631","targetHints":{"allow":["GET"]}}],"collection":[{"href":"https:\/\/centrobebe.es\/en\/wp-json\/wp\/v2\/product"}],"about":[{"href":"https:\/\/centrobebe.es\/en\/wp-json\/wp\/v2\/types\/product"}],"version-history":[{"count":4,"href":"https:\/\/centrobebe.es\/en\/wp-json\/wp\/v2\/product\/54631\/revisions"}],"predecessor-version":[{"id":58003,"href":"https:\/\/centrobebe.es\/en\/wp-json\/wp\/v2\/product\/54631\/revisions\/58003"}],"wp:featuredmedia":[{"embeddable":true,"href":"https:\/\/centrobebe.es\/en\/wp-json\/wp\/v2\/media\/58307"}],"wp:attachment":[{"href":"https:\/\/centrobebe.es\/en\/wp-json\/wp\/v2\/media?parent=54631"}],"wp:term":[{"taxonomy":"pwb-brand","embeddable":true,"href":"https:\/\/centrobebe.es\/en\/wp-json\/wp\/v2\/pwb-brand?post=54631"},{"taxonomy":"product_cat","embeddable":true,"href":"https:\/\/centrobebe.es\/en\/wp-json\/wp\/v2\/product_cat?post=54631"},{"taxonomy":"product_tag","embeddable":true,"href":"https:\/\/centrobebe.es\/en\/wp-json\/wp\/v2\/product_tag?post=54631"}],"curies":[{"name":"wp","href":"https:\/\/api.w.org\/{rel}","templated":true}]}}