{"id":55347,"date":"2025-05-13T11:18:27","date_gmt":"2025-05-13T11:18:27","guid":{"rendered":"https:\/\/centrobebe.es\/?post_type=product&#038;p=55347"},"modified":"2025-11-05T10:18:20","modified_gmt":"2025-11-05T10:18:20","slug":"pack-cochecito-kikkaboo-kara-minicuna-colecho-hamaca","status":"publish","type":"product","link":"https:\/\/centrobebe.es\/en\/shop\/centrobebe\/cochecitos-y-sillas-de-paseo-de-bebe\/cochecitos-bebe\/cochecitos-dos-piezas\/pack-cochecito-kikkaboo-kara-minicuna-colecho-hamaca\/","title":{"rendered":"PACK Cochecito Kikkaboo Kara + Minicuna Colecho + Hamaca Electr\u00f3nica + REGALO SABANAS"},"content":{"rendered":"<h1>Cochecito Kikka Boo Kara: un cochecito completo para beb\u00e9s desde el nacimiento hasta los 22 kg<\/h1>\n<p>El cochecito Kikka Boo Kara es un cochecito completo que ofrece todo lo que necesitas para tu beb\u00e9 desde el nacimiento hasta los 22 kg. Es un cochecito vers\u00e1til y c\u00f3modo que se adapta a las necesidades de tu beb\u00e9 a medida que crece.<\/p>\n<h2>Caracter\u00edsticas:<\/h2>\n<p>\u2022 Adecuado desde el nacimiento hasta los 22 kg;<\/p>\n<p>\u2022 Marco de aluminio ligero con acabado cromado;<\/p>\n<p>\u2022 Sistema de plegado r\u00e1pido y f\u00e1cil;<\/p>\n<p>\u2022 Asiento orientado hacia atr\u00e1s y hacia delante;<\/p>\n<p>\u2022 Asa de empuje de cuero con altura ajustable en 4 posiciones;<\/p>\n<p>\u2022 Capota con extensi\u00f3n con cremallera, parasol y ventana;<\/p>\n<p>\u2022 Barra parachoques de cuero desmontable;<\/p>\n<p>\u2022 Sistema de arn\u00e9s de 5 puntos con hombreras y cubrehebillas inferiores;<\/p>\n<p>\u2022 Rotaci\u00f3n de 360 grados de las ruedas delanteras con mecanismo de bloqueo;<\/p>\n<p>\u2022 Suspensi\u00f3n en las ruedas delanteras y traseras;<\/p>\n<p>\u2022 Freno de un solo toque;<\/p>\n<p>\u2022 Respaldo reclinable ajustable en 3 posiciones;<\/p>\n<p>\u2022 Reposapi\u00e9s ajustable en 5 posiciones;<\/p>\n<p>\u2022 Tejidos impermeables con UPF 50+.<\/p>\n<p>&nbsp;<\/p>\n<p>Capazo:<\/p>\n<p>\u2022 Colchoneta blanda;<\/p>\n<p>\u2022 Capota con parasol.<\/p>\n<p>&nbsp;<\/p>\n<p>Accesorios incluidos:\u00a0Cubrepi\u00e9s en la unidad de asiento y en el capazo, cubierta de lluvia, bolsa de mam\u00e1 con cambiador, adaptadores para sillas de coche i-Prime y Maxi-Cosi.<\/p>\n<p>&nbsp;<\/p>\n<p>Combinable con sillas de coche i-SIZE i-Prime, i-Trail y Maxi-Cosi.<\/p>\n<p>&nbsp;<\/p>\n<p>Dimensiones:<\/p>\n<p>&#8211; Carrito de beb\u00e9: 105x61x79 cm \/ Plegado: 39x59x61 cm \/ 10.1 kg<\/p>\n<p>&#8211; Capazo: 66x39x83 cm \/ 3.6 kg<\/p>\n<p>&#8211; Caja: 50\u044528\u044591 cm \/ 15.5 kg \/ 1 set\/caja<\/p>\n<p>&nbsp;<\/p>\n<p>Bolsa de mam\u00e1<\/p>\n<h2>Conclusi\u00f3n:<\/h2>\n<p>El cochecito Kikka Boo Kara es una excelente opci\u00f3n para los padres que buscan un cochecito completo y vers\u00e1til que se adapte a las necesidades de su beb\u00e9 a medida que crece. Es un cochecito c\u00f3modo, seguro y f\u00e1cil de usar.<\/p>\n<h3>M\u00e1s informaci\u00f3n<\/h3>\n<p>Centrobebe es la web online donde comprar tu carrito de beb\u00e9 homologado, hacemos una selecci\u00f3n de <strong>los mejores carritos para bebes de dos y tres piezas\u00a0\u00a0<\/strong>basada en las opiniones de nuestros clientes, desde los m\u00e1s baratos\u00a0 hasta los m\u00e1s exclusivos y con la \u00faltima tecnolog\u00eda.<\/p>\n<p><strong>Cochecitos de bebe baratos para comprar online<\/strong><\/p>\n<p>En Centrobebe disponemos de una <a href=\"https:\/\/centrobebe.es\/en\/product-category\/centrobebe\/cochecitos-y-sillas-de-paseo-de-bebe\/cochecitos-bebe\/\">amplia variedad de\u00a0cochecitos de beb\u00e9<\/a> de las principales marcas del mercado que garantizan la calidad y la asistencia t\u00e9cnica ante cualquier incidencia. \u00daltimas novedades para comprar online en toda clase de cochecitos a los mejores precios.<\/p>\n<p>Finalmente, para m\u00e1s informaci\u00f3n sobre caracter\u00edsticas o especificaciones t\u00e9cnicas, puedes visitar la <a href=\"https:\/\/b2bkikkaboo.com\/es\/home\/2521-vicenza-3-in-1-premium-black.html?search_query=vicenza&amp;results=6\">web del fabricante<\/a>.<\/p>","protected":false},"excerpt":{"rendered":"<p>El cochecito Kikka Boo Kara es una excelente opci\u00f3n para los padres que buscan un cochecito completo y vers\u00e1til que se adapte a las necesidades de su beb\u00e9 a medida que crece. Es un cochecito c\u00f3modo, seguro y f\u00e1cil de usar.<\/p>\n<p>\u00a1Online al mejor precio!<\/p>\n<p>Fin\u00e1ncialo en c\u00f3modos plazos<\/p>","protected":false},"featured_media":55352,"template":"","meta":[],"pwb-brand":[597],"product_cat":[154,585,586],"product_tag":[],"class_list":{"0":"post-55347","1":"product","2":"type-product","3":"status-publish","4":"has-post-thumbnail","6":"pwb-brand-kikka-boo","7":"product_cat-cochecitos-bebe","8":"product_cat-cochecitos-dos-piezas","9":"product_cat-cochecitos-3-piezas","10":"pa_color-beige","11":"pa_color-gris","12":"pa_color-gris-claro","13":"pa_color-negro","14":"pa_color-verde-oliva","15":"tm-has-options","17":"first","18":"instock","19":"sale","20":"taxable","21":"shipping-taxable","22":"purchasable","23":"product-type-variable","24":"wvs-archive-product-wrapper"},"yoast_head":"<!-- This site is optimized with the Yoast SEO plugin v26.9 - https:\/\/yoast.com\/product\/yoast-seo-wordpress\/ -->\n<title>PACK Kikkaboo Kara+MINICUNA+HAMACA | Centro Beb\u00e9<\/title>\n<meta name=\"description\" content=\"Este Carrito Kikkaboo Kara Dos Piezas es muy ligero y aporta mucha comodidad. \u00a1Conoce el Cochecito Kikkaboo Tiffany Premium Dos Piezas!\" \/>\n<meta name=\"robots\" content=\"index, follow, max-snippet:-1, max-image-preview:large, max-video-preview:-1\" \/>\n<link rel=\"canonical\" href=\"https:\/\/centrobebe.es\/en\/shop\/centrobebe\/cochecitos-y-sillas-de-paseo-de-bebe\/cochecitos-bebe\/cochecitos-dos-piezas\/pack-cochecito-kikkaboo-kara-minicuna-colecho-hamaca\/\" \/>\n<meta property=\"og:locale\" content=\"en_GB\" \/>\n<meta property=\"og:type\" content=\"article\" \/>\n<meta property=\"og:title\" content=\"PACK Kikkaboo Kara+MINICUNA+HAMACA | Centro Beb\u00e9\" \/>\n<meta property=\"og:description\" content=\"Este Carrito Kikkaboo Kara Dos Piezas es muy ligero y aporta mucha comodidad. \u00a1Conoce el Cochecito Kikkaboo Tiffany Premium Dos Piezas!\" \/>\n<meta property=\"og:url\" content=\"https:\/\/centrobebe.es\/en\/shop\/centrobebe\/cochecitos-y-sillas-de-paseo-de-bebe\/cochecitos-bebe\/cochecitos-dos-piezas\/pack-cochecito-kikkaboo-kara-minicuna-colecho-hamaca\/\" \/>\n<meta property=\"og:site_name\" content=\"Centrobeb\u00e9\" \/>\n<meta property=\"article:publisher\" content=\"https:\/\/www.facebook.com\/centrobebe\/\" \/>\n<meta property=\"article:modified_time\" content=\"2025-11-05T10:18:20+00:00\" \/>\n<meta property=\"og:image\" content=\"https:\/\/centrobebe.es\/wp-content\/uploads\/2025\/05\/24.png\" \/>\n\t<meta property=\"og:image:width\" content=\"800\" \/>\n\t<meta property=\"og:image:height\" content=\"800\" \/>\n\t<meta property=\"og:image:type\" content=\"image\/png\" \/>\n<meta name=\"twitter:card\" content=\"summary_large_image\" \/>\n<meta name=\"twitter:site\" content=\"@centrobebe\" \/>\n<meta name=\"twitter:label1\" content=\"Estimated reading time\" \/>\n\t<meta name=\"twitter:data1\" content=\"3 minutes\" \/>\n<script type=\"application\/ld+json\" class=\"yoast-schema-graph\">{\"@context\":\"https:\/\/schema.org\",\"@graph\":[{\"@type\":\"WebPage\",\"@id\":\"https:\/\/centrobebe.es\/shop\/centrobebe\/cochecitos-y-sillas-de-paseo-de-bebe\/cochecitos-bebe\/cochecitos-dos-piezas\/pack-cochecito-kikkaboo-kara-minicuna-colecho-hamaca\/\",\"url\":\"https:\/\/centrobebe.es\/shop\/centrobebe\/cochecitos-y-sillas-de-paseo-de-bebe\/cochecitos-bebe\/cochecitos-dos-piezas\/pack-cochecito-kikkaboo-kara-minicuna-colecho-hamaca\/\",\"name\":\"PACK Kikkaboo Kara+MINICUNA+HAMACA | Centro Beb\u00e9\",\"isPartOf\":{\"@id\":\"https:\/\/centrobebe.es\/#website\"},\"primaryImageOfPage\":{\"@id\":\"https:\/\/centrobebe.es\/shop\/centrobebe\/cochecitos-y-sillas-de-paseo-de-bebe\/cochecitos-bebe\/cochecitos-dos-piezas\/pack-cochecito-kikkaboo-kara-minicuna-colecho-hamaca\/#primaryimage\"},\"image\":{\"@id\":\"https:\/\/centrobebe.es\/shop\/centrobebe\/cochecitos-y-sillas-de-paseo-de-bebe\/cochecitos-bebe\/cochecitos-dos-piezas\/pack-cochecito-kikkaboo-kara-minicuna-colecho-hamaca\/#primaryimage\"},\"thumbnailUrl\":\"https:\/\/centrobebe.es\/wp-content\/uploads\/2025\/05\/24.png\",\"datePublished\":\"2025-05-13T11:18:27+00:00\",\"dateModified\":\"2025-11-05T10:18:20+00:00\",\"description\":\"Este Carrito Kikkaboo Kara Dos Piezas es muy ligero y aporta mucha comodidad. \u00a1Conoce el Cochecito Kikkaboo Tiffany Premium Dos Piezas!\",\"breadcrumb\":{\"@id\":\"https:\/\/centrobebe.es\/shop\/centrobebe\/cochecitos-y-sillas-de-paseo-de-bebe\/cochecitos-bebe\/cochecitos-dos-piezas\/pack-cochecito-kikkaboo-kara-minicuna-colecho-hamaca\/#breadcrumb\"},\"inLanguage\":\"en-GB\",\"potentialAction\":[{\"@type\":\"ReadAction\",\"target\":[\"https:\/\/centrobebe.es\/shop\/centrobebe\/cochecitos-y-sillas-de-paseo-de-bebe\/cochecitos-bebe\/cochecitos-dos-piezas\/pack-cochecito-kikkaboo-kara-minicuna-colecho-hamaca\/\"]}]},{\"@type\":\"ImageObject\",\"inLanguage\":\"en-GB\",\"@id\":\"https:\/\/centrobebe.es\/shop\/centrobebe\/cochecitos-y-sillas-de-paseo-de-bebe\/cochecitos-bebe\/cochecitos-dos-piezas\/pack-cochecito-kikkaboo-kara-minicuna-colecho-hamaca\/#primaryimage\",\"url\":\"https:\/\/centrobebe.es\/wp-content\/uploads\/2025\/05\/24.png\",\"contentUrl\":\"https:\/\/centrobebe.es\/wp-content\/uploads\/2025\/05\/24.png\",\"width\":800,\"height\":800,\"caption\":\"pack kikkaboo kara\"},{\"@type\":\"BreadcrumbList\",\"@id\":\"https:\/\/centrobebe.es\/shop\/centrobebe\/cochecitos-y-sillas-de-paseo-de-bebe\/cochecitos-bebe\/cochecitos-dos-piezas\/pack-cochecito-kikkaboo-kara-minicuna-colecho-hamaca\/#breadcrumb\",\"itemListElement\":[{\"@type\":\"ListItem\",\"position\":1,\"name\":\"Portada\",\"item\":\"https:\/\/centrobebe.es\/\"},{\"@type\":\"ListItem\",\"position\":2,\"name\":\"Shop\",\"item\":\"https:\/\/centrobebe.es\/shop\/\"},{\"@type\":\"ListItem\",\"position\":3,\"name\":\"PACK Cochecito Kikkaboo Kara + Minicuna Colecho + Hamaca Electr\u00f3nica + REGALO SABANAS\"}]},{\"@type\":\"WebSite\",\"@id\":\"https:\/\/centrobebe.es\/#website\",\"url\":\"https:\/\/centrobebe.es\/\",\"name\":\"Centrobeb\u00e9\",\"description\":\"Tienda de bebe online | Todo lo que tu bebe necesita\",\"publisher\":{\"@id\":\"https:\/\/centrobebe.es\/#organization\"},\"alternateName\":\"Centrobeb\u00e9\",\"potentialAction\":[{\"@type\":\"SearchAction\",\"target\":{\"@type\":\"EntryPoint\",\"urlTemplate\":\"https:\/\/centrobebe.es\/?s={search_term_string}\"},\"query-input\":{\"@type\":\"PropertyValueSpecification\",\"valueRequired\":true,\"valueName\":\"search_term_string\"}}],\"inLanguage\":\"en-GB\"},{\"@type\":\"Organization\",\"@id\":\"https:\/\/centrobebe.es\/#organization\",\"name\":\"Centrobebe\",\"alternateName\":\"Centrobebe\",\"url\":\"https:\/\/centrobebe.es\/\",\"logo\":{\"@type\":\"ImageObject\",\"inLanguage\":\"en-GB\",\"@id\":\"https:\/\/centrobebe.es\/#\/schema\/logo\/image\/\",\"url\":\"https:\/\/centrobebe.es\/wp-content\/uploads\/2018\/06\/icono3-e1557940133982.png\",\"contentUrl\":\"https:\/\/centrobebe.es\/wp-content\/uploads\/2018\/06\/icono3-e1557940133982.png\",\"width\":34,\"height\":29,\"caption\":\"Centrobebe\"},\"image\":{\"@id\":\"https:\/\/centrobebe.es\/#\/schema\/logo\/image\/\"},\"sameAs\":[\"https:\/\/www.facebook.com\/centrobebe\/\",\"https:\/\/x.com\/centrobebe\",\"https:\/\/www.instagram.com\/centrobebe.es\/\",\"https:\/\/www.youtube.com\/channel\/UCVU-jcFuwntnxOhxvSbf3hg\"]}]}<\/script>\n<!-- \/ Yoast SEO plugin. -->","yoast_head_json":{"title":"PACK Kikkaboo Kara+MINICUNA+HAMACA | Centro Beb\u00e9","description":"Este Carrito Kikkaboo Kara Dos Piezas es muy ligero y aporta mucha comodidad. \u00a1Conoce el Cochecito Kikkaboo Tiffany Premium Dos Piezas!","robots":{"index":"index","follow":"follow","max-snippet":"max-snippet:-1","max-image-preview":"max-image-preview:large","max-video-preview":"max-video-preview:-1"},"canonical":"https:\/\/centrobebe.es\/en\/shop\/centrobebe\/cochecitos-y-sillas-de-paseo-de-bebe\/cochecitos-bebe\/cochecitos-dos-piezas\/pack-cochecito-kikkaboo-kara-minicuna-colecho-hamaca\/","og_locale":"en_GB","og_type":"article","og_title":"PACK Kikkaboo Kara+MINICUNA+HAMACA | Centro Beb\u00e9","og_description":"Este Carrito Kikkaboo Kara Dos Piezas es muy ligero y aporta mucha comodidad. \u00a1Conoce el Cochecito Kikkaboo Tiffany Premium Dos Piezas!","og_url":"https:\/\/centrobebe.es\/en\/shop\/centrobebe\/cochecitos-y-sillas-de-paseo-de-bebe\/cochecitos-bebe\/cochecitos-dos-piezas\/pack-cochecito-kikkaboo-kara-minicuna-colecho-hamaca\/","og_site_name":"Centrobeb\u00e9","article_publisher":"https:\/\/www.facebook.com\/centrobebe\/","article_modified_time":"2025-11-05T10:18:20+00:00","og_image":[{"width":800,"height":800,"url":"https:\/\/centrobebe.es\/wp-content\/uploads\/2025\/05\/24.png","type":"image\/png"}],"twitter_card":"summary_large_image","twitter_site":"@centrobebe","twitter_misc":{"Estimated reading time":"3 minutes"},"schema":{"@context":"https:\/\/schema.org","@graph":[{"@type":"WebPage","@id":"https:\/\/centrobebe.es\/shop\/centrobebe\/cochecitos-y-sillas-de-paseo-de-bebe\/cochecitos-bebe\/cochecitos-dos-piezas\/pack-cochecito-kikkaboo-kara-minicuna-colecho-hamaca\/","url":"https:\/\/centrobebe.es\/shop\/centrobebe\/cochecitos-y-sillas-de-paseo-de-bebe\/cochecitos-bebe\/cochecitos-dos-piezas\/pack-cochecito-kikkaboo-kara-minicuna-colecho-hamaca\/","name":"PACK Kikkaboo Kara+MINICUNA+HAMACA | Centro Beb\u00e9","isPartOf":{"@id":"https:\/\/centrobebe.es\/#website"},"primaryImageOfPage":{"@id":"https:\/\/centrobebe.es\/shop\/centrobebe\/cochecitos-y-sillas-de-paseo-de-bebe\/cochecitos-bebe\/cochecitos-dos-piezas\/pack-cochecito-kikkaboo-kara-minicuna-colecho-hamaca\/#primaryimage"},"image":{"@id":"https:\/\/centrobebe.es\/shop\/centrobebe\/cochecitos-y-sillas-de-paseo-de-bebe\/cochecitos-bebe\/cochecitos-dos-piezas\/pack-cochecito-kikkaboo-kara-minicuna-colecho-hamaca\/#primaryimage"},"thumbnailUrl":"https:\/\/centrobebe.es\/wp-content\/uploads\/2025\/05\/24.png","datePublished":"2025-05-13T11:18:27+00:00","dateModified":"2025-11-05T10:18:20+00:00","description":"Este Carrito Kikkaboo Kara Dos Piezas es muy ligero y aporta mucha comodidad. \u00a1Conoce el Cochecito Kikkaboo Tiffany Premium Dos Piezas!","breadcrumb":{"@id":"https:\/\/centrobebe.es\/shop\/centrobebe\/cochecitos-y-sillas-de-paseo-de-bebe\/cochecitos-bebe\/cochecitos-dos-piezas\/pack-cochecito-kikkaboo-kara-minicuna-colecho-hamaca\/#breadcrumb"},"inLanguage":"en-GB","potentialAction":[{"@type":"ReadAction","target":["https:\/\/centrobebe.es\/shop\/centrobebe\/cochecitos-y-sillas-de-paseo-de-bebe\/cochecitos-bebe\/cochecitos-dos-piezas\/pack-cochecito-kikkaboo-kara-minicuna-colecho-hamaca\/"]}]},{"@type":"ImageObject","inLanguage":"en-GB","@id":"https:\/\/centrobebe.es\/shop\/centrobebe\/cochecitos-y-sillas-de-paseo-de-bebe\/cochecitos-bebe\/cochecitos-dos-piezas\/pack-cochecito-kikkaboo-kara-minicuna-colecho-hamaca\/#primaryimage","url":"https:\/\/centrobebe.es\/wp-content\/uploads\/2025\/05\/24.png","contentUrl":"https:\/\/centrobebe.es\/wp-content\/uploads\/2025\/05\/24.png","width":800,"height":800,"caption":"pack kikkaboo kara"},{"@type":"BreadcrumbList","@id":"https:\/\/centrobebe.es\/shop\/centrobebe\/cochecitos-y-sillas-de-paseo-de-bebe\/cochecitos-bebe\/cochecitos-dos-piezas\/pack-cochecito-kikkaboo-kara-minicuna-colecho-hamaca\/#breadcrumb","itemListElement":[{"@type":"ListItem","position":1,"name":"Portada","item":"https:\/\/centrobebe.es\/"},{"@type":"ListItem","position":2,"name":"Shop","item":"https:\/\/centrobebe.es\/shop\/"},{"@type":"ListItem","position":3,"name":"PACK Cochecito Kikkaboo Kara + Minicuna Colecho + Hamaca Electr\u00f3nica + REGALO SABANAS"}]},{"@type":"WebSite","@id":"https:\/\/centrobebe.es\/#website","url":"https:\/\/centrobebe.es\/","name":"Centrobeb\u00e9","description":"Tienda de bebe online | Todo lo que tu bebe necesita","publisher":{"@id":"https:\/\/centrobebe.es\/#organization"},"alternateName":"Centrobeb\u00e9","potentialAction":[{"@type":"SearchAction","target":{"@type":"EntryPoint","urlTemplate":"https:\/\/centrobebe.es\/?s={search_term_string}"},"query-input":{"@type":"PropertyValueSpecification","valueRequired":true,"valueName":"search_term_string"}}],"inLanguage":"en-GB"},{"@type":"Organization","@id":"https:\/\/centrobebe.es\/#organization","name":"Centrobebe","alternateName":"Centrobebe","url":"https:\/\/centrobebe.es\/","logo":{"@type":"ImageObject","inLanguage":"en-GB","@id":"https:\/\/centrobebe.es\/#\/schema\/logo\/image\/","url":"https:\/\/centrobebe.es\/wp-content\/uploads\/2018\/06\/icono3-e1557940133982.png","contentUrl":"https:\/\/centrobebe.es\/wp-content\/uploads\/2018\/06\/icono3-e1557940133982.png","width":34,"height":29,"caption":"Centrobebe"},"image":{"@id":"https:\/\/centrobebe.es\/#\/schema\/logo\/image\/"},"sameAs":["https:\/\/www.facebook.com\/centrobebe\/","https:\/\/x.com\/centrobebe","https:\/\/www.instagram.com\/centrobebe.es\/","https:\/\/www.youtube.com\/channel\/UCVU-jcFuwntnxOhxvSbf3hg"]}]}},"brands":[{"id":597,"name":"Kikka Boo","slug":"kikka-boo"}],"_links":{"self":[{"href":"https:\/\/centrobebe.es\/en\/wp-json\/wp\/v2\/product\/55347","targetHints":{"allow":["GET"]}}],"collection":[{"href":"https:\/\/centrobebe.es\/en\/wp-json\/wp\/v2\/product"}],"about":[{"href":"https:\/\/centrobebe.es\/en\/wp-json\/wp\/v2\/types\/product"}],"version-history":[{"count":1,"href":"https:\/\/centrobebe.es\/en\/wp-json\/wp\/v2\/product\/55347\/revisions"}],"predecessor-version":[{"id":55351,"href":"https:\/\/centrobebe.es\/en\/wp-json\/wp\/v2\/product\/55347\/revisions\/55351"}],"wp:featuredmedia":[{"embeddable":true,"href":"https:\/\/centrobebe.es\/en\/wp-json\/wp\/v2\/media\/55352"}],"wp:attachment":[{"href":"https:\/\/centrobebe.es\/en\/wp-json\/wp\/v2\/media?parent=55347"}],"wp:term":[{"taxonomy":"pwb-brand","embeddable":true,"href":"https:\/\/centrobebe.es\/en\/wp-json\/wp\/v2\/pwb-brand?post=55347"},{"taxonomy":"product_cat","embeddable":true,"href":"https:\/\/centrobebe.es\/en\/wp-json\/wp\/v2\/product_cat?post=55347"},{"taxonomy":"product_tag","embeddable":true,"href":"https:\/\/centrobebe.es\/en\/wp-json\/wp\/v2\/product_tag?post=55347"}],"curies":[{"name":"wp","href":"https:\/\/api.w.org\/{rel}","templated":true}]}}