{"id":55507,"date":"2025-05-23T20:08:03","date_gmt":"2025-05-23T20:08:03","guid":{"rendered":"https:\/\/centrobebe.es\/?post_type=product&#038;p=55507"},"modified":"2025-05-23T20:33:33","modified_gmt":"2025-05-23T20:33:33","slug":"coche-silla-gemelar-valco-snap-duo","status":"publish","type":"product","link":"https:\/\/centrobebe.es\/en\/shop\/centrobebe\/cochecitos-y-sillas-de-paseo-de-bebe\/carritos-sillitas-gemelares\/coche-silla-gemelar-valco-snap-duo\/","title":{"rendered":"Coche Silla Gemelar Valco Snap Duo (opci\u00f3n hasta dos capazos)"},"content":{"rendered":"<h1 data-start=\"190\" data-end=\"272\"><strong data-start=\"190\" data-end=\"272\">Silla gemelar Valco Snap Duo \u2013 Ligera, vers\u00e1til y perfecta desde el nacimiento<\/strong><\/h1>\n<p data-start=\"274\" data-end=\"631\">La <strong data-start=\"277\" data-end=\"300\">Valco Snap Duo<\/strong> es la soluci\u00f3n ideal para padres que necesitan una <strong data-start=\"352\" data-end=\"399\">silla gemelar c\u00f3moda, pr\u00e1ctica y muy ligera<\/strong>. Con solo <strong data-start=\"410\" data-end=\"427\">12 kg de peso<\/strong>, se posiciona como una de las <strong data-start=\"458\" data-end=\"486\">m\u00e1s livianas del mercado<\/strong>, sin renunciar a la estabilidad, el espacio y la comodidad que requieren dos ni\u00f1os, ya sean <strong data-start=\"579\" data-end=\"630\">reci\u00e9n nacidos, peque\u00f1os o de diferentes edades<\/strong>.<\/p>\n<p data-start=\"633\" data-end=\"921\">Su dise\u00f1o con <strong data-start=\"647\" data-end=\"697\">asientos independientes y reclinaci\u00f3n infinita<\/strong> garantiza que cada ni\u00f1o tenga su propio espacio personalizable. Adem\u00e1s, su estructura permite <strong data-start=\"792\" data-end=\"822\">pasar por puertas est\u00e1ndar<\/strong>, y su <strong data-start=\"829\" data-end=\"849\">plegado compacto<\/strong> facilita el transporte y almacenamiento, incluso en espacios reducidos.<\/p>\n<h2 data-start=\"923\" data-end=\"955\">Caracter\u00edsticas principales:<\/h2>\n<ul data-start=\"956\" data-end=\"1281\">\n<li data-start=\"956\" data-end=\"987\">\n<p data-start=\"958\" data-end=\"987\">Apta para <strong data-start=\"968\" data-end=\"986\">reci\u00e9n nacidos<\/strong>.<\/p>\n<\/li>\n<li data-start=\"988\" data-end=\"1030\">\n<p data-start=\"990\" data-end=\"1030\">Ultra ligera: solo <strong data-start=\"1009\" data-end=\"1018\">12 kg<\/strong> con ruedas.<\/p>\n<\/li>\n<li data-start=\"1031\" data-end=\"1061\">\n<p data-start=\"1033\" data-end=\"1061\"><strong data-start=\"1033\" data-end=\"1060\">Hasta 22 kg por asiento<\/strong>.<\/p>\n<\/li>\n<li data-start=\"1062\" data-end=\"1121\">\n<p data-start=\"1064\" data-end=\"1121\"><strong data-start=\"1064\" data-end=\"1091\">Asientos independientes<\/strong> con <strong data-start=\"1096\" data-end=\"1120\">reclinaci\u00f3n infinita<\/strong>.<\/p>\n<\/li>\n<li data-start=\"1122\" data-end=\"1166\">\n<p data-start=\"1124\" data-end=\"1166\"><strong data-start=\"1124\" data-end=\"1145\">Doble ventilaci\u00f3n<\/strong> para mayor frescura.<\/p>\n<\/li>\n<li data-start=\"1167\" data-end=\"1199\">\n<p data-start=\"1169\" data-end=\"1199\"><strong data-start=\"1169\" data-end=\"1198\">Plegado r\u00e1pido y compacto<\/strong>.<\/p>\n<\/li>\n<li data-start=\"1200\" data-end=\"1232\">\n<p data-start=\"1202\" data-end=\"1232\">Pasa por <strong data-start=\"1211\" data-end=\"1231\">puertas est\u00e1ndar<\/strong>.<\/p>\n<\/li>\n<li data-start=\"1233\" data-end=\"1281\">\n<p data-start=\"1235\" data-end=\"1281\"><strong data-start=\"1235\" data-end=\"1255\">F\u00e1cil de manejar<\/strong> en todo tipo de espacios.<\/p>\n<\/li>\n<\/ul>\n<p><img fetchpriority=\"high\" decoding=\"async\" class=\"aligncenter wp-image-55522 size-full\" src=\"https:\/\/centrobebe.es\/wp-content\/uploads\/2025\/05\/snap-duo-1.jpg\" alt=\"valco snap duo\" width=\"466\" height=\"206\" srcset=\"https:\/\/centrobebe.es\/wp-content\/uploads\/2025\/05\/snap-duo-1.jpg 466w, https:\/\/centrobebe.es\/wp-content\/uploads\/2025\/05\/snap-duo-1-360x159.jpg 360w, https:\/\/centrobebe.es\/wp-content\/uploads\/2025\/05\/snap-duo-1-18x8.jpg 18w, https:\/\/centrobebe.es\/wp-content\/uploads\/2025\/05\/snap-duo-1-142x63.jpg 142w, https:\/\/centrobebe.es\/wp-content\/uploads\/2025\/05\/snap-duo-1-120x53.jpg 120w\" sizes=\"(max-width: 466px) 100vw, 466px\" \/><\/p>\n<h2>Medidas Snap Duo<\/h2>\n<p><img decoding=\"async\" class=\"aligncenter wp-image-55524 size-full\" src=\"https:\/\/centrobebe.es\/wp-content\/uploads\/2025\/05\/snap-duo-2.jpg\" alt=\"valco snap duo\" width=\"660\" height=\"426\" srcset=\"https:\/\/centrobebe.es\/wp-content\/uploads\/2025\/05\/snap-duo-2.jpg 660w, https:\/\/centrobebe.es\/wp-content\/uploads\/2025\/05\/snap-duo-2-360x232.jpg 360w, https:\/\/centrobebe.es\/wp-content\/uploads\/2025\/05\/snap-duo-2-18x12.jpg 18w, https:\/\/centrobebe.es\/wp-content\/uploads\/2025\/05\/snap-duo-2-142x92.jpg 142w, https:\/\/centrobebe.es\/wp-content\/uploads\/2025\/05\/snap-duo-2-387x250.jpg 387w, https:\/\/centrobebe.es\/wp-content\/uploads\/2025\/05\/snap-duo-2-82x53.jpg 82w\" sizes=\"(max-width: 660px) 100vw, 660px\" \/><\/p>\n<h2 data-start=\"1283\" data-end=\"1332\">Capazos opcionales (accesorios no incluidos):<\/h2>\n<p data-start=\"1333\" data-end=\"1558\">Convierte la Snap Duo en un cochecito desde el nacimiento con los <strong data-start=\"1399\" data-end=\"1421\">capazos opcionales<\/strong>. Dise\u00f1ados para un encaje seguro y sencillo en el chasis, ofrecen un entorno c\u00f3modo y protegido para tu beb\u00e9 durante los primeros meses.<\/p>\n<p data-start=\"1560\" data-end=\"1606\"><strong data-start=\"1560\" data-end=\"1606\">Caracter\u00edsticas de los capazos Valco Baby:<\/strong><\/p>\n<ul data-start=\"1607\" data-end=\"1992\">\n<li data-start=\"1607\" data-end=\"1639\">\n<p data-start=\"1609\" data-end=\"1639\">Aptos desde el <strong data-start=\"1624\" data-end=\"1638\">nacimiento<\/strong>.<\/p>\n<\/li>\n<li data-start=\"1640\" data-end=\"1709\">\n<p data-start=\"1642\" data-end=\"1709\"><strong data-start=\"1642\" data-end=\"1674\">Sistema de extracci\u00f3n r\u00e1pida<\/strong> para colocar o retirar f\u00e1cilmente.<\/p>\n<\/li>\n<li data-start=\"1710\" data-end=\"1777\">\n<p data-start=\"1712\" data-end=\"1777\"><strong data-start=\"1712\" data-end=\"1733\">Colch\u00f3n acolchado<\/strong> que proporciona un descanso suave y seguro.<\/p>\n<\/li>\n<li data-start=\"1778\" data-end=\"1814\">\n<p data-start=\"1780\" data-end=\"1814\"><strong data-start=\"1780\" data-end=\"1813\">Correas de seguridad internas<\/strong>.<\/p>\n<\/li>\n<li data-start=\"1815\" data-end=\"1878\">\n<p data-start=\"1817\" data-end=\"1878\"><strong data-start=\"1817\" data-end=\"1837\">Capota ajustable<\/strong> con <strong data-start=\"1842\" data-end=\"1877\">panel de flujo de aire ampliado<\/strong>.<\/p>\n<\/li>\n<li data-start=\"1879\" data-end=\"1933\">\n<p data-start=\"1881\" data-end=\"1933\">Permiten que el beb\u00e9 viaje <strong data-start=\"1908\" data-end=\"1932\">mirando a sus padres<\/strong>.<\/p>\n<\/li>\n<li data-start=\"1934\" data-end=\"1992\">\n<p data-start=\"1936\" data-end=\"1992\"><strong data-start=\"1936\" data-end=\"1968\">Sistema de transporte seguro<\/strong> integrado en la capota.<\/p>\n<\/li>\n<\/ul>\n<p data-start=\"1994\" data-end=\"2144\">La <strong data-start=\"1997\" data-end=\"2015\">Valco Snap Duo<\/strong> es la elecci\u00f3n perfecta para padres que buscan un cochecito gemelar ligero, completo y preparado para crecer junto a su familia.<\/p>","protected":false},"excerpt":{"rendered":"<p>La <strong data-start=\"277\" data-end=\"300\">Valco Snap Duo<\/strong> es la soluci\u00f3n ideal para padres que necesitan una <strong data-start=\"352\" data-end=\"399\">silla gemelar c\u00f3moda, pr\u00e1ctica y muy ligera<\/strong>. Con solo <strong data-start=\"410\" data-end=\"427\">12 kg de peso<\/strong>, se posiciona como una de las <strong data-start=\"458\" data-end=\"486\">m\u00e1s livianas del mercado<\/strong>, sin renunciar a la estabilidad, el espacio y la comodidad que requieren dos ni\u00f1os, ya sean <strong data-start=\"579\" data-end=\"630\">reci\u00e9n nacidos, peque\u00f1os o de diferentes edades<\/strong>.<\/p>","protected":false},"featured_media":55512,"template":"","meta":[],"pwb-brand":[426],"product_cat":[156],"product_tag":[],"class_list":{"0":"post-55507","1":"product","2":"type-product","3":"status-publish","4":"has-post-thumbnail","6":"pwb-brand-valco","7":"product_cat-carritos-sillitas-gemelares","8":"pa_color-beige","9":"pa_color-negro","10":"pa_color-verde-oliva","11":"tm-has-options","13":"first","14":"instock","15":"taxable","16":"shipping-taxable","17":"purchasable","18":"product-type-variable","19":"wvs-archive-product-wrapper"},"yoast_head":"<!-- This site is optimized with the Yoast SEO plugin v26.9 - https:\/\/yoast.com\/product\/yoast-seo-wordpress\/ -->\n<title>Silla \/ Coche Gemelar Valco Snap Duo - Sillas Gemelares-Centrobeb\u00e9<\/title>\n<meta name=\"description\" content=\"El carro gemelar Valco Snap Duo es la opci\u00f3n perfecta para familias que buscan comodidad, versatilidad y ligereza en un solo producto.FINANCIALO FACIL\" \/>\n<meta name=\"robots\" content=\"index, follow, max-snippet:-1, max-image-preview:large, max-video-preview:-1\" \/>\n<link rel=\"canonical\" href=\"https:\/\/centrobebe.es\/en\/shop\/centrobebe\/cochecitos-y-sillas-de-paseo-de-bebe\/carritos-sillitas-gemelares\/coche-silla-gemelar-valco-snap-duo\/\" \/>\n<meta property=\"og:locale\" content=\"en_GB\" \/>\n<meta property=\"og:type\" content=\"article\" \/>\n<meta property=\"og:title\" content=\"Silla \/ Coche Gemelar Valco Snap Duo - Sillas Gemelares-Centrobeb\u00e9\" \/>\n<meta property=\"og:description\" content=\"El carro gemelar Valco Snap Duo es la opci\u00f3n perfecta para familias que buscan comodidad, versatilidad y ligereza en un solo producto.FINANCIALO FACIL\" \/>\n<meta property=\"og:url\" content=\"https:\/\/centrobebe.es\/en\/shop\/centrobebe\/cochecitos-y-sillas-de-paseo-de-bebe\/carritos-sillitas-gemelares\/coche-silla-gemelar-valco-snap-duo\/\" \/>\n<meta property=\"og:site_name\" content=\"Centrobeb\u00e9\" \/>\n<meta property=\"article:publisher\" content=\"https:\/\/www.facebook.com\/centrobebe\/\" \/>\n<meta property=\"article:modified_time\" content=\"2025-05-23T20:33:33+00:00\" \/>\n<meta property=\"og:image\" content=\"https:\/\/centrobebe.es\/wp-content\/uploads\/2025\/05\/valco-snap-duo.png\" \/>\n\t<meta property=\"og:image:width\" content=\"800\" \/>\n\t<meta property=\"og:image:height\" content=\"800\" \/>\n\t<meta property=\"og:image:type\" content=\"image\/png\" \/>\n<meta name=\"twitter:card\" content=\"summary_large_image\" \/>\n<meta name=\"twitter:site\" content=\"@centrobebe\" \/>\n<meta name=\"twitter:label1\" content=\"Estimated reading time\" \/>\n\t<meta name=\"twitter:data1\" content=\"2 minutes\" \/>\n<script type=\"application\/ld+json\" class=\"yoast-schema-graph\">{\"@context\":\"https:\/\/schema.org\",\"@graph\":[{\"@type\":\"WebPage\",\"@id\":\"https:\/\/centrobebe.es\/shop\/centrobebe\/cochecitos-y-sillas-de-paseo-de-bebe\/carritos-sillitas-gemelares\/coche-silla-gemelar-valco-snap-duo\/\",\"url\":\"https:\/\/centrobebe.es\/shop\/centrobebe\/cochecitos-y-sillas-de-paseo-de-bebe\/carritos-sillitas-gemelares\/coche-silla-gemelar-valco-snap-duo\/\",\"name\":\"Silla \/ Coche Gemelar Valco Snap Duo - Sillas Gemelares-Centrobeb\u00e9\",\"isPartOf\":{\"@id\":\"https:\/\/centrobebe.es\/#website\"},\"primaryImageOfPage\":{\"@id\":\"https:\/\/centrobebe.es\/shop\/centrobebe\/cochecitos-y-sillas-de-paseo-de-bebe\/carritos-sillitas-gemelares\/coche-silla-gemelar-valco-snap-duo\/#primaryimage\"},\"image\":{\"@id\":\"https:\/\/centrobebe.es\/shop\/centrobebe\/cochecitos-y-sillas-de-paseo-de-bebe\/carritos-sillitas-gemelares\/coche-silla-gemelar-valco-snap-duo\/#primaryimage\"},\"thumbnailUrl\":\"https:\/\/centrobebe.es\/wp-content\/uploads\/2025\/05\/valco-snap-duo.png\",\"datePublished\":\"2025-05-23T20:08:03+00:00\",\"dateModified\":\"2025-05-23T20:33:33+00:00\",\"description\":\"El carro gemelar Valco Snap Duo es la opci\u00f3n perfecta para familias que buscan comodidad, versatilidad y ligereza en un solo producto.FINANCIALO FACIL\",\"breadcrumb\":{\"@id\":\"https:\/\/centrobebe.es\/shop\/centrobebe\/cochecitos-y-sillas-de-paseo-de-bebe\/carritos-sillitas-gemelares\/coche-silla-gemelar-valco-snap-duo\/#breadcrumb\"},\"inLanguage\":\"en-GB\",\"potentialAction\":[{\"@type\":\"ReadAction\",\"target\":[\"https:\/\/centrobebe.es\/shop\/centrobebe\/cochecitos-y-sillas-de-paseo-de-bebe\/carritos-sillitas-gemelares\/coche-silla-gemelar-valco-snap-duo\/\"]}]},{\"@type\":\"ImageObject\",\"inLanguage\":\"en-GB\",\"@id\":\"https:\/\/centrobebe.es\/shop\/centrobebe\/cochecitos-y-sillas-de-paseo-de-bebe\/carritos-sillitas-gemelares\/coche-silla-gemelar-valco-snap-duo\/#primaryimage\",\"url\":\"https:\/\/centrobebe.es\/wp-content\/uploads\/2025\/05\/valco-snap-duo.png\",\"contentUrl\":\"https:\/\/centrobebe.es\/wp-content\/uploads\/2025\/05\/valco-snap-duo.png\",\"width\":800,\"height\":800,\"caption\":\"silla valco snap duo\"},{\"@type\":\"BreadcrumbList\",\"@id\":\"https:\/\/centrobebe.es\/shop\/centrobebe\/cochecitos-y-sillas-de-paseo-de-bebe\/carritos-sillitas-gemelares\/coche-silla-gemelar-valco-snap-duo\/#breadcrumb\",\"itemListElement\":[{\"@type\":\"ListItem\",\"position\":1,\"name\":\"Portada\",\"item\":\"https:\/\/centrobebe.es\/\"},{\"@type\":\"ListItem\",\"position\":2,\"name\":\"Shop\",\"item\":\"https:\/\/centrobebe.es\/shop\/\"},{\"@type\":\"ListItem\",\"position\":3,\"name\":\"Coche Silla Gemelar Valco Snap Duo (opci\u00f3n hasta dos capazos)\"}]},{\"@type\":\"WebSite\",\"@id\":\"https:\/\/centrobebe.es\/#website\",\"url\":\"https:\/\/centrobebe.es\/\",\"name\":\"Centrobeb\u00e9\",\"description\":\"Tienda de bebe online | Todo lo que tu bebe necesita\",\"publisher\":{\"@id\":\"https:\/\/centrobebe.es\/#organization\"},\"alternateName\":\"Centrobeb\u00e9\",\"potentialAction\":[{\"@type\":\"SearchAction\",\"target\":{\"@type\":\"EntryPoint\",\"urlTemplate\":\"https:\/\/centrobebe.es\/?s={search_term_string}\"},\"query-input\":{\"@type\":\"PropertyValueSpecification\",\"valueRequired\":true,\"valueName\":\"search_term_string\"}}],\"inLanguage\":\"en-GB\"},{\"@type\":\"Organization\",\"@id\":\"https:\/\/centrobebe.es\/#organization\",\"name\":\"Centrobebe\",\"alternateName\":\"Centrobebe\",\"url\":\"https:\/\/centrobebe.es\/\",\"logo\":{\"@type\":\"ImageObject\",\"inLanguage\":\"en-GB\",\"@id\":\"https:\/\/centrobebe.es\/#\/schema\/logo\/image\/\",\"url\":\"https:\/\/centrobebe.es\/wp-content\/uploads\/2018\/06\/icono3-e1557940133982.png\",\"contentUrl\":\"https:\/\/centrobebe.es\/wp-content\/uploads\/2018\/06\/icono3-e1557940133982.png\",\"width\":34,\"height\":29,\"caption\":\"Centrobebe\"},\"image\":{\"@id\":\"https:\/\/centrobebe.es\/#\/schema\/logo\/image\/\"},\"sameAs\":[\"https:\/\/www.facebook.com\/centrobebe\/\",\"https:\/\/x.com\/centrobebe\",\"https:\/\/www.instagram.com\/centrobebe.es\/\",\"https:\/\/www.youtube.com\/channel\/UCVU-jcFuwntnxOhxvSbf3hg\"]}]}<\/script>\n<!-- \/ Yoast SEO plugin. -->","yoast_head_json":{"title":"Silla \/ Coche Gemelar Valco Snap Duo - Sillas Gemelares-Centrobeb\u00e9","description":"El carro gemelar Valco Snap Duo es la opci\u00f3n perfecta para familias que buscan comodidad, versatilidad y ligereza en un solo producto.FINANCIALO FACIL","robots":{"index":"index","follow":"follow","max-snippet":"max-snippet:-1","max-image-preview":"max-image-preview:large","max-video-preview":"max-video-preview:-1"},"canonical":"https:\/\/centrobebe.es\/en\/shop\/centrobebe\/cochecitos-y-sillas-de-paseo-de-bebe\/carritos-sillitas-gemelares\/coche-silla-gemelar-valco-snap-duo\/","og_locale":"en_GB","og_type":"article","og_title":"Silla \/ Coche Gemelar Valco Snap Duo - Sillas Gemelares-Centrobeb\u00e9","og_description":"El carro gemelar Valco Snap Duo es la opci\u00f3n perfecta para familias que buscan comodidad, versatilidad y ligereza en un solo producto.FINANCIALO FACIL","og_url":"https:\/\/centrobebe.es\/en\/shop\/centrobebe\/cochecitos-y-sillas-de-paseo-de-bebe\/carritos-sillitas-gemelares\/coche-silla-gemelar-valco-snap-duo\/","og_site_name":"Centrobeb\u00e9","article_publisher":"https:\/\/www.facebook.com\/centrobebe\/","article_modified_time":"2025-05-23T20:33:33+00:00","og_image":[{"width":800,"height":800,"url":"https:\/\/centrobebe.es\/wp-content\/uploads\/2025\/05\/valco-snap-duo.png","type":"image\/png"}],"twitter_card":"summary_large_image","twitter_site":"@centrobebe","twitter_misc":{"Estimated reading time":"2 minutes"},"schema":{"@context":"https:\/\/schema.org","@graph":[{"@type":"WebPage","@id":"https:\/\/centrobebe.es\/shop\/centrobebe\/cochecitos-y-sillas-de-paseo-de-bebe\/carritos-sillitas-gemelares\/coche-silla-gemelar-valco-snap-duo\/","url":"https:\/\/centrobebe.es\/shop\/centrobebe\/cochecitos-y-sillas-de-paseo-de-bebe\/carritos-sillitas-gemelares\/coche-silla-gemelar-valco-snap-duo\/","name":"Silla \/ Coche Gemelar Valco Snap Duo - Sillas Gemelares-Centrobeb\u00e9","isPartOf":{"@id":"https:\/\/centrobebe.es\/#website"},"primaryImageOfPage":{"@id":"https:\/\/centrobebe.es\/shop\/centrobebe\/cochecitos-y-sillas-de-paseo-de-bebe\/carritos-sillitas-gemelares\/coche-silla-gemelar-valco-snap-duo\/#primaryimage"},"image":{"@id":"https:\/\/centrobebe.es\/shop\/centrobebe\/cochecitos-y-sillas-de-paseo-de-bebe\/carritos-sillitas-gemelares\/coche-silla-gemelar-valco-snap-duo\/#primaryimage"},"thumbnailUrl":"https:\/\/centrobebe.es\/wp-content\/uploads\/2025\/05\/valco-snap-duo.png","datePublished":"2025-05-23T20:08:03+00:00","dateModified":"2025-05-23T20:33:33+00:00","description":"El carro gemelar Valco Snap Duo es la opci\u00f3n perfecta para familias que buscan comodidad, versatilidad y ligereza en un solo producto.FINANCIALO FACIL","breadcrumb":{"@id":"https:\/\/centrobebe.es\/shop\/centrobebe\/cochecitos-y-sillas-de-paseo-de-bebe\/carritos-sillitas-gemelares\/coche-silla-gemelar-valco-snap-duo\/#breadcrumb"},"inLanguage":"en-GB","potentialAction":[{"@type":"ReadAction","target":["https:\/\/centrobebe.es\/shop\/centrobebe\/cochecitos-y-sillas-de-paseo-de-bebe\/carritos-sillitas-gemelares\/coche-silla-gemelar-valco-snap-duo\/"]}]},{"@type":"ImageObject","inLanguage":"en-GB","@id":"https:\/\/centrobebe.es\/shop\/centrobebe\/cochecitos-y-sillas-de-paseo-de-bebe\/carritos-sillitas-gemelares\/coche-silla-gemelar-valco-snap-duo\/#primaryimage","url":"https:\/\/centrobebe.es\/wp-content\/uploads\/2025\/05\/valco-snap-duo.png","contentUrl":"https:\/\/centrobebe.es\/wp-content\/uploads\/2025\/05\/valco-snap-duo.png","width":800,"height":800,"caption":"silla valco snap duo"},{"@type":"BreadcrumbList","@id":"https:\/\/centrobebe.es\/shop\/centrobebe\/cochecitos-y-sillas-de-paseo-de-bebe\/carritos-sillitas-gemelares\/coche-silla-gemelar-valco-snap-duo\/#breadcrumb","itemListElement":[{"@type":"ListItem","position":1,"name":"Portada","item":"https:\/\/centrobebe.es\/"},{"@type":"ListItem","position":2,"name":"Shop","item":"https:\/\/centrobebe.es\/shop\/"},{"@type":"ListItem","position":3,"name":"Coche Silla Gemelar Valco Snap Duo (opci\u00f3n hasta dos capazos)"}]},{"@type":"WebSite","@id":"https:\/\/centrobebe.es\/#website","url":"https:\/\/centrobebe.es\/","name":"Centrobeb\u00e9","description":"Tienda de bebe online | Todo lo que tu bebe necesita","publisher":{"@id":"https:\/\/centrobebe.es\/#organization"},"alternateName":"Centrobeb\u00e9","potentialAction":[{"@type":"SearchAction","target":{"@type":"EntryPoint","urlTemplate":"https:\/\/centrobebe.es\/?s={search_term_string}"},"query-input":{"@type":"PropertyValueSpecification","valueRequired":true,"valueName":"search_term_string"}}],"inLanguage":"en-GB"},{"@type":"Organization","@id":"https:\/\/centrobebe.es\/#organization","name":"Centrobebe","alternateName":"Centrobebe","url":"https:\/\/centrobebe.es\/","logo":{"@type":"ImageObject","inLanguage":"en-GB","@id":"https:\/\/centrobebe.es\/#\/schema\/logo\/image\/","url":"https:\/\/centrobebe.es\/wp-content\/uploads\/2018\/06\/icono3-e1557940133982.png","contentUrl":"https:\/\/centrobebe.es\/wp-content\/uploads\/2018\/06\/icono3-e1557940133982.png","width":34,"height":29,"caption":"Centrobebe"},"image":{"@id":"https:\/\/centrobebe.es\/#\/schema\/logo\/image\/"},"sameAs":["https:\/\/www.facebook.com\/centrobebe\/","https:\/\/x.com\/centrobebe","https:\/\/www.instagram.com\/centrobebe.es\/","https:\/\/www.youtube.com\/channel\/UCVU-jcFuwntnxOhxvSbf3hg"]}]}},"brands":[{"id":426,"name":"Valco","slug":"valco"}],"_links":{"self":[{"href":"https:\/\/centrobebe.es\/en\/wp-json\/wp\/v2\/product\/55507","targetHints":{"allow":["GET"]}}],"collection":[{"href":"https:\/\/centrobebe.es\/en\/wp-json\/wp\/v2\/product"}],"about":[{"href":"https:\/\/centrobebe.es\/en\/wp-json\/wp\/v2\/types\/product"}],"version-history":[{"count":4,"href":"https:\/\/centrobebe.es\/en\/wp-json\/wp\/v2\/product\/55507\/revisions"}],"predecessor-version":[{"id":55525,"href":"https:\/\/centrobebe.es\/en\/wp-json\/wp\/v2\/product\/55507\/revisions\/55525"}],"wp:featuredmedia":[{"embeddable":true,"href":"https:\/\/centrobebe.es\/en\/wp-json\/wp\/v2\/media\/55512"}],"wp:attachment":[{"href":"https:\/\/centrobebe.es\/en\/wp-json\/wp\/v2\/media?parent=55507"}],"wp:term":[{"taxonomy":"pwb-brand","embeddable":true,"href":"https:\/\/centrobebe.es\/en\/wp-json\/wp\/v2\/pwb-brand?post=55507"},{"taxonomy":"product_cat","embeddable":true,"href":"https:\/\/centrobebe.es\/en\/wp-json\/wp\/v2\/product_cat?post=55507"},{"taxonomy":"product_tag","embeddable":true,"href":"https:\/\/centrobebe.es\/en\/wp-json\/wp\/v2\/product_tag?post=55507"}],"curies":[{"name":"wp","href":"https:\/\/api.w.org\/{rel}","templated":true}]}}