{"id":55679,"date":"2025-06-06T11:42:02","date_gmt":"2025-06-06T11:42:02","guid":{"rendered":"https:\/\/centrobebe.es\/?post_type=product&#038;p=55679"},"modified":"2025-06-11T08:23:12","modified_gmt":"2025-06-11T08:23:12","slug":"silla-paseo-reversible-be-cool-stratos-22kg","status":"publish","type":"product","link":"https:\/\/centrobebe.es\/en\/shop\/centrobebe\/cochecitos-y-sillas-de-paseo-de-bebe\/sillas-de-paseo-ligeras-baratas\/silla-paseo-reversible-be-cool-stratos-22kg\/","title":{"rendered":"Silla Paseo Reversible Be Cool STRATOS 22kg"},"content":{"rendered":"<h1>Silla Paseo Reversible Be Cool STRATOS 22kg<\/h1>\n<div>\n<p>Be Cool Stratos,descubre el cochecito Stratos, muy c\u00f3modo y f\u00e1cil de plegar con una sola mano incluso con la hamaca instalada. Su respaldo es muy alto y reclina perfectamente en un c\u00f3modo \u00e1ngulo de 180\u00b0. Combinado con el capazo Stratos Cot el beb\u00e9 descansar\u00e1 pl\u00e1cidamente en sus primeros paseos.<\/p>\n<p><iframe title=\"Be Cool STRATOS\" src=\"https:\/\/www.youtube.com\/embed\/7zl48aRlafw\" width=\"583\" height=\"353\" frameborder=\"0\" allowfullscreen=\"allowfullscreen\"><\/iframe><\/p>\n<p>Echa un vistazo a todas sus prestaciones:<\/p>\n<h2>Carrito Stratos:<\/h2>\n<p>\u00b7 Chasis de aluminio ligero<br \/>\n\u00b7 Arn\u00e9s de 5 puntos<br \/>\n\u00b7 Manillar y protector de polipiel<br \/>\n\u00b7 Plegado compacto con una mano incluso con la hamaca instalada<br \/>\n\u00b7 Manillar regulable en altura<br \/>\n\u00b7 Suspensi\u00f3n en las cuatro ruedas<br \/>\n\u00b7 Cestilla de f\u00e1cil acceso y gran capacidad: 27 litros<br \/>\n\u00b7 Ruedas extra\u00edbles de 24 cm y 18 cm de di\u00e1metro<br \/>\n\u00b7 Reclinado en 3 posiciones, consigue un \u00e1ngulo de reclinaci\u00f3n de 180\u00b0 para que el peque vaya perfectamente tumbado.<br \/>\n\u00b7 Asa que facilita el transporte una vez plegado<br \/>\n\u00b7 Reposapi\u00e9s regulable<\/p>\n<div>En Centrobebe disponemos de una amplia variedad de <a href=\"https:\/\/centrobebe.es\/en\/product-category\/centrobebe\/cochecitos-y-sillas-de-paseo-de-bebe\/sillas-de-paseo-ligeras-baratas\/\">sillas de paseo<\/a> baratas de las principales marcas del mercado que garantizan la calidad y la asistencia t\u00e9cnica ante cualquier incidencia. Encuentra la m\u00e1s acorde con tus necesidades.<\/div>\n<div><\/div>\n<p>Si necesitas m\u00e1s informaci\u00f3n sobre los productos para beb\u00e9s, no dudes en ponerte en contacto con nuestro equipo de profesionales. Estaremos encantados de ayudarte y aconsejarte sobre los beneficios que te aporta cada producto.<\/p>\n<\/div>","protected":false},"excerpt":{"rendered":"<p>Stratos, silla reversible muy c\u00f3moda y f\u00e1cil de plegar con una sola mano incluso con la hamaca instalada<\/p>","protected":false},"featured_media":55681,"template":"","meta":[],"pwb-brand":[394],"product_cat":[157],"product_tag":[],"class_list":{"0":"post-55679","1":"product","2":"type-product","3":"status-publish","4":"has-post-thumbnail","6":"pwb-brand-be-cool","7":"product_cat-sillas-de-paseo-ligeras-baratas","8":"pa_color-beige","9":"pa_color-gris","10":"pa_color-verde-oliva","11":"tm-no-options","13":"first","14":"instock","15":"sale","16":"taxable","17":"shipping-taxable","18":"purchasable","19":"product-type-simple"},"yoast_head":"<!-- This site is optimized with the Yoast SEO plugin v26.9 - https:\/\/yoast.com\/product\/yoast-seo-wordpress\/ -->\n<title>Silla Reversible Be Cool Stratos - Sillas Ligeras - Centrobeb\u00e9<\/title>\n<meta name=\"description\" content=\"Be Cool Stratos, muy c\u00f3moda y f\u00e1cil de plegar con una sola mano incluso con la hamaca instalada. Compra online al mejor precio y fin\u00e1nciala\" \/>\n<meta name=\"robots\" content=\"index, follow, max-snippet:-1, max-image-preview:large, max-video-preview:-1\" \/>\n<link rel=\"canonical\" href=\"https:\/\/centrobebe.es\/en\/shop\/centrobebe\/cochecitos-y-sillas-de-paseo-de-bebe\/sillas-de-paseo-ligeras-baratas\/silla-paseo-reversible-be-cool-stratos-22kg\/\" \/>\n<meta property=\"og:locale\" content=\"en_GB\" \/>\n<meta property=\"og:type\" content=\"article\" \/>\n<meta property=\"og:title\" content=\"Silla Reversible Be Cool Stratos - Sillas Ligeras - Centrobeb\u00e9\" \/>\n<meta property=\"og:description\" content=\"Be Cool Stratos, muy c\u00f3moda y f\u00e1cil de plegar con una sola mano incluso con la hamaca instalada. Compra online al mejor precio y fin\u00e1nciala\" \/>\n<meta property=\"og:url\" content=\"https:\/\/centrobebe.es\/en\/shop\/centrobebe\/cochecitos-y-sillas-de-paseo-de-bebe\/sillas-de-paseo-ligeras-baratas\/silla-paseo-reversible-be-cool-stratos-22kg\/\" \/>\n<meta property=\"og:site_name\" content=\"Centrobeb\u00e9\" \/>\n<meta property=\"article:publisher\" content=\"https:\/\/www.facebook.com\/centrobebe\/\" \/>\n<meta property=\"article:modified_time\" content=\"2025-06-11T08:23:12+00:00\" \/>\n<meta property=\"og:image\" content=\"https:\/\/centrobebe.es\/wp-content\/uploads\/2025\/06\/8091_Z19_Stratos_Duo_BeFrack_4_Silla.jpg\" \/>\n\t<meta property=\"og:image:width\" content=\"1500\" \/>\n\t<meta property=\"og:image:height\" content=\"1500\" \/>\n\t<meta property=\"og:image:type\" content=\"image\/jpeg\" \/>\n<meta name=\"twitter:card\" content=\"summary_large_image\" \/>\n<meta name=\"twitter:site\" content=\"@centrobebe\" \/>\n<meta name=\"twitter:label1\" content=\"Estimated reading time\" \/>\n\t<meta name=\"twitter:data1\" content=\"2 minutes\" \/>\n<script type=\"application\/ld+json\" class=\"yoast-schema-graph\">{\"@context\":\"https:\/\/schema.org\",\"@graph\":[{\"@type\":\"WebPage\",\"@id\":\"https:\/\/centrobebe.es\/shop\/centrobebe\/cochecitos-y-sillas-de-paseo-de-bebe\/sillas-de-paseo-ligeras-baratas\/silla-paseo-reversible-be-cool-stratos-22kg\/\",\"url\":\"https:\/\/centrobebe.es\/shop\/centrobebe\/cochecitos-y-sillas-de-paseo-de-bebe\/sillas-de-paseo-ligeras-baratas\/silla-paseo-reversible-be-cool-stratos-22kg\/\",\"name\":\"Silla Reversible Be Cool Stratos - Sillas Ligeras - Centrobeb\u00e9\",\"isPartOf\":{\"@id\":\"https:\/\/centrobebe.es\/#website\"},\"primaryImageOfPage\":{\"@id\":\"https:\/\/centrobebe.es\/shop\/centrobebe\/cochecitos-y-sillas-de-paseo-de-bebe\/sillas-de-paseo-ligeras-baratas\/silla-paseo-reversible-be-cool-stratos-22kg\/#primaryimage\"},\"image\":{\"@id\":\"https:\/\/centrobebe.es\/shop\/centrobebe\/cochecitos-y-sillas-de-paseo-de-bebe\/sillas-de-paseo-ligeras-baratas\/silla-paseo-reversible-be-cool-stratos-22kg\/#primaryimage\"},\"thumbnailUrl\":\"https:\/\/centrobebe.es\/wp-content\/uploads\/2025\/06\/8091_Z19_Stratos_Duo_BeFrack_4_Silla.jpg\",\"datePublished\":\"2025-06-06T11:42:02+00:00\",\"dateModified\":\"2025-06-11T08:23:12+00:00\",\"description\":\"Be Cool Stratos, muy c\u00f3moda y f\u00e1cil de plegar con una sola mano incluso con la hamaca instalada. Compra online al mejor precio y fin\u00e1nciala\",\"breadcrumb\":{\"@id\":\"https:\/\/centrobebe.es\/shop\/centrobebe\/cochecitos-y-sillas-de-paseo-de-bebe\/sillas-de-paseo-ligeras-baratas\/silla-paseo-reversible-be-cool-stratos-22kg\/#breadcrumb\"},\"inLanguage\":\"en-GB\",\"potentialAction\":[{\"@type\":\"ReadAction\",\"target\":[\"https:\/\/centrobebe.es\/shop\/centrobebe\/cochecitos-y-sillas-de-paseo-de-bebe\/sillas-de-paseo-ligeras-baratas\/silla-paseo-reversible-be-cool-stratos-22kg\/\"]}]},{\"@type\":\"ImageObject\",\"inLanguage\":\"en-GB\",\"@id\":\"https:\/\/centrobebe.es\/shop\/centrobebe\/cochecitos-y-sillas-de-paseo-de-bebe\/sillas-de-paseo-ligeras-baratas\/silla-paseo-reversible-be-cool-stratos-22kg\/#primaryimage\",\"url\":\"https:\/\/centrobebe.es\/wp-content\/uploads\/2025\/06\/8091_Z19_Stratos_Duo_BeFrack_4_Silla.jpg\",\"contentUrl\":\"https:\/\/centrobebe.es\/wp-content\/uploads\/2025\/06\/8091_Z19_Stratos_Duo_BeFrack_4_Silla.jpg\",\"width\":1500,\"height\":1500,\"caption\":\"SILLA BE COOL STRATOS\"},{\"@type\":\"BreadcrumbList\",\"@id\":\"https:\/\/centrobebe.es\/shop\/centrobebe\/cochecitos-y-sillas-de-paseo-de-bebe\/sillas-de-paseo-ligeras-baratas\/silla-paseo-reversible-be-cool-stratos-22kg\/#breadcrumb\",\"itemListElement\":[{\"@type\":\"ListItem\",\"position\":1,\"name\":\"Portada\",\"item\":\"https:\/\/centrobebe.es\/\"},{\"@type\":\"ListItem\",\"position\":2,\"name\":\"Shop\",\"item\":\"https:\/\/centrobebe.es\/shop\/\"},{\"@type\":\"ListItem\",\"position\":3,\"name\":\"Silla Paseo Reversible Be Cool STRATOS 22kg\"}]},{\"@type\":\"WebSite\",\"@id\":\"https:\/\/centrobebe.es\/#website\",\"url\":\"https:\/\/centrobebe.es\/\",\"name\":\"Centrobeb\u00e9\",\"description\":\"Tienda de bebe online | Todo lo que tu bebe necesita\",\"publisher\":{\"@id\":\"https:\/\/centrobebe.es\/#organization\"},\"alternateName\":\"Centrobeb\u00e9\",\"potentialAction\":[{\"@type\":\"SearchAction\",\"target\":{\"@type\":\"EntryPoint\",\"urlTemplate\":\"https:\/\/centrobebe.es\/?s={search_term_string}\"},\"query-input\":{\"@type\":\"PropertyValueSpecification\",\"valueRequired\":true,\"valueName\":\"search_term_string\"}}],\"inLanguage\":\"en-GB\"},{\"@type\":\"Organization\",\"@id\":\"https:\/\/centrobebe.es\/#organization\",\"name\":\"Centrobebe\",\"alternateName\":\"Centrobebe\",\"url\":\"https:\/\/centrobebe.es\/\",\"logo\":{\"@type\":\"ImageObject\",\"inLanguage\":\"en-GB\",\"@id\":\"https:\/\/centrobebe.es\/#\/schema\/logo\/image\/\",\"url\":\"https:\/\/centrobebe.es\/wp-content\/uploads\/2018\/06\/icono3-e1557940133982.png\",\"contentUrl\":\"https:\/\/centrobebe.es\/wp-content\/uploads\/2018\/06\/icono3-e1557940133982.png\",\"width\":34,\"height\":29,\"caption\":\"Centrobebe\"},\"image\":{\"@id\":\"https:\/\/centrobebe.es\/#\/schema\/logo\/image\/\"},\"sameAs\":[\"https:\/\/www.facebook.com\/centrobebe\/\",\"https:\/\/x.com\/centrobebe\",\"https:\/\/www.instagram.com\/centrobebe.es\/\",\"https:\/\/www.youtube.com\/channel\/UCVU-jcFuwntnxOhxvSbf3hg\"]}]}<\/script>\n<!-- \/ Yoast SEO plugin. -->","yoast_head_json":{"title":"Silla Reversible Be Cool Stratos - Sillas Ligeras - Centrobeb\u00e9","description":"Be Cool Stratos, muy c\u00f3moda y f\u00e1cil de plegar con una sola mano incluso con la hamaca instalada. Compra online al mejor precio y fin\u00e1nciala","robots":{"index":"index","follow":"follow","max-snippet":"max-snippet:-1","max-image-preview":"max-image-preview:large","max-video-preview":"max-video-preview:-1"},"canonical":"https:\/\/centrobebe.es\/en\/shop\/centrobebe\/cochecitos-y-sillas-de-paseo-de-bebe\/sillas-de-paseo-ligeras-baratas\/silla-paseo-reversible-be-cool-stratos-22kg\/","og_locale":"en_GB","og_type":"article","og_title":"Silla Reversible Be Cool Stratos - Sillas Ligeras - Centrobeb\u00e9","og_description":"Be Cool Stratos, muy c\u00f3moda y f\u00e1cil de plegar con una sola mano incluso con la hamaca instalada. Compra online al mejor precio y fin\u00e1nciala","og_url":"https:\/\/centrobebe.es\/en\/shop\/centrobebe\/cochecitos-y-sillas-de-paseo-de-bebe\/sillas-de-paseo-ligeras-baratas\/silla-paseo-reversible-be-cool-stratos-22kg\/","og_site_name":"Centrobeb\u00e9","article_publisher":"https:\/\/www.facebook.com\/centrobebe\/","article_modified_time":"2025-06-11T08:23:12+00:00","og_image":[{"width":1500,"height":1500,"url":"https:\/\/centrobebe.es\/wp-content\/uploads\/2025\/06\/8091_Z19_Stratos_Duo_BeFrack_4_Silla.jpg","type":"image\/jpeg"}],"twitter_card":"summary_large_image","twitter_site":"@centrobebe","twitter_misc":{"Estimated reading time":"2 minutes"},"schema":{"@context":"https:\/\/schema.org","@graph":[{"@type":"WebPage","@id":"https:\/\/centrobebe.es\/shop\/centrobebe\/cochecitos-y-sillas-de-paseo-de-bebe\/sillas-de-paseo-ligeras-baratas\/silla-paseo-reversible-be-cool-stratos-22kg\/","url":"https:\/\/centrobebe.es\/shop\/centrobebe\/cochecitos-y-sillas-de-paseo-de-bebe\/sillas-de-paseo-ligeras-baratas\/silla-paseo-reversible-be-cool-stratos-22kg\/","name":"Silla Reversible Be Cool Stratos - Sillas Ligeras - Centrobeb\u00e9","isPartOf":{"@id":"https:\/\/centrobebe.es\/#website"},"primaryImageOfPage":{"@id":"https:\/\/centrobebe.es\/shop\/centrobebe\/cochecitos-y-sillas-de-paseo-de-bebe\/sillas-de-paseo-ligeras-baratas\/silla-paseo-reversible-be-cool-stratos-22kg\/#primaryimage"},"image":{"@id":"https:\/\/centrobebe.es\/shop\/centrobebe\/cochecitos-y-sillas-de-paseo-de-bebe\/sillas-de-paseo-ligeras-baratas\/silla-paseo-reversible-be-cool-stratos-22kg\/#primaryimage"},"thumbnailUrl":"https:\/\/centrobebe.es\/wp-content\/uploads\/2025\/06\/8091_Z19_Stratos_Duo_BeFrack_4_Silla.jpg","datePublished":"2025-06-06T11:42:02+00:00","dateModified":"2025-06-11T08:23:12+00:00","description":"Be Cool Stratos, muy c\u00f3moda y f\u00e1cil de plegar con una sola mano incluso con la hamaca instalada. Compra online al mejor precio y fin\u00e1nciala","breadcrumb":{"@id":"https:\/\/centrobebe.es\/shop\/centrobebe\/cochecitos-y-sillas-de-paseo-de-bebe\/sillas-de-paseo-ligeras-baratas\/silla-paseo-reversible-be-cool-stratos-22kg\/#breadcrumb"},"inLanguage":"en-GB","potentialAction":[{"@type":"ReadAction","target":["https:\/\/centrobebe.es\/shop\/centrobebe\/cochecitos-y-sillas-de-paseo-de-bebe\/sillas-de-paseo-ligeras-baratas\/silla-paseo-reversible-be-cool-stratos-22kg\/"]}]},{"@type":"ImageObject","inLanguage":"en-GB","@id":"https:\/\/centrobebe.es\/shop\/centrobebe\/cochecitos-y-sillas-de-paseo-de-bebe\/sillas-de-paseo-ligeras-baratas\/silla-paseo-reversible-be-cool-stratos-22kg\/#primaryimage","url":"https:\/\/centrobebe.es\/wp-content\/uploads\/2025\/06\/8091_Z19_Stratos_Duo_BeFrack_4_Silla.jpg","contentUrl":"https:\/\/centrobebe.es\/wp-content\/uploads\/2025\/06\/8091_Z19_Stratos_Duo_BeFrack_4_Silla.jpg","width":1500,"height":1500,"caption":"SILLA BE COOL STRATOS"},{"@type":"BreadcrumbList","@id":"https:\/\/centrobebe.es\/shop\/centrobebe\/cochecitos-y-sillas-de-paseo-de-bebe\/sillas-de-paseo-ligeras-baratas\/silla-paseo-reversible-be-cool-stratos-22kg\/#breadcrumb","itemListElement":[{"@type":"ListItem","position":1,"name":"Portada","item":"https:\/\/centrobebe.es\/"},{"@type":"ListItem","position":2,"name":"Shop","item":"https:\/\/centrobebe.es\/shop\/"},{"@type":"ListItem","position":3,"name":"Silla Paseo Reversible Be Cool STRATOS 22kg"}]},{"@type":"WebSite","@id":"https:\/\/centrobebe.es\/#website","url":"https:\/\/centrobebe.es\/","name":"Centrobeb\u00e9","description":"Tienda de bebe online | Todo lo que tu bebe necesita","publisher":{"@id":"https:\/\/centrobebe.es\/#organization"},"alternateName":"Centrobeb\u00e9","potentialAction":[{"@type":"SearchAction","target":{"@type":"EntryPoint","urlTemplate":"https:\/\/centrobebe.es\/?s={search_term_string}"},"query-input":{"@type":"PropertyValueSpecification","valueRequired":true,"valueName":"search_term_string"}}],"inLanguage":"en-GB"},{"@type":"Organization","@id":"https:\/\/centrobebe.es\/#organization","name":"Centrobebe","alternateName":"Centrobebe","url":"https:\/\/centrobebe.es\/","logo":{"@type":"ImageObject","inLanguage":"en-GB","@id":"https:\/\/centrobebe.es\/#\/schema\/logo\/image\/","url":"https:\/\/centrobebe.es\/wp-content\/uploads\/2018\/06\/icono3-e1557940133982.png","contentUrl":"https:\/\/centrobebe.es\/wp-content\/uploads\/2018\/06\/icono3-e1557940133982.png","width":34,"height":29,"caption":"Centrobebe"},"image":{"@id":"https:\/\/centrobebe.es\/#\/schema\/logo\/image\/"},"sameAs":["https:\/\/www.facebook.com\/centrobebe\/","https:\/\/x.com\/centrobebe","https:\/\/www.instagram.com\/centrobebe.es\/","https:\/\/www.youtube.com\/channel\/UCVU-jcFuwntnxOhxvSbf3hg"]}]}},"brands":[{"id":394,"name":"Be Cool","slug":"be-cool"}],"_links":{"self":[{"href":"https:\/\/centrobebe.es\/en\/wp-json\/wp\/v2\/product\/55679","targetHints":{"allow":["GET"]}}],"collection":[{"href":"https:\/\/centrobebe.es\/en\/wp-json\/wp\/v2\/product"}],"about":[{"href":"https:\/\/centrobebe.es\/en\/wp-json\/wp\/v2\/types\/product"}],"version-history":[{"count":1,"href":"https:\/\/centrobebe.es\/en\/wp-json\/wp\/v2\/product\/55679\/revisions"}],"predecessor-version":[{"id":55680,"href":"https:\/\/centrobebe.es\/en\/wp-json\/wp\/v2\/product\/55679\/revisions\/55680"}],"wp:featuredmedia":[{"embeddable":true,"href":"https:\/\/centrobebe.es\/en\/wp-json\/wp\/v2\/media\/55681"}],"wp:attachment":[{"href":"https:\/\/centrobebe.es\/en\/wp-json\/wp\/v2\/media?parent=55679"}],"wp:term":[{"taxonomy":"pwb-brand","embeddable":true,"href":"https:\/\/centrobebe.es\/en\/wp-json\/wp\/v2\/pwb-brand?post=55679"},{"taxonomy":"product_cat","embeddable":true,"href":"https:\/\/centrobebe.es\/en\/wp-json\/wp\/v2\/product_cat?post=55679"},{"taxonomy":"product_tag","embeddable":true,"href":"https:\/\/centrobebe.es\/en\/wp-json\/wp\/v2\/product_tag?post=55679"}],"curies":[{"name":"wp","href":"https:\/\/api.w.org\/{rel}","templated":true}]}}