{"id":55691,"date":"2025-06-06T17:19:35","date_gmt":"2025-06-06T17:19:35","guid":{"rendered":"https:\/\/centrobebe.es\/?post_type=product&#038;p=55691"},"modified":"2025-06-06T18:06:25","modified_gmt":"2025-06-06T18:06:25","slug":"nido-jane-reductor-colecho-plagiocefalia-joy-nest-star","status":"publish","type":"product","link":"https:\/\/centrobebe.es\/en\/shop\/centrobebe\/canastilla\/nido-jane-reductor-colecho-plagiocefalia-joy-nest-star\/","title":{"rendered":"Nido Jane Reductor Colecho Plagiocefalia JOY NEST STAR"},"content":{"rendered":"<h1 data-start=\"0\" data-end=\"67\"><strong data-start=\"0\" data-end=\"67\">Nido Jan\u00e9 Reductor Colche Joy Nest \u2013 Seguridad y Comodidad para tu Beb\u00e9<\/strong><\/h1>\n<p data-start=\"69\" data-end=\"351\"><strong data-start=\"72\" data-end=\"114\">Nido Jane reductor ergon\u00f3mico Joy Nest<\/strong> est\u00e1 dise\u00f1ado para ofrecer a tu beb\u00e9 un espacio seguro y acogedor desde el primer d\u00eda. Su estructura y materiales recrean la sensaci\u00f3n de protecci\u00f3n del vientre materno, favoreciendo un sue\u00f1o m\u00e1s profundo y evitando la p\u00e9rdida de calor.<\/p>\n<p data-start=\"353\" data-end=\"713\">Su <strong data-start=\"356\" data-end=\"396\">tejido de malla 3D ultratranspirable<\/strong> en la parte de la cabeza, espalda y zonas de contacto directo con la piel garantiza una \u00f3ptima ventilaci\u00f3n y regulaci\u00f3n de la temperatura, incluso durante los meses m\u00e1s c\u00e1lidos. Adem\u00e1s, incorpora un <strong data-start=\"596\" data-end=\"636\">coj\u00edn para prevenir la plagiocefalia<\/strong>, cuidando la forma natural de la cabeza en los primeros meses de desarrollo.<\/p>\n<p data-start=\"715\" data-end=\"1040\">El <strong data-start=\"718\" data-end=\"750\">rollo de elevaci\u00f3n ajustable<\/strong> a la altura de las piernas acompa\u00f1a el crecimiento del beb\u00e9, ofreciendo siempre la posici\u00f3n m\u00e1s ergon\u00f3mica. Gracias a su <strong data-start=\"872\" data-end=\"907\">tama\u00f1o reducido y dise\u00f1o ligero<\/strong> (50 x 80 x 10 cm), es perfecto para llevar contigo all\u00e1 donde vayas: un nido de colecho ideal para viajes y estancias fuera de casa.<\/p>\n<p data-start=\"1042\" data-end=\"1074\"><strong data-start=\"1042\" data-end=\"1074\">Caracter\u00edsticas principales:<\/strong><\/p>\n<ul data-start=\"1075\" data-end=\"1502\">\n<li data-start=\"1075\" data-end=\"1154\">\n<p data-start=\"1077\" data-end=\"1154\">Nido reductor ergon\u00f3mico que recrea el vientre materno y favorece el confort.<\/p>\n<\/li>\n<li data-start=\"1155\" data-end=\"1239\">\n<p data-start=\"1157\" data-end=\"1239\">Tejido suave de malla 3D ultratranspirable en cabeza, espalda y zonas de contacto.<\/p>\n<\/li>\n<li data-start=\"1240\" data-end=\"1311\">\n<p data-start=\"1242\" data-end=\"1311\">Coj\u00edn integrado para prevenir la plagiocefalia en los primeros meses.<\/p>\n<\/li>\n<li data-start=\"1312\" data-end=\"1392\">\n<p data-start=\"1314\" data-end=\"1392\">Rollo de elevaci\u00f3n ajustable para adaptar la posici\u00f3n a la evoluci\u00f3n del beb\u00e9.<\/p>\n<\/li>\n<li data-start=\"1393\" data-end=\"1451\">\n<p data-start=\"1395\" data-end=\"1451\">Tama\u00f1o compacto (50 x 80 x 10 cm), f\u00e1cil de transportar.<\/p>\n<\/li>\n<li data-start=\"1452\" data-end=\"1473\">\n<p data-start=\"1454\" data-end=\"1473\">Apto desde 0 meses.<\/p>\n<\/li>\n<li data-start=\"1474\" data-end=\"1502\">\n<p data-start=\"1476\" data-end=\"1502\">Transpirable y ergon\u00f3mico.<\/p>\n<\/li>\n<\/ul>\n<p data-start=\"1504\" data-end=\"1678\" data-is-last-node=\"\" data-is-only-node=\"\">Con el <strong data-start=\"1511\" data-end=\"1528\">Jan\u00e9 Joy Nest<\/strong>, tu beb\u00e9 descansar\u00e1 m\u00e1s relajado y protegido, tanto en casa como de viaje, disfrutando de un entorno que favorece el sue\u00f1o y el desarrollo saludable.<\/p>","protected":false},"excerpt":{"rendered":"<p>El <strong data-start=\"72\" data-end=\"114\">nido Jane reductor ergon\u00f3mico Joy Nest<\/strong> est\u00e1 dise\u00f1ado para ofrecer a tu beb\u00e9 un espacio seguro y acogedor desde el primer d\u00eda. Su estructura y materiales recrean la sensaci\u00f3n de protecci\u00f3n del vientre materno, favoreciendo un sue\u00f1o m\u00e1s profundo y evitando la p\u00e9rdida de calor.<\/p>","protected":false},"featured_media":55695,"template":"","meta":[],"pwb-brand":[385],"product_cat":[549],"product_tag":[],"class_list":{"0":"post-55691","1":"product","2":"type-product","3":"status-publish","4":"has-post-thumbnail","6":"pwb-brand-jane","7":"product_cat-canastilla","8":"tm-no-options","10":"first","11":"instock","12":"taxable","13":"shipping-taxable","14":"purchasable","15":"product-type-simple"},"yoast_head":"<!-- This site is optimized with the Yoast SEO plugin v26.9 - https:\/\/yoast.com\/product\/yoast-seo-wordpress\/ -->\n<title>Nido Jane Reductor Colecho Plagiocefalia JOY NEST STAR - Centrobeb\u00e9<\/title>\n<meta name=\"description\" content=\"El nido Jane reductor ergon\u00f3mico Joy Nest est\u00e1 dise\u00f1ado para ofrecer a tu beb\u00e9 un espacio seguro y acogedor desde el primer d\u00eda.\" \/>\n<meta name=\"robots\" content=\"index, follow, max-snippet:-1, max-image-preview:large, max-video-preview:-1\" \/>\n<link rel=\"canonical\" href=\"https:\/\/centrobebe.es\/en\/shop\/centrobebe\/canastilla\/nido-jane-reductor-colecho-plagiocefalia-joy-nest-star\/\" \/>\n<meta property=\"og:locale\" content=\"en_GB\" \/>\n<meta property=\"og:type\" content=\"article\" \/>\n<meta property=\"og:title\" content=\"Nido Jane Reductor Colecho Plagiocefalia JOY NEST STAR - Centrobeb\u00e9\" \/>\n<meta property=\"og:description\" content=\"El nido Jane reductor ergon\u00f3mico Joy Nest est\u00e1 dise\u00f1ado para ofrecer a tu beb\u00e9 un espacio seguro y acogedor desde el primer d\u00eda.\" \/>\n<meta property=\"og:url\" content=\"https:\/\/centrobebe.es\/en\/shop\/centrobebe\/canastilla\/nido-jane-reductor-colecho-plagiocefalia-joy-nest-star\/\" \/>\n<meta property=\"og:site_name\" content=\"Centrobeb\u00e9\" \/>\n<meta property=\"article:publisher\" content=\"https:\/\/www.facebook.com\/centrobebe\/\" \/>\n<meta property=\"article:modified_time\" content=\"2025-06-06T18:06:25+00:00\" \/>\n<meta property=\"og:image\" content=\"https:\/\/centrobebe.es\/wp-content\/uploads\/2025\/06\/jane-cojin-joy-nest-star-t01-1.jpg\" \/>\n\t<meta property=\"og:image:width\" content=\"800\" \/>\n\t<meta property=\"og:image:height\" content=\"800\" \/>\n\t<meta property=\"og:image:type\" content=\"image\/jpeg\" \/>\n<meta name=\"twitter:card\" content=\"summary_large_image\" \/>\n<meta name=\"twitter:site\" content=\"@centrobebe\" \/>\n<meta name=\"twitter:label1\" content=\"Estimated reading time\" \/>\n\t<meta name=\"twitter:data1\" content=\"2 minutes\" \/>\n<script type=\"application\/ld+json\" class=\"yoast-schema-graph\">{\"@context\":\"https:\/\/schema.org\",\"@graph\":[{\"@type\":\"WebPage\",\"@id\":\"https:\/\/centrobebe.es\/shop\/centrobebe\/canastilla\/nido-jane-reductor-colecho-plagiocefalia-joy-nest-star\/\",\"url\":\"https:\/\/centrobebe.es\/shop\/centrobebe\/canastilla\/nido-jane-reductor-colecho-plagiocefalia-joy-nest-star\/\",\"name\":\"Nido Jane Reductor Colecho Plagiocefalia JOY NEST STAR - Centrobeb\u00e9\",\"isPartOf\":{\"@id\":\"https:\/\/centrobebe.es\/#website\"},\"primaryImageOfPage\":{\"@id\":\"https:\/\/centrobebe.es\/shop\/centrobebe\/canastilla\/nido-jane-reductor-colecho-plagiocefalia-joy-nest-star\/#primaryimage\"},\"image\":{\"@id\":\"https:\/\/centrobebe.es\/shop\/centrobebe\/canastilla\/nido-jane-reductor-colecho-plagiocefalia-joy-nest-star\/#primaryimage\"},\"thumbnailUrl\":\"https:\/\/centrobebe.es\/wp-content\/uploads\/2025\/06\/jane-cojin-joy-nest-star-t01-1.jpg\",\"datePublished\":\"2025-06-06T17:19:35+00:00\",\"dateModified\":\"2025-06-06T18:06:25+00:00\",\"description\":\"El nido Jane reductor ergon\u00f3mico Joy Nest est\u00e1 dise\u00f1ado para ofrecer a tu beb\u00e9 un espacio seguro y acogedor desde el primer d\u00eda.\",\"breadcrumb\":{\"@id\":\"https:\/\/centrobebe.es\/shop\/centrobebe\/canastilla\/nido-jane-reductor-colecho-plagiocefalia-joy-nest-star\/#breadcrumb\"},\"inLanguage\":\"en-GB\",\"potentialAction\":[{\"@type\":\"ReadAction\",\"target\":[\"https:\/\/centrobebe.es\/shop\/centrobebe\/canastilla\/nido-jane-reductor-colecho-plagiocefalia-joy-nest-star\/\"]}]},{\"@type\":\"ImageObject\",\"inLanguage\":\"en-GB\",\"@id\":\"https:\/\/centrobebe.es\/shop\/centrobebe\/canastilla\/nido-jane-reductor-colecho-plagiocefalia-joy-nest-star\/#primaryimage\",\"url\":\"https:\/\/centrobebe.es\/wp-content\/uploads\/2025\/06\/jane-cojin-joy-nest-star-t01-1.jpg\",\"contentUrl\":\"https:\/\/centrobebe.es\/wp-content\/uploads\/2025\/06\/jane-cojin-joy-nest-star-t01-1.jpg\",\"width\":800,\"height\":800,\"caption\":\"nido jane\"},{\"@type\":\"BreadcrumbList\",\"@id\":\"https:\/\/centrobebe.es\/shop\/centrobebe\/canastilla\/nido-jane-reductor-colecho-plagiocefalia-joy-nest-star\/#breadcrumb\",\"itemListElement\":[{\"@type\":\"ListItem\",\"position\":1,\"name\":\"Portada\",\"item\":\"https:\/\/centrobebe.es\/\"},{\"@type\":\"ListItem\",\"position\":2,\"name\":\"Shop\",\"item\":\"https:\/\/centrobebe.es\/shop\/\"},{\"@type\":\"ListItem\",\"position\":3,\"name\":\"Nido Jane Reductor Colecho Plagiocefalia JOY NEST STAR\"}]},{\"@type\":\"WebSite\",\"@id\":\"https:\/\/centrobebe.es\/#website\",\"url\":\"https:\/\/centrobebe.es\/\",\"name\":\"Centrobeb\u00e9\",\"description\":\"Tienda de bebe online | Todo lo que tu bebe necesita\",\"publisher\":{\"@id\":\"https:\/\/centrobebe.es\/#organization\"},\"alternateName\":\"Centrobeb\u00e9\",\"potentialAction\":[{\"@type\":\"SearchAction\",\"target\":{\"@type\":\"EntryPoint\",\"urlTemplate\":\"https:\/\/centrobebe.es\/?s={search_term_string}\"},\"query-input\":{\"@type\":\"PropertyValueSpecification\",\"valueRequired\":true,\"valueName\":\"search_term_string\"}}],\"inLanguage\":\"en-GB\"},{\"@type\":\"Organization\",\"@id\":\"https:\/\/centrobebe.es\/#organization\",\"name\":\"Centrobebe\",\"alternateName\":\"Centrobebe\",\"url\":\"https:\/\/centrobebe.es\/\",\"logo\":{\"@type\":\"ImageObject\",\"inLanguage\":\"en-GB\",\"@id\":\"https:\/\/centrobebe.es\/#\/schema\/logo\/image\/\",\"url\":\"https:\/\/centrobebe.es\/wp-content\/uploads\/2018\/06\/icono3-e1557940133982.png\",\"contentUrl\":\"https:\/\/centrobebe.es\/wp-content\/uploads\/2018\/06\/icono3-e1557940133982.png\",\"width\":34,\"height\":29,\"caption\":\"Centrobebe\"},\"image\":{\"@id\":\"https:\/\/centrobebe.es\/#\/schema\/logo\/image\/\"},\"sameAs\":[\"https:\/\/www.facebook.com\/centrobebe\/\",\"https:\/\/x.com\/centrobebe\",\"https:\/\/www.instagram.com\/centrobebe.es\/\",\"https:\/\/www.youtube.com\/channel\/UCVU-jcFuwntnxOhxvSbf3hg\"]}]}<\/script>\n<!-- \/ Yoast SEO plugin. -->","yoast_head_json":{"title":"Nido Jane Reductor Colecho Plagiocefalia JOY NEST STAR - Centrobeb\u00e9","description":"El nido Jane reductor ergon\u00f3mico Joy Nest est\u00e1 dise\u00f1ado para ofrecer a tu beb\u00e9 un espacio seguro y acogedor desde el primer d\u00eda.","robots":{"index":"index","follow":"follow","max-snippet":"max-snippet:-1","max-image-preview":"max-image-preview:large","max-video-preview":"max-video-preview:-1"},"canonical":"https:\/\/centrobebe.es\/en\/shop\/centrobebe\/canastilla\/nido-jane-reductor-colecho-plagiocefalia-joy-nest-star\/","og_locale":"en_GB","og_type":"article","og_title":"Nido Jane Reductor Colecho Plagiocefalia JOY NEST STAR - Centrobeb\u00e9","og_description":"El nido Jane reductor ergon\u00f3mico Joy Nest est\u00e1 dise\u00f1ado para ofrecer a tu beb\u00e9 un espacio seguro y acogedor desde el primer d\u00eda.","og_url":"https:\/\/centrobebe.es\/en\/shop\/centrobebe\/canastilla\/nido-jane-reductor-colecho-plagiocefalia-joy-nest-star\/","og_site_name":"Centrobeb\u00e9","article_publisher":"https:\/\/www.facebook.com\/centrobebe\/","article_modified_time":"2025-06-06T18:06:25+00:00","og_image":[{"width":800,"height":800,"url":"https:\/\/centrobebe.es\/wp-content\/uploads\/2025\/06\/jane-cojin-joy-nest-star-t01-1.jpg","type":"image\/jpeg"}],"twitter_card":"summary_large_image","twitter_site":"@centrobebe","twitter_misc":{"Estimated reading time":"2 minutes"},"schema":{"@context":"https:\/\/schema.org","@graph":[{"@type":"WebPage","@id":"https:\/\/centrobebe.es\/shop\/centrobebe\/canastilla\/nido-jane-reductor-colecho-plagiocefalia-joy-nest-star\/","url":"https:\/\/centrobebe.es\/shop\/centrobebe\/canastilla\/nido-jane-reductor-colecho-plagiocefalia-joy-nest-star\/","name":"Nido Jane Reductor Colecho Plagiocefalia JOY NEST STAR - Centrobeb\u00e9","isPartOf":{"@id":"https:\/\/centrobebe.es\/#website"},"primaryImageOfPage":{"@id":"https:\/\/centrobebe.es\/shop\/centrobebe\/canastilla\/nido-jane-reductor-colecho-plagiocefalia-joy-nest-star\/#primaryimage"},"image":{"@id":"https:\/\/centrobebe.es\/shop\/centrobebe\/canastilla\/nido-jane-reductor-colecho-plagiocefalia-joy-nest-star\/#primaryimage"},"thumbnailUrl":"https:\/\/centrobebe.es\/wp-content\/uploads\/2025\/06\/jane-cojin-joy-nest-star-t01-1.jpg","datePublished":"2025-06-06T17:19:35+00:00","dateModified":"2025-06-06T18:06:25+00:00","description":"El nido Jane reductor ergon\u00f3mico Joy Nest est\u00e1 dise\u00f1ado para ofrecer a tu beb\u00e9 un espacio seguro y acogedor desde el primer d\u00eda.","breadcrumb":{"@id":"https:\/\/centrobebe.es\/shop\/centrobebe\/canastilla\/nido-jane-reductor-colecho-plagiocefalia-joy-nest-star\/#breadcrumb"},"inLanguage":"en-GB","potentialAction":[{"@type":"ReadAction","target":["https:\/\/centrobebe.es\/shop\/centrobebe\/canastilla\/nido-jane-reductor-colecho-plagiocefalia-joy-nest-star\/"]}]},{"@type":"ImageObject","inLanguage":"en-GB","@id":"https:\/\/centrobebe.es\/shop\/centrobebe\/canastilla\/nido-jane-reductor-colecho-plagiocefalia-joy-nest-star\/#primaryimage","url":"https:\/\/centrobebe.es\/wp-content\/uploads\/2025\/06\/jane-cojin-joy-nest-star-t01-1.jpg","contentUrl":"https:\/\/centrobebe.es\/wp-content\/uploads\/2025\/06\/jane-cojin-joy-nest-star-t01-1.jpg","width":800,"height":800,"caption":"nido jane"},{"@type":"BreadcrumbList","@id":"https:\/\/centrobebe.es\/shop\/centrobebe\/canastilla\/nido-jane-reductor-colecho-plagiocefalia-joy-nest-star\/#breadcrumb","itemListElement":[{"@type":"ListItem","position":1,"name":"Portada","item":"https:\/\/centrobebe.es\/"},{"@type":"ListItem","position":2,"name":"Shop","item":"https:\/\/centrobebe.es\/shop\/"},{"@type":"ListItem","position":3,"name":"Nido Jane Reductor Colecho Plagiocefalia JOY NEST STAR"}]},{"@type":"WebSite","@id":"https:\/\/centrobebe.es\/#website","url":"https:\/\/centrobebe.es\/","name":"Centrobeb\u00e9","description":"Tienda de bebe online | Todo lo que tu bebe necesita","publisher":{"@id":"https:\/\/centrobebe.es\/#organization"},"alternateName":"Centrobeb\u00e9","potentialAction":[{"@type":"SearchAction","target":{"@type":"EntryPoint","urlTemplate":"https:\/\/centrobebe.es\/?s={search_term_string}"},"query-input":{"@type":"PropertyValueSpecification","valueRequired":true,"valueName":"search_term_string"}}],"inLanguage":"en-GB"},{"@type":"Organization","@id":"https:\/\/centrobebe.es\/#organization","name":"Centrobebe","alternateName":"Centrobebe","url":"https:\/\/centrobebe.es\/","logo":{"@type":"ImageObject","inLanguage":"en-GB","@id":"https:\/\/centrobebe.es\/#\/schema\/logo\/image\/","url":"https:\/\/centrobebe.es\/wp-content\/uploads\/2018\/06\/icono3-e1557940133982.png","contentUrl":"https:\/\/centrobebe.es\/wp-content\/uploads\/2018\/06\/icono3-e1557940133982.png","width":34,"height":29,"caption":"Centrobebe"},"image":{"@id":"https:\/\/centrobebe.es\/#\/schema\/logo\/image\/"},"sameAs":["https:\/\/www.facebook.com\/centrobebe\/","https:\/\/x.com\/centrobebe","https:\/\/www.instagram.com\/centrobebe.es\/","https:\/\/www.youtube.com\/channel\/UCVU-jcFuwntnxOhxvSbf3hg"]}]}},"brands":[{"id":385,"name":"Jane","slug":"jane"}],"_links":{"self":[{"href":"https:\/\/centrobebe.es\/en\/wp-json\/wp\/v2\/product\/55691","targetHints":{"allow":["GET"]}}],"collection":[{"href":"https:\/\/centrobebe.es\/en\/wp-json\/wp\/v2\/product"}],"about":[{"href":"https:\/\/centrobebe.es\/en\/wp-json\/wp\/v2\/types\/product"}],"version-history":[{"count":2,"href":"https:\/\/centrobebe.es\/en\/wp-json\/wp\/v2\/product\/55691\/revisions"}],"predecessor-version":[{"id":55696,"href":"https:\/\/centrobebe.es\/en\/wp-json\/wp\/v2\/product\/55691\/revisions\/55696"}],"wp:featuredmedia":[{"embeddable":true,"href":"https:\/\/centrobebe.es\/en\/wp-json\/wp\/v2\/media\/55695"}],"wp:attachment":[{"href":"https:\/\/centrobebe.es\/en\/wp-json\/wp\/v2\/media?parent=55691"}],"wp:term":[{"taxonomy":"pwb-brand","embeddable":true,"href":"https:\/\/centrobebe.es\/en\/wp-json\/wp\/v2\/pwb-brand?post=55691"},{"taxonomy":"product_cat","embeddable":true,"href":"https:\/\/centrobebe.es\/en\/wp-json\/wp\/v2\/product_cat?post=55691"},{"taxonomy":"product_tag","embeddable":true,"href":"https:\/\/centrobebe.es\/en\/wp-json\/wp\/v2\/product_tag?post=55691"}],"curies":[{"name":"wp","href":"https:\/\/api.w.org\/{rel}","templated":true}]}}