{"id":56019,"date":"2025-07-17T09:41:41","date_gmt":"2025-07-17T09:41:41","guid":{"rendered":"https:\/\/centrobebe.es\/?post_type=product&#038;p=56019"},"modified":"2026-04-05T19:20:08","modified_gmt":"2026-04-05T19:20:08","slug":"banera-bebe-plegable-kinderkraft-bubbly","status":"publish","type":"product","link":"https:\/\/centrobebe.es\/en\/shop\/centrobebe\/la-higiene-del-bebe\/baneras-bebe\/banera-bebe-plegable-kinderkraft-bubbly\/","title":{"rendered":"Ba\u00f1era Bebe Plegable Kinderkraft Bubbly con cambiador y patas"},"content":{"rendered":"<h1 data-start=\"187\" data-end=\"302\">Ba\u00f1era Kinderkraft BUBBLY con cambiador \u2013 5 en 1, plegable, compacta y perfecta para espacios peque\u00f1os o viajes<\/h1>\n<p data-start=\"304\" data-end=\"651\">La <strong data-start=\"307\" data-end=\"336\">ba\u00f1era Kinderkraft BUBBLY<\/strong> es una soluci\u00f3n <strong data-start=\"353\" data-end=\"363\">5 en 1<\/strong> que combina ba\u00f1era y cambiador sobre una estructura plegable, ideal para padres que buscan <strong data-start=\"455\" data-end=\"503\">comodidad, funcionalidad y ahorro de espacio<\/strong>. Perfecta para su uso diario en casa y pr\u00e1ctica para llevar de viaje, BUBBLY destaca por su dise\u00f1o compacto, estructura estable y facilidad de uso.<\/p>\n<p><iframe title=\"Ba\u00f1era Kinderkraft BUBBLY con cambiador\" width=\"1220\" height=\"686\" src=\"https:\/\/www.youtube.com\/embed\/TlMTiECRvQs?feature=oembed\" frameborder=\"0\" allow=\"accelerometer; autoplay; clipboard-write; encrypted-media; gyroscope; picture-in-picture; web-share\" referrerpolicy=\"strict-origin-when-cross-origin\" allowfullscreen><\/iframe><\/p>\n<h3 data-start=\"653\" data-end=\"699\">Dise\u00f1o multifuncional para cada momento<\/h3>\n<ul data-start=\"700\" data-end=\"958\">\n<li data-start=\"700\" data-end=\"885\">\n<p data-start=\"702\" data-end=\"737\"><strong data-start=\"702\" data-end=\"735\">5 configuraciones vers\u00e1tiles:<\/strong><\/p>\n<ul data-start=\"740\" data-end=\"885\">\n<li data-start=\"740\" data-end=\"755\">\n<p data-start=\"742\" data-end=\"755\">Ba\u00f1era sola<\/p>\n<\/li>\n<li data-start=\"758\" data-end=\"785\">\n<p data-start=\"760\" data-end=\"785\">Ba\u00f1era sobre estructura<\/p>\n<\/li>\n<li data-start=\"788\" data-end=\"818\">\n<p data-start=\"790\" data-end=\"818\">Cambiador sobre estructura<\/p>\n<\/li>\n<li data-start=\"821\" data-end=\"853\">\n<p data-start=\"823\" data-end=\"853\">Cambiador colgado al lateral<\/p>\n<\/li>\n<li data-start=\"856\" data-end=\"885\">\n<p data-start=\"858\" data-end=\"885\">Cambiador sobre la ba\u00f1era<\/p>\n<\/li>\n<\/ul>\n<\/li>\n<li data-start=\"886\" data-end=\"958\">\n<p data-start=\"888\" data-end=\"958\">Ideal para <strong data-start=\"899\" data-end=\"917\">ba\u00f1os peque\u00f1os<\/strong>, <strong data-start=\"919\" data-end=\"944\">dormitorios reducidos<\/strong> o <strong data-start=\"947\" data-end=\"957\">viajes<\/strong>.<\/p>\n<\/li>\n<\/ul>\n<h3 data-start=\"960\" data-end=\"996\">Pr\u00e1ctica, plegable y port\u00e1til<\/h3>\n<ul data-start=\"997\" data-end=\"1231\">\n<li data-start=\"997\" data-end=\"1099\">\n<p data-start=\"999\" data-end=\"1099\"><strong data-start=\"999\" data-end=\"1039\">Sistema de plegado r\u00e1pido y compacto<\/strong>, ideal para transportarla o guardarla sin ocupar espacio.<\/p>\n<\/li>\n<li data-start=\"1100\" data-end=\"1166\">\n<p data-start=\"1102\" data-end=\"1166\"><strong data-start=\"1102\" data-end=\"1143\">Ba\u00f1era con parte de silicona plegable<\/strong> completamente plana.<\/p>\n<\/li>\n<li data-start=\"1167\" data-end=\"1231\">\n<p data-start=\"1169\" data-end=\"1231\"><strong data-start=\"1169\" data-end=\"1201\">Estructura ligera y compacta<\/strong>, f\u00e1cil de montar y desmontar.<\/p>\n<\/li>\n<\/ul>\n<h3 data-start=\"1233\" data-end=\"1261\">Comodidad y ergonom\u00eda<\/h3>\n<ul data-start=\"1262\" data-end=\"1538\">\n<li data-start=\"1262\" data-end=\"1329\">\n<p data-start=\"1264\" data-end=\"1329\"><strong data-start=\"1264\" data-end=\"1285\">Altura ergon\u00f3mica<\/strong> que permite cuidar al beb\u00e9 sin agacharse.<\/p>\n<\/li>\n<li data-start=\"1330\" data-end=\"1402\">\n<p data-start=\"1332\" data-end=\"1402\"><strong data-start=\"1332\" data-end=\"1357\">Patas antideslizantes<\/strong> para una estabilidad total durante su uso.<\/p>\n<\/li>\n<li data-start=\"1403\" data-end=\"1473\">\n<p data-start=\"1405\" data-end=\"1473\"><strong data-start=\"1405\" data-end=\"1439\">Desag\u00fce con manguera de 151 cm<\/strong> para vaciar el agua f\u00e1cilmente.<\/p>\n<\/li>\n<li data-start=\"1474\" data-end=\"1538\">\n<p data-start=\"1476\" data-end=\"1538\"><strong data-start=\"1476\" data-end=\"1498\">Cesta organizadora<\/strong> para tener todos los accesorios a mano.<\/p>\n<\/li>\n<\/ul>\n<h3 data-start=\"1540\" data-end=\"1561\">Medidas y peso<\/h3>\n<ul data-start=\"1562\" data-end=\"2045\">\n<li data-start=\"1562\" data-end=\"1595\">\n<p data-start=\"1564\" data-end=\"1595\">Peso del producto: <strong data-start=\"1583\" data-end=\"1593\">8,3 kg<\/strong><\/p>\n<\/li>\n<li data-start=\"1596\" data-end=\"1923\">\n<p data-start=\"1598\" data-end=\"1625\">Dimensiones (desplegado):<\/p>\n<ul data-start=\"1628\" data-end=\"1923\">\n<li data-start=\"1628\" data-end=\"1690\">\n<p data-start=\"1630\" data-end=\"1690\">Ba\u00f1era con cambiador sobre estructura: <strong data-start=\"1669\" data-end=\"1688\">79 \u00d7 64 \u00d7 98 cm<\/strong><\/p>\n<\/li>\n<li data-start=\"1693\" data-end=\"1744\">\n<p data-start=\"1695\" data-end=\"1744\">Cambiador sobre estructura: <strong data-start=\"1723\" data-end=\"1742\">79 \u00d7 65 \u00d7 85 cm<\/strong><\/p>\n<\/li>\n<li data-start=\"1747\" data-end=\"1795\">\n<p data-start=\"1749\" data-end=\"1795\">Ba\u00f1era sobre estructura: <strong data-start=\"1774\" data-end=\"1793\">79 \u00d7 65 \u00d7 84 cm<\/strong><\/p>\n<\/li>\n<li data-start=\"1798\" data-end=\"1836\">\n<p data-start=\"1800\" data-end=\"1836\">Ba\u00f1era sola: <strong data-start=\"1813\" data-end=\"1834\">79,5 \u00d7 48 \u00d7 20 cm<\/strong><\/p>\n<\/li>\n<li data-start=\"1839\" data-end=\"1880\">\n<p data-start=\"1841\" data-end=\"1880\">Cambiador solo: <strong data-start=\"1857\" data-end=\"1878\">79 \u00d7 47 \u00d7 13,5 cm<\/strong><\/p>\n<\/li>\n<li data-start=\"1883\" data-end=\"1923\">\n<p data-start=\"1885\" data-end=\"1923\">Estructura sola: <strong data-start=\"1902\" data-end=\"1921\">78 \u00d7 65 \u00d7 82 cm<\/strong><\/p>\n<\/li>\n<\/ul>\n<\/li>\n<li data-start=\"1924\" data-end=\"2045\">\n<p data-start=\"1926\" data-end=\"1950\">Dimensiones (plegado):<\/p>\n<ul data-start=\"1953\" data-end=\"2045\">\n<li data-start=\"1953\" data-end=\"2004\">\n<p data-start=\"1955\" data-end=\"2004\">Cambiador sobre estructura: <strong data-start=\"1983\" data-end=\"2002\">79 \u00d7 36 \u00d7 82 cm<\/strong><\/p>\n<\/li>\n<li data-start=\"2007\" data-end=\"2045\">\n<p data-start=\"2009\" data-end=\"2045\">Estructura sola: <strong data-start=\"2026\" data-end=\"2045\">79 \u00d7 36 \u00d7 82 cm<\/strong><\/p>\n<\/li>\n<\/ul>\n<\/li>\n<\/ul>\n<p data-start=\"2047\" data-end=\"2297\">La <strong data-start=\"2050\" data-end=\"2072\">Kinderkraft BUBBLY<\/strong> es la ba\u00f1era con cambiador ideal para quienes valoran la <strong data-start=\"2130\" data-end=\"2173\">versatilidad, el confort y la movilidad<\/strong>. Perfecta desde los primeros d\u00edas del beb\u00e9, es una opci\u00f3n inteligente y compacta para hogares modernos y familias viajeras.<\/p>\n<p>Descubre las \u00faltimas novedades para comprar online en toda clase de <strong><a href=\"https:\/\/centrobebe.es\/en\/product-category\/centrobebe\/la-higiene-del-bebe\/baneras-bebe\/\">ba\u00f1eras para beb\u00e9s<\/a><\/strong> a los mejores precios.<\/p>\n<p>En Centrobeb\u00e9 disponemos de una amplia variedad de <strong>ba\u00f1eras baratas<\/strong> de las principales marcas del mercado que garantizan la calidad y la asistencia t\u00e9cnica ante cualquier incidencia. Cada una con caracter\u00edsticas diferentes, algunas cuentan con cajones para guardar la ropita del beb\u00e9 o los accesorios de ba\u00f1o.<\/p>\n<p>Puedes comprar online tu ba\u00f1era al mejor precio. \u00bfA qu\u00e9 esperas para comprar tu favorita? Es m\u00e1s, puedes financiar tu compra de forma f\u00e1cil, r\u00e1pida y segura. \u00a1A tu comodidad! Si le surge cualquier duda a la hora de financiar, p\u00f3ngase en contacto con nuestro equipo de profesionales sin compromiso. Esperamos tu llamada para aconsejarle.<\/p>","protected":false},"excerpt":{"rendered":"<p>La <strong data-start=\"307\" data-end=\"336\">ba\u00f1era Kinderkraft BUBBLY<\/strong> es una soluci\u00f3n <strong data-start=\"353\" data-end=\"363\">5 en 1<\/strong> que combina ba\u00f1era y cambiador sobre una estructura plegable, ideal para padres que buscan <strong data-start=\"455\" data-end=\"503\">comodidad, funcionalidad y ahorro de espacio<\/strong>. Perfecta para su uso diario en casa y pr\u00e1ctica para llevar de viaje, BUBBLY destaca por su dise\u00f1o compacto, estructura estable y facilidad de uso.<\/p>","protected":false},"featured_media":56028,"template":"","meta":[],"pwb-brand":[611],"product_cat":[151],"product_tag":[184],"class_list":{"0":"post-56019","1":"product","2":"type-product","3":"status-publish","4":"has-post-thumbnail","6":"pwb-brand-kinderkraft","7":"product_cat-baneras-bebe","8":"product_tag-jane","9":"pa_color-azul","10":"pa_color-blanco","11":"tm-no-options","13":"first","14":"instock","15":"sale","16":"taxable","17":"shipping-taxable","18":"purchasable","19":"product-type-simple"},"yoast_head":"<!-- This site is optimized with the Yoast SEO plugin v26.9 - https:\/\/yoast.com\/product\/yoast-seo-wordpress\/ -->\n<title>Ba\u00f1era Bebe Plegable Kinderkraft Bubbly con cambiador y patas - Centrobeb\u00e9<\/title>\n<meta name=\"description\" content=\"Ba\u00f1era plegable Kinderkraft Bubbly con patas y cambiador. Una ba\u00f1era con dise\u00f1o y que permite disfrutar de un buen ba\u00f1o para tu bebe.\" \/>\n<meta name=\"robots\" content=\"index, follow, max-snippet:-1, max-image-preview:large, max-video-preview:-1\" \/>\n<link rel=\"canonical\" href=\"https:\/\/centrobebe.es\/en\/shop\/centrobebe\/la-higiene-del-bebe\/baneras-bebe\/banera-bebe-plegable-kinderkraft-bubbly\/\" \/>\n<meta property=\"og:locale\" content=\"en_GB\" \/>\n<meta property=\"og:type\" content=\"article\" \/>\n<meta property=\"og:title\" content=\"Ba\u00f1era Bebe Plegable Kinderkraft Bubbly con cambiador y patas - Centrobeb\u00e9\" \/>\n<meta property=\"og:description\" content=\"Ba\u00f1era plegable Kinderkraft Bubbly con patas y cambiador. Una ba\u00f1era con dise\u00f1o y que permite disfrutar de un buen ba\u00f1o para tu bebe.\" \/>\n<meta property=\"og:url\" content=\"https:\/\/centrobebe.es\/en\/shop\/centrobebe\/la-higiene-del-bebe\/baneras-bebe\/banera-bebe-plegable-kinderkraft-bubbly\/\" \/>\n<meta property=\"og:site_name\" content=\"Centrobeb\u00e9\" \/>\n<meta property=\"article:publisher\" content=\"https:\/\/www.facebook.com\/centrobebe\/\" \/>\n<meta property=\"article:modified_time\" content=\"2026-04-05T19:20:08+00:00\" \/>\n<meta property=\"og:image\" content=\"https:\/\/centrobebe.es\/wp-content\/uploads\/2025\/07\/06-bubbly-grey-KABUBB00GRY0000.jpg\" \/>\n\t<meta property=\"og:image:width\" content=\"2000\" \/>\n\t<meta property=\"og:image:height\" content=\"2000\" \/>\n\t<meta property=\"og:image:type\" content=\"image\/jpeg\" \/>\n<meta name=\"twitter:card\" content=\"summary_large_image\" \/>\n<meta name=\"twitter:site\" content=\"@centrobebe\" \/>\n<meta name=\"twitter:label1\" content=\"Estimated reading time\" \/>\n\t<meta name=\"twitter:data1\" content=\"3 minutes\" \/>\n<script type=\"application\/ld+json\" class=\"yoast-schema-graph\">{\"@context\":\"https:\/\/schema.org\",\"@graph\":[{\"@type\":\"WebPage\",\"@id\":\"https:\/\/centrobebe.es\/shop\/centrobebe\/la-higiene-del-bebe\/baneras-bebe\/banera-bebe-plegable-kinderkraft-bubbly\/\",\"url\":\"https:\/\/centrobebe.es\/shop\/centrobebe\/la-higiene-del-bebe\/baneras-bebe\/banera-bebe-plegable-kinderkraft-bubbly\/\",\"name\":\"Ba\u00f1era Bebe Plegable Kinderkraft Bubbly con cambiador y patas - Centrobeb\u00e9\",\"isPartOf\":{\"@id\":\"https:\/\/centrobebe.es\/#website\"},\"primaryImageOfPage\":{\"@id\":\"https:\/\/centrobebe.es\/shop\/centrobebe\/la-higiene-del-bebe\/baneras-bebe\/banera-bebe-plegable-kinderkraft-bubbly\/#primaryimage\"},\"image\":{\"@id\":\"https:\/\/centrobebe.es\/shop\/centrobebe\/la-higiene-del-bebe\/baneras-bebe\/banera-bebe-plegable-kinderkraft-bubbly\/#primaryimage\"},\"thumbnailUrl\":\"https:\/\/centrobebe.es\/wp-content\/uploads\/2025\/07\/06-bubbly-grey-KABUBB00GRY0000.jpg\",\"datePublished\":\"2025-07-17T09:41:41+00:00\",\"dateModified\":\"2026-04-05T19:20:08+00:00\",\"description\":\"Ba\u00f1era plegable Kinderkraft Bubbly con patas y cambiador. Una ba\u00f1era con dise\u00f1o y que permite disfrutar de un buen ba\u00f1o para tu bebe.\",\"breadcrumb\":{\"@id\":\"https:\/\/centrobebe.es\/shop\/centrobebe\/la-higiene-del-bebe\/baneras-bebe\/banera-bebe-plegable-kinderkraft-bubbly\/#breadcrumb\"},\"inLanguage\":\"en-GB\",\"potentialAction\":[{\"@type\":\"ReadAction\",\"target\":[\"https:\/\/centrobebe.es\/shop\/centrobebe\/la-higiene-del-bebe\/baneras-bebe\/banera-bebe-plegable-kinderkraft-bubbly\/\"]}]},{\"@type\":\"ImageObject\",\"inLanguage\":\"en-GB\",\"@id\":\"https:\/\/centrobebe.es\/shop\/centrobebe\/la-higiene-del-bebe\/baneras-bebe\/banera-bebe-plegable-kinderkraft-bubbly\/#primaryimage\",\"url\":\"https:\/\/centrobebe.es\/wp-content\/uploads\/2025\/07\/06-bubbly-grey-KABUBB00GRY0000.jpg\",\"contentUrl\":\"https:\/\/centrobebe.es\/wp-content\/uploads\/2025\/07\/06-bubbly-grey-KABUBB00GRY0000.jpg\",\"width\":2000,\"height\":2000,\"caption\":\"ba\u00f1era kinderkraft bubbly\"},{\"@type\":\"BreadcrumbList\",\"@id\":\"https:\/\/centrobebe.es\/shop\/centrobebe\/la-higiene-del-bebe\/baneras-bebe\/banera-bebe-plegable-kinderkraft-bubbly\/#breadcrumb\",\"itemListElement\":[{\"@type\":\"ListItem\",\"position\":1,\"name\":\"Portada\",\"item\":\"https:\/\/centrobebe.es\/\"},{\"@type\":\"ListItem\",\"position\":2,\"name\":\"Shop\",\"item\":\"https:\/\/centrobebe.es\/shop\/\"},{\"@type\":\"ListItem\",\"position\":3,\"name\":\"Ba\u00f1era Bebe Plegable Kinderkraft Bubbly con cambiador y patas\"}]},{\"@type\":\"WebSite\",\"@id\":\"https:\/\/centrobebe.es\/#website\",\"url\":\"https:\/\/centrobebe.es\/\",\"name\":\"Centrobeb\u00e9\",\"description\":\"Tienda de bebe online | Todo lo que tu bebe necesita\",\"publisher\":{\"@id\":\"https:\/\/centrobebe.es\/#organization\"},\"alternateName\":\"Centrobeb\u00e9\",\"potentialAction\":[{\"@type\":\"SearchAction\",\"target\":{\"@type\":\"EntryPoint\",\"urlTemplate\":\"https:\/\/centrobebe.es\/?s={search_term_string}\"},\"query-input\":{\"@type\":\"PropertyValueSpecification\",\"valueRequired\":true,\"valueName\":\"search_term_string\"}}],\"inLanguage\":\"en-GB\"},{\"@type\":\"Organization\",\"@id\":\"https:\/\/centrobebe.es\/#organization\",\"name\":\"Centrobebe\",\"alternateName\":\"Centrobebe\",\"url\":\"https:\/\/centrobebe.es\/\",\"logo\":{\"@type\":\"ImageObject\",\"inLanguage\":\"en-GB\",\"@id\":\"https:\/\/centrobebe.es\/#\/schema\/logo\/image\/\",\"url\":\"https:\/\/centrobebe.es\/wp-content\/uploads\/2018\/06\/icono3-e1557940133982.png\",\"contentUrl\":\"https:\/\/centrobebe.es\/wp-content\/uploads\/2018\/06\/icono3-e1557940133982.png\",\"width\":34,\"height\":29,\"caption\":\"Centrobebe\"},\"image\":{\"@id\":\"https:\/\/centrobebe.es\/#\/schema\/logo\/image\/\"},\"sameAs\":[\"https:\/\/www.facebook.com\/centrobebe\/\",\"https:\/\/x.com\/centrobebe\",\"https:\/\/www.instagram.com\/centrobebe.es\/\",\"https:\/\/www.youtube.com\/channel\/UCVU-jcFuwntnxOhxvSbf3hg\"]}]}<\/script>\n<!-- \/ Yoast SEO plugin. -->","yoast_head_json":{"title":"Ba\u00f1era Bebe Plegable Kinderkraft Bubbly con cambiador y patas - Centrobeb\u00e9","description":"Ba\u00f1era plegable Kinderkraft Bubbly con patas y cambiador. Una ba\u00f1era con dise\u00f1o y que permite disfrutar de un buen ba\u00f1o para tu bebe.","robots":{"index":"index","follow":"follow","max-snippet":"max-snippet:-1","max-image-preview":"max-image-preview:large","max-video-preview":"max-video-preview:-1"},"canonical":"https:\/\/centrobebe.es\/en\/shop\/centrobebe\/la-higiene-del-bebe\/baneras-bebe\/banera-bebe-plegable-kinderkraft-bubbly\/","og_locale":"en_GB","og_type":"article","og_title":"Ba\u00f1era Bebe Plegable Kinderkraft Bubbly con cambiador y patas - Centrobeb\u00e9","og_description":"Ba\u00f1era plegable Kinderkraft Bubbly con patas y cambiador. Una ba\u00f1era con dise\u00f1o y que permite disfrutar de un buen ba\u00f1o para tu bebe.","og_url":"https:\/\/centrobebe.es\/en\/shop\/centrobebe\/la-higiene-del-bebe\/baneras-bebe\/banera-bebe-plegable-kinderkraft-bubbly\/","og_site_name":"Centrobeb\u00e9","article_publisher":"https:\/\/www.facebook.com\/centrobebe\/","article_modified_time":"2026-04-05T19:20:08+00:00","og_image":[{"width":2000,"height":2000,"url":"https:\/\/centrobebe.es\/wp-content\/uploads\/2025\/07\/06-bubbly-grey-KABUBB00GRY0000.jpg","type":"image\/jpeg"}],"twitter_card":"summary_large_image","twitter_site":"@centrobebe","twitter_misc":{"Estimated reading time":"3 minutes"},"schema":{"@context":"https:\/\/schema.org","@graph":[{"@type":"WebPage","@id":"https:\/\/centrobebe.es\/shop\/centrobebe\/la-higiene-del-bebe\/baneras-bebe\/banera-bebe-plegable-kinderkraft-bubbly\/","url":"https:\/\/centrobebe.es\/shop\/centrobebe\/la-higiene-del-bebe\/baneras-bebe\/banera-bebe-plegable-kinderkraft-bubbly\/","name":"Ba\u00f1era Bebe Plegable Kinderkraft Bubbly con cambiador y patas - Centrobeb\u00e9","isPartOf":{"@id":"https:\/\/centrobebe.es\/#website"},"primaryImageOfPage":{"@id":"https:\/\/centrobebe.es\/shop\/centrobebe\/la-higiene-del-bebe\/baneras-bebe\/banera-bebe-plegable-kinderkraft-bubbly\/#primaryimage"},"image":{"@id":"https:\/\/centrobebe.es\/shop\/centrobebe\/la-higiene-del-bebe\/baneras-bebe\/banera-bebe-plegable-kinderkraft-bubbly\/#primaryimage"},"thumbnailUrl":"https:\/\/centrobebe.es\/wp-content\/uploads\/2025\/07\/06-bubbly-grey-KABUBB00GRY0000.jpg","datePublished":"2025-07-17T09:41:41+00:00","dateModified":"2026-04-05T19:20:08+00:00","description":"Ba\u00f1era plegable Kinderkraft Bubbly con patas y cambiador. Una ba\u00f1era con dise\u00f1o y que permite disfrutar de un buen ba\u00f1o para tu bebe.","breadcrumb":{"@id":"https:\/\/centrobebe.es\/shop\/centrobebe\/la-higiene-del-bebe\/baneras-bebe\/banera-bebe-plegable-kinderkraft-bubbly\/#breadcrumb"},"inLanguage":"en-GB","potentialAction":[{"@type":"ReadAction","target":["https:\/\/centrobebe.es\/shop\/centrobebe\/la-higiene-del-bebe\/baneras-bebe\/banera-bebe-plegable-kinderkraft-bubbly\/"]}]},{"@type":"ImageObject","inLanguage":"en-GB","@id":"https:\/\/centrobebe.es\/shop\/centrobebe\/la-higiene-del-bebe\/baneras-bebe\/banera-bebe-plegable-kinderkraft-bubbly\/#primaryimage","url":"https:\/\/centrobebe.es\/wp-content\/uploads\/2025\/07\/06-bubbly-grey-KABUBB00GRY0000.jpg","contentUrl":"https:\/\/centrobebe.es\/wp-content\/uploads\/2025\/07\/06-bubbly-grey-KABUBB00GRY0000.jpg","width":2000,"height":2000,"caption":"ba\u00f1era kinderkraft bubbly"},{"@type":"BreadcrumbList","@id":"https:\/\/centrobebe.es\/shop\/centrobebe\/la-higiene-del-bebe\/baneras-bebe\/banera-bebe-plegable-kinderkraft-bubbly\/#breadcrumb","itemListElement":[{"@type":"ListItem","position":1,"name":"Portada","item":"https:\/\/centrobebe.es\/"},{"@type":"ListItem","position":2,"name":"Shop","item":"https:\/\/centrobebe.es\/shop\/"},{"@type":"ListItem","position":3,"name":"Ba\u00f1era Bebe Plegable Kinderkraft Bubbly con cambiador y patas"}]},{"@type":"WebSite","@id":"https:\/\/centrobebe.es\/#website","url":"https:\/\/centrobebe.es\/","name":"Centrobeb\u00e9","description":"Tienda de bebe online | Todo lo que tu bebe necesita","publisher":{"@id":"https:\/\/centrobebe.es\/#organization"},"alternateName":"Centrobeb\u00e9","potentialAction":[{"@type":"SearchAction","target":{"@type":"EntryPoint","urlTemplate":"https:\/\/centrobebe.es\/?s={search_term_string}"},"query-input":{"@type":"PropertyValueSpecification","valueRequired":true,"valueName":"search_term_string"}}],"inLanguage":"en-GB"},{"@type":"Organization","@id":"https:\/\/centrobebe.es\/#organization","name":"Centrobebe","alternateName":"Centrobebe","url":"https:\/\/centrobebe.es\/","logo":{"@type":"ImageObject","inLanguage":"en-GB","@id":"https:\/\/centrobebe.es\/#\/schema\/logo\/image\/","url":"https:\/\/centrobebe.es\/wp-content\/uploads\/2018\/06\/icono3-e1557940133982.png","contentUrl":"https:\/\/centrobebe.es\/wp-content\/uploads\/2018\/06\/icono3-e1557940133982.png","width":34,"height":29,"caption":"Centrobebe"},"image":{"@id":"https:\/\/centrobebe.es\/#\/schema\/logo\/image\/"},"sameAs":["https:\/\/www.facebook.com\/centrobebe\/","https:\/\/x.com\/centrobebe","https:\/\/www.instagram.com\/centrobebe.es\/","https:\/\/www.youtube.com\/channel\/UCVU-jcFuwntnxOhxvSbf3hg"]}]}},"brands":[{"id":611,"name":"Kinderkraft","slug":"kinderkraft"}],"_links":{"self":[{"href":"https:\/\/centrobebe.es\/en\/wp-json\/wp\/v2\/product\/56019","targetHints":{"allow":["GET"]}}],"collection":[{"href":"https:\/\/centrobebe.es\/en\/wp-json\/wp\/v2\/product"}],"about":[{"href":"https:\/\/centrobebe.es\/en\/wp-json\/wp\/v2\/types\/product"}],"version-history":[{"count":3,"href":"https:\/\/centrobebe.es\/en\/wp-json\/wp\/v2\/product\/56019\/revisions"}],"predecessor-version":[{"id":56034,"href":"https:\/\/centrobebe.es\/en\/wp-json\/wp\/v2\/product\/56019\/revisions\/56034"}],"wp:featuredmedia":[{"embeddable":true,"href":"https:\/\/centrobebe.es\/en\/wp-json\/wp\/v2\/media\/56028"}],"wp:attachment":[{"href":"https:\/\/centrobebe.es\/en\/wp-json\/wp\/v2\/media?parent=56019"}],"wp:term":[{"taxonomy":"pwb-brand","embeddable":true,"href":"https:\/\/centrobebe.es\/en\/wp-json\/wp\/v2\/pwb-brand?post=56019"},{"taxonomy":"product_cat","embeddable":true,"href":"https:\/\/centrobebe.es\/en\/wp-json\/wp\/v2\/product_cat?post=56019"},{"taxonomy":"product_tag","embeddable":true,"href":"https:\/\/centrobebe.es\/en\/wp-json\/wp\/v2\/product_tag?post=56019"}],"curies":[{"name":"wp","href":"https:\/\/api.w.org\/{rel}","templated":true}]}}