{"id":56339,"date":"2025-09-09T16:17:41","date_gmt":"2025-09-09T16:17:41","guid":{"rendered":"https:\/\/centrobebe.es\/?post_type=product&#038;p=56339"},"modified":"2026-03-18T11:40:41","modified_gmt":"2026-03-18T11:40:41","slug":"silla-coche-kinderkraft-xrider-2-40-150cm","status":"publish","type":"product","link":"https:\/\/centrobebe.es\/en\/shop\/centrobebe\/el-viaje\/sillas-de-auto\/acontramarcha\/silla-coche-kinderkraft-xrider-2-40-150cm\/","title":{"rendered":"Silla Coche kinderkraft XRIDER 2 40-150cm"},"content":{"rendered":"<h1>Silla Coche kinderkraft XRIDER 2 40-150cm<\/h1>\n<div>\n<h3 data-start=\"133\" data-end=\"230\">Silla de Auto Kinderkraft XRider 2 i-Size \u2013 Evolutiva, segura y giratoria 360\u00ba hasta 150 cm<\/h3>\n<p data-start=\"232\" data-end=\"604\">La <strong data-start=\"235\" data-end=\"266\">Kinderkraft XRider 2 i-Size<\/strong> es una <strong data-start=\"274\" data-end=\"319\">silla de coche evolutiva y giratoria 360\u00b0<\/strong>, homologada bajo la normativa <strong data-start=\"350\" data-end=\"367\">i-Size (R129)<\/strong> para ni\u00f1os desde los <strong data-start=\"389\" data-end=\"422\">40 hasta los 150 cm de altura<\/strong>, es decir, desde reci\u00e9n nacido hasta los 12 a\u00f1os aprox. Un modelo dise\u00f1ado para ofrecer <strong data-start=\"511\" data-end=\"556\">m\u00e1xima seguridad, comodidad y durabilidad<\/strong> en todas las etapas del crecimiento del ni\u00f1o.<\/p>\n<p><iframe title=\"Nueva silla de auto Kinderkraft Xrider 2\" width=\"1220\" height=\"686\" src=\"https:\/\/www.youtube.com\/embed\/nwEnggUwbug?feature=oembed\" frameborder=\"0\" allow=\"accelerometer; autoplay; clipboard-write; encrypted-media; gyroscope; picture-in-picture; web-share\" referrerpolicy=\"strict-origin-when-cross-origin\" allowfullscreen><\/iframe><\/p>\n<h4 data-start=\"606\" data-end=\"642\">Instalaci\u00f3n segura y flexible<\/h4>\n<ul data-start=\"643\" data-end=\"1003\">\n<li data-start=\"643\" data-end=\"750\">\n<p data-start=\"645\" data-end=\"750\">Se instala mediante <strong data-start=\"665\" data-end=\"691\">Isofix + pata de apoyo<\/strong> en los primeros grupos, asegurando una fijaci\u00f3n estable.<\/p>\n<\/li>\n<li data-start=\"751\" data-end=\"871\">\n<p data-start=\"753\" data-end=\"871\">Permite el uso a <strong data-start=\"770\" data-end=\"803\">contramarcha hasta los 105 cm<\/strong> (aprox. 4 a\u00f1os), la forma m\u00e1s segura de viajar para los peque\u00f1os.<\/p>\n<\/li>\n<li data-start=\"872\" data-end=\"1003\">\n<p data-start=\"874\" data-end=\"1003\">A partir de esa altura, se puede usar en <strong data-start=\"915\" data-end=\"952\">sentido de la marcha hasta 150 cm<\/strong> con Isofix y cintur\u00f3n de seguridad del veh\u00edculo.<\/p>\n<\/li>\n<\/ul>\n<h4 data-start=\"1005\" data-end=\"1040\">Giro 360\u00b0 y m\u00e1xima comodidad<\/h4>\n<ul data-start=\"1041\" data-end=\"1388\">\n<li data-start=\"1041\" data-end=\"1156\">\n<p data-start=\"1043\" data-end=\"1156\">El <strong data-start=\"1046\" data-end=\"1072\">asiento giratorio 360\u00ba<\/strong> facilita la colocaci\u00f3n del ni\u00f1o, evitando forzar la espalda al abrochar el arn\u00e9s.<\/p>\n<\/li>\n<li data-start=\"1157\" data-end=\"1267\">\n<p data-start=\"1159\" data-end=\"1267\">Respaldo <strong data-start=\"1168\" data-end=\"1203\">reclinable en varias posiciones<\/strong>, ideal tanto para viajes largos como para el descanso diario.<\/p>\n<\/li>\n<li data-start=\"1268\" data-end=\"1388\">\n<p data-start=\"1270\" data-end=\"1388\">Incluye un <strong data-start=\"1281\" data-end=\"1310\">coj\u00edn reductor ergon\u00f3mico<\/strong> para reci\u00e9n nacidos que garantiza sujeci\u00f3n y confort en los primeros meses.<\/p>\n<\/li>\n<\/ul>\n<h4 data-start=\"1390\" data-end=\"1414\">Crece con tu hijo<\/h4>\n<ul data-start=\"1415\" data-end=\"1663\">\n<li data-start=\"1415\" data-end=\"1526\">\n<p data-start=\"1417\" data-end=\"1526\">El <strong data-start=\"1420\" data-end=\"1457\">reposacabezas ajustable en altura<\/strong> acompa\u00f1a el crecimiento del ni\u00f1o desde los 40 cm hasta los 150 cm.<\/p>\n<\/li>\n<li data-start=\"1527\" data-end=\"1663\">\n<p data-start=\"1529\" data-end=\"1663\">Arn\u00e9s de 5 puntos para los m\u00e1s peque\u00f1os, que se retira cuando el ni\u00f1o pasa a usar el cintur\u00f3n del veh\u00edculo en los grupos superiores.<\/p>\n<\/li>\n<\/ul>\n<h4 data-start=\"1665\" data-end=\"1705\">Seguridad y materiales de calidad<\/h4>\n<ul data-start=\"1706\" data-end=\"1882\">\n<li data-start=\"1706\" data-end=\"1801\">\n<p data-start=\"1708\" data-end=\"1801\">Estructura reforzada con <strong data-start=\"1733\" data-end=\"1747\">espuma EPP<\/strong>, ligera, duradera y con gran absorci\u00f3n de impactos.<\/p>\n<\/li>\n<li data-start=\"1802\" data-end=\"1882\">\n<p data-start=\"1804\" data-end=\"1882\">Cumple con los m\u00e1s altos est\u00e1ndares de seguridad europeos <strong data-start=\"1862\" data-end=\"1879\">i-Size (R129)<\/strong>.<\/p>\n<\/li>\n<\/ul>\n<hr data-start=\"1884\" data-end=\"1887\" \/>\n<h3 data-start=\"1889\" data-end=\"1937\">Ventajas de la Kinderkraft XRider 2 i-Size<\/h3>\n<ul data-start=\"1938\" data-end=\"2284\">\n<li data-start=\"1938\" data-end=\"1994\">\n<p data-start=\"1940\" data-end=\"1994\">Apta desde <strong data-start=\"1951\" data-end=\"1970\">40 hasta 150 cm<\/strong> (0 \u2013 12 a\u00f1os aprox.).<\/p>\n<\/li>\n<li data-start=\"1995\" data-end=\"2029\">\n<p data-start=\"1997\" data-end=\"2029\">Contramarcha hasta los 105 cm.<\/p>\n<\/li>\n<li data-start=\"2030\" data-end=\"2069\">\n<p data-start=\"2032\" data-end=\"2069\">Instalaci\u00f3n Isofix + pata de apoyo.<\/p>\n<\/li>\n<li data-start=\"2070\" data-end=\"2112\">\n<p data-start=\"2072\" data-end=\"2112\">Giro 360\u00ba para facilitar el d\u00eda a d\u00eda.<\/p>\n<\/li>\n<li data-start=\"2113\" data-end=\"2152\">\n<p data-start=\"2115\" data-end=\"2152\">Reclinable en m\u00faltiples posiciones.<\/p>\n<\/li>\n<li data-start=\"2153\" data-end=\"2192\">\n<p data-start=\"2155\" data-end=\"2192\">Coj\u00edn reductor para reci\u00e9n nacidos.<\/p>\n<\/li>\n<li data-start=\"2193\" data-end=\"2231\">\n<p data-start=\"2195\" data-end=\"2231\">Reposacabezas ajustable en altura.<\/p>\n<\/li>\n<li data-start=\"2232\" data-end=\"2284\">\n<p data-start=\"2234\" data-end=\"2284\">Materiales seguros, transpirables y resistentes.<\/p>\n<\/li>\n<\/ul>\n<hr data-start=\"2286\" data-end=\"2289\" \/>\n<p data-start=\"2291\" data-end=\"2513\">La <strong data-start=\"2294\" data-end=\"2325\">Kinderkraft XRider 2 i-Size<\/strong> es una de las sillas m\u00e1s completas de su categor\u00eda: una soluci\u00f3n <strong data-start=\"2391\" data-end=\"2406\">todo en uno<\/strong> que combina seguridad, practicidad y confort, acompa\u00f1ando al ni\u00f1o desde el nacimiento hasta los 12 a\u00f1os.<\/p>\n<\/div>\n<div><\/div>\n<div>Si necesitas m\u00e1s informaci\u00f3n sobre la silla coche bebe Kinderkraft I-Fix, no dude en ponerse en contacto con nuestro quipo de profesionales. \u00a1Estaremos encantados de ayudarte!<\/div>\n<div><\/div>\n<hr \/>\n<p>Ver m\u00e1s sillas coche bebe <strong><a href=\"https:\/\/centrobebe.es\/en\/product-category\/centrobebe\/el-viaje\/sillas-de-auto\/\">Aqu\u00ed<\/a><\/strong><\/p>\n<hr \/>\n<p>Web Fabricante: <strong><a href=\"https:\/\/www.babybecool.es\">Aqu\u00ed<\/a><\/strong><\/p>\n<h4><strong>Sillas de coche para bebe baratas para comprar Online<\/strong><\/h4>\n<p>Centrobeb\u00e9 es la tienda de bebe online en la cual puedes comprar tu silla de auto de beb\u00e9 homologada, hacemos una selecci\u00f3n de <strong>las mejores sillas de coche para bebes <\/strong>basada en las opiniones de nuestros clientes, desde las m\u00e1s baratas hasta las m\u00e1s exclusivas y con la \u00faltima tecnolog\u00eda.<\/p>\n<p>\u00daltimas novedades para comprar online en toda clase de sistemas de retenci\u00f3n infantil a los mejores precios.<\/p>\n<p>En Centrobeb\u00e9 disponemos de una amplia variedad de <strong>sillas de coche para beb\u00e9<\/strong>\u00a0de las principales marcas del mercado que garantizan la calidad y la asistencia t\u00e9cnica ante cualquier incidencia.<\/p>","protected":false},"excerpt":{"rendered":"<p>La <strong data-start=\"235\" data-end=\"266\">Kinderkraft XRider 2 i-Size<\/strong> es una <strong data-start=\"274\" data-end=\"319\">silla de coche evolutiva y giratoria 360\u00b0<\/strong>, homologada bajo la normativa <strong data-start=\"350\" data-end=\"367\">i-Size (R129)<\/strong> para ni\u00f1os desde los <strong data-start=\"389\" data-end=\"422\">40 hasta los 150 cm de altura<\/strong>, es decir, desde reci\u00e9n nacido hasta los 12 a\u00f1os aprox. Un modelo dise\u00f1ado para ofrecer <strong data-start=\"511\" data-end=\"556\">m\u00e1xima seguridad, comodidad y durabilidad<\/strong> en todas las etapas del crecimiento del ni\u00f1o.<\/p>","protected":false},"featured_media":56352,"template":"","meta":[],"pwb-brand":[611],"product_cat":[159,446,451],"product_tag":[263],"class_list":{"0":"post-56339","1":"product","2":"type-product","3":"status-publish","4":"has-post-thumbnail","6":"pwb-brand-kinderkraft","7":"product_cat-sillas-de-auto","8":"product_cat-acontramarcha","9":"product_cat-grupo-0-1-2-3","10":"product_tag-be-cool","11":"pa_color-gris","12":"pa_color-negro","13":"pa_color-verde","14":"tm-no-options","16":"first","17":"instock","18":"sale","19":"taxable","20":"shipping-taxable","21":"purchasable","22":"product-type-variable","23":"wvs-archive-product-wrapper"},"yoast_head":"<!-- This site is optimized with the Yoast SEO plugin v26.9 - https:\/\/yoast.com\/product\/yoast-seo-wordpress\/ -->\n<title>Silla Coche Kinderkraft Xrider 2 - Dede el Nacimiento hasta 150cm - Centrobeb\u00e9<\/title>\n<meta name=\"description\" content=\"Silla Coche Kinderkraft Xrider2, silla para coche de bebes desde el nacimiento hasta 150cm, giratoria con pata de apoyo. Al mejor precio online.\" \/>\n<meta name=\"robots\" content=\"index, follow, max-snippet:-1, max-image-preview:large, max-video-preview:-1\" \/>\n<link rel=\"canonical\" href=\"https:\/\/centrobebe.es\/en\/shop\/centrobebe\/el-viaje\/sillas-de-auto\/acontramarcha\/silla-coche-kinderkraft-xrider-2-40-150cm\/\" \/>\n<meta property=\"og:locale\" content=\"en_GB\" \/>\n<meta property=\"og:type\" content=\"article\" \/>\n<meta property=\"og:title\" content=\"Silla Coche Kinderkraft Xrider 2 - Dede el Nacimiento hasta 150cm - Centrobeb\u00e9\" \/>\n<meta property=\"og:description\" content=\"Silla Coche Kinderkraft Xrider2, silla para coche de bebes desde el nacimiento hasta 150cm, giratoria con pata de apoyo. Al mejor precio online.\" \/>\n<meta property=\"og:url\" content=\"https:\/\/centrobebe.es\/en\/shop\/centrobebe\/el-viaje\/sillas-de-auto\/acontramarcha\/silla-coche-kinderkraft-xrider-2-40-150cm\/\" \/>\n<meta property=\"og:site_name\" content=\"Centrobeb\u00e9\" \/>\n<meta property=\"article:publisher\" content=\"https:\/\/www.facebook.com\/centrobebe\/\" \/>\n<meta property=\"article:modified_time\" content=\"2026-03-18T11:40:41+00:00\" \/>\n<meta property=\"og:image\" content=\"https:\/\/centrobebe.es\/wp-content\/uploads\/2025\/09\/e60a3c01-88ad-4ab9-a13d-e0eff8707436.jpg\" \/>\n\t<meta property=\"og:image:width\" content=\"700\" \/>\n\t<meta property=\"og:image:height\" content=\"700\" \/>\n\t<meta property=\"og:image:type\" content=\"image\/jpeg\" \/>\n<meta name=\"twitter:card\" content=\"summary_large_image\" \/>\n<meta name=\"twitter:site\" content=\"@centrobebe\" \/>\n<meta name=\"twitter:label1\" content=\"Estimated reading time\" \/>\n\t<meta name=\"twitter:data1\" content=\"3 minutes\" \/>\n<script type=\"application\/ld+json\" class=\"yoast-schema-graph\">{\"@context\":\"https:\/\/schema.org\",\"@graph\":[{\"@type\":\"WebPage\",\"@id\":\"https:\/\/centrobebe.es\/shop\/centrobebe\/el-viaje\/sillas-de-auto\/acontramarcha\/silla-coche-kinderkraft-xrider-2-40-150cm\/\",\"url\":\"https:\/\/centrobebe.es\/shop\/centrobebe\/el-viaje\/sillas-de-auto\/acontramarcha\/silla-coche-kinderkraft-xrider-2-40-150cm\/\",\"name\":\"Silla Coche Kinderkraft Xrider 2 - Dede el Nacimiento hasta 150cm - Centrobeb\u00e9\",\"isPartOf\":{\"@id\":\"https:\/\/centrobebe.es\/#website\"},\"primaryImageOfPage\":{\"@id\":\"https:\/\/centrobebe.es\/shop\/centrobebe\/el-viaje\/sillas-de-auto\/acontramarcha\/silla-coche-kinderkraft-xrider-2-40-150cm\/#primaryimage\"},\"image\":{\"@id\":\"https:\/\/centrobebe.es\/shop\/centrobebe\/el-viaje\/sillas-de-auto\/acontramarcha\/silla-coche-kinderkraft-xrider-2-40-150cm\/#primaryimage\"},\"thumbnailUrl\":\"https:\/\/centrobebe.es\/wp-content\/uploads\/2025\/09\/e60a3c01-88ad-4ab9-a13d-e0eff8707436.jpg\",\"datePublished\":\"2025-09-09T16:17:41+00:00\",\"dateModified\":\"2026-03-18T11:40:41+00:00\",\"description\":\"Silla Coche Kinderkraft Xrider2, silla para coche de bebes desde el nacimiento hasta 150cm, giratoria con pata de apoyo. Al mejor precio online.\",\"breadcrumb\":{\"@id\":\"https:\/\/centrobebe.es\/shop\/centrobebe\/el-viaje\/sillas-de-auto\/acontramarcha\/silla-coche-kinderkraft-xrider-2-40-150cm\/#breadcrumb\"},\"inLanguage\":\"en-GB\",\"potentialAction\":[{\"@type\":\"ReadAction\",\"target\":[\"https:\/\/centrobebe.es\/shop\/centrobebe\/el-viaje\/sillas-de-auto\/acontramarcha\/silla-coche-kinderkraft-xrider-2-40-150cm\/\"]}]},{\"@type\":\"ImageObject\",\"inLanguage\":\"en-GB\",\"@id\":\"https:\/\/centrobebe.es\/shop\/centrobebe\/el-viaje\/sillas-de-auto\/acontramarcha\/silla-coche-kinderkraft-xrider-2-40-150cm\/#primaryimage\",\"url\":\"https:\/\/centrobebe.es\/wp-content\/uploads\/2025\/09\/e60a3c01-88ad-4ab9-a13d-e0eff8707436.jpg\",\"contentUrl\":\"https:\/\/centrobebe.es\/wp-content\/uploads\/2025\/09\/e60a3c01-88ad-4ab9-a13d-e0eff8707436.jpg\",\"width\":700,\"height\":700,\"caption\":\"silla auto kinderkraft xrider 2\"},{\"@type\":\"BreadcrumbList\",\"@id\":\"https:\/\/centrobebe.es\/shop\/centrobebe\/el-viaje\/sillas-de-auto\/acontramarcha\/silla-coche-kinderkraft-xrider-2-40-150cm\/#breadcrumb\",\"itemListElement\":[{\"@type\":\"ListItem\",\"position\":1,\"name\":\"Portada\",\"item\":\"https:\/\/centrobebe.es\/\"},{\"@type\":\"ListItem\",\"position\":2,\"name\":\"Shop\",\"item\":\"https:\/\/centrobebe.es\/shop\/\"},{\"@type\":\"ListItem\",\"position\":3,\"name\":\"Silla Coche kinderkraft XRIDER 2 40-150cm\"}]},{\"@type\":\"WebSite\",\"@id\":\"https:\/\/centrobebe.es\/#website\",\"url\":\"https:\/\/centrobebe.es\/\",\"name\":\"Centrobeb\u00e9\",\"description\":\"Tienda de bebe online | Todo lo que tu bebe necesita\",\"publisher\":{\"@id\":\"https:\/\/centrobebe.es\/#organization\"},\"alternateName\":\"Centrobeb\u00e9\",\"potentialAction\":[{\"@type\":\"SearchAction\",\"target\":{\"@type\":\"EntryPoint\",\"urlTemplate\":\"https:\/\/centrobebe.es\/?s={search_term_string}\"},\"query-input\":{\"@type\":\"PropertyValueSpecification\",\"valueRequired\":true,\"valueName\":\"search_term_string\"}}],\"inLanguage\":\"en-GB\"},{\"@type\":\"Organization\",\"@id\":\"https:\/\/centrobebe.es\/#organization\",\"name\":\"Centrobebe\",\"alternateName\":\"Centrobebe\",\"url\":\"https:\/\/centrobebe.es\/\",\"logo\":{\"@type\":\"ImageObject\",\"inLanguage\":\"en-GB\",\"@id\":\"https:\/\/centrobebe.es\/#\/schema\/logo\/image\/\",\"url\":\"https:\/\/centrobebe.es\/wp-content\/uploads\/2018\/06\/icono3-e1557940133982.png\",\"contentUrl\":\"https:\/\/centrobebe.es\/wp-content\/uploads\/2018\/06\/icono3-e1557940133982.png\",\"width\":34,\"height\":29,\"caption\":\"Centrobebe\"},\"image\":{\"@id\":\"https:\/\/centrobebe.es\/#\/schema\/logo\/image\/\"},\"sameAs\":[\"https:\/\/www.facebook.com\/centrobebe\/\",\"https:\/\/x.com\/centrobebe\",\"https:\/\/www.instagram.com\/centrobebe.es\/\",\"https:\/\/www.youtube.com\/channel\/UCVU-jcFuwntnxOhxvSbf3hg\"]}]}<\/script>\n<!-- \/ Yoast SEO plugin. -->","yoast_head_json":{"title":"Silla Coche Kinderkraft Xrider 2 - Dede el Nacimiento hasta 150cm - Centrobeb\u00e9","description":"Silla Coche Kinderkraft Xrider2, silla para coche de bebes desde el nacimiento hasta 150cm, giratoria con pata de apoyo. Al mejor precio online.","robots":{"index":"index","follow":"follow","max-snippet":"max-snippet:-1","max-image-preview":"max-image-preview:large","max-video-preview":"max-video-preview:-1"},"canonical":"https:\/\/centrobebe.es\/en\/shop\/centrobebe\/el-viaje\/sillas-de-auto\/acontramarcha\/silla-coche-kinderkraft-xrider-2-40-150cm\/","og_locale":"en_GB","og_type":"article","og_title":"Silla Coche Kinderkraft Xrider 2 - Dede el Nacimiento hasta 150cm - Centrobeb\u00e9","og_description":"Silla Coche Kinderkraft Xrider2, silla para coche de bebes desde el nacimiento hasta 150cm, giratoria con pata de apoyo. Al mejor precio online.","og_url":"https:\/\/centrobebe.es\/en\/shop\/centrobebe\/el-viaje\/sillas-de-auto\/acontramarcha\/silla-coche-kinderkraft-xrider-2-40-150cm\/","og_site_name":"Centrobeb\u00e9","article_publisher":"https:\/\/www.facebook.com\/centrobebe\/","article_modified_time":"2026-03-18T11:40:41+00:00","og_image":[{"width":700,"height":700,"url":"https:\/\/centrobebe.es\/wp-content\/uploads\/2025\/09\/e60a3c01-88ad-4ab9-a13d-e0eff8707436.jpg","type":"image\/jpeg"}],"twitter_card":"summary_large_image","twitter_site":"@centrobebe","twitter_misc":{"Estimated reading time":"3 minutes"},"schema":{"@context":"https:\/\/schema.org","@graph":[{"@type":"WebPage","@id":"https:\/\/centrobebe.es\/shop\/centrobebe\/el-viaje\/sillas-de-auto\/acontramarcha\/silla-coche-kinderkraft-xrider-2-40-150cm\/","url":"https:\/\/centrobebe.es\/shop\/centrobebe\/el-viaje\/sillas-de-auto\/acontramarcha\/silla-coche-kinderkraft-xrider-2-40-150cm\/","name":"Silla Coche Kinderkraft Xrider 2 - Dede el Nacimiento hasta 150cm - Centrobeb\u00e9","isPartOf":{"@id":"https:\/\/centrobebe.es\/#website"},"primaryImageOfPage":{"@id":"https:\/\/centrobebe.es\/shop\/centrobebe\/el-viaje\/sillas-de-auto\/acontramarcha\/silla-coche-kinderkraft-xrider-2-40-150cm\/#primaryimage"},"image":{"@id":"https:\/\/centrobebe.es\/shop\/centrobebe\/el-viaje\/sillas-de-auto\/acontramarcha\/silla-coche-kinderkraft-xrider-2-40-150cm\/#primaryimage"},"thumbnailUrl":"https:\/\/centrobebe.es\/wp-content\/uploads\/2025\/09\/e60a3c01-88ad-4ab9-a13d-e0eff8707436.jpg","datePublished":"2025-09-09T16:17:41+00:00","dateModified":"2026-03-18T11:40:41+00:00","description":"Silla Coche Kinderkraft Xrider2, silla para coche de bebes desde el nacimiento hasta 150cm, giratoria con pata de apoyo. Al mejor precio online.","breadcrumb":{"@id":"https:\/\/centrobebe.es\/shop\/centrobebe\/el-viaje\/sillas-de-auto\/acontramarcha\/silla-coche-kinderkraft-xrider-2-40-150cm\/#breadcrumb"},"inLanguage":"en-GB","potentialAction":[{"@type":"ReadAction","target":["https:\/\/centrobebe.es\/shop\/centrobebe\/el-viaje\/sillas-de-auto\/acontramarcha\/silla-coche-kinderkraft-xrider-2-40-150cm\/"]}]},{"@type":"ImageObject","inLanguage":"en-GB","@id":"https:\/\/centrobebe.es\/shop\/centrobebe\/el-viaje\/sillas-de-auto\/acontramarcha\/silla-coche-kinderkraft-xrider-2-40-150cm\/#primaryimage","url":"https:\/\/centrobebe.es\/wp-content\/uploads\/2025\/09\/e60a3c01-88ad-4ab9-a13d-e0eff8707436.jpg","contentUrl":"https:\/\/centrobebe.es\/wp-content\/uploads\/2025\/09\/e60a3c01-88ad-4ab9-a13d-e0eff8707436.jpg","width":700,"height":700,"caption":"silla auto kinderkraft xrider 2"},{"@type":"BreadcrumbList","@id":"https:\/\/centrobebe.es\/shop\/centrobebe\/el-viaje\/sillas-de-auto\/acontramarcha\/silla-coche-kinderkraft-xrider-2-40-150cm\/#breadcrumb","itemListElement":[{"@type":"ListItem","position":1,"name":"Portada","item":"https:\/\/centrobebe.es\/"},{"@type":"ListItem","position":2,"name":"Shop","item":"https:\/\/centrobebe.es\/shop\/"},{"@type":"ListItem","position":3,"name":"Silla Coche kinderkraft XRIDER 2 40-150cm"}]},{"@type":"WebSite","@id":"https:\/\/centrobebe.es\/#website","url":"https:\/\/centrobebe.es\/","name":"Centrobeb\u00e9","description":"Tienda de bebe online | Todo lo que tu bebe necesita","publisher":{"@id":"https:\/\/centrobebe.es\/#organization"},"alternateName":"Centrobeb\u00e9","potentialAction":[{"@type":"SearchAction","target":{"@type":"EntryPoint","urlTemplate":"https:\/\/centrobebe.es\/?s={search_term_string}"},"query-input":{"@type":"PropertyValueSpecification","valueRequired":true,"valueName":"search_term_string"}}],"inLanguage":"en-GB"},{"@type":"Organization","@id":"https:\/\/centrobebe.es\/#organization","name":"Centrobebe","alternateName":"Centrobebe","url":"https:\/\/centrobebe.es\/","logo":{"@type":"ImageObject","inLanguage":"en-GB","@id":"https:\/\/centrobebe.es\/#\/schema\/logo\/image\/","url":"https:\/\/centrobebe.es\/wp-content\/uploads\/2018\/06\/icono3-e1557940133982.png","contentUrl":"https:\/\/centrobebe.es\/wp-content\/uploads\/2018\/06\/icono3-e1557940133982.png","width":34,"height":29,"caption":"Centrobebe"},"image":{"@id":"https:\/\/centrobebe.es\/#\/schema\/logo\/image\/"},"sameAs":["https:\/\/www.facebook.com\/centrobebe\/","https:\/\/x.com\/centrobebe","https:\/\/www.instagram.com\/centrobebe.es\/","https:\/\/www.youtube.com\/channel\/UCVU-jcFuwntnxOhxvSbf3hg"]}]}},"brands":[{"id":611,"name":"Kinderkraft","slug":"kinderkraft"}],"_links":{"self":[{"href":"https:\/\/centrobebe.es\/en\/wp-json\/wp\/v2\/product\/56339","targetHints":{"allow":["GET"]}}],"collection":[{"href":"https:\/\/centrobebe.es\/en\/wp-json\/wp\/v2\/product"}],"about":[{"href":"https:\/\/centrobebe.es\/en\/wp-json\/wp\/v2\/types\/product"}],"version-history":[{"count":2,"href":"https:\/\/centrobebe.es\/en\/wp-json\/wp\/v2\/product\/56339\/revisions"}],"predecessor-version":[{"id":56358,"href":"https:\/\/centrobebe.es\/en\/wp-json\/wp\/v2\/product\/56339\/revisions\/56358"}],"wp:featuredmedia":[{"embeddable":true,"href":"https:\/\/centrobebe.es\/en\/wp-json\/wp\/v2\/media\/56352"}],"wp:attachment":[{"href":"https:\/\/centrobebe.es\/en\/wp-json\/wp\/v2\/media?parent=56339"}],"wp:term":[{"taxonomy":"pwb-brand","embeddable":true,"href":"https:\/\/centrobebe.es\/en\/wp-json\/wp\/v2\/pwb-brand?post=56339"},{"taxonomy":"product_cat","embeddable":true,"href":"https:\/\/centrobebe.es\/en\/wp-json\/wp\/v2\/product_cat?post=56339"},{"taxonomy":"product_tag","embeddable":true,"href":"https:\/\/centrobebe.es\/en\/wp-json\/wp\/v2\/product_tag?post=56339"}],"curies":[{"name":"wp","href":"https:\/\/api.w.org\/{rel}","templated":true}]}}